{"id":16258,"date":"2024-12-31T02:46:54","date_gmt":"2024-12-30T23:46:54","guid":{"rendered":"https:\/\/akerkimya.com\/eticaret\/?post_type=product&#038;p=16258"},"modified":"2026-03-30T02:23:47","modified_gmt":"2026-03-29T23:23:47","slug":"kys-ajan","status":"publish","type":"product","link":"https:\/\/akerkimya.com\/eticaret\/urun\/kys-ajan\/","title":{"rendered":"KYS AJAN"},"content":{"rendered":"<h1>KYS AJAN<\/h1>\n<p><strong>Kys Ajan, yap\u0131 kimyasallar\u0131nda mukavemet artt\u0131r\u0131c\u0131, open time artt\u0131r\u0131c\u0131 ve kayma engelleyici olarak kullan\u0131l\u0131r. Malzemenin kolay \u00e7al\u0131\u015fmas\u0131n\u0131 sa\u011flar.<\/strong><\/p>\n<p><strong>KULLANIM ALANLARI<\/strong><\/p>\n<p><strong>Betonda ayn\u0131 i\u015flerlikte olmak \u015fart\u0131yla su\/\u00e7imento oran\u0131n\u0131 azaltarak daha y\u00fcksek mukavemet sa\u011flamak i\u00e7in kullan\u0131l\u0131r.<\/strong><\/p>\n<p><strong>Belirli bir beton bile\u015fiminde k\u0131vam\u0131 de\u011fi\u015ftirmeden su miktar\u0131n\u0131n y\u00fcksek oranda azalmas\u0131n\u0131 sa\u011flayan veya su miktar\u0131 de\u011fi\u015fmeden \u00e7\u00f6kmeyi\/yay\u0131lmay\u0131 art\u0131ran veya her iki etkiyi birlikte olu\u015fturan kimyasal katk\u0131.<\/strong><\/p>\n<p><strong>KYS AJAN, k\u00fctle betonlar\u0131nda hidratasyon \u0131s\u0131s\u0131n\u0131 d\u00fc\u015f\u00fcrmek amac\u0131yla \u00e7imento miktar\u0131n\u0131n azalt\u0131lmas\u0131 durumunda ayn\u0131 i\u015flenirli\u011fi sa\u011flamak amac\u0131yla kullan\u0131l\u0131r.<\/strong><\/p>\n<p><strong>KYS AJAN, katk\u0131n\u0131n bu \u015fekilde kullan\u0131lmas\u0131 ayn\u0131 zamanda daha ekonomik bir beton \u00fcretimi sa\u011flamas\u0131 anlam\u0131na gelmektedir.<\/strong><\/p>\n<p><strong>Betonun ula\u015f\u0131lamayan yerlerde daha kolay yerle\u015fmesini sa\u011flayarak i\u015flenirli\u011fini artt\u0131rmak i\u00e7in kullan\u0131l\u0131r.<\/strong><\/p>\n<p><strong>KYS AJAN, yap\u0131 kimyasallar\u0131 malzemelerinde malzemenin i\u015flenirlili\u011fini artt\u0131rmak amac\u0131yla kullan\u0131l\u0131r.<\/strong><\/p>\n<p><strong>Ak\u0131\u015fkanla\u015ft\u0131r\u0131c\u0131 kimyasallar \u00e7imento esasl\u0131 yap\u0131 kimyasallar\u0131 malzemelerinde topakla\u015fmay\u0131 \u00f6nlemeleri ve ayn\u0131 zamanda tanelerin birbirleri \u00fczerinde kaymalar\u0131n\u0131 kolayla\u015ft\u0131rd\u0131klar\u0131ndan ya\u011flay\u0131c\u0131 etki g\u00f6stermeleri, betonun i\u00e7 s\u00fcrt\u00fcnmesini azalt\u0131r, bu da betonun i\u015flenebilme yetene\u011finin artmas\u0131na neden olmaktad\u0131r.<\/strong><\/p>\n<p><strong>AMBALAJ<\/strong><\/p>\n<p><strong>1-5-25 kg torbalar halinde<\/strong><\/p>\n<p><strong>\u00a0<\/strong><\/p>\n<p><strong>\u00a0DEPOLAMA<\/strong><\/p>\n<p><strong>G\u00fcne\u015f \u0131\u015f\u0131\u011f\u0131na temas etmeyen kuru ve serin yerlerde muhafaza ediniz.<\/strong><\/p>\n<p><strong>\u00a0<\/strong><\/p>\n<p><strong>\u00a0<\/strong><\/p>\n","protected":false},"excerpt":{"rendered":"<p>KYS AJAN Kys Ajan, yap\u0131 kimyasallar\u0131nda mukavemet artt\u0131r\u0131c\u0131, open time artt\u0131r\u0131c\u0131 ve kayma engelleyici olarak kullan\u0131l\u0131r. Malzemenin kolay \u00e7al\u0131\u015fmas\u0131n\u0131 sa\u011flar.<\/p>\n","protected":false},"featured_media":16259,"comment_status":"open","ping_status":"closed","template":"","meta":{"_joinchat":[]},"product_cat":[70],"product_tag":[],"class_list":{"0":"post-16258","1":"product","2":"type-product","3":"status-publish","4":"has-post-thumbnail","6":"product_cat-boya-ve-yapi-kimyasallar","8":"first","9":"instock","10":"shipping-taxable","11":"purchasable","12":"product-type-variable"},"yoast_head":"<!-- This site is optimized with the Yoast SEO Premium plugin v20.2.1 (Yoast SEO v20.2.1) - https:\/\/yoast.com\/wordpress\/plugins\/seo\/ -->\n<title>KYS AJAN - Akerkimya<\/title>\n<meta name=\"robots\" content=\"index, follow, max-snippet:-1, max-image-preview:large, max-video-preview:-1\" \/>\n<link rel=\"canonical\" href=\"https:\/\/akerkimya.com\/eticaret\/urun\/kys-ajan\/\" \/>\n<meta property=\"og:locale\" content=\"tr_TR\" \/>\n<meta property=\"og:type\" content=\"article\" \/>\n<meta property=\"og:title\" content=\"KYS AJAN\" \/>\n<meta property=\"og:description\" content=\"KYS AJAN Kys Ajan, yap\u0131 kimyasallar\u0131nda mukavemet artt\u0131r\u0131c\u0131, open time artt\u0131r\u0131c\u0131 ve kayma engelleyici olarak kullan\u0131l\u0131r. Malzemenin kolay \u00e7al\u0131\u015fmas\u0131n\u0131 sa\u011flar.\" \/>\n<meta property=\"og:url\" content=\"https:\/\/akerkimya.com\/eticaret\/urun\/kys-ajan\/\" \/>\n<meta property=\"og:site_name\" content=\"Akerkimya\" \/>\n<meta property=\"article:modified_time\" content=\"2026-03-29T23:23:47+00:00\" \/>\n<meta property=\"og:image\" content=\"https:\/\/akerkimya.com\/eticaret\/wp-content\/uploads\/2024\/12\/KYS-AJAN-GUNCEL-.png\" \/>\n\t<meta property=\"og:image:width\" content=\"1000\" \/>\n\t<meta property=\"og:image:height\" content=\"1000\" \/>\n\t<meta property=\"og:image:type\" content=\"image\/png\" \/>\n<meta name=\"twitter:card\" content=\"summary_large_image\" \/>\n<meta name=\"twitter:label1\" content=\"Tahmini okuma s\u00fcresi\" \/>\n\t<meta name=\"twitter:data1\" content=\"1 dakika\" \/>\n<script type=\"application\/ld+json\" class=\"yoast-schema-graph\">{\"@context\":\"https:\/\/schema.org\",\"@graph\":[{\"@type\":\"WebPage\",\"@id\":\"https:\/\/akerkimya.com\/eticaret\/urun\/kys-ajan\/\",\"url\":\"https:\/\/akerkimya.com\/eticaret\/urun\/kys-ajan\/\",\"name\":\"KYS AJAN - Akerkimya\",\"isPartOf\":{\"@id\":\"https:\/\/akerkimya.com\/eticaret\/#website\"},\"datePublished\":\"2024-12-30T23:46:54+00:00\",\"dateModified\":\"2026-03-29T23:23:47+00:00\",\"breadcrumb\":{\"@id\":\"https:\/\/akerkimya.com\/eticaret\/urun\/kys-ajan\/#breadcrumb\"},\"inLanguage\":\"tr\",\"potentialAction\":[{\"@type\":\"ReadAction\",\"target\":[\"https:\/\/akerkimya.com\/eticaret\/urun\/kys-ajan\/\"]}]},{\"@type\":\"BreadcrumbList\",\"@id\":\"https:\/\/akerkimya.com\/eticaret\/urun\/kys-ajan\/#breadcrumb\",\"itemListElement\":[{\"@type\":\"ListItem\",\"position\":1,\"name\":\"Home\",\"item\":\"https:\/\/akerkimya.com\/eticaret\/\"},{\"@type\":\"ListItem\",\"position\":2,\"name\":\"Market\",\"item\":\"https:\/\/akerkimya.com\/eticaret\/market\/\"},{\"@type\":\"ListItem\",\"position\":3,\"name\":\"KYS AJAN\"}]},{\"@type\":\"WebSite\",\"@id\":\"https:\/\/akerkimya.com\/eticaret\/#website\",\"url\":\"https:\/\/akerkimya.com\/eticaret\/\",\"name\":\"Akerkimya\",\"description\":\"\",\"potentialAction\":[{\"@type\":\"SearchAction\",\"target\":{\"@type\":\"EntryPoint\",\"urlTemplate\":\"https:\/\/akerkimya.com\/eticaret\/?s={search_term_string}\"},\"query-input\":\"required name=search_term_string\"}],\"inLanguage\":\"tr\"}]}<\/script>\n<!-- \/ Yoast SEO Premium plugin. -->","yoast_head_json":{"title":"KYS AJAN - Akerkimya","robots":{"index":"index","follow":"follow","max-snippet":"max-snippet:-1","max-image-preview":"max-image-preview:large","max-video-preview":"max-video-preview:-1"},"canonical":"https:\/\/akerkimya.com\/eticaret\/urun\/kys-ajan\/","og_locale":"tr_TR","og_type":"article","og_title":"KYS AJAN","og_description":"KYS AJAN Kys Ajan, yap\u0131 kimyasallar\u0131nda mukavemet artt\u0131r\u0131c\u0131, open time artt\u0131r\u0131c\u0131 ve kayma engelleyici olarak kullan\u0131l\u0131r. Malzemenin kolay \u00e7al\u0131\u015fmas\u0131n\u0131 sa\u011flar.","og_url":"https:\/\/akerkimya.com\/eticaret\/urun\/kys-ajan\/","og_site_name":"Akerkimya","article_modified_time":"2026-03-29T23:23:47+00:00","og_image":[{"width":1000,"height":1000,"url":"https:\/\/akerkimya.com\/eticaret\/wp-content\/uploads\/2024\/12\/KYS-AJAN-GUNCEL-.png","type":"image\/png"}],"twitter_card":"summary_large_image","twitter_misc":{"Tahmini okuma s\u00fcresi":"1 dakika"},"schema":{"@context":"https:\/\/schema.org","@graph":[{"@type":"WebPage","@id":"https:\/\/akerkimya.com\/eticaret\/urun\/kys-ajan\/","url":"https:\/\/akerkimya.com\/eticaret\/urun\/kys-ajan\/","name":"KYS AJAN - Akerkimya","isPartOf":{"@id":"https:\/\/akerkimya.com\/eticaret\/#website"},"datePublished":"2024-12-30T23:46:54+00:00","dateModified":"2026-03-29T23:23:47+00:00","breadcrumb":{"@id":"https:\/\/akerkimya.com\/eticaret\/urun\/kys-ajan\/#breadcrumb"},"inLanguage":"tr","potentialAction":[{"@type":"ReadAction","target":["https:\/\/akerkimya.com\/eticaret\/urun\/kys-ajan\/"]}]},{"@type":"BreadcrumbList","@id":"https:\/\/akerkimya.com\/eticaret\/urun\/kys-ajan\/#breadcrumb","itemListElement":[{"@type":"ListItem","position":1,"name":"Home","item":"https:\/\/akerkimya.com\/eticaret\/"},{"@type":"ListItem","position":2,"name":"Market","item":"https:\/\/akerkimya.com\/eticaret\/market\/"},{"@type":"ListItem","position":3,"name":"KYS AJAN"}]},{"@type":"WebSite","@id":"https:\/\/akerkimya.com\/eticaret\/#website","url":"https:\/\/akerkimya.com\/eticaret\/","name":"Akerkimya","description":"","potentialAction":[{"@type":"SearchAction","target":{"@type":"EntryPoint","urlTemplate":"https:\/\/akerkimya.com\/eticaret\/?s={search_term_string}"},"query-input":"required name=search_term_string"}],"inLanguage":"tr"}]}},"_links":{"self":[{"href":"https:\/\/akerkimya.com\/eticaret\/wp-json\/wp\/v2\/product\/16258","targetHints":{"allow":["GET"]}}],"collection":[{"href":"https:\/\/akerkimya.com\/eticaret\/wp-json\/wp\/v2\/product"}],"about":[{"href":"https:\/\/akerkimya.com\/eticaret\/wp-json\/wp\/v2\/types\/product"}],"replies":[{"embeddable":true,"href":"https:\/\/akerkimya.com\/eticaret\/wp-json\/wp\/v2\/comments?post=16258"}],"version-history":[{"count":2,"href":"https:\/\/akerkimya.com\/eticaret\/wp-json\/wp\/v2\/product\/16258\/revisions"}],"predecessor-version":[{"id":16701,"href":"https:\/\/akerkimya.com\/eticaret\/wp-json\/wp\/v2\/product\/16258\/revisions\/16701"}],"wp:featuredmedia":[{"embeddable":true,"href":"https:\/\/akerkimya.com\/eticaret\/wp-json\/wp\/v2\/media\/16259"}],"wp:attachment":[{"href":"https:\/\/akerkimya.com\/eticaret\/wp-json\/wp\/v2\/media?parent=16258"}],"wp:term":[{"taxonomy":"product_cat","embeddable":true,"href":"https:\/\/akerkimya.com\/eticaret\/wp-json\/wp\/v2\/product_cat?post=16258"},{"taxonomy":"product_tag","embeddable":true,"href":"https:\/\/akerkimya.com\/eticaret\/wp-json\/wp\/v2\/product_tag?post=16258"}],"curies":[{"name":"wp","href":"https:\/\/api.w.org\/{rel}","templated":true}]}}