{"id":16264,"date":"2024-12-31T02:52:59","date_gmt":"2024-12-30T23:52:59","guid":{"rendered":"https:\/\/akerkimya.com\/eticaret\/?post_type=product&#038;p=16264"},"modified":"2026-03-30T02:23:47","modified_gmt":"2026-03-29T23:23:47","slug":"laktik-asit","status":"publish","type":"product","link":"https:\/\/akerkimya.com\/eticaret\/urun\/laktik-asit\/","title":{"rendered":"LAKT\u0130K AS\u0130T"},"content":{"rendered":"<h1>LAKT\u0130K AS\u0130T<\/h1>\n<p><strong>Laktik asit, C3H6O3 form\u00fcl\u00fcne sahip renksiz ve s\u0131v\u0131 bir formda olup s\u00fct asidi olarak da bilinen bir organik hidroksi asittir. Hem do\u011fal olarak bulunur hem de sentetik olarak \u00fcretilir. Laktik asit, hidroksil grubuna biti\u015fik karboksil grubunun olmas\u0131 nedeniyle bir alfa-hidroksi (AHA) asittir.<\/strong><\/p>\n<p><strong>\u00a0<\/strong><\/p>\n<p><strong>LAKT\u0130K AS\u0130T \u00d6ZELL\u0130KLER\u0130<\/strong><\/p>\n<p><strong>Berrak ve renksiz bir formdad\u0131r. Hafif rahats\u0131z edici bir kokusu vard\u0131r.<\/strong><\/p>\n<p><strong>Sulu \u00e7\u00f6zeltisi asidik \u00f6zelli\u011fe sahiptir.<\/strong><\/p>\n<p><strong>Baz\u0131 formlar\u0131 sar\u0131 kokulu \u015furuplu bir s\u0131v\u0131d\u0131r.<\/strong><\/p>\n<p><strong>Kararl\u0131 kimyasal maddedir.<\/strong><\/p>\n<p><strong>G\u00fc\u00e7l\u00fc oksitleyici maddeler ile uyumsuzdur. <\/strong><\/p>\n<p><strong>Yan\u0131c\u0131 bir maddedir. Bu kimyasal \u0131s\u0131t\u0131ld\u0131\u011f\u0131nda buharlar\u0131 hava ile patlay\u0131c\u0131 kar\u0131\u015f\u0131mlar olu\u015fturabilmektedir.<\/strong><\/p>\n<p><strong>Metaller ve doku i\u00e7in a\u015f\u0131nd\u0131r\u0131c\u0131 bir kimyasald\u0131r.<\/strong><\/p>\n<p><strong>\u00a0<\/strong><\/p>\n<p><strong>TEKN\u0130K \u00d6ZELL\u0130KLER\u0130<\/strong><\/p>\n<p><strong>CAS NUMARASI: 50-21-5, 79-33-4(L), 10326-41-7(D)<\/strong><\/p>\n<p><strong>CHEMSP\u0130DER: 96860<\/strong><\/p>\n<p><strong>CHEBI: 422<\/strong><\/p>\n<p><strong>ATC CODE: G01AD01,QP53AG02<\/strong><\/p>\n<p><strong>MOLEK\u00dcLER FORM\u00dcL\u00dc: C3H603<\/strong><\/p>\n<p><strong>K\u0130MYASAL ADI: Laktik Asit, Hidroksipropanoik Asit, DL-Formu, S\u00fct Asidi, L-Formu<\/strong><\/p>\n<p><strong>MOL: 90.08 g\/mol<\/strong><\/p>\n<p><strong>ER\u0130ME NOKTASI: L:53 \u00b0C D:53\u00b0C D\/L:16.8 \u00b0C<\/strong><\/p>\n<p><strong>KYNAMA NOKTASI: 122\u00b0C<\/strong><\/p>\n<p><strong>AS\u0130TL\u0130K: 3.86<\/strong><\/p>\n<p><strong>\u00a0<\/strong><\/p>\n<p><strong>KULLANIM ALANLARI<\/strong><\/p>\n<p><strong>Petrol kuyular\u0131nda kire\u00e7lenmeyi \u00f6nleyerek \u00e7\u00f6kelme ile birlikte s\u0131k\u0131\u015ft\u0131rma i\u015flemimi kullanarak petrol kuyusunun matrisine bir \u00e7\u00f6zelti g\u00f6nderilerek i\u015flem yap\u0131l\u0131r. Bu i\u015flem sonucunda petrol kuyusunun verimi art\u0131r\u0131l\u0131r.<\/strong><\/p>\n<p><strong>Pestisit olmayan mantar ila\u00e7lar\u0131n\u0131n imalat\u0131nda kullan\u0131lmaktad\u0131r.<\/strong><\/p>\n<p><strong>Laktit yap\u0131m\u0131nda kullan\u0131l\u0131r. <\/strong><\/p>\n<p><strong>Laktik asit ile asetik asit bir bile\u015fimi salatalar ve salata soslar\u0131 i\u00e7inde iyi bir koruyucu unsurdur.<\/strong><\/p>\n<p><strong>Sa\u00e7 derisinde sebumu azaltmak i\u00e7in bakterilerin \u00fcremesini engellemek ve asitli\u011fi d\u00fc\u015f\u00fcrmek i\u00e7in laktik asit kullan\u0131l\u0131r.<\/strong><\/p>\n<p><strong>End\u00fcstride, fiber, boya ve kaplama alanlar\u0131nda kullan\u0131l\u0131r.<\/strong><\/p>\n<p><strong>Tar\u0131m ila\u00e7lar\u0131nda, b\u00fcy\u00fcmeyi etkiledi\u011fi i\u00e7in laktik asit kullan\u0131m\u0131 mevcuttur.<\/strong><\/p>\n<p><strong>Laktik asit eczal\u0131k sekt\u00f6r\u00fcnde damla ve \u015furup \u015feklinde kullan\u0131lmaktad\u0131r.<\/strong><\/p>\n<p><strong>Deri tabaklama alan\u0131nda teknik dereceli laktik uzun zamand\u0131r kullan\u0131lmaktad\u0131r. Derilerin ayr\u0131\u015ft\u0131r\u0131lmas\u0131 ve bitkisel tabakalamada asitle\u015ftirici olarak kullan\u0131lmaktad\u0131r. <\/strong><\/p>\n<p><strong>Tekstil terbiye i\u015flemlerinde ve y\u00fcn\u00fcn asitle boyanmas\u0131 i\u015fleminde teknik dereceli laktik asit kullan\u0131l\u0131r.<\/strong><\/p>\n<p><strong>Yem kalitesini artt\u0131rmak i\u00e7in kullan\u0131l\u0131r.<\/strong><\/p>\n<p><strong>Topikal preparatlarda ve kozmetiklerde asitlik ayar\u0131 ve dezenfektan \u00f6zellikleri i\u00e7in kullan\u0131l\u0131r.<\/strong><\/p>\n<p><strong>G\u0131da katk\u0131 maddesi olarak aromatik \u00f6zellik katmas\u0131ndan dolay\u0131 kullan\u0131l\u0131r.<\/strong><\/p>\n<p><strong>Laktik asidin L form\u00fcl\u00fc in\u015faat sekt\u00f6r\u00fcnde betonun asitlik derecesini ayarlamada sitrik aside g\u00f6re etkisi daha uzun s\u00fcrmektedir. Bundan dolay\u0131 in\u015faat sekt\u00f6r\u00fcnde kullan\u0131l\u0131r.<\/strong><\/p>\n<p><strong>\u015eekerleme veya sert \u015fekerlerin \u00fcretiminde sitrik asit ile beraber ek\u015fi tat vermek ve tatland\u0131r\u0131c\u0131lardan kaynaklanan istenmeyen \u00f6zellikleri maskelemek i\u00e7in kullan\u0131l\u0131r.<\/strong><\/p>\n<p><strong>Petrol \u00fcretiminde \u00f6zel i\u015fleme kimyasal\u0131 olarak kullan\u0131l\u0131r. Petrol kuyular\u0131nda kullan\u0131l\u0131r.<\/strong><\/p>\n<p><strong>Kaplama maddeleri ve y\u00fczey i\u015fleme kimyasal\u0131 olarak kullan\u0131lmaktad\u0131r.<\/strong><\/p>\n<p><strong>S\u00fct \u00fcr\u00fcnlerinde asitli\u011fi ayarlamak i\u00e7in kullan\u0131l\u0131r. Asitli\u011fi d\u00fc\u015f\u00fck olan s\u00fctlerin asitli\u011fini dengelemek amac\u0131yla kullan\u0131l\u0131r.<\/strong><\/p>\n<p><strong>Biyolojik olarak bozunabilir plastik ve lifler i\u00e7in polilaktik asit olarak kullan\u0131l\u0131r.<\/strong><\/p>\n<p><strong>Bakteri ve k\u00fcf olu\u015fumunu \u00f6nlemek i\u00e7in hayvan yemlerinde \u00f6nemli bir asittir. Ph seviyesini d\u00fc\u015f\u00fcrerek etki etmektedir. Hayvanlarda ishal olu\u015fumunu engelleyici bir \u00f6zelli\u011fe sahiptir.<\/strong><\/p>\n<p><strong>Kozmetik sekt\u00f6r\u00fcnde temel makyaj malzemelerinin imalat\u0131nda kullan\u0131l\u0131r.<\/strong><\/p>\n<p><strong>Yak\u0131tlar ve yak\u0131t katk\u0131 maddelerinin \u00fcretiminde kullan\u0131l\u0131r.<\/strong><\/p>\n<p><strong>Farmas\u00f6tik alanda \u00e7e\u015fitli yollarla \u00e7\u00f6z\u00fcnmeyen aktif komponentlerden suda \u00e7\u00f6z\u00fcn\u00fcr laktatlar elde etmek amac\u0131yla kullan\u0131l\u0131r.<\/strong><\/p>\n<p><strong>Plastik ve kau\u00e7uk \u00fcr\u00fcnlerin \u00fcretiminde kullan\u0131l\u0131r.<\/strong><\/p>\n<p><strong>\u00c7ok iyi bir koruyucu \u00f6zelli\u011fe sahip olmas\u0131ndan dolay\u0131, g\u0131dalarda koruyucu olarak kullan\u0131lmaktad\u0131r. Lahana tur\u015fusu, zeytin ve sebzelik tur\u015fularda dekapaj ajanlar\u0131 olarak kullan\u0131l\u0131r. Bunun yan\u0131 s\u0131ra Ph tamponlama maddesi olarak da kullan\u0131m\u0131 mevcuttur.<\/strong><\/p>\n<p><strong>\u00a0<\/strong><\/p>\n<p><strong>AMBALAJ<\/strong><\/p>\n<p><strong>1-5-25 kg bidonlar halinde<\/strong><\/p>\n<p><strong>\u00a0<\/strong><\/p>\n<p><strong>DEPOLAMA<\/strong><\/p>\n<p><strong>Serin ve kuru bir alanda muhafaza ediniz. Temastan ka\u00e7\u0131n\u0131n.<\/strong><\/p>\n","protected":false},"excerpt":{"rendered":"<p>LAKT\u0130K AS\u0130T Laktik asit, C3H6O3 form\u00fcl\u00fcne sahip renksiz ve s\u0131v\u0131 bir formda olup s\u00fct asidi olarak da bilinen bir organik<\/p>\n","protected":false},"featured_media":16265,"comment_status":"open","ping_status":"closed","template":"","meta":{"_joinchat":[]},"product_cat":[70,73,74,76,79,81],"product_tag":[],"class_list":{"0":"post-16264","1":"product","2":"type-product","3":"status-publish","4":"has-post-thumbnail","6":"product_cat-boya-ve-yapi-kimyasallar","7":"product_cat-deri-ve-tekstil-kimyasallari","8":"product_cat-deterjan-ve-kozmetik-kimyasallari","9":"product_cat-gida-ve-katki-kimyasallari","10":"product_cat-tarim-kimyasallari","11":"product_cat-yem-katki-kimyasallari","13":"first","14":"instock","15":"shipping-taxable","16":"purchasable","17":"product-type-variable"},"yoast_head":"<!-- This site is optimized with the Yoast SEO Premium plugin v20.2.1 (Yoast SEO v20.2.1) - https:\/\/yoast.com\/wordpress\/plugins\/seo\/ -->\n<title>LAKT\u0130K AS\u0130T - Akerkimya<\/title>\n<meta name=\"robots\" content=\"index, follow, max-snippet:-1, max-image-preview:large, max-video-preview:-1\" \/>\n<link rel=\"canonical\" href=\"https:\/\/akerkimya.com\/eticaret\/urun\/laktik-asit\/\" \/>\n<meta property=\"og:locale\" content=\"tr_TR\" \/>\n<meta property=\"og:type\" content=\"article\" \/>\n<meta property=\"og:title\" content=\"LAKT\u0130K AS\u0130T\" \/>\n<meta property=\"og:description\" content=\"LAKT\u0130K AS\u0130T Laktik asit, C3H6O3 form\u00fcl\u00fcne sahip renksiz ve s\u0131v\u0131 bir formda olup s\u00fct asidi olarak da bilinen bir organik\" \/>\n<meta property=\"og:url\" content=\"https:\/\/akerkimya.com\/eticaret\/urun\/laktik-asit\/\" \/>\n<meta property=\"og:site_name\" content=\"Akerkimya\" \/>\n<meta property=\"article:modified_time\" content=\"2026-03-29T23:23:47+00:00\" \/>\n<meta property=\"og:image\" content=\"https:\/\/akerkimya.com\/eticaret\/wp-content\/uploads\/2024\/12\/LAKTIK-ASIT-GUNCEL-.png\" \/>\n\t<meta property=\"og:image:width\" content=\"1000\" \/>\n\t<meta property=\"og:image:height\" content=\"1000\" \/>\n\t<meta property=\"og:image:type\" content=\"image\/png\" \/>\n<meta name=\"twitter:card\" content=\"summary_large_image\" \/>\n<meta name=\"twitter:label1\" content=\"Tahmini okuma s\u00fcresi\" \/>\n\t<meta name=\"twitter:data1\" content=\"3 dakika\" \/>\n<script type=\"application\/ld+json\" class=\"yoast-schema-graph\">{\"@context\":\"https:\/\/schema.org\",\"@graph\":[{\"@type\":\"WebPage\",\"@id\":\"https:\/\/akerkimya.com\/eticaret\/urun\/laktik-asit\/\",\"url\":\"https:\/\/akerkimya.com\/eticaret\/urun\/laktik-asit\/\",\"name\":\"LAKT\u0130K AS\u0130T - Akerkimya\",\"isPartOf\":{\"@id\":\"https:\/\/akerkimya.com\/eticaret\/#website\"},\"datePublished\":\"2024-12-30T23:52:59+00:00\",\"dateModified\":\"2026-03-29T23:23:47+00:00\",\"breadcrumb\":{\"@id\":\"https:\/\/akerkimya.com\/eticaret\/urun\/laktik-asit\/#breadcrumb\"},\"inLanguage\":\"tr\",\"potentialAction\":[{\"@type\":\"ReadAction\",\"target\":[\"https:\/\/akerkimya.com\/eticaret\/urun\/laktik-asit\/\"]}]},{\"@type\":\"BreadcrumbList\",\"@id\":\"https:\/\/akerkimya.com\/eticaret\/urun\/laktik-asit\/#breadcrumb\",\"itemListElement\":[{\"@type\":\"ListItem\",\"position\":1,\"name\":\"Home\",\"item\":\"https:\/\/akerkimya.com\/eticaret\/\"},{\"@type\":\"ListItem\",\"position\":2,\"name\":\"Market\",\"item\":\"https:\/\/akerkimya.com\/eticaret\/market\/\"},{\"@type\":\"ListItem\",\"position\":3,\"name\":\"LAKT\u0130K AS\u0130T\"}]},{\"@type\":\"WebSite\",\"@id\":\"https:\/\/akerkimya.com\/eticaret\/#website\",\"url\":\"https:\/\/akerkimya.com\/eticaret\/\",\"name\":\"Akerkimya\",\"description\":\"\",\"potentialAction\":[{\"@type\":\"SearchAction\",\"target\":{\"@type\":\"EntryPoint\",\"urlTemplate\":\"https:\/\/akerkimya.com\/eticaret\/?s={search_term_string}\"},\"query-input\":\"required name=search_term_string\"}],\"inLanguage\":\"tr\"}]}<\/script>\n<!-- \/ Yoast SEO Premium plugin. -->","yoast_head_json":{"title":"LAKT\u0130K AS\u0130T - Akerkimya","robots":{"index":"index","follow":"follow","max-snippet":"max-snippet:-1","max-image-preview":"max-image-preview:large","max-video-preview":"max-video-preview:-1"},"canonical":"https:\/\/akerkimya.com\/eticaret\/urun\/laktik-asit\/","og_locale":"tr_TR","og_type":"article","og_title":"LAKT\u0130K AS\u0130T","og_description":"LAKT\u0130K AS\u0130T Laktik asit, C3H6O3 form\u00fcl\u00fcne sahip renksiz ve s\u0131v\u0131 bir formda olup s\u00fct asidi olarak da bilinen bir organik","og_url":"https:\/\/akerkimya.com\/eticaret\/urun\/laktik-asit\/","og_site_name":"Akerkimya","article_modified_time":"2026-03-29T23:23:47+00:00","og_image":[{"width":1000,"height":1000,"url":"https:\/\/akerkimya.com\/eticaret\/wp-content\/uploads\/2024\/12\/LAKTIK-ASIT-GUNCEL-.png","type":"image\/png"}],"twitter_card":"summary_large_image","twitter_misc":{"Tahmini okuma s\u00fcresi":"3 dakika"},"schema":{"@context":"https:\/\/schema.org","@graph":[{"@type":"WebPage","@id":"https:\/\/akerkimya.com\/eticaret\/urun\/laktik-asit\/","url":"https:\/\/akerkimya.com\/eticaret\/urun\/laktik-asit\/","name":"LAKT\u0130K AS\u0130T - Akerkimya","isPartOf":{"@id":"https:\/\/akerkimya.com\/eticaret\/#website"},"datePublished":"2024-12-30T23:52:59+00:00","dateModified":"2026-03-29T23:23:47+00:00","breadcrumb":{"@id":"https:\/\/akerkimya.com\/eticaret\/urun\/laktik-asit\/#breadcrumb"},"inLanguage":"tr","potentialAction":[{"@type":"ReadAction","target":["https:\/\/akerkimya.com\/eticaret\/urun\/laktik-asit\/"]}]},{"@type":"BreadcrumbList","@id":"https:\/\/akerkimya.com\/eticaret\/urun\/laktik-asit\/#breadcrumb","itemListElement":[{"@type":"ListItem","position":1,"name":"Home","item":"https:\/\/akerkimya.com\/eticaret\/"},{"@type":"ListItem","position":2,"name":"Market","item":"https:\/\/akerkimya.com\/eticaret\/market\/"},{"@type":"ListItem","position":3,"name":"LAKT\u0130K AS\u0130T"}]},{"@type":"WebSite","@id":"https:\/\/akerkimya.com\/eticaret\/#website","url":"https:\/\/akerkimya.com\/eticaret\/","name":"Akerkimya","description":"","potentialAction":[{"@type":"SearchAction","target":{"@type":"EntryPoint","urlTemplate":"https:\/\/akerkimya.com\/eticaret\/?s={search_term_string}"},"query-input":"required name=search_term_string"}],"inLanguage":"tr"}]}},"_links":{"self":[{"href":"https:\/\/akerkimya.com\/eticaret\/wp-json\/wp\/v2\/product\/16264","targetHints":{"allow":["GET"]}}],"collection":[{"href":"https:\/\/akerkimya.com\/eticaret\/wp-json\/wp\/v2\/product"}],"about":[{"href":"https:\/\/akerkimya.com\/eticaret\/wp-json\/wp\/v2\/types\/product"}],"replies":[{"embeddable":true,"href":"https:\/\/akerkimya.com\/eticaret\/wp-json\/wp\/v2\/comments?post=16264"}],"version-history":[{"count":3,"href":"https:\/\/akerkimya.com\/eticaret\/wp-json\/wp\/v2\/product\/16264\/revisions"}],"predecessor-version":[{"id":16700,"href":"https:\/\/akerkimya.com\/eticaret\/wp-json\/wp\/v2\/product\/16264\/revisions\/16700"}],"wp:featuredmedia":[{"embeddable":true,"href":"https:\/\/akerkimya.com\/eticaret\/wp-json\/wp\/v2\/media\/16265"}],"wp:attachment":[{"href":"https:\/\/akerkimya.com\/eticaret\/wp-json\/wp\/v2\/media?parent=16264"}],"wp:term":[{"taxonomy":"product_cat","embeddable":true,"href":"https:\/\/akerkimya.com\/eticaret\/wp-json\/wp\/v2\/product_cat?post=16264"},{"taxonomy":"product_tag","embeddable":true,"href":"https:\/\/akerkimya.com\/eticaret\/wp-json\/wp\/v2\/product_tag?post=16264"}],"curies":[{"name":"wp","href":"https:\/\/api.w.org\/{rel}","templated":true}]}}