{"id":16275,"date":"2024-12-31T02:59:04","date_gmt":"2024-12-30T23:59:04","guid":{"rendered":"https:\/\/akerkimya.com\/eticaret\/?post_type=product&#038;p=16275"},"modified":"2026-05-05T16:35:40","modified_gmt":"2026-05-05T13:35:40","slug":"lityum-karbonat","status":"publish","type":"product","link":"https:\/\/akerkimya.com\/eticaret\/urun\/lityum-karbonat\/","title":{"rendered":"L\u0130TYUM KARBONAT"},"content":{"rendered":"<h1>L\u0130TYUM KARBONAT<\/h1>\n<p><strong>Lityum karbonat, Li<\/strong><strong>\u2082<\/strong><strong>CO<\/strong><strong>\u2083<\/strong><strong> form\u00fcll\u00fc, karbonat\u0131n lityum tuzu olan inorganik bile\u015fik. Bu beyaz tuz metal oksitleme i\u015fleminde yayg\u0131n \u015fekilde kullan\u0131l\u0131r. Priz h\u0131zland\u0131r\u0131c\u0131 olarak kullan\u0131l\u0131r.<\/strong><\/p>\n<p><strong>TEKN\u0130K \u00d6ZELL\u0130KLER\u00a0<\/strong><\/p>\n<p><strong>RENK: Beyaz<\/strong><\/p>\n<p><strong>FORM\u00dcL: L\u01302CO3<\/strong><\/p>\n<p><strong>CAS NUMARASI\u00a0 \u00a0:554-13-2<\/strong><\/p>\n<p><strong>MOLEK\u00dcL A\u011eIRLIK: 73,888g\/mol<\/strong><\/p>\n<p><strong>YO\u011eUNLUK:\u00a02,11 gr\/cm3<\/strong><\/p>\n<p><strong>ER\u0130ME NOKTASI: 723 C<\/strong><\/p>\n<p><strong>\u00a0<\/strong><\/p>\n<p><strong>KULLANIM ALANLARI<\/strong><\/p>\n<p><strong>Erken priz almas\u0131 istenen zemin uygulamalar\u0131ndaki har\u00e7larda,<\/strong><\/p>\n<p><strong>So\u011fuk havalardaki uygulamalarda harc\u0131n erken priz almas\u0131 sa\u011flanarak don tehlikesinden do\u011fabilecek olumsuz etkileri en aza indirebilmek i\u00e7in \u00fcretilen \u00f6zel har\u00e7larda,<\/strong><\/p>\n<p><strong>Lityum Karbonat, y\u00fcksek mukavemet istenen har\u00e7larda,<\/strong><\/p>\n<p><strong>Mantolama s\u0131valar\u0131 ve har\u00e7lar\u0131 gibi erken priz almas\u0131 istenen \u00fcr\u00fcnlerde,<\/strong><\/p>\n<p><strong>T\u00fcnel, k\u00f6pr\u00fc vb. yap\u0131lar\u0131n kaplama i\u015flerinde, p\u00fcsk\u00fcrtme beton uygulamalar\u0131nda betonun \u00e7ok h\u0131zl\u0131 priz almas\u0131n\u0131 sa\u011flamak amac\u0131yla kullan\u0131l\u0131r.<\/strong><\/p>\n<p><strong>Sentetik kau\u00e7uk, boyalar ve askeri savunma materyallerinin imalat\u0131nda g\u00fc\u00e7lendirici madde olarak kullan\u0131lmaktad\u0131r.<\/strong><\/p>\n<p><strong>Lityum Karbonat, \u015fizofrenide duygusal bozukluklar\u0131 iyile\u015ftirme \u00f6zelli\u011finden faydalan\u0131lmaktad\u0131r.<\/strong><\/p>\n<p><strong>Perdah i\u015flemlerini h\u0131zland\u0131rmak i\u00e7in kullan\u0131l\u0131r.<\/strong><\/p>\n<p><strong>Lityum Karbonat, pil ve bataryalarda kullan\u0131l\u0131r.<\/strong><\/p>\n<p><strong>T\u0131pta bipolar bozuklu\u011funda tedavi amac\u0131yla kullan\u0131lmaktad\u0131r.<\/strong><\/p>\n<p><strong>Sanayide proses reg\u00fclat\u00f6rleri olarak, y\u00fckseltgen ve indirgeyici ajanlar olarak kullan\u0131lmaktad\u0131r.<\/strong><\/p>\n<p><strong>Lityum Karbonat, metal oksitlemede kullan\u0131l\u0131r.<\/strong><\/p>\n<p><strong>AMBALAJ<\/strong><\/p>\n<p><strong>1-5-20 kg torbalar halinde<\/strong><\/p>\n<p><strong>\u00a0<\/strong><\/p>\n<p><strong>\u00a0DEPOLAMA<\/strong><\/p>\n<p><strong>G\u00fcne\u015f \u0131\u015f\u0131\u011f\u0131na temas etmeyen kuru ve serin yerlerde muhafaza ediniz.<\/strong><\/p>\n<p><strong>\u00a0<\/strong><\/p>\n","protected":false},"excerpt":{"rendered":"<p>L\u0130TYUM KARBONAT Lityum karbonat, Li\u2082CO\u2083 form\u00fcll\u00fc, karbonat\u0131n lityum tuzu olan inorganik bile\u015fik. Bu beyaz tuz metal oksitleme i\u015fleminde yayg\u0131n \u015fekilde<\/p>\n","protected":false},"featured_media":16276,"comment_status":"open","ping_status":"closed","template":"","meta":{"_joinchat":[]},"product_cat":[70,80],"product_tag":[],"class_list":{"0":"post-16275","1":"product","2":"type-product","3":"status-publish","4":"has-post-thumbnail","6":"product_cat-boya-ve-yapi-kimyasallar","7":"product_cat-veteriner-ve-ilac-kimyasallari","9":"first","10":"instock","11":"shipping-taxable","12":"purchasable","13":"product-type-variable"},"yoast_head":"<!-- This site is optimized with the Yoast SEO Premium plugin v20.2.1 (Yoast SEO v20.2.1) - https:\/\/yoast.com\/wordpress\/plugins\/seo\/ -->\n<title>L\u0130TYUM KARBONAT - Akerkimya<\/title>\n<meta name=\"robots\" content=\"index, follow, max-snippet:-1, max-image-preview:large, max-video-preview:-1\" \/>\n<link rel=\"canonical\" href=\"https:\/\/akerkimya.com\/eticaret\/urun\/lityum-karbonat\/\" \/>\n<meta property=\"og:locale\" content=\"tr_TR\" \/>\n<meta property=\"og:type\" content=\"article\" \/>\n<meta property=\"og:title\" content=\"L\u0130TYUM KARBONAT\" \/>\n<meta property=\"og:description\" content=\"L\u0130TYUM KARBONAT Lityum karbonat, Li\u2082CO\u2083 form\u00fcll\u00fc, karbonat\u0131n lityum tuzu olan inorganik bile\u015fik. Bu beyaz tuz metal oksitleme i\u015fleminde yayg\u0131n \u015fekilde\" \/>\n<meta property=\"og:url\" content=\"https:\/\/akerkimya.com\/eticaret\/urun\/lityum-karbonat\/\" \/>\n<meta property=\"og:site_name\" content=\"Akerkimya\" \/>\n<meta property=\"article:modified_time\" content=\"2026-05-05T13:35:40+00:00\" \/>\n<meta property=\"og:image\" content=\"https:\/\/akerkimya.com\/eticaret\/wp-content\/uploads\/2024\/12\/LITYUM-KARBONAT-GUNCEL.png\" \/>\n\t<meta property=\"og:image:width\" content=\"1000\" \/>\n\t<meta property=\"og:image:height\" content=\"1000\" \/>\n\t<meta property=\"og:image:type\" content=\"image\/png\" \/>\n<meta name=\"twitter:card\" content=\"summary_large_image\" \/>\n<meta name=\"twitter:label1\" content=\"Tahmini okuma s\u00fcresi\" \/>\n\t<meta name=\"twitter:data1\" content=\"1 dakika\" \/>\n<script type=\"application\/ld+json\" class=\"yoast-schema-graph\">{\"@context\":\"https:\/\/schema.org\",\"@graph\":[{\"@type\":\"WebPage\",\"@id\":\"https:\/\/akerkimya.com\/eticaret\/urun\/lityum-karbonat\/\",\"url\":\"https:\/\/akerkimya.com\/eticaret\/urun\/lityum-karbonat\/\",\"name\":\"L\u0130TYUM KARBONAT - Akerkimya\",\"isPartOf\":{\"@id\":\"https:\/\/akerkimya.com\/eticaret\/#website\"},\"datePublished\":\"2024-12-30T23:59:04+00:00\",\"dateModified\":\"2026-05-05T13:35:40+00:00\",\"breadcrumb\":{\"@id\":\"https:\/\/akerkimya.com\/eticaret\/urun\/lityum-karbonat\/#breadcrumb\"},\"inLanguage\":\"tr\",\"potentialAction\":[{\"@type\":\"ReadAction\",\"target\":[\"https:\/\/akerkimya.com\/eticaret\/urun\/lityum-karbonat\/\"]}]},{\"@type\":\"BreadcrumbList\",\"@id\":\"https:\/\/akerkimya.com\/eticaret\/urun\/lityum-karbonat\/#breadcrumb\",\"itemListElement\":[{\"@type\":\"ListItem\",\"position\":1,\"name\":\"Home\",\"item\":\"https:\/\/akerkimya.com\/eticaret\/\"},{\"@type\":\"ListItem\",\"position\":2,\"name\":\"Market\",\"item\":\"https:\/\/akerkimya.com\/eticaret\/market\/\"},{\"@type\":\"ListItem\",\"position\":3,\"name\":\"L\u0130TYUM KARBONAT\"}]},{\"@type\":\"WebSite\",\"@id\":\"https:\/\/akerkimya.com\/eticaret\/#website\",\"url\":\"https:\/\/akerkimya.com\/eticaret\/\",\"name\":\"Akerkimya\",\"description\":\"\",\"potentialAction\":[{\"@type\":\"SearchAction\",\"target\":{\"@type\":\"EntryPoint\",\"urlTemplate\":\"https:\/\/akerkimya.com\/eticaret\/?s={search_term_string}\"},\"query-input\":\"required name=search_term_string\"}],\"inLanguage\":\"tr\"}]}<\/script>\n<!-- \/ Yoast SEO Premium plugin. -->","yoast_head_json":{"title":"L\u0130TYUM KARBONAT - Akerkimya","robots":{"index":"index","follow":"follow","max-snippet":"max-snippet:-1","max-image-preview":"max-image-preview:large","max-video-preview":"max-video-preview:-1"},"canonical":"https:\/\/akerkimya.com\/eticaret\/urun\/lityum-karbonat\/","og_locale":"tr_TR","og_type":"article","og_title":"L\u0130TYUM KARBONAT","og_description":"L\u0130TYUM KARBONAT Lityum karbonat, Li\u2082CO\u2083 form\u00fcll\u00fc, karbonat\u0131n lityum tuzu olan inorganik bile\u015fik. Bu beyaz tuz metal oksitleme i\u015fleminde yayg\u0131n \u015fekilde","og_url":"https:\/\/akerkimya.com\/eticaret\/urun\/lityum-karbonat\/","og_site_name":"Akerkimya","article_modified_time":"2026-05-05T13:35:40+00:00","og_image":[{"width":1000,"height":1000,"url":"https:\/\/akerkimya.com\/eticaret\/wp-content\/uploads\/2024\/12\/LITYUM-KARBONAT-GUNCEL.png","type":"image\/png"}],"twitter_card":"summary_large_image","twitter_misc":{"Tahmini okuma s\u00fcresi":"1 dakika"},"schema":{"@context":"https:\/\/schema.org","@graph":[{"@type":"WebPage","@id":"https:\/\/akerkimya.com\/eticaret\/urun\/lityum-karbonat\/","url":"https:\/\/akerkimya.com\/eticaret\/urun\/lityum-karbonat\/","name":"L\u0130TYUM KARBONAT - Akerkimya","isPartOf":{"@id":"https:\/\/akerkimya.com\/eticaret\/#website"},"datePublished":"2024-12-30T23:59:04+00:00","dateModified":"2026-05-05T13:35:40+00:00","breadcrumb":{"@id":"https:\/\/akerkimya.com\/eticaret\/urun\/lityum-karbonat\/#breadcrumb"},"inLanguage":"tr","potentialAction":[{"@type":"ReadAction","target":["https:\/\/akerkimya.com\/eticaret\/urun\/lityum-karbonat\/"]}]},{"@type":"BreadcrumbList","@id":"https:\/\/akerkimya.com\/eticaret\/urun\/lityum-karbonat\/#breadcrumb","itemListElement":[{"@type":"ListItem","position":1,"name":"Home","item":"https:\/\/akerkimya.com\/eticaret\/"},{"@type":"ListItem","position":2,"name":"Market","item":"https:\/\/akerkimya.com\/eticaret\/market\/"},{"@type":"ListItem","position":3,"name":"L\u0130TYUM KARBONAT"}]},{"@type":"WebSite","@id":"https:\/\/akerkimya.com\/eticaret\/#website","url":"https:\/\/akerkimya.com\/eticaret\/","name":"Akerkimya","description":"","potentialAction":[{"@type":"SearchAction","target":{"@type":"EntryPoint","urlTemplate":"https:\/\/akerkimya.com\/eticaret\/?s={search_term_string}"},"query-input":"required name=search_term_string"}],"inLanguage":"tr"}]}},"_links":{"self":[{"href":"https:\/\/akerkimya.com\/eticaret\/wp-json\/wp\/v2\/product\/16275","targetHints":{"allow":["GET"]}}],"collection":[{"href":"https:\/\/akerkimya.com\/eticaret\/wp-json\/wp\/v2\/product"}],"about":[{"href":"https:\/\/akerkimya.com\/eticaret\/wp-json\/wp\/v2\/types\/product"}],"replies":[{"embeddable":true,"href":"https:\/\/akerkimya.com\/eticaret\/wp-json\/wp\/v2\/comments?post=16275"}],"version-history":[{"count":3,"href":"https:\/\/akerkimya.com\/eticaret\/wp-json\/wp\/v2\/product\/16275\/revisions"}],"predecessor-version":[{"id":21129,"href":"https:\/\/akerkimya.com\/eticaret\/wp-json\/wp\/v2\/product\/16275\/revisions\/21129"}],"wp:featuredmedia":[{"embeddable":true,"href":"https:\/\/akerkimya.com\/eticaret\/wp-json\/wp\/v2\/media\/16276"}],"wp:attachment":[{"href":"https:\/\/akerkimya.com\/eticaret\/wp-json\/wp\/v2\/media?parent=16275"}],"wp:term":[{"taxonomy":"product_cat","embeddable":true,"href":"https:\/\/akerkimya.com\/eticaret\/wp-json\/wp\/v2\/product_cat?post=16275"},{"taxonomy":"product_tag","embeddable":true,"href":"https:\/\/akerkimya.com\/eticaret\/wp-json\/wp\/v2\/product_tag?post=16275"}],"curies":[{"name":"wp","href":"https:\/\/api.w.org\/{rel}","templated":true}]}}