{"id":16281,"date":"2024-12-31T03:02:56","date_gmt":"2024-12-31T00:02:56","guid":{"rendered":"https:\/\/akerkimya.com\/eticaret\/?post_type=product&#038;p=16281"},"modified":"2026-03-30T02:23:47","modified_gmt":"2026-03-29T23:23:47","slug":"magnezyum-karbonat","status":"publish","type":"product","link":"https:\/\/akerkimya.com\/eticaret\/urun\/magnezyum-karbonat\/","title":{"rendered":"MAGNEZYUM KARBONAT"},"content":{"rendered":"<h1>MAGNEZYUM KARBONAT<\/h1>\n<p><strong>Beyaz ve kat\u0131 olan inorganik bir tuzdur. Do\u011fada magnezit mineralleri halinde bulunur.<\/strong><\/p>\n<p><strong>\u00a0<\/strong><\/p>\n<p><strong>MAGNEZYUM KARBONAT \u00d6ZELL\u0130KLER\u0130<\/strong><\/p>\n<p><strong>Antiasittir.<\/strong><\/p>\n<p><strong>Sert ve kompleks bir mineraldir.<\/strong><\/p>\n<p><strong>\u00a0<\/strong><\/p>\n<p><strong>TEKN\u0130K \u00d6ZELL\u0130KLER\u0130<\/strong><\/p>\n<p><strong>K\u0130MYASAL FORM\u00dcL\u00dc: MgCO3<\/strong><\/p>\n<p><strong>GIDA KODU: E 504<\/strong><\/p>\n<p><strong>G\u00d6R\u00dcN\u00dcM: Beyaz toz<\/strong><\/p>\n<p><strong>KOKUSU: Kokusuz<\/strong><\/p>\n<p><strong>MOLEK\u00dcL A\u011eIRLI\u011eI: 84.3 gr\/mol<\/strong><\/p>\n<p><strong>ER\u0130ME NOKTASI: 662C<\/strong><\/p>\n<p><strong>PH ARALI\u011eI: 8<\/strong><\/p>\n<p><strong>YO\u011eUNLU\u011eU: 2.95 gr\/cm3<\/strong><\/p>\n<p><strong>\u00c7\u00d6Z\u00dcNME: Suda \u00e7\u00f6z\u00fcnmez asitte k\u00f6p\u00fcr\u00fcr.<\/strong><\/p>\n<p><strong>\u00a0<\/strong><\/p>\n<p><strong>KULLANIM ALANLARI<\/strong><\/p>\n<p><strong>Kalsine edilerek magnezyum oksit \u00fcretiminde kullan\u0131l\u0131r.<\/strong><\/p>\n<p><strong>D\u00f6\u015feme, yanmazl\u0131k ve yang\u0131n s\u00f6nd\u00fcrme bile\u015fimlerinde, \u0131s\u0131 izolasyonunda kullan\u0131l\u0131r.<\/strong><\/p>\n<p><strong>Plastiklerde duman bast\u0131r\u0131c\u0131 olarak kullan\u0131l\u0131r.<\/strong><\/p>\n<p><strong>Kau\u00e7uk g\u00fc\u00e7lendirmede kullan\u0131lmaktad\u0131r.<\/strong><\/p>\n<p><strong>Kozmetikte ve di\u015f macununda kullan\u0131l\u0131r.<\/strong><\/p>\n<p><strong>Sofra tuzunda serbest akmas\u0131 i\u00e7in katk\u0131 maddesi olarak kullan\u0131l\u0131r.<\/strong><\/p>\n<p><strong>Camda katk\u0131 maddesi olarak kullan\u0131l\u0131r.<\/strong><\/p>\n<p><strong>Kaya t\u0131rman\u0131\u015f\u0131, jimnastik ve a\u011f\u0131rl\u0131k kald\u0131rmada sporcular\u0131n ellerinde kurutma maddesi olarak da kullan\u0131l\u0131r.<\/strong><\/p>\n<p><strong>G\u0131dalarda E504 ad\u0131yla ba\u011f\u0131rsaklar\u0131 gev\u015fetmek i\u00e7in m\u00fcshil olarak kullan\u0131l\u0131r.<\/strong><\/p>\n<p><strong>Mide ve ba\u011f\u0131rsak \u00fclserlerinin tedavisinde ila\u00e7 olarak kullan\u0131l\u0131r.<\/strong><\/p>\n<p><strong>Tahnit\u00e7ilikte kafatas\u0131n\u0131 beyazlatmak i\u00e7in kullan\u0131l\u0131r.<\/strong><\/p>\n<p><strong>Projeksiyon ekranlar\u0131nda mat beyaz kaplama i\u00e7in kullan\u0131l\u0131r.<\/strong><\/p>\n<p><strong>Kau\u00e7uklarda ve m\u00fcrekkeplerde kullan\u0131l\u0131r.<\/strong><\/p>\n<p><strong>Hayvan yemi ve g\u00fcbre sanayiinde kullan\u0131l\u0131r.<\/strong><\/p>\n<p><strong>\u0130ndirgeme ve y\u00fckseltme f\u0131r\u0131nlar\u0131nda astar olarak kullan\u0131l\u0131r.<\/strong><\/p>\n<p><strong>Ate\u015fe dayan\u0131kl\u0131 tu\u011fla yap\u0131m\u0131nda kullan\u0131l\u0131r.<\/strong><\/p>\n<p><strong>K\u00e2\u011f\u0131t end\u00fcstrisinde ve otomotiv ya\u011flar\u0131nda kullan\u0131l\u0131r.<\/strong><\/p>\n<p><strong>\u00a0<\/strong><\/p>\n<p><strong>AMBALAJ<\/strong><\/p>\n<p><strong>1-5-25 kg torbalar halinde<\/strong><\/p>\n<p><strong>\u00a0<\/strong><\/p>\n<p><strong>\u00a0DEPOLAMA<\/strong><\/p>\n<p><strong>G\u00fcne\u015f \u0131\u015f\u0131\u011f\u0131na temas etmeyen kuru ve serin yerlerde muhafaza ediniz.<\/strong><\/p>\n<p><strong>\u00a0<\/strong><\/p>\n","protected":false},"excerpt":{"rendered":"<p>MAGNEZYUM KARBONAT Beyaz ve kat\u0131 olan inorganik bir tuzdur. Do\u011fada magnezit mineralleri halinde bulunur. \u00a0 MAGNEZYUM KARBONAT \u00d6ZELL\u0130KLER\u0130 Antiasittir. Sert<\/p>\n","protected":false},"featured_media":16282,"comment_status":"open","ping_status":"closed","template":"","meta":{"_joinchat":[]},"product_cat":[70,72,74,80,81],"product_tag":[],"class_list":{"0":"post-16281","1":"product","2":"type-product","3":"status-publish","4":"has-post-thumbnail","6":"product_cat-boya-ve-yapi-kimyasallar","7":"product_cat-cam-ve-seramik-kimyasallari","8":"product_cat-deterjan-ve-kozmetik-kimyasallari","9":"product_cat-veteriner-ve-ilac-kimyasallari","10":"product_cat-yem-katki-kimyasallari","12":"first","13":"instock","14":"shipping-taxable","15":"purchasable","16":"product-type-variable"},"yoast_head":"<!-- This site is optimized with the Yoast SEO Premium plugin v20.2.1 (Yoast SEO v20.2.1) - https:\/\/yoast.com\/wordpress\/plugins\/seo\/ -->\n<title>MAGNEZYUM KARBONAT - Akerkimya<\/title>\n<meta name=\"robots\" content=\"index, follow, max-snippet:-1, max-image-preview:large, max-video-preview:-1\" \/>\n<link rel=\"canonical\" href=\"https:\/\/akerkimya.com\/eticaret\/urun\/magnezyum-karbonat\/\" \/>\n<meta property=\"og:locale\" content=\"tr_TR\" \/>\n<meta property=\"og:type\" content=\"article\" \/>\n<meta property=\"og:title\" content=\"MAGNEZYUM KARBONAT\" \/>\n<meta property=\"og:description\" content=\"MAGNEZYUM KARBONAT Beyaz ve kat\u0131 olan inorganik bir tuzdur. Do\u011fada magnezit mineralleri halinde bulunur. \u00a0 MAGNEZYUM KARBONAT \u00d6ZELL\u0130KLER\u0130 Antiasittir. Sert\" \/>\n<meta property=\"og:url\" content=\"https:\/\/akerkimya.com\/eticaret\/urun\/magnezyum-karbonat\/\" \/>\n<meta property=\"og:site_name\" content=\"Akerkimya\" \/>\n<meta property=\"article:modified_time\" content=\"2026-03-29T23:23:47+00:00\" \/>\n<meta property=\"og:image\" content=\"https:\/\/akerkimya.com\/eticaret\/wp-content\/uploads\/2024\/12\/MAGNEZYUM-KARBONAT-GUNCEL-.png\" \/>\n\t<meta property=\"og:image:width\" content=\"1000\" \/>\n\t<meta property=\"og:image:height\" content=\"1000\" \/>\n\t<meta property=\"og:image:type\" content=\"image\/png\" \/>\n<meta name=\"twitter:card\" content=\"summary_large_image\" \/>\n<meta name=\"twitter:label1\" content=\"Tahmini okuma s\u00fcresi\" \/>\n\t<meta name=\"twitter:data1\" content=\"1 dakika\" \/>\n<script type=\"application\/ld+json\" class=\"yoast-schema-graph\">{\"@context\":\"https:\/\/schema.org\",\"@graph\":[{\"@type\":\"WebPage\",\"@id\":\"https:\/\/akerkimya.com\/eticaret\/urun\/magnezyum-karbonat\/\",\"url\":\"https:\/\/akerkimya.com\/eticaret\/urun\/magnezyum-karbonat\/\",\"name\":\"MAGNEZYUM KARBONAT - Akerkimya\",\"isPartOf\":{\"@id\":\"https:\/\/akerkimya.com\/eticaret\/#website\"},\"datePublished\":\"2024-12-31T00:02:56+00:00\",\"dateModified\":\"2026-03-29T23:23:47+00:00\",\"breadcrumb\":{\"@id\":\"https:\/\/akerkimya.com\/eticaret\/urun\/magnezyum-karbonat\/#breadcrumb\"},\"inLanguage\":\"tr\",\"potentialAction\":[{\"@type\":\"ReadAction\",\"target\":[\"https:\/\/akerkimya.com\/eticaret\/urun\/magnezyum-karbonat\/\"]}]},{\"@type\":\"BreadcrumbList\",\"@id\":\"https:\/\/akerkimya.com\/eticaret\/urun\/magnezyum-karbonat\/#breadcrumb\",\"itemListElement\":[{\"@type\":\"ListItem\",\"position\":1,\"name\":\"Home\",\"item\":\"https:\/\/akerkimya.com\/eticaret\/\"},{\"@type\":\"ListItem\",\"position\":2,\"name\":\"Market\",\"item\":\"https:\/\/akerkimya.com\/eticaret\/market\/\"},{\"@type\":\"ListItem\",\"position\":3,\"name\":\"MAGNEZYUM KARBONAT\"}]},{\"@type\":\"WebSite\",\"@id\":\"https:\/\/akerkimya.com\/eticaret\/#website\",\"url\":\"https:\/\/akerkimya.com\/eticaret\/\",\"name\":\"Akerkimya\",\"description\":\"\",\"potentialAction\":[{\"@type\":\"SearchAction\",\"target\":{\"@type\":\"EntryPoint\",\"urlTemplate\":\"https:\/\/akerkimya.com\/eticaret\/?s={search_term_string}\"},\"query-input\":\"required name=search_term_string\"}],\"inLanguage\":\"tr\"}]}<\/script>\n<!-- \/ Yoast SEO Premium plugin. -->","yoast_head_json":{"title":"MAGNEZYUM KARBONAT - Akerkimya","robots":{"index":"index","follow":"follow","max-snippet":"max-snippet:-1","max-image-preview":"max-image-preview:large","max-video-preview":"max-video-preview:-1"},"canonical":"https:\/\/akerkimya.com\/eticaret\/urun\/magnezyum-karbonat\/","og_locale":"tr_TR","og_type":"article","og_title":"MAGNEZYUM KARBONAT","og_description":"MAGNEZYUM KARBONAT Beyaz ve kat\u0131 olan inorganik bir tuzdur. Do\u011fada magnezit mineralleri halinde bulunur. \u00a0 MAGNEZYUM KARBONAT \u00d6ZELL\u0130KLER\u0130 Antiasittir. Sert","og_url":"https:\/\/akerkimya.com\/eticaret\/urun\/magnezyum-karbonat\/","og_site_name":"Akerkimya","article_modified_time":"2026-03-29T23:23:47+00:00","og_image":[{"width":1000,"height":1000,"url":"https:\/\/akerkimya.com\/eticaret\/wp-content\/uploads\/2024\/12\/MAGNEZYUM-KARBONAT-GUNCEL-.png","type":"image\/png"}],"twitter_card":"summary_large_image","twitter_misc":{"Tahmini okuma s\u00fcresi":"1 dakika"},"schema":{"@context":"https:\/\/schema.org","@graph":[{"@type":"WebPage","@id":"https:\/\/akerkimya.com\/eticaret\/urun\/magnezyum-karbonat\/","url":"https:\/\/akerkimya.com\/eticaret\/urun\/magnezyum-karbonat\/","name":"MAGNEZYUM KARBONAT - Akerkimya","isPartOf":{"@id":"https:\/\/akerkimya.com\/eticaret\/#website"},"datePublished":"2024-12-31T00:02:56+00:00","dateModified":"2026-03-29T23:23:47+00:00","breadcrumb":{"@id":"https:\/\/akerkimya.com\/eticaret\/urun\/magnezyum-karbonat\/#breadcrumb"},"inLanguage":"tr","potentialAction":[{"@type":"ReadAction","target":["https:\/\/akerkimya.com\/eticaret\/urun\/magnezyum-karbonat\/"]}]},{"@type":"BreadcrumbList","@id":"https:\/\/akerkimya.com\/eticaret\/urun\/magnezyum-karbonat\/#breadcrumb","itemListElement":[{"@type":"ListItem","position":1,"name":"Home","item":"https:\/\/akerkimya.com\/eticaret\/"},{"@type":"ListItem","position":2,"name":"Market","item":"https:\/\/akerkimya.com\/eticaret\/market\/"},{"@type":"ListItem","position":3,"name":"MAGNEZYUM KARBONAT"}]},{"@type":"WebSite","@id":"https:\/\/akerkimya.com\/eticaret\/#website","url":"https:\/\/akerkimya.com\/eticaret\/","name":"Akerkimya","description":"","potentialAction":[{"@type":"SearchAction","target":{"@type":"EntryPoint","urlTemplate":"https:\/\/akerkimya.com\/eticaret\/?s={search_term_string}"},"query-input":"required name=search_term_string"}],"inLanguage":"tr"}]}},"_links":{"self":[{"href":"https:\/\/akerkimya.com\/eticaret\/wp-json\/wp\/v2\/product\/16281","targetHints":{"allow":["GET"]}}],"collection":[{"href":"https:\/\/akerkimya.com\/eticaret\/wp-json\/wp\/v2\/product"}],"about":[{"href":"https:\/\/akerkimya.com\/eticaret\/wp-json\/wp\/v2\/types\/product"}],"replies":[{"embeddable":true,"href":"https:\/\/akerkimya.com\/eticaret\/wp-json\/wp\/v2\/comments?post=16281"}],"version-history":[{"count":2,"href":"https:\/\/akerkimya.com\/eticaret\/wp-json\/wp\/v2\/product\/16281\/revisions"}],"predecessor-version":[{"id":16697,"href":"https:\/\/akerkimya.com\/eticaret\/wp-json\/wp\/v2\/product\/16281\/revisions\/16697"}],"wp:featuredmedia":[{"embeddable":true,"href":"https:\/\/akerkimya.com\/eticaret\/wp-json\/wp\/v2\/media\/16282"}],"wp:attachment":[{"href":"https:\/\/akerkimya.com\/eticaret\/wp-json\/wp\/v2\/media?parent=16281"}],"wp:term":[{"taxonomy":"product_cat","embeddable":true,"href":"https:\/\/akerkimya.com\/eticaret\/wp-json\/wp\/v2\/product_cat?post=16281"},{"taxonomy":"product_tag","embeddable":true,"href":"https:\/\/akerkimya.com\/eticaret\/wp-json\/wp\/v2\/product_tag?post=16281"}],"curies":[{"name":"wp","href":"https:\/\/api.w.org\/{rel}","templated":true}]}}