{"id":16287,"date":"2024-12-31T03:06:55","date_gmt":"2024-12-31T00:06:55","guid":{"rendered":"https:\/\/akerkimya.com\/eticaret\/?post_type=product&#038;p=16287"},"modified":"2026-03-30T02:23:47","modified_gmt":"2026-03-29T23:23:47","slug":"magnezyum-oksit","status":"publish","type":"product","link":"https:\/\/akerkimya.com\/eticaret\/urun\/magnezyum-oksit\/","title":{"rendered":"MAGNEZYUM OKS\u0130T"},"content":{"rendered":"<h1>MAGNEZYUM OKS\u0130T<\/h1>\n<p><strong>Magnezyum oksit MgO ya da di\u011fer ad\u0131yla magnezya; periklaz olarak do\u011fal yolla olu\u015fan magnezyum kayna\u011f\u0131 olan beyaz renkli toz kristal halinde kokusuz nem \u00e7ekici bir mineraldir. Magnezyum oksit in en b\u00fcy\u00fck niteli\u011fi ise ate\u015fe dayan\u0131kl\u0131 olmas\u0131d\u0131r. Magnezyum oksit bu niteli\u011fi bak\u0131m\u0131ndan her alanda s\u0131k kullan\u0131l\u0131r. Magnezyum hidroksit maddesi ya da magnezyum karbonat\u0131n\u200b kavrulmas\u0131 ile elde edilir. Magnezyum oksit sinterleme y\u00f6ntemi ile manyezitten kalsinasyon sonucunda \u00fcretilir. \u0130kincisi, spesifik olarak deniz suyu olan magnezyum klor\u00fcr \u00e7\u00f6zeltilerinin kire\u00e7 ile muamelesi yoluyla elde edilir.<\/strong><\/p>\n<p><strong>\u00a0<\/strong><\/p>\n<p><strong>TEKN\u0130K \u00d6ZELL\u0130KLER\u00a0<\/strong><\/p>\n<p><strong>CAS NO: 1309-48-4<\/strong><\/p>\n<p><strong>E KODU: E530<\/strong><\/p>\n<p><strong>G\u00d6R\u00dcN\u00dcM: Beyaz kristal toz<\/strong><\/p>\n<p><strong>SUDA \u00c7\u00d6Z\u00dcN\u00dcRL\u00dcK:\u00a0 0,0086 g\/100 ml (30 \u00b0 C)<\/strong><\/p>\n<p><strong>MOLEK\u00dcLER K\u00dcTLE: 40,304g\/mol<\/strong><\/p>\n<p><strong>YO\u011eUNLUK: 3,60 g\/cm3<\/strong><\/p>\n<p><strong>ER\u0130ME NOKTASI: 2850 C<\/strong><\/p>\n<p><strong>KAYNAMA NOKTASI: 3600 C<\/strong><\/p>\n<p><strong>\u00a0<\/strong><\/p>\n<p><strong>KULLANIM ALANLARI<\/strong><\/p>\n<p><strong>G\u0131da katk\u0131 maddesi olarak, kat\u0131la\u015fma \u00f6nleyici ajan olarak kullan\u0131l\u0131r. Kakao<\/strong><strong>\u00a0\u00fcr\u00fcnleri i\u00e7in ABD G\u0131da ve \u0130la\u00e7 \u0130daresi taraf\u0131ndan belirtilen; konserve Bezelye ve dondurulmu\u015f tatl\u0131larda katk\u0131 maddesi olarak kullan\u0131l\u0131r. E kodu ise E530&#8217;dur.<\/strong><\/p>\n<p><strong>Boru \u015feklinde olan yap\u0131 \u0131s\u0131 malzemelerinde bir elektrik yal\u0131tkan\u0131 olarak s\u0131k kullan\u0131lmaktad\u0131r.\u00a0Y\u00fcksek dielektrik dayan\u0131m\u0131 ve ortalama termal iletkenli\u011fi nedeniyle yo\u011fun olarak kullan\u0131l\u0131r.<\/strong><\/p>\n<p><strong>\u00c2minlerin ve amitlerin N-korumas\u0131 i\u00e7in EtOAc i\u00e7inde benzil kloroformat kullan\u0131larak karboksibenzil grubunun kurulumunda bir reaktif olarak kullan\u0131lmaktad\u0131r.<\/strong><\/p>\n<p><strong>Is\u0131ya dayan\u0131kl\u0131 elektrik kablosunda izolasyon malzemesi olarak da kullan\u0131l\u0131r.<\/strong><\/p>\n<p><strong>MgO katk\u0131s\u0131n\u0131n, seramiklerde tane b\u00fcy\u00fcmesini etkili bir \u015fekilde \u00f6nledi\u011fi ve nano \u00f6l\u00e7ekte \u00e7atlak b\u00fcy\u00fcme mekanizmas\u0131n\u0131 \u00e7evirerek k\u0131r\u0131lma toklu\u011funu geli\u015ftirdi\u011fi g\u00f6zlemlenmi\u015ftir.Yap\u0131 malzemelerinde temel bir yanmaz malzemedir. <\/strong><\/p>\n<p><strong>Yang\u0131na dayan\u0131kl\u0131l\u0131k, termit direnci, nem direnci, k\u00fcf ve k\u00fcf direnci ve dayan\u0131kl\u0131l\u0131k. \u0130ki faydal\u0131 \u00f6zelli\u011fi vard\u0131r: y\u00fcksek termal iletkenlik ve d\u00fc\u015f\u00fck elektriksel letkenlik. \u0130yi\u00a0<a href=\"https:\/\/en.wikipedia.org\/wiki\/Diffuser_(optics)\">yay\u0131lma<\/a><\/strong><strong>\u00a0ve\u00a0<a href=\"https:\/\/en.wikipedia.org\/wiki\/Reflectivity\">yans\u0131tma<\/a><\/strong><strong>\u00a0\u00f6zelliklerinden faydalan\u0131l\u0131r.Ate\u015f tu\u011fla \u00fcretiminde kullan\u0131l\u0131r.<\/strong><\/p>\n<p><strong>Magnezyum oksit, asit tamponlama kapasitesi ve \u00e7\u00f6z\u00fcnm\u00fc\u015f a\u011f\u0131r metal t\u00fcrlerinin stabilize edilmesindeki ilgili etkinli\u011fi nedeniyle toprak ve yeralt\u0131<\/strong><strong>\u00a0sular\u0131n\u0131n \u0131slah\u0131, at\u0131k su ar\u0131tma, i\u00e7me suyu ar\u0131tma, hava emisyonu ar\u0131tma ve at\u0131k ar\u0131tma end\u00fcstrilerinde yayg\u0131n olarak kullan\u0131lmaktad\u0131r. \u00c7e\u015fitli tescilli \u00fcr\u00fcnlerle kar\u015f\u0131la\u015ft\u0131r\u0131ld\u0131\u011f\u0131nda en etkili metal stabilizasyon bile\u015fi\u011fi olarak kabul edilmektedir. Metal stabilizasyon teknolojileri olarak pazarlanan \u00fcr\u00fcnlerin t\u00fcm\u00fc olmasa da \u00e7o\u011fu akiferlerde \u00e7ok y\u00fcksek pH ko\u015fullar\u0131 yarat\u0131rken, MgO 8-10 pH ile ideal bir akifer durumu olu\u015fturur. Ek olarak, \u00e7o\u011fu biyolojik sistem i\u00e7in gerekli bir element olan magnezyum, ilave bir fayda olarak MgO destekli metallerin iyile\u015ftirilmesi s\u0131ras\u0131nda toprak ve yeralt\u0131 suyu mikrobiyal pop\u00fcl\u00e2syonlar\u0131na sa\u011flan\u0131r.<\/strong><\/p>\n<p><strong>Magnezyum oksit mide ek\u015fimesi ve dispepsi rahatlatmak i\u00e7in, bir antasit, magnezyum takviyesi ve k\u0131sa s\u00fcreli m\u00fcshil olarak kullan\u0131l\u0131r. Ayr\u0131ca haz\u0131ms\u0131zl\u0131k semptomlar\u0131n\u0131 iyile\u015ftirmek i\u00e7in de kullan\u0131l\u0131r. Magnezyum oksidin yan etkileri mide bulant\u0131s\u0131 ve kramplar\u0131 i\u00e7erebilir. Bir m\u00fcshil etkisi elde etmek i\u00e7in yeterli miktarlarda, uzun s\u00fcreli kullan\u0131m\u0131n yan etkileri ba\u011f\u0131rsak t\u0131kan\u0131kl\u0131\u011f\u0131na neden olan\u00a0<\/strong><strong>olabilir.<\/strong><\/p>\n<p><strong>MgO, ticari bitki g\u00fcbresi ve hayvan yemi olarak \u00f6nemli bir yere sahiptir.<\/strong><\/p>\n<p><strong>MgO,TV plazma ekranlarda koruyucu bir kaplama olarak da kullan\u0131l\u0131r.<\/strong><\/p>\n<p><strong>Magnezyum\u00a0oksit yine magnezyum klor\u00fcr ile birle\u015ftirilerek \u00f6nemli elyaf\u0131 ve cam sanayinde g\u00fc\u00e7lendirici \u00f6zellik olarak fazlaca kullan\u0131lmaktad\u0131r. B\u00f6ylece dekorasyon \u00fcr\u00fcnlerinin yap\u0131m\u0131nda olduk\u00e7a s\u0131k kullan\u0131l\u0131r.<\/strong><\/p>\n<p><strong>\u00a0<\/strong><\/p>\n<p><strong>AMBALAJ<\/strong><\/p>\n<p><strong>1-5-25 kg torbalar halinde<\/strong><\/p>\n<p><strong>\u00a0<\/strong><\/p>\n<p><strong>\u00a0DEPOLAMA<\/strong><\/p>\n<p><strong>G\u00fcne\u015f \u0131\u015f\u0131\u011f\u0131na temas etmeyen kuru ve serin yerlerde muhafaza ediniz.<\/strong><\/p>\n<p><strong>\u00a0<\/strong><\/p>\n<p><strong>\u00a0<\/strong><\/p>\n","protected":false},"excerpt":{"rendered":"<p>MAGNEZYUM OKS\u0130T Magnezyum oksit MgO ya da di\u011fer ad\u0131yla magnezya; periklaz olarak do\u011fal yolla olu\u015fan magnezyum kayna\u011f\u0131 olan beyaz renkli<\/p>\n","protected":false},"featured_media":16288,"comment_status":"open","ping_status":"closed","template":"","meta":{"_joinchat":[]},"product_cat":[70,72,76,77,79,81],"product_tag":[],"class_list":{"0":"post-16287","1":"product","2":"type-product","3":"status-publish","4":"has-post-thumbnail","6":"product_cat-boya-ve-yapi-kimyasallar","7":"product_cat-cam-ve-seramik-kimyasallari","8":"product_cat-gida-ve-katki-kimyasallari","9":"product_cat-kablo-imalati-kimyasallari","10":"product_cat-tarim-kimyasallari","11":"product_cat-yem-katki-kimyasallari","13":"first","14":"instock","15":"shipping-taxable","16":"purchasable","17":"product-type-variable"},"yoast_head":"<!-- This site is optimized with the Yoast SEO Premium plugin v20.2.1 (Yoast SEO v20.2.1) - https:\/\/yoast.com\/wordpress\/plugins\/seo\/ -->\n<title>MAGNEZYUM OKS\u0130T - Akerkimya<\/title>\n<meta name=\"robots\" content=\"index, follow, max-snippet:-1, max-image-preview:large, max-video-preview:-1\" \/>\n<link rel=\"canonical\" href=\"https:\/\/akerkimya.com\/eticaret\/urun\/magnezyum-oksit\/\" \/>\n<meta property=\"og:locale\" content=\"tr_TR\" \/>\n<meta property=\"og:type\" content=\"article\" \/>\n<meta property=\"og:title\" content=\"MAGNEZYUM OKS\u0130T\" \/>\n<meta property=\"og:description\" content=\"MAGNEZYUM OKS\u0130T Magnezyum oksit MgO ya da di\u011fer ad\u0131yla magnezya; periklaz olarak do\u011fal yolla olu\u015fan magnezyum kayna\u011f\u0131 olan beyaz renkli\" \/>\n<meta property=\"og:url\" content=\"https:\/\/akerkimya.com\/eticaret\/urun\/magnezyum-oksit\/\" \/>\n<meta property=\"og:site_name\" content=\"Akerkimya\" \/>\n<meta property=\"article:modified_time\" content=\"2026-03-29T23:23:47+00:00\" \/>\n<meta property=\"og:image\" content=\"https:\/\/akerkimya.com\/eticaret\/wp-content\/uploads\/2024\/12\/MAGNEZYUM-OKSIT-GUNCEL-.png\" \/>\n\t<meta property=\"og:image:width\" content=\"1000\" \/>\n\t<meta property=\"og:image:height\" content=\"1000\" \/>\n\t<meta property=\"og:image:type\" content=\"image\/png\" \/>\n<meta name=\"twitter:card\" content=\"summary_large_image\" \/>\n<meta name=\"twitter:label1\" content=\"Tahmini okuma s\u00fcresi\" \/>\n\t<meta name=\"twitter:data1\" content=\"3 dakika\" \/>\n<script type=\"application\/ld+json\" class=\"yoast-schema-graph\">{\"@context\":\"https:\/\/schema.org\",\"@graph\":[{\"@type\":\"WebPage\",\"@id\":\"https:\/\/akerkimya.com\/eticaret\/urun\/magnezyum-oksit\/\",\"url\":\"https:\/\/akerkimya.com\/eticaret\/urun\/magnezyum-oksit\/\",\"name\":\"MAGNEZYUM OKS\u0130T - Akerkimya\",\"isPartOf\":{\"@id\":\"https:\/\/akerkimya.com\/eticaret\/#website\"},\"datePublished\":\"2024-12-31T00:06:55+00:00\",\"dateModified\":\"2026-03-29T23:23:47+00:00\",\"breadcrumb\":{\"@id\":\"https:\/\/akerkimya.com\/eticaret\/urun\/magnezyum-oksit\/#breadcrumb\"},\"inLanguage\":\"tr\",\"potentialAction\":[{\"@type\":\"ReadAction\",\"target\":[\"https:\/\/akerkimya.com\/eticaret\/urun\/magnezyum-oksit\/\"]}]},{\"@type\":\"BreadcrumbList\",\"@id\":\"https:\/\/akerkimya.com\/eticaret\/urun\/magnezyum-oksit\/#breadcrumb\",\"itemListElement\":[{\"@type\":\"ListItem\",\"position\":1,\"name\":\"Home\",\"item\":\"https:\/\/akerkimya.com\/eticaret\/\"},{\"@type\":\"ListItem\",\"position\":2,\"name\":\"Market\",\"item\":\"https:\/\/akerkimya.com\/eticaret\/market\/\"},{\"@type\":\"ListItem\",\"position\":3,\"name\":\"MAGNEZYUM OKS\u0130T\"}]},{\"@type\":\"WebSite\",\"@id\":\"https:\/\/akerkimya.com\/eticaret\/#website\",\"url\":\"https:\/\/akerkimya.com\/eticaret\/\",\"name\":\"Akerkimya\",\"description\":\"\",\"potentialAction\":[{\"@type\":\"SearchAction\",\"target\":{\"@type\":\"EntryPoint\",\"urlTemplate\":\"https:\/\/akerkimya.com\/eticaret\/?s={search_term_string}\"},\"query-input\":\"required name=search_term_string\"}],\"inLanguage\":\"tr\"}]}<\/script>\n<!-- \/ Yoast SEO Premium plugin. -->","yoast_head_json":{"title":"MAGNEZYUM OKS\u0130T - Akerkimya","robots":{"index":"index","follow":"follow","max-snippet":"max-snippet:-1","max-image-preview":"max-image-preview:large","max-video-preview":"max-video-preview:-1"},"canonical":"https:\/\/akerkimya.com\/eticaret\/urun\/magnezyum-oksit\/","og_locale":"tr_TR","og_type":"article","og_title":"MAGNEZYUM OKS\u0130T","og_description":"MAGNEZYUM OKS\u0130T Magnezyum oksit MgO ya da di\u011fer ad\u0131yla magnezya; periklaz olarak do\u011fal yolla olu\u015fan magnezyum kayna\u011f\u0131 olan beyaz renkli","og_url":"https:\/\/akerkimya.com\/eticaret\/urun\/magnezyum-oksit\/","og_site_name":"Akerkimya","article_modified_time":"2026-03-29T23:23:47+00:00","og_image":[{"width":1000,"height":1000,"url":"https:\/\/akerkimya.com\/eticaret\/wp-content\/uploads\/2024\/12\/MAGNEZYUM-OKSIT-GUNCEL-.png","type":"image\/png"}],"twitter_card":"summary_large_image","twitter_misc":{"Tahmini okuma s\u00fcresi":"3 dakika"},"schema":{"@context":"https:\/\/schema.org","@graph":[{"@type":"WebPage","@id":"https:\/\/akerkimya.com\/eticaret\/urun\/magnezyum-oksit\/","url":"https:\/\/akerkimya.com\/eticaret\/urun\/magnezyum-oksit\/","name":"MAGNEZYUM OKS\u0130T - Akerkimya","isPartOf":{"@id":"https:\/\/akerkimya.com\/eticaret\/#website"},"datePublished":"2024-12-31T00:06:55+00:00","dateModified":"2026-03-29T23:23:47+00:00","breadcrumb":{"@id":"https:\/\/akerkimya.com\/eticaret\/urun\/magnezyum-oksit\/#breadcrumb"},"inLanguage":"tr","potentialAction":[{"@type":"ReadAction","target":["https:\/\/akerkimya.com\/eticaret\/urun\/magnezyum-oksit\/"]}]},{"@type":"BreadcrumbList","@id":"https:\/\/akerkimya.com\/eticaret\/urun\/magnezyum-oksit\/#breadcrumb","itemListElement":[{"@type":"ListItem","position":1,"name":"Home","item":"https:\/\/akerkimya.com\/eticaret\/"},{"@type":"ListItem","position":2,"name":"Market","item":"https:\/\/akerkimya.com\/eticaret\/market\/"},{"@type":"ListItem","position":3,"name":"MAGNEZYUM OKS\u0130T"}]},{"@type":"WebSite","@id":"https:\/\/akerkimya.com\/eticaret\/#website","url":"https:\/\/akerkimya.com\/eticaret\/","name":"Akerkimya","description":"","potentialAction":[{"@type":"SearchAction","target":{"@type":"EntryPoint","urlTemplate":"https:\/\/akerkimya.com\/eticaret\/?s={search_term_string}"},"query-input":"required name=search_term_string"}],"inLanguage":"tr"}]}},"_links":{"self":[{"href":"https:\/\/akerkimya.com\/eticaret\/wp-json\/wp\/v2\/product\/16287","targetHints":{"allow":["GET"]}}],"collection":[{"href":"https:\/\/akerkimya.com\/eticaret\/wp-json\/wp\/v2\/product"}],"about":[{"href":"https:\/\/akerkimya.com\/eticaret\/wp-json\/wp\/v2\/types\/product"}],"replies":[{"embeddable":true,"href":"https:\/\/akerkimya.com\/eticaret\/wp-json\/wp\/v2\/comments?post=16287"}],"version-history":[{"count":2,"href":"https:\/\/akerkimya.com\/eticaret\/wp-json\/wp\/v2\/product\/16287\/revisions"}],"predecessor-version":[{"id":16696,"href":"https:\/\/akerkimya.com\/eticaret\/wp-json\/wp\/v2\/product\/16287\/revisions\/16696"}],"wp:featuredmedia":[{"embeddable":true,"href":"https:\/\/akerkimya.com\/eticaret\/wp-json\/wp\/v2\/media\/16288"}],"wp:attachment":[{"href":"https:\/\/akerkimya.com\/eticaret\/wp-json\/wp\/v2\/media?parent=16287"}],"wp:term":[{"taxonomy":"product_cat","embeddable":true,"href":"https:\/\/akerkimya.com\/eticaret\/wp-json\/wp\/v2\/product_cat?post=16287"},{"taxonomy":"product_tag","embeddable":true,"href":"https:\/\/akerkimya.com\/eticaret\/wp-json\/wp\/v2\/product_tag?post=16287"}],"curies":[{"name":"wp","href":"https:\/\/api.w.org\/{rel}","templated":true}]}}