{"id":16293,"date":"2024-12-31T03:10:20","date_gmt":"2024-12-31T00:10:20","guid":{"rendered":"https:\/\/akerkimya.com\/eticaret\/?post_type=product&#038;p=16293"},"modified":"2026-04-28T09:17:34","modified_gmt":"2026-04-28T06:17:34","slug":"magnezyum-stearat","status":"publish","type":"product","link":"https:\/\/akerkimya.com\/eticaret\/urun\/magnezyum-stearat\/","title":{"rendered":"MAGNEZYUM STEARAT"},"content":{"rendered":"<h1>MAGNEZYUM STEARAT<\/h1>\n<p><strong>Mg(C18H35O2) form\u00fcl\u00fcne sahip kimyasal bile\u015fiktir. Do\u011fal bir magnezyum sabunudur. Magnezyum ile \u00e7e\u015fitli oranlarda stearik ve palmitik asit i\u00e7erir. Magnezyum stearat oktadekanoat olarak da adland\u0131r\u0131lan bir dolgu malzemesidir. <\/strong><\/p>\n<p><strong>\u00a0<\/strong><\/p>\n<p><strong>MAGNEZYUM STEARAT \u00d6ZELL\u0130KLER\u0130<\/strong><\/p>\n<p><strong>Magnezyum stearat; stearik asit ve mineral magnezyumu birle\u015ftiren beyaz bir tozdur. <\/strong><\/p>\n<p><strong>Beyaz, ince, hafif ya\u011fl\u0131 bir tekst\u00fcrde (G\u0131da maddelerinde koku, yumu\u015fakl\u0131k, k\u0131vam, vb. fiziksel \u00f6zelliklerin tamam\u0131) bir yap\u0131s\u0131 vard\u0131r.<\/strong><\/p>\n<p><strong>Kokusuzdur olarak veya soluk karakteristik kokuya sahiptir.<\/strong><\/p>\n<p><strong>Tats\u0131z bir kimyasald\u0131r.<\/strong><\/p>\n<p><strong>Su ve d\u00fc\u015f\u00fck molek\u00fcl a\u011f\u0131rl\u0131\u011f\u0131na sahip alkol, ester ve ketonlarda \u00e7\u00f6z\u00fcnmez.<\/strong><\/p>\n<p><strong>Aromatik bile\u015fenlerde \u00e7\u00f6z\u00fcn\u00fcr.<\/strong><\/p>\n<p><strong>\u00a0<\/strong><\/p>\n<p><strong>TEKN\u0130K \u00d6ZELL\u0130KLER\u0130<\/strong><\/p>\n<p><strong>CAS NUMARASI: 557-04-0<\/strong><\/p>\n<p><strong>\u00a0<\/strong><\/p>\n<p><strong>MOLEK\u00dcL FORM\u00dcL\u00dc: Mg(C18H35O2)2<\/strong><\/p>\n<p><strong>MOLEK\u00dcL A\u011eIRLI\u011eI: 591.20 g\/mol<\/strong><\/p>\n<p><strong>K\u0130MYASAL ADI: Magnezyum Oktadekonoat<\/strong><\/p>\n<p><strong>D\u0130\u011eER \u0130S\u0130MLER\u0130: Magnezyum tuzu, magnezyum distearat, 557-04-4<\/strong><\/p>\n<p><strong>ER\u0130ME NOKTASI: 130- 145 \u00b0C<\/strong><\/p>\n<p><strong>KAYNAMA NOKTASI: 200 \u00b0C (ayr\u0131\u015fma)<\/strong><\/p>\n<p><strong>\u00d6ZG\u00dcL A\u011eIRLIK: 120-180 g\/l<\/strong><\/p>\n<p><strong>\u00c7\u00d6Z\u00dcN\u00dcRL\u00dcK: Suda \u00e7\u00f6z\u00fcnmez<\/strong><\/p>\n<p><strong>\u00a0<\/strong><\/p>\n<p><strong>KULLANIM ALANLARI<\/strong><\/p>\n<p><strong>\u0130la\u00e7 sekt\u00f6r\u00fcnde tablet ve toz form ile \u00fcretilen ila\u00e7lar\u0131 seyreltmek amac\u0131yla inaktif bir seyrelticidir.<\/strong><\/p>\n<p><strong>G\u0131dalar\u0131n dokusunu de\u011fi\u015ftirmek, takviyeleri ve ila\u00e7lar\u0131, tablet kaps\u00fcller halinde preslemek i\u00e7in ya\u011flanmay\u0131 sa\u011flayarak kal\u0131p madde ay\u0131r\u0131c\u0131 olarak kullan\u0131l\u0131r.<\/strong><\/p>\n<p><strong>\u00a0<\/strong><\/p>\n<p><strong>G\u0131da uygulamalar\u0131nda k\u00f6p\u00fck kesici olarak kullan\u0131l\u0131r.<\/strong><\/p>\n<p><strong>\u00a0<\/strong><\/p>\n<p><strong>Farmas\u00f6tik end\u00fcstrisinde en yayg\u0131n katk\u0131 maddesidir.<\/strong><\/p>\n<p><strong>\u00a0<\/strong><\/p>\n<p><strong>Partik\u00fcl boyutlar\u0131ndan dolay\u0131 kullan\u0131ld\u0131\u011f\u0131 cilde p\u00fcr\u00fczs\u00fczl\u00fck katmas\u0131ndan dolay\u0131 bebek pudras\u0131, v\u00fccut ve y\u00fcz tozlar\u0131 imalat\u0131nda kullan\u0131l\u0131r.<\/strong><\/p>\n<p><strong>\u00a0<\/strong><\/p>\n<p><strong>PVC \u00fcretiminde, di\u011fer stearatlarla kullan\u0131ld\u0131\u011f\u0131nda \u00e7ok \u00f6nemli \u0131s\u0131 stabilizat\u00f6r\u00fc g\u00f6rev g\u00f6r\u00fcr.<\/strong><\/p>\n<p><strong>\u00a0<\/strong><\/p>\n<p><strong>Baz\u0131 hamurlarda plastik i\u015flem \u00f6zelliklerini geli\u015ftirmek i\u00e7in plastifiyan ve lubrikant olarak kullan\u0131l\u0131r.<\/strong><\/p>\n<p><strong>\u00a0<\/strong><\/p>\n<p><strong>Gres ya\u011f imalat\u0131nda jelle\u015fme ajan\u0131 ve hidrofobik ajan olarak kullan\u0131l\u0131r. <\/strong><\/p>\n<p><strong>\u00a0<\/strong><\/p>\n<p><strong>Yang\u0131n s\u00f6nd\u00fcrme ekipmanlar\u0131n da, kuru lubrikant olarak doldurulur ve topaklanmay\u0131 \u00f6nler. <\/strong><\/p>\n<p><strong>\u00a0<\/strong><\/p>\n<p><strong>Kau\u00e7uk imalat\u0131nda yumu\u015fat\u0131c\u0131 olarak kullan\u0131l\u0131r.<\/strong><\/p>\n<p><strong>\u00a0<\/strong><\/p>\n<p><strong>Hayvansal yemlerde topaklanmay\u0131 \u00f6nleyici madde olarak kullan\u0131l\u0131r.<\/strong><\/p>\n<p><strong>\u00a0<\/strong><\/p>\n<p><strong>Re\u00e7inelenmi\u015f kau\u00e7uklarda magnezyum stearat oksidasyon ve sertle\u015ftirici i\u015flevi g\u00f6r\u00fcr.<\/strong><\/p>\n<p><strong>\u00a0<\/strong><\/p>\n<p><strong>Kal\u0131plama i\u015flemlerinde kolayla\u015ft\u0131r\u0131c\u0131 ve kau\u00e7uk kavrulmas\u0131n\u0131 \u00f6nleyici ajan olarak kullan\u0131lmaktad\u0131r.<\/strong><\/p>\n<p><strong>\u00a0<\/strong><\/p>\n<p><strong>Vulkanizasyon i\u015flemlerinde h\u0131zland\u0131r\u0131c\u0131 olarak kullan\u0131lmaktad\u0131r.<\/strong><\/p>\n<p><strong>Polimer, lastik ve boya sekt\u00f6rlerinde jelle\u015fme stabilizat\u00f6r, yap\u0131\u015fma \u00f6nleyici, plastikle\u015ftirici gibi bir\u00e7ok fonksiyonda kullan\u0131l\u0131r.<\/strong><\/p>\n<p><strong>\u00a0<\/strong><\/p>\n<p><strong>\u00a0<\/strong><\/p>\n<p><strong>\u00a0<\/strong><\/p>\n<p><strong>AMBALAJ<\/strong><\/p>\n<p><strong>1-5-20 kg Kraft torbalarda.<\/strong><\/p>\n<p><strong>\u00a0<\/strong><\/p>\n<p><strong>\u00a0<\/strong><\/p>\n<p><strong>DEPOLAMA<\/strong><\/p>\n<p><strong>Do\u011frudan g\u00fcne\u015f g\u00f6rmeyen ve nem bulunmayan ortamda depolanmal\u0131d\u0131r.<\/strong><\/p>\n<p><strong>Kullan\u0131ld\u0131ktan sonra torba a\u011fz\u0131 a\u00e7\u0131k b\u0131rak\u0131lmamal\u0131d\u0131r<\/strong><\/p>\n<p><strong>\u00a0<\/strong><\/p>\n<p><strong>\u00a0<\/strong><\/p>\n<p><strong>\u00a0<\/strong><\/p>\n","protected":false},"excerpt":{"rendered":"<p>MAGNEZYUM STEARAT Mg(C18H35O2) form\u00fcl\u00fcne sahip kimyasal bile\u015fiktir. Do\u011fal bir magnezyum sabunudur. Magnezyum ile \u00e7e\u015fitli oranlarda stearik ve palmitik asit i\u00e7erir.<\/p>\n","protected":false},"featured_media":16294,"comment_status":"open","ping_status":"closed","template":"","meta":{"_joinchat":[]},"product_cat":[70,74,76,80,81],"product_tag":[],"class_list":{"0":"post-16293","1":"product","2":"type-product","3":"status-publish","4":"has-post-thumbnail","6":"product_cat-boya-ve-yapi-kimyasallar","7":"product_cat-deterjan-ve-kozmetik-kimyasallari","8":"product_cat-gida-ve-katki-kimyasallari","9":"product_cat-veteriner-ve-ilac-kimyasallari","10":"product_cat-yem-katki-kimyasallari","12":"first","13":"instock","14":"shipping-taxable","15":"purchasable","16":"product-type-variable"},"yoast_head":"<!-- This site is optimized with the Yoast SEO Premium plugin v20.2.1 (Yoast SEO v20.2.1) - https:\/\/yoast.com\/wordpress\/plugins\/seo\/ -->\n<title>MAGNEZYUM STEARAT - Akerkimya<\/title>\n<meta name=\"robots\" content=\"index, follow, max-snippet:-1, max-image-preview:large, max-video-preview:-1\" \/>\n<link rel=\"canonical\" href=\"https:\/\/akerkimya.com\/eticaret\/urun\/magnezyum-stearat\/\" \/>\n<meta property=\"og:locale\" content=\"tr_TR\" \/>\n<meta property=\"og:type\" content=\"article\" \/>\n<meta property=\"og:title\" content=\"MAGNEZYUM STEARAT\" \/>\n<meta property=\"og:description\" content=\"MAGNEZYUM STEARAT Mg(C18H35O2) form\u00fcl\u00fcne sahip kimyasal bile\u015fiktir. Do\u011fal bir magnezyum sabunudur. Magnezyum ile \u00e7e\u015fitli oranlarda stearik ve palmitik asit i\u00e7erir.\" \/>\n<meta property=\"og:url\" content=\"https:\/\/akerkimya.com\/eticaret\/urun\/magnezyum-stearat\/\" \/>\n<meta property=\"og:site_name\" content=\"Akerkimya\" \/>\n<meta property=\"article:modified_time\" content=\"2026-04-28T06:17:34+00:00\" \/>\n<meta property=\"og:image\" content=\"https:\/\/akerkimya.com\/eticaret\/wp-content\/uploads\/2024\/12\/MAGNEZYUM-STEARAT-GUNCEL-.png\" \/>\n\t<meta property=\"og:image:width\" content=\"1000\" \/>\n\t<meta property=\"og:image:height\" content=\"1000\" \/>\n\t<meta property=\"og:image:type\" content=\"image\/png\" \/>\n<meta name=\"twitter:card\" content=\"summary_large_image\" \/>\n<meta name=\"twitter:label1\" content=\"Tahmini okuma s\u00fcresi\" \/>\n\t<meta name=\"twitter:data1\" content=\"2 dakika\" \/>\n<script type=\"application\/ld+json\" class=\"yoast-schema-graph\">{\"@context\":\"https:\/\/schema.org\",\"@graph\":[{\"@type\":\"WebPage\",\"@id\":\"https:\/\/akerkimya.com\/eticaret\/urun\/magnezyum-stearat\/\",\"url\":\"https:\/\/akerkimya.com\/eticaret\/urun\/magnezyum-stearat\/\",\"name\":\"MAGNEZYUM STEARAT - Akerkimya\",\"isPartOf\":{\"@id\":\"https:\/\/akerkimya.com\/eticaret\/#website\"},\"datePublished\":\"2024-12-31T00:10:20+00:00\",\"dateModified\":\"2026-04-28T06:17:34+00:00\",\"breadcrumb\":{\"@id\":\"https:\/\/akerkimya.com\/eticaret\/urun\/magnezyum-stearat\/#breadcrumb\"},\"inLanguage\":\"tr\",\"potentialAction\":[{\"@type\":\"ReadAction\",\"target\":[\"https:\/\/akerkimya.com\/eticaret\/urun\/magnezyum-stearat\/\"]}]},{\"@type\":\"BreadcrumbList\",\"@id\":\"https:\/\/akerkimya.com\/eticaret\/urun\/magnezyum-stearat\/#breadcrumb\",\"itemListElement\":[{\"@type\":\"ListItem\",\"position\":1,\"name\":\"Home\",\"item\":\"https:\/\/akerkimya.com\/eticaret\/\"},{\"@type\":\"ListItem\",\"position\":2,\"name\":\"Market\",\"item\":\"https:\/\/akerkimya.com\/eticaret\/market\/\"},{\"@type\":\"ListItem\",\"position\":3,\"name\":\"MAGNEZYUM STEARAT\"}]},{\"@type\":\"WebSite\",\"@id\":\"https:\/\/akerkimya.com\/eticaret\/#website\",\"url\":\"https:\/\/akerkimya.com\/eticaret\/\",\"name\":\"Akerkimya\",\"description\":\"\",\"potentialAction\":[{\"@type\":\"SearchAction\",\"target\":{\"@type\":\"EntryPoint\",\"urlTemplate\":\"https:\/\/akerkimya.com\/eticaret\/?s={search_term_string}\"},\"query-input\":\"required name=search_term_string\"}],\"inLanguage\":\"tr\"}]}<\/script>\n<!-- \/ Yoast SEO Premium plugin. -->","yoast_head_json":{"title":"MAGNEZYUM STEARAT - Akerkimya","robots":{"index":"index","follow":"follow","max-snippet":"max-snippet:-1","max-image-preview":"max-image-preview:large","max-video-preview":"max-video-preview:-1"},"canonical":"https:\/\/akerkimya.com\/eticaret\/urun\/magnezyum-stearat\/","og_locale":"tr_TR","og_type":"article","og_title":"MAGNEZYUM STEARAT","og_description":"MAGNEZYUM STEARAT Mg(C18H35O2) form\u00fcl\u00fcne sahip kimyasal bile\u015fiktir. Do\u011fal bir magnezyum sabunudur. Magnezyum ile \u00e7e\u015fitli oranlarda stearik ve palmitik asit i\u00e7erir.","og_url":"https:\/\/akerkimya.com\/eticaret\/urun\/magnezyum-stearat\/","og_site_name":"Akerkimya","article_modified_time":"2026-04-28T06:17:34+00:00","og_image":[{"width":1000,"height":1000,"url":"https:\/\/akerkimya.com\/eticaret\/wp-content\/uploads\/2024\/12\/MAGNEZYUM-STEARAT-GUNCEL-.png","type":"image\/png"}],"twitter_card":"summary_large_image","twitter_misc":{"Tahmini okuma s\u00fcresi":"2 dakika"},"schema":{"@context":"https:\/\/schema.org","@graph":[{"@type":"WebPage","@id":"https:\/\/akerkimya.com\/eticaret\/urun\/magnezyum-stearat\/","url":"https:\/\/akerkimya.com\/eticaret\/urun\/magnezyum-stearat\/","name":"MAGNEZYUM STEARAT - Akerkimya","isPartOf":{"@id":"https:\/\/akerkimya.com\/eticaret\/#website"},"datePublished":"2024-12-31T00:10:20+00:00","dateModified":"2026-04-28T06:17:34+00:00","breadcrumb":{"@id":"https:\/\/akerkimya.com\/eticaret\/urun\/magnezyum-stearat\/#breadcrumb"},"inLanguage":"tr","potentialAction":[{"@type":"ReadAction","target":["https:\/\/akerkimya.com\/eticaret\/urun\/magnezyum-stearat\/"]}]},{"@type":"BreadcrumbList","@id":"https:\/\/akerkimya.com\/eticaret\/urun\/magnezyum-stearat\/#breadcrumb","itemListElement":[{"@type":"ListItem","position":1,"name":"Home","item":"https:\/\/akerkimya.com\/eticaret\/"},{"@type":"ListItem","position":2,"name":"Market","item":"https:\/\/akerkimya.com\/eticaret\/market\/"},{"@type":"ListItem","position":3,"name":"MAGNEZYUM STEARAT"}]},{"@type":"WebSite","@id":"https:\/\/akerkimya.com\/eticaret\/#website","url":"https:\/\/akerkimya.com\/eticaret\/","name":"Akerkimya","description":"","potentialAction":[{"@type":"SearchAction","target":{"@type":"EntryPoint","urlTemplate":"https:\/\/akerkimya.com\/eticaret\/?s={search_term_string}"},"query-input":"required name=search_term_string"}],"inLanguage":"tr"}]}},"_links":{"self":[{"href":"https:\/\/akerkimya.com\/eticaret\/wp-json\/wp\/v2\/product\/16293","targetHints":{"allow":["GET"]}}],"collection":[{"href":"https:\/\/akerkimya.com\/eticaret\/wp-json\/wp\/v2\/product"}],"about":[{"href":"https:\/\/akerkimya.com\/eticaret\/wp-json\/wp\/v2\/types\/product"}],"replies":[{"embeddable":true,"href":"https:\/\/akerkimya.com\/eticaret\/wp-json\/wp\/v2\/comments?post=16293"}],"version-history":[{"count":3,"href":"https:\/\/akerkimya.com\/eticaret\/wp-json\/wp\/v2\/product\/16293\/revisions"}],"predecessor-version":[{"id":21081,"href":"https:\/\/akerkimya.com\/eticaret\/wp-json\/wp\/v2\/product\/16293\/revisions\/21081"}],"wp:featuredmedia":[{"embeddable":true,"href":"https:\/\/akerkimya.com\/eticaret\/wp-json\/wp\/v2\/media\/16294"}],"wp:attachment":[{"href":"https:\/\/akerkimya.com\/eticaret\/wp-json\/wp\/v2\/media?parent=16293"}],"wp:term":[{"taxonomy":"product_cat","embeddable":true,"href":"https:\/\/akerkimya.com\/eticaret\/wp-json\/wp\/v2\/product_cat?post=16293"},{"taxonomy":"product_tag","embeddable":true,"href":"https:\/\/akerkimya.com\/eticaret\/wp-json\/wp\/v2\/product_tag?post=16293"}],"curies":[{"name":"wp","href":"https:\/\/api.w.org\/{rel}","templated":true}]}}