{"id":16299,"date":"2024-12-31T03:16:06","date_gmt":"2024-12-31T00:16:06","guid":{"rendered":"https:\/\/akerkimya.com\/eticaret\/?post_type=product&#038;p=16299"},"modified":"2026-03-30T02:23:48","modified_gmt":"2026-03-29T23:23:48","slug":"magnezyum-sulfat-heptahidrat","status":"publish","type":"product","link":"https:\/\/akerkimya.com\/eticaret\/urun\/magnezyum-sulfat-heptahidrat\/","title":{"rendered":"MAGNEZYUM S\u00dcLFAT (HEPTAH\u0130DRAT)"},"content":{"rendered":"<h1>MAGNEZYUM S\u00dcLFAT (HEPTAH\u0130DRAT)<\/h1>\n<p><strong>Magnezyum s\u00fclfat, <\/strong><strong>MgSO4.7H2O form\u00fcl\u00fcne sahip halk aras\u0131nda \u0130ngiliz tuzu olarak bilinen inorganik bir tuzdur. Beyaz \u015feffaf toz formda olup suya konuldu\u011funda eriyici \u00f6zellik g\u00f6sterir. Genellikle do\u011frudan g\u00f6l yataklar\u0131ndan ve di\u011fer do\u011fal kaynaklardan elde edilir.<\/strong><\/p>\n<p><strong>\u00a0<\/strong><\/p>\n<p><strong>MAGNEZYUM S\u00dcLFAT \u00d6ZELL\u0130KLER\u0130<\/strong><\/p>\n<p><strong>Beyaz\u0131ms\u0131 \u015feffaf renkte ve kristal formdad\u0131r.<\/strong><\/p>\n<p><strong>Kokusuz ve mayho\u015f, ac\u0131 bir tada sahiptir.<\/strong><\/p>\n<p><strong>Etanolde \u00e7\u00f6z\u00fcnmez<\/strong><\/p>\n<p><strong>\u00a0<\/strong><\/p>\n<p><strong>TEKN\u0130K \u00d6ZELL\u0130KLER\u0130<\/strong><\/p>\n<p><strong>CA NUMARASI: 10034-99-8 (heptahidrat)<\/strong><\/p>\n<p><strong>MOLEK\u00dcLER FORM\u00dcL: MgSO4.7H2O<\/strong><\/p>\n<p><strong>K\u0130MYASAL ADI: Magnezyum S\u00fclfat, Epsom tuzu, k\u00fck\u00fcrt ac\u0131, ac\u0131 tuz, \u0130ngiliz tuzu<\/strong><\/p>\n<p><strong>MOLAR K\u00dcTLE: 120.366 g\/mol (susuz) 246,47 g\/mol (heptahidrat)<\/strong><\/p>\n<p><strong>YO\u011eUNLUK: 1.68 g\/cm \u00b3, (heptahidrat)<\/strong><\/p>\n<p><strong>ERG\u0130ME NOKTASI: 150 \u00b0C (heptahidrat)<\/strong><\/p>\n<p><strong>PH: 4-7<\/strong><\/p>\n<p><strong>SUDA \u00c7\u00d6Z\u00dcN\u00dcRL\u00dcK: 255,5 g\/100 mL (20 \u00b0C) heptahidrat <\/strong><\/p>\n<p><strong>\u00a0<\/strong><\/p>\n<p><strong>KULLANIM ALANLARI<\/strong><\/p>\n<p><strong>Kozmetik sekt\u00f6r\u00fcnde, cilt bak\u0131m\u0131 \u00fcr\u00fcnlerinde cildi s\u0131k\u0131la\u015ft\u0131rma ve nemlendirme \u00f6zelli\u011finden dolay\u0131 kullan\u0131l\u0131r.<\/strong><\/p>\n<p><strong>T\u0131p alan\u0131nda safra salg\u0131s\u0131n\u0131 d\u00fczenleyici etkisinden dolay\u0131 kullan\u0131l\u0131r.<\/strong><\/p>\n<p><strong>Magnezyum eksikli\u011fi i\u00e7in replasman tedavisi, akut ve \u015fiddetli aritmilerin tedavisi, ast\u0131m tedavisinde bron\u015flar\u0131 geni\u015fleten madde olarak kullan\u0131l\u0131r.<\/strong><\/p>\n<p><strong>G\u0131da alan\u0131nda hamur mayas\u0131n\u0131n yap\u0131m a\u015famas\u0131nda kullan\u0131l\u0131r.<\/strong><\/p>\n<p><strong>Tofu yap\u0131m\u0131nda p\u0131ht\u0131la\u015ft\u0131r\u0131c\u0131 ajan olarak kullan\u0131l\u0131r.<\/strong><\/p>\n<p><strong>Magnezyum s\u00fclfat, tar\u0131m sekt\u00f6r\u00fcnde topraktaki magnezyum ve k\u00fck\u00fcrt i\u00e7eri\u011fini artt\u0131rmak i\u00e7in kullan\u0131l\u0131r.<\/strong><\/p>\n<p><strong>Bira yap\u0131m\u0131nda demleme tuzu olarak kullan\u0131l\u0131r.<\/strong><\/p>\n<p><strong>Yap\u0131 kimyasal alan\u0131nda ba\u011flanma kabiliyeti y\u00fcksek ve fazla diren\u00e7 g\u00f6steren \u00e7imento yap\u0131m\u0131nda kullan\u0131l\u0131r.<\/strong><\/p>\n<p><strong>Organik sentezde kurutucu olarak kullan\u0131l\u0131r.<\/strong><\/p>\n<p><strong>Magnezyum s\u00fclfat, agregalar\u0131n, ger\u00e7ek hava ko\u015fullar\u0131na maruz kalan malzemenin servis kayd\u0131 olmad\u0131\u011f\u0131nda ASTM C88 standartlar\u0131na g\u00f6re sa\u011flaml\u0131k a\u00e7\u0131s\u0131ndan test edilmesinde kullan\u0131l\u0131r.<\/strong><\/p>\n<p><strong>Uzun \u00f6m\u00fcrl\u00fc bitkilerde, canl\u0131 renkleri olan sebze ve meyve sa\u011flar. Yapraklar\u0131n direncini artt\u0131rmak i\u00e7in kullan\u0131l\u0131r.<\/strong><\/p>\n<p><strong>Magnezyum s\u00fclfat, sporcular\u0131n a\u011fr\u0131l\u0131 kaslar\u0131n\u0131 rahatlatmak amac\u0131 ile banyo tuzlar\u0131nda kullan\u0131l\u0131r.<\/strong><\/p>\n<p><strong>Temizlik sekt\u00f6r\u00fcnde, deterjan \u00fcretiminde anti-bakteriyel ve k\u0131vam verici ajan olarak kullan\u0131l\u0131r.<\/strong><\/p>\n<p><strong>\u00a0<\/strong><\/p>\n<p><strong>AMBALAJ<\/strong><\/p>\n<p><strong>1-5-25 Kg torbalar halinde<\/strong><\/p>\n<p><strong>\u00a0<\/strong><\/p>\n<p><strong>DEPOLAMA<\/strong><\/p>\n<p><strong>Serin ve kuru bir alanda, torba hava almayacak \u015fekilde muhafaza edilmelidir.<\/strong><\/p>\n<p><strong>\u00a0<\/strong><\/p>\n","protected":false},"excerpt":{"rendered":"<p>MAGNEZYUM S\u00dcLFAT (HEPTAH\u0130DRAT) Magnezyum s\u00fclfat, MgSO4.7H2O form\u00fcl\u00fcne sahip halk aras\u0131nda \u0130ngiliz tuzu olarak bilinen inorganik bir tuzdur. Beyaz \u015feffaf toz<\/p>\n","protected":false},"featured_media":16300,"comment_status":"open","ping_status":"closed","template":"","meta":{"_joinchat":[]},"product_cat":[70,74,76,79,80],"product_tag":[],"class_list":{"0":"post-16299","1":"product","2":"type-product","3":"status-publish","4":"has-post-thumbnail","6":"product_cat-boya-ve-yapi-kimyasallar","7":"product_cat-deterjan-ve-kozmetik-kimyasallari","8":"product_cat-gida-ve-katki-kimyasallari","9":"product_cat-tarim-kimyasallari","10":"product_cat-veteriner-ve-ilac-kimyasallari","12":"first","13":"instock","14":"shipping-taxable","15":"purchasable","16":"product-type-variable"},"yoast_head":"<!-- This site is optimized with the Yoast SEO Premium plugin v20.2.1 (Yoast SEO v20.2.1) - https:\/\/yoast.com\/wordpress\/plugins\/seo\/ -->\n<title>MAGNEZYUM S\u00dcLFAT (HEPTAH\u0130DRAT) - Akerkimya<\/title>\n<meta name=\"robots\" content=\"index, follow, max-snippet:-1, max-image-preview:large, max-video-preview:-1\" \/>\n<link rel=\"canonical\" href=\"https:\/\/akerkimya.com\/eticaret\/urun\/magnezyum-sulfat-heptahidrat\/\" \/>\n<meta property=\"og:locale\" content=\"tr_TR\" \/>\n<meta property=\"og:type\" content=\"article\" \/>\n<meta property=\"og:title\" content=\"MAGNEZYUM S\u00dcLFAT (HEPTAH\u0130DRAT)\" \/>\n<meta property=\"og:description\" content=\"MAGNEZYUM S\u00dcLFAT (HEPTAH\u0130DRAT) Magnezyum s\u00fclfat, MgSO4.7H2O form\u00fcl\u00fcne sahip halk aras\u0131nda \u0130ngiliz tuzu olarak bilinen inorganik bir tuzdur. Beyaz \u015feffaf toz\" \/>\n<meta property=\"og:url\" content=\"https:\/\/akerkimya.com\/eticaret\/urun\/magnezyum-sulfat-heptahidrat\/\" \/>\n<meta property=\"og:site_name\" content=\"Akerkimya\" \/>\n<meta property=\"article:modified_time\" content=\"2026-03-29T23:23:48+00:00\" \/>\n<meta property=\"og:image\" content=\"https:\/\/akerkimya.com\/eticaret\/wp-content\/uploads\/2024\/12\/MAGNEZYUM-SULFAT-HEPTAHIDRAT-GUNCEL.png\" \/>\n\t<meta property=\"og:image:width\" content=\"1000\" \/>\n\t<meta property=\"og:image:height\" content=\"1000\" \/>\n\t<meta property=\"og:image:type\" content=\"image\/png\" \/>\n<meta name=\"twitter:card\" content=\"summary_large_image\" \/>\n<meta name=\"twitter:label1\" content=\"Tahmini okuma s\u00fcresi\" \/>\n\t<meta name=\"twitter:data1\" content=\"2 dakika\" \/>\n<script type=\"application\/ld+json\" class=\"yoast-schema-graph\">{\"@context\":\"https:\/\/schema.org\",\"@graph\":[{\"@type\":\"WebPage\",\"@id\":\"https:\/\/akerkimya.com\/eticaret\/urun\/magnezyum-sulfat-heptahidrat\/\",\"url\":\"https:\/\/akerkimya.com\/eticaret\/urun\/magnezyum-sulfat-heptahidrat\/\",\"name\":\"MAGNEZYUM S\u00dcLFAT (HEPTAH\u0130DRAT) - Akerkimya\",\"isPartOf\":{\"@id\":\"https:\/\/akerkimya.com\/eticaret\/#website\"},\"datePublished\":\"2024-12-31T00:16:06+00:00\",\"dateModified\":\"2026-03-29T23:23:48+00:00\",\"breadcrumb\":{\"@id\":\"https:\/\/akerkimya.com\/eticaret\/urun\/magnezyum-sulfat-heptahidrat\/#breadcrumb\"},\"inLanguage\":\"tr\",\"potentialAction\":[{\"@type\":\"ReadAction\",\"target\":[\"https:\/\/akerkimya.com\/eticaret\/urun\/magnezyum-sulfat-heptahidrat\/\"]}]},{\"@type\":\"BreadcrumbList\",\"@id\":\"https:\/\/akerkimya.com\/eticaret\/urun\/magnezyum-sulfat-heptahidrat\/#breadcrumb\",\"itemListElement\":[{\"@type\":\"ListItem\",\"position\":1,\"name\":\"Home\",\"item\":\"https:\/\/akerkimya.com\/eticaret\/\"},{\"@type\":\"ListItem\",\"position\":2,\"name\":\"Market\",\"item\":\"https:\/\/akerkimya.com\/eticaret\/market\/\"},{\"@type\":\"ListItem\",\"position\":3,\"name\":\"MAGNEZYUM S\u00dcLFAT (HEPTAH\u0130DRAT)\"}]},{\"@type\":\"WebSite\",\"@id\":\"https:\/\/akerkimya.com\/eticaret\/#website\",\"url\":\"https:\/\/akerkimya.com\/eticaret\/\",\"name\":\"Akerkimya\",\"description\":\"\",\"potentialAction\":[{\"@type\":\"SearchAction\",\"target\":{\"@type\":\"EntryPoint\",\"urlTemplate\":\"https:\/\/akerkimya.com\/eticaret\/?s={search_term_string}\"},\"query-input\":\"required name=search_term_string\"}],\"inLanguage\":\"tr\"}]}<\/script>\n<!-- \/ Yoast SEO Premium plugin. -->","yoast_head_json":{"title":"MAGNEZYUM S\u00dcLFAT (HEPTAH\u0130DRAT) - Akerkimya","robots":{"index":"index","follow":"follow","max-snippet":"max-snippet:-1","max-image-preview":"max-image-preview:large","max-video-preview":"max-video-preview:-1"},"canonical":"https:\/\/akerkimya.com\/eticaret\/urun\/magnezyum-sulfat-heptahidrat\/","og_locale":"tr_TR","og_type":"article","og_title":"MAGNEZYUM S\u00dcLFAT (HEPTAH\u0130DRAT)","og_description":"MAGNEZYUM S\u00dcLFAT (HEPTAH\u0130DRAT) Magnezyum s\u00fclfat, MgSO4.7H2O form\u00fcl\u00fcne sahip halk aras\u0131nda \u0130ngiliz tuzu olarak bilinen inorganik bir tuzdur. Beyaz \u015feffaf toz","og_url":"https:\/\/akerkimya.com\/eticaret\/urun\/magnezyum-sulfat-heptahidrat\/","og_site_name":"Akerkimya","article_modified_time":"2026-03-29T23:23:48+00:00","og_image":[{"width":1000,"height":1000,"url":"https:\/\/akerkimya.com\/eticaret\/wp-content\/uploads\/2024\/12\/MAGNEZYUM-SULFAT-HEPTAHIDRAT-GUNCEL.png","type":"image\/png"}],"twitter_card":"summary_large_image","twitter_misc":{"Tahmini okuma s\u00fcresi":"2 dakika"},"schema":{"@context":"https:\/\/schema.org","@graph":[{"@type":"WebPage","@id":"https:\/\/akerkimya.com\/eticaret\/urun\/magnezyum-sulfat-heptahidrat\/","url":"https:\/\/akerkimya.com\/eticaret\/urun\/magnezyum-sulfat-heptahidrat\/","name":"MAGNEZYUM S\u00dcLFAT (HEPTAH\u0130DRAT) - Akerkimya","isPartOf":{"@id":"https:\/\/akerkimya.com\/eticaret\/#website"},"datePublished":"2024-12-31T00:16:06+00:00","dateModified":"2026-03-29T23:23:48+00:00","breadcrumb":{"@id":"https:\/\/akerkimya.com\/eticaret\/urun\/magnezyum-sulfat-heptahidrat\/#breadcrumb"},"inLanguage":"tr","potentialAction":[{"@type":"ReadAction","target":["https:\/\/akerkimya.com\/eticaret\/urun\/magnezyum-sulfat-heptahidrat\/"]}]},{"@type":"BreadcrumbList","@id":"https:\/\/akerkimya.com\/eticaret\/urun\/magnezyum-sulfat-heptahidrat\/#breadcrumb","itemListElement":[{"@type":"ListItem","position":1,"name":"Home","item":"https:\/\/akerkimya.com\/eticaret\/"},{"@type":"ListItem","position":2,"name":"Market","item":"https:\/\/akerkimya.com\/eticaret\/market\/"},{"@type":"ListItem","position":3,"name":"MAGNEZYUM S\u00dcLFAT (HEPTAH\u0130DRAT)"}]},{"@type":"WebSite","@id":"https:\/\/akerkimya.com\/eticaret\/#website","url":"https:\/\/akerkimya.com\/eticaret\/","name":"Akerkimya","description":"","potentialAction":[{"@type":"SearchAction","target":{"@type":"EntryPoint","urlTemplate":"https:\/\/akerkimya.com\/eticaret\/?s={search_term_string}"},"query-input":"required name=search_term_string"}],"inLanguage":"tr"}]}},"_links":{"self":[{"href":"https:\/\/akerkimya.com\/eticaret\/wp-json\/wp\/v2\/product\/16299","targetHints":{"allow":["GET"]}}],"collection":[{"href":"https:\/\/akerkimya.com\/eticaret\/wp-json\/wp\/v2\/product"}],"about":[{"href":"https:\/\/akerkimya.com\/eticaret\/wp-json\/wp\/v2\/types\/product"}],"replies":[{"embeddable":true,"href":"https:\/\/akerkimya.com\/eticaret\/wp-json\/wp\/v2\/comments?post=16299"}],"version-history":[{"count":2,"href":"https:\/\/akerkimya.com\/eticaret\/wp-json\/wp\/v2\/product\/16299\/revisions"}],"predecessor-version":[{"id":16694,"href":"https:\/\/akerkimya.com\/eticaret\/wp-json\/wp\/v2\/product\/16299\/revisions\/16694"}],"wp:featuredmedia":[{"embeddable":true,"href":"https:\/\/akerkimya.com\/eticaret\/wp-json\/wp\/v2\/media\/16300"}],"wp:attachment":[{"href":"https:\/\/akerkimya.com\/eticaret\/wp-json\/wp\/v2\/media?parent=16299"}],"wp:term":[{"taxonomy":"product_cat","embeddable":true,"href":"https:\/\/akerkimya.com\/eticaret\/wp-json\/wp\/v2\/product_cat?post=16299"},{"taxonomy":"product_tag","embeddable":true,"href":"https:\/\/akerkimya.com\/eticaret\/wp-json\/wp\/v2\/product_tag?post=16299"}],"curies":[{"name":"wp","href":"https:\/\/api.w.org\/{rel}","templated":true}]}}