{"id":16311,"date":"2024-12-31T14:55:43","date_gmt":"2024-12-31T11:55:43","guid":{"rendered":"https:\/\/akerkimya.com\/eticaret\/?post_type=product&#038;p=16311"},"modified":"2026-03-30T02:23:48","modified_gmt":"2026-03-29T23:23:48","slug":"maleik-anhidrit","status":"publish","type":"product","link":"https:\/\/akerkimya.com\/eticaret\/urun\/maleik-anhidrit\/","title":{"rendered":"MALE\u0130K ANH\u0130DR\u0130T"},"content":{"rendered":"<h1>MALE\u0130K ANH\u0130DR\u0130T<\/h1>\n<p><strong>Maleik Anhidrit organik bir bile\u015fiktir. Maleik Anhidrit, Maleik asitin asit anhidritidir. Maleik Anhidrit Akrilik kokusu olan renksiz veya beyaz bir kat\u0131d\u0131r. Kaplamalar ve polimerler i\u00e7in end\u00fcstriyel olarak b\u00fcy\u00fck \u00f6l\u00e7ekli olarak \u00fcretilmektedir.\u00a0202 derecede dekompize olur. D\u00f6rt karbon atomu ve bir oksijen atomu i\u00e7eren halkal\u0131 siklik yap\u0131ya sahiptir. Asetonda \u00e7\u00f6z\u00fcl\u00fcr, suda hidrolize olur.Y\u00fcksek s\u0131cakl\u0131klarda kataliz\u00f6rle benzenin oksidasyonuyla \u00fcretilir.<\/strong><\/p>\n<p><strong>TEKN\u0130K \u00d6ZELL\u0130KLER<\/strong><\/p>\n<p><strong>CAS NO: 108-31-6<\/strong><\/p>\n<p><strong>E\u0130NECS NO: 203-571-6<\/strong><\/p>\n<p><strong>FORM\u00dcL: C4H2O3<\/strong><\/p>\n<p><strong>G\u00d6R\u00dcN\u00dcM: BEYAZ KATI<\/strong><\/p>\n<p><strong>SAFLIK: %99,8<\/strong><\/p>\n<p><strong>YO\u011eINLUK: 1,48 kg\/lt<\/strong><\/p>\n<p><strong>PARLAMA NOKTASI: 102 \u00b0C<\/strong><\/p>\n<p><strong>KAYNAMA NOKTASI: 202 \u00b0C<\/strong><\/p>\n<p><strong>\u00a0<\/strong><\/p>\n<p><strong>KULLANIM ALANLARI<\/strong><\/p>\n<p><strong>Maleik Anhidrit Polyester re\u00e7ine ve alkit re\u00e7ine imalat\u0131nda, B\u00f6cek ila\u00e7lar\u0131 \u00fcretiminde, 1,4-BDO ve THF \u00fcretiminde ara \u00fcr\u00fcn olarak kullan\u0131l\u0131r. Maleik Anhidrit Motor ya\u011f\u0131 katk\u0131 maddesi, suni tatland\u0131r\u0131c\u0131, g\u0131da zenginle\u015ftirici, ka\u011f\u0131t i\u015fleme, su ar\u0131tma kimyasal\u0131, epoksi sertle\u015ftirici, sa\u00e7 spreyi, farmas\u00f6tikler, tar\u0131m kimyasallar\u0131 ve kopolimerler gibi k\u00fc\u00e7\u00fck uygulamalarda kullan\u0131l\u0131r. Maleik Anhidrit boya ve kaplamalarda kullan\u0131lan alkid re\u00e7inelerin yap\u0131m\u0131nda, ila\u00e7lar ve zirai kimyasallar\u0131n \u00fcretiminde kullan\u0131l\u0131r.\u00a0Maleik anhidrit \u00fcretiminin yakla\u015f\u0131k% 50\u2019si doymam\u0131\u015f polyester re\u00e7inelerin (UPR) \u00fcretiminde kullan\u0131lmaktad\u0131r.\u00a0Maleik anhidritin en b\u00fcy\u00fck \u00a0kullan\u0131m\u0131, otomotiv, in\u015faat, denizcili\u011fe ait, t\u00fcketici mallar\u0131 ve zirai end\u00fcstrilerde lif takviyeli plastiklerde kullan\u0131m i\u00e7in doymam\u0131\u015f poliesterlerin \u00fcretiminde kullan\u0131m\u0131d\u0131r.\u00a0Yat tekneleri, banyo armat\u00fcrleri, otomobiller, tanklar ve borular gibi \u00e7ok \u00e7e\u015fitli uygulamalarda kullan\u0131lan cam elyaf takviyeli plastikler \u00fcretmek i\u00e7in UPR\u2019ye kesilmi\u015f cam elyaflar eklenir. Maleik anhidrit, termoplastik poli\u00fcretanlar, elastan \/ Elastan elyaflar\u0131, (PBT)Polib\u00fctinel Tereftakat re\u00e7ineleri ve di\u011fer bir\u00e7ok \u00fcr\u00fcn\u00fcn \u00fcretiminde kullan\u0131lan (BDO) 1,4\/butlndiol\u2019e hidrojene edilir. Maleik anhidrit i\u00e7in bir ba\u015fka pazar ise, benzin ve dizel motor karter ya\u011flar\u0131nda da\u011f\u0131t\u0131c\u0131 ve korozyon \u00f6nleyici olarak kullan\u0131lan ya\u011flama ya\u011f\u0131 katk\u0131 maddeleridir.<\/strong><\/p>\n<p><strong>G\u0131da end\u00fcstrisi, yapay tatland\u0131r\u0131c\u0131lar ve lezzet artt\u0131r\u0131c\u0131larda maleik anhidrit t\u00fcrevi olan malik asidi kullan\u0131r. Maleik anhidrit t\u00fcketen ki\u015fisel bak\u0131m \u00fcr\u00fcnleri aras\u0131nda sa\u00e7 spreyleri, yap\u0131\u015ft\u0131r\u0131c\u0131lar ve yer cilalar\u0131 bulunur. Maleik anhidrit ayr\u0131ca su ar\u0131tma muamele kimyasallar\u0131\u0131, b\u00f6cek \u00f6ld\u00fcr\u00fcc\u00fcler ve mantar \u00f6ld\u00fcr\u00fcc\u00fcler, farmas\u00f6tikler ve di\u011fer kopolimerler i\u00e7in kullan\u0131lan bile\u015fiklerin bir \u00f6nc\u00fcs\u00fcd\u00fcr. K\u00fcrleme ajan\u0131 olarak Epoksi re\u00e7inelerinde kullan\u0131l\u0131r.<\/strong><\/p>\n<p><strong>AMBALAJ<\/strong><\/p>\n<p><strong>1-5-25 kg torbalar halinde<\/strong><\/p>\n<p><strong>\u00a0<\/strong><\/p>\n<p><strong>\u00a0DEPOLAMA<\/strong><\/p>\n<p><strong>G\u00fcne\u015f \u0131\u015f\u0131\u011f\u0131na temas etmeyen kuru ve serin yerlerde muhafaza ediniz.<\/strong><\/p>\n<p><strong>\u00a0<\/strong><\/p>\n","protected":false},"excerpt":{"rendered":"<p>MALE\u0130K ANH\u0130DR\u0130T Maleik Anhidrit organik bir bile\u015fiktir. Maleik Anhidrit, Maleik asitin asit anhidritidir. Maleik Anhidrit Akrilik kokusu olan renksiz veya<\/p>\n","protected":false},"featured_media":16313,"comment_status":"open","ping_status":"closed","template":"","meta":{"_joinchat":[]},"product_cat":[70,76,79],"product_tag":[],"class_list":{"0":"post-16311","1":"product","2":"type-product","3":"status-publish","4":"has-post-thumbnail","6":"product_cat-boya-ve-yapi-kimyasallar","7":"product_cat-gida-ve-katki-kimyasallari","8":"product_cat-tarim-kimyasallari","10":"first","11":"instock","12":"shipping-taxable","13":"purchasable","14":"product-type-variable"},"yoast_head":"<!-- This site is optimized with the Yoast SEO Premium plugin v20.2.1 (Yoast SEO v20.2.1) - https:\/\/yoast.com\/wordpress\/plugins\/seo\/ -->\n<title>MALE\u0130K ANH\u0130DR\u0130T - Akerkimya<\/title>\n<meta name=\"robots\" content=\"index, follow, max-snippet:-1, max-image-preview:large, max-video-preview:-1\" \/>\n<link rel=\"canonical\" href=\"https:\/\/akerkimya.com\/eticaret\/urun\/maleik-anhidrit\/\" \/>\n<meta property=\"og:locale\" content=\"tr_TR\" \/>\n<meta property=\"og:type\" content=\"article\" \/>\n<meta property=\"og:title\" content=\"MALE\u0130K ANH\u0130DR\u0130T\" \/>\n<meta property=\"og:description\" content=\"MALE\u0130K ANH\u0130DR\u0130T Maleik Anhidrit organik bir bile\u015fiktir. Maleik Anhidrit, Maleik asitin asit anhidritidir. Maleik Anhidrit Akrilik kokusu olan renksiz veya\" \/>\n<meta property=\"og:url\" content=\"https:\/\/akerkimya.com\/eticaret\/urun\/maleik-anhidrit\/\" \/>\n<meta property=\"og:site_name\" content=\"Akerkimya\" \/>\n<meta property=\"article:modified_time\" content=\"2026-03-29T23:23:48+00:00\" \/>\n<meta property=\"og:image\" content=\"https:\/\/akerkimya.com\/eticaret\/wp-content\/uploads\/2024\/12\/MALEIK-ANHIDRIT-GUNCEL-.png\" \/>\n\t<meta property=\"og:image:width\" content=\"1000\" \/>\n\t<meta property=\"og:image:height\" content=\"1000\" \/>\n\t<meta property=\"og:image:type\" content=\"image\/png\" \/>\n<meta name=\"twitter:card\" content=\"summary_large_image\" \/>\n<meta name=\"twitter:label1\" content=\"Tahmini okuma s\u00fcresi\" \/>\n\t<meta name=\"twitter:data1\" content=\"2 dakika\" \/>\n<script type=\"application\/ld+json\" class=\"yoast-schema-graph\">{\"@context\":\"https:\/\/schema.org\",\"@graph\":[{\"@type\":\"WebPage\",\"@id\":\"https:\/\/akerkimya.com\/eticaret\/urun\/maleik-anhidrit\/\",\"url\":\"https:\/\/akerkimya.com\/eticaret\/urun\/maleik-anhidrit\/\",\"name\":\"MALE\u0130K ANH\u0130DR\u0130T - Akerkimya\",\"isPartOf\":{\"@id\":\"https:\/\/akerkimya.com\/eticaret\/#website\"},\"datePublished\":\"2024-12-31T11:55:43+00:00\",\"dateModified\":\"2026-03-29T23:23:48+00:00\",\"breadcrumb\":{\"@id\":\"https:\/\/akerkimya.com\/eticaret\/urun\/maleik-anhidrit\/#breadcrumb\"},\"inLanguage\":\"tr\",\"potentialAction\":[{\"@type\":\"ReadAction\",\"target\":[\"https:\/\/akerkimya.com\/eticaret\/urun\/maleik-anhidrit\/\"]}]},{\"@type\":\"BreadcrumbList\",\"@id\":\"https:\/\/akerkimya.com\/eticaret\/urun\/maleik-anhidrit\/#breadcrumb\",\"itemListElement\":[{\"@type\":\"ListItem\",\"position\":1,\"name\":\"Home\",\"item\":\"https:\/\/akerkimya.com\/eticaret\/\"},{\"@type\":\"ListItem\",\"position\":2,\"name\":\"Market\",\"item\":\"https:\/\/akerkimya.com\/eticaret\/market\/\"},{\"@type\":\"ListItem\",\"position\":3,\"name\":\"MALE\u0130K ANH\u0130DR\u0130T\"}]},{\"@type\":\"WebSite\",\"@id\":\"https:\/\/akerkimya.com\/eticaret\/#website\",\"url\":\"https:\/\/akerkimya.com\/eticaret\/\",\"name\":\"Akerkimya\",\"description\":\"\",\"potentialAction\":[{\"@type\":\"SearchAction\",\"target\":{\"@type\":\"EntryPoint\",\"urlTemplate\":\"https:\/\/akerkimya.com\/eticaret\/?s={search_term_string}\"},\"query-input\":\"required name=search_term_string\"}],\"inLanguage\":\"tr\"}]}<\/script>\n<!-- \/ Yoast SEO Premium plugin. -->","yoast_head_json":{"title":"MALE\u0130K ANH\u0130DR\u0130T - Akerkimya","robots":{"index":"index","follow":"follow","max-snippet":"max-snippet:-1","max-image-preview":"max-image-preview:large","max-video-preview":"max-video-preview:-1"},"canonical":"https:\/\/akerkimya.com\/eticaret\/urun\/maleik-anhidrit\/","og_locale":"tr_TR","og_type":"article","og_title":"MALE\u0130K ANH\u0130DR\u0130T","og_description":"MALE\u0130K ANH\u0130DR\u0130T Maleik Anhidrit organik bir bile\u015fiktir. Maleik Anhidrit, Maleik asitin asit anhidritidir. Maleik Anhidrit Akrilik kokusu olan renksiz veya","og_url":"https:\/\/akerkimya.com\/eticaret\/urun\/maleik-anhidrit\/","og_site_name":"Akerkimya","article_modified_time":"2026-03-29T23:23:48+00:00","og_image":[{"width":1000,"height":1000,"url":"https:\/\/akerkimya.com\/eticaret\/wp-content\/uploads\/2024\/12\/MALEIK-ANHIDRIT-GUNCEL-.png","type":"image\/png"}],"twitter_card":"summary_large_image","twitter_misc":{"Tahmini okuma s\u00fcresi":"2 dakika"},"schema":{"@context":"https:\/\/schema.org","@graph":[{"@type":"WebPage","@id":"https:\/\/akerkimya.com\/eticaret\/urun\/maleik-anhidrit\/","url":"https:\/\/akerkimya.com\/eticaret\/urun\/maleik-anhidrit\/","name":"MALE\u0130K ANH\u0130DR\u0130T - Akerkimya","isPartOf":{"@id":"https:\/\/akerkimya.com\/eticaret\/#website"},"datePublished":"2024-12-31T11:55:43+00:00","dateModified":"2026-03-29T23:23:48+00:00","breadcrumb":{"@id":"https:\/\/akerkimya.com\/eticaret\/urun\/maleik-anhidrit\/#breadcrumb"},"inLanguage":"tr","potentialAction":[{"@type":"ReadAction","target":["https:\/\/akerkimya.com\/eticaret\/urun\/maleik-anhidrit\/"]}]},{"@type":"BreadcrumbList","@id":"https:\/\/akerkimya.com\/eticaret\/urun\/maleik-anhidrit\/#breadcrumb","itemListElement":[{"@type":"ListItem","position":1,"name":"Home","item":"https:\/\/akerkimya.com\/eticaret\/"},{"@type":"ListItem","position":2,"name":"Market","item":"https:\/\/akerkimya.com\/eticaret\/market\/"},{"@type":"ListItem","position":3,"name":"MALE\u0130K ANH\u0130DR\u0130T"}]},{"@type":"WebSite","@id":"https:\/\/akerkimya.com\/eticaret\/#website","url":"https:\/\/akerkimya.com\/eticaret\/","name":"Akerkimya","description":"","potentialAction":[{"@type":"SearchAction","target":{"@type":"EntryPoint","urlTemplate":"https:\/\/akerkimya.com\/eticaret\/?s={search_term_string}"},"query-input":"required name=search_term_string"}],"inLanguage":"tr"}]}},"_links":{"self":[{"href":"https:\/\/akerkimya.com\/eticaret\/wp-json\/wp\/v2\/product\/16311","targetHints":{"allow":["GET"]}}],"collection":[{"href":"https:\/\/akerkimya.com\/eticaret\/wp-json\/wp\/v2\/product"}],"about":[{"href":"https:\/\/akerkimya.com\/eticaret\/wp-json\/wp\/v2\/types\/product"}],"replies":[{"embeddable":true,"href":"https:\/\/akerkimya.com\/eticaret\/wp-json\/wp\/v2\/comments?post=16311"}],"version-history":[{"count":2,"href":"https:\/\/akerkimya.com\/eticaret\/wp-json\/wp\/v2\/product\/16311\/revisions"}],"predecessor-version":[{"id":16692,"href":"https:\/\/akerkimya.com\/eticaret\/wp-json\/wp\/v2\/product\/16311\/revisions\/16692"}],"wp:featuredmedia":[{"embeddable":true,"href":"https:\/\/akerkimya.com\/eticaret\/wp-json\/wp\/v2\/media\/16313"}],"wp:attachment":[{"href":"https:\/\/akerkimya.com\/eticaret\/wp-json\/wp\/v2\/media?parent=16311"}],"wp:term":[{"taxonomy":"product_cat","embeddable":true,"href":"https:\/\/akerkimya.com\/eticaret\/wp-json\/wp\/v2\/product_cat?post=16311"},{"taxonomy":"product_tag","embeddable":true,"href":"https:\/\/akerkimya.com\/eticaret\/wp-json\/wp\/v2\/product_tag?post=16311"}],"curies":[{"name":"wp","href":"https:\/\/api.w.org\/{rel}","templated":true}]}}