{"id":16318,"date":"2024-12-31T14:58:43","date_gmt":"2024-12-31T11:58:43","guid":{"rendered":"https:\/\/akerkimya.com\/eticaret\/?post_type=product&#038;p=16318"},"modified":"2026-05-08T15:18:36","modified_gmt":"2026-05-08T12:18:36","slug":"mangan-oksit","status":"publish","type":"product","link":"https:\/\/akerkimya.com\/eticaret\/urun\/mangan-oksit\/","title":{"rendered":"MANGAN OKS\u0130T"},"content":{"rendered":"<h1><strong>MANGAN OKS\u0130T<\/strong><\/h1>\n<p><strong>Kahverengi yada siyah renkli inorganik bir bile\u015fiktir. Bu renklerin nedeni mangan\u0131n temel cevheri ve mangan yumrular\u0131n\u0131n bir komponenti olan mineral pirolusittendir.<\/strong><\/p>\n<p><strong>\u00a0<\/strong><\/p>\n<h3><strong>\u00d6zellikler ve Avantajlar\u0131<\/strong><\/h3>\n<p><strong>Do\u011fada mineraller halinde bulunur.<\/strong><\/p>\n<p><strong>Do\u011fadan do\u011fal olarak \u00e7\u0131kar\u0131lan bir hammaddedir.<\/strong><\/p>\n<p><strong>End\u00fcstriyel i\u015flem g\u00f6rmeden kullan\u0131labilir.<\/strong><\/p>\n<p><strong>Son derece iyi k\u00fcllenme sa\u011flamaktad\u0131r.<\/strong><\/p>\n<p><strong>Y\u00fcksek kaynama noktas\u0131na sahiptir.<\/strong><\/p>\n<p><strong>Mangan bile\u015fikleri ile doyurulan s\u0131rlarda metalik yans\u0131mal\u0131 y\u00fczeyler elde edilir.<\/strong><\/p>\n<p><strong>\u00a0<\/strong><\/p>\n<h3><strong>Teknik \u00d6zellikleri<\/strong><\/h3>\n<p><strong>K\u0130MYASAL FORM\u00dcL\u00dc:MnO2<\/strong><\/p>\n<p><strong>G\u00d6R\u00dcN\u00dcM: Kahverengi-siyah<\/strong><\/p>\n<p><strong>MOLEK\u00dcL APIRLI\u011eI: 87 g<\/strong><\/p>\n<p><strong>ER\u0130ME SICAKLI\u011eI: 535 C<\/strong><\/p>\n<p><strong>\u00c7\u00d6Z\u00dcNME: Nitrik asit ve hidrolik asit i\u00e7inde \u00e7\u00f6z\u00fcn\u00fcr.<\/strong><\/p>\n<p><strong>\u00a0<\/strong><\/p>\n<h3><strong>Kullan\u0131m Alanlar\u0131<\/strong><\/h3>\n<p><strong>Seramikte s\u00fcrlik tekni\u011fi uygulanarak eskitme yapmak i\u00e7in kullan\u0131l\u0131r.<\/strong><\/p>\n<p><strong>Pi\u015fmemi\u015f \u00e7amurda da kullan\u0131labilir.<\/strong><\/p>\n<p><strong>Yap\u0131s\u0131ndaki siyahl\u0131k nedeniyle boyama i\u015flemlerinde kullan\u0131l\u0131r.<\/strong><\/p>\n<p><strong>Tu\u011fla, seramik ve refrakter \u00fcretiminde kullan\u0131l\u0131r.<\/strong><\/p>\n<p><strong>Alkalin pil ve \u00e7inko-karbon pil gibi kuru h\u00fccreli pillerde kullan\u0131l\u0131r.<\/strong><\/p>\n<p><strong>Potasyum permanganat gibi di\u011fer mangan i\u00e7erikli bile\u015fiklerin \u00f6nc\u00fcs\u00fc olarak kullan\u0131l\u0131r.<\/strong><\/p>\n<p><strong>Kimya alan\u0131nda \u00f6zellikle indirgenme-y\u00fckseltgenme reaksiyonlarda kullan\u0131l\u0131r.<\/strong><\/p>\n<p><strong>Cam \u00fcretiminde inorganik pigment olarak kullan\u0131l\u0131r.<\/strong><\/p>\n<p><strong>Bitkilerde enzimlerin \u00e7al\u0131\u015fmas\u0131 i\u00e7in kullan\u0131l\u0131r ve bitkinin so\u011fu\u011fa kar\u015f\u0131 direncini artt\u0131r\u0131r.<\/strong><\/p>\n<p><strong>Elektrolit manganez \u00fcretiminde kullan\u0131l\u0131r.<\/strong><\/p>\n<p><strong>Boya sekt\u00f6r\u00fcnde ve renkli maddelerde kurutma maddesi olarak kullan\u0131l\u0131r.<\/strong><\/p>\n<p><strong>Hayvan yemi end\u00fcstrisinde eser elementi olarak kullan\u0131l\u0131r.<\/strong><\/p>\n<p><strong>Demir \u00e7elik ala\u015f\u0131m\u0131nda \u00e7ok kullan\u0131l\u0131r.<\/strong><\/p>\n<p><strong>\u00a0<\/strong><\/p>\n<p><strong>AMBALAJ<\/strong><\/p>\n<p><strong>1-5-25 kg torbalar halinde<\/strong><\/p>\n<p><strong>\u00a0<\/strong><\/p>\n<p><strong>DEPOLAMA\u00a0<\/strong><\/p>\n<p><strong>Serin ve kuru bir alanda torba i\u00e7in hava almayacak \u015fekilde muhafaza edilmelidir.<\/strong><\/p>\n<p><strong>\u00a0<\/strong><\/p>\n","protected":false},"excerpt":{"rendered":"<p>MANGAN OKS\u0130T Kahverengi yada siyah renkli inorganik bir bile\u015fiktir. Bu renklerin nedeni mangan\u0131n temel cevheri ve mangan yumrular\u0131n\u0131n bir komponenti<\/p>\n","protected":false},"featured_media":16319,"comment_status":"open","ping_status":"closed","template":"","meta":{"_joinchat":[]},"product_cat":[70,72,79,81],"product_tag":[],"class_list":{"0":"post-16318","1":"product","2":"type-product","3":"status-publish","4":"has-post-thumbnail","6":"product_cat-boya-ve-yapi-kimyasallar","7":"product_cat-cam-ve-seramik-kimyasallari","8":"product_cat-tarim-kimyasallari","9":"product_cat-yem-katki-kimyasallari","11":"first","12":"instock","13":"shipping-taxable","14":"purchasable","15":"product-type-variable"},"yoast_head":"<!-- This site is optimized with the Yoast SEO Premium plugin v20.2.1 (Yoast SEO v20.2.1) - https:\/\/yoast.com\/wordpress\/plugins\/seo\/ -->\n<title>MANGAN OKS\u0130T - Akerkimya<\/title>\n<meta name=\"robots\" content=\"index, follow, max-snippet:-1, max-image-preview:large, max-video-preview:-1\" \/>\n<link rel=\"canonical\" href=\"https:\/\/akerkimya.com\/eticaret\/urun\/mangan-oksit\/\" \/>\n<meta property=\"og:locale\" content=\"tr_TR\" \/>\n<meta property=\"og:type\" content=\"article\" \/>\n<meta property=\"og:title\" content=\"MANGAN OKS\u0130T\" \/>\n<meta property=\"og:description\" content=\"MANGAN OKS\u0130T Kahverengi yada siyah renkli inorganik bir bile\u015fiktir. Bu renklerin nedeni mangan\u0131n temel cevheri ve mangan yumrular\u0131n\u0131n bir komponenti\" \/>\n<meta property=\"og:url\" content=\"https:\/\/akerkimya.com\/eticaret\/urun\/mangan-oksit\/\" \/>\n<meta property=\"og:site_name\" content=\"Akerkimya\" \/>\n<meta property=\"article:modified_time\" content=\"2026-05-08T12:18:36+00:00\" \/>\n<meta property=\"og:image\" content=\"https:\/\/akerkimya.com\/eticaret\/wp-content\/uploads\/2024\/12\/MANGAN-OKSIT-GUNCEL-.png\" \/>\n\t<meta property=\"og:image:width\" content=\"1000\" \/>\n\t<meta property=\"og:image:height\" content=\"1000\" \/>\n\t<meta property=\"og:image:type\" content=\"image\/png\" \/>\n<meta name=\"twitter:card\" content=\"summary_large_image\" \/>\n<meta name=\"twitter:label1\" content=\"Tahmini okuma s\u00fcresi\" \/>\n\t<meta name=\"twitter:data1\" content=\"1 dakika\" \/>\n<script type=\"application\/ld+json\" class=\"yoast-schema-graph\">{\"@context\":\"https:\/\/schema.org\",\"@graph\":[{\"@type\":\"WebPage\",\"@id\":\"https:\/\/akerkimya.com\/eticaret\/urun\/mangan-oksit\/\",\"url\":\"https:\/\/akerkimya.com\/eticaret\/urun\/mangan-oksit\/\",\"name\":\"MANGAN OKS\u0130T - Akerkimya\",\"isPartOf\":{\"@id\":\"https:\/\/akerkimya.com\/eticaret\/#website\"},\"datePublished\":\"2024-12-31T11:58:43+00:00\",\"dateModified\":\"2026-05-08T12:18:36+00:00\",\"breadcrumb\":{\"@id\":\"https:\/\/akerkimya.com\/eticaret\/urun\/mangan-oksit\/#breadcrumb\"},\"inLanguage\":\"tr\",\"potentialAction\":[{\"@type\":\"ReadAction\",\"target\":[\"https:\/\/akerkimya.com\/eticaret\/urun\/mangan-oksit\/\"]}]},{\"@type\":\"BreadcrumbList\",\"@id\":\"https:\/\/akerkimya.com\/eticaret\/urun\/mangan-oksit\/#breadcrumb\",\"itemListElement\":[{\"@type\":\"ListItem\",\"position\":1,\"name\":\"Home\",\"item\":\"https:\/\/akerkimya.com\/eticaret\/\"},{\"@type\":\"ListItem\",\"position\":2,\"name\":\"Market\",\"item\":\"https:\/\/akerkimya.com\/eticaret\/market\/\"},{\"@type\":\"ListItem\",\"position\":3,\"name\":\"MANGAN OKS\u0130T\"}]},{\"@type\":\"WebSite\",\"@id\":\"https:\/\/akerkimya.com\/eticaret\/#website\",\"url\":\"https:\/\/akerkimya.com\/eticaret\/\",\"name\":\"Akerkimya\",\"description\":\"\",\"potentialAction\":[{\"@type\":\"SearchAction\",\"target\":{\"@type\":\"EntryPoint\",\"urlTemplate\":\"https:\/\/akerkimya.com\/eticaret\/?s={search_term_string}\"},\"query-input\":\"required name=search_term_string\"}],\"inLanguage\":\"tr\"}]}<\/script>\n<!-- \/ Yoast SEO Premium plugin. -->","yoast_head_json":{"title":"MANGAN OKS\u0130T - Akerkimya","robots":{"index":"index","follow":"follow","max-snippet":"max-snippet:-1","max-image-preview":"max-image-preview:large","max-video-preview":"max-video-preview:-1"},"canonical":"https:\/\/akerkimya.com\/eticaret\/urun\/mangan-oksit\/","og_locale":"tr_TR","og_type":"article","og_title":"MANGAN OKS\u0130T","og_description":"MANGAN OKS\u0130T Kahverengi yada siyah renkli inorganik bir bile\u015fiktir. Bu renklerin nedeni mangan\u0131n temel cevheri ve mangan yumrular\u0131n\u0131n bir komponenti","og_url":"https:\/\/akerkimya.com\/eticaret\/urun\/mangan-oksit\/","og_site_name":"Akerkimya","article_modified_time":"2026-05-08T12:18:36+00:00","og_image":[{"width":1000,"height":1000,"url":"https:\/\/akerkimya.com\/eticaret\/wp-content\/uploads\/2024\/12\/MANGAN-OKSIT-GUNCEL-.png","type":"image\/png"}],"twitter_card":"summary_large_image","twitter_misc":{"Tahmini okuma s\u00fcresi":"1 dakika"},"schema":{"@context":"https:\/\/schema.org","@graph":[{"@type":"WebPage","@id":"https:\/\/akerkimya.com\/eticaret\/urun\/mangan-oksit\/","url":"https:\/\/akerkimya.com\/eticaret\/urun\/mangan-oksit\/","name":"MANGAN OKS\u0130T - Akerkimya","isPartOf":{"@id":"https:\/\/akerkimya.com\/eticaret\/#website"},"datePublished":"2024-12-31T11:58:43+00:00","dateModified":"2026-05-08T12:18:36+00:00","breadcrumb":{"@id":"https:\/\/akerkimya.com\/eticaret\/urun\/mangan-oksit\/#breadcrumb"},"inLanguage":"tr","potentialAction":[{"@type":"ReadAction","target":["https:\/\/akerkimya.com\/eticaret\/urun\/mangan-oksit\/"]}]},{"@type":"BreadcrumbList","@id":"https:\/\/akerkimya.com\/eticaret\/urun\/mangan-oksit\/#breadcrumb","itemListElement":[{"@type":"ListItem","position":1,"name":"Home","item":"https:\/\/akerkimya.com\/eticaret\/"},{"@type":"ListItem","position":2,"name":"Market","item":"https:\/\/akerkimya.com\/eticaret\/market\/"},{"@type":"ListItem","position":3,"name":"MANGAN OKS\u0130T"}]},{"@type":"WebSite","@id":"https:\/\/akerkimya.com\/eticaret\/#website","url":"https:\/\/akerkimya.com\/eticaret\/","name":"Akerkimya","description":"","potentialAction":[{"@type":"SearchAction","target":{"@type":"EntryPoint","urlTemplate":"https:\/\/akerkimya.com\/eticaret\/?s={search_term_string}"},"query-input":"required name=search_term_string"}],"inLanguage":"tr"}]}},"_links":{"self":[{"href":"https:\/\/akerkimya.com\/eticaret\/wp-json\/wp\/v2\/product\/16318","targetHints":{"allow":["GET"]}}],"collection":[{"href":"https:\/\/akerkimya.com\/eticaret\/wp-json\/wp\/v2\/product"}],"about":[{"href":"https:\/\/akerkimya.com\/eticaret\/wp-json\/wp\/v2\/types\/product"}],"replies":[{"embeddable":true,"href":"https:\/\/akerkimya.com\/eticaret\/wp-json\/wp\/v2\/comments?post=16318"}],"version-history":[{"count":2,"href":"https:\/\/akerkimya.com\/eticaret\/wp-json\/wp\/v2\/product\/16318\/revisions"}],"predecessor-version":[{"id":16691,"href":"https:\/\/akerkimya.com\/eticaret\/wp-json\/wp\/v2\/product\/16318\/revisions\/16691"}],"wp:featuredmedia":[{"embeddable":true,"href":"https:\/\/akerkimya.com\/eticaret\/wp-json\/wp\/v2\/media\/16319"}],"wp:attachment":[{"href":"https:\/\/akerkimya.com\/eticaret\/wp-json\/wp\/v2\/media?parent=16318"}],"wp:term":[{"taxonomy":"product_cat","embeddable":true,"href":"https:\/\/akerkimya.com\/eticaret\/wp-json\/wp\/v2\/product_cat?post=16318"},{"taxonomy":"product_tag","embeddable":true,"href":"https:\/\/akerkimya.com\/eticaret\/wp-json\/wp\/v2\/product_tag?post=16318"}],"curies":[{"name":"wp","href":"https:\/\/api.w.org\/{rel}","templated":true}]}}