{"id":16324,"date":"2024-12-31T15:04:02","date_gmt":"2024-12-31T12:04:02","guid":{"rendered":"https:\/\/akerkimya.com\/eticaret\/?post_type=product&#038;p=16324"},"modified":"2026-03-30T02:23:49","modified_gmt":"2026-03-29T23:23:49","slug":"mangan-sulfat","status":"publish","type":"product","link":"https:\/\/akerkimya.com\/eticaret\/urun\/mangan-sulfat\/","title":{"rendered":"MANGAN S\u00dcLFAT"},"content":{"rendered":"<h1>MANGAN S\u00dcLFAT<\/h1>\n<p><strong>Mangan s\u00fclfat, MnSO4 form\u00fcl\u00fcne sahip inorganik bir bile\u015fiktir. Ticari a\u00e7\u0131dan \u00f6nemli bir mangan(II) tuzudur. Manganez cevherlerinin s\u00fclfirik asit ile reaksiyona sokulmas\u0131 ile mangan di oksit ekstrakte edilir. Bu \u015fekilde mangan s\u00fclfat \u00fcretilir. Bir\u00e7ok metal s\u00fclfat gibi mangan s\u00fclfat da monohidrat, tetrahidrat, pentahidrat, heptahidrat gibi \u00e7e\u015fitli hidratlardan olu\u015fur. Bunlardan en yayg\u0131n olan\u0131 monohidratt\u0131r.<\/strong><\/p>\n<p><strong>\u00a0<\/strong><\/p>\n<p><strong>MANGAN S\u00dcLFAT \u00d6ZELL\u0130KLER\u0130<\/strong><\/p>\n<p><strong>Fiziksel g\u00f6r\u00fcn\u00fcm\u00fc beyaz kristal formdad\u0131r.<\/strong><\/p>\n<p><strong>Metanol i\u00e7inde \u00e7ok az \u00e7\u00f6z\u00fcn\u00fcr.<\/strong><\/p>\n<p><strong>850 \u00b0C \u00fczerinde ayr\u0131\u015farak bozunmaktad\u0131r.<\/strong><\/p>\n<p><strong>\u00a0<\/strong><\/p>\n<p><strong>TEKN\u0130K \u00d6ZELL\u0130KLER\u0130<\/strong><\/p>\n<p><strong>CAS NUMARASI: 7785-87-7<\/strong><\/p>\n<p><strong>EC NUMARASI: 232-089-9<\/strong><\/p>\n<p><strong>K\u0130MYASAL ADI: Mangan S\u00fclfat, Manganez s\u00fclfat, Mangan S\u00fclfat Monohidrat<\/strong><\/p>\n<p><strong>MOLEK\u00dcL FORM\u00dcL\u00dc: MnSO4<\/strong><\/p>\n<p><strong>MOLAR K\u00dcTLE: 151.001 g\/mol (susuz)<\/strong><\/p>\n<p><strong>\u00a0\u00a0\u00a0\u00a0\u00a0\u00a0\u00a0\u00a0\u00a0\u00a0\u00a0\u00a0\u00a0\u00a0\u00a0\u00a0\u00a0\u00a0\u00a0\u00a0\u00a0\u00a0\u00a0\u00a0\u00a0\u00a0\u00a0\u00a0 169.02 g\/mol(monohidrat)<\/strong><\/p>\n<p><strong>\u00a0\u00a0\u00a0\u00a0\u00a0\u00a0\u00a0\u00a0\u00a0\u00a0\u00a0\u00a0\u00a0\u00a0\u00a0\u00a0\u00a0\u00a0\u00a0\u00a0\u00a0\u00a0\u00a0\u00a0\u00a0\u00a0\u00a0\u00a0 223.07 g\/mol (tetrahidrat)<\/strong><\/p>\n<p><strong>\u00a0\u00a0\u00a0\u00a0\u00a0\u00a0\u00a0\u00a0\u00a0\u00a0\u00a0\u00a0\u00a0\u00a0\u00a0\u00a0\u00a0\u00a0\u00a0\u00a0\u00a0\u00a0\u00a0\u00a0\u00a0\u00a0\u00a0\u00a0 277.11 g\/mol (heptahidrat)<\/strong><\/p>\n<p><strong>YO\u011eUNLUK: 3.25 g\/cm\u00b3 (susuz)<\/strong><\/p>\n<p><strong>\u00a0\u00a0\u00a0\u00a0\u00a0\u00a0\u00a0\u00a0\u00a0\u00a0\u00a0\u00a0\u00a0\u00a0\u00a0\u00a0\u00a0\u00a0 2.95 g\/cm\u00b3 (monohidrat)<\/strong><\/p>\n<p><strong>\u00a0\u00a0\u00a0\u00a0\u00a0\u00a0\u00a0\u00a0\u00a0\u00a0\u00a0\u00a0\u00a0\u00a0\u00a0\u00a0\u00a0\u00a0 2.107 g\/cm\u00b3 (tetrahidrat)<\/strong><\/p>\n<p><strong>ER\u0130ME NOKTASI: 710 \u00b0C (susuz)<\/strong><\/p>\n<p><strong>\u00a0\u00a0\u00a0\u00a0\u00a0\u00a0\u00a0\u00a0\u00a0\u00a0\u00a0\u00a0\u00a0\u00a0\u00a0\u00a0\u00a0\u00a0\u00a0\u00a0\u00a0\u00a0\u00a0\u00a0\u00a0\u00a0\u00a0\u00a0\u00a0\u00a0 27 \u00b0C (tetrahidrat)<\/strong><\/p>\n<p><strong>KAYNAMA NOKTASI: 850 \u00b0C (susuz)<\/strong><\/p>\n<p><strong>\u00c7\u00d6Z\u00dcN\u00dcRL\u00dcK (SU \u0130\u00c7\u0130NDE): 52 g\/ml (5\u00b0C)<\/strong><\/p>\n<p><strong>\u00a0\u00a0\u00a0\u00a0\u00a0\u00a0\u00a0\u00a0\u00a0\u00a0\u00a0\u00a0\u00a0\u00a0\u00a0\u00a0\u00a0\u00a0\u00a0\u00a0\u00a0\u00a0\u00a0\u00a0\u00a0\u00a0\u00a0\u00a0\u00a0\u00a0\u00a0\u00a0\u00a0\u00a0\u00a0\u00a0\u00a0\u00a0\u00a0\u00a0\u00a0\u00a0\u00a0\u00a0\u00a0\u00a0\u00a0 70 g\/ml (70\u00b0C)<\/strong><\/p>\n<p><strong>\u00c7\u00d6Z\u00dcN\u00dcRL\u00dcK: Metanolde \u00e7ok az \u00e7\u00f6z\u00fcn\u00fcr. Eter ve etanolde \u00e7\u00f6z\u00fcnmez.<\/strong><\/p>\n<p><strong>\u00a0<\/strong><\/p>\n<p><strong>KULLANIM ALANLARI<\/strong><\/p>\n<p><strong>\u0130\u00e7me sular\u0131n ar\u0131t\u0131lmas\u0131nda kullan\u0131l\u0131r.<\/strong><\/p>\n<p><strong>Mera hayvanlar\u0131n mangan eksikli\u011fini gidermek ve sa\u011fl\u0131kl\u0131 b\u00fcy\u00fcmesi i\u00e7in mangan s\u00fclfat takviyeli kimyasal \u00fcr\u00fcnlerde kullan\u0131l\u0131r.<\/strong><\/p>\n<p><strong>Seramik sekt\u00f6r\u00fcnde, dezenfeksiyon i\u015fleminde kullan\u0131l\u0131r.<\/strong><\/p>\n<p><strong>Lityum iyon pillerin ve normal pillerin imalat\u0131nda kullan\u0131l\u0131r.<\/strong><\/p>\n<p><strong>Kire\u00e7li topraklarda, alkalin topraklarda mangan eksikli\u011finin giderilmesi amac\u0131yla g\u00fcbre \u00fcretiminde kullan\u0131l\u0131r.<\/strong><\/p>\n<p><strong>Boya sekt\u00f6r\u00fcnde vernikler ve renkli maddelerde kurutma maddesi olarak kullan\u0131l\u0131r.<\/strong><\/p>\n<p><strong>Manganez ve al\u00fcminyum i\u00e7erikli ala\u015f\u0131mlar\u0131n korozyona u\u011framamas\u0131 i\u00e7in mangan s\u00fclfat kullan\u0131l\u0131r.<\/strong><\/p>\n<p><strong>\u00c7elik yap\u0131m a\u015famas\u0131nda dayan\u0131kl\u0131l\u0131\u011f\u0131 artt\u0131rmak amac\u0131yla kullan\u0131l\u0131r.<\/strong><\/p>\n<p><strong>Kimya sekt\u00f6r\u00fcnde indirgeme-y\u00fckseltgeme tepkimelerinde kullan\u0131lmaktad\u0131r. Elektrolit manganez \u00fcretiminde de kullan\u0131l\u0131r.<\/strong><\/p>\n<p><strong>Maden cevheri y\u00fczd\u00fcrmede kullan\u0131l\u0131r.<\/strong><\/p>\n<p><strong>Veteriner ila\u00e7lar\u0131nda, kataliz\u00f6r g\u00f6revinde, mantar giderici, g\u0131da destekleyici gibi bir\u00e7ok kullan\u0131m alan\u0131 mevcuttur.<\/strong><\/p>\n<p><strong>\u00a0<\/strong><\/p>\n<p><strong>AMBALAJ<\/strong><\/p>\n<p><strong>1-5-25 kg ambalajlar halinde.<\/strong><\/p>\n<p><strong>\u00a0<\/strong><\/p>\n<p><strong>DEPOLAMA<\/strong><\/p>\n<p><strong>Serin ve nem olmayan yerde ve kapal\u0131 ambalajlarda muhafaza edilmelidir.<\/strong><\/p>\n","protected":false},"excerpt":{"rendered":"<p>MANGAN S\u00dcLFAT Mangan s\u00fclfat, MnSO4 form\u00fcl\u00fcne sahip inorganik bir bile\u015fiktir. Ticari a\u00e7\u0131dan \u00f6nemli bir mangan(II) tuzudur. Manganez cevherlerinin s\u00fclfirik asit<\/p>\n","protected":false},"featured_media":16325,"comment_status":"open","ping_status":"closed","template":"","meta":{"_joinchat":[]},"product_cat":[70,72,79,81],"product_tag":[],"class_list":{"0":"post-16324","1":"product","2":"type-product","3":"status-publish","4":"has-post-thumbnail","6":"product_cat-boya-ve-yapi-kimyasallar","7":"product_cat-cam-ve-seramik-kimyasallari","8":"product_cat-tarim-kimyasallari","9":"product_cat-yem-katki-kimyasallari","11":"first","12":"instock","13":"shipping-taxable","14":"purchasable","15":"product-type-variable"},"yoast_head":"<!-- This site is optimized with the Yoast SEO Premium plugin v20.2.1 (Yoast SEO v20.2.1) - https:\/\/yoast.com\/wordpress\/plugins\/seo\/ -->\n<title>MANGAN S\u00dcLFAT - Akerkimya<\/title>\n<meta name=\"robots\" content=\"index, follow, max-snippet:-1, max-image-preview:large, max-video-preview:-1\" \/>\n<link rel=\"canonical\" href=\"https:\/\/akerkimya.com\/eticaret\/urun\/mangan-sulfat\/\" \/>\n<meta property=\"og:locale\" content=\"tr_TR\" \/>\n<meta property=\"og:type\" content=\"article\" \/>\n<meta property=\"og:title\" content=\"MANGAN S\u00dcLFAT\" \/>\n<meta property=\"og:description\" content=\"MANGAN S\u00dcLFAT Mangan s\u00fclfat, MnSO4 form\u00fcl\u00fcne sahip inorganik bir bile\u015fiktir. Ticari a\u00e7\u0131dan \u00f6nemli bir mangan(II) tuzudur. Manganez cevherlerinin s\u00fclfirik asit\" \/>\n<meta property=\"og:url\" content=\"https:\/\/akerkimya.com\/eticaret\/urun\/mangan-sulfat\/\" \/>\n<meta property=\"og:site_name\" content=\"Akerkimya\" \/>\n<meta property=\"article:modified_time\" content=\"2026-03-29T23:23:49+00:00\" \/>\n<meta property=\"og:image\" content=\"https:\/\/akerkimya.com\/eticaret\/wp-content\/uploads\/2024\/12\/MANGAN-SULFAT-GUNCEL-.png\" \/>\n\t<meta property=\"og:image:width\" content=\"1000\" \/>\n\t<meta property=\"og:image:height\" content=\"1000\" \/>\n\t<meta property=\"og:image:type\" content=\"image\/png\" \/>\n<meta name=\"twitter:card\" content=\"summary_large_image\" \/>\n<meta name=\"twitter:label1\" content=\"Tahmini okuma s\u00fcresi\" \/>\n\t<meta name=\"twitter:data1\" content=\"2 dakika\" \/>\n<script type=\"application\/ld+json\" class=\"yoast-schema-graph\">{\"@context\":\"https:\/\/schema.org\",\"@graph\":[{\"@type\":\"WebPage\",\"@id\":\"https:\/\/akerkimya.com\/eticaret\/urun\/mangan-sulfat\/\",\"url\":\"https:\/\/akerkimya.com\/eticaret\/urun\/mangan-sulfat\/\",\"name\":\"MANGAN S\u00dcLFAT - Akerkimya\",\"isPartOf\":{\"@id\":\"https:\/\/akerkimya.com\/eticaret\/#website\"},\"datePublished\":\"2024-12-31T12:04:02+00:00\",\"dateModified\":\"2026-03-29T23:23:49+00:00\",\"breadcrumb\":{\"@id\":\"https:\/\/akerkimya.com\/eticaret\/urun\/mangan-sulfat\/#breadcrumb\"},\"inLanguage\":\"tr\",\"potentialAction\":[{\"@type\":\"ReadAction\",\"target\":[\"https:\/\/akerkimya.com\/eticaret\/urun\/mangan-sulfat\/\"]}]},{\"@type\":\"BreadcrumbList\",\"@id\":\"https:\/\/akerkimya.com\/eticaret\/urun\/mangan-sulfat\/#breadcrumb\",\"itemListElement\":[{\"@type\":\"ListItem\",\"position\":1,\"name\":\"Home\",\"item\":\"https:\/\/akerkimya.com\/eticaret\/\"},{\"@type\":\"ListItem\",\"position\":2,\"name\":\"Market\",\"item\":\"https:\/\/akerkimya.com\/eticaret\/market\/\"},{\"@type\":\"ListItem\",\"position\":3,\"name\":\"MANGAN S\u00dcLFAT\"}]},{\"@type\":\"WebSite\",\"@id\":\"https:\/\/akerkimya.com\/eticaret\/#website\",\"url\":\"https:\/\/akerkimya.com\/eticaret\/\",\"name\":\"Akerkimya\",\"description\":\"\",\"potentialAction\":[{\"@type\":\"SearchAction\",\"target\":{\"@type\":\"EntryPoint\",\"urlTemplate\":\"https:\/\/akerkimya.com\/eticaret\/?s={search_term_string}\"},\"query-input\":\"required name=search_term_string\"}],\"inLanguage\":\"tr\"}]}<\/script>\n<!-- \/ Yoast SEO Premium plugin. -->","yoast_head_json":{"title":"MANGAN S\u00dcLFAT - Akerkimya","robots":{"index":"index","follow":"follow","max-snippet":"max-snippet:-1","max-image-preview":"max-image-preview:large","max-video-preview":"max-video-preview:-1"},"canonical":"https:\/\/akerkimya.com\/eticaret\/urun\/mangan-sulfat\/","og_locale":"tr_TR","og_type":"article","og_title":"MANGAN S\u00dcLFAT","og_description":"MANGAN S\u00dcLFAT Mangan s\u00fclfat, MnSO4 form\u00fcl\u00fcne sahip inorganik bir bile\u015fiktir. Ticari a\u00e7\u0131dan \u00f6nemli bir mangan(II) tuzudur. Manganez cevherlerinin s\u00fclfirik asit","og_url":"https:\/\/akerkimya.com\/eticaret\/urun\/mangan-sulfat\/","og_site_name":"Akerkimya","article_modified_time":"2026-03-29T23:23:49+00:00","og_image":[{"width":1000,"height":1000,"url":"https:\/\/akerkimya.com\/eticaret\/wp-content\/uploads\/2024\/12\/MANGAN-SULFAT-GUNCEL-.png","type":"image\/png"}],"twitter_card":"summary_large_image","twitter_misc":{"Tahmini okuma s\u00fcresi":"2 dakika"},"schema":{"@context":"https:\/\/schema.org","@graph":[{"@type":"WebPage","@id":"https:\/\/akerkimya.com\/eticaret\/urun\/mangan-sulfat\/","url":"https:\/\/akerkimya.com\/eticaret\/urun\/mangan-sulfat\/","name":"MANGAN S\u00dcLFAT - Akerkimya","isPartOf":{"@id":"https:\/\/akerkimya.com\/eticaret\/#website"},"datePublished":"2024-12-31T12:04:02+00:00","dateModified":"2026-03-29T23:23:49+00:00","breadcrumb":{"@id":"https:\/\/akerkimya.com\/eticaret\/urun\/mangan-sulfat\/#breadcrumb"},"inLanguage":"tr","potentialAction":[{"@type":"ReadAction","target":["https:\/\/akerkimya.com\/eticaret\/urun\/mangan-sulfat\/"]}]},{"@type":"BreadcrumbList","@id":"https:\/\/akerkimya.com\/eticaret\/urun\/mangan-sulfat\/#breadcrumb","itemListElement":[{"@type":"ListItem","position":1,"name":"Home","item":"https:\/\/akerkimya.com\/eticaret\/"},{"@type":"ListItem","position":2,"name":"Market","item":"https:\/\/akerkimya.com\/eticaret\/market\/"},{"@type":"ListItem","position":3,"name":"MANGAN S\u00dcLFAT"}]},{"@type":"WebSite","@id":"https:\/\/akerkimya.com\/eticaret\/#website","url":"https:\/\/akerkimya.com\/eticaret\/","name":"Akerkimya","description":"","potentialAction":[{"@type":"SearchAction","target":{"@type":"EntryPoint","urlTemplate":"https:\/\/akerkimya.com\/eticaret\/?s={search_term_string}"},"query-input":"required name=search_term_string"}],"inLanguage":"tr"}]}},"_links":{"self":[{"href":"https:\/\/akerkimya.com\/eticaret\/wp-json\/wp\/v2\/product\/16324","targetHints":{"allow":["GET"]}}],"collection":[{"href":"https:\/\/akerkimya.com\/eticaret\/wp-json\/wp\/v2\/product"}],"about":[{"href":"https:\/\/akerkimya.com\/eticaret\/wp-json\/wp\/v2\/types\/product"}],"replies":[{"embeddable":true,"href":"https:\/\/akerkimya.com\/eticaret\/wp-json\/wp\/v2\/comments?post=16324"}],"version-history":[{"count":3,"href":"https:\/\/akerkimya.com\/eticaret\/wp-json\/wp\/v2\/product\/16324\/revisions"}],"predecessor-version":[{"id":18850,"href":"https:\/\/akerkimya.com\/eticaret\/wp-json\/wp\/v2\/product\/16324\/revisions\/18850"}],"wp:featuredmedia":[{"embeddable":true,"href":"https:\/\/akerkimya.com\/eticaret\/wp-json\/wp\/v2\/media\/16325"}],"wp:attachment":[{"href":"https:\/\/akerkimya.com\/eticaret\/wp-json\/wp\/v2\/media?parent=16324"}],"wp:term":[{"taxonomy":"product_cat","embeddable":true,"href":"https:\/\/akerkimya.com\/eticaret\/wp-json\/wp\/v2\/product_cat?post=16324"},{"taxonomy":"product_tag","embeddable":true,"href":"https:\/\/akerkimya.com\/eticaret\/wp-json\/wp\/v2\/product_tag?post=16324"}],"curies":[{"name":"wp","href":"https:\/\/api.w.org\/{rel}","templated":true}]}}