{"id":16330,"date":"2024-12-31T15:09:34","date_gmt":"2024-12-31T12:09:34","guid":{"rendered":"https:\/\/akerkimya.com\/eticaret\/?post_type=product&#038;p=16330"},"modified":"2026-03-30T02:23:49","modified_gmt":"2026-03-29T23:23:49","slug":"melamin","status":"publish","type":"product","link":"https:\/\/akerkimya.com\/eticaret\/urun\/melamin\/","title":{"rendered":"MELAM\u0130N"},"content":{"rendered":"<h1>MELAM\u0130N<\/h1>\n<p><strong>Melamin, yap\u0131s\u0131 sebebiyle zor k\u0131r\u0131lan ve uzun \u00f6m\u00fcrl\u00fc kullan\u0131labilen organik k\u00f6kenli bir maddedir.<\/strong><\/p>\n<p><strong>MELAM\u0130N \u00d6ZELL\u0130KLER\u0130<\/strong><\/p>\n<p><strong>Melamin, yap\u0131s\u0131 sebebiyle zor k\u0131r\u0131lan ve uzun \u00f6m\u00fcrl\u00fc kullan\u0131labilen organik k\u00f6kenli bir maddedir. Y\u00fczde 66\u2018s\u0131n\u0131 olu\u015fturan nitrojen sayesinde \u0131s\u0131ya dayan\u0131kl\u0131d\u0131r ve alev almay\u0131 geciktiricidir. Normal \u015fartlarda suda \u00e7\u00f6z\u00fclebilen Melamin, yan\u0131c\u0131 ve zehirli bir kimyasal olan Formaldehid ile birle\u015fti\u011finde suda \u00e7\u00f6z\u00fcnmeyen, sert ve zor k\u0131r\u0131lan, dayan\u0131kl\u0131 bir madde haline gelir.<\/strong><\/p>\n<p><strong>TEKN\u0130K \u00d6ZELL\u0130KLER\u0130<\/strong><\/p>\n<p><strong>FORM\u00dcL: C3H6N6<\/strong><\/p>\n<p><strong>ER\u0130ME NOKTASI: 345 C<\/strong><\/p>\n<p><strong>MOLAR K\u00dcTLE: 126,12 g \/mol<\/strong><\/p>\n<p><strong>YO\u011eUNLUK: 1,57 gr\/cm3<\/strong><\/p>\n<p><strong>G\u00d6R\u00dcN\u00dcM: Beyaz toz<\/strong><\/p>\n<p><strong>\u00c7\u00d6Z\u00dcN\u00dcRL\u00dcK: Su i\u00e7erisinde<\/strong><\/p>\n<p><strong>\u00a0<\/strong><\/p>\n<p><strong>KULLANIM ALANLARI<\/strong><\/p>\n<p><strong>Y\u00fcksek bas\u0131n\u00e7l\u0131 laminelerin hammaddesi olarak kullan\u0131l\u0131r.<\/strong><\/p>\n<p><strong>Mutfak tezg\u00e2hlar\u0131n\u0131n yap\u0131 ta\u015f\u0131 olan melamin re\u00e7inesi \u00fcretiminde kullan\u0131l\u0131r.<\/strong><\/p>\n<p><strong>Sofra ve mutfak malzemelerinde \u00e7ok s\u0131k kullan\u0131l\u0131r.<\/strong><\/p>\n<p><strong>Melamin k\u00f6p\u00fck yal\u0131t\u0131m ve ses yal\u0131t\u0131m malzemesi olarak kullan\u0131l\u0131r.<\/strong><\/p>\n<p><strong>Polimerik temizlik malzemelerinin \u00fcretiminde kullan\u0131l\u0131r.<\/strong><\/p>\n<p><strong>Plastik ve m\u00fcrekkeplerde bir renklendirici olarak kullan\u0131l\u0131r.<\/strong><\/p>\n<p><strong>Melamin ayr\u0131ca y\u00fcksek diren\u00e7li beton yap\u0131m\u0131nda s\u00fcper plastikle\u015ftirici olarak kullan\u0131lan melamin polis\u00fclfonat \u00fcretiminde de kullan\u0131larak uzun \u00f6m\u00fcrl\u00fc bir beton elde edilmesini sa\u011flar.<\/strong><\/p>\n<p><strong>Boyalarda, k\u00e2\u011f\u0131tta ve plastiklerde yanmay\u0131 geciktirici katk\u0131 maddesi olarak da kullan\u0131l\u0131r.<\/strong><\/p>\n<p><strong>Is\u0131ya kar\u015f\u0131 dayan\u0131kl\u0131 koruyucu giysiler \u00fcretiminde kullan\u0131l\u0131r.<\/strong><\/p>\n<p><strong>G\u00fcbre ve hayvan yemi gibi pek \u00e7ok malzemenin hammaddesi olarak kullan\u0131l\u0131r.<\/strong><\/p>\n<p><strong>\u00a0<\/strong><strong>AMBALAJ<\/strong><\/p>\n<p><strong>1-5-25 kg torbalar halinde<\/strong><\/p>\n<p><strong>\u00a0<\/strong><\/p>\n<p><strong>\u00a0DEPOLAMA<\/strong><\/p>\n<p><strong>G\u00fcne\u015f \u0131\u015f\u0131\u011f\u0131na temas etmeyen kuru ve serin yerlerde muhafaza ediniz.<\/strong><\/p>\n<p><strong>\u00a0<\/strong><\/p>\n<p><strong>D\u0130KKAT<\/strong><\/p>\n<p><strong>K\u00fc\u00e7\u00fck \u00e7ocuklarda ve ba\u011f\u0131\u015f\u0131kl\u0131k sistemi zay\u0131f olan insanlarda b\u00f6brek sorunlar\u0131na ve b\u00f6brek yetmezli\u011fine sebep olabilmektedir. Yeti\u015fkinlerde yaln\u0131z y\u00fcksek doz al\u0131nd\u0131\u011f\u0131nda tehlike arz eder.<\/strong><\/p>\n<p><strong>\u00a0<\/strong><\/p>\n","protected":false},"excerpt":{"rendered":"<p>MELAM\u0130N Melamin, yap\u0131s\u0131 sebebiyle zor k\u0131r\u0131lan ve uzun \u00f6m\u00fcrl\u00fc kullan\u0131labilen organik k\u00f6kenli bir maddedir. MELAM\u0130N \u00d6ZELL\u0130KLER\u0130 Melamin, yap\u0131s\u0131 sebebiyle zor<\/p>\n","protected":false},"featured_media":16331,"comment_status":"open","ping_status":"closed","template":"","meta":{"_joinchat":[]},"product_cat":[70],"product_tag":[],"class_list":{"0":"post-16330","1":"product","2":"type-product","3":"status-publish","4":"has-post-thumbnail","6":"product_cat-boya-ve-yapi-kimyasallar","8":"first","9":"instock","10":"shipping-taxable","11":"purchasable","12":"product-type-variable"},"yoast_head":"<!-- This site is optimized with the Yoast SEO Premium plugin v20.2.1 (Yoast SEO v20.2.1) - https:\/\/yoast.com\/wordpress\/plugins\/seo\/ -->\n<title>MELAM\u0130N - Akerkimya<\/title>\n<meta name=\"robots\" content=\"index, follow, max-snippet:-1, max-image-preview:large, max-video-preview:-1\" \/>\n<link rel=\"canonical\" href=\"https:\/\/akerkimya.com\/eticaret\/urun\/melamin\/\" \/>\n<meta property=\"og:locale\" content=\"tr_TR\" \/>\n<meta property=\"og:type\" content=\"article\" \/>\n<meta property=\"og:title\" content=\"MELAM\u0130N\" \/>\n<meta property=\"og:description\" content=\"MELAM\u0130N Melamin, yap\u0131s\u0131 sebebiyle zor k\u0131r\u0131lan ve uzun \u00f6m\u00fcrl\u00fc kullan\u0131labilen organik k\u00f6kenli bir maddedir. MELAM\u0130N \u00d6ZELL\u0130KLER\u0130 Melamin, yap\u0131s\u0131 sebebiyle zor\" \/>\n<meta property=\"og:url\" content=\"https:\/\/akerkimya.com\/eticaret\/urun\/melamin\/\" \/>\n<meta property=\"og:site_name\" content=\"Akerkimya\" \/>\n<meta property=\"article:modified_time\" content=\"2026-03-29T23:23:49+00:00\" \/>\n<meta property=\"og:image\" content=\"https:\/\/akerkimya.com\/eticaret\/wp-content\/uploads\/2024\/12\/MELAMIN-GUNCEL-.png\" \/>\n\t<meta property=\"og:image:width\" content=\"1000\" \/>\n\t<meta property=\"og:image:height\" content=\"1000\" \/>\n\t<meta property=\"og:image:type\" content=\"image\/png\" \/>\n<meta name=\"twitter:card\" content=\"summary_large_image\" \/>\n<meta name=\"twitter:label1\" content=\"Tahmini okuma s\u00fcresi\" \/>\n\t<meta name=\"twitter:data1\" content=\"2 dakika\" \/>\n<script type=\"application\/ld+json\" class=\"yoast-schema-graph\">{\"@context\":\"https:\/\/schema.org\",\"@graph\":[{\"@type\":\"WebPage\",\"@id\":\"https:\/\/akerkimya.com\/eticaret\/urun\/melamin\/\",\"url\":\"https:\/\/akerkimya.com\/eticaret\/urun\/melamin\/\",\"name\":\"MELAM\u0130N - Akerkimya\",\"isPartOf\":{\"@id\":\"https:\/\/akerkimya.com\/eticaret\/#website\"},\"datePublished\":\"2024-12-31T12:09:34+00:00\",\"dateModified\":\"2026-03-29T23:23:49+00:00\",\"breadcrumb\":{\"@id\":\"https:\/\/akerkimya.com\/eticaret\/urun\/melamin\/#breadcrumb\"},\"inLanguage\":\"tr\",\"potentialAction\":[{\"@type\":\"ReadAction\",\"target\":[\"https:\/\/akerkimya.com\/eticaret\/urun\/melamin\/\"]}]},{\"@type\":\"BreadcrumbList\",\"@id\":\"https:\/\/akerkimya.com\/eticaret\/urun\/melamin\/#breadcrumb\",\"itemListElement\":[{\"@type\":\"ListItem\",\"position\":1,\"name\":\"Home\",\"item\":\"https:\/\/akerkimya.com\/eticaret\/\"},{\"@type\":\"ListItem\",\"position\":2,\"name\":\"Market\",\"item\":\"https:\/\/akerkimya.com\/eticaret\/market\/\"},{\"@type\":\"ListItem\",\"position\":3,\"name\":\"MELAM\u0130N\"}]},{\"@type\":\"WebSite\",\"@id\":\"https:\/\/akerkimya.com\/eticaret\/#website\",\"url\":\"https:\/\/akerkimya.com\/eticaret\/\",\"name\":\"Akerkimya\",\"description\":\"\",\"potentialAction\":[{\"@type\":\"SearchAction\",\"target\":{\"@type\":\"EntryPoint\",\"urlTemplate\":\"https:\/\/akerkimya.com\/eticaret\/?s={search_term_string}\"},\"query-input\":\"required name=search_term_string\"}],\"inLanguage\":\"tr\"}]}<\/script>\n<!-- \/ Yoast SEO Premium plugin. -->","yoast_head_json":{"title":"MELAM\u0130N - Akerkimya","robots":{"index":"index","follow":"follow","max-snippet":"max-snippet:-1","max-image-preview":"max-image-preview:large","max-video-preview":"max-video-preview:-1"},"canonical":"https:\/\/akerkimya.com\/eticaret\/urun\/melamin\/","og_locale":"tr_TR","og_type":"article","og_title":"MELAM\u0130N","og_description":"MELAM\u0130N Melamin, yap\u0131s\u0131 sebebiyle zor k\u0131r\u0131lan ve uzun \u00f6m\u00fcrl\u00fc kullan\u0131labilen organik k\u00f6kenli bir maddedir. MELAM\u0130N \u00d6ZELL\u0130KLER\u0130 Melamin, yap\u0131s\u0131 sebebiyle zor","og_url":"https:\/\/akerkimya.com\/eticaret\/urun\/melamin\/","og_site_name":"Akerkimya","article_modified_time":"2026-03-29T23:23:49+00:00","og_image":[{"width":1000,"height":1000,"url":"https:\/\/akerkimya.com\/eticaret\/wp-content\/uploads\/2024\/12\/MELAMIN-GUNCEL-.png","type":"image\/png"}],"twitter_card":"summary_large_image","twitter_misc":{"Tahmini okuma s\u00fcresi":"2 dakika"},"schema":{"@context":"https:\/\/schema.org","@graph":[{"@type":"WebPage","@id":"https:\/\/akerkimya.com\/eticaret\/urun\/melamin\/","url":"https:\/\/akerkimya.com\/eticaret\/urun\/melamin\/","name":"MELAM\u0130N - Akerkimya","isPartOf":{"@id":"https:\/\/akerkimya.com\/eticaret\/#website"},"datePublished":"2024-12-31T12:09:34+00:00","dateModified":"2026-03-29T23:23:49+00:00","breadcrumb":{"@id":"https:\/\/akerkimya.com\/eticaret\/urun\/melamin\/#breadcrumb"},"inLanguage":"tr","potentialAction":[{"@type":"ReadAction","target":["https:\/\/akerkimya.com\/eticaret\/urun\/melamin\/"]}]},{"@type":"BreadcrumbList","@id":"https:\/\/akerkimya.com\/eticaret\/urun\/melamin\/#breadcrumb","itemListElement":[{"@type":"ListItem","position":1,"name":"Home","item":"https:\/\/akerkimya.com\/eticaret\/"},{"@type":"ListItem","position":2,"name":"Market","item":"https:\/\/akerkimya.com\/eticaret\/market\/"},{"@type":"ListItem","position":3,"name":"MELAM\u0130N"}]},{"@type":"WebSite","@id":"https:\/\/akerkimya.com\/eticaret\/#website","url":"https:\/\/akerkimya.com\/eticaret\/","name":"Akerkimya","description":"","potentialAction":[{"@type":"SearchAction","target":{"@type":"EntryPoint","urlTemplate":"https:\/\/akerkimya.com\/eticaret\/?s={search_term_string}"},"query-input":"required name=search_term_string"}],"inLanguage":"tr"}]}},"_links":{"self":[{"href":"https:\/\/akerkimya.com\/eticaret\/wp-json\/wp\/v2\/product\/16330","targetHints":{"allow":["GET"]}}],"collection":[{"href":"https:\/\/akerkimya.com\/eticaret\/wp-json\/wp\/v2\/product"}],"about":[{"href":"https:\/\/akerkimya.com\/eticaret\/wp-json\/wp\/v2\/types\/product"}],"replies":[{"embeddable":true,"href":"https:\/\/akerkimya.com\/eticaret\/wp-json\/wp\/v2\/comments?post=16330"}],"version-history":[{"count":3,"href":"https:\/\/akerkimya.com\/eticaret\/wp-json\/wp\/v2\/product\/16330\/revisions"}],"predecessor-version":[{"id":16336,"href":"https:\/\/akerkimya.com\/eticaret\/wp-json\/wp\/v2\/product\/16330\/revisions\/16336"}],"wp:featuredmedia":[{"embeddable":true,"href":"https:\/\/akerkimya.com\/eticaret\/wp-json\/wp\/v2\/media\/16331"}],"wp:attachment":[{"href":"https:\/\/akerkimya.com\/eticaret\/wp-json\/wp\/v2\/media?parent=16330"}],"wp:term":[{"taxonomy":"product_cat","embeddable":true,"href":"https:\/\/akerkimya.com\/eticaret\/wp-json\/wp\/v2\/product_cat?post=16330"},{"taxonomy":"product_tag","embeddable":true,"href":"https:\/\/akerkimya.com\/eticaret\/wp-json\/wp\/v2\/product_tag?post=16330"}],"curies":[{"name":"wp","href":"https:\/\/api.w.org\/{rel}","templated":true}]}}