{"id":16343,"date":"2024-12-31T15:24:06","date_gmt":"2024-12-31T12:24:06","guid":{"rendered":"https:\/\/akerkimya.com\/eticaret\/?post_type=product&#038;p=16343"},"modified":"2026-05-08T16:02:47","modified_gmt":"2026-05-08T13:02:47","slug":"metil-selilozhpmchidroksipropilmetil-seliloz","status":"publish","type":"product","link":"https:\/\/akerkimya.com\/eticaret\/urun\/metil-selilozhpmchidroksipropilmetil-seliloz\/","title":{"rendered":"MET\u0130L SEL\u0130L\u00d6Z (HPMC) H\u0130DROKS\u0130PROP\u0130LMET\u0130L SEL\u0130L\u00d6Z"},"content":{"rendered":"<h1>MET\u0130L SEL\u0130L\u00d6Z(HPMC)H\u0130DROKS\u0130PROP\u0130LMET\u0130L SEL\u0130L\u00d6Z<\/h1>\n<p><strong>Metil sel\u00fcloz kimyasal olarak, sel\u00fclozun baz\u0131 hidroksil gruplar\u0131ndaki hidrojen atomlar\u0131n\u0131n metil gruplar ile yer de\u011fi\u015ftirilmesi (-OCH3) sonucu olu\u015fan sel\u00fclozun metil eterlerindendir.<\/strong><\/p>\n<p><strong>Do\u011fal olarak bulunmay\u0131p, kostik \u00e7\u00f6zelti (\u00f6rne\u011fin; sodyum hidroksit \u00e7\u00f6zeltisi) ile sel\u00fclozu kaynatt\u0131ktan sonra, metil klor\u00fcr ile kimyasal tepkime sonucu sentetik olarak elde edilir.<\/strong><\/p>\n<p><strong>\u00a0<\/strong><\/p>\n<p><strong>MET\u0130L SEL\u0130L\u00d6Z TEKN\u0130K \u00d6ZELL\u0130KLER\u00a0<\/strong><\/p>\n<p><strong>T\u0130P: Teknik<\/strong><\/p>\n<p><strong>G\u00d6R\u00dcN\u00dcM: Beyaz kristal toz<\/strong><\/p>\n<p><strong>PAR\u00c7ACIK B\u00dcY\u00dcKL\u00dc\u011e\u00dc: %98,5<\/strong><\/p>\n<p><strong>YO\u011eUNLUK: 1,25-0,70 g\/cm3<\/strong><\/p>\n<p><strong>\u00d6ZG\u00dcL A\u011eIRLIK:1.2-1.31<\/strong><\/p>\n<p><strong>Y\u00fczey gerilim:(% 2 su \u00e7\u00f6zeltisi)42-56dyn.cm<\/strong><\/p>\n<p><strong>PH: 6,5-8,0<\/strong><\/p>\n<p><strong>\u00a0<\/strong><\/p>\n<p><strong>MET\u0130L SEL\u0130L\u00d6Z \u00d6ZELL\u0130KLER\u0130<\/strong><\/p>\n<p><strong>Metil sel\u00fcloz, sel\u00fclozdan elde edilen kimyasal bir bile\u015fiktir. Beyaz toz halinde bulunan metil sel\u00fcloz kokusuz ve tats\u0131zd\u0131r, so\u011fuk suda belirgin yo\u011fun bir \u00e7\u00f6zelti ya da jel olu\u015fturarak \u00e7\u00f6z\u00fcnebilir. Is\u0131t\u0131ld\u0131\u011f\u0131nda viskozitesine ba\u011fl\u0131 olarak 40-70\u00b0C\u2019de \u00e7\u00f6ker. Konservasyon yan\u0131nda kal\u0131nla\u015ft\u0131r\u0131c\u0131, koruyucu ve yap\u0131\u015ft\u0131r\u0131c\u0131 ad\u0131 alt\u0131nda kozmetik, ila\u00e7, tekstil ve g\u0131da sanayinde kullan\u0131lmaktad\u0131r. Metil sel\u00fclozu bu kadar geni\u015f alanda kullan\u0131ma uygun k\u0131lan \u00f6zellikleri \u015funlard\u0131r: y\u00fcksek viskoziteye sahiptir, k\u00f6p\u00fck \u00f6nleyici yetene\u011fi iyidir, toksik ve alerjik reaksiyonlara yol a\u00e7maz. Tercih edilme sebebi ise saf sel\u00fclozdan \u00fcretilmi\u015f olmas\u0131, geri d\u00f6n\u00fc\u015f\u00fcml\u00fc olu\u015fu, haz\u0131rlama ve saklama kolayl\u0131\u011f\u0131, yap\u0131\u015ft\u0131r\u0131c\u0131 olarak istenen \u00f6zellikleri sa\u011flamas\u0131d\u0131r. Metil sel\u00fcloz 40 \u00b0C ve 50 \u00b0C aras\u0131nda d\u00fc\u015f\u00fck kritik \u00e7\u00f6zelti s\u0131cakl\u0131\u011f\u0131na sahiptir. \u00c7\u00f6z\u00fcnme konusunda ayk\u0131r\u0131 etkiye sahip bir malzemedir. Yani, kritik s\u0131cakl\u0131k aral\u0131\u011f\u0131n\u0131n alt\u0131nda suda \u00e7\u00f6z\u00fcnebilir ancak bu s\u0131cakl\u0131klar\u0131n \u00fczerinde \u00e7\u00f6z\u00fcnmez. Doydurulmu\u015f metil sel\u00fcloz \u0131s\u0131t\u0131ld\u0131\u011f\u0131nda kat\u0131la\u015f\u0131r \u00e7\u00fcnk\u00fc metil sel\u00fcloz \u00e7\u00f6kmeye ba\u015flar. Kritik s\u0131cakl\u0131k aral\u0131\u011f\u0131nda polar hidroksil gruplar\u0131n\u0131n maskelenmesinden \u00f6t\u00fcr\u00fc d\u00fc\u015f\u00fck \u00e7\u00f6z\u00fcn\u00fcrl\u00fck ve d\u00fc\u015f\u00fck \u00e7\u00f6kme oran\u0131 g\u00f6stermektedir. Metil sel\u00fcloz \u00e7\u00f6zeltisinin so\u011fuk suda haz\u0131rlanmas\u0131 da zordur. Toz halinde iken su ile temas etti\u011finde etraf\u0131nda bir jel tabaka olu\u015fturur. Bu tabaka suyun tozun i\u00e7erisine dif\u00fczyonunu azalt\u0131r ve i\u00e7 k\u0131sm\u0131 kuru kal\u0131r. En iyi y\u00f6ntem tozu s\u0131cak su ile kar\u0131\u015ft\u0131rarak metil sel\u00fcloz par\u00e7ac\u0131klar\u0131n\u0131n daha iyi yay\u0131lmas\u0131n\u0131 ve b\u00f6ylelikle y\u00fczey alan\u0131n\u0131 artt\u0131rmas\u0131n\u0131 sa\u011flamak ve bu kar\u0131\u015f\u0131m\u0131 kar\u0131\u015ft\u0131rarak so\u011futmak olacakt\u0131r.<\/strong><\/p>\n<p><strong>\u00a0<\/strong><\/p>\n<p><strong>KULLANIM ALANLARI<\/strong><\/p>\n<p><strong>\u00c7imento bazl\u0131 \u00fcr\u00fcnlerde Metil Sel\u00fcloz yap\u0131\u015fma ve k\u0131vamla\u015ft\u0131r\u0131c\u0131 olarak kullan\u0131l\u0131r.<\/strong><\/p>\n<p><strong>\u00c7imento esasl\u0131 fayans yap\u0131\u015ft\u0131r\u0131c\u0131lar\u0131, \u00e7imento esasl\u0131 macun, s\u0131va harc\u0131, dekorasyon harc\u0131 vb. olarak kullan\u0131l\u0131r.<\/strong><\/p>\n<p><strong>\u00dcr\u00fcn\u00fcn k\u0131vam\u0131n\u0131 ayarlayarak i\u015flenebilirli\u011fini sa\u011flar, harc\u0131n su tutmas\u0131n\u0131 iyile\u015ftirebilir.<\/strong><\/p>\n<p><strong>S\u00fct tozlar\u0131, krema tozlar\u0131 ve di\u011fer toz t\u00fcrevlerinde kullan\u0131l\u0131r.<\/strong><\/p>\n<p><strong>Peynir ve t\u00fcrevleri, peynir alt\u0131 suyu tozu ve \u00fcr\u00fcnlerinde kullan\u0131l\u0131r.<\/strong><\/p>\n<p><strong>Konserveler, sebzeler, i\u015flenmi\u015f meyveler, \u015fekerlemelerde kullan\u0131l\u0131r.<\/strong><\/p>\n<p><strong>\u00c7orbalar ve et sular\u0131, sos ve t\u00fcrevlerinde kullan\u0131l\u0131r.<\/strong><\/p>\n<p><strong>Kahvalt\u0131 gevrekleri, diyet \u00fcr\u00fcnlerinde kullan\u0131l\u0131r.<\/strong><\/p>\n<p><strong>Bira ve malt i\u00e7ecekleri, sirke, i\u015flenmi\u015f et, dondurma, kaplama \u00fcr\u00fcnlerde kullan\u0131l\u0131r.<\/strong><\/p>\n<p><strong>Yap\u0131 kimyasallar\u0131 ve izolasyon malzemelerinde k\u0131vam art\u0131r\u0131c\u0131 ve yap\u0131\u015ft\u0131r\u0131c\u0131 \u00f6zelli\u011finden dolay\u0131 yo\u011fun olarak kullan\u0131l\u0131r.<\/strong><\/p>\n<p><strong>\u00a0<\/strong><\/p>\n<p><strong>AMBALAJ<\/strong><\/p>\n<p><strong>1-5-25 kg torbalar halinde<\/strong><\/p>\n<p><strong>\u00a0<\/strong><\/p>\n<p><strong>\u00a0DEPOLAMA<\/strong><\/p>\n<p><strong>G\u00fcne\u015f \u0131\u015f\u0131\u011f\u0131na temas etmeyen kuru ve serin yerlerde muhafaza ediniz.<\/strong><\/p>\n<p><strong>\u00a0<\/strong><\/p>\n","protected":false},"excerpt":{"rendered":"<p>MET\u0130L SEL\u0130L\u00d6Z(HPMC)H\u0130DROKS\u0130PROP\u0130LMET\u0130L SEL\u0130L\u00d6Z Metil sel\u00fcloz kimyasal olarak, sel\u00fclozun baz\u0131 hidroksil gruplar\u0131ndaki hidrojen atomlar\u0131n\u0131n metil gruplar ile yer de\u011fi\u015ftirilmesi (-OCH3) sonucu<\/p>\n","protected":false},"featured_media":16344,"comment_status":"open","ping_status":"closed","template":"","meta":{"_joinchat":[]},"product_cat":[70,76],"product_tag":[],"class_list":{"0":"post-16343","1":"product","2":"type-product","3":"status-publish","4":"has-post-thumbnail","6":"product_cat-boya-ve-yapi-kimyasallar","7":"product_cat-gida-ve-katki-kimyasallari","9":"first","10":"instock","11":"shipping-taxable","12":"purchasable","13":"product-type-variable"},"yoast_head":"<!-- This site is optimized with the Yoast SEO Premium plugin v20.2.1 (Yoast SEO v20.2.1) - https:\/\/yoast.com\/wordpress\/plugins\/seo\/ -->\n<title>MET\u0130L SEL\u0130L\u00d6Z (HPMC) H\u0130DROKS\u0130PROP\u0130LMET\u0130L SEL\u0130L\u00d6Z - Akerkimya<\/title>\n<meta name=\"robots\" content=\"index, follow, max-snippet:-1, max-image-preview:large, max-video-preview:-1\" \/>\n<link rel=\"canonical\" href=\"https:\/\/akerkimya.com\/eticaret\/urun\/metil-selilozhpmchidroksipropilmetil-seliloz\/\" \/>\n<meta property=\"og:locale\" content=\"tr_TR\" \/>\n<meta property=\"og:type\" content=\"article\" \/>\n<meta property=\"og:title\" content=\"MET\u0130L SEL\u0130L\u00d6Z (HPMC) H\u0130DROKS\u0130PROP\u0130LMET\u0130L SEL\u0130L\u00d6Z\" \/>\n<meta property=\"og:description\" content=\"MET\u0130L SEL\u0130L\u00d6Z(HPMC)H\u0130DROKS\u0130PROP\u0130LMET\u0130L SEL\u0130L\u00d6Z Metil sel\u00fcloz kimyasal olarak, sel\u00fclozun baz\u0131 hidroksil gruplar\u0131ndaki hidrojen atomlar\u0131n\u0131n metil gruplar ile yer de\u011fi\u015ftirilmesi (-OCH3) sonucu\" \/>\n<meta property=\"og:url\" content=\"https:\/\/akerkimya.com\/eticaret\/urun\/metil-selilozhpmchidroksipropilmetil-seliloz\/\" \/>\n<meta property=\"og:site_name\" content=\"Akerkimya\" \/>\n<meta property=\"article:modified_time\" content=\"2026-05-08T13:02:47+00:00\" \/>\n<meta property=\"og:image\" content=\"https:\/\/akerkimya.com\/eticaret\/wp-content\/uploads\/2024\/12\/HPMC-GUNCEL-.png\" \/>\n\t<meta property=\"og:image:width\" content=\"1000\" \/>\n\t<meta property=\"og:image:height\" content=\"1000\" \/>\n\t<meta property=\"og:image:type\" content=\"image\/png\" \/>\n<meta name=\"twitter:card\" content=\"summary_large_image\" \/>\n<meta name=\"twitter:label1\" content=\"Tahmini okuma s\u00fcresi\" \/>\n\t<meta name=\"twitter:data1\" content=\"3 dakika\" \/>\n<script type=\"application\/ld+json\" class=\"yoast-schema-graph\">{\"@context\":\"https:\/\/schema.org\",\"@graph\":[{\"@type\":\"WebPage\",\"@id\":\"https:\/\/akerkimya.com\/eticaret\/urun\/metil-selilozhpmchidroksipropilmetil-seliloz\/\",\"url\":\"https:\/\/akerkimya.com\/eticaret\/urun\/metil-selilozhpmchidroksipropilmetil-seliloz\/\",\"name\":\"MET\u0130L SEL\u0130L\u00d6Z (HPMC) H\u0130DROKS\u0130PROP\u0130LMET\u0130L SEL\u0130L\u00d6Z - Akerkimya\",\"isPartOf\":{\"@id\":\"https:\/\/akerkimya.com\/eticaret\/#website\"},\"datePublished\":\"2024-12-31T12:24:06+00:00\",\"dateModified\":\"2026-05-08T13:02:47+00:00\",\"breadcrumb\":{\"@id\":\"https:\/\/akerkimya.com\/eticaret\/urun\/metil-selilozhpmchidroksipropilmetil-seliloz\/#breadcrumb\"},\"inLanguage\":\"tr\",\"potentialAction\":[{\"@type\":\"ReadAction\",\"target\":[\"https:\/\/akerkimya.com\/eticaret\/urun\/metil-selilozhpmchidroksipropilmetil-seliloz\/\"]}]},{\"@type\":\"BreadcrumbList\",\"@id\":\"https:\/\/akerkimya.com\/eticaret\/urun\/metil-selilozhpmchidroksipropilmetil-seliloz\/#breadcrumb\",\"itemListElement\":[{\"@type\":\"ListItem\",\"position\":1,\"name\":\"Home\",\"item\":\"https:\/\/akerkimya.com\/eticaret\/\"},{\"@type\":\"ListItem\",\"position\":2,\"name\":\"Market\",\"item\":\"https:\/\/akerkimya.com\/eticaret\/market\/\"},{\"@type\":\"ListItem\",\"position\":3,\"name\":\"MET\u0130L SEL\u0130L\u00d6Z (HPMC) H\u0130DROKS\u0130PROP\u0130LMET\u0130L SEL\u0130L\u00d6Z\"}]},{\"@type\":\"WebSite\",\"@id\":\"https:\/\/akerkimya.com\/eticaret\/#website\",\"url\":\"https:\/\/akerkimya.com\/eticaret\/\",\"name\":\"Akerkimya\",\"description\":\"\",\"potentialAction\":[{\"@type\":\"SearchAction\",\"target\":{\"@type\":\"EntryPoint\",\"urlTemplate\":\"https:\/\/akerkimya.com\/eticaret\/?s={search_term_string}\"},\"query-input\":\"required name=search_term_string\"}],\"inLanguage\":\"tr\"}]}<\/script>\n<!-- \/ Yoast SEO Premium plugin. -->","yoast_head_json":{"title":"MET\u0130L SEL\u0130L\u00d6Z (HPMC) H\u0130DROKS\u0130PROP\u0130LMET\u0130L SEL\u0130L\u00d6Z - Akerkimya","robots":{"index":"index","follow":"follow","max-snippet":"max-snippet:-1","max-image-preview":"max-image-preview:large","max-video-preview":"max-video-preview:-1"},"canonical":"https:\/\/akerkimya.com\/eticaret\/urun\/metil-selilozhpmchidroksipropilmetil-seliloz\/","og_locale":"tr_TR","og_type":"article","og_title":"MET\u0130L SEL\u0130L\u00d6Z (HPMC) H\u0130DROKS\u0130PROP\u0130LMET\u0130L SEL\u0130L\u00d6Z","og_description":"MET\u0130L SEL\u0130L\u00d6Z(HPMC)H\u0130DROKS\u0130PROP\u0130LMET\u0130L SEL\u0130L\u00d6Z Metil sel\u00fcloz kimyasal olarak, sel\u00fclozun baz\u0131 hidroksil gruplar\u0131ndaki hidrojen atomlar\u0131n\u0131n metil gruplar ile yer de\u011fi\u015ftirilmesi (-OCH3) sonucu","og_url":"https:\/\/akerkimya.com\/eticaret\/urun\/metil-selilozhpmchidroksipropilmetil-seliloz\/","og_site_name":"Akerkimya","article_modified_time":"2026-05-08T13:02:47+00:00","og_image":[{"width":1000,"height":1000,"url":"https:\/\/akerkimya.com\/eticaret\/wp-content\/uploads\/2024\/12\/HPMC-GUNCEL-.png","type":"image\/png"}],"twitter_card":"summary_large_image","twitter_misc":{"Tahmini okuma s\u00fcresi":"3 dakika"},"schema":{"@context":"https:\/\/schema.org","@graph":[{"@type":"WebPage","@id":"https:\/\/akerkimya.com\/eticaret\/urun\/metil-selilozhpmchidroksipropilmetil-seliloz\/","url":"https:\/\/akerkimya.com\/eticaret\/urun\/metil-selilozhpmchidroksipropilmetil-seliloz\/","name":"MET\u0130L SEL\u0130L\u00d6Z (HPMC) H\u0130DROKS\u0130PROP\u0130LMET\u0130L SEL\u0130L\u00d6Z - Akerkimya","isPartOf":{"@id":"https:\/\/akerkimya.com\/eticaret\/#website"},"datePublished":"2024-12-31T12:24:06+00:00","dateModified":"2026-05-08T13:02:47+00:00","breadcrumb":{"@id":"https:\/\/akerkimya.com\/eticaret\/urun\/metil-selilozhpmchidroksipropilmetil-seliloz\/#breadcrumb"},"inLanguage":"tr","potentialAction":[{"@type":"ReadAction","target":["https:\/\/akerkimya.com\/eticaret\/urun\/metil-selilozhpmchidroksipropilmetil-seliloz\/"]}]},{"@type":"BreadcrumbList","@id":"https:\/\/akerkimya.com\/eticaret\/urun\/metil-selilozhpmchidroksipropilmetil-seliloz\/#breadcrumb","itemListElement":[{"@type":"ListItem","position":1,"name":"Home","item":"https:\/\/akerkimya.com\/eticaret\/"},{"@type":"ListItem","position":2,"name":"Market","item":"https:\/\/akerkimya.com\/eticaret\/market\/"},{"@type":"ListItem","position":3,"name":"MET\u0130L SEL\u0130L\u00d6Z (HPMC) H\u0130DROKS\u0130PROP\u0130LMET\u0130L SEL\u0130L\u00d6Z"}]},{"@type":"WebSite","@id":"https:\/\/akerkimya.com\/eticaret\/#website","url":"https:\/\/akerkimya.com\/eticaret\/","name":"Akerkimya","description":"","potentialAction":[{"@type":"SearchAction","target":{"@type":"EntryPoint","urlTemplate":"https:\/\/akerkimya.com\/eticaret\/?s={search_term_string}"},"query-input":"required name=search_term_string"}],"inLanguage":"tr"}]}},"_links":{"self":[{"href":"https:\/\/akerkimya.com\/eticaret\/wp-json\/wp\/v2\/product\/16343","targetHints":{"allow":["GET"]}}],"collection":[{"href":"https:\/\/akerkimya.com\/eticaret\/wp-json\/wp\/v2\/product"}],"about":[{"href":"https:\/\/akerkimya.com\/eticaret\/wp-json\/wp\/v2\/types\/product"}],"replies":[{"embeddable":true,"href":"https:\/\/akerkimya.com\/eticaret\/wp-json\/wp\/v2\/comments?post=16343"}],"version-history":[{"count":3,"href":"https:\/\/akerkimya.com\/eticaret\/wp-json\/wp\/v2\/product\/16343\/revisions"}],"predecessor-version":[{"id":21152,"href":"https:\/\/akerkimya.com\/eticaret\/wp-json\/wp\/v2\/product\/16343\/revisions\/21152"}],"wp:featuredmedia":[{"embeddable":true,"href":"https:\/\/akerkimya.com\/eticaret\/wp-json\/wp\/v2\/media\/16344"}],"wp:attachment":[{"href":"https:\/\/akerkimya.com\/eticaret\/wp-json\/wp\/v2\/media?parent=16343"}],"wp:term":[{"taxonomy":"product_cat","embeddable":true,"href":"https:\/\/akerkimya.com\/eticaret\/wp-json\/wp\/v2\/product_cat?post=16343"},{"taxonomy":"product_tag","embeddable":true,"href":"https:\/\/akerkimya.com\/eticaret\/wp-json\/wp\/v2\/product_tag?post=16343"}],"curies":[{"name":"wp","href":"https:\/\/api.w.org\/{rel}","templated":true}]}}