{"id":16349,"date":"2024-12-31T15:45:54","date_gmt":"2024-12-31T12:45:54","guid":{"rendered":"https:\/\/akerkimya.com\/eticaret\/?post_type=product&#038;p=16349"},"modified":"2026-03-30T02:22:22","modified_gmt":"2026-03-29T23:22:22","slug":"mineral-fiber-elyafkaya-yunu","status":"publish","type":"product","link":"https:\/\/akerkimya.com\/eticaret\/urun\/mineral-fiber-elyafkaya-yunu\/","title":{"rendered":"M\u0130NERAL F\u0130BER ELYAF(TA\u015e Y\u00dcN\u00dc)"},"content":{"rendered":"<h1>M\u0130NERAL F\u0130BER ELYAF(TA\u015e Y\u00dcN\u00dc)<\/h1>\n<p><strong>Mineral fiber Elyaf, eritme, e\u011firme, re\u00e7ine kaplama ve k\u0131rma i\u015flemleriyle \u00e7e\u015fitli minerallerden yap\u0131lm\u0131\u015f k\u0131sa elyaft\u0131r. Mineral fiber elyaf katk\u0131 maddesi i\u00e7ermeyen bir kaya y\u00fcn\u00fc gran\u00fcl\u00fcd\u00fcr. <\/strong><strong>Volkanik kaya\u00e7lar\u0131n 1600 derece ve \u00fcst\u00fcnde \u0131s\u0131ya maruz kal\u0131p eritilmesiyle elyaf haline getirilmesinden elde edilmektedir.<\/strong><strong>\u00a0Mineral fiber, lifli yap\u0131s\u0131 sayesinde g\u00fcn\u00fcm\u00fczde bir\u00e7ok end\u00fcstride form\u00fclasyonlar\u0131n i\u00e7erisinde kullan\u0131lan bile\u015fenlerden biridir.<\/strong><\/p>\n<p><strong>K\u0130MYASAL B\u0130LE\u015e\u0130M\u0130<\/strong><\/p>\n<p><strong>Silikon oksit SiO2 %47.5<\/strong><\/p>\n<p><strong>Al\u00fcminyum oksit %13.0<\/strong><\/p>\n<p><strong>Titanyum dioksit %1.5<\/strong><\/p>\n<p><strong>Ferrik oksit Fe2O2 %0.5<\/strong><\/p>\n<p><strong>Demir oksit FeO %7.0<\/strong><\/p>\n<p><strong>Kalsiyum oksit CaO %16.0<\/strong><\/p>\n<p><strong>Magnezyum oksit MgO %10.5<\/strong><\/p>\n<p><strong>Mangenez oksit MnO %0.5<\/strong><\/p>\n<p><strong>Sodyum oksit Na2O %2.5<\/strong><\/p>\n<p><strong>Potasyum oksit K2O %1.0<\/strong><\/p>\n<p><strong>\u00a0<\/strong><\/p>\n<p><strong>\u00d6ZELL\u0130KLER\u0130<\/strong><\/p>\n<p><strong>Kullan\u0131ld\u0131\u011f\u0131 alanda belirli oranlarda kar\u0131\u015f\u0131ma kat\u0131larak k\u0131vamla\u015ft\u0131r\u0131c\u0131, a\u015f\u0131nma \u00f6nleyici, \u0131s\u0131 \u00f6nleyici olarak kullan\u0131lmaktad\u0131r.<\/strong><\/p>\n<p><strong>Mineral fiber, mikronla\u015ft\u0131rma y\u00f6ntemiyle \u00fcretimi ger\u00e7ekle\u015ftirilmekte olup, g\u00fc\u00e7l\u00fc lif yap\u0131s\u0131 ve 125-150 mikron lif uzunlu\u011fu sayesinde \u0131slak ve kuru form\u00fclasyon kar\u0131\u015f\u0131mlara kolayl\u0131kla uyum sa\u011flamaktad\u0131r.<\/strong><\/p>\n<p><strong>Mekanik mukavemeti ve dolay\u0131s\u0131yla s\u00fcrt\u00fcnme malzemelerinin yap\u0131sal b\u00fct\u00fcnl\u00fc\u011f\u00fcn\u00fc geli\u015ftirir.<\/strong><\/p>\n<p><strong>\u00dcr\u00fcnde y\u00fcksek s\u0131cakl\u0131k dayan\u0131m\u0131 sa\u011flar, g\u00fcr\u00fclt\u00fcy\u00fc ve a\u015f\u0131nmay\u0131 azalt\u0131r.<\/strong><\/p>\n<p><strong>Balata yap\u0131m\u0131nda form\u00fclasyonda kullan\u0131lan aramid, \u00e7elik, cam, seramik, bak\u0131r, pirin\u00e7 gibi hammaddelerin daha az kullan\u0131m\u0131n\u0131 sa\u011flayarak maliyetin d\u00fc\u015f\u00fcr\u00fclmesine olanak tan\u0131r.<\/strong><\/p>\n<p><strong>Nihai \u00fcr\u00fcn\u00fcn kullan\u0131m \u00f6mr\u00fcn\u00fc uzat\u0131r.<\/strong><\/p>\n<p><strong>Bu nedenle balata ve disk \u00fcreticilerinin vazge\u00e7ilmez hammaddelerinden biridir.\u00a0<\/strong><\/p>\n<p><strong>Asbestsiz s\u00fcrt\u00fcnme malzemeleri, \u00f6zellikle disk pedi\u00a0i\u00e7in uygundur.<\/strong><strong><br \/>\n\u00dcr\u00fcn avantajlar\u0131 \u015funlar\u0131 i\u00e7erir:<br \/>\nD\u00fc\u015f\u00fck maliyet, asbestsiz s\u00fcrt\u00fcnme malzemesinin maliyetini \u00f6nemli \u00f6l\u00e7\u00fcde d\u00fc\u015f\u00fcrmeye yard\u0131mc\u0131 olur.<br \/>\nCam elyaf\u0131 ve Wollastonite ile kar\u015f\u0131la\u015ft\u0131r\u0131ld\u0131\u011f\u0131nda, s\u00fcrt\u00fcnme malzemesinin\u00a0g\u00fcr\u00fclt\u00fcs\u00fcn\u00fc ve titremesini azalt\u0131r.<\/strong><\/p>\n<p><strong>Nispeten d\u00fc\u015f\u00fck erime noktas\u0131, re\u00e7ine kapl\u0131 mineral fiber elyaf\u0131 y\u00fcksek\u00a0s\u0131cakl\u0131kta\u00a0daha yumu\u015fak yapar, bu da rotorun (<\/strong><strong>\u00a0makinelerin bir d\u00f6ng\u00fc i\u00e7erisinde d\u00fczenli olarak d\u00f6nen par\u00e7a b\u00f6l\u00fcm\u00fcne denmektedir) a\u015f\u0131nmas\u0131n\u0131 azalt\u0131r ve y\u00fcksek\u00a0s\u0131cakl\u0131kta\u00a0yap\u0131\u015fmaya yard\u0131mc\u0131 olur.\u00a0Bu nedenle y\u00fcksek s\u0131cakl\u0131kta s\u00fcrt\u00fcnme malzemelerinin a\u015f\u0131nma direncini art\u0131r\u0131r.<\/strong><\/p>\n<p><strong>Gran\u00fcl \u00f6zellikle so\u011fuk kutular\u0131n ve hava ay\u0131rma tesislerinin \u0131s\u0131 yal\u0131t\u0131m\u0131 i\u00e7in kullan\u0131ma uygundur.<\/strong><\/p>\n<p><strong>Yal\u0131t\u0131m\u0131n ve tesisat\u0131n duvarlar\u0131n\u0131n (geriye d\u00f6n\u00fck olarak) denetlenmesine olanak tan\u0131r.<\/strong><\/p>\n<p><strong>Kriyojenik tesisatlar\u0131n (\u00a0\u00fcr\u00fcnlerin yap\u0131s\u0131na ba\u011fl\u0131 olarak \u00fcr\u00fcn\u00fcn uzun s\u00fcreli muhafazas\u0131 veya yap\u0131sal \u00f6zelliklerinin korunmas\u0131 i\u00e7in h\u0131zl\u0131 veya yava\u015f dondurma amac\u0131yla kullan\u0131lan teknolojilerdir )termal ve akustik yal\u0131t\u0131m\u0131 i\u00e7in idealdir.<\/strong><\/p>\n<p><strong>A1 s\u0131n\u0131f\u0131 yanmazd\u0131r.<\/strong><\/p>\n<p><strong>Zararl\u0131 malzeme i\u00e7ermez.<\/strong><\/p>\n<p><strong>Kimyasallara kar\u015f\u0131 etkisizdir.<\/strong><\/p>\n<p><strong>\u00a0<\/strong><\/p>\n<p><strong>KULLANIM ALANLARI<\/strong><\/p>\n<p><strong>\u00a0<\/strong><\/p>\n<p><strong>Laboratuvar cihazlar\u0131,<\/strong><\/p>\n<p><strong>\u00c7ift cidarl\u0131 kaplar,<\/strong><\/p>\n<p><strong>Elektrikli ev aletleri,<\/strong><\/p>\n<p><strong>Elektrik kablosu ve tesisat ge\u00e7i\u015flerinde yang\u0131n yal\u0131t\u0131m\u0131 i\u00e7in kullan\u0131l\u0131r.<\/strong><\/p>\n<p><strong>Levhalar\u0131n ve \u015filtelerin d\u00f6\u015fenmesi zor olan yerlerde yang\u0131n, \u0131s\u0131, ses ve nem yal\u0131t\u0131m\u0131nda kullan\u0131l\u0131r<\/strong><\/p>\n<p><strong>So\u011fuk hava depolar\u0131nda, so\u011fuk hava kutular\u0131nda.<\/strong><\/p>\n<p><strong>Balata ve Disk \u00fcretiminde<\/strong><\/p>\n<p><strong>Asbestsiz s\u00fcrt\u00fcnme malzemelerinin \u00fcretiminde.<\/strong><\/p>\n<p><strong>Minvata, duvarlar\u0131, zeminleri, tavanlar\u0131, \u00e7at\u0131lar\u0131, sundurmalar\u0131, tavan aralar\u0131n\u0131 ve ayr\u0131ca ses yal\u0131t\u0131m\u0131 ve akustik emme \u00f6zelli\u011fi i\u00e7in kullan\u0131l\u0131r. F\u0131r\u0131n yal\u0131t\u0131m\u0131nda, \u00c7elik kap\u0131 yal\u0131t\u0131mlar\u0131nda <\/strong><strong>\u0131s\u0131, rutubet ve ses yal\u0131t\u0131m\u0131 yapmas\u0131n\u0131n yan\u0131 s\u0131ra, 1000 dereceye kadar dayan\u0131kl\u0131l\u0131\u011f\u0131 sayesinde yang\u0131n g\u00fcvenli\u011fi gerektiren alanlar i\u00e7in de \u00fcst d\u00fczey g\u00fcvenlik sa\u011flamaktad\u0131r.<\/strong><\/p>\n<p><strong>\u00a0<\/strong><\/p>\n<p><strong>Mineral fiber elyaf, sandvi\u00e7 paneller, kordonlar, silindirler veya paspaslar \u015feklinde folyo haline getirilir ve rulo ve levha halinde sat\u0131l\u0131r.<\/strong><\/p>\n<p><strong>Spor salonlar\u0131, end\u00fcstriyel bitkiler,fabrikalar,petrokimya tesisleri,hastaneler, terminaller, villa, daire binalar, ofis binalar\u0131, spor merkezleri, mekanik ve elektrik donan\u0131m odalar\u0131, gibi alanlarda oteller, barlar, KTV ve <\/strong><strong>b\u00fcrolarda \u0131s\u0131,ses ve yang\u0131na kar\u015f\u0131 izolasyon malzemesi olarak kullan\u0131l\u0131r.<\/strong><strong>.<\/strong><\/p>\n<p><strong>Malzeme \u0131s\u0131y\u0131 m\u00fckemmel \u015fekilde tutar ve ate\u015fe maruz kalmaz.<\/strong><\/p>\n<p><strong>Mineral fiber elyaf nem emme \u00f6zelli\u011fi d\u00fc\u015f\u00fckt\u00fcr ve kemirgenlere ve mikroorganizmalara, b\u00f6ceklere, kar\u015f\u0131 dayan\u0131kl\u0131d\u0131r.<\/strong> <strong>\u0130norganik yap\u0131s\u0131ndan dolay\u0131 m<\/strong><strong>antar olu\u015fumuna ve k\u00fcf olu\u015fumunu engeller.<\/strong><\/p>\n<p><strong>Organik tar\u0131mda k\u00f6klere sa\u011flad\u0131\u011f\u0131 hava ve su tutucu \u00f6zelli\u011fi nedeniyle toprak yerine kullan\u0131lmaktad\u0131r.<\/strong><\/p>\n<p><strong>Volkanik kaya\u00e7lardan elde edildi\u011finden dolay\u0131 do\u011fal bir \u00fcr\u00fcnd\u00fcr ekolojik ve \u00e7evre dostudur. Ekolojik oldu\u011fundan iklim de\u011fi\u015fikli\u011fi gibi sorunlar\u0131 \u00f6nlemede karbondioksit ve karbon monoksit sal\u0131n\u0131m\u0131n\u0131 azalt\u0131c\u0131 etki g\u00f6sterir.<\/strong><\/p>\n<p><strong>Buhar ge\u00e7irgenli\u011fine sahip olmas\u0131 sayesinde nem bar\u0131nd\u0131rmaz, doymu\u015f yap\u0131s\u0131ndan \u00f6t\u00fcr\u00fc de su itici \u00f6zelli\u011fe sahiptir.<\/strong><\/p>\n<p>&nbsp;<\/p>\n<p><strong>Eriyen kaya, Elde edilen liflere ba\u011flay\u0131c\u0131 bir madde eklendikten sonra\u00a0 su ge\u00e7irmez tip malzemeler i\u00e7in lifleri koruyucu bir film tabakas\u0131 ile kaplanmak \u00fczere di\u011fer bir madde daha eklenir.\u00a0Bu y\u00fcn daha sonra \u00f6zel f\u0131r\u0131nlarda i\u015fleme tabi tutularak ba\u011flay\u0131c\u0131 bakalit haline \u00e7evrilir.\u00a0B\u00fct\u00fcn kaya y\u00fcn\u00fc tiplerinin \u00fcretimine esas olan temel madde bu \u015fekilde \u00fcretilir.<\/strong><\/p>\n<p><strong>Kaya y\u00fcn\u00fc, temas etti\u011fi di\u011fer malzemeleri etkilemez ve hasara u\u011fratmaz, korozyona neden olmaz. Ate\u015fe mazur kald\u0131\u011f\u0131nda organik maddelerde oldu\u011funun aksine, zararl\u0131 gaz \u00e7\u0131karmaz.<\/strong><\/p>\n<p><strong>AMBALAJ<\/strong><\/p>\n<p><strong>1-5-25 kg torbalar halinde<\/strong><\/p>\n<p><strong>\u00a0<\/strong><\/p>\n<p><strong>\u00a0DEPOLAMA<\/strong><\/p>\n<p><strong>G\u00fcne\u015f \u0131\u015f\u0131\u011f\u0131na temas etmeyen kuru ve serin yerlerde muhafaza ediniz.<\/strong><\/p>\n<p><strong>\u00a0<\/strong><\/p>\n","protected":false},"excerpt":{"rendered":"<p>M\u0130NERAL F\u0130BER ELYAF(TA\u015e Y\u00dcN\u00dc) Mineral fiber Elyaf, eritme, e\u011firme, re\u00e7ine kaplama ve k\u0131rma i\u015flemleriyle \u00e7e\u015fitli minerallerden yap\u0131lm\u0131\u015f k\u0131sa elyaft\u0131r. Mineral<\/p>\n","protected":false},"featured_media":16350,"comment_status":"open","ping_status":"closed","template":"","meta":{"_joinchat":[]},"product_cat":[70,77],"product_tag":[],"class_list":{"0":"post-16349","1":"product","2":"type-product","3":"status-publish","4":"has-post-thumbnail","6":"product_cat-boya-ve-yapi-kimyasallar","7":"product_cat-kablo-imalati-kimyasallari","9":"first","10":"instock","11":"shipping-taxable","12":"purchasable","13":"product-type-variable"},"yoast_head":"<!-- This site is optimized with the Yoast SEO Premium plugin v20.2.1 (Yoast SEO v20.2.1) - https:\/\/yoast.com\/wordpress\/plugins\/seo\/ -->\n<title>M\u0130NERAL F\u0130BER ELYAF(TA\u015e Y\u00dcN\u00dc) - Akerkimya<\/title>\n<meta name=\"robots\" content=\"index, follow, max-snippet:-1, max-image-preview:large, max-video-preview:-1\" \/>\n<link rel=\"canonical\" href=\"https:\/\/akerkimya.com\/eticaret\/urun\/mineral-fiber-elyafkaya-yunu\/\" \/>\n<meta property=\"og:locale\" content=\"tr_TR\" \/>\n<meta property=\"og:type\" content=\"article\" \/>\n<meta property=\"og:title\" content=\"M\u0130NERAL F\u0130BER ELYAF(TA\u015e Y\u00dcN\u00dc)\" \/>\n<meta property=\"og:description\" content=\"M\u0130NERAL F\u0130BER ELYAF(TA\u015e Y\u00dcN\u00dc) Mineral fiber Elyaf, eritme, e\u011firme, re\u00e7ine kaplama ve k\u0131rma i\u015flemleriyle \u00e7e\u015fitli minerallerden yap\u0131lm\u0131\u015f k\u0131sa elyaft\u0131r. Mineral\" \/>\n<meta property=\"og:url\" content=\"https:\/\/akerkimya.com\/eticaret\/urun\/mineral-fiber-elyafkaya-yunu\/\" \/>\n<meta property=\"og:site_name\" content=\"Akerkimya\" \/>\n<meta property=\"article:modified_time\" content=\"2026-03-29T23:22:22+00:00\" \/>\n<meta property=\"og:image\" content=\"https:\/\/akerkimya.com\/eticaret\/wp-content\/uploads\/2024\/12\/KAYA-YUNU-GUNCEL-.png\" \/>\n\t<meta property=\"og:image:width\" content=\"1000\" \/>\n\t<meta property=\"og:image:height\" content=\"1000\" \/>\n\t<meta property=\"og:image:type\" content=\"image\/png\" \/>\n<meta name=\"twitter:card\" content=\"summary_large_image\" \/>\n<meta name=\"twitter:label1\" content=\"Tahmini okuma s\u00fcresi\" \/>\n\t<meta name=\"twitter:data1\" content=\"5 dakika\" \/>\n<script type=\"application\/ld+json\" class=\"yoast-schema-graph\">{\"@context\":\"https:\/\/schema.org\",\"@graph\":[{\"@type\":\"WebPage\",\"@id\":\"https:\/\/akerkimya.com\/eticaret\/urun\/mineral-fiber-elyafkaya-yunu\/\",\"url\":\"https:\/\/akerkimya.com\/eticaret\/urun\/mineral-fiber-elyafkaya-yunu\/\",\"name\":\"M\u0130NERAL F\u0130BER ELYAF(TA\u015e Y\u00dcN\u00dc) - Akerkimya\",\"isPartOf\":{\"@id\":\"https:\/\/akerkimya.com\/eticaret\/#website\"},\"datePublished\":\"2024-12-31T12:45:54+00:00\",\"dateModified\":\"2026-03-29T23:22:22+00:00\",\"breadcrumb\":{\"@id\":\"https:\/\/akerkimya.com\/eticaret\/urun\/mineral-fiber-elyafkaya-yunu\/#breadcrumb\"},\"inLanguage\":\"tr\",\"potentialAction\":[{\"@type\":\"ReadAction\",\"target\":[\"https:\/\/akerkimya.com\/eticaret\/urun\/mineral-fiber-elyafkaya-yunu\/\"]}]},{\"@type\":\"BreadcrumbList\",\"@id\":\"https:\/\/akerkimya.com\/eticaret\/urun\/mineral-fiber-elyafkaya-yunu\/#breadcrumb\",\"itemListElement\":[{\"@type\":\"ListItem\",\"position\":1,\"name\":\"Home\",\"item\":\"https:\/\/akerkimya.com\/eticaret\/\"},{\"@type\":\"ListItem\",\"position\":2,\"name\":\"Market\",\"item\":\"https:\/\/akerkimya.com\/eticaret\/market\/\"},{\"@type\":\"ListItem\",\"position\":3,\"name\":\"M\u0130NERAL F\u0130BER ELYAF(TA\u015e Y\u00dcN\u00dc)\"}]},{\"@type\":\"WebSite\",\"@id\":\"https:\/\/akerkimya.com\/eticaret\/#website\",\"url\":\"https:\/\/akerkimya.com\/eticaret\/\",\"name\":\"Akerkimya\",\"description\":\"\",\"potentialAction\":[{\"@type\":\"SearchAction\",\"target\":{\"@type\":\"EntryPoint\",\"urlTemplate\":\"https:\/\/akerkimya.com\/eticaret\/?s={search_term_string}\"},\"query-input\":\"required name=search_term_string\"}],\"inLanguage\":\"tr\"}]}<\/script>\n<!-- \/ Yoast SEO Premium plugin. -->","yoast_head_json":{"title":"M\u0130NERAL F\u0130BER ELYAF(TA\u015e Y\u00dcN\u00dc) - Akerkimya","robots":{"index":"index","follow":"follow","max-snippet":"max-snippet:-1","max-image-preview":"max-image-preview:large","max-video-preview":"max-video-preview:-1"},"canonical":"https:\/\/akerkimya.com\/eticaret\/urun\/mineral-fiber-elyafkaya-yunu\/","og_locale":"tr_TR","og_type":"article","og_title":"M\u0130NERAL F\u0130BER ELYAF(TA\u015e Y\u00dcN\u00dc)","og_description":"M\u0130NERAL F\u0130BER ELYAF(TA\u015e Y\u00dcN\u00dc) Mineral fiber Elyaf, eritme, e\u011firme, re\u00e7ine kaplama ve k\u0131rma i\u015flemleriyle \u00e7e\u015fitli minerallerden yap\u0131lm\u0131\u015f k\u0131sa elyaft\u0131r. Mineral","og_url":"https:\/\/akerkimya.com\/eticaret\/urun\/mineral-fiber-elyafkaya-yunu\/","og_site_name":"Akerkimya","article_modified_time":"2026-03-29T23:22:22+00:00","og_image":[{"width":1000,"height":1000,"url":"https:\/\/akerkimya.com\/eticaret\/wp-content\/uploads\/2024\/12\/KAYA-YUNU-GUNCEL-.png","type":"image\/png"}],"twitter_card":"summary_large_image","twitter_misc":{"Tahmini okuma s\u00fcresi":"5 dakika"},"schema":{"@context":"https:\/\/schema.org","@graph":[{"@type":"WebPage","@id":"https:\/\/akerkimya.com\/eticaret\/urun\/mineral-fiber-elyafkaya-yunu\/","url":"https:\/\/akerkimya.com\/eticaret\/urun\/mineral-fiber-elyafkaya-yunu\/","name":"M\u0130NERAL F\u0130BER ELYAF(TA\u015e Y\u00dcN\u00dc) - Akerkimya","isPartOf":{"@id":"https:\/\/akerkimya.com\/eticaret\/#website"},"datePublished":"2024-12-31T12:45:54+00:00","dateModified":"2026-03-29T23:22:22+00:00","breadcrumb":{"@id":"https:\/\/akerkimya.com\/eticaret\/urun\/mineral-fiber-elyafkaya-yunu\/#breadcrumb"},"inLanguage":"tr","potentialAction":[{"@type":"ReadAction","target":["https:\/\/akerkimya.com\/eticaret\/urun\/mineral-fiber-elyafkaya-yunu\/"]}]},{"@type":"BreadcrumbList","@id":"https:\/\/akerkimya.com\/eticaret\/urun\/mineral-fiber-elyafkaya-yunu\/#breadcrumb","itemListElement":[{"@type":"ListItem","position":1,"name":"Home","item":"https:\/\/akerkimya.com\/eticaret\/"},{"@type":"ListItem","position":2,"name":"Market","item":"https:\/\/akerkimya.com\/eticaret\/market\/"},{"@type":"ListItem","position":3,"name":"M\u0130NERAL F\u0130BER ELYAF(TA\u015e Y\u00dcN\u00dc)"}]},{"@type":"WebSite","@id":"https:\/\/akerkimya.com\/eticaret\/#website","url":"https:\/\/akerkimya.com\/eticaret\/","name":"Akerkimya","description":"","potentialAction":[{"@type":"SearchAction","target":{"@type":"EntryPoint","urlTemplate":"https:\/\/akerkimya.com\/eticaret\/?s={search_term_string}"},"query-input":"required name=search_term_string"}],"inLanguage":"tr"}]}},"_links":{"self":[{"href":"https:\/\/akerkimya.com\/eticaret\/wp-json\/wp\/v2\/product\/16349","targetHints":{"allow":["GET"]}}],"collection":[{"href":"https:\/\/akerkimya.com\/eticaret\/wp-json\/wp\/v2\/product"}],"about":[{"href":"https:\/\/akerkimya.com\/eticaret\/wp-json\/wp\/v2\/types\/product"}],"replies":[{"embeddable":true,"href":"https:\/\/akerkimya.com\/eticaret\/wp-json\/wp\/v2\/comments?post=16349"}],"version-history":[{"count":4,"href":"https:\/\/akerkimya.com\/eticaret\/wp-json\/wp\/v2\/product\/16349\/revisions"}],"predecessor-version":[{"id":18690,"href":"https:\/\/akerkimya.com\/eticaret\/wp-json\/wp\/v2\/product\/16349\/revisions\/18690"}],"wp:featuredmedia":[{"embeddable":true,"href":"https:\/\/akerkimya.com\/eticaret\/wp-json\/wp\/v2\/media\/16350"}],"wp:attachment":[{"href":"https:\/\/akerkimya.com\/eticaret\/wp-json\/wp\/v2\/media?parent=16349"}],"wp:term":[{"taxonomy":"product_cat","embeddable":true,"href":"https:\/\/akerkimya.com\/eticaret\/wp-json\/wp\/v2\/product_cat?post=16349"},{"taxonomy":"product_tag","embeddable":true,"href":"https:\/\/akerkimya.com\/eticaret\/wp-json\/wp\/v2\/product_tag?post=16349"}],"curies":[{"name":"wp","href":"https:\/\/api.w.org\/{rel}","templated":true}]}}