{"id":16355,"date":"2024-12-31T15:49:20","date_gmt":"2024-12-31T12:49:20","guid":{"rendered":"https:\/\/akerkimya.com\/eticaret\/?post_type=product&#038;p=16355"},"modified":"2026-05-05T15:33:35","modified_gmt":"2026-05-05T12:33:35","slug":"mono-etanol-amin-mea","status":"publish","type":"product","link":"https:\/\/akerkimya.com\/eticaret\/urun\/mono-etanol-amin-mea\/","title":{"rendered":"MONO ETANOL AM\u0130N (MEA)"},"content":{"rendered":"<h1>MONO ETANOL AM\u0130N (MEA)<\/h1>\n<p><strong>Mono etanol amin, C2H7NO form\u00fcl\u00fcne sahip organik bir bile\u015fiktir. Hem birincil amin, hem de birincil alkol i\u00e7eren \u00e7ok fonksiyonlu bir kimyasald\u0131r. Mono etanol amin end\u00fcstriyel olarak genellikle etilen oksitin amonyakla muamele edilmesi ile elde edilir. Farkl\u0131 t\u00fcrevleri do\u011fal olarak canl\u0131larda bulunabilir.<\/strong><\/p>\n<p><strong>\u00a0<\/strong><\/p>\n<p><strong>MONO ETANOL AM\u0130N \u00d6ZELL\u0130KLER\u0130<\/strong><\/p>\n<p><strong>Renksiz ve yo\u011fun s\u0131v\u0131 formdad\u0131r.<\/strong><\/p>\n<p><strong>Amonyak benzeri bir kokuya sahiptir.<\/strong><\/p>\n<p><strong>Hafif baz \u00f6zellik g\u00f6sterir ve daha g\u00fc\u00e7l\u00fc bazlara uygulanmas\u0131 daha kolay bir n\u00f6tralizasyon ajan\u0131 olarak s\u0131k\u00e7a uygulan\u0131r.<\/strong><\/p>\n<p><strong>Oda s\u0131cakl\u0131\u011f\u0131nda d\u00fc\u015f\u00fck bir u\u00e7uculuk oran\u0131na sahiptir.<\/strong><\/p>\n<p><strong>Hava ile temas etmesi sonucunda kararma g\u00f6zlemlenebilir.<\/strong><\/p>\n<p><strong>Higroskopik bir \u00f6zelli\u011fe sahiptir.<\/strong><\/p>\n<p><strong>\u00a0<\/strong><\/p>\n<p><strong>TEKN\u0130K \u00d6ZELL\u0130KLER\u0130<\/strong><\/p>\n<p><strong>CAS NUMARASI: 141-43-5<\/strong><\/p>\n<p><strong>EC NUMARASI: 205-483-3<\/strong><\/p>\n<p><strong>MOLEK\u00dcLER FORM\u00dcL: C2H7NO<\/strong><\/p>\n<p><strong>K\u0130MYASAL \u0130SM\u0130: Mono Etanol Amin, MEA, Etanolamin, 2-hidroksietilamin, Glisinol<\/strong><\/p>\n<p><strong>MOLAR K\u00dcTLE: 61,08 g\/mol-1<\/strong><\/p>\n<p><strong>YO\u011eUNLUK: 1012 g\/cm\u00b2<\/strong><\/p>\n<p><strong>ER\u0130ME NOKTASI: 10.3 \u00b0C, 283 K, 51 \u00b0F<\/strong><\/p>\n<p><strong>KAYNAMA NOKTASI: 170 \u00b0C, 443 K, 338 \u00b0F<\/strong><\/p>\n<p><strong>\u00c7\u00d6Z\u00dcN\u00dcRL\u00dcK: Su, metanol, aseton ve gliserinde kar\u0131\u015fabilir.<\/strong><\/p>\n<p><strong>BUHAR BASINCI: 64 Pa (20 \u00b0C)<\/strong><\/p>\n<p><strong>AS\u0130TL\u0130K (pKa): 9.50<\/strong><\/p>\n<p><strong>KIRILMA \u0130NDEKS\u0130 (Nd): 1,4539 (20\u00b0C)<\/strong><\/p>\n<p><strong>\u00a0<\/strong><\/p>\n<p><strong>KULLANIM ALANLARI<\/strong><\/p>\n<p><strong>Deterjanlarda, genel ya\u011f gidericilerde ve araba y\u0131kama \u015fampuanlar\u0131nda n\u00f6trolize ajan olarak kullan\u0131l\u0131r.<\/strong><\/p>\n<p><strong>K\u00e2\u011f\u0131t hamuru end\u00fcstrisinde organik bir \u00e7\u00f6z\u00fcc\u00fc madde olarak kullan\u0131l\u0131r.<\/strong><\/p>\n<p><strong>Boya, vernik, wax ve cila imalat\u0131nda \u0131slatma ajan\u0131 olarak kullan\u0131lmaktad\u0131r.<\/strong><\/p>\n<p><strong>Sa\u00e7 a\u00e7\u0131c\u0131 kremlerin bile\u015fiminde ph tamponlama maddesi olarak kullan\u0131l\u0131r.<\/strong><\/p>\n<p><strong>Zamklar, lateks ve foto\u011fraf geli\u015ftiricilerde da\u011f\u0131t\u0131c\u0131 ajan olarak kullan\u0131lmaktad\u0131r.<\/strong><\/p>\n<p><strong>Do\u011falgaz sondaj\u0131 yap\u0131lan alanlarda gaz ve amin temizleme i\u015flemi i\u00e7in emici \u00f6zelli\u011fi nedeniyle kullan\u0131l\u0131r.<\/strong><\/p>\n<p><strong>Lifli maddelerin boyanmas\u0131n\u0131 h\u0131zland\u0131rmak, renklenmeyi derinle\u015ftirmek i\u00e7in kullan\u0131l\u0131r.<\/strong><\/p>\n<p><strong>Ah\u015fab\u0131n korumas\u0131 i\u00e7in kullan\u0131lmaktad\u0131r.<\/strong><\/p>\n<p><strong>Korozyona kar\u015f\u0131 diren\u00e7li metalik pigmentlerin \u00fcretiminde kullan\u0131lan organik bazlar aras\u0131nda yer almaktad\u0131r. <\/strong><\/p>\n<p><strong>Bask\u0131 m\u00fcrekkepleri imalat\u0131nda ph dengelemek i\u00e7in kullan\u0131l\u0131r.<\/strong><\/p>\n<p><strong>Kimya end\u00fcstrisinde iyon de\u011fi\u015ftirme kimyasallar\u0131n\u0131n imalat\u0131nda kullan\u0131l\u0131r.<\/strong><\/p>\n<p><strong>Tar\u0131m kimyasallar\u0131nda da\u011f\u0131t\u0131c\u0131 ajan olarak kullan\u0131lmaktad\u0131r.<\/strong><\/p>\n<p><strong>MEA, belirti g\u00f6steren hemoroidlerin tedavisinde enjekte y\u00f6ntemi ile kullan\u0131l\u0131r.<\/strong><\/p>\n<p><strong>Zirai ila\u00e7larda pestisit yapmak i\u00e7in kullan\u0131l\u0131r.<\/strong><\/p>\n<p><strong>\u0130la\u00e7 \u00fcretiminde form\u00fclasyonlar\u0131nda yap\u0131\u015ft\u0131r\u0131c\u0131 olarak kullan\u0131lmaktad\u0131r.<\/strong><\/p>\n<p><strong>Y\u00fczey aktif madde ve korozyon \u00f6nleyici olarak kullan\u0131lmaktad\u0131r.<\/strong><\/p>\n<p><strong>\u00a0<\/strong><\/p>\n<p><strong>AMBALAJ<\/strong><\/p>\n<p><strong>1-5-10-25 kg bidonlar ve 200 kg f\u0131\u00e7\u0131lar halinde <\/strong><\/p>\n<p><strong>\u00a0<\/strong><\/p>\n<p><strong>DEPOLAMA<\/strong><\/p>\n<p><strong>Serin ve iyi havaland\u0131r\u0131lm\u0131\u015f bir yerde, oksitleyici malzemelerden, asitlerden ve halojenlerden uzak kapal\u0131 ambalajlarda depolanmal\u0131d\u0131r.<\/strong><\/p>\n","protected":false},"excerpt":{"rendered":"<p>MONO ETANOL AM\u0130N (MEA) Mono etanol amin, C2H7NO form\u00fcl\u00fcne sahip organik bir bile\u015fiktir. Hem birincil amin, hem de birincil alkol<\/p>\n","protected":false},"featured_media":16356,"comment_status":"open","ping_status":"closed","template":"","meta":{"_joinchat":[]},"product_cat":[70,74,79,80],"product_tag":[],"class_list":{"0":"post-16355","1":"product","2":"type-product","3":"status-publish","4":"has-post-thumbnail","6":"product_cat-boya-ve-yapi-kimyasallar","7":"product_cat-deterjan-ve-kozmetik-kimyasallari","8":"product_cat-tarim-kimyasallari","9":"product_cat-veteriner-ve-ilac-kimyasallari","11":"first","12":"instock","13":"shipping-taxable","14":"purchasable","15":"product-type-variable"},"yoast_head":"<!-- This site is optimized with the Yoast SEO Premium plugin v20.2.1 (Yoast SEO v20.2.1) - https:\/\/yoast.com\/wordpress\/plugins\/seo\/ -->\n<title>MONO ETANOL AM\u0130N (MEA) - Akerkimya<\/title>\n<meta name=\"robots\" content=\"index, follow, max-snippet:-1, max-image-preview:large, max-video-preview:-1\" \/>\n<link rel=\"canonical\" href=\"https:\/\/akerkimya.com\/eticaret\/urun\/mono-etanol-amin-mea\/\" \/>\n<meta property=\"og:locale\" content=\"tr_TR\" \/>\n<meta property=\"og:type\" content=\"article\" \/>\n<meta property=\"og:title\" content=\"MONO ETANOL AM\u0130N (MEA)\" \/>\n<meta property=\"og:description\" content=\"MONO ETANOL AM\u0130N (MEA) Mono etanol amin, C2H7NO form\u00fcl\u00fcne sahip organik bir bile\u015fiktir. Hem birincil amin, hem de birincil alkol\" \/>\n<meta property=\"og:url\" content=\"https:\/\/akerkimya.com\/eticaret\/urun\/mono-etanol-amin-mea\/\" \/>\n<meta property=\"og:site_name\" content=\"Akerkimya\" \/>\n<meta property=\"article:modified_time\" content=\"2026-05-05T12:33:35+00:00\" \/>\n<meta property=\"og:image\" content=\"https:\/\/akerkimya.com\/eticaret\/wp-content\/uploads\/2024\/12\/MONO-ETANOL-AMIN-MEA-GUNCEL-.png\" \/>\n\t<meta property=\"og:image:width\" content=\"1000\" \/>\n\t<meta property=\"og:image:height\" content=\"1000\" \/>\n\t<meta property=\"og:image:type\" content=\"image\/png\" \/>\n<meta name=\"twitter:card\" content=\"summary_large_image\" \/>\n<meta name=\"twitter:label1\" content=\"Tahmini okuma s\u00fcresi\" \/>\n\t<meta name=\"twitter:data1\" content=\"2 dakika\" \/>\n<script type=\"application\/ld+json\" class=\"yoast-schema-graph\">{\"@context\":\"https:\/\/schema.org\",\"@graph\":[{\"@type\":\"WebPage\",\"@id\":\"https:\/\/akerkimya.com\/eticaret\/urun\/mono-etanol-amin-mea\/\",\"url\":\"https:\/\/akerkimya.com\/eticaret\/urun\/mono-etanol-amin-mea\/\",\"name\":\"MONO ETANOL AM\u0130N (MEA) - Akerkimya\",\"isPartOf\":{\"@id\":\"https:\/\/akerkimya.com\/eticaret\/#website\"},\"datePublished\":\"2024-12-31T12:49:20+00:00\",\"dateModified\":\"2026-05-05T12:33:35+00:00\",\"breadcrumb\":{\"@id\":\"https:\/\/akerkimya.com\/eticaret\/urun\/mono-etanol-amin-mea\/#breadcrumb\"},\"inLanguage\":\"tr\",\"potentialAction\":[{\"@type\":\"ReadAction\",\"target\":[\"https:\/\/akerkimya.com\/eticaret\/urun\/mono-etanol-amin-mea\/\"]}]},{\"@type\":\"BreadcrumbList\",\"@id\":\"https:\/\/akerkimya.com\/eticaret\/urun\/mono-etanol-amin-mea\/#breadcrumb\",\"itemListElement\":[{\"@type\":\"ListItem\",\"position\":1,\"name\":\"Home\",\"item\":\"https:\/\/akerkimya.com\/eticaret\/\"},{\"@type\":\"ListItem\",\"position\":2,\"name\":\"Market\",\"item\":\"https:\/\/akerkimya.com\/eticaret\/market\/\"},{\"@type\":\"ListItem\",\"position\":3,\"name\":\"MONO ETANOL AM\u0130N (MEA)\"}]},{\"@type\":\"WebSite\",\"@id\":\"https:\/\/akerkimya.com\/eticaret\/#website\",\"url\":\"https:\/\/akerkimya.com\/eticaret\/\",\"name\":\"Akerkimya\",\"description\":\"\",\"potentialAction\":[{\"@type\":\"SearchAction\",\"target\":{\"@type\":\"EntryPoint\",\"urlTemplate\":\"https:\/\/akerkimya.com\/eticaret\/?s={search_term_string}\"},\"query-input\":\"required name=search_term_string\"}],\"inLanguage\":\"tr\"}]}<\/script>\n<!-- \/ Yoast SEO Premium plugin. -->","yoast_head_json":{"title":"MONO ETANOL AM\u0130N (MEA) - Akerkimya","robots":{"index":"index","follow":"follow","max-snippet":"max-snippet:-1","max-image-preview":"max-image-preview:large","max-video-preview":"max-video-preview:-1"},"canonical":"https:\/\/akerkimya.com\/eticaret\/urun\/mono-etanol-amin-mea\/","og_locale":"tr_TR","og_type":"article","og_title":"MONO ETANOL AM\u0130N (MEA)","og_description":"MONO ETANOL AM\u0130N (MEA) Mono etanol amin, C2H7NO form\u00fcl\u00fcne sahip organik bir bile\u015fiktir. Hem birincil amin, hem de birincil alkol","og_url":"https:\/\/akerkimya.com\/eticaret\/urun\/mono-etanol-amin-mea\/","og_site_name":"Akerkimya","article_modified_time":"2026-05-05T12:33:35+00:00","og_image":[{"width":1000,"height":1000,"url":"https:\/\/akerkimya.com\/eticaret\/wp-content\/uploads\/2024\/12\/MONO-ETANOL-AMIN-MEA-GUNCEL-.png","type":"image\/png"}],"twitter_card":"summary_large_image","twitter_misc":{"Tahmini okuma s\u00fcresi":"2 dakika"},"schema":{"@context":"https:\/\/schema.org","@graph":[{"@type":"WebPage","@id":"https:\/\/akerkimya.com\/eticaret\/urun\/mono-etanol-amin-mea\/","url":"https:\/\/akerkimya.com\/eticaret\/urun\/mono-etanol-amin-mea\/","name":"MONO ETANOL AM\u0130N (MEA) - Akerkimya","isPartOf":{"@id":"https:\/\/akerkimya.com\/eticaret\/#website"},"datePublished":"2024-12-31T12:49:20+00:00","dateModified":"2026-05-05T12:33:35+00:00","breadcrumb":{"@id":"https:\/\/akerkimya.com\/eticaret\/urun\/mono-etanol-amin-mea\/#breadcrumb"},"inLanguage":"tr","potentialAction":[{"@type":"ReadAction","target":["https:\/\/akerkimya.com\/eticaret\/urun\/mono-etanol-amin-mea\/"]}]},{"@type":"BreadcrumbList","@id":"https:\/\/akerkimya.com\/eticaret\/urun\/mono-etanol-amin-mea\/#breadcrumb","itemListElement":[{"@type":"ListItem","position":1,"name":"Home","item":"https:\/\/akerkimya.com\/eticaret\/"},{"@type":"ListItem","position":2,"name":"Market","item":"https:\/\/akerkimya.com\/eticaret\/market\/"},{"@type":"ListItem","position":3,"name":"MONO ETANOL AM\u0130N (MEA)"}]},{"@type":"WebSite","@id":"https:\/\/akerkimya.com\/eticaret\/#website","url":"https:\/\/akerkimya.com\/eticaret\/","name":"Akerkimya","description":"","potentialAction":[{"@type":"SearchAction","target":{"@type":"EntryPoint","urlTemplate":"https:\/\/akerkimya.com\/eticaret\/?s={search_term_string}"},"query-input":"required name=search_term_string"}],"inLanguage":"tr"}]}},"_links":{"self":[{"href":"https:\/\/akerkimya.com\/eticaret\/wp-json\/wp\/v2\/product\/16355","targetHints":{"allow":["GET"]}}],"collection":[{"href":"https:\/\/akerkimya.com\/eticaret\/wp-json\/wp\/v2\/product"}],"about":[{"href":"https:\/\/akerkimya.com\/eticaret\/wp-json\/wp\/v2\/types\/product"}],"replies":[{"embeddable":true,"href":"https:\/\/akerkimya.com\/eticaret\/wp-json\/wp\/v2\/comments?post=16355"}],"version-history":[{"count":2,"href":"https:\/\/akerkimya.com\/eticaret\/wp-json\/wp\/v2\/product\/16355\/revisions"}],"predecessor-version":[{"id":16686,"href":"https:\/\/akerkimya.com\/eticaret\/wp-json\/wp\/v2\/product\/16355\/revisions\/16686"}],"wp:featuredmedia":[{"embeddable":true,"href":"https:\/\/akerkimya.com\/eticaret\/wp-json\/wp\/v2\/media\/16356"}],"wp:attachment":[{"href":"https:\/\/akerkimya.com\/eticaret\/wp-json\/wp\/v2\/media?parent=16355"}],"wp:term":[{"taxonomy":"product_cat","embeddable":true,"href":"https:\/\/akerkimya.com\/eticaret\/wp-json\/wp\/v2\/product_cat?post=16355"},{"taxonomy":"product_tag","embeddable":true,"href":"https:\/\/akerkimya.com\/eticaret\/wp-json\/wp\/v2\/product_tag?post=16355"}],"curies":[{"name":"wp","href":"https:\/\/api.w.org\/{rel}","templated":true}]}}