{"id":16363,"date":"2024-12-31T16:12:01","date_gmt":"2024-12-31T13:12:01","guid":{"rendered":"https:\/\/akerkimya.com\/eticaret\/?post_type=product&#038;p=16363"},"modified":"2026-03-30T02:23:50","modified_gmt":"2026-03-29T23:23:50","slug":"mono-etilen-glikol","status":"publish","type":"product","link":"https:\/\/akerkimya.com\/eticaret\/urun\/mono-etilen-glikol\/","title":{"rendered":"MONO ET\u0130LEN GL\u0130KOL"},"content":{"rendered":"<h1>MONO ET\u0130LEN GL\u0130KOL<\/h1>\n<p><strong>MEG d\u00fc\u015f\u00fck bir u\u00e7uculuk \u00f6zelli\u011fine sahiptir ve oda s\u0131cakl\u0131\u011f\u0131nda gliserolden % 50 daha higroskopiktir. Nem tutma \u00f6zelli\u011fi vard\u0131r. Su, d\u00fc\u015f\u00fck dereceli alifatik alkoller, gliserol, asetik asit, aseton, ketonlar, aldehitler, piridin ve bir\u00e7ok organik bile\u015fik ile kar\u0131\u015fabilir. Eter i\u00e7inde hafif\u00e7e \u00e7\u00f6z\u00fcn\u00fcr ancak benzen, klorlu hidrokarbonlar, petrol eteri ve ya\u011flarda hemen hemen \u00e7\u00f6z\u00fcnmez. Kau\u00e7uk, sel\u00fcloz asetat veya a\u011f\u0131r bitkisel ve petrol ya\u011flar\u0131n\u0131 \u00e7\u00f6zmez. Donma noktas\u0131n\u0131n d\u00fc\u015f\u00fck, kaynama noktas\u0131n\u0131n ise y\u00fcksek olmas\u0131 bu maddenin kullan\u0131m alan\u0131n\u0131 geni\u015fletmektedir. Mono Etilen Glikol renksiz, viskoz tatl\u0131ms\u0131 bir s\u0131v\u0131d\u0131r.<\/strong><\/p>\n<p><strong>TEKN\u0130K \u00d6ZELL\u0130KLER<\/strong><\/p>\n<p><strong>CAS NO: 107-21-1<\/strong><\/p>\n<p><strong>FORM\u00dcL: C2H6O2<\/strong><\/p>\n<p><strong>MOL A\u011eIRLIK: 62,07 GR\/MOL<\/strong><\/p>\n<p><strong>G\u00d6R\u00dcN\u00dcM: RENKS\u0130Z SIVI<\/strong><\/p>\n<p><strong>SAFLIK %: 99,9<\/strong><\/p>\n<p><strong>KAYNAMA DERECES\u0130: 196<\/strong><\/p>\n<p><strong>V\u0130SKOZ\u0130TE: 21<\/strong><\/p>\n<p><strong>AS\u0130T DE\u011eER\u0130: 5<\/strong><\/p>\n<p><strong>D\u0130\u011eER ADLARI: Ethane-1,2-diol, Ethylene Glycol, 1,2-Dihydroxyethane Ethylene Alcohol<\/strong><\/p>\n<p><strong>\u00a0<\/strong><\/p>\n<p><strong>KULLANIM ALANLARI<\/strong><\/p>\n<p><strong>Poli\u00fcretan ve poliester \u00fcretiminde kullan\u0131l\u0131r.<\/strong><\/p>\n<p><strong>Polyester elyaf ve film imalat\u0131nda kullan\u0131l\u0131r.<\/strong><\/p>\n<p><strong>Otomobil so\u011futma sistemlerinin haz\u0131rlanmas\u0131 i\u00e7in antifriz madde olarak kullan\u0131l\u0131r.<\/strong><\/p>\n<p><strong>End\u00fcstriyel so\u011futma sistemlerinde kullan\u0131l\u0131r.<\/strong><\/p>\n<p><strong>Patlay\u0131c\u0131 maddelerin imalat\u0131nda kullan\u0131l\u0131r.<\/strong><\/p>\n<p><strong>Kar eritme sistemlerinde kullan\u0131l\u0131r.<\/strong><\/p>\n<p><strong>Yap\u0131 kimyasal sekt\u00f6r\u00fcnde donma \u00f6nleyici ve kayganla\u015ft\u0131r\u0131c\u0131 olarak kullan\u0131l\u0131r.<\/strong><\/p>\n<p><strong>Boya imalat\u0131nda donma \u00f6nleyici\u00a0boyaya kayganl\u0131k ve uygulama kolayl\u0131\u011f\u0131 verir. MEG, \u0131s\u0131-transfer ajan\u0131 olarak da kullan\u0131l\u0131r. Kazein, jelatin, dekstrin, baz\u0131 fenol-formaldehit re\u00e7ine, alkid re\u00e7ineleri ve boyar maddeler i\u00e7in \u00e7\u00f6z\u00fcc\u00fc olarak kullan\u0131l\u0131r.<\/strong><\/p>\n<p><strong>Sentetik re\u00e7ineler, \u00e7\u00f6z\u00fcc\u00fcler, ya\u011flay\u0131c\u0131lar, y\u00fczey aktif maddeler, yumu\u015fat\u0131c\u0131lar, nemlendiricilerin \u00fcretiminde de kullan\u0131l\u0131r. Glikol s\u0131kl\u0131kla gliserol\u00fcn bir alternatifi olarak kullan\u0131labilir ve tabaklama end\u00fcstrisinde ve ila\u00e7 end\u00fcstrisinde genellikle hidratasyon ajan\u0131 ve \u00e7\u00f6z\u00fcc\u00fc olarak kullan\u0131labilir.<\/strong><\/p>\n<p><strong>MEG, hidrolik s\u0131v\u0131ya ilave edilebilir ve sistemin kau\u00e7u\u011fu \u00fczerindeki ya\u011f esasl\u0131 hidrolik ak\u0131\u015fkan maddenin erimesini \u00f6nlemek i\u00e7in kullan\u0131labilir.<\/strong><\/p>\n<p><strong>AMBALAJ<\/strong><\/p>\n<p><strong>1-5-10-30 kg bidonlar ve 230 variller halinde<\/strong><\/p>\n<p><strong>\u00a0<\/strong><\/p>\n<p><strong>\u00a0DEPOLAMA<\/strong><\/p>\n<p><strong>G\u00fcne\u015f \u0131\u015f\u0131\u011f\u0131na temas etmeyen kuru ve serin yerlerde muhafaza ediniz.<\/strong><\/p>\n<p><strong>\u00a0<\/strong><\/p>\n<p><strong>\u00a0<\/strong><\/p>\n","protected":false},"excerpt":{"rendered":"<p>MONO ET\u0130LEN GL\u0130KOL MEG d\u00fc\u015f\u00fck bir u\u00e7uculuk \u00f6zelli\u011fine sahiptir ve oda s\u0131cakl\u0131\u011f\u0131nda gliserolden % 50 daha higroskopiktir. Nem tutma \u00f6zelli\u011fi<\/p>\n","protected":false},"featured_media":16364,"comment_status":"open","ping_status":"closed","template":"","meta":{"_joinchat":[]},"product_cat":[70],"product_tag":[],"class_list":{"0":"post-16363","1":"product","2":"type-product","3":"status-publish","4":"has-post-thumbnail","6":"product_cat-boya-ve-yapi-kimyasallar","8":"first","9":"instock","10":"shipping-taxable","11":"purchasable","12":"product-type-variable"},"yoast_head":"<!-- This site is optimized with the Yoast SEO Premium plugin v20.2.1 (Yoast SEO v20.2.1) - https:\/\/yoast.com\/wordpress\/plugins\/seo\/ -->\n<title>MONO ET\u0130LEN GL\u0130KOL - Akerkimya<\/title>\n<meta name=\"robots\" content=\"index, follow, max-snippet:-1, max-image-preview:large, max-video-preview:-1\" \/>\n<link rel=\"canonical\" href=\"https:\/\/akerkimya.com\/eticaret\/urun\/mono-etilen-glikol\/\" \/>\n<meta property=\"og:locale\" content=\"tr_TR\" \/>\n<meta property=\"og:type\" content=\"article\" \/>\n<meta property=\"og:title\" content=\"MONO ET\u0130LEN GL\u0130KOL\" \/>\n<meta property=\"og:description\" content=\"MONO ET\u0130LEN GL\u0130KOL MEG d\u00fc\u015f\u00fck bir u\u00e7uculuk \u00f6zelli\u011fine sahiptir ve oda s\u0131cakl\u0131\u011f\u0131nda gliserolden % 50 daha higroskopiktir. Nem tutma \u00f6zelli\u011fi\" \/>\n<meta property=\"og:url\" content=\"https:\/\/akerkimya.com\/eticaret\/urun\/mono-etilen-glikol\/\" \/>\n<meta property=\"og:site_name\" content=\"Akerkimya\" \/>\n<meta property=\"article:modified_time\" content=\"2026-03-29T23:23:50+00:00\" \/>\n<meta property=\"og:image\" content=\"https:\/\/akerkimya.com\/eticaret\/wp-content\/uploads\/2024\/12\/MONO-ETILEN-GLIKOL-GUNCEL-.png\" \/>\n\t<meta property=\"og:image:width\" content=\"1000\" \/>\n\t<meta property=\"og:image:height\" content=\"1000\" \/>\n\t<meta property=\"og:image:type\" content=\"image\/png\" \/>\n<meta name=\"twitter:card\" content=\"summary_large_image\" \/>\n<meta name=\"twitter:label1\" content=\"Tahmini okuma s\u00fcresi\" \/>\n\t<meta name=\"twitter:data1\" content=\"2 dakika\" \/>\n<script type=\"application\/ld+json\" class=\"yoast-schema-graph\">{\"@context\":\"https:\/\/schema.org\",\"@graph\":[{\"@type\":\"WebPage\",\"@id\":\"https:\/\/akerkimya.com\/eticaret\/urun\/mono-etilen-glikol\/\",\"url\":\"https:\/\/akerkimya.com\/eticaret\/urun\/mono-etilen-glikol\/\",\"name\":\"MONO ET\u0130LEN GL\u0130KOL - Akerkimya\",\"isPartOf\":{\"@id\":\"https:\/\/akerkimya.com\/eticaret\/#website\"},\"datePublished\":\"2024-12-31T13:12:01+00:00\",\"dateModified\":\"2026-03-29T23:23:50+00:00\",\"breadcrumb\":{\"@id\":\"https:\/\/akerkimya.com\/eticaret\/urun\/mono-etilen-glikol\/#breadcrumb\"},\"inLanguage\":\"tr\",\"potentialAction\":[{\"@type\":\"ReadAction\",\"target\":[\"https:\/\/akerkimya.com\/eticaret\/urun\/mono-etilen-glikol\/\"]}]},{\"@type\":\"BreadcrumbList\",\"@id\":\"https:\/\/akerkimya.com\/eticaret\/urun\/mono-etilen-glikol\/#breadcrumb\",\"itemListElement\":[{\"@type\":\"ListItem\",\"position\":1,\"name\":\"Home\",\"item\":\"https:\/\/akerkimya.com\/eticaret\/\"},{\"@type\":\"ListItem\",\"position\":2,\"name\":\"Market\",\"item\":\"https:\/\/akerkimya.com\/eticaret\/market\/\"},{\"@type\":\"ListItem\",\"position\":3,\"name\":\"MONO ET\u0130LEN GL\u0130KOL\"}]},{\"@type\":\"WebSite\",\"@id\":\"https:\/\/akerkimya.com\/eticaret\/#website\",\"url\":\"https:\/\/akerkimya.com\/eticaret\/\",\"name\":\"Akerkimya\",\"description\":\"\",\"potentialAction\":[{\"@type\":\"SearchAction\",\"target\":{\"@type\":\"EntryPoint\",\"urlTemplate\":\"https:\/\/akerkimya.com\/eticaret\/?s={search_term_string}\"},\"query-input\":\"required name=search_term_string\"}],\"inLanguage\":\"tr\"}]}<\/script>\n<!-- \/ Yoast SEO Premium plugin. -->","yoast_head_json":{"title":"MONO ET\u0130LEN GL\u0130KOL - Akerkimya","robots":{"index":"index","follow":"follow","max-snippet":"max-snippet:-1","max-image-preview":"max-image-preview:large","max-video-preview":"max-video-preview:-1"},"canonical":"https:\/\/akerkimya.com\/eticaret\/urun\/mono-etilen-glikol\/","og_locale":"tr_TR","og_type":"article","og_title":"MONO ET\u0130LEN GL\u0130KOL","og_description":"MONO ET\u0130LEN GL\u0130KOL MEG d\u00fc\u015f\u00fck bir u\u00e7uculuk \u00f6zelli\u011fine sahiptir ve oda s\u0131cakl\u0131\u011f\u0131nda gliserolden % 50 daha higroskopiktir. Nem tutma \u00f6zelli\u011fi","og_url":"https:\/\/akerkimya.com\/eticaret\/urun\/mono-etilen-glikol\/","og_site_name":"Akerkimya","article_modified_time":"2026-03-29T23:23:50+00:00","og_image":[{"width":1000,"height":1000,"url":"https:\/\/akerkimya.com\/eticaret\/wp-content\/uploads\/2024\/12\/MONO-ETILEN-GLIKOL-GUNCEL-.png","type":"image\/png"}],"twitter_card":"summary_large_image","twitter_misc":{"Tahmini okuma s\u00fcresi":"2 dakika"},"schema":{"@context":"https:\/\/schema.org","@graph":[{"@type":"WebPage","@id":"https:\/\/akerkimya.com\/eticaret\/urun\/mono-etilen-glikol\/","url":"https:\/\/akerkimya.com\/eticaret\/urun\/mono-etilen-glikol\/","name":"MONO ET\u0130LEN GL\u0130KOL - Akerkimya","isPartOf":{"@id":"https:\/\/akerkimya.com\/eticaret\/#website"},"datePublished":"2024-12-31T13:12:01+00:00","dateModified":"2026-03-29T23:23:50+00:00","breadcrumb":{"@id":"https:\/\/akerkimya.com\/eticaret\/urun\/mono-etilen-glikol\/#breadcrumb"},"inLanguage":"tr","potentialAction":[{"@type":"ReadAction","target":["https:\/\/akerkimya.com\/eticaret\/urun\/mono-etilen-glikol\/"]}]},{"@type":"BreadcrumbList","@id":"https:\/\/akerkimya.com\/eticaret\/urun\/mono-etilen-glikol\/#breadcrumb","itemListElement":[{"@type":"ListItem","position":1,"name":"Home","item":"https:\/\/akerkimya.com\/eticaret\/"},{"@type":"ListItem","position":2,"name":"Market","item":"https:\/\/akerkimya.com\/eticaret\/market\/"},{"@type":"ListItem","position":3,"name":"MONO ET\u0130LEN GL\u0130KOL"}]},{"@type":"WebSite","@id":"https:\/\/akerkimya.com\/eticaret\/#website","url":"https:\/\/akerkimya.com\/eticaret\/","name":"Akerkimya","description":"","potentialAction":[{"@type":"SearchAction","target":{"@type":"EntryPoint","urlTemplate":"https:\/\/akerkimya.com\/eticaret\/?s={search_term_string}"},"query-input":"required name=search_term_string"}],"inLanguage":"tr"}]}},"_links":{"self":[{"href":"https:\/\/akerkimya.com\/eticaret\/wp-json\/wp\/v2\/product\/16363","targetHints":{"allow":["GET"]}}],"collection":[{"href":"https:\/\/akerkimya.com\/eticaret\/wp-json\/wp\/v2\/product"}],"about":[{"href":"https:\/\/akerkimya.com\/eticaret\/wp-json\/wp\/v2\/types\/product"}],"replies":[{"embeddable":true,"href":"https:\/\/akerkimya.com\/eticaret\/wp-json\/wp\/v2\/comments?post=16363"}],"version-history":[{"count":3,"href":"https:\/\/akerkimya.com\/eticaret\/wp-json\/wp\/v2\/product\/16363\/revisions"}],"predecessor-version":[{"id":18883,"href":"https:\/\/akerkimya.com\/eticaret\/wp-json\/wp\/v2\/product\/16363\/revisions\/18883"}],"wp:featuredmedia":[{"embeddable":true,"href":"https:\/\/akerkimya.com\/eticaret\/wp-json\/wp\/v2\/media\/16364"}],"wp:attachment":[{"href":"https:\/\/akerkimya.com\/eticaret\/wp-json\/wp\/v2\/media?parent=16363"}],"wp:term":[{"taxonomy":"product_cat","embeddable":true,"href":"https:\/\/akerkimya.com\/eticaret\/wp-json\/wp\/v2\/product_cat?post=16363"},{"taxonomy":"product_tag","embeddable":true,"href":"https:\/\/akerkimya.com\/eticaret\/wp-json\/wp\/v2\/product_tag?post=16363"}],"curies":[{"name":"wp","href":"https:\/\/api.w.org\/{rel}","templated":true}]}}