{"id":16371,"date":"2024-12-31T16:16:50","date_gmt":"2024-12-31T13:16:50","guid":{"rendered":"https:\/\/akerkimya.com\/eticaret\/?post_type=product&#038;p=16371"},"modified":"2026-05-08T16:21:08","modified_gmt":"2026-05-08T13:21:08","slug":"mono-propilen-glikol","status":"publish","type":"product","link":"https:\/\/akerkimya.com\/eticaret\/urun\/mono-propilen-glikol\/","title":{"rendered":"MONO PROP\u0130LEN GL\u0130KOL"},"content":{"rendered":"<h1>MONO PROP\u0130LEN GL\u0130KOL<\/h1>\n<p><strong>Farkl\u0131 bir tada sahip renksiz ve berrak higroskopik \u00f6zelliklere sahip bir s\u0131v\u0131d\u0131r.<\/strong><strong> D\u00fc\u015f\u00fck buhar bas\u0131nc\u0131na sahip \u00e7\u00f6z\u00fcc\u00fc ve seyreltici bir maddedir. Su ile tamamen kar\u0131\u015fabilmektedir ve d\u00fc\u015f\u00fck toksisite \u00f6zelli\u011fi sayesinde bir\u00e7ok alanda kullan\u0131lmaktad\u0131r.<\/strong><\/p>\n<p><strong>\u00a0<\/strong><\/p>\n<p><strong>\u00d6ZELL\u0130KLER\u0130<\/strong><\/p>\n<p><strong>Sentetik bir organik bile\u015fiktir.<\/strong><\/p>\n<p><strong>D\u00fc\u015f\u00fck u\u00e7uculuktad\u0131r su, alkol ve eterle kar\u0131\u015fabilir.<\/strong><\/p>\n<p><strong>Etanolle e\u015fit miktarda mikrop \u00f6ld\u00fcr\u00fcc\u00fcd\u00fcr.<\/strong><\/p>\n<p><strong>Sol\u00fcsyonlarda mikroorganizmalar\u0131n \u00e7o\u011falmas\u0131n\u0131 durdurur.<\/strong><\/p>\n<p><strong>Kozmetik sekt\u00f6r\u00fcnde koruyucu olarak kullan\u0131l\u0131r.<\/strong><\/p>\n<p><strong>Kozmetikte ve deterjanda yumu\u015fat\u0131c\u0131 \u00f6zelli\u011fi vard\u0131r.<\/strong><\/p>\n<p><strong>Su, alkol ve etanolde iyi \u00e7\u00f6z\u00fcn\u00fcr fakat sabit ya\u011flarla kar\u0131\u015fmaz.<\/strong><\/p>\n<p><strong>\u00a0<\/strong><\/p>\n<p><strong>TEKN\u0130K \u00d6ZELL\u0130KLER\u0130<\/strong><\/p>\n<p><strong>G\u00d6R\u00dcN\u00dcM: Berrak ve renksiz hidroskopik s\u0131v\u0131<\/strong><\/p>\n<p><strong>K\u0130MYASAL ADI: 1,2-Propanediol<\/strong><\/p>\n<p><strong>K\u0130MYASAL FORM\u00dcL\u00dc:C3H8O2<\/strong><\/p>\n<p><strong>E NUMARASI: E 1520<\/strong><\/p>\n<p><strong>MOLEK\u00dcL A\u011eIRLI\u011eI: 76, 09 g\/mol<\/strong><\/p>\n<p><strong>PARLAMA NOKTASI:103 C<\/strong><\/p>\n<p><strong>YO\u011eUNLUK: 1,04 g\/cm3<\/strong><\/p>\n<p><strong>\u00a0<\/strong><\/p>\n<p><strong>KULLANIM ALANLARI<\/strong><\/p>\n<p><strong>Unlu mamullerde kullan\u0131l\u0131r.<\/strong><\/p>\n<p><strong>Pipo t\u00fct\u00fcnlerinde dehidrasyonu \u00f6nledi\u011finden katk\u0131 maddesi olarak kullan\u0131l\u0131r.<\/strong><\/p>\n<p><strong>Sigara t\u00fct\u00fcnlerinin yumu\u015fat\u0131lmas\u0131nda kullan\u0131l\u0131r.<\/strong><\/p>\n<p><strong>Aroma ve esans sanayiinde solvent olarak kullan\u0131l\u0131r.<\/strong><\/p>\n<p><strong>Bask\u0131 m\u00fcrekkep imalat\u0131nda solvent olarak kullan\u0131l\u0131r.<\/strong><\/p>\n<p><strong>T\u00fct\u00fcn, g\u0131da ve kozmetik sanayiinde dondurucu makinelerin ya\u011flanmas\u0131nda kullan\u0131l\u0131r.<\/strong><\/p>\n<p><strong>Kozmetik sanayiinde gargaralarda ve di\u015f macunlar\u0131nda, \u015fampuanlarda, merhemler ve parf\u00fcmlerde nemlendirici kimyasal olarak kullan\u0131l\u0131r.<\/strong><\/p>\n<p><strong>Nemlendirici etkisinden dolay\u0131 bebek pi\u015fik kremlerinde kullan\u0131l\u0131r.<\/strong><\/p>\n<p><strong>Dezenfektan anti-bakteriyel jel \u00fcretiminde yard\u0131mc\u0131 madde olarak kullan\u0131l\u0131r.<\/strong><\/p>\n<p><strong>\u0130la\u00e7 end\u00fcstrisinde \u00e7\u00f6z\u00fcc\u00fc madde olarak kullan\u0131l\u0131r.<\/strong><\/p>\n<p><strong>\u0130la\u00e7 end\u00fcstrisinde sa\u00e7 \u00e7\u0131kar\u0131c\u0131 ve g\u00fc\u00e7lendirici \u00fcr\u00fcnlerin etken maddeleri olan kimyasallar\u0131n \u00e7\u00f6z\u00fcc\u00fcs\u00fc olarak kullan\u0131l\u0131r.<\/strong><\/p>\n<p><strong>Kimyasal ara madde olarak polyester re\u00e7ineler ve poli\u00fcretan plastikler i\u00e7in \u00f6nemli bir maddedir.<\/strong><\/p>\n<p><strong>K\u00f6p\u00fck kesici maddelerin imalat\u0131nda \u0131slat\u0131c\u0131larla modifiye edilerek kullan\u0131l\u0131r.<\/strong><\/p>\n<p><strong>Sinema ve tiyatro alan\u0131nda yapay dumanlar\u0131n imalat\u0131nda kullan\u0131l\u0131r.<\/strong><\/p>\n<p><strong>D\u00fc\u015f\u00fck toksiteli ve \u00e7evre dostu otomotiv antifriz imalat\u0131nda ve u\u00e7ak kanatlar\u0131n\u0131n imalat\u0131nda kullan\u0131l\u0131r Su ile kar\u0131\u015fmas\u0131 durumunda donma noktas\u0131n\u0131n d\u00fc\u015fmesi sebebiyle u\u00e7aklar\u0131n kanatlar\u0131n\u0131 so\u011fuklara kar\u015f\u0131 daha dayan\u0131kl\u0131 hale getirir. S\u0131\u011f\u0131rlarda ketoz tedavisinde kullan\u0131lan mide ferahlat\u0131c\u0131 ila\u00e7lar\u0131n \u00fcretiminde Gliserin ile birlikte kullan\u0131l\u0131r.<\/strong><\/p>\n<p><strong>Motor so\u011futma s\u0131v\u0131lar\u0131 gibi \u0131s\u0131 transferi ger\u00e7ekle\u015ftiren s\u0131v\u0131lar\u0131n imalat\u0131nda kullan\u0131l\u0131r.<\/strong><\/p>\n<p><strong>So\u011futucu \u00f6zelli\u011finden dolay\u0131 cryonic end\u00fcstrisinde kullan\u0131lmas\u0131 da planlanmaktad\u0131r.<\/strong><\/p>\n<p><strong>AMBALAJ<\/strong><\/p>\n<p><strong>1-5-10-30 kg bidonlar ve 220 kg variller halinde <\/strong><\/p>\n<p><strong>\u00a0<\/strong><\/p>\n<p><strong>DEPOLAMA<\/strong><\/p>\n<p><strong>G\u00fcne\u015f ile do\u011frudan temas\u0131 ile bozulmaktad\u0131r bu nedenle do\u011frudan g\u00fcne\u015f \u0131\u015f\u0131n\u0131 alacak yerlerde depolanmamal\u0131d\u0131r.<\/strong><\/p>\n<p><strong>S\u0131cak ortamlardan ve alevlerden uzak tutulmal\u0131d\u0131r.<\/strong><\/p>\n<p><strong>\u00a0<\/strong><\/p>\n<p><strong>D\u0130KKAT<\/strong><\/p>\n<p><strong>Cilt ile temas\u0131 halinde tahri\u015fe neden olabilece\u011finden bol su ile y\u0131kanmal\u0131d\u0131r.<\/strong><\/p>\n<p><strong>Suya kar\u0131\u015fmas\u0131 durumunda uzun s\u00fcreli temaslarda su ya\u015fam\u0131 i\u00e7in tehlikelidir.<\/strong><\/p>\n<p><strong>\u00a0<\/strong><\/p>\n","protected":false},"excerpt":{"rendered":"<p>MONO PROP\u0130LEN GL\u0130KOL Farkl\u0131 bir tada sahip renksiz ve berrak higroskopik \u00f6zelliklere sahip bir s\u0131v\u0131d\u0131r. D\u00fc\u015f\u00fck buhar bas\u0131nc\u0131na sahip \u00e7\u00f6z\u00fcc\u00fc<\/p>\n","protected":false},"featured_media":16372,"comment_status":"open","ping_status":"closed","template":"","meta":{"_joinchat":[]},"product_cat":[70,74,76,80],"product_tag":[],"class_list":{"0":"post-16371","1":"product","2":"type-product","3":"status-publish","4":"has-post-thumbnail","6":"product_cat-boya-ve-yapi-kimyasallar","7":"product_cat-deterjan-ve-kozmetik-kimyasallari","8":"product_cat-gida-ve-katki-kimyasallari","9":"product_cat-veteriner-ve-ilac-kimyasallari","11":"first","12":"instock","13":"shipping-taxable","14":"purchasable","15":"product-type-variable"},"yoast_head":"<!-- This site is optimized with the Yoast SEO Premium plugin v20.2.1 (Yoast SEO v20.2.1) - https:\/\/yoast.com\/wordpress\/plugins\/seo\/ -->\n<title>MONO PROP\u0130LEN GL\u0130KOL - Akerkimya<\/title>\n<meta name=\"robots\" content=\"index, follow, max-snippet:-1, max-image-preview:large, max-video-preview:-1\" \/>\n<link rel=\"canonical\" href=\"https:\/\/akerkimya.com\/eticaret\/urun\/mono-propilen-glikol\/\" \/>\n<meta property=\"og:locale\" content=\"tr_TR\" \/>\n<meta property=\"og:type\" content=\"article\" \/>\n<meta property=\"og:title\" content=\"MONO PROP\u0130LEN GL\u0130KOL\" \/>\n<meta property=\"og:description\" content=\"MONO PROP\u0130LEN GL\u0130KOL Farkl\u0131 bir tada sahip renksiz ve berrak higroskopik \u00f6zelliklere sahip bir s\u0131v\u0131d\u0131r. D\u00fc\u015f\u00fck buhar bas\u0131nc\u0131na sahip \u00e7\u00f6z\u00fcc\u00fc\" \/>\n<meta property=\"og:url\" content=\"https:\/\/akerkimya.com\/eticaret\/urun\/mono-propilen-glikol\/\" \/>\n<meta property=\"og:site_name\" content=\"Akerkimya\" \/>\n<meta property=\"article:modified_time\" content=\"2026-05-08T13:21:08+00:00\" \/>\n<meta property=\"og:image\" content=\"https:\/\/akerkimya.com\/eticaret\/wp-content\/uploads\/2024\/12\/MONO-PROPILEN-GLIKOL-GUNCEL-.png\" \/>\n\t<meta property=\"og:image:width\" content=\"1000\" \/>\n\t<meta property=\"og:image:height\" content=\"1000\" \/>\n\t<meta property=\"og:image:type\" content=\"image\/png\" \/>\n<meta name=\"twitter:card\" content=\"summary_large_image\" \/>\n<meta name=\"twitter:label1\" content=\"Tahmini okuma s\u00fcresi\" \/>\n\t<meta name=\"twitter:data1\" content=\"3 dakika\" \/>\n<script type=\"application\/ld+json\" class=\"yoast-schema-graph\">{\"@context\":\"https:\/\/schema.org\",\"@graph\":[{\"@type\":\"WebPage\",\"@id\":\"https:\/\/akerkimya.com\/eticaret\/urun\/mono-propilen-glikol\/\",\"url\":\"https:\/\/akerkimya.com\/eticaret\/urun\/mono-propilen-glikol\/\",\"name\":\"MONO PROP\u0130LEN GL\u0130KOL - Akerkimya\",\"isPartOf\":{\"@id\":\"https:\/\/akerkimya.com\/eticaret\/#website\"},\"datePublished\":\"2024-12-31T13:16:50+00:00\",\"dateModified\":\"2026-05-08T13:21:08+00:00\",\"breadcrumb\":{\"@id\":\"https:\/\/akerkimya.com\/eticaret\/urun\/mono-propilen-glikol\/#breadcrumb\"},\"inLanguage\":\"tr\",\"potentialAction\":[{\"@type\":\"ReadAction\",\"target\":[\"https:\/\/akerkimya.com\/eticaret\/urun\/mono-propilen-glikol\/\"]}]},{\"@type\":\"BreadcrumbList\",\"@id\":\"https:\/\/akerkimya.com\/eticaret\/urun\/mono-propilen-glikol\/#breadcrumb\",\"itemListElement\":[{\"@type\":\"ListItem\",\"position\":1,\"name\":\"Home\",\"item\":\"https:\/\/akerkimya.com\/eticaret\/\"},{\"@type\":\"ListItem\",\"position\":2,\"name\":\"Market\",\"item\":\"https:\/\/akerkimya.com\/eticaret\/market\/\"},{\"@type\":\"ListItem\",\"position\":3,\"name\":\"MONO PROP\u0130LEN GL\u0130KOL\"}]},{\"@type\":\"WebSite\",\"@id\":\"https:\/\/akerkimya.com\/eticaret\/#website\",\"url\":\"https:\/\/akerkimya.com\/eticaret\/\",\"name\":\"Akerkimya\",\"description\":\"\",\"potentialAction\":[{\"@type\":\"SearchAction\",\"target\":{\"@type\":\"EntryPoint\",\"urlTemplate\":\"https:\/\/akerkimya.com\/eticaret\/?s={search_term_string}\"},\"query-input\":\"required name=search_term_string\"}],\"inLanguage\":\"tr\"}]}<\/script>\n<!-- \/ Yoast SEO Premium plugin. -->","yoast_head_json":{"title":"MONO PROP\u0130LEN GL\u0130KOL - Akerkimya","robots":{"index":"index","follow":"follow","max-snippet":"max-snippet:-1","max-image-preview":"max-image-preview:large","max-video-preview":"max-video-preview:-1"},"canonical":"https:\/\/akerkimya.com\/eticaret\/urun\/mono-propilen-glikol\/","og_locale":"tr_TR","og_type":"article","og_title":"MONO PROP\u0130LEN GL\u0130KOL","og_description":"MONO PROP\u0130LEN GL\u0130KOL Farkl\u0131 bir tada sahip renksiz ve berrak higroskopik \u00f6zelliklere sahip bir s\u0131v\u0131d\u0131r. D\u00fc\u015f\u00fck buhar bas\u0131nc\u0131na sahip \u00e7\u00f6z\u00fcc\u00fc","og_url":"https:\/\/akerkimya.com\/eticaret\/urun\/mono-propilen-glikol\/","og_site_name":"Akerkimya","article_modified_time":"2026-05-08T13:21:08+00:00","og_image":[{"width":1000,"height":1000,"url":"https:\/\/akerkimya.com\/eticaret\/wp-content\/uploads\/2024\/12\/MONO-PROPILEN-GLIKOL-GUNCEL-.png","type":"image\/png"}],"twitter_card":"summary_large_image","twitter_misc":{"Tahmini okuma s\u00fcresi":"3 dakika"},"schema":{"@context":"https:\/\/schema.org","@graph":[{"@type":"WebPage","@id":"https:\/\/akerkimya.com\/eticaret\/urun\/mono-propilen-glikol\/","url":"https:\/\/akerkimya.com\/eticaret\/urun\/mono-propilen-glikol\/","name":"MONO PROP\u0130LEN GL\u0130KOL - Akerkimya","isPartOf":{"@id":"https:\/\/akerkimya.com\/eticaret\/#website"},"datePublished":"2024-12-31T13:16:50+00:00","dateModified":"2026-05-08T13:21:08+00:00","breadcrumb":{"@id":"https:\/\/akerkimya.com\/eticaret\/urun\/mono-propilen-glikol\/#breadcrumb"},"inLanguage":"tr","potentialAction":[{"@type":"ReadAction","target":["https:\/\/akerkimya.com\/eticaret\/urun\/mono-propilen-glikol\/"]}]},{"@type":"BreadcrumbList","@id":"https:\/\/akerkimya.com\/eticaret\/urun\/mono-propilen-glikol\/#breadcrumb","itemListElement":[{"@type":"ListItem","position":1,"name":"Home","item":"https:\/\/akerkimya.com\/eticaret\/"},{"@type":"ListItem","position":2,"name":"Market","item":"https:\/\/akerkimya.com\/eticaret\/market\/"},{"@type":"ListItem","position":3,"name":"MONO PROP\u0130LEN GL\u0130KOL"}]},{"@type":"WebSite","@id":"https:\/\/akerkimya.com\/eticaret\/#website","url":"https:\/\/akerkimya.com\/eticaret\/","name":"Akerkimya","description":"","potentialAction":[{"@type":"SearchAction","target":{"@type":"EntryPoint","urlTemplate":"https:\/\/akerkimya.com\/eticaret\/?s={search_term_string}"},"query-input":"required name=search_term_string"}],"inLanguage":"tr"}]}},"_links":{"self":[{"href":"https:\/\/akerkimya.com\/eticaret\/wp-json\/wp\/v2\/product\/16371","targetHints":{"allow":["GET"]}}],"collection":[{"href":"https:\/\/akerkimya.com\/eticaret\/wp-json\/wp\/v2\/product"}],"about":[{"href":"https:\/\/akerkimya.com\/eticaret\/wp-json\/wp\/v2\/types\/product"}],"replies":[{"embeddable":true,"href":"https:\/\/akerkimya.com\/eticaret\/wp-json\/wp\/v2\/comments?post=16371"}],"version-history":[{"count":3,"href":"https:\/\/akerkimya.com\/eticaret\/wp-json\/wp\/v2\/product\/16371\/revisions"}],"predecessor-version":[{"id":16379,"href":"https:\/\/akerkimya.com\/eticaret\/wp-json\/wp\/v2\/product\/16371\/revisions\/16379"}],"wp:featuredmedia":[{"embeddable":true,"href":"https:\/\/akerkimya.com\/eticaret\/wp-json\/wp\/v2\/media\/16372"}],"wp:attachment":[{"href":"https:\/\/akerkimya.com\/eticaret\/wp-json\/wp\/v2\/media?parent=16371"}],"wp:term":[{"taxonomy":"product_cat","embeddable":true,"href":"https:\/\/akerkimya.com\/eticaret\/wp-json\/wp\/v2\/product_cat?post=16371"},{"taxonomy":"product_tag","embeddable":true,"href":"https:\/\/akerkimya.com\/eticaret\/wp-json\/wp\/v2\/product_tag?post=16371"}],"curies":[{"name":"wp","href":"https:\/\/api.w.org\/{rel}","templated":true}]}}