{"id":16380,"date":"2024-12-31T16:27:04","date_gmt":"2024-12-31T13:27:04","guid":{"rendered":"https:\/\/akerkimya.com\/eticaret\/?post_type=product&#038;p=16380"},"modified":"2026-03-30T02:23:50","modified_gmt":"2026-03-29T23:23:50","slug":"monoamonyum-fosfat","status":"publish","type":"product","link":"https:\/\/akerkimya.com\/eticaret\/urun\/monoamonyum-fosfat\/","title":{"rendered":"MONOAMONYUM FOSFAT"},"content":{"rendered":"<h1>MONOAMONYUM FOSFAT<\/h1>\n<p><strong>Monoamonyum Fosfat, NH4H2P04 form\u00fcl\u00fcne sahip fosforik asidin mono amonyum tuzudur. G\u00fcbre end\u00fcstrisinde yayg\u0131n olan iki bile\u015fenden olu\u015fur ve herhangi bir kat\u0131 g\u00fcbrenin en fazla fosforunu i\u00e7erir. Birebir amonyak ve fosforik asit tepkimeye sokulur ve elde edilen MAP bulamac\u0131 bir gran\u00fclat\u00f6rde kar\u0131\u015ft\u0131r\u0131larak elde edilir.<\/strong><\/p>\n<p><strong>\u00a0<\/strong><\/p>\n<p><strong>MONOAMONYUM FOSFAT \u00d6ZELL\u0130KLER\u0130<\/strong><\/p>\n<p><strong>Beyaz renkte kristalimsi toz formda ve kokusuzdur.<\/strong><\/p>\n<p><strong>G\u00fcbreler aras\u0131nda en y\u00fcksek fosfat i\u00e7eren g\u00fcbre t\u00fcr\u00fcd\u00fcr.<\/strong><\/p>\n<p><strong>Zay\u0131f asit \u00f6zelli\u011findedir.<\/strong><\/p>\n<p><strong>Hava ortam\u0131nda kararl\u0131 bir bile\u015fiktir.<\/strong><\/p>\n<p><strong>\u00a0<\/strong><\/p>\n<p><strong>TEKN\u0130K \u00d6ZELL\u0130KLER\u0130<\/strong><\/p>\n<p><strong>CAS NUMARASI: 7722-76-1<\/strong><\/p>\n<p><strong>K\u0130MYASAL FORM\u00dcL\u00dc: NH4H2P04<\/strong><\/p>\n<p><strong>K\u0130MYASAL \u0130SM\u0130: Monoamonyum fosfat, MAP, Amonyum Dihidrojen Fosfat, Amonyum Monofosfat<\/strong><\/p>\n<p><strong>MOLEK\u00dcL A\u011eIRLI\u011eI: 115.03 gr\/mol<\/strong><\/p>\n<p><strong>ER\u0130ME NOKTASI: 190 \u00b0C<\/strong><\/p>\n<p><strong>PH ARALI\u011eI: 4.4 &#8211; 4.9<\/strong><\/p>\n<p><strong>NEM: 0,03 %<\/strong><\/p>\n<p><strong>YO\u011eUNLU\u011eU: 190 gr\/cm\u00b3<\/strong><\/p>\n<p><strong>\u00c7\u00d6Z\u00dcN\u00dcRL\u00dcK(25 \u00b0C SU \u0130\u00c7ER\u0130S\u0130NDE) : 40.4 g\/100 su\u2019dur. <\/strong><\/p>\n<p><strong>TOPLAM AZOT (%): 12,0 <\/strong><\/p>\n<p><strong>AMONYAK AZOTU (%): 12,0<\/strong><\/p>\n<p><strong>FOSFOR\u0130K AS\u0130T (%): 61,4<\/strong><\/p>\n<p><strong>\u00a0<\/strong><\/p>\n<p><strong>KULLANIM ALANLARI<\/strong><\/p>\n<p><strong>Bitkilerin stres ve hastal\u0131klara direncini artt\u0131rmaktad\u0131r.<\/strong><\/p>\n<p><strong>Boya sekt\u00f6r\u00fcnde da\u011f\u0131t\u0131c\u0131 madde olarak kullan\u0131l\u0131r.<\/strong><\/p>\n<p><strong>\u00dcreme a\u015famas\u0131nda dengeyi sa\u011flar.<\/strong><\/p>\n<p><strong>Ah\u015fap malzemelerin ate\u015fe dayan\u0131kl\u0131 hale getirmesini i\u00e7in kullan\u0131l\u0131r.<\/strong><\/p>\n<p><strong>Meyvelerin dayan\u0131kl\u0131l\u0131k \u00f6zelliklerinin geli\u015fmesini, b\u00fcy\u00fcmesine etki eder.<\/strong><\/p>\n<p><strong>Seramik sekt\u00f6r\u00fcnde ba\u011flay\u0131c\u0131 ajan olarak kullan\u0131m\u0131 mevcuttur.<\/strong><\/p>\n<p><strong>Hamur sekt\u00f6r\u00fcnde mayalama maddesi ve hamur d\u00fczenleyici olarak kullan\u0131l\u0131r.<\/strong><\/p>\n<p><strong>Filizlerin b\u00fcy\u00fcmelerine uyar\u0131c\u0131 etki yapar, \u00e7i\u00e7eklenmeyi sa\u011flar.<\/strong><\/p>\n<p><strong>Bira fermantasyon maddesi olarak tamponlay\u0131c\u0131 \u00f6zelli\u011finden yararlan\u0131l\u0131r.<\/strong><\/p>\n<p><strong>Hayvan yemi \u00fcretiminde katk\u0131 maddesi olarak kullan\u0131l\u0131r.<\/strong><\/p>\n<p><strong>K\u00e2\u011f\u0131t ve kuma\u015fta alev geciktirici olarak kullan\u0131l\u0131r.<\/strong><\/p>\n<p><strong>\u0130la\u00e7 sekt\u00f6r\u00fcnde bask\u0131 plakas\u0131 olarak kullan\u0131l\u0131r.<\/strong><\/p>\n<p><strong>Yang\u0131n s\u00f6nd\u00fcrme t\u00fcplerinde kullan\u0131l\u0131r.<\/strong><\/p>\n<p><strong>Mono amonyum fosfat uygulamas\u0131nda, eritme y\u00f6ntemi ile \u00e7e\u015fitli sulama tekniklerinde kullan\u0131m\u0131 mevcuttur.<\/strong><\/p>\n<p><strong>Tuzlarda magnezyum iyonlar\u0131n\u0131n varl\u0131\u011f\u0131n\u0131 tespit etmek i\u00e7in kullan\u0131l\u0131r.<\/strong><\/p>\n<p><strong>Orman yang\u0131nlar\u0131n\u0131n geciktirilmesinde kullan\u0131l\u0131r.<\/strong><\/p>\n<p><strong>\u00a0<\/strong><\/p>\n<p><strong>AMBALAJ<\/strong><\/p>\n<p><strong>1-5-25 kg torbalar halinde<\/strong><\/p>\n<p><strong>\u00a0<\/strong><\/p>\n<p><strong>DEPOLAMA<\/strong><\/p>\n<p><strong>Serin ve nem olmayan bir alanda, kapal\u0131 ambalajlarda muhafaza ediniz.<\/strong><\/p>\n","protected":false},"excerpt":{"rendered":"<p>MONOAMONYUM FOSFAT Monoamonyum Fosfat, NH4H2P04 form\u00fcl\u00fcne sahip fosforik asidin mono amonyum tuzudur. G\u00fcbre end\u00fcstrisinde yayg\u0131n olan iki bile\u015fenden olu\u015fur ve<\/p>\n","protected":false},"featured_media":16381,"comment_status":"open","ping_status":"closed","template":"","meta":{"_joinchat":[]},"product_cat":[70,72,79,80,81],"product_tag":[],"class_list":{"0":"post-16380","1":"product","2":"type-product","3":"status-publish","4":"has-post-thumbnail","6":"product_cat-boya-ve-yapi-kimyasallar","7":"product_cat-cam-ve-seramik-kimyasallari","8":"product_cat-tarim-kimyasallari","9":"product_cat-veteriner-ve-ilac-kimyasallari","10":"product_cat-yem-katki-kimyasallari","12":"first","13":"instock","14":"shipping-taxable","15":"purchasable","16":"product-type-variable"},"yoast_head":"<!-- This site is optimized with the Yoast SEO Premium plugin v20.2.1 (Yoast SEO v20.2.1) - https:\/\/yoast.com\/wordpress\/plugins\/seo\/ -->\n<title>MONOAMONYUM FOSFAT - Akerkimya<\/title>\n<meta name=\"robots\" content=\"index, follow, max-snippet:-1, max-image-preview:large, max-video-preview:-1\" \/>\n<link rel=\"canonical\" href=\"https:\/\/akerkimya.com\/eticaret\/urun\/monoamonyum-fosfat\/\" \/>\n<meta property=\"og:locale\" content=\"tr_TR\" \/>\n<meta property=\"og:type\" content=\"article\" \/>\n<meta property=\"og:title\" content=\"MONOAMONYUM FOSFAT\" \/>\n<meta property=\"og:description\" content=\"MONOAMONYUM FOSFAT Monoamonyum Fosfat, NH4H2P04 form\u00fcl\u00fcne sahip fosforik asidin mono amonyum tuzudur. G\u00fcbre end\u00fcstrisinde yayg\u0131n olan iki bile\u015fenden olu\u015fur ve\" \/>\n<meta property=\"og:url\" content=\"https:\/\/akerkimya.com\/eticaret\/urun\/monoamonyum-fosfat\/\" \/>\n<meta property=\"og:site_name\" content=\"Akerkimya\" \/>\n<meta property=\"article:modified_time\" content=\"2026-03-29T23:23:50+00:00\" \/>\n<meta property=\"og:image\" content=\"https:\/\/akerkimya.com\/eticaret\/wp-content\/uploads\/2024\/12\/MONOAMONYUM-FOSFAT-GUNCEL-.png\" \/>\n\t<meta property=\"og:image:width\" content=\"1000\" \/>\n\t<meta property=\"og:image:height\" content=\"1000\" \/>\n\t<meta property=\"og:image:type\" content=\"image\/png\" \/>\n<meta name=\"twitter:card\" content=\"summary_large_image\" \/>\n<meta name=\"twitter:label1\" content=\"Tahmini okuma s\u00fcresi\" \/>\n\t<meta name=\"twitter:data1\" content=\"2 dakika\" \/>\n<script type=\"application\/ld+json\" class=\"yoast-schema-graph\">{\"@context\":\"https:\/\/schema.org\",\"@graph\":[{\"@type\":\"WebPage\",\"@id\":\"https:\/\/akerkimya.com\/eticaret\/urun\/monoamonyum-fosfat\/\",\"url\":\"https:\/\/akerkimya.com\/eticaret\/urun\/monoamonyum-fosfat\/\",\"name\":\"MONOAMONYUM FOSFAT - Akerkimya\",\"isPartOf\":{\"@id\":\"https:\/\/akerkimya.com\/eticaret\/#website\"},\"datePublished\":\"2024-12-31T13:27:04+00:00\",\"dateModified\":\"2026-03-29T23:23:50+00:00\",\"breadcrumb\":{\"@id\":\"https:\/\/akerkimya.com\/eticaret\/urun\/monoamonyum-fosfat\/#breadcrumb\"},\"inLanguage\":\"tr\",\"potentialAction\":[{\"@type\":\"ReadAction\",\"target\":[\"https:\/\/akerkimya.com\/eticaret\/urun\/monoamonyum-fosfat\/\"]}]},{\"@type\":\"BreadcrumbList\",\"@id\":\"https:\/\/akerkimya.com\/eticaret\/urun\/monoamonyum-fosfat\/#breadcrumb\",\"itemListElement\":[{\"@type\":\"ListItem\",\"position\":1,\"name\":\"Home\",\"item\":\"https:\/\/akerkimya.com\/eticaret\/\"},{\"@type\":\"ListItem\",\"position\":2,\"name\":\"Market\",\"item\":\"https:\/\/akerkimya.com\/eticaret\/market\/\"},{\"@type\":\"ListItem\",\"position\":3,\"name\":\"MONOAMONYUM FOSFAT\"}]},{\"@type\":\"WebSite\",\"@id\":\"https:\/\/akerkimya.com\/eticaret\/#website\",\"url\":\"https:\/\/akerkimya.com\/eticaret\/\",\"name\":\"Akerkimya\",\"description\":\"\",\"potentialAction\":[{\"@type\":\"SearchAction\",\"target\":{\"@type\":\"EntryPoint\",\"urlTemplate\":\"https:\/\/akerkimya.com\/eticaret\/?s={search_term_string}\"},\"query-input\":\"required name=search_term_string\"}],\"inLanguage\":\"tr\"}]}<\/script>\n<!-- \/ Yoast SEO Premium plugin. -->","yoast_head_json":{"title":"MONOAMONYUM FOSFAT - Akerkimya","robots":{"index":"index","follow":"follow","max-snippet":"max-snippet:-1","max-image-preview":"max-image-preview:large","max-video-preview":"max-video-preview:-1"},"canonical":"https:\/\/akerkimya.com\/eticaret\/urun\/monoamonyum-fosfat\/","og_locale":"tr_TR","og_type":"article","og_title":"MONOAMONYUM FOSFAT","og_description":"MONOAMONYUM FOSFAT Monoamonyum Fosfat, NH4H2P04 form\u00fcl\u00fcne sahip fosforik asidin mono amonyum tuzudur. G\u00fcbre end\u00fcstrisinde yayg\u0131n olan iki bile\u015fenden olu\u015fur ve","og_url":"https:\/\/akerkimya.com\/eticaret\/urun\/monoamonyum-fosfat\/","og_site_name":"Akerkimya","article_modified_time":"2026-03-29T23:23:50+00:00","og_image":[{"width":1000,"height":1000,"url":"https:\/\/akerkimya.com\/eticaret\/wp-content\/uploads\/2024\/12\/MONOAMONYUM-FOSFAT-GUNCEL-.png","type":"image\/png"}],"twitter_card":"summary_large_image","twitter_misc":{"Tahmini okuma s\u00fcresi":"2 dakika"},"schema":{"@context":"https:\/\/schema.org","@graph":[{"@type":"WebPage","@id":"https:\/\/akerkimya.com\/eticaret\/urun\/monoamonyum-fosfat\/","url":"https:\/\/akerkimya.com\/eticaret\/urun\/monoamonyum-fosfat\/","name":"MONOAMONYUM FOSFAT - Akerkimya","isPartOf":{"@id":"https:\/\/akerkimya.com\/eticaret\/#website"},"datePublished":"2024-12-31T13:27:04+00:00","dateModified":"2026-03-29T23:23:50+00:00","breadcrumb":{"@id":"https:\/\/akerkimya.com\/eticaret\/urun\/monoamonyum-fosfat\/#breadcrumb"},"inLanguage":"tr","potentialAction":[{"@type":"ReadAction","target":["https:\/\/akerkimya.com\/eticaret\/urun\/monoamonyum-fosfat\/"]}]},{"@type":"BreadcrumbList","@id":"https:\/\/akerkimya.com\/eticaret\/urun\/monoamonyum-fosfat\/#breadcrumb","itemListElement":[{"@type":"ListItem","position":1,"name":"Home","item":"https:\/\/akerkimya.com\/eticaret\/"},{"@type":"ListItem","position":2,"name":"Market","item":"https:\/\/akerkimya.com\/eticaret\/market\/"},{"@type":"ListItem","position":3,"name":"MONOAMONYUM FOSFAT"}]},{"@type":"WebSite","@id":"https:\/\/akerkimya.com\/eticaret\/#website","url":"https:\/\/akerkimya.com\/eticaret\/","name":"Akerkimya","description":"","potentialAction":[{"@type":"SearchAction","target":{"@type":"EntryPoint","urlTemplate":"https:\/\/akerkimya.com\/eticaret\/?s={search_term_string}"},"query-input":"required name=search_term_string"}],"inLanguage":"tr"}]}},"_links":{"self":[{"href":"https:\/\/akerkimya.com\/eticaret\/wp-json\/wp\/v2\/product\/16380","targetHints":{"allow":["GET"]}}],"collection":[{"href":"https:\/\/akerkimya.com\/eticaret\/wp-json\/wp\/v2\/product"}],"about":[{"href":"https:\/\/akerkimya.com\/eticaret\/wp-json\/wp\/v2\/types\/product"}],"replies":[{"embeddable":true,"href":"https:\/\/akerkimya.com\/eticaret\/wp-json\/wp\/v2\/comments?post=16380"}],"version-history":[{"count":2,"href":"https:\/\/akerkimya.com\/eticaret\/wp-json\/wp\/v2\/product\/16380\/revisions"}],"predecessor-version":[{"id":16683,"href":"https:\/\/akerkimya.com\/eticaret\/wp-json\/wp\/v2\/product\/16380\/revisions\/16683"}],"wp:featuredmedia":[{"embeddable":true,"href":"https:\/\/akerkimya.com\/eticaret\/wp-json\/wp\/v2\/media\/16381"}],"wp:attachment":[{"href":"https:\/\/akerkimya.com\/eticaret\/wp-json\/wp\/v2\/media?parent=16380"}],"wp:term":[{"taxonomy":"product_cat","embeddable":true,"href":"https:\/\/akerkimya.com\/eticaret\/wp-json\/wp\/v2\/product_cat?post=16380"},{"taxonomy":"product_tag","embeddable":true,"href":"https:\/\/akerkimya.com\/eticaret\/wp-json\/wp\/v2\/product_tag?post=16380"}],"curies":[{"name":"wp","href":"https:\/\/api.w.org\/{rel}","templated":true}]}}