{"id":16398,"date":"2024-12-31T16:39:03","date_gmt":"2024-12-31T13:39:03","guid":{"rendered":"https:\/\/akerkimya.com\/eticaret\/?post_type=product&#038;p=16398"},"modified":"2026-03-30T02:23:50","modified_gmt":"2026-03-29T23:23:50","slug":"nisasta-eteri","status":"publish","type":"product","link":"https:\/\/akerkimya.com\/eticaret\/urun\/nisasta-eteri\/","title":{"rendered":"N\u0130\u015eASTA ETER\u0130"},"content":{"rendered":"<h1>N\u0130\u015eASTA ETER\u0130<\/h1>\n<p><strong>N\u0130\u015eASTA ETER\u0130, sel\u00fcloz eterlerle birlikte kullan\u0131lan ni\u015fasta eterleridir, \u00f6zellikle patates esasl\u0131 ni\u015fasta eterlerinin performans\u0131 y\u00fcksektir. Viskoziteyi y\u00fckselttikleri i\u00e7in har\u00e7taki kaymazl\u0131k direncini art\u0131rarak harc\u0131n performans\u0131n\u0131 geli\u015ftirler. Ni\u015fasta eterleri, i\u015flenebilirli\u011fi artt\u0131rlar, \u00f6zellikle seramik ve fayanslar\u0131n yukar\u0131dan a\u015fa\u011f\u0131 uygulamalar\u0131nda kayma e\u011filiminden do\u011fabilecek riskleri en aza indirirler, s\u0131valarda ve montoloma yap\u0131\u015ft\u0131r\u0131c\u0131lar\u0131nda duvarda ve tavanda harc\u0131n ve eps&#8217;nin sarkma ve akma e\u011filimlerinin y\u00fcksek olmas\u0131 nedeniyle tercih edilirler.<\/strong><\/p>\n<p><strong>\u00a0<\/strong><\/p>\n<p><strong>N\u0130\u015eASTA ETER\u0130 \u00d6ZELL\u0130KLER\u0130<\/strong><\/p>\n<p><strong>Sel\u00fcloz eterlerle birlikte kullan\u0131lan ni\u015fasta eterleri, viskoziteyi y\u00fckselterek harc\u0131n direncini art\u0131rarak performans\u0131n\u0131 geli\u015ftirirler. \u0130\u015flenebilirli\u011fini art\u0131rarak \u00f6zelliklede seramik ve fayanslar\u0131n yukar\u0131dan a\u015fa\u011f\u0131ya do\u011fru uygulamalar\u0131nda kullan\u0131l\u0131r. K\u0131\u015f mevsiminde harc\u0131 sel\u00fcloz kullan\u0131m\u0131ndan kaynaklanan y\u00fcksek su tutma kapasitesi sayesinde kaplama malzemelerinin kayma e\u011filiminden do\u011fabilecek riskleri en aza indirmek i\u00e7in kullan\u0131l\u0131r. Ni\u015fasta eteri, s\u0131va uygulamalar\u0131nda tercih edilir ve piyasada sarkma \u00f6nleyici olarak adland\u0131r\u0131l\u0131r.<\/strong><\/p>\n<p><strong>\u00a0<\/strong><\/p>\n<p><strong>N\u0130\u015eASTA ETER\u0130 TEKN\u0130K \u00d6ZELL\u0130KLER<\/strong><\/p>\n<p><strong>G\u00d6R\u00dcN\u00dcM: TOZ<\/strong><\/p>\n<p><strong>\u00c7\u00d6Z\u00dcN\u00dcRL\u00dcK: Suda \u00e7\u00f6z\u00fcn\u00fcr.<\/strong><\/p>\n<p><strong>NEM \u0130\u00c7ER\u0130\u011e\u0130: %4<\/strong><\/p>\n<p><strong>K\u00dcTLE YO\u011eUNLU\u011eU: 600 kg\/m3<\/strong><\/p>\n<p><strong>PART\u0130K\u00dcL B\u00dcY\u00dcKL\u00dc\u011e\u00dc: 0,100 mm\/60 %<\/strong><\/p>\n<p><strong>SULU \u00c7\u00d6ZELT\u0130 HAL\u0130: S\u00fctl\u00fc bulan\u0131k<\/strong><\/p>\n<p><strong>\u00a0<\/strong><\/p>\n<p><strong>Buna ba\u011fl\u0131 olarak, yap\u0131 kimyasallar\u0131nda kullan\u0131lan ana \u00fcr\u00fcn gruplar\u0131;<\/strong><\/p>\n<ul>\n<li><strong>Ba\u011flay\u0131c\u0131; Al\u00e7\u0131, \u00e7imento, kil vs.,<\/strong><\/li>\n<li><strong>Agregalar; kuvars, silis, kalsiyum karbonat,<\/strong><\/li>\n<li><strong>Kal\u0131nla\u015ft\u0131r\u0131c\u0131lar; polimerler, do\u011fal kal\u0131nla\u015ft\u0131r\u0131c\u0131lar (sel\u00fcloz, ni\u015fasta\u2026 ), sentetik kal\u0131nla\u015ft\u0131r\u0131c\u0131lar (poliakrilamid, poliakrilat, poli\u00fcretan),<\/strong><\/li>\n<li><strong>Su ve proses yard\u0131mc\u0131 kimyasallar\u0131d\u0131r.<\/strong><\/li>\n<\/ul>\n<p><strong>Bu kimyasallardan bir tanesi do\u011fal kal\u0131nla\u015ft\u0131r\u0131c\u0131 (k\u0131vam verici) olan ni\u015fastad\u0131r.<\/strong><\/p>\n<p><strong>\u00a0<\/strong><\/p>\n<p><strong>N\u0130\u015eASTA ETER\u0130 KULLANIM ALANLARI<\/strong><\/p>\n<ul>\n<li><strong>G\u0131da end\u00fcstrisi \/ Bebek g\u0131da \u00fcr\u00fcnleri,<\/strong><\/li>\n<li><strong>GDO\u2019suz m\u0131s\u0131r bazl\u0131 \u00fcr\u00fcnler \/ Organik \u00fcr\u00fcnler,<\/strong><\/li>\n<li><strong>K\u00e2\u011f\u0131t end\u00fcstrisi \/ Tekstil end\u00fcstrisi,<\/strong><\/li>\n<li><strong>Yap\u0131 kimyasallar\u0131 \/ Kozmetik end\u00fcstrisi,<\/strong><\/li>\n<li><strong>\u0130la\u00e7 sekt\u00f6r\u00fc \/ Mineral ya\u011f end\u00fcstrisi. Ni\u015fastan\u0131n elde edildi\u011fi tar\u0131msal hammaddeler, bu\u011fday, m\u0131s\u0131r ve patatestir. Yap\u0131lan istatistiklere g\u00f6re, Avrupa\u2019da ni\u015fasta elde etmek amac\u0131yla i\u015flenen hammaddelerin y\u00fczdesel da\u011f\u0131l\u0131m\u0131; %47 m\u0131s\u0131r, %13,3 patates, %40 bu\u011fday olmak \u00fczere toplam yakla\u015f\u0131k<\/strong><\/li>\n<\/ul>\n<p><strong>10 milyon ton kadard\u0131r.<\/strong><\/p>\n<p><strong>\u00a0<\/strong><\/p>\n<p><strong>N\u0130\u015eASTA ETER\u0130 AVANTAJLARI<\/strong><\/p>\n<ul>\n<li><strong>Reolojiyi ayarlama,<\/strong><\/li>\n<li><strong>\u00c7al\u0131\u015fabilirlik,<\/strong><\/li>\n<li><strong>Akma-kayma direnci,<\/strong><\/li>\n<li><strong>Su tutma,<\/strong><\/li>\n<li><strong>Priz geciktirme.<\/strong><\/li>\n<\/ul>\n<p><strong>\u00a0<\/strong><\/p>\n<p><strong>AMBALAJ<\/strong><\/p>\n<p><strong>1-5-25 kg torbalar halinde<\/strong><\/p>\n<p><strong>\u00a0<\/strong><\/p>\n<p><strong>\u00a0DEPOLAMA<\/strong><\/p>\n<p><strong>G\u00fcne\u015f \u0131\u015f\u0131\u011f\u0131na temas etmeyen kuru ve serin yerlerde muhafaza ediniz.<\/strong><\/p>\n<p><strong>\u00a0<\/strong><\/p>\n","protected":false},"excerpt":{"rendered":"<p>N\u0130\u015eASTA ETER\u0130 N\u0130\u015eASTA ETER\u0130, sel\u00fcloz eterlerle birlikte kullan\u0131lan ni\u015fasta eterleridir, \u00f6zellikle patates esasl\u0131 ni\u015fasta eterlerinin performans\u0131 y\u00fcksektir. Viskoziteyi y\u00fckselttikleri i\u00e7in<\/p>\n","protected":false},"featured_media":16399,"comment_status":"open","ping_status":"closed","template":"","meta":{"_joinchat":[]},"product_cat":[70,74,76,80],"product_tag":[],"class_list":{"0":"post-16398","1":"product","2":"type-product","3":"status-publish","4":"has-post-thumbnail","6":"product_cat-boya-ve-yapi-kimyasallar","7":"product_cat-deterjan-ve-kozmetik-kimyasallari","8":"product_cat-gida-ve-katki-kimyasallari","9":"product_cat-veteriner-ve-ilac-kimyasallari","11":"first","12":"instock","13":"shipping-taxable","14":"purchasable","15":"product-type-variable"},"yoast_head":"<!-- This site is optimized with the Yoast SEO Premium plugin v20.2.1 (Yoast SEO v20.2.1) - https:\/\/yoast.com\/wordpress\/plugins\/seo\/ -->\n<title>N\u0130\u015eASTA ETER\u0130 - Akerkimya<\/title>\n<meta name=\"robots\" content=\"index, follow, max-snippet:-1, max-image-preview:large, max-video-preview:-1\" \/>\n<link rel=\"canonical\" href=\"https:\/\/akerkimya.com\/eticaret\/urun\/nisasta-eteri\/\" \/>\n<meta property=\"og:locale\" content=\"tr_TR\" \/>\n<meta property=\"og:type\" content=\"article\" \/>\n<meta property=\"og:title\" content=\"N\u0130\u015eASTA ETER\u0130\" \/>\n<meta property=\"og:description\" content=\"N\u0130\u015eASTA ETER\u0130 N\u0130\u015eASTA ETER\u0130, sel\u00fcloz eterlerle birlikte kullan\u0131lan ni\u015fasta eterleridir, \u00f6zellikle patates esasl\u0131 ni\u015fasta eterlerinin performans\u0131 y\u00fcksektir. Viskoziteyi y\u00fckselttikleri i\u00e7in\" \/>\n<meta property=\"og:url\" content=\"https:\/\/akerkimya.com\/eticaret\/urun\/nisasta-eteri\/\" \/>\n<meta property=\"og:site_name\" content=\"Akerkimya\" \/>\n<meta property=\"article:modified_time\" content=\"2026-03-29T23:23:50+00:00\" \/>\n<meta property=\"og:image\" content=\"https:\/\/akerkimya.com\/eticaret\/wp-content\/uploads\/2024\/12\/NISASTA-ETERI-GUNCEL-.png\" \/>\n\t<meta property=\"og:image:width\" content=\"1000\" \/>\n\t<meta property=\"og:image:height\" content=\"1000\" \/>\n\t<meta property=\"og:image:type\" content=\"image\/png\" \/>\n<meta name=\"twitter:card\" content=\"summary_large_image\" \/>\n<meta name=\"twitter:label1\" content=\"Tahmini okuma s\u00fcresi\" \/>\n\t<meta name=\"twitter:data1\" content=\"2 dakika\" \/>\n<script type=\"application\/ld+json\" class=\"yoast-schema-graph\">{\"@context\":\"https:\/\/schema.org\",\"@graph\":[{\"@type\":\"WebPage\",\"@id\":\"https:\/\/akerkimya.com\/eticaret\/urun\/nisasta-eteri\/\",\"url\":\"https:\/\/akerkimya.com\/eticaret\/urun\/nisasta-eteri\/\",\"name\":\"N\u0130\u015eASTA ETER\u0130 - Akerkimya\",\"isPartOf\":{\"@id\":\"https:\/\/akerkimya.com\/eticaret\/#website\"},\"datePublished\":\"2024-12-31T13:39:03+00:00\",\"dateModified\":\"2026-03-29T23:23:50+00:00\",\"breadcrumb\":{\"@id\":\"https:\/\/akerkimya.com\/eticaret\/urun\/nisasta-eteri\/#breadcrumb\"},\"inLanguage\":\"tr\",\"potentialAction\":[{\"@type\":\"ReadAction\",\"target\":[\"https:\/\/akerkimya.com\/eticaret\/urun\/nisasta-eteri\/\"]}]},{\"@type\":\"BreadcrumbList\",\"@id\":\"https:\/\/akerkimya.com\/eticaret\/urun\/nisasta-eteri\/#breadcrumb\",\"itemListElement\":[{\"@type\":\"ListItem\",\"position\":1,\"name\":\"Home\",\"item\":\"https:\/\/akerkimya.com\/eticaret\/\"},{\"@type\":\"ListItem\",\"position\":2,\"name\":\"Market\",\"item\":\"https:\/\/akerkimya.com\/eticaret\/market\/\"},{\"@type\":\"ListItem\",\"position\":3,\"name\":\"N\u0130\u015eASTA ETER\u0130\"}]},{\"@type\":\"WebSite\",\"@id\":\"https:\/\/akerkimya.com\/eticaret\/#website\",\"url\":\"https:\/\/akerkimya.com\/eticaret\/\",\"name\":\"Akerkimya\",\"description\":\"\",\"potentialAction\":[{\"@type\":\"SearchAction\",\"target\":{\"@type\":\"EntryPoint\",\"urlTemplate\":\"https:\/\/akerkimya.com\/eticaret\/?s={search_term_string}\"},\"query-input\":\"required name=search_term_string\"}],\"inLanguage\":\"tr\"}]}<\/script>\n<!-- \/ Yoast SEO Premium plugin. -->","yoast_head_json":{"title":"N\u0130\u015eASTA ETER\u0130 - Akerkimya","robots":{"index":"index","follow":"follow","max-snippet":"max-snippet:-1","max-image-preview":"max-image-preview:large","max-video-preview":"max-video-preview:-1"},"canonical":"https:\/\/akerkimya.com\/eticaret\/urun\/nisasta-eteri\/","og_locale":"tr_TR","og_type":"article","og_title":"N\u0130\u015eASTA ETER\u0130","og_description":"N\u0130\u015eASTA ETER\u0130 N\u0130\u015eASTA ETER\u0130, sel\u00fcloz eterlerle birlikte kullan\u0131lan ni\u015fasta eterleridir, \u00f6zellikle patates esasl\u0131 ni\u015fasta eterlerinin performans\u0131 y\u00fcksektir. Viskoziteyi y\u00fckselttikleri i\u00e7in","og_url":"https:\/\/akerkimya.com\/eticaret\/urun\/nisasta-eteri\/","og_site_name":"Akerkimya","article_modified_time":"2026-03-29T23:23:50+00:00","og_image":[{"width":1000,"height":1000,"url":"https:\/\/akerkimya.com\/eticaret\/wp-content\/uploads\/2024\/12\/NISASTA-ETERI-GUNCEL-.png","type":"image\/png"}],"twitter_card":"summary_large_image","twitter_misc":{"Tahmini okuma s\u00fcresi":"2 dakika"},"schema":{"@context":"https:\/\/schema.org","@graph":[{"@type":"WebPage","@id":"https:\/\/akerkimya.com\/eticaret\/urun\/nisasta-eteri\/","url":"https:\/\/akerkimya.com\/eticaret\/urun\/nisasta-eteri\/","name":"N\u0130\u015eASTA ETER\u0130 - Akerkimya","isPartOf":{"@id":"https:\/\/akerkimya.com\/eticaret\/#website"},"datePublished":"2024-12-31T13:39:03+00:00","dateModified":"2026-03-29T23:23:50+00:00","breadcrumb":{"@id":"https:\/\/akerkimya.com\/eticaret\/urun\/nisasta-eteri\/#breadcrumb"},"inLanguage":"tr","potentialAction":[{"@type":"ReadAction","target":["https:\/\/akerkimya.com\/eticaret\/urun\/nisasta-eteri\/"]}]},{"@type":"BreadcrumbList","@id":"https:\/\/akerkimya.com\/eticaret\/urun\/nisasta-eteri\/#breadcrumb","itemListElement":[{"@type":"ListItem","position":1,"name":"Home","item":"https:\/\/akerkimya.com\/eticaret\/"},{"@type":"ListItem","position":2,"name":"Market","item":"https:\/\/akerkimya.com\/eticaret\/market\/"},{"@type":"ListItem","position":3,"name":"N\u0130\u015eASTA ETER\u0130"}]},{"@type":"WebSite","@id":"https:\/\/akerkimya.com\/eticaret\/#website","url":"https:\/\/akerkimya.com\/eticaret\/","name":"Akerkimya","description":"","potentialAction":[{"@type":"SearchAction","target":{"@type":"EntryPoint","urlTemplate":"https:\/\/akerkimya.com\/eticaret\/?s={search_term_string}"},"query-input":"required name=search_term_string"}],"inLanguage":"tr"}]}},"_links":{"self":[{"href":"https:\/\/akerkimya.com\/eticaret\/wp-json\/wp\/v2\/product\/16398","targetHints":{"allow":["GET"]}}],"collection":[{"href":"https:\/\/akerkimya.com\/eticaret\/wp-json\/wp\/v2\/product"}],"about":[{"href":"https:\/\/akerkimya.com\/eticaret\/wp-json\/wp\/v2\/types\/product"}],"replies":[{"embeddable":true,"href":"https:\/\/akerkimya.com\/eticaret\/wp-json\/wp\/v2\/comments?post=16398"}],"version-history":[{"count":3,"href":"https:\/\/akerkimya.com\/eticaret\/wp-json\/wp\/v2\/product\/16398\/revisions"}],"predecessor-version":[{"id":18979,"href":"https:\/\/akerkimya.com\/eticaret\/wp-json\/wp\/v2\/product\/16398\/revisions\/18979"}],"wp:featuredmedia":[{"embeddable":true,"href":"https:\/\/akerkimya.com\/eticaret\/wp-json\/wp\/v2\/media\/16399"}],"wp:attachment":[{"href":"https:\/\/akerkimya.com\/eticaret\/wp-json\/wp\/v2\/media?parent=16398"}],"wp:term":[{"taxonomy":"product_cat","embeddable":true,"href":"https:\/\/akerkimya.com\/eticaret\/wp-json\/wp\/v2\/product_cat?post=16398"},{"taxonomy":"product_tag","embeddable":true,"href":"https:\/\/akerkimya.com\/eticaret\/wp-json\/wp\/v2\/product_tag?post=16398"}],"curies":[{"name":"wp","href":"https:\/\/api.w.org\/{rel}","templated":true}]}}