{"id":16404,"date":"2024-12-31T16:45:08","date_gmt":"2024-12-31T13:45:08","guid":{"rendered":"https:\/\/akerkimya.com\/eticaret\/?post_type=product&#038;p=16404"},"modified":"2026-03-30T02:22:23","modified_gmt":"2026-03-29T23:22:23","slug":"nitrik-asit","status":"publish","type":"product","link":"https:\/\/akerkimya.com\/eticaret\/urun\/nitrik-asit\/","title":{"rendered":"N\u0130TR\u0130K AS\u0130T"},"content":{"rendered":"<h1>N\u0130TR\u0130K AS\u0130T<\/h1>\n<p><strong>S\u0131v\u0131 halde berrak ve sar\u0131mt\u0131rak bir madde olan Nitrik Asit i\u00e7erisinde azot, hidrojen ve oksijen atomlar\u0131 bulundurur. Nitrik asit \u00fcretimi \u015eili g\u00fcver\u00e7ilesinin s\u00fclf\u00fcrik asitle reaksiyona sokulmas\u0131 sonucunda, amonyak kullan\u0131m\u0131 ile veya havada bulunan azottan amonyak elde etmenin sonra da bunu y\u00fcksek s\u0131cakl\u0131kta ve havadaki oksijenle birle\u015ftirmek suretiyle nitrik asit \u00fcretimi ger\u00e7ekle\u015fir. Nitrik asit kuvvetli bir anorganik asittir.<\/strong><\/p>\n<h3><strong>Teknik \u00d6zellikleri<\/strong><\/h3>\n<p><strong>CAS NO: 7697-37-2<\/strong><\/p>\n<p><strong>EC NO: 231-714-2<\/strong><\/p>\n<p><strong>FORM\u00dcL: HNO3<\/strong><\/p>\n<p><strong>MOLEK\u00dcL K\u00dcTLES\u0130: 63,01 g\/mol<\/strong><\/p>\n<p><strong>G\u00d6R\u00dcN\u00dcM: Renksiz sar\u0131 veya k\u0131rm\u0131z\u0131 dumanl\u0131 s\u0131v\u0131<\/strong><\/p>\n<p><strong>YO\u011eUNLUK: 1,51 g\/cm3<\/strong><\/p>\n<p><strong>ER\u0130ME NOKTASI: -42 \u00b0C<\/strong><\/p>\n<p><strong>KAYNAMA NOKTASI: 83 \u00b0C<\/strong><\/p>\n<p><strong>\u00c7\u00d6Z\u00dcN\u00dcRL\u00dcK: Suda tamamen \u00e7\u00f6z\u00fcn\u00fcr.<\/strong><\/p>\n<p><strong>D\u0130\u011eER ADLARI: Agua Fortis,Niter Ruhu,Kezzap<\/strong><\/p>\n<p><strong>\u00a0<\/strong><\/p>\n<h3><strong>Kullan\u0131m Alanlar\u0131<\/strong><\/h3>\n<p><strong>G\u00fcbre \u00fcretiminde kullan\u0131l\u0131r.<\/strong><\/p>\n<p><strong>Metal sanayisinde metallerin safla\u015ft\u0131r\u0131lmas\u0131nda kullan\u0131l\u0131r.<\/strong><\/p>\n<p><strong>Metallerin da\u011flanmas\u0131 i\u015flemi s\u0131ras\u0131nda kullan\u0131l\u0131r.<\/strong><\/p>\n<p><strong>Patlay\u0131c\u0131 maddelerin \u00fcretiminde kullan\u0131l\u0131r.<\/strong><\/p>\n<p><strong>PH indirgenmesi gereken su ar\u0131tmas\u0131 gibi yerlerde kullan\u0131l\u0131r.<\/strong><\/p>\n<p><strong>Boya kimyasallar\u0131 sekt\u00f6r\u00fcnde kullan\u0131l\u0131r.<\/strong><\/p>\n<p><strong>Dinamit \u00fcretiminde kullan\u0131l\u0131r.<\/strong><\/p>\n<p><strong>G\u00fcm\u00fc\u015f nitrat \u00fcretilmesi i\u00e7in kullan\u0131l\u0131r.<\/strong><\/p>\n<p><strong>Elektro polisaj i\u015flemlerinde kullan\u0131lmaktad\u0131r<em>.<\/em><\/strong><\/p>\n<p><strong>Kloridrik asitle birle\u015ftirildi\u011finde alt\u0131n\u0131 \u00e7\u00f6zen tek kar\u0131\u015f\u0131m haline gelir.<\/strong><\/p>\n<p><strong>Kuvvetli bir oksidasyon arac\u0131 olarak kullan\u0131l\u0131r. Bu etkiyle tuzlar\u0131 ve serbest hidrojen olu\u015fturur.<\/strong><\/p>\n<p><strong>Baz\u0131 metal ve ametallerle oksitleri olu\u015fturur.<\/strong><\/p>\n<p><strong>Bask\u0131 yap\u0131m\u0131nda grav\u00fcr, paslanmaz \u00e7eliklerin dekupaj\u0131 veya elektronikte silikon gofretlerin temizlenmesinde nitrik asidin a\u015f\u0131nd\u0131r\u0131c\u0131 \u00f6zelli\u011finden faydalan\u0131l\u0131r.<\/strong><\/p>\n<p><strong>Kuyumcularda alt\u0131n ala\u015f\u0131mlar\u0131n\u0131 tespit ve alt\u0131n\u0131n safl\u0131\u011f\u0131n\u0131 de\u011ferlendirmede kullan\u0131l\u0131r.<\/strong><\/p>\n<p><strong>A\u011fa\u00e7 eskitmede d\u00fc\u015f\u00fck deri\u015fimde (yakla\u015f\u0131k% 10) kullan\u0131l\u0131r. \u00dcretilen renk, cilal\u0131 veya ya\u011fl\u0131 eski a\u011fa\u00e7 g\u00f6r\u00fcn\u00fc\u015f\u00fcnde olup grimsi alt\u0131n renginde olur.<\/strong><\/p>\n<p><strong>Naylon \u00f6nc\u00fcl maddeleri ve \u00f6zel organik bile\u015fiklerin \u00fcretiminde kullan\u0131l\u0131r.<\/strong><\/p>\n<p><strong>G\u00fcm\u00fc\u015f ayna yap\u0131m\u0131 \u00f6ncesinde cam\u0131 temizlemede kullan\u0131l\u0131r.<\/strong><\/p>\n<p><strong>\u00a0<\/strong><\/p>\n<p><strong>AMBALAJ<\/strong><\/p>\n<p><strong>35 ve 85 kg bidonlar halinde <\/strong><\/p>\n<p><strong>\u00a0<\/strong><\/p>\n<p><strong>\u00a0DEPOLAMA<\/strong><\/p>\n<p><strong>G\u00fcne\u015f \u0131\u015f\u0131\u011f\u0131na temas etmeyen kuru ve serin yerlerde muhafaza ediniz.<\/strong><\/p>\n<p><strong>\u00a0<\/strong><\/p>\n<p><strong>\u00a0<\/strong><\/p>\n","protected":false},"excerpt":{"rendered":"<p>N\u0130TR\u0130K AS\u0130T S\u0131v\u0131 halde berrak ve sar\u0131mt\u0131rak bir madde olan Nitrik Asit i\u00e7erisinde azot, hidrojen ve oksijen atomlar\u0131 bulundurur. Nitrik<\/p>\n","protected":false},"featured_media":16405,"comment_status":"open","ping_status":"closed","template":"","meta":{"_joinchat":[]},"product_cat":[70,78,79],"product_tag":[],"class_list":{"0":"post-16404","1":"product","2":"type-product","3":"status-publish","4":"has-post-thumbnail","6":"product_cat-boya-ve-yapi-kimyasallar","7":"product_cat-metal-dokum-kaplama","8":"product_cat-tarim-kimyasallari","10":"first","11":"outofstock","12":"shipping-taxable","13":"product-type-variable"},"yoast_head":"<!-- This site is optimized with the Yoast SEO Premium plugin v20.2.1 (Yoast SEO v20.2.1) - https:\/\/yoast.com\/wordpress\/plugins\/seo\/ -->\n<title>N\u0130TR\u0130K AS\u0130T - Akerkimya<\/title>\n<meta name=\"robots\" content=\"index, follow, max-snippet:-1, max-image-preview:large, max-video-preview:-1\" \/>\n<link rel=\"canonical\" href=\"https:\/\/akerkimya.com\/eticaret\/urun\/nitrik-asit\/\" \/>\n<meta property=\"og:locale\" content=\"tr_TR\" \/>\n<meta property=\"og:type\" content=\"article\" \/>\n<meta property=\"og:title\" content=\"N\u0130TR\u0130K AS\u0130T\" \/>\n<meta property=\"og:description\" content=\"N\u0130TR\u0130K AS\u0130T S\u0131v\u0131 halde berrak ve sar\u0131mt\u0131rak bir madde olan Nitrik Asit i\u00e7erisinde azot, hidrojen ve oksijen atomlar\u0131 bulundurur. Nitrik\" \/>\n<meta property=\"og:url\" content=\"https:\/\/akerkimya.com\/eticaret\/urun\/nitrik-asit\/\" \/>\n<meta property=\"og:site_name\" content=\"Akerkimya\" \/>\n<meta property=\"article:modified_time\" content=\"2026-03-29T23:22:23+00:00\" \/>\n<meta property=\"og:image\" content=\"https:\/\/akerkimya.com\/eticaret\/wp-content\/uploads\/2024\/12\/NITRIK-ASIT-GUNCEL-.png\" \/>\n\t<meta property=\"og:image:width\" content=\"1000\" \/>\n\t<meta property=\"og:image:height\" content=\"1000\" \/>\n\t<meta property=\"og:image:type\" content=\"image\/png\" \/>\n<meta name=\"twitter:card\" content=\"summary_large_image\" \/>\n<meta name=\"twitter:label1\" content=\"Tahmini okuma s\u00fcresi\" \/>\n\t<meta name=\"twitter:data1\" content=\"2 dakika\" \/>\n<script type=\"application\/ld+json\" class=\"yoast-schema-graph\">{\"@context\":\"https:\/\/schema.org\",\"@graph\":[{\"@type\":\"WebPage\",\"@id\":\"https:\/\/akerkimya.com\/eticaret\/urun\/nitrik-asit\/\",\"url\":\"https:\/\/akerkimya.com\/eticaret\/urun\/nitrik-asit\/\",\"name\":\"N\u0130TR\u0130K AS\u0130T - Akerkimya\",\"isPartOf\":{\"@id\":\"https:\/\/akerkimya.com\/eticaret\/#website\"},\"datePublished\":\"2024-12-31T13:45:08+00:00\",\"dateModified\":\"2026-03-29T23:22:23+00:00\",\"breadcrumb\":{\"@id\":\"https:\/\/akerkimya.com\/eticaret\/urun\/nitrik-asit\/#breadcrumb\"},\"inLanguage\":\"tr\",\"potentialAction\":[{\"@type\":\"ReadAction\",\"target\":[\"https:\/\/akerkimya.com\/eticaret\/urun\/nitrik-asit\/\"]}]},{\"@type\":\"BreadcrumbList\",\"@id\":\"https:\/\/akerkimya.com\/eticaret\/urun\/nitrik-asit\/#breadcrumb\",\"itemListElement\":[{\"@type\":\"ListItem\",\"position\":1,\"name\":\"Home\",\"item\":\"https:\/\/akerkimya.com\/eticaret\/\"},{\"@type\":\"ListItem\",\"position\":2,\"name\":\"Market\",\"item\":\"https:\/\/akerkimya.com\/eticaret\/market\/\"},{\"@type\":\"ListItem\",\"position\":3,\"name\":\"N\u0130TR\u0130K AS\u0130T\"}]},{\"@type\":\"WebSite\",\"@id\":\"https:\/\/akerkimya.com\/eticaret\/#website\",\"url\":\"https:\/\/akerkimya.com\/eticaret\/\",\"name\":\"Akerkimya\",\"description\":\"\",\"potentialAction\":[{\"@type\":\"SearchAction\",\"target\":{\"@type\":\"EntryPoint\",\"urlTemplate\":\"https:\/\/akerkimya.com\/eticaret\/?s={search_term_string}\"},\"query-input\":\"required name=search_term_string\"}],\"inLanguage\":\"tr\"}]}<\/script>\n<!-- \/ Yoast SEO Premium plugin. -->","yoast_head_json":{"title":"N\u0130TR\u0130K AS\u0130T - Akerkimya","robots":{"index":"index","follow":"follow","max-snippet":"max-snippet:-1","max-image-preview":"max-image-preview:large","max-video-preview":"max-video-preview:-1"},"canonical":"https:\/\/akerkimya.com\/eticaret\/urun\/nitrik-asit\/","og_locale":"tr_TR","og_type":"article","og_title":"N\u0130TR\u0130K AS\u0130T","og_description":"N\u0130TR\u0130K AS\u0130T S\u0131v\u0131 halde berrak ve sar\u0131mt\u0131rak bir madde olan Nitrik Asit i\u00e7erisinde azot, hidrojen ve oksijen atomlar\u0131 bulundurur. Nitrik","og_url":"https:\/\/akerkimya.com\/eticaret\/urun\/nitrik-asit\/","og_site_name":"Akerkimya","article_modified_time":"2026-03-29T23:22:23+00:00","og_image":[{"width":1000,"height":1000,"url":"https:\/\/akerkimya.com\/eticaret\/wp-content\/uploads\/2024\/12\/NITRIK-ASIT-GUNCEL-.png","type":"image\/png"}],"twitter_card":"summary_large_image","twitter_misc":{"Tahmini okuma s\u00fcresi":"2 dakika"},"schema":{"@context":"https:\/\/schema.org","@graph":[{"@type":"WebPage","@id":"https:\/\/akerkimya.com\/eticaret\/urun\/nitrik-asit\/","url":"https:\/\/akerkimya.com\/eticaret\/urun\/nitrik-asit\/","name":"N\u0130TR\u0130K AS\u0130T - Akerkimya","isPartOf":{"@id":"https:\/\/akerkimya.com\/eticaret\/#website"},"datePublished":"2024-12-31T13:45:08+00:00","dateModified":"2026-03-29T23:22:23+00:00","breadcrumb":{"@id":"https:\/\/akerkimya.com\/eticaret\/urun\/nitrik-asit\/#breadcrumb"},"inLanguage":"tr","potentialAction":[{"@type":"ReadAction","target":["https:\/\/akerkimya.com\/eticaret\/urun\/nitrik-asit\/"]}]},{"@type":"BreadcrumbList","@id":"https:\/\/akerkimya.com\/eticaret\/urun\/nitrik-asit\/#breadcrumb","itemListElement":[{"@type":"ListItem","position":1,"name":"Home","item":"https:\/\/akerkimya.com\/eticaret\/"},{"@type":"ListItem","position":2,"name":"Market","item":"https:\/\/akerkimya.com\/eticaret\/market\/"},{"@type":"ListItem","position":3,"name":"N\u0130TR\u0130K AS\u0130T"}]},{"@type":"WebSite","@id":"https:\/\/akerkimya.com\/eticaret\/#website","url":"https:\/\/akerkimya.com\/eticaret\/","name":"Akerkimya","description":"","potentialAction":[{"@type":"SearchAction","target":{"@type":"EntryPoint","urlTemplate":"https:\/\/akerkimya.com\/eticaret\/?s={search_term_string}"},"query-input":"required name=search_term_string"}],"inLanguage":"tr"}]}},"_links":{"self":[{"href":"https:\/\/akerkimya.com\/eticaret\/wp-json\/wp\/v2\/product\/16404","targetHints":{"allow":["GET"]}}],"collection":[{"href":"https:\/\/akerkimya.com\/eticaret\/wp-json\/wp\/v2\/product"}],"about":[{"href":"https:\/\/akerkimya.com\/eticaret\/wp-json\/wp\/v2\/types\/product"}],"replies":[{"embeddable":true,"href":"https:\/\/akerkimya.com\/eticaret\/wp-json\/wp\/v2\/comments?post=16404"}],"version-history":[{"count":2,"href":"https:\/\/akerkimya.com\/eticaret\/wp-json\/wp\/v2\/product\/16404\/revisions"}],"predecessor-version":[{"id":16679,"href":"https:\/\/akerkimya.com\/eticaret\/wp-json\/wp\/v2\/product\/16404\/revisions\/16679"}],"wp:featuredmedia":[{"embeddable":true,"href":"https:\/\/akerkimya.com\/eticaret\/wp-json\/wp\/v2\/media\/16405"}],"wp:attachment":[{"href":"https:\/\/akerkimya.com\/eticaret\/wp-json\/wp\/v2\/media?parent=16404"}],"wp:term":[{"taxonomy":"product_cat","embeddable":true,"href":"https:\/\/akerkimya.com\/eticaret\/wp-json\/wp\/v2\/product_cat?post=16404"},{"taxonomy":"product_tag","embeddable":true,"href":"https:\/\/akerkimya.com\/eticaret\/wp-json\/wp\/v2\/product_tag?post=16404"}],"curies":[{"name":"wp","href":"https:\/\/api.w.org\/{rel}","templated":true}]}}