{"id":16407,"date":"2024-12-31T16:48:36","date_gmt":"2024-12-31T13:48:36","guid":{"rendered":"https:\/\/akerkimya.com\/eticaret\/?post_type=product&#038;p=16407"},"modified":"2026-04-09T11:10:38","modified_gmt":"2026-04-09T08:10:38","slug":"palmitik-asit","status":"publish","type":"product","link":"https:\/\/akerkimya.com\/eticaret\/urun\/palmitik-asit\/","title":{"rendered":"PALM\u0130T\u0130K AS\u0130T"},"content":{"rendered":"<h1>PALM\u0130T\u0130K AS\u0130T<\/h1>\n<p><strong>Palmitik asit, C16H32O2 form\u00fcl\u00fcne sahip hayvan bitkilerde bulunan en yayg\u0131n doymu\u015f ya\u011f asididir. Ya\u011f\u0131n sabunla\u015ft\u0131r\u0131lmas\u0131 ve asitle\u015ftirilmesi i\u015fleminden sonra ayr\u0131\u015ft\u0131r\u0131lmas\u0131yla elde edilir.<\/strong><\/p>\n<p><strong>\u00a0<\/strong><\/p>\n<p><strong>PALM\u0130T\u0130K AS\u0130T \u00d6ZELL\u0130KLER\u0130<\/strong><\/p>\n<p><strong>Beyaz renkte ince pul formdad\u0131r.<\/strong><\/p>\n<p><strong>Suda \u00e7\u00f6z\u00fcnmez. Etanolde, eter, kloroform ve asetik asitte kolayca \u00e7\u00f6z\u00fcn\u00fcr.<\/strong><\/p>\n<p><strong>Bazlarla, oksitleyici ve indirgeyici maddelerle reaksiyona girer.<\/strong><\/p>\n<p><strong>Renk ve oksidasyon stabilitesi iyidir.<\/strong><\/p>\n<p><strong>\u00a0<\/strong><\/p>\n<p><strong>TEKN\u0130K \u00d6ZELL\u0130KLER\u0130<\/strong><\/p>\n<p><strong>CAS NUMARASI: 57-10-3<\/strong><\/p>\n<p><strong>MOLEK\u00dcLER FORM\u00dcL: C16H32O2<\/strong><\/p>\n<p><strong>K\u0130MYASAL \u0130SM\u0130: Palmitik asit, Heksadekanoik asit<\/strong><\/p>\n<p><strong>ER\u0130ME NOKTASI: 62,9 \u00b0C<\/strong><\/p>\n<p><strong>KAYNAMA NOKTASI: 340,6 \u00b0C<\/strong><\/p>\n<p><strong>MOLAR K\u00dcTLE: 256\u01304 g\/mol<\/strong><\/p>\n<p><strong>Yo\u011funluk: 853 kg\/m\u00b3<\/strong><\/p>\n<p><strong>KIRILMA \u0130NDEKS\u0130: 1.454<\/strong><\/p>\n<p><strong>PARLAMA NOKTASI: 154.1 \u00b0C<\/strong><\/p>\n<p><strong>\u00a0<\/strong><\/p>\n<p><strong>KULLANIM ALANLARI<\/strong><\/p>\n<p><strong>Kozmetik ve ila\u00e7 sekt\u00f6r\u00fcnde em\u00fclgat\u00f6r olarak kullan\u0131l\u0131r.<\/strong><\/p>\n<p><strong>Sa\u00e7 ya\u011f\u0131, sa\u00e7 kremlerinin yap\u0131m\u0131nda koku vermesi amac\u0131 ile kullan\u0131l\u0131r.<\/strong><\/p>\n<p><strong>M\u00fcrekkep yap\u0131m\u0131nda k\u00f6p\u00fck giderici ve da\u011f\u0131t\u0131c\u0131 ajan olarak kullan\u0131l\u0131r.<\/strong><\/p>\n<p><strong>Tekstil kimyasallar\u0131 olarak kullan\u0131l\u0131r.<\/strong><\/p>\n<p><strong>Mum ve sabun yap\u0131m\u0131nda esans olarak kullan\u0131lmaktad\u0131r.<\/strong><\/p>\n<p><strong>Su yal\u0131t\u0131m maddesi olarak kullan\u0131l\u0131r.<\/strong><\/p>\n<p><strong>Kokusuz kloramfenikol ve \u00e7e\u015fitli palmitik asit metal tuzlar\u0131 \u00fcretmek i\u00e7in kullan\u0131l\u0131r.<\/strong><\/p>\n<p><strong>Em\u00fclsiyon polimerizasyonunda em\u00fclgat\u00f6r olarak kullan\u0131l\u0131r.<\/strong><\/p>\n<p><strong>Anyonik ve non iyonik y\u00fczey aktiflerin \u00fcretiminde kullan\u0131l\u0131r.<\/strong><\/p>\n<p><strong>G\u0131da sekt\u00f6r\u00fcnde topaklanmay\u0131 \u00f6nleyici olarak kullan\u0131l\u0131r.<\/strong><\/p>\n<p><strong>D\u00fc\u015f\u00fck ya\u011fl\u0131 s\u00fct \u00fcretiminde s\u00fctten al\u0131nan ya\u011fla beraber kaybolan A vitamini (retinol) yerini almak i\u00e7in retinol ile palmitat\u0131n esterle\u015fmi\u015f hali olan retinil palmitat geri eklenir.<\/strong><\/p>\n<p><strong>\u00a0<\/strong><\/p>\n<p><strong>AMBALAJ<\/strong><\/p>\n<p><strong>1-5-25 kg torbalar halinde <\/strong><\/p>\n<p><strong>\u00a0<\/strong><\/p>\n<p><strong>DEPOLAMA <\/strong><\/p>\n<p><strong>Serin ve kuru bir alanda muhafaza edilmelidir.<\/strong><\/p>\n","protected":false},"excerpt":{"rendered":"<p>PALM\u0130T\u0130K AS\u0130T Palmitik asit, C16H32O2 form\u00fcl\u00fcne sahip hayvan bitkilerde bulunan en yayg\u0131n doymu\u015f ya\u011f asididir. Ya\u011f\u0131n sabunla\u015ft\u0131r\u0131lmas\u0131 ve asitle\u015ftirilmesi i\u015fleminden<\/p>\n","protected":false},"featured_media":16408,"comment_status":"open","ping_status":"closed","template":"","meta":{"_joinchat":[]},"product_cat":[70,73,74,76,78],"product_tag":[],"class_list":{"0":"post-16407","1":"product","2":"type-product","3":"status-publish","4":"has-post-thumbnail","6":"product_cat-boya-ve-yapi-kimyasallar","7":"product_cat-deri-ve-tekstil-kimyasallari","8":"product_cat-deterjan-ve-kozmetik-kimyasallari","9":"product_cat-gida-ve-katki-kimyasallari","10":"product_cat-metal-dokum-kaplama","12":"first","13":"instock","14":"shipping-taxable","15":"purchasable","16":"product-type-variable"},"yoast_head":"<!-- This site is optimized with the Yoast SEO Premium plugin v20.2.1 (Yoast SEO v20.2.1) - https:\/\/yoast.com\/wordpress\/plugins\/seo\/ -->\n<title>PALM\u0130T\u0130K AS\u0130T - Akerkimya<\/title>\n<meta name=\"robots\" content=\"index, follow, max-snippet:-1, max-image-preview:large, max-video-preview:-1\" \/>\n<link rel=\"canonical\" href=\"https:\/\/akerkimya.com\/eticaret\/urun\/palmitik-asit\/\" \/>\n<meta property=\"og:locale\" content=\"tr_TR\" \/>\n<meta property=\"og:type\" content=\"article\" \/>\n<meta property=\"og:title\" content=\"PALM\u0130T\u0130K AS\u0130T\" \/>\n<meta property=\"og:description\" content=\"PALM\u0130T\u0130K AS\u0130T Palmitik asit, C16H32O2 form\u00fcl\u00fcne sahip hayvan bitkilerde bulunan en yayg\u0131n doymu\u015f ya\u011f asididir. Ya\u011f\u0131n sabunla\u015ft\u0131r\u0131lmas\u0131 ve asitle\u015ftirilmesi i\u015fleminden\" \/>\n<meta property=\"og:url\" content=\"https:\/\/akerkimya.com\/eticaret\/urun\/palmitik-asit\/\" \/>\n<meta property=\"og:site_name\" content=\"Akerkimya\" \/>\n<meta property=\"article:modified_time\" content=\"2026-04-09T08:10:38+00:00\" \/>\n<meta property=\"og:image\" content=\"https:\/\/akerkimya.com\/eticaret\/wp-content\/uploads\/2024\/12\/PALMITIK-ASIT-GUNCEL.png\" \/>\n\t<meta property=\"og:image:width\" content=\"1000\" \/>\n\t<meta property=\"og:image:height\" content=\"1000\" \/>\n\t<meta property=\"og:image:type\" content=\"image\/png\" \/>\n<meta name=\"twitter:card\" content=\"summary_large_image\" \/>\n<meta name=\"twitter:label1\" content=\"Tahmini okuma s\u00fcresi\" \/>\n\t<meta name=\"twitter:data1\" content=\"1 dakika\" \/>\n<script type=\"application\/ld+json\" class=\"yoast-schema-graph\">{\"@context\":\"https:\/\/schema.org\",\"@graph\":[{\"@type\":\"WebPage\",\"@id\":\"https:\/\/akerkimya.com\/eticaret\/urun\/palmitik-asit\/\",\"url\":\"https:\/\/akerkimya.com\/eticaret\/urun\/palmitik-asit\/\",\"name\":\"PALM\u0130T\u0130K AS\u0130T - Akerkimya\",\"isPartOf\":{\"@id\":\"https:\/\/akerkimya.com\/eticaret\/#website\"},\"datePublished\":\"2024-12-31T13:48:36+00:00\",\"dateModified\":\"2026-04-09T08:10:38+00:00\",\"breadcrumb\":{\"@id\":\"https:\/\/akerkimya.com\/eticaret\/urun\/palmitik-asit\/#breadcrumb\"},\"inLanguage\":\"tr\",\"potentialAction\":[{\"@type\":\"ReadAction\",\"target\":[\"https:\/\/akerkimya.com\/eticaret\/urun\/palmitik-asit\/\"]}]},{\"@type\":\"BreadcrumbList\",\"@id\":\"https:\/\/akerkimya.com\/eticaret\/urun\/palmitik-asit\/#breadcrumb\",\"itemListElement\":[{\"@type\":\"ListItem\",\"position\":1,\"name\":\"Home\",\"item\":\"https:\/\/akerkimya.com\/eticaret\/\"},{\"@type\":\"ListItem\",\"position\":2,\"name\":\"Market\",\"item\":\"https:\/\/akerkimya.com\/eticaret\/market\/\"},{\"@type\":\"ListItem\",\"position\":3,\"name\":\"PALM\u0130T\u0130K AS\u0130T\"}]},{\"@type\":\"WebSite\",\"@id\":\"https:\/\/akerkimya.com\/eticaret\/#website\",\"url\":\"https:\/\/akerkimya.com\/eticaret\/\",\"name\":\"Akerkimya\",\"description\":\"\",\"potentialAction\":[{\"@type\":\"SearchAction\",\"target\":{\"@type\":\"EntryPoint\",\"urlTemplate\":\"https:\/\/akerkimya.com\/eticaret\/?s={search_term_string}\"},\"query-input\":\"required name=search_term_string\"}],\"inLanguage\":\"tr\"}]}<\/script>\n<!-- \/ Yoast SEO Premium plugin. -->","yoast_head_json":{"title":"PALM\u0130T\u0130K AS\u0130T - Akerkimya","robots":{"index":"index","follow":"follow","max-snippet":"max-snippet:-1","max-image-preview":"max-image-preview:large","max-video-preview":"max-video-preview:-1"},"canonical":"https:\/\/akerkimya.com\/eticaret\/urun\/palmitik-asit\/","og_locale":"tr_TR","og_type":"article","og_title":"PALM\u0130T\u0130K AS\u0130T","og_description":"PALM\u0130T\u0130K AS\u0130T Palmitik asit, C16H32O2 form\u00fcl\u00fcne sahip hayvan bitkilerde bulunan en yayg\u0131n doymu\u015f ya\u011f asididir. Ya\u011f\u0131n sabunla\u015ft\u0131r\u0131lmas\u0131 ve asitle\u015ftirilmesi i\u015fleminden","og_url":"https:\/\/akerkimya.com\/eticaret\/urun\/palmitik-asit\/","og_site_name":"Akerkimya","article_modified_time":"2026-04-09T08:10:38+00:00","og_image":[{"width":1000,"height":1000,"url":"https:\/\/akerkimya.com\/eticaret\/wp-content\/uploads\/2024\/12\/PALMITIK-ASIT-GUNCEL.png","type":"image\/png"}],"twitter_card":"summary_large_image","twitter_misc":{"Tahmini okuma s\u00fcresi":"1 dakika"},"schema":{"@context":"https:\/\/schema.org","@graph":[{"@type":"WebPage","@id":"https:\/\/akerkimya.com\/eticaret\/urun\/palmitik-asit\/","url":"https:\/\/akerkimya.com\/eticaret\/urun\/palmitik-asit\/","name":"PALM\u0130T\u0130K AS\u0130T - Akerkimya","isPartOf":{"@id":"https:\/\/akerkimya.com\/eticaret\/#website"},"datePublished":"2024-12-31T13:48:36+00:00","dateModified":"2026-04-09T08:10:38+00:00","breadcrumb":{"@id":"https:\/\/akerkimya.com\/eticaret\/urun\/palmitik-asit\/#breadcrumb"},"inLanguage":"tr","potentialAction":[{"@type":"ReadAction","target":["https:\/\/akerkimya.com\/eticaret\/urun\/palmitik-asit\/"]}]},{"@type":"BreadcrumbList","@id":"https:\/\/akerkimya.com\/eticaret\/urun\/palmitik-asit\/#breadcrumb","itemListElement":[{"@type":"ListItem","position":1,"name":"Home","item":"https:\/\/akerkimya.com\/eticaret\/"},{"@type":"ListItem","position":2,"name":"Market","item":"https:\/\/akerkimya.com\/eticaret\/market\/"},{"@type":"ListItem","position":3,"name":"PALM\u0130T\u0130K AS\u0130T"}]},{"@type":"WebSite","@id":"https:\/\/akerkimya.com\/eticaret\/#website","url":"https:\/\/akerkimya.com\/eticaret\/","name":"Akerkimya","description":"","potentialAction":[{"@type":"SearchAction","target":{"@type":"EntryPoint","urlTemplate":"https:\/\/akerkimya.com\/eticaret\/?s={search_term_string}"},"query-input":"required name=search_term_string"}],"inLanguage":"tr"}]}},"_links":{"self":[{"href":"https:\/\/akerkimya.com\/eticaret\/wp-json\/wp\/v2\/product\/16407","targetHints":{"allow":["GET"]}}],"collection":[{"href":"https:\/\/akerkimya.com\/eticaret\/wp-json\/wp\/v2\/product"}],"about":[{"href":"https:\/\/akerkimya.com\/eticaret\/wp-json\/wp\/v2\/types\/product"}],"replies":[{"embeddable":true,"href":"https:\/\/akerkimya.com\/eticaret\/wp-json\/wp\/v2\/comments?post=16407"}],"version-history":[{"count":2,"href":"https:\/\/akerkimya.com\/eticaret\/wp-json\/wp\/v2\/product\/16407\/revisions"}],"predecessor-version":[{"id":16678,"href":"https:\/\/akerkimya.com\/eticaret\/wp-json\/wp\/v2\/product\/16407\/revisions\/16678"}],"wp:featuredmedia":[{"embeddable":true,"href":"https:\/\/akerkimya.com\/eticaret\/wp-json\/wp\/v2\/media\/16408"}],"wp:attachment":[{"href":"https:\/\/akerkimya.com\/eticaret\/wp-json\/wp\/v2\/media?parent=16407"}],"wp:term":[{"taxonomy":"product_cat","embeddable":true,"href":"https:\/\/akerkimya.com\/eticaret\/wp-json\/wp\/v2\/product_cat?post=16407"},{"taxonomy":"product_tag","embeddable":true,"href":"https:\/\/akerkimya.com\/eticaret\/wp-json\/wp\/v2\/product_tag?post=16407"}],"curies":[{"name":"wp","href":"https:\/\/api.w.org\/{rel}","templated":true}]}}