{"id":16413,"date":"2024-12-31T16:52:55","date_gmt":"2024-12-31T13:52:55","guid":{"rendered":"https:\/\/akerkimya.com\/eticaret\/?post_type=product&#038;p=16413"},"modified":"2026-05-05T16:21:17","modified_gmt":"2026-05-05T13:21:17","slug":"pe-wax-flake","status":"publish","type":"product","link":"https:\/\/akerkimya.com\/eticaret\/urun\/pe-wax-flake\/","title":{"rendered":"PE WAX (FLAKE)"},"content":{"rendered":"<h1>PE WAX (FLAKE)<\/h1>\n<p><strong>Polietilen wax, (C2H4)n form\u00fcl\u00fcne sahip d\u00fc\u015f\u00fck molek\u00fcler a\u011f\u0131rl\u0131kl\u0131 polietilen polimeridir. Geli\u015fmi\u015f molek\u00fcler yap\u0131s\u0131ndan dolay\u0131 kaygan bir madde \u00f6zelli\u011fi g\u00f6sterir. PE wax, polimerizasyon ad\u0131 verilen i\u015flemle etilenden elde edilir. S\u0131n\u0131rl\u0131 polie\u015fitsizlik ve molek\u00fcler a\u011f\u0131rl\u0131k i\u00e7erir. Sonu\u00e7 olarak di\u011fer kimyasallara kar\u015f\u0131 e\u015fsiz \u0131s\u0131 stabilitesine ve esnekli\u011fe sahiptir.<\/strong><\/p>\n<p><strong>PE WAX \u00d6ZELL\u0130KLER\u0130<\/strong><\/p>\n<p><strong>Beyaz, yar\u0131 saydam tozlar veya pullar halindedir.<\/strong><\/p>\n<p><strong>Tats\u0131z ve kokusuzdur<\/strong><\/p>\n<p><strong>\u00d6nerilen ko\u015fullar alt\u0131nda kararl\u0131 bir maddedir.<\/strong><\/p>\n<p><strong>\u00a0<\/strong><\/p>\n<p><strong>TEKN\u0130K \u00d6ZELL\u0130KLER\u0130<\/strong><\/p>\n<p><strong>CAS NUMARASI: 9002-88-4<\/strong><\/p>\n<p><strong>K\u0130MYASAL \u0130SM\u0130: Pe Wax, Pe Mumu, Polietilen Balmumu, Polyethylene Wax, Homopolimer<\/strong><\/p>\n<p><strong>ER\u0130ME NOKTASI: 107 \u00b0C -121 \u00b0C<\/strong><\/p>\n<p><strong>KAYNAMA NOKTASI:173.89 \u00b0C<\/strong><\/p>\n<p><strong>V\u0130SKOZ\u0130TE: &lt; 300 mPas<\/strong><\/p>\n<p><strong>ALEVLENME NOKTASI: &gt; 193 \u00b0C (CC)<\/strong><\/p>\n<p><strong>ER\u0130Y\u0130K V\u0130ZKOZ\u0130TES\u0130 (140 \u00b0C) cps: 40-60<\/strong><\/p>\n<p><strong>PENETRASYON DMM: &lt; 5<\/strong><\/p>\n<p><strong>YO\u011eUNLUK g\/ml: 0.95<\/strong><\/p>\n<p><strong>\u00a0<\/strong><\/p>\n<p><strong>KULLANIM ALANLARI<\/strong><\/p>\n<p><strong>Ekstr\u00fczyon i\u015fleme ya\u011flama ve enjeksiyon i\u015flemi olarak kullan\u0131l\u0131r.<\/strong><\/p>\n<p><strong>HDPE, PP VE PVC i\u00e7in ya\u011flay\u0131c\u0131 olarak kullan\u0131l\u0131r. PVC kompozit stabilizat\u00f6r olarak kullan\u0131l\u0131r.<\/strong><\/p>\n<p><strong>Kompound \u00fcretiminde kayd\u0131r\u0131c\u0131 ve dispersiyon olarak kullan\u0131lmaktad\u0131r. Ayr\u0131ca malzemenin i\u015flenirken kal\u0131ptan ayr\u0131lmas\u0131n\u0131 sa\u011flayarak kolay i\u015flenmesine katk\u0131da bulunur.<\/strong><\/p>\n<p><strong>Kablo tesisat\u0131nda ya\u011flay\u0131c\u0131 madde olarak kullan\u0131l\u0131r.<\/strong><\/p>\n<p><strong>Boyada a\u015f\u0131nd\u0131ra bilirli\u011fi geli\u015ftirmek, dayan\u0131kl\u0131l\u0131\u011f\u0131 artt\u0131rmak i\u00e7in ve pigment geli\u015ftiricisi, ayr\u0131\u015ft\u0131r\u0131labilir ta\u015f\u0131y\u0131c\u0131s\u0131 olarak kullan\u0131l\u0131r.<\/strong><\/p>\n<p><strong>Y\u00fcksek polimer i\u00e7erikli zemin parlat\u0131c\u0131lar\u0131nda kullan\u0131l\u0131r.<\/strong><\/p>\n<p><strong>Mum \u00fcretiminde opakl\u0131k sa\u011flamak amac\u0131yla kullan\u0131l\u0131r.<\/strong><\/p>\n<p><strong>Dolgu malzemesinin dispersiyon olabilmesi i\u00e7in %5-10 oran\u0131nda kullan\u0131l\u0131r.<\/strong><\/p>\n<p><strong>Araba cilas\u0131nda mukavemeti artt\u0131rmak i\u00e7in kullan\u0131l\u0131r.<\/strong><\/p>\n<p><strong>Is\u0131yla sertle\u015fen boyalarda (yol \u00e7izgi boyas\u0131) dispersan olarak, parlakl\u0131k ve \u00fc\u00e7 boyut kazand\u0131rmak i\u00e7in kullan\u0131l\u0131r.<\/strong><\/p>\n<p><strong>K\u00e2\u011f\u0131d\u0131n \u00e7izilme ve mekanik hareketlere kar\u015f\u0131 dayan\u0131kl\u0131l\u0131\u011f\u0131n\u0131 artt\u0131rmak i\u00e7in film olu\u015fturucu yard\u0131mc\u0131 madde olarak kullan\u0131l\u0131r.<\/strong><\/p>\n<p><strong>Kozmetik sekt\u00f6r\u00fcnde, makyaj \u00fcr\u00fcnlerinde parlakl\u0131k sa\u011flamak amac\u0131yla kullan\u0131l\u0131r.<\/strong><\/p>\n<p><strong>Liflerde dayan\u0131kl\u0131l\u0131\u011f\u0131 artt\u0131rmak i\u00e7in, y\u0131rt\u0131lmay\u0131 engellemek i\u00e7in yumu\u015fat\u0131c\u0131 ve ya\u011flay\u0131c\u0131 madde olarak kullan\u0131l\u0131r.<\/strong><\/p>\n<p><strong>Poli\u00fcretan kaplay\u0131c\u0131larda a\u015f\u0131nmay\u0131 kar\u015f\u0131 mukavemet kazand\u0131r\u0131lmas\u0131 i\u00e7in kullan\u0131l\u0131r.<\/strong><\/p>\n<p><strong>Su bazl\u0131 bask\u0131 m\u00fcrekkeplerinde ve bask\u0131 \u00fcst\u00fc verniklerde, a\u015f\u0131nma dayan\u0131kl\u0131l\u0131\u011f\u0131n\u0131 artt\u0131rmak, kayma s\u00fcrt\u00fcnmesini azaltmak i\u00e7in kullan\u0131l\u0131r.<\/strong><\/p>\n<p><strong>\u00a0<\/strong><\/p>\n<p><strong>AMBALAJ<\/strong><\/p>\n<p><strong>1-5-25 kg torbalar halinde<\/strong><\/p>\n<p><strong>\u00a0<\/strong><\/p>\n<p><strong>DEPOLAMA<\/strong><\/p>\n<p><strong>Serin ve kuru bir alanda, torba hava almayacak \u015fekilde muhafaza edilmelidir.<\/strong><\/p>\n<p><strong>\u00a0<\/strong><\/p>\n<p><strong>\u00a0<\/strong><\/p>\n","protected":false},"excerpt":{"rendered":"<p>PE WAX (FLAKE) Polietilen wax, (C2H4)n form\u00fcl\u00fcne sahip d\u00fc\u015f\u00fck molek\u00fcler a\u011f\u0131rl\u0131kl\u0131 polietilen polimeridir. Geli\u015fmi\u015f molek\u00fcler yap\u0131s\u0131ndan dolay\u0131 kaygan bir madde<\/p>\n","protected":false},"featured_media":16415,"comment_status":"open","ping_status":"closed","template":"","meta":{"_joinchat":[]},"product_cat":[70,74,77],"product_tag":[],"class_list":{"0":"post-16413","1":"product","2":"type-product","3":"status-publish","4":"has-post-thumbnail","6":"product_cat-boya-ve-yapi-kimyasallar","7":"product_cat-deterjan-ve-kozmetik-kimyasallari","8":"product_cat-kablo-imalati-kimyasallari","10":"first","11":"instock","12":"shipping-taxable","13":"purchasable","14":"product-type-variable"},"yoast_head":"<!-- This site is optimized with the Yoast SEO Premium plugin v20.2.1 (Yoast SEO v20.2.1) - https:\/\/yoast.com\/wordpress\/plugins\/seo\/ -->\n<title>PE WAX (FLAKE) - Akerkimya<\/title>\n<meta name=\"robots\" content=\"index, follow, max-snippet:-1, max-image-preview:large, max-video-preview:-1\" \/>\n<link rel=\"canonical\" href=\"https:\/\/akerkimya.com\/eticaret\/urun\/pe-wax-flake\/\" \/>\n<meta property=\"og:locale\" content=\"tr_TR\" \/>\n<meta property=\"og:type\" content=\"article\" \/>\n<meta property=\"og:title\" content=\"PE WAX (FLAKE)\" \/>\n<meta property=\"og:description\" content=\"PE WAX (FLAKE) Polietilen wax, (C2H4)n form\u00fcl\u00fcne sahip d\u00fc\u015f\u00fck molek\u00fcler a\u011f\u0131rl\u0131kl\u0131 polietilen polimeridir. Geli\u015fmi\u015f molek\u00fcler yap\u0131s\u0131ndan dolay\u0131 kaygan bir madde\" \/>\n<meta property=\"og:url\" content=\"https:\/\/akerkimya.com\/eticaret\/urun\/pe-wax-flake\/\" \/>\n<meta property=\"og:site_name\" content=\"Akerkimya\" \/>\n<meta property=\"article:modified_time\" content=\"2026-05-05T13:21:17+00:00\" \/>\n<meta property=\"og:image\" content=\"https:\/\/akerkimya.com\/eticaret\/wp-content\/uploads\/2024\/12\/PE-WAX-GUNCEL-.png\" \/>\n\t<meta property=\"og:image:width\" content=\"1000\" \/>\n\t<meta property=\"og:image:height\" content=\"1000\" \/>\n\t<meta property=\"og:image:type\" content=\"image\/png\" \/>\n<meta name=\"twitter:card\" content=\"summary_large_image\" \/>\n<meta name=\"twitter:label1\" content=\"Tahmini okuma s\u00fcresi\" \/>\n\t<meta name=\"twitter:data1\" content=\"2 dakika\" \/>\n<script type=\"application\/ld+json\" class=\"yoast-schema-graph\">{\"@context\":\"https:\/\/schema.org\",\"@graph\":[{\"@type\":\"WebPage\",\"@id\":\"https:\/\/akerkimya.com\/eticaret\/urun\/pe-wax-flake\/\",\"url\":\"https:\/\/akerkimya.com\/eticaret\/urun\/pe-wax-flake\/\",\"name\":\"PE WAX (FLAKE) - Akerkimya\",\"isPartOf\":{\"@id\":\"https:\/\/akerkimya.com\/eticaret\/#website\"},\"datePublished\":\"2024-12-31T13:52:55+00:00\",\"dateModified\":\"2026-05-05T13:21:17+00:00\",\"breadcrumb\":{\"@id\":\"https:\/\/akerkimya.com\/eticaret\/urun\/pe-wax-flake\/#breadcrumb\"},\"inLanguage\":\"tr\",\"potentialAction\":[{\"@type\":\"ReadAction\",\"target\":[\"https:\/\/akerkimya.com\/eticaret\/urun\/pe-wax-flake\/\"]}]},{\"@type\":\"BreadcrumbList\",\"@id\":\"https:\/\/akerkimya.com\/eticaret\/urun\/pe-wax-flake\/#breadcrumb\",\"itemListElement\":[{\"@type\":\"ListItem\",\"position\":1,\"name\":\"Home\",\"item\":\"https:\/\/akerkimya.com\/eticaret\/\"},{\"@type\":\"ListItem\",\"position\":2,\"name\":\"Market\",\"item\":\"https:\/\/akerkimya.com\/eticaret\/market\/\"},{\"@type\":\"ListItem\",\"position\":3,\"name\":\"PE WAX (FLAKE)\"}]},{\"@type\":\"WebSite\",\"@id\":\"https:\/\/akerkimya.com\/eticaret\/#website\",\"url\":\"https:\/\/akerkimya.com\/eticaret\/\",\"name\":\"Akerkimya\",\"description\":\"\",\"potentialAction\":[{\"@type\":\"SearchAction\",\"target\":{\"@type\":\"EntryPoint\",\"urlTemplate\":\"https:\/\/akerkimya.com\/eticaret\/?s={search_term_string}\"},\"query-input\":\"required name=search_term_string\"}],\"inLanguage\":\"tr\"}]}<\/script>\n<!-- \/ Yoast SEO Premium plugin. -->","yoast_head_json":{"title":"PE WAX (FLAKE) - Akerkimya","robots":{"index":"index","follow":"follow","max-snippet":"max-snippet:-1","max-image-preview":"max-image-preview:large","max-video-preview":"max-video-preview:-1"},"canonical":"https:\/\/akerkimya.com\/eticaret\/urun\/pe-wax-flake\/","og_locale":"tr_TR","og_type":"article","og_title":"PE WAX (FLAKE)","og_description":"PE WAX (FLAKE) Polietilen wax, (C2H4)n form\u00fcl\u00fcne sahip d\u00fc\u015f\u00fck molek\u00fcler a\u011f\u0131rl\u0131kl\u0131 polietilen polimeridir. Geli\u015fmi\u015f molek\u00fcler yap\u0131s\u0131ndan dolay\u0131 kaygan bir madde","og_url":"https:\/\/akerkimya.com\/eticaret\/urun\/pe-wax-flake\/","og_site_name":"Akerkimya","article_modified_time":"2026-05-05T13:21:17+00:00","og_image":[{"width":1000,"height":1000,"url":"https:\/\/akerkimya.com\/eticaret\/wp-content\/uploads\/2024\/12\/PE-WAX-GUNCEL-.png","type":"image\/png"}],"twitter_card":"summary_large_image","twitter_misc":{"Tahmini okuma s\u00fcresi":"2 dakika"},"schema":{"@context":"https:\/\/schema.org","@graph":[{"@type":"WebPage","@id":"https:\/\/akerkimya.com\/eticaret\/urun\/pe-wax-flake\/","url":"https:\/\/akerkimya.com\/eticaret\/urun\/pe-wax-flake\/","name":"PE WAX (FLAKE) - Akerkimya","isPartOf":{"@id":"https:\/\/akerkimya.com\/eticaret\/#website"},"datePublished":"2024-12-31T13:52:55+00:00","dateModified":"2026-05-05T13:21:17+00:00","breadcrumb":{"@id":"https:\/\/akerkimya.com\/eticaret\/urun\/pe-wax-flake\/#breadcrumb"},"inLanguage":"tr","potentialAction":[{"@type":"ReadAction","target":["https:\/\/akerkimya.com\/eticaret\/urun\/pe-wax-flake\/"]}]},{"@type":"BreadcrumbList","@id":"https:\/\/akerkimya.com\/eticaret\/urun\/pe-wax-flake\/#breadcrumb","itemListElement":[{"@type":"ListItem","position":1,"name":"Home","item":"https:\/\/akerkimya.com\/eticaret\/"},{"@type":"ListItem","position":2,"name":"Market","item":"https:\/\/akerkimya.com\/eticaret\/market\/"},{"@type":"ListItem","position":3,"name":"PE WAX (FLAKE)"}]},{"@type":"WebSite","@id":"https:\/\/akerkimya.com\/eticaret\/#website","url":"https:\/\/akerkimya.com\/eticaret\/","name":"Akerkimya","description":"","potentialAction":[{"@type":"SearchAction","target":{"@type":"EntryPoint","urlTemplate":"https:\/\/akerkimya.com\/eticaret\/?s={search_term_string}"},"query-input":"required name=search_term_string"}],"inLanguage":"tr"}]}},"_links":{"self":[{"href":"https:\/\/akerkimya.com\/eticaret\/wp-json\/wp\/v2\/product\/16413","targetHints":{"allow":["GET"]}}],"collection":[{"href":"https:\/\/akerkimya.com\/eticaret\/wp-json\/wp\/v2\/product"}],"about":[{"href":"https:\/\/akerkimya.com\/eticaret\/wp-json\/wp\/v2\/types\/product"}],"replies":[{"embeddable":true,"href":"https:\/\/akerkimya.com\/eticaret\/wp-json\/wp\/v2\/comments?post=16413"}],"version-history":[{"count":2,"href":"https:\/\/akerkimya.com\/eticaret\/wp-json\/wp\/v2\/product\/16413\/revisions"}],"predecessor-version":[{"id":16677,"href":"https:\/\/akerkimya.com\/eticaret\/wp-json\/wp\/v2\/product\/16413\/revisions\/16677"}],"wp:featuredmedia":[{"embeddable":true,"href":"https:\/\/akerkimya.com\/eticaret\/wp-json\/wp\/v2\/media\/16415"}],"wp:attachment":[{"href":"https:\/\/akerkimya.com\/eticaret\/wp-json\/wp\/v2\/media?parent=16413"}],"wp:term":[{"taxonomy":"product_cat","embeddable":true,"href":"https:\/\/akerkimya.com\/eticaret\/wp-json\/wp\/v2\/product_cat?post=16413"},{"taxonomy":"product_tag","embeddable":true,"href":"https:\/\/akerkimya.com\/eticaret\/wp-json\/wp\/v2\/product_tag?post=16413"}],"curies":[{"name":"wp","href":"https:\/\/api.w.org\/{rel}","templated":true}]}}