{"id":16426,"date":"2024-12-31T17:07:55","date_gmt":"2024-12-31T14:07:55","guid":{"rendered":"https:\/\/akerkimya.com\/eticaret\/?post_type=product&#038;p=16426"},"modified":"2026-03-30T02:23:50","modified_gmt":"2026-03-29T23:23:50","slug":"peg-400","status":"publish","type":"product","link":"https:\/\/akerkimya.com\/eticaret\/urun\/peg-400\/","title":{"rendered":"PEG 400"},"content":{"rendered":"<h1>PEG 400<\/h1>\n<p><strong>PEG 400, C2Nh4N+2On+1 form\u00fcl\u00fcne sahip d\u00fc\u015f\u00fck molek\u00fcl a\u011f\u0131rl\u0131kl\u0131 bir polietilen glikold\u00fcr. Etilen oksitin; su, etilen glikol veya etilen glikol\u00fcn oligomerleri ile etkile\u015fimi sonucunda \u00fcretilir. Olu\u015fturulacak polimerin uzunlu\u011fu reaktanlar\u0131n miktar\u0131 ile belirlenir. Bir\u00e7ok polimerin \u00fcretilmesinde su yerine ba\u015flang\u0131\u00e7 maddesi olarak kullan\u0131lmaktad\u0131r.<\/strong><\/p>\n<p><strong>\u00a0<\/strong><\/p>\n<p><strong>PEG 400 \u00d6ZELL\u0130KLER\u0130<\/strong><\/p>\n<p><strong>\u015eeffaf renkte s\u0131v\u0131 formdad\u0131r.<\/strong><\/p>\n<p><strong>Bir\u00e7ok madde ile tepkimeye girerek patlama etkisi g\u00f6sterebilir. <\/strong><\/p>\n<p><strong>PEG 400, su, aseton, alkoller, benzen, gliserin, glikoller ve aromatik hidrokarbonlarda \u00e7\u00f6z\u00fcn\u00fcr, alifatik hidrokarbonlarda az \u00e7\u00f6z\u00fcn\u00fcr. <\/strong><\/p>\n<p><strong>Is\u0131t\u0131lmad\u0131k\u00e7a yan\u0131c\u0131 de\u011fildir.<\/strong><\/p>\n<p><strong>G\u00fc\u00e7l\u00fc bir hidrofiliktir. <\/strong><\/p>\n<p><strong>Toksisitesi d\u00fc\u015f\u00fck bir kimyasald\u0131r.<\/strong><\/p>\n<p><strong>\u00a0<\/strong><\/p>\n<p><strong>TEKN\u0130K \u00d6ZELL\u0130KLER\u0130<\/strong><\/p>\n<p><strong>CAS NUMARASI: 25322-68-3<\/strong><\/p>\n<p><strong>MOLEK\u00dcLER FORM\u00dcL\u00dc: C2Nh4N+2On+1<\/strong><\/p>\n<p><strong>K\u0130MYASAL \u0130SM\u0130: PEG 400, Polyethylene Glycols, Poly Ethylene Oxide, <\/strong><\/p>\n<p><strong>MOLAR A\u011eIRLIK: 380-420 g\/mol<\/strong><\/p>\n<p><strong>YO\u011eUNLUK: 1.128 g\/cm\u00b3<\/strong><\/p>\n<p><strong>SAFLIK (%): 99<\/strong><\/p>\n<p><strong>ER\u0130ME NOKTASI: 4-8 \u00b0C<\/strong><\/p>\n<p><strong>PARLAMA NOKTASI: 238 \u00b0C<\/strong><\/p>\n<p><strong>V\u0130SKOZ\u0130TE: 25 \u00b0C\u2019de 90,0 cSt, 99 \u00b0C\u2019de 7,3 cSt<\/strong><\/p>\n<p><strong>ALEVLENME NOKTASI: 238 \u00b0C (460 \u00b0F; 511 K)<\/strong><\/p>\n<p><strong>AS\u0130T\u0130K DE\u011eER %: 0,001<\/strong><\/p>\n<p><strong>\u00a0<\/strong><\/p>\n<p><strong>KULLANIM ALANLARI<\/strong><\/p>\n<p><strong>Sulu ve sulu olmayan ortamlarda \u00e7e\u015fitli y\u00fczeyler i\u00e7in ya\u011flay\u0131c\u0131 bir kaplama olarak kullan\u0131l\u0131r.<\/strong><\/p>\n<p><strong>G\u0131da sekt\u00f6r\u00fcnde dolgu maddesi olarak kullan\u0131l\u0131r.<\/strong><\/p>\n<p><strong>Gaz kromatografisi i\u00e7in polar dura\u011fan bir faz\u0131n yan s\u0131ra elektronik test cihazlar\u0131nda bir \u0131s\u0131 transfer s\u0131v\u0131s\u0131 olarak yayg\u0131n olarak kullan\u0131l\u0131r.<\/strong><\/p>\n<p><strong>M\u00fcrekkeplerde ve baz\u0131 bask\u0131 makinas\u0131 u\u00e7lar\u0131nda ya\u011flay\u0131c\u0131 olarak kullan\u0131l\u0131r.<\/strong><\/p>\n<p><strong>Polietilen glikol ve ilave elektrolitler ile t\u00fcm ba\u011f\u0131rsak sulama, cerrahi veya kolonoskopi \u00f6ncesi ba\u011f\u0131rsak haz\u0131rl\u0131\u011f\u0131 i\u00e7in kullan\u0131l\u0131r. Ayr\u0131ca b\u00fct\u00fcn Covid 19 a\u015f\u0131lar\u0131nda yard\u0131mc\u0131 madde olarak kullan\u0131l\u0131r.<\/strong><\/p>\n<p><strong>Poli\u00fcretanlara esneklik kazand\u0131rmas\u0131 i\u00e7in kullan\u0131l\u0131r.<\/strong><\/p>\n<p><strong>PEG end\u00fcstriyel olarak k\u00f6m\u00fcr santrallerinden seramik \u00fcretimine kadar bir\u00e7ok alanda kullan\u0131l\u0131r.<\/strong><\/p>\n<p><strong>Kozmetik sekt\u00f6r\u00fcnde, bir\u00e7ok cilt kremlerinde ve ki\u015fisel ya\u011flay\u0131c\u0131lar\u0131n temel maddesidir. <\/strong><\/p>\n<p><strong>Di\u015f macunlar\u0131nda, dispersan olarak kullan\u0131l\u0131r.<\/strong><\/p>\n<p><strong>PEG, bir yal\u0131tkanda s\u00fcper iletkenli\u011fi ind\u00fcklemek i\u00e7in bir elektrikli \u00e7ift katmanl\u0131 transist\u00f6rde kap\u0131 izolat\u00f6r\u00fc olarak kullan\u0131l\u0131r.<\/strong><\/p>\n<p><strong>Kimyasal sentezlerde ara madde olarak kullan\u0131lmaktad\u0131r.<\/strong><\/p>\n<p><strong>Hidrofilik molek\u00fcl oldu\u011fundan, tek molek\u00fcll\u00fc fl\u00fcoresans \u00e7al\u0131\u015fmalar\u0131nda proteinlerin spesifik olmayan yap\u0131\u015fmas\u0131n\u0131 \u00f6nlemek i\u00e7in mikroskop cam slaytlar\u0131n\u0131 pasifle\u015ftirmek i\u00e7in kullan\u0131l\u0131r.<\/strong><\/p>\n<p><strong>Elektronik test cihazlar\u0131nda, \u0131s\u0131 transfer s\u0131v\u0131s\u0131 ve kaplama i\u015flemlerinde kullan\u0131l\u0131r.<\/strong><\/p>\n<p><strong>PEG, esnek, suda \u00e7\u00f6z\u00fcn\u00fcr bir polimer oldu\u011fundan, \u00e7ok y\u00fcksek ozmotik bas\u0131n\u00e7lar olu\u015fturmak i\u00e7in kullan\u0131l\u0131r.<\/strong><\/p>\n<p><strong>Tarihi e\u015fyalarda y\u00fczey alan koruyucu kaplama maddesi olarak kullan\u0131l\u0131r.<\/strong><\/p>\n<p><strong>Proteinlerin kristalle\u015fmesi ve DNA izolasyonu i\u00e7in \u00e7\u00f6kelti maddesi olarak kullan\u0131lmaktad\u0131r.<\/strong><\/p>\n<p><strong>Islak ah\u015faba uyguland\u0131\u011f\u0131nda \u00f6zelli\u011fini bozmadan kurumas\u0131n\u0131 sa\u011flar.<\/strong><\/p>\n<p><strong>Farmas\u00f6tik \u00fcr\u00fcnlerin i\u00e7inde eksipiya maddesi olarak kullan\u0131lmaktad\u0131r.<\/strong><\/p>\n<p><strong>Kat\u0131 deterjan konsantreleri mum boyalar sulu boyalarda kullan\u0131l\u0131r.<\/strong><\/p>\n<p><strong>Boya sekt\u00f6r\u00fcnde, \u00e7\u00f6z\u00fcc\u00fc ve da\u011f\u0131t\u0131c\u0131 madde olarak kullan\u0131l\u0131r.<\/strong><\/p>\n<p><strong>Deri, tekstil ve metal sanayisinde wax, parafin ve \u00e7\u00f6zgen em\u00fclsiyonlar\u0131nda em\u00fclgat\u00f6r, ara \u00e7\u00f6z\u00fcc\u00fc, viskozite ayarlay\u0131c\u0131, nemlendirici olarak kullan\u0131lmaktad\u0131r.<\/strong><\/p>\n<p><strong>\u00a0<\/strong><\/p>\n<p><strong>AMBALAJ<\/strong><\/p>\n<p><strong>1-5-30\u00a0 kg bidonlar ve 220 kg variller halinde <\/strong><\/p>\n<p><strong>\u00a0<\/strong><\/p>\n<p><strong>DEPOLAMA <\/strong><\/p>\n<p><strong>Serin ve kuru bir alanda muhafaza ediniz.<\/strong><\/p>\n","protected":false},"excerpt":{"rendered":"<p>PEG 400 PEG 400, C2Nh4N+2On+1 form\u00fcl\u00fcne sahip d\u00fc\u015f\u00fck molek\u00fcl a\u011f\u0131rl\u0131kl\u0131 bir polietilen glikold\u00fcr. Etilen oksitin; su, etilen glikol veya etilen<\/p>\n","protected":false},"featured_media":16427,"comment_status":"open","ping_status":"closed","template":"","meta":{"_joinchat":[]},"product_cat":[70,72,74,76,80],"product_tag":[],"class_list":{"0":"post-16426","1":"product","2":"type-product","3":"status-publish","4":"has-post-thumbnail","6":"product_cat-boya-ve-yapi-kimyasallar","7":"product_cat-cam-ve-seramik-kimyasallari","8":"product_cat-deterjan-ve-kozmetik-kimyasallari","9":"product_cat-gida-ve-katki-kimyasallari","10":"product_cat-veteriner-ve-ilac-kimyasallari","12":"first","13":"instock","14":"shipping-taxable","15":"purchasable","16":"product-type-variable"},"yoast_head":"<!-- This site is optimized with the Yoast SEO Premium plugin v20.2.1 (Yoast SEO v20.2.1) - https:\/\/yoast.com\/wordpress\/plugins\/seo\/ -->\n<title>PEG 400 - Akerkimya<\/title>\n<meta name=\"robots\" content=\"index, follow, max-snippet:-1, max-image-preview:large, max-video-preview:-1\" \/>\n<link rel=\"canonical\" href=\"https:\/\/akerkimya.com\/eticaret\/urun\/peg-400\/\" \/>\n<meta property=\"og:locale\" content=\"tr_TR\" \/>\n<meta property=\"og:type\" content=\"article\" \/>\n<meta property=\"og:title\" content=\"PEG 400\" \/>\n<meta property=\"og:description\" content=\"PEG 400 PEG 400, C2Nh4N+2On+1 form\u00fcl\u00fcne sahip d\u00fc\u015f\u00fck molek\u00fcl a\u011f\u0131rl\u0131kl\u0131 bir polietilen glikold\u00fcr. Etilen oksitin; su, etilen glikol veya etilen\" \/>\n<meta property=\"og:url\" content=\"https:\/\/akerkimya.com\/eticaret\/urun\/peg-400\/\" \/>\n<meta property=\"og:site_name\" content=\"Akerkimya\" \/>\n<meta property=\"article:modified_time\" content=\"2026-03-29T23:23:50+00:00\" \/>\n<meta property=\"og:image\" content=\"https:\/\/akerkimya.com\/eticaret\/wp-content\/uploads\/2024\/12\/PEG-400-GUNCEL.png\" \/>\n\t<meta property=\"og:image:width\" content=\"1000\" \/>\n\t<meta property=\"og:image:height\" content=\"1000\" \/>\n\t<meta property=\"og:image:type\" content=\"image\/png\" \/>\n<meta name=\"twitter:card\" content=\"summary_large_image\" \/>\n<meta name=\"twitter:label1\" content=\"Tahmini okuma s\u00fcresi\" \/>\n\t<meta name=\"twitter:data1\" content=\"3 dakika\" \/>\n<script type=\"application\/ld+json\" class=\"yoast-schema-graph\">{\"@context\":\"https:\/\/schema.org\",\"@graph\":[{\"@type\":\"WebPage\",\"@id\":\"https:\/\/akerkimya.com\/eticaret\/urun\/peg-400\/\",\"url\":\"https:\/\/akerkimya.com\/eticaret\/urun\/peg-400\/\",\"name\":\"PEG 400 - Akerkimya\",\"isPartOf\":{\"@id\":\"https:\/\/akerkimya.com\/eticaret\/#website\"},\"datePublished\":\"2024-12-31T14:07:55+00:00\",\"dateModified\":\"2026-03-29T23:23:50+00:00\",\"breadcrumb\":{\"@id\":\"https:\/\/akerkimya.com\/eticaret\/urun\/peg-400\/#breadcrumb\"},\"inLanguage\":\"tr\",\"potentialAction\":[{\"@type\":\"ReadAction\",\"target\":[\"https:\/\/akerkimya.com\/eticaret\/urun\/peg-400\/\"]}]},{\"@type\":\"BreadcrumbList\",\"@id\":\"https:\/\/akerkimya.com\/eticaret\/urun\/peg-400\/#breadcrumb\",\"itemListElement\":[{\"@type\":\"ListItem\",\"position\":1,\"name\":\"Home\",\"item\":\"https:\/\/akerkimya.com\/eticaret\/\"},{\"@type\":\"ListItem\",\"position\":2,\"name\":\"Market\",\"item\":\"https:\/\/akerkimya.com\/eticaret\/market\/\"},{\"@type\":\"ListItem\",\"position\":3,\"name\":\"PEG 400\"}]},{\"@type\":\"WebSite\",\"@id\":\"https:\/\/akerkimya.com\/eticaret\/#website\",\"url\":\"https:\/\/akerkimya.com\/eticaret\/\",\"name\":\"Akerkimya\",\"description\":\"\",\"potentialAction\":[{\"@type\":\"SearchAction\",\"target\":{\"@type\":\"EntryPoint\",\"urlTemplate\":\"https:\/\/akerkimya.com\/eticaret\/?s={search_term_string}\"},\"query-input\":\"required name=search_term_string\"}],\"inLanguage\":\"tr\"}]}<\/script>\n<!-- \/ Yoast SEO Premium plugin. -->","yoast_head_json":{"title":"PEG 400 - Akerkimya","robots":{"index":"index","follow":"follow","max-snippet":"max-snippet:-1","max-image-preview":"max-image-preview:large","max-video-preview":"max-video-preview:-1"},"canonical":"https:\/\/akerkimya.com\/eticaret\/urun\/peg-400\/","og_locale":"tr_TR","og_type":"article","og_title":"PEG 400","og_description":"PEG 400 PEG 400, C2Nh4N+2On+1 form\u00fcl\u00fcne sahip d\u00fc\u015f\u00fck molek\u00fcl a\u011f\u0131rl\u0131kl\u0131 bir polietilen glikold\u00fcr. Etilen oksitin; su, etilen glikol veya etilen","og_url":"https:\/\/akerkimya.com\/eticaret\/urun\/peg-400\/","og_site_name":"Akerkimya","article_modified_time":"2026-03-29T23:23:50+00:00","og_image":[{"width":1000,"height":1000,"url":"https:\/\/akerkimya.com\/eticaret\/wp-content\/uploads\/2024\/12\/PEG-400-GUNCEL.png","type":"image\/png"}],"twitter_card":"summary_large_image","twitter_misc":{"Tahmini okuma s\u00fcresi":"3 dakika"},"schema":{"@context":"https:\/\/schema.org","@graph":[{"@type":"WebPage","@id":"https:\/\/akerkimya.com\/eticaret\/urun\/peg-400\/","url":"https:\/\/akerkimya.com\/eticaret\/urun\/peg-400\/","name":"PEG 400 - Akerkimya","isPartOf":{"@id":"https:\/\/akerkimya.com\/eticaret\/#website"},"datePublished":"2024-12-31T14:07:55+00:00","dateModified":"2026-03-29T23:23:50+00:00","breadcrumb":{"@id":"https:\/\/akerkimya.com\/eticaret\/urun\/peg-400\/#breadcrumb"},"inLanguage":"tr","potentialAction":[{"@type":"ReadAction","target":["https:\/\/akerkimya.com\/eticaret\/urun\/peg-400\/"]}]},{"@type":"BreadcrumbList","@id":"https:\/\/akerkimya.com\/eticaret\/urun\/peg-400\/#breadcrumb","itemListElement":[{"@type":"ListItem","position":1,"name":"Home","item":"https:\/\/akerkimya.com\/eticaret\/"},{"@type":"ListItem","position":2,"name":"Market","item":"https:\/\/akerkimya.com\/eticaret\/market\/"},{"@type":"ListItem","position":3,"name":"PEG 400"}]},{"@type":"WebSite","@id":"https:\/\/akerkimya.com\/eticaret\/#website","url":"https:\/\/akerkimya.com\/eticaret\/","name":"Akerkimya","description":"","potentialAction":[{"@type":"SearchAction","target":{"@type":"EntryPoint","urlTemplate":"https:\/\/akerkimya.com\/eticaret\/?s={search_term_string}"},"query-input":"required name=search_term_string"}],"inLanguage":"tr"}]}},"_links":{"self":[{"href":"https:\/\/akerkimya.com\/eticaret\/wp-json\/wp\/v2\/product\/16426","targetHints":{"allow":["GET"]}}],"collection":[{"href":"https:\/\/akerkimya.com\/eticaret\/wp-json\/wp\/v2\/product"}],"about":[{"href":"https:\/\/akerkimya.com\/eticaret\/wp-json\/wp\/v2\/types\/product"}],"replies":[{"embeddable":true,"href":"https:\/\/akerkimya.com\/eticaret\/wp-json\/wp\/v2\/comments?post=16426"}],"version-history":[{"count":3,"href":"https:\/\/akerkimya.com\/eticaret\/wp-json\/wp\/v2\/product\/16426\/revisions"}],"predecessor-version":[{"id":18445,"href":"https:\/\/akerkimya.com\/eticaret\/wp-json\/wp\/v2\/product\/16426\/revisions\/18445"}],"wp:featuredmedia":[{"embeddable":true,"href":"https:\/\/akerkimya.com\/eticaret\/wp-json\/wp\/v2\/media\/16427"}],"wp:attachment":[{"href":"https:\/\/akerkimya.com\/eticaret\/wp-json\/wp\/v2\/media?parent=16426"}],"wp:term":[{"taxonomy":"product_cat","embeddable":true,"href":"https:\/\/akerkimya.com\/eticaret\/wp-json\/wp\/v2\/product_cat?post=16426"},{"taxonomy":"product_tag","embeddable":true,"href":"https:\/\/akerkimya.com\/eticaret\/wp-json\/wp\/v2\/product_tag?post=16426"}],"curies":[{"name":"wp","href":"https:\/\/api.w.org\/{rel}","templated":true}]}}