{"id":16441,"date":"2025-01-01T00:07:48","date_gmt":"2024-12-31T21:07:48","guid":{"rendered":"https:\/\/akerkimya.com\/eticaret\/?post_type=product&#038;p=16441"},"modified":"2026-03-30T02:23:51","modified_gmt":"2026-03-29T23:23:51","slug":"sentetik-kriyolit","status":"publish","type":"product","link":"https:\/\/akerkimya.com\/eticaret\/urun\/sentetik-kriyolit\/","title":{"rendered":"SENTET\u0130K KR\u0130YOL\u0130T"},"content":{"rendered":"<h1>SENTET\u0130K KR\u0130YOL\u0130T<\/h1>\n<p><strong>Sodyum kriyolit, Na3AlF6 form\u00fcl\u00fcne sahip inorganik bir bile\u015fiktir. Mineral kriyolit olarak do\u011fal olarak olu\u015fan sodyum, flor ve al\u00fcminyumdan olu\u015fan bir kimyasald\u0131r. <\/strong><\/p>\n<p><strong>\u00a0<\/strong><\/p>\n<p><strong>SENTET\u0130K KR\u0130YOL\u0130T \u00d6ZELL\u0130KLER\u0130<\/strong><\/p>\n<p><strong>Beyaz renkte, toz formundad\u0131r.<\/strong><\/p>\n<p><strong>Suda \u00e7\u00f6z\u00fcnmez.<\/strong><\/p>\n<p><strong>Sentetik kriyolitin ayr\u0131\u015fmas\u0131na kadar \u0131s\u0131t\u0131ld\u0131\u011f\u0131nda, toksik flor\u00fcr ve disodyum oksit dumanlar\u0131 yayar.<\/strong><\/p>\n<p><strong>\u00c7o\u011fu reaktif ve oksitleyici i\u00e7in etkisizdir.<\/strong><\/p>\n<p><strong>G\u00fc\u00e7l\u00fc oksitleyiciler, hidrojen flor\u00fcr gibi g\u00fc\u00e7l\u00fc asitlerle uyumlu de\u011fildir.<\/strong><\/p>\n<p><strong>\u00a0<\/strong><\/p>\n<p><strong>TEKN\u0130K \u00d6ZELL\u0130KLER\u0130<\/strong><\/p>\n<p><strong>CAS NUMARASI: 13775-53-6<\/strong><\/p>\n<p><strong>K\u0130MYASAL \u0130SM\u0130: Sentetik kriyolit, Sodyum Al\u00fcminyum Hekzaflor\u00fcr<\/strong><\/p>\n<p><strong>MOLEK\u00dcLER FORM\u00dcL: Na3AlF6<\/strong><\/p>\n<p><strong>MOLAR K\u00dcTLE: 209,94 g\/mol<\/strong><\/p>\n<p><strong>YO\u011eUNLUK: 2,9 g\/cm\u00b3<\/strong><\/p>\n<p><strong>ER\u0130ME NOKTASI: 1000 \u00b0C<\/strong><\/p>\n<p><strong>\u00a0<\/strong><\/p>\n<p><strong>KULLANIM ALANLARI<\/strong><\/p>\n<p><strong>Cam sanayinde yans\u0131ma \u00f6nleyici olarak kullan\u0131lmaktad\u0131r.<\/strong><\/p>\n<p><strong>Paslanmaz \u00e7elik i\u00e7in asitleme macunlar\u0131nda bile\u015fen olarak kullan\u0131l\u0131r.<\/strong><\/p>\n<p><strong>Seramik ve proteknik end\u00fcstrilerinde renklendirme maddesi olarak kullan\u0131lmaktad\u0131r.<\/strong><\/p>\n<p><strong>Pestisit \u00fcretiminde kullan\u0131l\u0131r.<\/strong><\/p>\n<p><strong>Re\u00e7ine kompozit ta\u015flama ta\u015f\u0131 i\u00e7in dolgu maddesi olarak kullan\u0131l\u0131r.<\/strong><\/p>\n<p><strong>Boksit gibi al\u00fcminyum oksitlerin elektrolizi i\u00e7in solvent olarak kullan\u0131l\u0131r.<\/strong><\/p>\n<p><strong>Al\u00fcminyum oksitlerin metalik al\u00fcminyum formuna d\u00f6nd\u00fcr\u00fclmesi, metal iyonlar\u0131n\u0131n elektroliz h\u00fccresinde sa\u011flanan elektronlar\u0131 alabilmeleri i\u00e7in \u00e7\u00f6z\u00fcnmesini sa\u011flar.<\/strong><\/p>\n<p><strong>Proteomik ara\u015ft\u0131rmalar i\u00e7in biyokimyasal olarak kullan\u0131lmaktad\u0131r.<\/strong><\/p>\n<p><strong>Emayelerde beyazlat\u0131c\u0131 ajan olarak kullan\u0131lmaktad\u0131r.<\/strong><\/p>\n<p><strong>Kaynak ve lehimleme \u00fcr\u00fcnlerinde kullan\u0131lmaktad\u0131r.<\/strong><\/p>\n<p><strong>Meyve ve sebzeler i\u00e7in b\u00f6cek ilac\u0131 olarak kullan\u0131l\u0131r.<\/strong><\/p>\n<p><strong>Koruyucu rafine tuzlarda ve dekapaj macunlar\u0131nda bir komponent olarak kullan\u0131l\u0131r<\/strong><\/p>\n<p><strong>\u00a0<\/strong><\/p>\n<p><strong>AMBALAJ <\/strong><\/p>\n<p><strong>1-5-15 kg torbalar halinde<\/strong><\/p>\n<p><strong>\u00a0<\/strong><\/p>\n<p><strong>DEPOLAMA <\/strong><\/p>\n<p><strong>Serin ve kuru bir alanda muhafaza ediniz.<\/strong><\/p>\n","protected":false},"excerpt":{"rendered":"<p>SENTET\u0130K KR\u0130YOL\u0130T Sodyum kriyolit, Na3AlF6 form\u00fcl\u00fcne sahip inorganik bir bile\u015fiktir. Mineral kriyolit olarak do\u011fal olarak olu\u015fan sodyum, flor ve al\u00fcminyumdan<\/p>\n","protected":false},"featured_media":16442,"comment_status":"open","ping_status":"closed","template":"","meta":{"_joinchat":[]},"product_cat":[72,78,79],"product_tag":[],"class_list":{"0":"post-16441","1":"product","2":"type-product","3":"status-publish","4":"has-post-thumbnail","6":"product_cat-cam-ve-seramik-kimyasallari","7":"product_cat-metal-dokum-kaplama","8":"product_cat-tarim-kimyasallari","10":"first","11":"instock","12":"shipping-taxable","13":"purchasable","14":"product-type-variable"},"yoast_head":"<!-- This site is optimized with the Yoast SEO Premium plugin v20.2.1 (Yoast SEO v20.2.1) - https:\/\/yoast.com\/wordpress\/plugins\/seo\/ -->\n<title>SENTET\u0130K KR\u0130YOL\u0130T - Akerkimya<\/title>\n<meta name=\"robots\" content=\"index, follow, max-snippet:-1, max-image-preview:large, max-video-preview:-1\" \/>\n<link rel=\"canonical\" href=\"https:\/\/akerkimya.com\/eticaret\/urun\/sentetik-kriyolit\/\" \/>\n<meta property=\"og:locale\" content=\"tr_TR\" \/>\n<meta property=\"og:type\" content=\"article\" \/>\n<meta property=\"og:title\" content=\"SENTET\u0130K KR\u0130YOL\u0130T\" \/>\n<meta property=\"og:description\" content=\"SENTET\u0130K KR\u0130YOL\u0130T Sodyum kriyolit, Na3AlF6 form\u00fcl\u00fcne sahip inorganik bir bile\u015fiktir. Mineral kriyolit olarak do\u011fal olarak olu\u015fan sodyum, flor ve al\u00fcminyumdan\" \/>\n<meta property=\"og:url\" content=\"https:\/\/akerkimya.com\/eticaret\/urun\/sentetik-kriyolit\/\" \/>\n<meta property=\"og:site_name\" content=\"Akerkimya\" \/>\n<meta property=\"article:modified_time\" content=\"2026-03-29T23:23:51+00:00\" \/>\n<meta property=\"og:image\" content=\"https:\/\/akerkimya.com\/eticaret\/wp-content\/uploads\/2025\/01\/SENETIK-KRIYOLIT-GUNCEL-.png\" \/>\n\t<meta property=\"og:image:width\" content=\"1000\" \/>\n\t<meta property=\"og:image:height\" content=\"1000\" \/>\n\t<meta property=\"og:image:type\" content=\"image\/png\" \/>\n<meta name=\"twitter:card\" content=\"summary_large_image\" \/>\n<meta name=\"twitter:label1\" content=\"Tahmini okuma s\u00fcresi\" \/>\n\t<meta name=\"twitter:data1\" content=\"1 dakika\" \/>\n<script type=\"application\/ld+json\" class=\"yoast-schema-graph\">{\"@context\":\"https:\/\/schema.org\",\"@graph\":[{\"@type\":\"WebPage\",\"@id\":\"https:\/\/akerkimya.com\/eticaret\/urun\/sentetik-kriyolit\/\",\"url\":\"https:\/\/akerkimya.com\/eticaret\/urun\/sentetik-kriyolit\/\",\"name\":\"SENTET\u0130K KR\u0130YOL\u0130T - Akerkimya\",\"isPartOf\":{\"@id\":\"https:\/\/akerkimya.com\/eticaret\/#website\"},\"datePublished\":\"2024-12-31T21:07:48+00:00\",\"dateModified\":\"2026-03-29T23:23:51+00:00\",\"breadcrumb\":{\"@id\":\"https:\/\/akerkimya.com\/eticaret\/urun\/sentetik-kriyolit\/#breadcrumb\"},\"inLanguage\":\"tr\",\"potentialAction\":[{\"@type\":\"ReadAction\",\"target\":[\"https:\/\/akerkimya.com\/eticaret\/urun\/sentetik-kriyolit\/\"]}]},{\"@type\":\"BreadcrumbList\",\"@id\":\"https:\/\/akerkimya.com\/eticaret\/urun\/sentetik-kriyolit\/#breadcrumb\",\"itemListElement\":[{\"@type\":\"ListItem\",\"position\":1,\"name\":\"Home\",\"item\":\"https:\/\/akerkimya.com\/eticaret\/\"},{\"@type\":\"ListItem\",\"position\":2,\"name\":\"Market\",\"item\":\"https:\/\/akerkimya.com\/eticaret\/market\/\"},{\"@type\":\"ListItem\",\"position\":3,\"name\":\"SENTET\u0130K KR\u0130YOL\u0130T\"}]},{\"@type\":\"WebSite\",\"@id\":\"https:\/\/akerkimya.com\/eticaret\/#website\",\"url\":\"https:\/\/akerkimya.com\/eticaret\/\",\"name\":\"Akerkimya\",\"description\":\"\",\"potentialAction\":[{\"@type\":\"SearchAction\",\"target\":{\"@type\":\"EntryPoint\",\"urlTemplate\":\"https:\/\/akerkimya.com\/eticaret\/?s={search_term_string}\"},\"query-input\":\"required name=search_term_string\"}],\"inLanguage\":\"tr\"}]}<\/script>\n<!-- \/ Yoast SEO Premium plugin. -->","yoast_head_json":{"title":"SENTET\u0130K KR\u0130YOL\u0130T - Akerkimya","robots":{"index":"index","follow":"follow","max-snippet":"max-snippet:-1","max-image-preview":"max-image-preview:large","max-video-preview":"max-video-preview:-1"},"canonical":"https:\/\/akerkimya.com\/eticaret\/urun\/sentetik-kriyolit\/","og_locale":"tr_TR","og_type":"article","og_title":"SENTET\u0130K KR\u0130YOL\u0130T","og_description":"SENTET\u0130K KR\u0130YOL\u0130T Sodyum kriyolit, Na3AlF6 form\u00fcl\u00fcne sahip inorganik bir bile\u015fiktir. Mineral kriyolit olarak do\u011fal olarak olu\u015fan sodyum, flor ve al\u00fcminyumdan","og_url":"https:\/\/akerkimya.com\/eticaret\/urun\/sentetik-kriyolit\/","og_site_name":"Akerkimya","article_modified_time":"2026-03-29T23:23:51+00:00","og_image":[{"width":1000,"height":1000,"url":"https:\/\/akerkimya.com\/eticaret\/wp-content\/uploads\/2025\/01\/SENETIK-KRIYOLIT-GUNCEL-.png","type":"image\/png"}],"twitter_card":"summary_large_image","twitter_misc":{"Tahmini okuma s\u00fcresi":"1 dakika"},"schema":{"@context":"https:\/\/schema.org","@graph":[{"@type":"WebPage","@id":"https:\/\/akerkimya.com\/eticaret\/urun\/sentetik-kriyolit\/","url":"https:\/\/akerkimya.com\/eticaret\/urun\/sentetik-kriyolit\/","name":"SENTET\u0130K KR\u0130YOL\u0130T - Akerkimya","isPartOf":{"@id":"https:\/\/akerkimya.com\/eticaret\/#website"},"datePublished":"2024-12-31T21:07:48+00:00","dateModified":"2026-03-29T23:23:51+00:00","breadcrumb":{"@id":"https:\/\/akerkimya.com\/eticaret\/urun\/sentetik-kriyolit\/#breadcrumb"},"inLanguage":"tr","potentialAction":[{"@type":"ReadAction","target":["https:\/\/akerkimya.com\/eticaret\/urun\/sentetik-kriyolit\/"]}]},{"@type":"BreadcrumbList","@id":"https:\/\/akerkimya.com\/eticaret\/urun\/sentetik-kriyolit\/#breadcrumb","itemListElement":[{"@type":"ListItem","position":1,"name":"Home","item":"https:\/\/akerkimya.com\/eticaret\/"},{"@type":"ListItem","position":2,"name":"Market","item":"https:\/\/akerkimya.com\/eticaret\/market\/"},{"@type":"ListItem","position":3,"name":"SENTET\u0130K KR\u0130YOL\u0130T"}]},{"@type":"WebSite","@id":"https:\/\/akerkimya.com\/eticaret\/#website","url":"https:\/\/akerkimya.com\/eticaret\/","name":"Akerkimya","description":"","potentialAction":[{"@type":"SearchAction","target":{"@type":"EntryPoint","urlTemplate":"https:\/\/akerkimya.com\/eticaret\/?s={search_term_string}"},"query-input":"required name=search_term_string"}],"inLanguage":"tr"}]}},"_links":{"self":[{"href":"https:\/\/akerkimya.com\/eticaret\/wp-json\/wp\/v2\/product\/16441","targetHints":{"allow":["GET"]}}],"collection":[{"href":"https:\/\/akerkimya.com\/eticaret\/wp-json\/wp\/v2\/product"}],"about":[{"href":"https:\/\/akerkimya.com\/eticaret\/wp-json\/wp\/v2\/types\/product"}],"replies":[{"embeddable":true,"href":"https:\/\/akerkimya.com\/eticaret\/wp-json\/wp\/v2\/comments?post=16441"}],"version-history":[{"count":3,"href":"https:\/\/akerkimya.com\/eticaret\/wp-json\/wp\/v2\/product\/16441\/revisions"}],"predecessor-version":[{"id":19511,"href":"https:\/\/akerkimya.com\/eticaret\/wp-json\/wp\/v2\/product\/16441\/revisions\/19511"}],"wp:featuredmedia":[{"embeddable":true,"href":"https:\/\/akerkimya.com\/eticaret\/wp-json\/wp\/v2\/media\/16442"}],"wp:attachment":[{"href":"https:\/\/akerkimya.com\/eticaret\/wp-json\/wp\/v2\/media?parent=16441"}],"wp:term":[{"taxonomy":"product_cat","embeddable":true,"href":"https:\/\/akerkimya.com\/eticaret\/wp-json\/wp\/v2\/product_cat?post=16441"},{"taxonomy":"product_tag","embeddable":true,"href":"https:\/\/akerkimya.com\/eticaret\/wp-json\/wp\/v2\/product_tag?post=16441"}],"curies":[{"name":"wp","href":"https:\/\/api.w.org\/{rel}","templated":true}]}}