{"id":16447,"date":"2025-01-01T00:20:16","date_gmt":"2024-12-31T21:20:16","guid":{"rendered":"https:\/\/akerkimya.com\/eticaret\/?post_type=product&#038;p=16447"},"modified":"2026-03-30T02:23:51","modified_gmt":"2026-03-29T23:23:51","slug":"sodyum-dikromat","status":"publish","type":"product","link":"https:\/\/akerkimya.com\/eticaret\/urun\/sodyum-dikromat\/","title":{"rendered":"SODYUM D\u0130KROMAT"},"content":{"rendered":"<h1>SODYUM D\u0130KROMAT <\/h1>\n<p><strong>Na2Cr2O7 form\u00fcl\u00fcndeki Sodyum dikromat, inorganik bir bile\u015fiktir. Fakat genellikle tuz dihidrat yani Na<sub>2<\/sub>Cr<sub>2<\/sub>O<sub>7<\/sub>\u20222H<sub>2<\/sub>O olarak kullan\u0131lmaktad\u0131r. Sodyum dikromat \u00fcretimi i\u00e7in ba\u015flang\u0131\u00e7 maddeleri aras\u0131nda sodyum kromat ve s\u00fclf\u00fcrik asit kullan\u0131l\u0131r. Ayn\u0131 zamanda karbondioksit gaz\u0131ndan ge\u00e7irilmelidir. Neredeyse t\u00fcm krom cevheri, sodyum dikromata d\u00f6n\u00fc\u015ft\u00fcr\u00fclerek i\u015flenir ve neredeyse krom bazl\u0131 b\u00fct\u00fcn bile\u015fikler ve maddeler bu tuzdan haz\u0131rlan\u0131r.<\/strong><\/p>\n<p><strong>\u00a0<\/strong><\/p>\n<p><strong>SODYUM D\u0130KROMAT \u00d6ZELL\u0130KLER\u0130<\/strong><\/p>\n<p><strong>Sodyum Dikromat kat\u0131 formda bulunur.<\/strong><\/p>\n<p><strong>Fiziksel g\u00f6r\u00fcn\u00fcm olarak k\u0131rm\u0131z\u0131 veya turuncuya \u00e7alan bir renge sahiptir. <\/strong><\/p>\n<p><strong>Higroskopik formda bulunan bir kimyasald\u0131r. <\/strong><\/p>\n<p><strong>Kokusu bulunmamaktad\u0131r.<\/strong><\/p>\n<p><strong>Suda \u00e7\u00f6z\u00fcn\u00fcrl\u00fc\u011f\u00fc olduk\u00e7a y\u00fcksektir.<\/strong><\/p>\n<p><strong>Olduk\u00e7a korozif \u00f6zellikte ve kuvvetli bir oksitleyicidir. <\/strong><\/p>\n<p><strong>\u0130nsan sa\u011fl\u0131\u011f\u0131 a\u00e7\u0131s\u0131ndan olduk\u00e7a tehlikeli bir maddedir. Cildi, g\u00f6zleri ve mukoza zarlar\u0131n\u0131 tahri\u015f edebilir. <\/strong><\/p>\n<p><strong>\u00a0<\/strong><\/p>\n<p><strong>TEKN\u0130K \u00d6ZELL\u0130KLER\u0130<\/strong><\/p>\n<p><strong>CAS NUMARASI: 10588-01-9, 7789-12-0 (dihidrat)<\/strong><\/p>\n<p><strong>K\u0130MYASAL \u0130SM\u0130: Sodyum Dikromat, Sodyum Bikromat, Disodium Salt<\/strong><\/p>\n<p><strong>MOLEK\u00dcLER FORM\u00dcL: Na2Cr2O7<\/strong><\/p>\n<p><strong>MOLAR K\u00dcTLE: 261,97 g\/ mol (susuz) 298,00 g \/mol ( dihidrat)<\/strong><\/p>\n<p><strong>YO\u011eUNLUK: 2.52 g \/ cm3<\/strong><\/p>\n<p><strong>KAYNAMA NOKTASI: 400 \u00b0 C ayr\u0131\u015f\u0131r.<\/strong><\/p>\n<p><strong>ER\u0130ME NOKTASI: 356.7 \u00b0 C 100 \u00b0 C de dehidre <\/strong><\/p>\n<p><strong>SUDA \u00c7\u00d6Z\u00dcN\u00dcRL\u00dcK: 25 \u00b0 C de 73 g\/100 mol<\/strong><\/p>\n<p><strong>\u00a0<\/strong><\/p>\n<p><strong>KULLANIM ALANLARI<\/strong><\/p>\n<p><strong>Bira fabrikalar\u0131ndan \u00e7\u0131kan i\u015fleme sular\u0131nda bulunan bakteri ve mayalardan kaynakl\u0131 bal\u00e7\u0131k olu\u015fur. Bu bakteri ve mayalar\u0131n \u00f6nlenmesi i\u00e7in kullan\u0131lan bioksit \u00fcretiminde sodyum dikromat kullan\u0131l\u0131r.<\/strong><\/p>\n<p><strong>Ah\u015fap \u00fcr\u00fcnlerinin stokland\u0131\u011f\u0131 alanlarda bas\u0131n\u00e7l\u0131 y\u0131kama ile ah\u015fap delici b\u00f6ceklere kar\u015f\u0131 fungusit olarak kullan\u0131l\u0131r. <\/strong><\/p>\n<p><strong>Tekstil end\u00fcstrisinde, deri tabaklama alan\u0131nda ve kuma\u015f boyalar\u0131nda kullan\u0131lmaktad\u0131r.<\/strong><\/p>\n<p><strong>Ye\u015fil renkte \u00fcretilen cam \u015fi\u015felerde renklendirici madde olarak kullan\u0131l\u0131r.<\/strong><\/p>\n<p><strong>Kibrit imalat\u0131nda kullan\u0131l\u0131r.<\/strong><\/p>\n<p><strong>Oksitlenmeyi \u00f6nlemek i\u00e7in korozyon inhibit\u00f6r\u00fc olarak kullan\u0131l\u0131r.<\/strong><\/p>\n<p><strong>Baz\u0131 kimyasal maddelerin imalat\u0131nda pigment verici olarak kullan\u0131l\u0131r.<\/strong><\/p>\n<p><strong>Odun \u00e7\u00fcr\u00fcmesini engellemek i\u00e7in, \u00e7\u00fcr\u00fck mantar\u0131n\u0131 \u00f6nlemek i\u00e7in kullan\u0131l\u0131r.<\/strong><\/p>\n<p><strong>Deterjan \u00fcretiminde ek\u015fime ajan\u0131 olarak kullan\u0131l\u0131r.<\/strong><\/p>\n<p><strong>U\u00e7ak ve gemi sekt\u00f6r\u00fcnde paslanmay\u0131 \u00f6nleyici \u00f6zelli\u011fiyle kullan\u0131l\u0131r.<\/strong><\/p>\n<p><strong>\u0130la\u00e7 sanayinde ve organik bile\u015fiklerin oksitlenmesinde kullan\u0131l\u0131r.<\/strong><\/p>\n<p><strong>Petrol ar\u0131t\u0131m\u0131nda kullan\u0131l\u0131r.<\/strong><\/p>\n<p><strong>\u00a0<\/strong><\/p>\n<p><strong>AMBALAJ <\/strong><\/p>\n<p><strong>1-5-25 kg torbalar halinde <\/strong><\/p>\n<p><strong>\u00a0<\/strong><\/p>\n<p><strong>DEPOLAMA<\/strong><\/p>\n<p><strong>Serin ve kuru bir alanda, torba hava almayacak \u015fekilde muhafaza ediniz.<\/strong><\/p>\n","protected":false},"excerpt":{"rendered":"<p>SODYUM D\u0130KROMAT Na2Cr2O7 form\u00fcl\u00fcndeki Sodyum dikromat, inorganik bir bile\u015fiktir. Fakat genellikle tuz dihidrat yani Na2Cr2O7\u20222H2O olarak kullan\u0131lmaktad\u0131r. Sodyum dikromat \u00fcretimi<\/p>\n","protected":false},"featured_media":16449,"comment_status":"open","ping_status":"closed","template":"","meta":{"_joinchat":[]},"product_cat":[72,73,74,76,80],"product_tag":[],"class_list":{"0":"post-16447","1":"product","2":"type-product","3":"status-publish","4":"has-post-thumbnail","6":"product_cat-cam-ve-seramik-kimyasallari","7":"product_cat-deri-ve-tekstil-kimyasallari","8":"product_cat-deterjan-ve-kozmetik-kimyasallari","9":"product_cat-gida-ve-katki-kimyasallari","10":"product_cat-veteriner-ve-ilac-kimyasallari","12":"first","13":"instock","14":"shipping-taxable","15":"purchasable","16":"product-type-variable"},"yoast_head":"<!-- This site is optimized with the Yoast SEO Premium plugin v20.2.1 (Yoast SEO v20.2.1) - https:\/\/yoast.com\/wordpress\/plugins\/seo\/ -->\n<title>SODYUM D\u0130KROMAT - Akerkimya<\/title>\n<meta name=\"robots\" content=\"index, follow, max-snippet:-1, max-image-preview:large, max-video-preview:-1\" \/>\n<link rel=\"canonical\" href=\"https:\/\/akerkimya.com\/eticaret\/urun\/sodyum-dikromat\/\" \/>\n<meta property=\"og:locale\" content=\"tr_TR\" \/>\n<meta property=\"og:type\" content=\"article\" \/>\n<meta property=\"og:title\" content=\"SODYUM D\u0130KROMAT\" \/>\n<meta property=\"og:description\" content=\"SODYUM D\u0130KROMAT Na2Cr2O7 form\u00fcl\u00fcndeki Sodyum dikromat, inorganik bir bile\u015fiktir. Fakat genellikle tuz dihidrat yani Na2Cr2O7\u20222H2O olarak kullan\u0131lmaktad\u0131r. Sodyum dikromat \u00fcretimi\" \/>\n<meta property=\"og:url\" content=\"https:\/\/akerkimya.com\/eticaret\/urun\/sodyum-dikromat\/\" \/>\n<meta property=\"og:site_name\" content=\"Akerkimya\" \/>\n<meta property=\"article:modified_time\" content=\"2026-03-29T23:23:51+00:00\" \/>\n<meta property=\"og:image\" content=\"https:\/\/akerkimya.com\/eticaret\/wp-content\/uploads\/2025\/01\/SODYUM-DIKROMAT-GUNCEL-.png\" \/>\n\t<meta property=\"og:image:width\" content=\"1000\" \/>\n\t<meta property=\"og:image:height\" content=\"1000\" \/>\n\t<meta property=\"og:image:type\" content=\"image\/png\" \/>\n<meta name=\"twitter:card\" content=\"summary_large_image\" \/>\n<meta name=\"twitter:label1\" content=\"Tahmini okuma s\u00fcresi\" \/>\n\t<meta name=\"twitter:data1\" content=\"2 dakika\" \/>\n<script type=\"application\/ld+json\" class=\"yoast-schema-graph\">{\"@context\":\"https:\/\/schema.org\",\"@graph\":[{\"@type\":\"WebPage\",\"@id\":\"https:\/\/akerkimya.com\/eticaret\/urun\/sodyum-dikromat\/\",\"url\":\"https:\/\/akerkimya.com\/eticaret\/urun\/sodyum-dikromat\/\",\"name\":\"SODYUM D\u0130KROMAT - Akerkimya\",\"isPartOf\":{\"@id\":\"https:\/\/akerkimya.com\/eticaret\/#website\"},\"datePublished\":\"2024-12-31T21:20:16+00:00\",\"dateModified\":\"2026-03-29T23:23:51+00:00\",\"breadcrumb\":{\"@id\":\"https:\/\/akerkimya.com\/eticaret\/urun\/sodyum-dikromat\/#breadcrumb\"},\"inLanguage\":\"tr\",\"potentialAction\":[{\"@type\":\"ReadAction\",\"target\":[\"https:\/\/akerkimya.com\/eticaret\/urun\/sodyum-dikromat\/\"]}]},{\"@type\":\"BreadcrumbList\",\"@id\":\"https:\/\/akerkimya.com\/eticaret\/urun\/sodyum-dikromat\/#breadcrumb\",\"itemListElement\":[{\"@type\":\"ListItem\",\"position\":1,\"name\":\"Home\",\"item\":\"https:\/\/akerkimya.com\/eticaret\/\"},{\"@type\":\"ListItem\",\"position\":2,\"name\":\"Market\",\"item\":\"https:\/\/akerkimya.com\/eticaret\/market\/\"},{\"@type\":\"ListItem\",\"position\":3,\"name\":\"SODYUM D\u0130KROMAT\"}]},{\"@type\":\"WebSite\",\"@id\":\"https:\/\/akerkimya.com\/eticaret\/#website\",\"url\":\"https:\/\/akerkimya.com\/eticaret\/\",\"name\":\"Akerkimya\",\"description\":\"\",\"potentialAction\":[{\"@type\":\"SearchAction\",\"target\":{\"@type\":\"EntryPoint\",\"urlTemplate\":\"https:\/\/akerkimya.com\/eticaret\/?s={search_term_string}\"},\"query-input\":\"required name=search_term_string\"}],\"inLanguage\":\"tr\"}]}<\/script>\n<!-- \/ Yoast SEO Premium plugin. -->","yoast_head_json":{"title":"SODYUM D\u0130KROMAT - Akerkimya","robots":{"index":"index","follow":"follow","max-snippet":"max-snippet:-1","max-image-preview":"max-image-preview:large","max-video-preview":"max-video-preview:-1"},"canonical":"https:\/\/akerkimya.com\/eticaret\/urun\/sodyum-dikromat\/","og_locale":"tr_TR","og_type":"article","og_title":"SODYUM D\u0130KROMAT","og_description":"SODYUM D\u0130KROMAT Na2Cr2O7 form\u00fcl\u00fcndeki Sodyum dikromat, inorganik bir bile\u015fiktir. Fakat genellikle tuz dihidrat yani Na2Cr2O7\u20222H2O olarak kullan\u0131lmaktad\u0131r. Sodyum dikromat \u00fcretimi","og_url":"https:\/\/akerkimya.com\/eticaret\/urun\/sodyum-dikromat\/","og_site_name":"Akerkimya","article_modified_time":"2026-03-29T23:23:51+00:00","og_image":[{"width":1000,"height":1000,"url":"https:\/\/akerkimya.com\/eticaret\/wp-content\/uploads\/2025\/01\/SODYUM-DIKROMAT-GUNCEL-.png","type":"image\/png"}],"twitter_card":"summary_large_image","twitter_misc":{"Tahmini okuma s\u00fcresi":"2 dakika"},"schema":{"@context":"https:\/\/schema.org","@graph":[{"@type":"WebPage","@id":"https:\/\/akerkimya.com\/eticaret\/urun\/sodyum-dikromat\/","url":"https:\/\/akerkimya.com\/eticaret\/urun\/sodyum-dikromat\/","name":"SODYUM D\u0130KROMAT - Akerkimya","isPartOf":{"@id":"https:\/\/akerkimya.com\/eticaret\/#website"},"datePublished":"2024-12-31T21:20:16+00:00","dateModified":"2026-03-29T23:23:51+00:00","breadcrumb":{"@id":"https:\/\/akerkimya.com\/eticaret\/urun\/sodyum-dikromat\/#breadcrumb"},"inLanguage":"tr","potentialAction":[{"@type":"ReadAction","target":["https:\/\/akerkimya.com\/eticaret\/urun\/sodyum-dikromat\/"]}]},{"@type":"BreadcrumbList","@id":"https:\/\/akerkimya.com\/eticaret\/urun\/sodyum-dikromat\/#breadcrumb","itemListElement":[{"@type":"ListItem","position":1,"name":"Home","item":"https:\/\/akerkimya.com\/eticaret\/"},{"@type":"ListItem","position":2,"name":"Market","item":"https:\/\/akerkimya.com\/eticaret\/market\/"},{"@type":"ListItem","position":3,"name":"SODYUM D\u0130KROMAT"}]},{"@type":"WebSite","@id":"https:\/\/akerkimya.com\/eticaret\/#website","url":"https:\/\/akerkimya.com\/eticaret\/","name":"Akerkimya","description":"","potentialAction":[{"@type":"SearchAction","target":{"@type":"EntryPoint","urlTemplate":"https:\/\/akerkimya.com\/eticaret\/?s={search_term_string}"},"query-input":"required name=search_term_string"}],"inLanguage":"tr"}]}},"_links":{"self":[{"href":"https:\/\/akerkimya.com\/eticaret\/wp-json\/wp\/v2\/product\/16447","targetHints":{"allow":["GET"]}}],"collection":[{"href":"https:\/\/akerkimya.com\/eticaret\/wp-json\/wp\/v2\/product"}],"about":[{"href":"https:\/\/akerkimya.com\/eticaret\/wp-json\/wp\/v2\/types\/product"}],"replies":[{"embeddable":true,"href":"https:\/\/akerkimya.com\/eticaret\/wp-json\/wp\/v2\/comments?post=16447"}],"version-history":[{"count":2,"href":"https:\/\/akerkimya.com\/eticaret\/wp-json\/wp\/v2\/product\/16447\/revisions"}],"predecessor-version":[{"id":16671,"href":"https:\/\/akerkimya.com\/eticaret\/wp-json\/wp\/v2\/product\/16447\/revisions\/16671"}],"wp:featuredmedia":[{"embeddable":true,"href":"https:\/\/akerkimya.com\/eticaret\/wp-json\/wp\/v2\/media\/16449"}],"wp:attachment":[{"href":"https:\/\/akerkimya.com\/eticaret\/wp-json\/wp\/v2\/media?parent=16447"}],"wp:term":[{"taxonomy":"product_cat","embeddable":true,"href":"https:\/\/akerkimya.com\/eticaret\/wp-json\/wp\/v2\/product_cat?post=16447"},{"taxonomy":"product_tag","embeddable":true,"href":"https:\/\/akerkimya.com\/eticaret\/wp-json\/wp\/v2\/product_tag?post=16447"}],"curies":[{"name":"wp","href":"https:\/\/api.w.org\/{rel}","templated":true}]}}