{"id":16454,"date":"2025-01-01T00:27:11","date_gmt":"2024-12-31T21:27:11","guid":{"rendered":"https:\/\/akerkimya.com\/eticaret\/?post_type=product&#038;p=16454"},"modified":"2026-03-30T02:22:27","modified_gmt":"2026-03-29T23:22:27","slug":"sodyum-glukonat","status":"publish","type":"product","link":"https:\/\/akerkimya.com\/eticaret\/urun\/sodyum-glukonat\/","title":{"rendered":"SODYUM GLUKONAT"},"content":{"rendered":"<h1>SODYUM GLUKONAT<\/h1>\n<p><strong>Sodyum Glukonat glukonik asidin tuzudur.<\/strong><\/p>\n<p><strong>Suda \u00e7abuk \u00e7\u00f6z\u00fcn\u00fcr ve toksit de\u011fildir. Beyaz ve yan\u0131k kristal yap\u0131dad\u0131r.<\/strong><\/p>\n<p><strong>A\u011f\u0131r metallerde kompleks olu\u015fturur.<\/strong><\/p>\n<p><strong>\u00a0<\/strong><\/p>\n<p><strong>SODYUM GLUKONAT TEKN\u0130K \u00d6ZELL\u0130K\u00a0<\/strong><\/p>\n<p><strong>CAS NUMARASI: 527-07-01<\/strong><\/p>\n<p><strong>MOLEK\u00dcLER FORM\u00dcL\u00dc: C6H11O7Na<\/strong><\/p>\n<p><strong>MOLAR K\u00dcTLE: 218,14 g mol-1<\/strong><\/p>\n<p><strong>G\u00d6R\u00dcN\u00dcM: Sar\u0131ms\u0131 Beyaz toz<\/strong><\/p>\n<p><strong>SAFLIK: 98,9 %<\/strong><\/p>\n<p><strong>PH: 6,2-7,8<\/strong><\/p>\n<p><strong>KLOR\u00dcR: 0,07 %<\/strong><\/p>\n<p><strong>ER\u0130ME NOKTASI: 206 \u00a0\u00b0 C<\/strong><\/p>\n<p><strong>\u00a0<\/strong><\/p>\n<p><strong>SODYUM GLUKONAT \u00d6ZELL\u0130KLER\u0130<\/strong><\/p>\n<p><strong>Sodyum Glukonat, glukonik asitin sodyum tuzudur ve glikozun fermantasyonu ile \u00fcretilir. Suda \u00e7ok \u00e7\u00f6z\u00fcnen, beyaz gran\u00fcl yap\u0131da, kristalimsi bir kat\u0131d\u0131r. Korozif ve toksik de\u011fildir, biyolojik olarak par\u00e7alanabilir ve yenilenebilirdir. Y\u00fcksek s\u0131cakl\u0131klarda dahi oksidasyona ve indirgenmeye kar\u015f\u0131 diren\u00e7lidir. Sodyum glukonat\u0131n ana \u00f6zelli\u011fi, \u00f6zellikle alkalin ve yo\u011funla\u015ft\u0131r\u0131lm\u0131\u015f alkalin sol\u00fcsyonlar\u0131nda m\u00fckemmel \u015felatlama g\u00fcc\u00fc olmas\u0131d\u0131r. Kalsiyum, demir, bak\u0131r, al\u00fcminyum ve di\u011fer a\u011f\u0131r metallerle dengeli \u015felat olu\u015fturur. EDTA, NTA ve fosfonatlardan \u00fcst\u00fcn bir kenetleme maddesidir.<\/strong><\/p>\n<p><strong>\u00a0<\/strong><\/p>\n<p><strong>KULLANIM ALANLARI<\/strong><\/p>\n<p><strong>Sodyum Glukonat, t\u0131p biliminde insan v\u00fccudundaki asit ve alkali dengesini koruma ve sinirlerin normal \u00e7al\u0131\u015fmas\u0131na yard\u0131mc\u0131 olur. D\u00fc\u015f\u00fck sodyum i\u00e7in sendromun \u00f6nlenmesi ve tedavisinde kullan\u0131l\u0131r. \u0130la\u00e7larda enjeksiyonlarda kullan\u0131l\u0131r.<\/strong><\/p>\n<p><strong>Metallerde ve cam \u015fi\u015felerde y\u00fczey temizleme maddesi olarak kullan\u0131l\u0131r.<\/strong><\/p>\n<p><strong>Yap\u0131 end\u00fcstrisinde su azaltma maddesi ve geciktirici olarak ayr\u0131ca beton, har\u00e7 ve \u00e7imentoda etkili bir set geciktirici ve plastikle\u015ftirici \u00f6zelli\u011finden faydalan\u0131l\u0131r.<\/strong><\/p>\n<p><strong>Sodyum Glukonat, su kalitesi stabiliz\u00f6r\u00fc olarak kullan\u0131l\u0131r.<\/strong><\/p>\n<p><strong>Et ve s\u00fct \u00fcr\u00fcnleri, diyet g\u0131dalar, ot ve harmanlar\u0131nda kullan\u0131l\u0131r.<\/strong><\/p>\n<p><strong>Ki\u015fisel bak\u0131m \u00fcr\u00fcnlerinde, cilt ve di\u015f bak\u0131m\u0131nda, tuvalet malzemeleri, evsel ve end\u00fcstriyel temizlik ve deterjan malzemelerinde kullan\u0131l\u0131r.<\/strong><\/p>\n<p><strong>Zirai kimyasallarda, m\u00fcrekkep boya ve boyar maddelerinde, k\u00e2\u011f\u0131t yard\u0131mc\u0131 \u00fcr\u00fcnlerde, foto kimyasallar\u0131nda kullan\u0131l\u0131r.<\/strong><\/p>\n<p><strong>Sodyum Glukonat, tekstil sanayinde ve su \u015fartland\u0131rma i\u015fleminde kullan\u0131l\u0131r.<\/strong><\/p>\n<p><strong>\u00a0<\/strong><\/p>\n<p><strong>AMBALAJ <\/strong><\/p>\n<p><strong>1-5-25 kg torbalar halinde<\/strong><\/p>\n<p><strong>\u00a0<\/strong><\/p>\n<p><strong>DEPOLAMA <\/strong><\/p>\n<p><strong>Serin ve kuru bir alanda muhafaza ediniz.<\/strong><\/p>\n","protected":false},"excerpt":{"rendered":"<p>SODYUM GLUKONAT Sodyum Glukonat glukonik asidin tuzudur. Suda \u00e7abuk \u00e7\u00f6z\u00fcn\u00fcr ve toksit de\u011fildir. Beyaz ve yan\u0131k kristal yap\u0131dad\u0131r. A\u011f\u0131r metallerde<\/p>\n","protected":false},"featured_media":16455,"comment_status":"open","ping_status":"closed","template":"","meta":{"_joinchat":[]},"product_cat":[72,73,74,76,79,80],"product_tag":[],"class_list":{"0":"post-16454","1":"product","2":"type-product","3":"status-publish","4":"has-post-thumbnail","6":"product_cat-cam-ve-seramik-kimyasallari","7":"product_cat-deri-ve-tekstil-kimyasallari","8":"product_cat-deterjan-ve-kozmetik-kimyasallari","9":"product_cat-gida-ve-katki-kimyasallari","10":"product_cat-tarim-kimyasallari","11":"product_cat-veteriner-ve-ilac-kimyasallari","13":"first","14":"instock","15":"shipping-taxable","16":"purchasable","17":"product-type-variable"},"yoast_head":"<!-- This site is optimized with the Yoast SEO Premium plugin v20.2.1 (Yoast SEO v20.2.1) - https:\/\/yoast.com\/wordpress\/plugins\/seo\/ -->\n<title>SODYUM GLUKONAT - Akerkimya<\/title>\n<meta name=\"robots\" content=\"index, follow, max-snippet:-1, max-image-preview:large, max-video-preview:-1\" \/>\n<link rel=\"canonical\" href=\"https:\/\/akerkimya.com\/eticaret\/urun\/sodyum-glukonat\/\" \/>\n<meta property=\"og:locale\" content=\"tr_TR\" \/>\n<meta property=\"og:type\" content=\"article\" \/>\n<meta property=\"og:title\" content=\"SODYUM GLUKONAT\" \/>\n<meta property=\"og:description\" content=\"SODYUM GLUKONAT Sodyum Glukonat glukonik asidin tuzudur. Suda \u00e7abuk \u00e7\u00f6z\u00fcn\u00fcr ve toksit de\u011fildir. Beyaz ve yan\u0131k kristal yap\u0131dad\u0131r. A\u011f\u0131r metallerde\" \/>\n<meta property=\"og:url\" content=\"https:\/\/akerkimya.com\/eticaret\/urun\/sodyum-glukonat\/\" \/>\n<meta property=\"og:site_name\" content=\"Akerkimya\" \/>\n<meta property=\"article:modified_time\" content=\"2026-03-29T23:22:27+00:00\" \/>\n<meta property=\"og:image\" content=\"https:\/\/akerkimya.com\/eticaret\/wp-content\/uploads\/2025\/01\/sodyum-glukonat-guncel-.png\" \/>\n\t<meta property=\"og:image:width\" content=\"1000\" \/>\n\t<meta property=\"og:image:height\" content=\"1000\" \/>\n\t<meta property=\"og:image:type\" content=\"image\/png\" \/>\n<meta name=\"twitter:card\" content=\"summary_large_image\" \/>\n<meta name=\"twitter:label1\" content=\"Tahmini okuma s\u00fcresi\" \/>\n\t<meta name=\"twitter:data1\" content=\"2 dakika\" \/>\n<script type=\"application\/ld+json\" class=\"yoast-schema-graph\">{\"@context\":\"https:\/\/schema.org\",\"@graph\":[{\"@type\":\"WebPage\",\"@id\":\"https:\/\/akerkimya.com\/eticaret\/urun\/sodyum-glukonat\/\",\"url\":\"https:\/\/akerkimya.com\/eticaret\/urun\/sodyum-glukonat\/\",\"name\":\"SODYUM GLUKONAT - Akerkimya\",\"isPartOf\":{\"@id\":\"https:\/\/akerkimya.com\/eticaret\/#website\"},\"datePublished\":\"2024-12-31T21:27:11+00:00\",\"dateModified\":\"2026-03-29T23:22:27+00:00\",\"breadcrumb\":{\"@id\":\"https:\/\/akerkimya.com\/eticaret\/urun\/sodyum-glukonat\/#breadcrumb\"},\"inLanguage\":\"tr\",\"potentialAction\":[{\"@type\":\"ReadAction\",\"target\":[\"https:\/\/akerkimya.com\/eticaret\/urun\/sodyum-glukonat\/\"]}]},{\"@type\":\"BreadcrumbList\",\"@id\":\"https:\/\/akerkimya.com\/eticaret\/urun\/sodyum-glukonat\/#breadcrumb\",\"itemListElement\":[{\"@type\":\"ListItem\",\"position\":1,\"name\":\"Home\",\"item\":\"https:\/\/akerkimya.com\/eticaret\/\"},{\"@type\":\"ListItem\",\"position\":2,\"name\":\"Market\",\"item\":\"https:\/\/akerkimya.com\/eticaret\/market\/\"},{\"@type\":\"ListItem\",\"position\":3,\"name\":\"SODYUM GLUKONAT\"}]},{\"@type\":\"WebSite\",\"@id\":\"https:\/\/akerkimya.com\/eticaret\/#website\",\"url\":\"https:\/\/akerkimya.com\/eticaret\/\",\"name\":\"Akerkimya\",\"description\":\"\",\"potentialAction\":[{\"@type\":\"SearchAction\",\"target\":{\"@type\":\"EntryPoint\",\"urlTemplate\":\"https:\/\/akerkimya.com\/eticaret\/?s={search_term_string}\"},\"query-input\":\"required name=search_term_string\"}],\"inLanguage\":\"tr\"}]}<\/script>\n<!-- \/ Yoast SEO Premium plugin. -->","yoast_head_json":{"title":"SODYUM GLUKONAT - Akerkimya","robots":{"index":"index","follow":"follow","max-snippet":"max-snippet:-1","max-image-preview":"max-image-preview:large","max-video-preview":"max-video-preview:-1"},"canonical":"https:\/\/akerkimya.com\/eticaret\/urun\/sodyum-glukonat\/","og_locale":"tr_TR","og_type":"article","og_title":"SODYUM GLUKONAT","og_description":"SODYUM GLUKONAT Sodyum Glukonat glukonik asidin tuzudur. Suda \u00e7abuk \u00e7\u00f6z\u00fcn\u00fcr ve toksit de\u011fildir. Beyaz ve yan\u0131k kristal yap\u0131dad\u0131r. A\u011f\u0131r metallerde","og_url":"https:\/\/akerkimya.com\/eticaret\/urun\/sodyum-glukonat\/","og_site_name":"Akerkimya","article_modified_time":"2026-03-29T23:22:27+00:00","og_image":[{"width":1000,"height":1000,"url":"https:\/\/akerkimya.com\/eticaret\/wp-content\/uploads\/2025\/01\/sodyum-glukonat-guncel-.png","type":"image\/png"}],"twitter_card":"summary_large_image","twitter_misc":{"Tahmini okuma s\u00fcresi":"2 dakika"},"schema":{"@context":"https:\/\/schema.org","@graph":[{"@type":"WebPage","@id":"https:\/\/akerkimya.com\/eticaret\/urun\/sodyum-glukonat\/","url":"https:\/\/akerkimya.com\/eticaret\/urun\/sodyum-glukonat\/","name":"SODYUM GLUKONAT - Akerkimya","isPartOf":{"@id":"https:\/\/akerkimya.com\/eticaret\/#website"},"datePublished":"2024-12-31T21:27:11+00:00","dateModified":"2026-03-29T23:22:27+00:00","breadcrumb":{"@id":"https:\/\/akerkimya.com\/eticaret\/urun\/sodyum-glukonat\/#breadcrumb"},"inLanguage":"tr","potentialAction":[{"@type":"ReadAction","target":["https:\/\/akerkimya.com\/eticaret\/urun\/sodyum-glukonat\/"]}]},{"@type":"BreadcrumbList","@id":"https:\/\/akerkimya.com\/eticaret\/urun\/sodyum-glukonat\/#breadcrumb","itemListElement":[{"@type":"ListItem","position":1,"name":"Home","item":"https:\/\/akerkimya.com\/eticaret\/"},{"@type":"ListItem","position":2,"name":"Market","item":"https:\/\/akerkimya.com\/eticaret\/market\/"},{"@type":"ListItem","position":3,"name":"SODYUM GLUKONAT"}]},{"@type":"WebSite","@id":"https:\/\/akerkimya.com\/eticaret\/#website","url":"https:\/\/akerkimya.com\/eticaret\/","name":"Akerkimya","description":"","potentialAction":[{"@type":"SearchAction","target":{"@type":"EntryPoint","urlTemplate":"https:\/\/akerkimya.com\/eticaret\/?s={search_term_string}"},"query-input":"required name=search_term_string"}],"inLanguage":"tr"}]}},"_links":{"self":[{"href":"https:\/\/akerkimya.com\/eticaret\/wp-json\/wp\/v2\/product\/16454","targetHints":{"allow":["GET"]}}],"collection":[{"href":"https:\/\/akerkimya.com\/eticaret\/wp-json\/wp\/v2\/product"}],"about":[{"href":"https:\/\/akerkimya.com\/eticaret\/wp-json\/wp\/v2\/types\/product"}],"replies":[{"embeddable":true,"href":"https:\/\/akerkimya.com\/eticaret\/wp-json\/wp\/v2\/comments?post=16454"}],"version-history":[{"count":3,"href":"https:\/\/akerkimya.com\/eticaret\/wp-json\/wp\/v2\/product\/16454\/revisions"}],"predecessor-version":[{"id":18308,"href":"https:\/\/akerkimya.com\/eticaret\/wp-json\/wp\/v2\/product\/16454\/revisions\/18308"}],"wp:featuredmedia":[{"embeddable":true,"href":"https:\/\/akerkimya.com\/eticaret\/wp-json\/wp\/v2\/media\/16455"}],"wp:attachment":[{"href":"https:\/\/akerkimya.com\/eticaret\/wp-json\/wp\/v2\/media?parent=16454"}],"wp:term":[{"taxonomy":"product_cat","embeddable":true,"href":"https:\/\/akerkimya.com\/eticaret\/wp-json\/wp\/v2\/product_cat?post=16454"},{"taxonomy":"product_tag","embeddable":true,"href":"https:\/\/akerkimya.com\/eticaret\/wp-json\/wp\/v2\/product_tag?post=16454"}],"curies":[{"name":"wp","href":"https:\/\/api.w.org\/{rel}","templated":true}]}}