{"id":16460,"date":"2025-01-01T00:33:51","date_gmt":"2024-12-31T21:33:51","guid":{"rendered":"https:\/\/akerkimya.com\/eticaret\/?post_type=product&#038;p=16460"},"modified":"2026-03-30T02:23:51","modified_gmt":"2026-03-29T23:23:51","slug":"sodyum-sulfat","status":"publish","type":"product","link":"https:\/\/akerkimya.com\/eticaret\/urun\/sodyum-sulfat\/","title":{"rendered":"SODYUM S\u00dcLFAT"},"content":{"rendered":"<h1>SODYUM S\u00dcLFAT<\/h1>\n<p><strong>Sodyum s\u00fclfat do\u011fada mineraller halinde bulunan n\u00f6tral bir tuzdur. NaSO4 form\u00fcl\u00fcyle g\u00f6sterilen sodyum s\u00fclfat(thenadrite)ve mirabalat veya glauber tuzu denilen Na2SO410H2O form\u00fcl\u00fc ile bilinen kristal sodyum s\u00fclfatt\u0131r.<\/strong><\/p>\n<p><strong>SODYUM S\u00dcLFAT TEKN\u0130K \u00d6ZELL\u0130KLER\u00a0<\/strong><\/p>\n<p><strong>CAS No: 7757-82-6<\/strong><\/p>\n<p><strong>EC No: 231-820-9<\/strong><\/p>\n<p><strong>Renk: Beyaz toz<\/strong><\/p>\n<p><strong>Form\u00fcl: Na2SO4<\/strong><\/p>\n<p><strong>Molar K\u00fctle: 142,04 g\/mol<\/strong><\/p>\n<p><strong>Ph oran\u0131: 7-8<\/strong><\/p>\n<p><strong>Yo\u011funluk: 2,66 g\/cm3<\/strong><\/p>\n<p><strong>Erime noktas\u0131: 884 C<\/strong><\/p>\n<p><strong>Kaynama Noktas\u0131: 1429 C<\/strong><\/p>\n<p><strong>\u00a0<\/strong><\/p>\n<p><strong>SODYUM S\u00dcLFAT \u00d6ZELL\u0130KLER\u0130<\/strong><\/p>\n<p><strong>Sodyum s\u00fclfat ve sodyum iyonlar\u0131n\u0131n kombinasyonu ile olu\u015fturulan bir tuzdur. Sodyum s\u00fclfat suda \u00e7\u00f6z\u00fcn\u00fcr ve \u00e7\u00f6zeltisi n\u00f6trd\u00fcr. Gliserolde \u00e7\u00f6z\u00fcn\u00fcr fakat etanolda \u00e7\u00f6z\u00fcnmez. Magnezyum, klorofil ve pigmentin bir bile\u015fenidir. Klorofil i\u00e7indeki tek metal elementtir. Magnezyum fotosentezi ve karbonhidrat, protein ve ya\u011f olu\u015fumunu te\u015fvik edebilir.<\/strong><\/p>\n<p><strong>Toksin herhangi bir kimyasal i\u00e7ermez. Yanmazd\u0131r tehlike s\u0131n\u0131f\u0131na d\u00e2hil de\u011fildir.<\/strong><\/p>\n<p><strong>\u00a0<\/strong><\/p>\n<p><strong>SODYUM S\u00dcLFAT KULLANIM ALANLARI<\/strong><\/p>\n<p><strong>Deterjan sekt\u00f6r\u00fcnde ideal bir dolgu malzemesidir. K\u00fcflenmez, n\u00f6tr ve ucuzdur. Hava ve su kirlenmesinden fosfat kullan\u0131m\u0131 azalt\u0131lm\u0131\u015f ve sodyum s\u00fclfat kullan\u0131m\u0131 buna ba\u011fl\u0131 olarak artm\u0131\u015ft\u0131r. Deterjan form\u00fclasyonlar\u0131nda %20 ila %40 varan oranlarda kullan\u0131lmaktad\u0131r.<\/strong><\/p>\n<p><strong>Cam sanayinde hamurun olu\u015fturulmas\u0131nda %3 civar\u0131 kullan\u0131lmaktad\u0131r.<\/strong><\/p>\n<p><strong>Ka\u011f\u0131t sanayinde ka\u011f\u0131d\u0131n hammaddesi olan sel\u00fcl\u00f6z \u00fcretiminde ve elyaf\u0131n pi\u015firilmesinde kullan\u0131l\u0131r.<\/strong><\/p>\n<p><strong>Tar\u0131mda pamuk, m\u0131s\u0131r, t\u00fct\u00fcn, \u00e7ay, muz ve turun\u00e7giller vb \u00fcr\u00fcnlerde klora kar\u015f\u0131 hassas bitkilerin yeti\u015ftirilmesinde kullan\u0131lan potasyum g\u00fcbresinin \u00fcretiminde kullan\u0131l\u0131r.<\/strong><\/p>\n<p><strong>Kimya alan\u0131nda al\u00fcminyum s\u00fclfat, sodyum s\u00fclfat, sud kostik, sodyum silikat gibi kimyasallar\u0131n \u00fcretiminde kullan\u0131l\u0131r.<\/strong><\/p>\n<p><strong>Tekstil sanayinde tekstil boyalar\u0131n\u0131 ve boya i\u015flemini daha homojen ve sa\u011fl\u0131kl\u0131 hale getirmede kullan\u0131l\u0131r. Y\u00fcn boyamas\u0131nda kullan\u0131l\u0131r.<\/strong><\/p>\n<p><strong>Metal eritme, y\u00fczey i\u015fleme ve dolgu end\u00fcstrisinde kullan\u0131l\u0131r.<\/strong><\/p>\n<p><strong>G\u0131dada besin takviyeleri, sertle\u015ftirme maddeleri, lezzet art\u0131r\u0131c\u0131lar, i\u015fleme yard\u0131mc\u0131lar\u0131 i\u00e7in g\u0131da katk\u0131 maddelerinde kullan\u0131l\u0131r.<\/strong><\/p>\n<p><strong>Hafif sanayide di\u015f macunu \u00fcretiminde, taze ve ya\u015fmaya, monosodyum glutamat, i\u00e7ecek, maden suyu, sa\u011fl\u0131k tuzu, deniz kristali ve kalsiyum hidrojen fosfat stabilizat\u00f6r\u00fc \u00fcretmek i\u00e7in kullan\u0131l\u0131r.<\/strong><\/p>\n<p><strong>AMBALAJ <\/strong><\/p>\n<p><strong>1-5-25 kg torbalar halinde <\/strong><\/p>\n<p><strong>\u00a0<\/strong><\/p>\n<p><strong>DEPOLAMA<\/strong><\/p>\n<p><strong>G\u00fcne\u015f \u0131\u015f\u0131\u011f\u0131na temas etmeyen kuru ve serin yerlerde muhafaza ediniz.<\/strong><\/p>\n","protected":false},"excerpt":{"rendered":"<p>SODYUM S\u00dcLFAT Sodyum s\u00fclfat do\u011fada mineraller halinde bulunan n\u00f6tral bir tuzdur. NaSO4 form\u00fcl\u00fcyle g\u00f6sterilen sodyum s\u00fclfat(thenadrite)ve mirabalat veya glauber tuzu<\/p>\n","protected":false},"featured_media":16461,"comment_status":"open","ping_status":"closed","template":"","meta":{"_joinchat":[]},"product_cat":[72,73,74,76,78,79],"product_tag":[],"class_list":{"0":"post-16460","1":"product","2":"type-product","3":"status-publish","4":"has-post-thumbnail","6":"product_cat-cam-ve-seramik-kimyasallari","7":"product_cat-deri-ve-tekstil-kimyasallari","8":"product_cat-deterjan-ve-kozmetik-kimyasallari","9":"product_cat-gida-ve-katki-kimyasallari","10":"product_cat-metal-dokum-kaplama","11":"product_cat-tarim-kimyasallari","13":"first","14":"instock","15":"shipping-taxable","16":"purchasable","17":"product-type-variable"},"yoast_head":"<!-- This site is optimized with the Yoast SEO Premium plugin v20.2.1 (Yoast SEO v20.2.1) - https:\/\/yoast.com\/wordpress\/plugins\/seo\/ -->\n<title>SODYUM S\u00dcLFAT - Akerkimya<\/title>\n<meta name=\"robots\" content=\"index, follow, max-snippet:-1, max-image-preview:large, max-video-preview:-1\" \/>\n<link rel=\"canonical\" href=\"https:\/\/akerkimya.com\/eticaret\/urun\/sodyum-sulfat\/\" \/>\n<meta property=\"og:locale\" content=\"tr_TR\" \/>\n<meta property=\"og:type\" content=\"article\" \/>\n<meta property=\"og:title\" content=\"SODYUM S\u00dcLFAT\" \/>\n<meta property=\"og:description\" content=\"SODYUM S\u00dcLFAT Sodyum s\u00fclfat do\u011fada mineraller halinde bulunan n\u00f6tral bir tuzdur. NaSO4 form\u00fcl\u00fcyle g\u00f6sterilen sodyum s\u00fclfat(thenadrite)ve mirabalat veya glauber tuzu\" \/>\n<meta property=\"og:url\" content=\"https:\/\/akerkimya.com\/eticaret\/urun\/sodyum-sulfat\/\" \/>\n<meta property=\"og:site_name\" content=\"Akerkimya\" \/>\n<meta property=\"article:modified_time\" content=\"2026-03-29T23:23:51+00:00\" \/>\n<meta property=\"og:image\" content=\"https:\/\/akerkimya.com\/eticaret\/wp-content\/uploads\/2025\/01\/sodyum-sulfat-guncel-.png\" \/>\n\t<meta property=\"og:image:width\" content=\"1000\" \/>\n\t<meta property=\"og:image:height\" content=\"1000\" \/>\n\t<meta property=\"og:image:type\" content=\"image\/png\" \/>\n<meta name=\"twitter:card\" content=\"summary_large_image\" \/>\n<meta name=\"twitter:label1\" content=\"Tahmini okuma s\u00fcresi\" \/>\n\t<meta name=\"twitter:data1\" content=\"2 dakika\" \/>\n<script type=\"application\/ld+json\" class=\"yoast-schema-graph\">{\"@context\":\"https:\/\/schema.org\",\"@graph\":[{\"@type\":\"WebPage\",\"@id\":\"https:\/\/akerkimya.com\/eticaret\/urun\/sodyum-sulfat\/\",\"url\":\"https:\/\/akerkimya.com\/eticaret\/urun\/sodyum-sulfat\/\",\"name\":\"SODYUM S\u00dcLFAT - Akerkimya\",\"isPartOf\":{\"@id\":\"https:\/\/akerkimya.com\/eticaret\/#website\"},\"datePublished\":\"2024-12-31T21:33:51+00:00\",\"dateModified\":\"2026-03-29T23:23:51+00:00\",\"breadcrumb\":{\"@id\":\"https:\/\/akerkimya.com\/eticaret\/urun\/sodyum-sulfat\/#breadcrumb\"},\"inLanguage\":\"tr\",\"potentialAction\":[{\"@type\":\"ReadAction\",\"target\":[\"https:\/\/akerkimya.com\/eticaret\/urun\/sodyum-sulfat\/\"]}]},{\"@type\":\"BreadcrumbList\",\"@id\":\"https:\/\/akerkimya.com\/eticaret\/urun\/sodyum-sulfat\/#breadcrumb\",\"itemListElement\":[{\"@type\":\"ListItem\",\"position\":1,\"name\":\"Home\",\"item\":\"https:\/\/akerkimya.com\/eticaret\/\"},{\"@type\":\"ListItem\",\"position\":2,\"name\":\"Market\",\"item\":\"https:\/\/akerkimya.com\/eticaret\/market\/\"},{\"@type\":\"ListItem\",\"position\":3,\"name\":\"SODYUM S\u00dcLFAT\"}]},{\"@type\":\"WebSite\",\"@id\":\"https:\/\/akerkimya.com\/eticaret\/#website\",\"url\":\"https:\/\/akerkimya.com\/eticaret\/\",\"name\":\"Akerkimya\",\"description\":\"\",\"potentialAction\":[{\"@type\":\"SearchAction\",\"target\":{\"@type\":\"EntryPoint\",\"urlTemplate\":\"https:\/\/akerkimya.com\/eticaret\/?s={search_term_string}\"},\"query-input\":\"required name=search_term_string\"}],\"inLanguage\":\"tr\"}]}<\/script>\n<!-- \/ Yoast SEO Premium plugin. -->","yoast_head_json":{"title":"SODYUM S\u00dcLFAT - Akerkimya","robots":{"index":"index","follow":"follow","max-snippet":"max-snippet:-1","max-image-preview":"max-image-preview:large","max-video-preview":"max-video-preview:-1"},"canonical":"https:\/\/akerkimya.com\/eticaret\/urun\/sodyum-sulfat\/","og_locale":"tr_TR","og_type":"article","og_title":"SODYUM S\u00dcLFAT","og_description":"SODYUM S\u00dcLFAT Sodyum s\u00fclfat do\u011fada mineraller halinde bulunan n\u00f6tral bir tuzdur. NaSO4 form\u00fcl\u00fcyle g\u00f6sterilen sodyum s\u00fclfat(thenadrite)ve mirabalat veya glauber tuzu","og_url":"https:\/\/akerkimya.com\/eticaret\/urun\/sodyum-sulfat\/","og_site_name":"Akerkimya","article_modified_time":"2026-03-29T23:23:51+00:00","og_image":[{"width":1000,"height":1000,"url":"https:\/\/akerkimya.com\/eticaret\/wp-content\/uploads\/2025\/01\/sodyum-sulfat-guncel-.png","type":"image\/png"}],"twitter_card":"summary_large_image","twitter_misc":{"Tahmini okuma s\u00fcresi":"2 dakika"},"schema":{"@context":"https:\/\/schema.org","@graph":[{"@type":"WebPage","@id":"https:\/\/akerkimya.com\/eticaret\/urun\/sodyum-sulfat\/","url":"https:\/\/akerkimya.com\/eticaret\/urun\/sodyum-sulfat\/","name":"SODYUM S\u00dcLFAT - Akerkimya","isPartOf":{"@id":"https:\/\/akerkimya.com\/eticaret\/#website"},"datePublished":"2024-12-31T21:33:51+00:00","dateModified":"2026-03-29T23:23:51+00:00","breadcrumb":{"@id":"https:\/\/akerkimya.com\/eticaret\/urun\/sodyum-sulfat\/#breadcrumb"},"inLanguage":"tr","potentialAction":[{"@type":"ReadAction","target":["https:\/\/akerkimya.com\/eticaret\/urun\/sodyum-sulfat\/"]}]},{"@type":"BreadcrumbList","@id":"https:\/\/akerkimya.com\/eticaret\/urun\/sodyum-sulfat\/#breadcrumb","itemListElement":[{"@type":"ListItem","position":1,"name":"Home","item":"https:\/\/akerkimya.com\/eticaret\/"},{"@type":"ListItem","position":2,"name":"Market","item":"https:\/\/akerkimya.com\/eticaret\/market\/"},{"@type":"ListItem","position":3,"name":"SODYUM S\u00dcLFAT"}]},{"@type":"WebSite","@id":"https:\/\/akerkimya.com\/eticaret\/#website","url":"https:\/\/akerkimya.com\/eticaret\/","name":"Akerkimya","description":"","potentialAction":[{"@type":"SearchAction","target":{"@type":"EntryPoint","urlTemplate":"https:\/\/akerkimya.com\/eticaret\/?s={search_term_string}"},"query-input":"required name=search_term_string"}],"inLanguage":"tr"}]}},"_links":{"self":[{"href":"https:\/\/akerkimya.com\/eticaret\/wp-json\/wp\/v2\/product\/16460","targetHints":{"allow":["GET"]}}],"collection":[{"href":"https:\/\/akerkimya.com\/eticaret\/wp-json\/wp\/v2\/product"}],"about":[{"href":"https:\/\/akerkimya.com\/eticaret\/wp-json\/wp\/v2\/types\/product"}],"replies":[{"embeddable":true,"href":"https:\/\/akerkimya.com\/eticaret\/wp-json\/wp\/v2\/comments?post=16460"}],"version-history":[{"count":2,"href":"https:\/\/akerkimya.com\/eticaret\/wp-json\/wp\/v2\/product\/16460\/revisions"}],"predecessor-version":[{"id":16670,"href":"https:\/\/akerkimya.com\/eticaret\/wp-json\/wp\/v2\/product\/16460\/revisions\/16670"}],"wp:featuredmedia":[{"embeddable":true,"href":"https:\/\/akerkimya.com\/eticaret\/wp-json\/wp\/v2\/media\/16461"}],"wp:attachment":[{"href":"https:\/\/akerkimya.com\/eticaret\/wp-json\/wp\/v2\/media?parent=16460"}],"wp:term":[{"taxonomy":"product_cat","embeddable":true,"href":"https:\/\/akerkimya.com\/eticaret\/wp-json\/wp\/v2\/product_cat?post=16460"},{"taxonomy":"product_tag","embeddable":true,"href":"https:\/\/akerkimya.com\/eticaret\/wp-json\/wp\/v2\/product_tag?post=16460"}],"curies":[{"name":"wp","href":"https:\/\/api.w.org\/{rel}","templated":true}]}}