{"id":16466,"date":"2025-01-01T00:39:23","date_gmt":"2024-12-31T21:39:23","guid":{"rendered":"https:\/\/akerkimya.com\/eticaret\/?post_type=product&#038;p=16466"},"modified":"2026-03-30T02:23:51","modified_gmt":"2026-03-29T23:23:51","slug":"trisodyum-fosfat","status":"publish","type":"product","link":"https:\/\/akerkimya.com\/eticaret\/urun\/trisodyum-fosfat\/","title":{"rendered":"TR\u0130SODYUM FOSFAT"},"content":{"rendered":"<h1g>TR\u0130SODYUM FOSFAT <\/h1>\n<p><strong>Trisodyum fosfat, Na3PO4 form\u00fcl\u00fcne sahip inorganik bir bile\u015fiktir. \u00dc\u00e7 tane Sodyum atomu ile bir fosfat molek\u00fcl\u00fcn\u00fcn birle\u015fimi sonucunda meydana gelen inorganik formda bulunan sodyumun fosfat tuzudur.Sodyum fosfat\u0131n \u00fc\u00e7 formundan bir tanesidir. Tribazik sodyum fosfatt\u0131r. Ticari olarak sat\u0131\u015fta sunulan formu hidratl\u0131 formdad\u0131r.\u00a0 Susuz formdan ziyade Dodekahidrat olan\u0131 da vard\u0131r.<\/strong><\/p>\n<p><strong>\u00dcretimi, fosforik asit ile sodyum karbonat reaksiyonunda fazla miktar sodyum karbonat ilave edilir. \u0130kinci a\u015famada \u00e7\u00f6zelti i\u00e7erisindeki karbondioksitin d\u0131\u015far\u0131 at\u0131lmas\u0131 i\u015flemidir. Bu s\u00fcre\u00e7te \u00e7\u00f6zelti kaynat\u0131l\u0131r. \u00c7\u00f6zeltiye sodyum hidroksit ilave edilir. Kimyasal form\u00fcl\u00fc Na3PO4 dir. K\u0131saca tsp olarak bilinir.<\/strong><\/p>\n<p><strong><em>\u00a0<\/em><\/strong><\/p>\n<p><strong>TR\u0130SODYUM FOSFAT \u00d6ZELL\u0130KLER\u0130<\/strong><\/p>\n<p><strong>Beyaz g\u00f6r\u00fcn\u00fcml\u00fc veya kristal yap\u0131da toz halindedir.<\/strong><\/p>\n<p><strong>TSP E339 E numaras\u0131 ile kullan\u0131l\u0131r. Suda \u00e7ok \u00e7\u00f6z\u00fcnen iyonik tuzdur.<\/strong><\/p>\n<p><strong>\u00a0Higroskopik \u00f6zelli\u011fe sahiptir yani havada bulunan nemi \u00e7ekme kabiliyetine sahiptir. \u00c7\u00f6z\u00fcn\u00fcrl\u00fck olarak su i\u00e7erisinde iyi bir \u00e7\u00f6z\u00fcn\u00fcrl\u00fc\u011fe sahiptir.<\/strong><\/p>\n<p><strong>25 \u00b0 C de s\u0131cakl\u0131kta yakla\u015f\u0131k 14.5 g\/100 g sudur. Etinol i\u00e7inde \u00e7\u00f6z\u00fcnmemektedir.<\/strong><\/p>\n<p><strong>\u00a0Bu kimyasal 75 \u00b0 C ye kadar \u0131s\u0131t\u0131lmas\u0131 durumunda ayr\u0131lmaktad\u0131r. <\/strong><\/p>\n<p><strong>Sulu \u00e7\u00f6zeltisi \u00e7ok kuvvetli alkali \u00f6zelli\u011fe sahiptir. <\/strong><\/p>\n<p><strong>%1 lik \u00e7\u00f6zeltisindeki Ph yakla\u015f\u0131k 11.5-11.7 aral\u0131\u011f\u0131ndad\u0131r. <\/strong><\/p>\n<p><strong><em>\u00a0<\/em><\/strong><\/p>\n<p><strong><em>\u00a0<\/em><\/strong><\/p>\n<p><strong>TEKN\u0130K \u00d6ZELL\u0130KLER\u0130<\/strong><\/p>\n<p><strong>CAS NUMARASI: 7601-54-9, 10101-89-0 (dodekahidrat)<\/strong><\/p>\n<p><strong>K\u0130MYASAL \u0130SM\u0130: Trisodyum Fosfat, Fosforik Asit Trisodyum Tuzu, Tribazik Sodyum Fosfat, E339<\/strong><\/p>\n<p><strong>EC NUMARASI: 231-509-8<\/strong><\/p>\n<p><strong>MOLEK\u00dcLER FORM\u00dcL: Na 3PO4<\/strong><\/p>\n<p><strong>MOLAR K\u00dcTLE: 163,94 g \/ mol <\/strong><\/p>\n<p><strong>YO\u011eUNLUK:1.620 g\/cm3 (dodekahidrat)<\/strong><\/p>\n<p><strong>ER\u0130ME NOKTASI: 73.5 \u00b0 C \u00e7\u00fcr\u00fcme (dodekahidrat)<\/strong><\/p>\n<p><strong>SUDA \u00c7\u00d6Z\u00dcN\u00dcRL\u00dcK: 1,5 g\/100 ml (0 \u00b0 C) , 8.8 g\/100 ml (25 \u00b0 C)<\/strong><\/p>\n<p><strong><em>\u00a0<\/em><\/strong><\/p>\n<p><strong>KULLANIM ALALNLARI<\/strong><\/p>\n<p><strong>Tri sodyum fosfat \u00e7o\u011funlukla boyama i\u00e7in evsel y\u00fczeyleri haz\u0131rlamakta kullan\u0131lan temizleyici ve ya\u011f giderici ajand\u0131r.<\/strong><\/p>\n<p><strong>Mobilya \u00fczerindeki s\u00fct boyas\u0131 dahil lateks boyalar\u0131n \u00e7o\u011fu tri sodyum fosfat\u0131n kuvvetli bir \u00e7\u00f6zeltisiyle ovularak giderilir.<\/strong><\/p>\n<p><strong>Herhangi bir ah\u015fap par\u00e7as\u0131 soyulduktan sonra boya gidericilerin \u00e7o\u011funda bulunan vaks\u0131 uzakla\u015ft\u0131rmak i\u00e7in tri sodyum fosfat kullan\u0131l\u0131r.<\/strong><\/p>\n<p><strong>Tri sodyum fosfat, mineral \u00f6zleriyle y\u0131kamadan sonra, mineral \u00f6zlerini tamamen temizleyebilmek i\u00e7in de kullan\u0131lmaktad\u0131r.<\/strong><\/p>\n<p><strong>Tri sodyum fosfat evsel klor a\u011fart\u0131c\u0131yla ayn\u0131 \u00e7\u00f6zelti i\u00e7inde bulunabilir ve bu \u00f6zellikle ah\u015faptan k\u00fcf gidermek i\u00e7in iyidir.<\/strong><\/p>\n<p><strong>Tri sodyum fosfat\u0131n PH de\u011feri yakla\u015f\u0131k 12 dir.y\u00fcksek alkalin \u00f6zelli\u011finden dolay\u0131 gres ve ya\u011flara etki ederek n\u00fcfuz etti\u011fi alandan \u00e7\u0131karma \u00f6zelli\u011fi vard\u0131r. Sabun tozlar\u0131n\u0131n imalat\u0131, deterjan ve temizlik maddelerinde kullan\u0131l\u0131r. <\/strong><\/p>\n<p><strong>\u0130la\u00e7 sekt\u00f6r\u00fcnde kullan\u0131lan makinelerin imalat\u0131nda sert bak\u0131r lehimleme i\u015flemi mevcuttur. Bu i\u015flemde tri sodyum fosfat kullan\u0131l\u0131r.<\/strong><\/p>\n<p><strong>Seramik \u00fczerindeki s\u0131rlar\u0131n ak\u0131\u015f noktas\u0131n\u0131 d\u00fc\u015f\u00fcrmek i\u00e7in tri sodyum fosfat kullan\u0131l\u0131r.<\/strong><\/p>\n<p><strong>Sporcu beslenmelerinde, enerji \u00fcretimine katk\u0131 sa\u011flad\u0131\u011f\u0131 i\u00e7in bu gibi enerji i\u00e7eceklerinin bile\u015fenlerinde besin takviyesi olarak kullan\u0131l\u0131r.<\/strong><\/p>\n<p><strong>T\u0131bbi alanda ba\u011f\u0131rsaklar\u0131n tedavisinde veya m\u00fcshil ila\u00e7lar\u0131n\u0131n imalat\u0131nda etken madde olarak Tribazik sodyum tuzu kullan\u0131l\u0131r. Bu i\u015fleme lavman denir. Lavmandaki ama\u00e7 ba\u011f\u0131rsakta sertle\u015ferek s\u0131k\u0131\u015fan kat\u0131 maddelerin tri sodyum fosfat etkisi ile yumu\u015fat\u0131lmas\u0131 ve d\u0131\u015far\u0131ya \u00e7\u0131kar\u0131lmas\u0131d\u0131r.<\/strong><\/p>\n<p><strong>Pamuklu ve pamuk kar\u0131\u015f\u0131ml\u0131 ipliklerin PH de\u011fi\u015fikliklerine kar\u015f\u0131 daha dayankl\u0131 olmas\u0131 i\u00e7in tri sodyum fosfat kullan\u0131l\u0131r.<\/strong><\/p>\n<p><strong>Ha\u015fere \u00f6ld\u00fcr\u00fcc\u00fc form\u00fcllerin olu\u015fturulmas\u0131nda kullan\u0131l\u0131r.<\/strong><\/p>\n<p><strong>Jeotermal enerji santralinde meydana gelen korozyon olu\u015fumunu \u00f6nlemek ve h\u0131z\u0131n\u0131 azaltmak i\u00e7in kullan\u0131lan maliyet a\u00e7\u0131s\u0131ndan avantajl\u0131 bir kimyasald\u0131r.<\/strong><\/p>\n<p><strong><em>\u00a0<\/em><\/strong><\/p>\n<p><strong>AMBALAJ <\/strong><\/p>\n<p><strong>1-5-25 kg torbalar halinde <\/strong><\/p>\n<p><strong>\u00a0<\/strong><\/p>\n<p><strong>DEPOLAMA<\/strong><\/p>\n<p><strong>G\u00fcne\u015f \u0131\u015f\u0131\u011f\u0131na temas etmeyen kuru ve serin yerlerde muhafaza ediniz.<\/strong><\/p>\n","protected":false},"excerpt":{"rendered":"<p>TR\u0130SODYUM FOSFAT Trisodyum fosfat, Na3PO4 form\u00fcl\u00fcne sahip inorganik bir bile\u015fiktir. \u00dc\u00e7 tane Sodyum atomu ile bir fosfat molek\u00fcl\u00fcn\u00fcn birle\u015fimi sonucunda<\/p>\n","protected":false},"featured_media":16467,"comment_status":"open","ping_status":"closed","template":"","meta":{"_joinchat":[]},"product_cat":[72,74,80],"product_tag":[],"class_list":{"0":"post-16466","1":"product","2":"type-product","3":"status-publish","4":"has-post-thumbnail","6":"product_cat-cam-ve-seramik-kimyasallari","7":"product_cat-deterjan-ve-kozmetik-kimyasallari","8":"product_cat-veteriner-ve-ilac-kimyasallari","10":"first","11":"instock","12":"shipping-taxable","13":"purchasable","14":"product-type-variable"},"yoast_head":"<!-- This site is optimized with the Yoast SEO Premium plugin v20.2.1 (Yoast SEO v20.2.1) - https:\/\/yoast.com\/wordpress\/plugins\/seo\/ -->\n<title>TR\u0130SODYUM FOSFAT - Akerkimya<\/title>\n<meta name=\"robots\" content=\"index, follow, max-snippet:-1, max-image-preview:large, max-video-preview:-1\" \/>\n<link rel=\"canonical\" href=\"https:\/\/akerkimya.com\/eticaret\/urun\/trisodyum-fosfat\/\" \/>\n<meta property=\"og:locale\" content=\"tr_TR\" \/>\n<meta property=\"og:type\" content=\"article\" \/>\n<meta property=\"og:title\" content=\"TR\u0130SODYUM FOSFAT\" \/>\n<meta property=\"og:description\" content=\"TR\u0130SODYUM FOSFAT Trisodyum fosfat, Na3PO4 form\u00fcl\u00fcne sahip inorganik bir bile\u015fiktir. \u00dc\u00e7 tane Sodyum atomu ile bir fosfat molek\u00fcl\u00fcn\u00fcn birle\u015fimi sonucunda\" \/>\n<meta property=\"og:url\" content=\"https:\/\/akerkimya.com\/eticaret\/urun\/trisodyum-fosfat\/\" \/>\n<meta property=\"og:site_name\" content=\"Akerkimya\" \/>\n<meta property=\"article:modified_time\" content=\"2026-03-29T23:23:51+00:00\" \/>\n<meta property=\"og:image\" content=\"https:\/\/akerkimya.com\/eticaret\/wp-content\/uploads\/2025\/01\/TRISODYUM-SITRAT-GUNCEL.png\" \/>\n\t<meta property=\"og:image:width\" content=\"1000\" \/>\n\t<meta property=\"og:image:height\" content=\"1000\" \/>\n\t<meta property=\"og:image:type\" content=\"image\/png\" \/>\n<meta name=\"twitter:card\" content=\"summary_large_image\" \/>\n<meta name=\"twitter:label1\" content=\"Tahmini okuma s\u00fcresi\" \/>\n\t<meta name=\"twitter:data1\" content=\"3 dakika\" \/>\n<script type=\"application\/ld+json\" class=\"yoast-schema-graph\">{\"@context\":\"https:\/\/schema.org\",\"@graph\":[{\"@type\":\"WebPage\",\"@id\":\"https:\/\/akerkimya.com\/eticaret\/urun\/trisodyum-fosfat\/\",\"url\":\"https:\/\/akerkimya.com\/eticaret\/urun\/trisodyum-fosfat\/\",\"name\":\"TR\u0130SODYUM FOSFAT - Akerkimya\",\"isPartOf\":{\"@id\":\"https:\/\/akerkimya.com\/eticaret\/#website\"},\"datePublished\":\"2024-12-31T21:39:23+00:00\",\"dateModified\":\"2026-03-29T23:23:51+00:00\",\"breadcrumb\":{\"@id\":\"https:\/\/akerkimya.com\/eticaret\/urun\/trisodyum-fosfat\/#breadcrumb\"},\"inLanguage\":\"tr\",\"potentialAction\":[{\"@type\":\"ReadAction\",\"target\":[\"https:\/\/akerkimya.com\/eticaret\/urun\/trisodyum-fosfat\/\"]}]},{\"@type\":\"BreadcrumbList\",\"@id\":\"https:\/\/akerkimya.com\/eticaret\/urun\/trisodyum-fosfat\/#breadcrumb\",\"itemListElement\":[{\"@type\":\"ListItem\",\"position\":1,\"name\":\"Home\",\"item\":\"https:\/\/akerkimya.com\/eticaret\/\"},{\"@type\":\"ListItem\",\"position\":2,\"name\":\"Market\",\"item\":\"https:\/\/akerkimya.com\/eticaret\/market\/\"},{\"@type\":\"ListItem\",\"position\":3,\"name\":\"TR\u0130SODYUM FOSFAT\"}]},{\"@type\":\"WebSite\",\"@id\":\"https:\/\/akerkimya.com\/eticaret\/#website\",\"url\":\"https:\/\/akerkimya.com\/eticaret\/\",\"name\":\"Akerkimya\",\"description\":\"\",\"potentialAction\":[{\"@type\":\"SearchAction\",\"target\":{\"@type\":\"EntryPoint\",\"urlTemplate\":\"https:\/\/akerkimya.com\/eticaret\/?s={search_term_string}\"},\"query-input\":\"required name=search_term_string\"}],\"inLanguage\":\"tr\"}]}<\/script>\n<!-- \/ Yoast SEO Premium plugin. -->","yoast_head_json":{"title":"TR\u0130SODYUM FOSFAT - Akerkimya","robots":{"index":"index","follow":"follow","max-snippet":"max-snippet:-1","max-image-preview":"max-image-preview:large","max-video-preview":"max-video-preview:-1"},"canonical":"https:\/\/akerkimya.com\/eticaret\/urun\/trisodyum-fosfat\/","og_locale":"tr_TR","og_type":"article","og_title":"TR\u0130SODYUM FOSFAT","og_description":"TR\u0130SODYUM FOSFAT Trisodyum fosfat, Na3PO4 form\u00fcl\u00fcne sahip inorganik bir bile\u015fiktir. \u00dc\u00e7 tane Sodyum atomu ile bir fosfat molek\u00fcl\u00fcn\u00fcn birle\u015fimi sonucunda","og_url":"https:\/\/akerkimya.com\/eticaret\/urun\/trisodyum-fosfat\/","og_site_name":"Akerkimya","article_modified_time":"2026-03-29T23:23:51+00:00","og_image":[{"width":1000,"height":1000,"url":"https:\/\/akerkimya.com\/eticaret\/wp-content\/uploads\/2025\/01\/TRISODYUM-SITRAT-GUNCEL.png","type":"image\/png"}],"twitter_card":"summary_large_image","twitter_misc":{"Tahmini okuma s\u00fcresi":"3 dakika"},"schema":{"@context":"https:\/\/schema.org","@graph":[{"@type":"WebPage","@id":"https:\/\/akerkimya.com\/eticaret\/urun\/trisodyum-fosfat\/","url":"https:\/\/akerkimya.com\/eticaret\/urun\/trisodyum-fosfat\/","name":"TR\u0130SODYUM FOSFAT - Akerkimya","isPartOf":{"@id":"https:\/\/akerkimya.com\/eticaret\/#website"},"datePublished":"2024-12-31T21:39:23+00:00","dateModified":"2026-03-29T23:23:51+00:00","breadcrumb":{"@id":"https:\/\/akerkimya.com\/eticaret\/urun\/trisodyum-fosfat\/#breadcrumb"},"inLanguage":"tr","potentialAction":[{"@type":"ReadAction","target":["https:\/\/akerkimya.com\/eticaret\/urun\/trisodyum-fosfat\/"]}]},{"@type":"BreadcrumbList","@id":"https:\/\/akerkimya.com\/eticaret\/urun\/trisodyum-fosfat\/#breadcrumb","itemListElement":[{"@type":"ListItem","position":1,"name":"Home","item":"https:\/\/akerkimya.com\/eticaret\/"},{"@type":"ListItem","position":2,"name":"Market","item":"https:\/\/akerkimya.com\/eticaret\/market\/"},{"@type":"ListItem","position":3,"name":"TR\u0130SODYUM FOSFAT"}]},{"@type":"WebSite","@id":"https:\/\/akerkimya.com\/eticaret\/#website","url":"https:\/\/akerkimya.com\/eticaret\/","name":"Akerkimya","description":"","potentialAction":[{"@type":"SearchAction","target":{"@type":"EntryPoint","urlTemplate":"https:\/\/akerkimya.com\/eticaret\/?s={search_term_string}"},"query-input":"required name=search_term_string"}],"inLanguage":"tr"}]}},"_links":{"self":[{"href":"https:\/\/akerkimya.com\/eticaret\/wp-json\/wp\/v2\/product\/16466","targetHints":{"allow":["GET"]}}],"collection":[{"href":"https:\/\/akerkimya.com\/eticaret\/wp-json\/wp\/v2\/product"}],"about":[{"href":"https:\/\/akerkimya.com\/eticaret\/wp-json\/wp\/v2\/types\/product"}],"replies":[{"embeddable":true,"href":"https:\/\/akerkimya.com\/eticaret\/wp-json\/wp\/v2\/comments?post=16466"}],"version-history":[{"count":2,"href":"https:\/\/akerkimya.com\/eticaret\/wp-json\/wp\/v2\/product\/16466\/revisions"}],"predecessor-version":[{"id":16669,"href":"https:\/\/akerkimya.com\/eticaret\/wp-json\/wp\/v2\/product\/16466\/revisions\/16669"}],"wp:featuredmedia":[{"embeddable":true,"href":"https:\/\/akerkimya.com\/eticaret\/wp-json\/wp\/v2\/media\/16467"}],"wp:attachment":[{"href":"https:\/\/akerkimya.com\/eticaret\/wp-json\/wp\/v2\/media?parent=16466"}],"wp:term":[{"taxonomy":"product_cat","embeddable":true,"href":"https:\/\/akerkimya.com\/eticaret\/wp-json\/wp\/v2\/product_cat?post=16466"},{"taxonomy":"product_tag","embeddable":true,"href":"https:\/\/akerkimya.com\/eticaret\/wp-json\/wp\/v2\/product_tag?post=16466"}],"curies":[{"name":"wp","href":"https:\/\/api.w.org\/{rel}","templated":true}]}}