{"id":16472,"date":"2025-01-01T00:46:57","date_gmt":"2024-12-31T21:46:57","guid":{"rendered":"https:\/\/akerkimya.com\/eticaret\/?post_type=product&#038;p=16472"},"modified":"2026-03-30T02:23:51","modified_gmt":"2026-03-29T23:23:51","slug":"aluminyum-hidroksit","status":"publish","type":"product","link":"https:\/\/akerkimya.com\/eticaret\/urun\/aluminyum-hidroksit\/","title":{"rendered":"AL\u00dcM\u0130NYUM H\u0130DROKS\u0130T"},"content":{"rendered":"<h1>AL\u00dcM\u0130NYUM H\u0130DROKS\u0130T<\/h1>\n<p><strong>Al\u00fcminyum hidroksit, Al(OH)3 form\u00fcl\u00fcne sahip akik tozu olarak da bilinen kimyasald\u0131r. Do\u011fada mineral gibsit ve onun daha nadir \u00fc\u00e7 polimorfu olarak bulunur. Amfoterik \u00f6zelli\u011fi sayesinden hem bazik hem de asidik \u00f6zellikler ta\u015f\u0131r. D\u00fcnyada en b\u00fcy\u00fck hacimli alev geciktiricisidir.<\/strong><\/p>\n<p><strong>AL\u00dcM\u0130NYUM H\u0130DROKS\u0130T \u00d6ZELL\u0130KLER\u0130<\/strong><\/p>\n<p><strong>Beyaz amorf toz formdad\u0131r. Kokusuzdur.<\/strong><\/p>\n<p><strong>Suda ve alkolde \u00e7\u00f6z\u00fcnmez, inorganik asit ve alkali sol\u00fcsyonda \u00e7\u00f6z\u00fcn\u00fcr.<\/strong><\/p>\n<p><strong>H\u0131zl\u0131 flok yap\u0131s\u0131na sahiptir.<\/strong><\/p>\n<p><strong>D\u00fc\u015f\u00fck hamsu s\u0131cakl\u0131klar\u0131nda kolayca reaksiyona girer.<\/strong><\/p>\n<p><strong>\u00a0<\/strong><\/p>\n<p><strong>TEKN\u0130K \u00d6ZELL\u0130KLER\u0130<\/strong><\/p>\n<p><strong>CAS NUMARASI: 21645-51-2<\/strong><\/p>\n<p><strong>K\u0130MYASAL FORM\u00dcL: Al(OH)3<\/strong><\/p>\n<p><strong>K\u0130MYASAL \u0130SM\u0130: Al\u00fcminyum Hidroksit<\/strong><\/p>\n<p><strong>ER\u0130ME NOKTASI: 300 \u00b0C<\/strong><\/p>\n<p><strong>YO\u011eUNLUK: 2,40<\/strong><\/p>\n<p><strong>NEM: 2-7<\/strong><\/p>\n<p><strong>MOLEK\u00dcLER A\u011eIRLIK: 78.004<\/strong><\/p>\n<p><strong>PH: 8-9<\/strong><\/p>\n<p><strong>\u00a0<\/strong><\/p>\n<p><strong>K\u0130MYASAL \u0130\u00c7ER\u0130K<\/strong><\/p>\n<p><strong>KIZDIRMA KAYBI: 34.6<\/strong><\/p>\n<p><strong>Al2O3:&gt;65.0<\/strong><\/p>\n<p><strong>S\u0130O2: &lt;0.015<\/strong><\/p>\n<p><strong>Fe2O3: &lt;0.015<\/strong><\/p>\n<p><strong>Na2O:&lt;0.20<\/strong><\/p>\n<p><strong>CaO:&lt;0.030<\/strong><\/p>\n<p><strong>\u00a0<\/strong><\/p>\n<p><strong>KULLANIM ALANLARI<\/strong><\/p>\n<p><strong>En yayg\u0131n kullan\u0131lan inorganik alev geciktirici katk\u0131 maddesidir. Duman\u0131, damlamay\u0131 ve zehirli gazlar\u0131 \u00f6nlemek i\u00e7in kullan\u0131l\u0131r.<\/strong><\/p>\n<p><strong>Elektrolitik al\u00fcminyum end\u00fcstrisi i\u00e7in gerekli olan al\u00fcminym flor\u00fcr\u00fcn temel hammaddesidir.<\/strong><\/p>\n<p><strong>Kau\u00e7uk \u00fcr\u00fcnler ve hal\u0131 arkalar\u0131 gibi plastik benzeri \u00fcr\u00fcnlerde duman bast\u0131ran doldurucu olarak kullan\u0131lmaktad\u0131r.<\/strong><\/p>\n<p><strong>Al\u00fcminyum hidroksit, antiasit, adsorpsiyon, lokal hemostaz ve \u00fclser y\u00fczeyinin korunmas\u0131i\u015flevlerine sahip tipik ve yayg\u0131n kullan\u0131lan antasittir.<\/strong><\/p>\n<p><strong>Kozmetik sekt\u00f6r\u00fcnde, deodorantlarda antiperspirant ajan olarak kullan\u0131l\u0131r.<\/strong><\/p>\n<p><strong>Su ar\u0131tma maddesi ve kataliz\u00f6r olarak kullan\u0131l\u0131r.<\/strong><\/p>\n<p><strong>Re\u00e7ine, sentetik, plastik end\u00fcstrisinde anot olarak kullan\u0131l\u0131r.<\/strong><\/p>\n<p><strong>Cam end\u00fcstrisinde, beyazl\u0131\u011f\u0131, \u015feffafl\u0131\u011f\u0131 ve parlakl\u0131\u011f\u0131 iyile\u015ftirmek i\u00e7in kullan\u0131l\u0131r.<\/strong><\/p>\n<p><strong>Boya ve kaplama \u00fcretiminde g\u00fc\u00e7l\u00fc renklendirici madde adsorpsiyon kapasitesi nedeniyle mordan olarak kullan\u0131lmaktad\u0131r. \u00a0<\/strong><\/p>\n<p><strong>\u00a0<\/strong><\/p>\n<p><strong>AMBALAJ<\/strong><\/p>\n<p><strong>1-5-25 kg torbalar halinde<\/strong><\/p>\n<p><strong>\u00a0<\/strong><\/p>\n<p><strong>DEPOLAMA<\/strong><\/p>\n<p><strong>Serin ve kuru bir alanda muhafaza ediniz.<\/strong><\/p>\n","protected":false},"excerpt":{"rendered":"<p>AL\u00dcM\u0130NYUM H\u0130DROKS\u0130T Al\u00fcminyum hidroksit, Al(OH)3 form\u00fcl\u00fcne sahip akik tozu olarak da bilinen kimyasald\u0131r. Do\u011fada mineral gibsit ve onun daha nadir<\/p>\n","protected":false},"featured_media":16473,"comment_status":"open","ping_status":"closed","template":"","meta":{"_joinchat":[]},"product_cat":[73],"product_tag":[],"class_list":{"0":"post-16472","1":"product","2":"type-product","3":"status-publish","4":"has-post-thumbnail","6":"product_cat-deri-ve-tekstil-kimyasallari","8":"first","9":"instock","10":"shipping-taxable","11":"purchasable","12":"product-type-variable"},"yoast_head":"<!-- This site is optimized with the Yoast SEO Premium plugin v20.2.1 (Yoast SEO v20.2.1) - https:\/\/yoast.com\/wordpress\/plugins\/seo\/ -->\n<title>AL\u00dcM\u0130NYUM H\u0130DROKS\u0130T - Akerkimya<\/title>\n<meta name=\"robots\" content=\"index, follow, max-snippet:-1, max-image-preview:large, max-video-preview:-1\" \/>\n<link rel=\"canonical\" href=\"https:\/\/akerkimya.com\/eticaret\/urun\/aluminyum-hidroksit\/\" \/>\n<meta property=\"og:locale\" content=\"tr_TR\" \/>\n<meta property=\"og:type\" content=\"article\" \/>\n<meta property=\"og:title\" content=\"AL\u00dcM\u0130NYUM H\u0130DROKS\u0130T\" \/>\n<meta property=\"og:description\" content=\"AL\u00dcM\u0130NYUM H\u0130DROKS\u0130T Al\u00fcminyum hidroksit, Al(OH)3 form\u00fcl\u00fcne sahip akik tozu olarak da bilinen kimyasald\u0131r. Do\u011fada mineral gibsit ve onun daha nadir\" \/>\n<meta property=\"og:url\" content=\"https:\/\/akerkimya.com\/eticaret\/urun\/aluminyum-hidroksit\/\" \/>\n<meta property=\"og:site_name\" content=\"Akerkimya\" \/>\n<meta property=\"article:modified_time\" content=\"2026-03-29T23:23:51+00:00\" \/>\n<meta property=\"og:image\" content=\"https:\/\/akerkimya.com\/eticaret\/wp-content\/uploads\/2025\/01\/ALUMINYUM-HIDROKSIT-GUNCEL-.png\" \/>\n\t<meta property=\"og:image:width\" content=\"1000\" \/>\n\t<meta property=\"og:image:height\" content=\"1000\" \/>\n\t<meta property=\"og:image:type\" content=\"image\/png\" \/>\n<meta name=\"twitter:card\" content=\"summary_large_image\" \/>\n<meta name=\"twitter:label1\" content=\"Tahmini okuma s\u00fcresi\" \/>\n\t<meta name=\"twitter:data1\" content=\"2 dakika\" \/>\n<script type=\"application\/ld+json\" class=\"yoast-schema-graph\">{\"@context\":\"https:\/\/schema.org\",\"@graph\":[{\"@type\":\"WebPage\",\"@id\":\"https:\/\/akerkimya.com\/eticaret\/urun\/aluminyum-hidroksit\/\",\"url\":\"https:\/\/akerkimya.com\/eticaret\/urun\/aluminyum-hidroksit\/\",\"name\":\"AL\u00dcM\u0130NYUM H\u0130DROKS\u0130T - Akerkimya\",\"isPartOf\":{\"@id\":\"https:\/\/akerkimya.com\/eticaret\/#website\"},\"datePublished\":\"2024-12-31T21:46:57+00:00\",\"dateModified\":\"2026-03-29T23:23:51+00:00\",\"breadcrumb\":{\"@id\":\"https:\/\/akerkimya.com\/eticaret\/urun\/aluminyum-hidroksit\/#breadcrumb\"},\"inLanguage\":\"tr\",\"potentialAction\":[{\"@type\":\"ReadAction\",\"target\":[\"https:\/\/akerkimya.com\/eticaret\/urun\/aluminyum-hidroksit\/\"]}]},{\"@type\":\"BreadcrumbList\",\"@id\":\"https:\/\/akerkimya.com\/eticaret\/urun\/aluminyum-hidroksit\/#breadcrumb\",\"itemListElement\":[{\"@type\":\"ListItem\",\"position\":1,\"name\":\"Home\",\"item\":\"https:\/\/akerkimya.com\/eticaret\/\"},{\"@type\":\"ListItem\",\"position\":2,\"name\":\"Market\",\"item\":\"https:\/\/akerkimya.com\/eticaret\/market\/\"},{\"@type\":\"ListItem\",\"position\":3,\"name\":\"AL\u00dcM\u0130NYUM H\u0130DROKS\u0130T\"}]},{\"@type\":\"WebSite\",\"@id\":\"https:\/\/akerkimya.com\/eticaret\/#website\",\"url\":\"https:\/\/akerkimya.com\/eticaret\/\",\"name\":\"Akerkimya\",\"description\":\"\",\"potentialAction\":[{\"@type\":\"SearchAction\",\"target\":{\"@type\":\"EntryPoint\",\"urlTemplate\":\"https:\/\/akerkimya.com\/eticaret\/?s={search_term_string}\"},\"query-input\":\"required name=search_term_string\"}],\"inLanguage\":\"tr\"}]}<\/script>\n<!-- \/ Yoast SEO Premium plugin. -->","yoast_head_json":{"title":"AL\u00dcM\u0130NYUM H\u0130DROKS\u0130T - Akerkimya","robots":{"index":"index","follow":"follow","max-snippet":"max-snippet:-1","max-image-preview":"max-image-preview:large","max-video-preview":"max-video-preview:-1"},"canonical":"https:\/\/akerkimya.com\/eticaret\/urun\/aluminyum-hidroksit\/","og_locale":"tr_TR","og_type":"article","og_title":"AL\u00dcM\u0130NYUM H\u0130DROKS\u0130T","og_description":"AL\u00dcM\u0130NYUM H\u0130DROKS\u0130T Al\u00fcminyum hidroksit, Al(OH)3 form\u00fcl\u00fcne sahip akik tozu olarak da bilinen kimyasald\u0131r. Do\u011fada mineral gibsit ve onun daha nadir","og_url":"https:\/\/akerkimya.com\/eticaret\/urun\/aluminyum-hidroksit\/","og_site_name":"Akerkimya","article_modified_time":"2026-03-29T23:23:51+00:00","og_image":[{"width":1000,"height":1000,"url":"https:\/\/akerkimya.com\/eticaret\/wp-content\/uploads\/2025\/01\/ALUMINYUM-HIDROKSIT-GUNCEL-.png","type":"image\/png"}],"twitter_card":"summary_large_image","twitter_misc":{"Tahmini okuma s\u00fcresi":"2 dakika"},"schema":{"@context":"https:\/\/schema.org","@graph":[{"@type":"WebPage","@id":"https:\/\/akerkimya.com\/eticaret\/urun\/aluminyum-hidroksit\/","url":"https:\/\/akerkimya.com\/eticaret\/urun\/aluminyum-hidroksit\/","name":"AL\u00dcM\u0130NYUM H\u0130DROKS\u0130T - Akerkimya","isPartOf":{"@id":"https:\/\/akerkimya.com\/eticaret\/#website"},"datePublished":"2024-12-31T21:46:57+00:00","dateModified":"2026-03-29T23:23:51+00:00","breadcrumb":{"@id":"https:\/\/akerkimya.com\/eticaret\/urun\/aluminyum-hidroksit\/#breadcrumb"},"inLanguage":"tr","potentialAction":[{"@type":"ReadAction","target":["https:\/\/akerkimya.com\/eticaret\/urun\/aluminyum-hidroksit\/"]}]},{"@type":"BreadcrumbList","@id":"https:\/\/akerkimya.com\/eticaret\/urun\/aluminyum-hidroksit\/#breadcrumb","itemListElement":[{"@type":"ListItem","position":1,"name":"Home","item":"https:\/\/akerkimya.com\/eticaret\/"},{"@type":"ListItem","position":2,"name":"Market","item":"https:\/\/akerkimya.com\/eticaret\/market\/"},{"@type":"ListItem","position":3,"name":"AL\u00dcM\u0130NYUM H\u0130DROKS\u0130T"}]},{"@type":"WebSite","@id":"https:\/\/akerkimya.com\/eticaret\/#website","url":"https:\/\/akerkimya.com\/eticaret\/","name":"Akerkimya","description":"","potentialAction":[{"@type":"SearchAction","target":{"@type":"EntryPoint","urlTemplate":"https:\/\/akerkimya.com\/eticaret\/?s={search_term_string}"},"query-input":"required name=search_term_string"}],"inLanguage":"tr"}]}},"_links":{"self":[{"href":"https:\/\/akerkimya.com\/eticaret\/wp-json\/wp\/v2\/product\/16472","targetHints":{"allow":["GET"]}}],"collection":[{"href":"https:\/\/akerkimya.com\/eticaret\/wp-json\/wp\/v2\/product"}],"about":[{"href":"https:\/\/akerkimya.com\/eticaret\/wp-json\/wp\/v2\/types\/product"}],"replies":[{"embeddable":true,"href":"https:\/\/akerkimya.com\/eticaret\/wp-json\/wp\/v2\/comments?post=16472"}],"version-history":[{"count":2,"href":"https:\/\/akerkimya.com\/eticaret\/wp-json\/wp\/v2\/product\/16472\/revisions"}],"predecessor-version":[{"id":16668,"href":"https:\/\/akerkimya.com\/eticaret\/wp-json\/wp\/v2\/product\/16472\/revisions\/16668"}],"wp:featuredmedia":[{"embeddable":true,"href":"https:\/\/akerkimya.com\/eticaret\/wp-json\/wp\/v2\/media\/16473"}],"wp:attachment":[{"href":"https:\/\/akerkimya.com\/eticaret\/wp-json\/wp\/v2\/media?parent=16472"}],"wp:term":[{"taxonomy":"product_cat","embeddable":true,"href":"https:\/\/akerkimya.com\/eticaret\/wp-json\/wp\/v2\/product_cat?post=16472"},{"taxonomy":"product_tag","embeddable":true,"href":"https:\/\/akerkimya.com\/eticaret\/wp-json\/wp\/v2\/product_tag?post=16472"}],"curies":[{"name":"wp","href":"https:\/\/api.w.org\/{rel}","templated":true}]}}