{"id":16483,"date":"2025-01-01T00:56:57","date_gmt":"2024-12-31T21:56:57","guid":{"rendered":"https:\/\/akerkimya.com\/eticaret\/?post_type=product&#038;p=16483"},"modified":"2026-03-30T02:23:51","modified_gmt":"2026-03-29T23:23:51","slug":"amonyum-bikarbonat","status":"publish","type":"product","link":"https:\/\/akerkimya.com\/eticaret\/urun\/amonyum-bikarbonat\/","title":{"rendered":"AMONYUM B\u0130KARBONAT"},"content":{"rendered":"<h1>AMONYUM B\u0130KARBONAT<\/h1>\n<p><strong>NH4HCO3 form\u00fcll\u00fc amonyum bikarbonat inorganik bir bile\u015fiktir. Amonyum hidrojen karbonat, Ambic, toz kabartma amonyak, Hartshorn gibi daha bir\u00e7ok ismi vard\u0131r. Amonyum iyonunun bikarbonat tuzudur. Kolayl\u0131kla karbondioksit, su ve amonya\u011fa d\u00f6n\u00fc\u015fen renksiz bir kat\u0131d\u0131r.<\/strong><\/p>\n<p><strong>\u00a0<\/strong><\/p>\n<p><strong>AMONYUM B\u0130KARBONAT \u00d6ZELL\u0130KLER\u0130<\/strong><\/p>\n<p><strong>Oda s\u0131cakl\u0131\u011f\u0131nda kararl\u0131d\u0131r. S\u0131cakl\u0131k artt\u0131k\u00e7a ayr\u0131\u015f\u0131r.<\/strong><\/p>\n<p><strong>Beyaz toz ve kristal yap\u0131dad\u0131r.<\/strong><\/p>\n<p><strong>Kendi kendine mayalanma kabiliyetine sahiptir.<\/strong><\/p>\n<p><strong>Amonyak kokusu vard\u0131r.<\/strong><\/p>\n<p><strong>Asitlerle reaksiyona girdi\u011finde karbondioksit olu\u015furken alkalilerle reaksiyonda amonyak olu\u015fur.<\/strong><\/p>\n<p><strong>Madde hafif nemli ise buharla\u015fma ortam s\u0131cakl\u0131klar\u0131nda yava\u015f ger\u00e7ekle\u015fir.<\/strong><\/p>\n<p><strong>\u00a0<\/strong><\/p>\n<p><strong>TEKN\u0130K \u00d6ZELL\u0130KLER\u0130<\/strong><\/p>\n<p><strong>FORM\u00dcL: NH4HCO3<\/strong><\/p>\n<p><strong>K\u0130MYASAL ADI: Amonyum hidrojen karbonat<\/strong><\/p>\n<p><strong>MOLAR K\u00dcTLE: 79,056 g\/mol<\/strong><\/p>\n<p><strong>ER\u0130ME NOKTASI: 41,9 \u00b0C<\/strong><\/p>\n<p><strong>KAYNAMA NOKTASI: 83 \u00b0C<\/strong><\/p>\n<p><strong>YO\u011eUNLUK: 1,59 g\/cm\u00b3<\/strong><\/p>\n<p><strong>PH: 7-8 civar\u0131ndad\u0131r<\/strong><\/p>\n<p><strong>\u00c7\u00d6Z\u00dcN\u00dcRL\u00dcK: Su da serbest\u00e7e \u00e7\u00f6z\u00fcn\u00fcr. Etanol i\u00e7eri\u015finde \u00e7\u00f6z\u00fcnmez. Gliserolde \u00e7\u00f6z\u00fcn\u00fcr.<\/strong><\/p>\n<p><strong>\u00a0<\/strong><\/p>\n<p><strong>KULLANIM ALANLARI<\/strong><\/p>\n<p><strong>En yayg\u0131n kullan\u0131m alan\u0131 kabartma tozu imalat\u0131d\u0131r.<\/strong><\/p>\n<p><strong>\u00c7ikolata ve \u015fekerleme \u00fcretiminde kabartma maddesi olarak kullan\u0131l\u0131r.<\/strong><\/p>\n<p><strong>Yang\u0131n s\u00f6nd\u00fcr\u00fcc\u00fclerde, s\u00f6nd\u00fcrme banyolar\u0131nda kullan\u0131l\u0131r.<\/strong><\/p>\n<p><strong>\u00d6ks\u00fcr\u00fck \u015furuplar\u0131nda ve anti asit olarak f\u0131r\u0131n tozu olarak da kullan\u0131l\u0131r.<\/strong><\/p>\n<p><strong>Kimyasal laboratuvarda g\u00fcbre, ph tamponu ve reaktif olarak kullan\u0131lmaktad\u0131r.<\/strong><\/p>\n<p><strong>Bambu fideleri ve ye\u015fil sebzelerin ha\u015flanmas\u0131nda kullan\u0131lan k\u00f6p\u00fck tozunun hammaddesi olarak kullan\u0131l\u0131r.<\/strong><\/p>\n<p><strong>Y\u00fcksek nem bar\u0131nd\u0131rd\u0131\u011f\u0131ndan at\u0131\u015ft\u0131rmal\u0131k keklerin imalat\u0131nda kullan\u0131l\u0131r.<\/strong><\/p>\n<p><strong>G\u00f6zenekli plastik yap\u0131m\u0131nda kullan\u0131l\u0131r.<\/strong><\/p>\n<p><strong>Boya \u00fcretiminde kullan\u0131l\u0131r<\/strong><\/p>\n<p><strong>Krom deri tabaklamada amonyak elde etmek i\u00e7in tamponlanma tuzu olarak kullan\u0131l\u0131r.<\/strong><\/p>\n<p><strong>Seramik ve pigmentlerde bile\u015fen olarak kullan\u0131l\u0131r.<\/strong><\/p>\n<p><strong>Kau\u00e7uk k\u00f6p\u00fck \u00fcr\u00fcnler i\u00e7in \u00fcfleme maddesi olarak kullan\u0131l\u0131r.<\/strong><\/p>\n<p><strong>Amonyum bikarbonat azotlu g\u00fcbreler olarak kullan\u0131l\u0131r. \u00c7e\u015fitli topraklarda uygulanabilir.<\/strong><\/p>\n<p><strong>Amonyum tuzu ve kuma\u015f ya\u011flar\u0131n\u0131n sentezinde kullan\u0131l\u0131r.<\/strong><\/p>\n<p><strong>Proteinlerin jel i\u00e7inde sindirimi i\u00e7in tripsin ile proteinlerin MALDI k\u00fctle spektrometrik analizinde kullan\u0131l\u0131r.<\/strong><\/p>\n<p><strong>Fideleri tetikleyip yapraklar\u0131n geli\u015fimini etkiler.<\/strong><\/p>\n<p><strong>G\u0131da sekt\u00f6r\u00fcnde kakao tozunun imalat\u0131nda alkali bir ortam olu\u015fturmak ve karbondioksit \u00e7\u0131k\u0131\u015f\u0131 sa\u011flamak i\u00e7in kullan\u0131l\u0131r.<\/strong><\/p>\n<p><strong>Ki\u015fisel bak\u0131m \u00fcr\u00fcnlerinde ph ayarlay\u0131c\u0131 olarak kullan\u0131l\u0131r.<\/strong><\/p>\n<p><strong>Hafif tu\u011fla \u00fcretiminde kullan\u0131l\u0131r.<\/strong><\/p>\n<p><strong>\u00a0<\/strong><\/p>\n<p><strong>AMBALAJ<\/strong><\/p>\n<p><strong>1-5-25 kg Kraft torbalarda<\/strong><\/p>\n<p><strong>\u00a0<\/strong><\/p>\n<p><strong>DEPOLAMA<\/strong><\/p>\n<p><strong>Amonyum bikarbonat, serin ve kuru bir yerde hava ge\u00e7irmeyecek torba vs. kapta saklanmal\u0131d\u0131r.<\/strong><\/p>\n","protected":false},"excerpt":{"rendered":"<p>AMONYUM B\u0130KARBONAT NH4HCO3 form\u00fcll\u00fc amonyum bikarbonat inorganik bir bile\u015fiktir. Amonyum hidrojen karbonat, Ambic, toz kabartma amonyak, Hartshorn gibi daha bir\u00e7ok<\/p>\n","protected":false},"featured_media":16484,"comment_status":"open","ping_status":"closed","template":"","meta":{"_joinchat":[]},"product_cat":[73,74,76],"product_tag":[],"class_list":{"0":"post-16483","1":"product","2":"type-product","3":"status-publish","4":"has-post-thumbnail","6":"product_cat-deri-ve-tekstil-kimyasallari","7":"product_cat-deterjan-ve-kozmetik-kimyasallari","8":"product_cat-gida-ve-katki-kimyasallari","10":"first","11":"instock","12":"shipping-taxable","13":"purchasable","14":"product-type-variable"},"yoast_head":"<!-- This site is optimized with the Yoast SEO Premium plugin v20.2.1 (Yoast SEO v20.2.1) - https:\/\/yoast.com\/wordpress\/plugins\/seo\/ -->\n<title>AMONYUM B\u0130KARBONAT - Akerkimya<\/title>\n<meta name=\"robots\" content=\"index, follow, max-snippet:-1, max-image-preview:large, max-video-preview:-1\" \/>\n<link rel=\"canonical\" href=\"https:\/\/akerkimya.com\/eticaret\/urun\/amonyum-bikarbonat\/\" \/>\n<meta property=\"og:locale\" content=\"tr_TR\" \/>\n<meta property=\"og:type\" content=\"article\" \/>\n<meta property=\"og:title\" content=\"AMONYUM B\u0130KARBONAT\" \/>\n<meta property=\"og:description\" content=\"AMONYUM B\u0130KARBONAT NH4HCO3 form\u00fcll\u00fc amonyum bikarbonat inorganik bir bile\u015fiktir. Amonyum hidrojen karbonat, Ambic, toz kabartma amonyak, Hartshorn gibi daha bir\u00e7ok\" \/>\n<meta property=\"og:url\" content=\"https:\/\/akerkimya.com\/eticaret\/urun\/amonyum-bikarbonat\/\" \/>\n<meta property=\"og:site_name\" content=\"Akerkimya\" \/>\n<meta property=\"article:modified_time\" content=\"2026-03-29T23:23:51+00:00\" \/>\n<meta property=\"og:image\" content=\"https:\/\/akerkimya.com\/eticaret\/wp-content\/uploads\/2025\/01\/AMONYUM-BIKARBONAT-GUNCEL-.png\" \/>\n\t<meta property=\"og:image:width\" content=\"1000\" \/>\n\t<meta property=\"og:image:height\" content=\"1000\" \/>\n\t<meta property=\"og:image:type\" content=\"image\/png\" \/>\n<meta name=\"twitter:card\" content=\"summary_large_image\" \/>\n<meta name=\"twitter:label1\" content=\"Tahmini okuma s\u00fcresi\" \/>\n\t<meta name=\"twitter:data1\" content=\"2 dakika\" \/>\n<script type=\"application\/ld+json\" class=\"yoast-schema-graph\">{\"@context\":\"https:\/\/schema.org\",\"@graph\":[{\"@type\":\"WebPage\",\"@id\":\"https:\/\/akerkimya.com\/eticaret\/urun\/amonyum-bikarbonat\/\",\"url\":\"https:\/\/akerkimya.com\/eticaret\/urun\/amonyum-bikarbonat\/\",\"name\":\"AMONYUM B\u0130KARBONAT - Akerkimya\",\"isPartOf\":{\"@id\":\"https:\/\/akerkimya.com\/eticaret\/#website\"},\"datePublished\":\"2024-12-31T21:56:57+00:00\",\"dateModified\":\"2026-03-29T23:23:51+00:00\",\"breadcrumb\":{\"@id\":\"https:\/\/akerkimya.com\/eticaret\/urun\/amonyum-bikarbonat\/#breadcrumb\"},\"inLanguage\":\"tr\",\"potentialAction\":[{\"@type\":\"ReadAction\",\"target\":[\"https:\/\/akerkimya.com\/eticaret\/urun\/amonyum-bikarbonat\/\"]}]},{\"@type\":\"BreadcrumbList\",\"@id\":\"https:\/\/akerkimya.com\/eticaret\/urun\/amonyum-bikarbonat\/#breadcrumb\",\"itemListElement\":[{\"@type\":\"ListItem\",\"position\":1,\"name\":\"Home\",\"item\":\"https:\/\/akerkimya.com\/eticaret\/\"},{\"@type\":\"ListItem\",\"position\":2,\"name\":\"Market\",\"item\":\"https:\/\/akerkimya.com\/eticaret\/market\/\"},{\"@type\":\"ListItem\",\"position\":3,\"name\":\"AMONYUM B\u0130KARBONAT\"}]},{\"@type\":\"WebSite\",\"@id\":\"https:\/\/akerkimya.com\/eticaret\/#website\",\"url\":\"https:\/\/akerkimya.com\/eticaret\/\",\"name\":\"Akerkimya\",\"description\":\"\",\"potentialAction\":[{\"@type\":\"SearchAction\",\"target\":{\"@type\":\"EntryPoint\",\"urlTemplate\":\"https:\/\/akerkimya.com\/eticaret\/?s={search_term_string}\"},\"query-input\":\"required name=search_term_string\"}],\"inLanguage\":\"tr\"}]}<\/script>\n<!-- \/ Yoast SEO Premium plugin. -->","yoast_head_json":{"title":"AMONYUM B\u0130KARBONAT - Akerkimya","robots":{"index":"index","follow":"follow","max-snippet":"max-snippet:-1","max-image-preview":"max-image-preview:large","max-video-preview":"max-video-preview:-1"},"canonical":"https:\/\/akerkimya.com\/eticaret\/urun\/amonyum-bikarbonat\/","og_locale":"tr_TR","og_type":"article","og_title":"AMONYUM B\u0130KARBONAT","og_description":"AMONYUM B\u0130KARBONAT NH4HCO3 form\u00fcll\u00fc amonyum bikarbonat inorganik bir bile\u015fiktir. Amonyum hidrojen karbonat, Ambic, toz kabartma amonyak, Hartshorn gibi daha bir\u00e7ok","og_url":"https:\/\/akerkimya.com\/eticaret\/urun\/amonyum-bikarbonat\/","og_site_name":"Akerkimya","article_modified_time":"2026-03-29T23:23:51+00:00","og_image":[{"width":1000,"height":1000,"url":"https:\/\/akerkimya.com\/eticaret\/wp-content\/uploads\/2025\/01\/AMONYUM-BIKARBONAT-GUNCEL-.png","type":"image\/png"}],"twitter_card":"summary_large_image","twitter_misc":{"Tahmini okuma s\u00fcresi":"2 dakika"},"schema":{"@context":"https:\/\/schema.org","@graph":[{"@type":"WebPage","@id":"https:\/\/akerkimya.com\/eticaret\/urun\/amonyum-bikarbonat\/","url":"https:\/\/akerkimya.com\/eticaret\/urun\/amonyum-bikarbonat\/","name":"AMONYUM B\u0130KARBONAT - Akerkimya","isPartOf":{"@id":"https:\/\/akerkimya.com\/eticaret\/#website"},"datePublished":"2024-12-31T21:56:57+00:00","dateModified":"2026-03-29T23:23:51+00:00","breadcrumb":{"@id":"https:\/\/akerkimya.com\/eticaret\/urun\/amonyum-bikarbonat\/#breadcrumb"},"inLanguage":"tr","potentialAction":[{"@type":"ReadAction","target":["https:\/\/akerkimya.com\/eticaret\/urun\/amonyum-bikarbonat\/"]}]},{"@type":"BreadcrumbList","@id":"https:\/\/akerkimya.com\/eticaret\/urun\/amonyum-bikarbonat\/#breadcrumb","itemListElement":[{"@type":"ListItem","position":1,"name":"Home","item":"https:\/\/akerkimya.com\/eticaret\/"},{"@type":"ListItem","position":2,"name":"Market","item":"https:\/\/akerkimya.com\/eticaret\/market\/"},{"@type":"ListItem","position":3,"name":"AMONYUM B\u0130KARBONAT"}]},{"@type":"WebSite","@id":"https:\/\/akerkimya.com\/eticaret\/#website","url":"https:\/\/akerkimya.com\/eticaret\/","name":"Akerkimya","description":"","potentialAction":[{"@type":"SearchAction","target":{"@type":"EntryPoint","urlTemplate":"https:\/\/akerkimya.com\/eticaret\/?s={search_term_string}"},"query-input":"required name=search_term_string"}],"inLanguage":"tr"}]}},"_links":{"self":[{"href":"https:\/\/akerkimya.com\/eticaret\/wp-json\/wp\/v2\/product\/16483","targetHints":{"allow":["GET"]}}],"collection":[{"href":"https:\/\/akerkimya.com\/eticaret\/wp-json\/wp\/v2\/product"}],"about":[{"href":"https:\/\/akerkimya.com\/eticaret\/wp-json\/wp\/v2\/types\/product"}],"replies":[{"embeddable":true,"href":"https:\/\/akerkimya.com\/eticaret\/wp-json\/wp\/v2\/comments?post=16483"}],"version-history":[{"count":2,"href":"https:\/\/akerkimya.com\/eticaret\/wp-json\/wp\/v2\/product\/16483\/revisions"}],"predecessor-version":[{"id":16666,"href":"https:\/\/akerkimya.com\/eticaret\/wp-json\/wp\/v2\/product\/16483\/revisions\/16666"}],"wp:featuredmedia":[{"embeddable":true,"href":"https:\/\/akerkimya.com\/eticaret\/wp-json\/wp\/v2\/media\/16484"}],"wp:attachment":[{"href":"https:\/\/akerkimya.com\/eticaret\/wp-json\/wp\/v2\/media?parent=16483"}],"wp:term":[{"taxonomy":"product_cat","embeddable":true,"href":"https:\/\/akerkimya.com\/eticaret\/wp-json\/wp\/v2\/product_cat?post=16483"},{"taxonomy":"product_tag","embeddable":true,"href":"https:\/\/akerkimya.com\/eticaret\/wp-json\/wp\/v2\/product_tag?post=16483"}],"curies":[{"name":"wp","href":"https:\/\/api.w.org\/{rel}","templated":true}]}}