{"id":16489,"date":"2025-01-01T01:01:13","date_gmt":"2024-12-31T22:01:13","guid":{"rendered":"https:\/\/akerkimya.com\/eticaret\/?post_type=product&#038;p=16489"},"modified":"2026-03-30T02:23:51","modified_gmt":"2026-03-29T23:23:51","slug":"amonyum-klorur","status":"publish","type":"product","link":"https:\/\/akerkimya.com\/eticaret\/urun\/amonyum-klorur\/","title":{"rendered":"AMONYUM KLOR\u00dcR"},"content":{"rendered":"<h1>AMONYUM KLOR\u00dcR<\/h1>\n<p><strong>Amonyum Klor\u00fcr, NH4Cl form\u00fcl\u00fcne sahip kimyasal bir bile\u015fiktir. Klormin olarak ya da halojen kumu olarak adland\u0131r\u0131lan halk aras\u0131nda Ni\u015fad\u0131r olarak bilinen inorganik tuzdur. Do\u011fada volkanik b\u00f6lgelerde olu\u015fur. Amonyum klor\u00fcr\u00fc sentetik olarak \u00fcretmek kolayd\u0131r, \u00e7o\u011funlukla di\u011fer end\u00fcstrilerde bir yan \u00fcr\u00fcn olarak olu\u015fturulur.<\/strong><\/p>\n<p><strong>\u00a0<\/strong><\/p>\n<p><strong>AMONYUM KLOR\u00dcR \u00d6ZELL\u0130KLER\u0130<\/strong><\/p>\n<p><strong>En \u00f6nemli \u00f6zelliklerinden bir tanesi suda da\u011f\u0131lma \u00f6zelli\u011fidir.<\/strong><\/p>\n<p><strong>Beyaz kokusuz higroskopik tozdur.<\/strong><\/p>\n<p><strong>Amonyum Klor\u00fcr \u00e7\u00f6zeltileri hafif asidiktir.<\/strong><\/p>\n<p><strong>\u00a0<\/strong><\/p>\n<p><strong>TEKN\u0130K \u00d6ZELL\u0130KLER\u0130<\/strong><\/p>\n<p><strong>CAS NUMARASI: 12125-02-9<\/strong><\/p>\n<p><strong>EC NUMARASI: 235-186-4<\/strong><\/p>\n<p><strong>MOLEK\u00dcLER FORM\u00dcL: NH4CL<\/strong><\/p>\n<p><strong>K\u0130MYASAL \u0130SM\u0130: Amonyum Klor\u00fcr, Amonyak tuzu, Ni\u015fad\u0131r<\/strong><\/p>\n<p><strong>MOLAR K\u00dcTLE: 53.491 g\/mol<\/strong><\/p>\n<p><strong>YO\u011eUNLUK: 1,5274 g\/cm\u00b3<\/strong><\/p>\n<p><strong>ER\u0130ME NOKTASI: 338 \u00b0C<\/strong><\/p>\n<p><strong>KAYNAMA NOKTASI: 520 \u00b0C<\/strong><\/p>\n<p><strong>ALKOL \u00c7\u00d6Z\u00dcN\u00dcRL\u00dc\u011e\u00dc: 6 g\/1 (19 \u00b0C)<\/strong><\/p>\n<p><strong>AS\u0130TL\u0130K (pKa): 9.245<\/strong><\/p>\n<p><strong>KIRILMA \u0130NDEKS\u0130: 1.642<\/strong><\/p>\n<p><strong>\u00a0<\/strong><\/p>\n<p><strong>KULLANIM ALANLARI<\/strong><\/p>\n<p><strong>Vernik, boya ve plastik \u00fcretimi s\u0131ras\u0131nda sertlik kazand\u0131rmas\u0131 amac\u0131yla kullan\u0131l\u0131r.<\/strong><\/p>\n<p><strong>Patlay\u0131c\u0131lar\u0131n imalat\u0131nda kullan\u0131l\u0131r.<\/strong><\/p>\n<p><strong>Petrol rafinelerinin hemen her b\u00f6l\u00fcm\u00fcnde amonyum klor\u00fcr tuzu birikintisi meydana gelebilir. \u00d6zellikle s\u0131v\u0131 katalitik \u00e7atlatma fraksiyonlama kolonlar\u0131 bu amonyum tuzlar\u0131n\u0131n kirletmesini ba\u015flatabilir. Ak\u0131\u015fkan katalitik par\u00e7alama \u00fcnitelerinde meydana gelen y\u00fcksek s\u0131cakl\u0131klar bu riski art\u0131racakt\u0131r.<\/strong><\/p>\n<p><strong>Sentetik yap\u0131\u015ft\u0131r\u0131c\u0131lar\u0131 kurutmada kullan\u0131l\u0131r.<\/strong><\/p>\n<p><strong>Baz\u0131 soy metalleri (alt\u0131n gibi) rafine etmede ve artt\u0131rmada kullan\u0131l\u0131r.<\/strong><\/p>\n<p><strong>\u00dcre formaldehit re\u00e7ineleri sertle\u015ftirmede kontrplak yap\u0131\u015ft\u0131r\u0131c\u0131lar\u0131n\u0131n yap\u0131m\u0131nda kullan\u0131l\u0131r.<\/strong><\/p>\n<p><strong>G\u0131da sekt\u00f6r\u00fcnde ekmek yap\u0131m\u0131nda g\u0131da katk\u0131 maddesi ve maya i\u00e7erisinde besin maddesi olarak g\u00f6rev yapmaktad\u0131r.<\/strong><\/p>\n<p><strong>Pamuk \u00fcretiminde, lifli tar\u0131m imalat\u0131nda kullan\u0131larak \u00fcretim verimi ve bitkideki lif kalitesini artt\u0131r\u0131r.<\/strong><\/p>\n<p><strong>Kuru pil ve baz\u0131 patlay\u0131c\u0131lar\u0131n yap\u0131m\u0131nda kullan\u0131l\u0131r.<\/strong><\/p>\n<p><strong>Galvaniz sekt\u00f6r\u00fcnde, kalay kaplamada, s\u0131cak dald\u0131rma galvanizde flux hammaddesi olarak kullan\u0131l\u0131r.<\/strong><\/p>\n<p><strong>Kozmetik sanayinde \u015fampuan yap\u0131m\u0131nda e\u011fer surfaktan olarak ALS kullan\u0131l\u0131rsa, Amonyum Klor\u00fcr \u015fampuan\u0131 k\u0131vamla\u015ft\u0131rmak i\u00e7in kullan\u0131l\u0131r.<\/strong><\/p>\n<p><strong>Baz\u0131 temizlik malzemelerin \u00fcretiminde kullan\u0131l\u0131r.<\/strong><\/p>\n<p><strong>Amonyum klor\u00fcr, ciddi metabolik alkaloz tedavisinde, distal renal t\u00fcb\u00fcler asidozu te\u015fhis etmek i\u00e7in oral asit y\u00fckleme testinde, idrar\u0131n baz\u0131 idrar yolu bozukluklar\u0131n\u0131n tedavisinde asit ph\u2019\u0131nda tutulmas\u0131 i\u00e7in sistemik asitle\u015ftirici bir ajan olarak kullan\u0131l\u0131r.<\/strong><\/p>\n<p><strong>Amonyum klor\u00fcr, salmiak denilen koyu tatl\u0131lar\u0131, kurabiyelere \u00e7ok gevrek bir doku vermek i\u00e7in pi\u015firmede ve lezzet i\u00e7in lik\u00f6r Salmiakki Koskenkorva\u2019da baharat yapmak i\u00e7in kullan\u0131l\u0131r.<\/strong><\/p>\n<p><strong>Tar\u0131m sekt\u00f6r\u00fcnde pirin\u00e7 ve bu\u011fday\u0131n d\u00f6llenmesi i\u00e7in azot kayna\u011f\u0131 olarak kullan\u0131l\u0131r.<\/strong><\/p>\n<p><strong>Ak\u00fcm\u00fclat\u00f6r ve kuru pillerin imalat\u0131nda kullan\u0131lan bir kimyasal maddedir. Elektriksel y\u00fck aktar\u0131m\u0131 i\u00e7in ihtiya\u00e7 duyulan iyonlar\u0131n elde edilmesini sa\u011flar.<\/strong><\/p>\n<p><strong>T\u0131bbi alanda ise solunum mukozas\u0131nda uyar\u0131c\u0131 etkileri bulunur. Mukozaya yap\u0131\u015fm\u0131\u015f olan balgam\u0131n de\u015farj edilmesi ve mukozadan s\u00f6k\u00fclmesi i\u00e7in kullan\u0131l\u0131r.<\/strong><\/p>\n<p><strong>Tekstil ve deri sekt\u00f6r\u00fcnde, bask\u0131da kullan\u0131l\u0131r.<\/strong><\/p>\n<p><strong>Lehimlemede kullan\u0131lacak lehim ta\u015f\u0131 yap\u0131m\u0131nda kullan\u0131l\u0131r.<\/strong><\/p>\n<p><strong>\u0130la\u00e7 sanayisinde Adjuvan olarak, \u00f6ks\u00fcr\u00fck \u015furuplar\u0131nda Ekspektoran (balgam s\u00f6k\u00fcc\u00fc) olarak ve idrar s\u00f6kt\u00fcr\u00fcc\u00fc ile kullan\u0131l\u0131r.<\/strong><\/p>\n<p><strong>Yem sekt\u00f6r\u00fcnde katk\u0131 maddesi olarak ve s\u0131\u011f\u0131rlar\u0131n idrar ta\u015f\u0131n\u0131 \u00f6nlemede kullan\u0131l\u0131r.<\/strong><\/p>\n<p><strong>Baz\u0131 \u00fclkelerde i\u00e7ki ve lik\u00f6r yap\u0131m\u0131nda kullan\u0131l\u0131r.<\/strong><\/p>\n<p><strong>Biyolojik uygulamalarda organizmalar\u0131n mikrobiyolojik geli\u015fmeleri i\u00e7in enerji kayna\u011f\u0131 olarak kullan\u0131l\u0131r.<\/strong><\/p>\n<p><strong>\u00a0<\/strong><\/p>\n<p><strong>AMBALAJ<\/strong><\/p>\n<p><strong>1-5-25 kg torbalarda<\/strong><\/p>\n<p><strong>\u00a0<\/strong><\/p>\n<p><strong>DEPOLAMA<\/strong><\/p>\n<p><strong>Konsantrasyonu y\u00fcksek amonyum klor\u00fcr so\u011fuk ortamlarda depolanmas\u0131 durumunda kristalle\u015febilir. Ayr\u0131ca normal ko\u015fullarda depolama yap\u0131l\u0131rsa kararl\u0131 bir kimyasald\u0131r.<\/strong><\/p>\n","protected":false},"excerpt":{"rendered":"<p>AMONYUM KLOR\u00dcR Amonyum Klor\u00fcr, NH4Cl form\u00fcl\u00fcne sahip kimyasal bir bile\u015fiktir. Klormin olarak ya da halojen kumu olarak adland\u0131r\u0131lan halk aras\u0131nda<\/p>\n","protected":false},"featured_media":16490,"comment_status":"open","ping_status":"closed","template":"","meta":{"_joinchat":[]},"product_cat":[73,78,81],"product_tag":[],"class_list":{"0":"post-16489","1":"product","2":"type-product","3":"status-publish","4":"has-post-thumbnail","6":"product_cat-deri-ve-tekstil-kimyasallari","7":"product_cat-metal-dokum-kaplama","8":"product_cat-yem-katki-kimyasallari","10":"first","11":"instock","12":"shipping-taxable","13":"purchasable","14":"product-type-variable"},"yoast_head":"<!-- This site is optimized with the Yoast SEO Premium plugin v20.2.1 (Yoast SEO v20.2.1) - https:\/\/yoast.com\/wordpress\/plugins\/seo\/ -->\n<title>AMONYUM KLOR\u00dcR - Akerkimya<\/title>\n<meta name=\"robots\" content=\"index, follow, max-snippet:-1, max-image-preview:large, max-video-preview:-1\" \/>\n<link rel=\"canonical\" href=\"https:\/\/akerkimya.com\/eticaret\/urun\/amonyum-klorur\/\" \/>\n<meta property=\"og:locale\" content=\"tr_TR\" \/>\n<meta property=\"og:type\" content=\"article\" \/>\n<meta property=\"og:title\" content=\"AMONYUM KLOR\u00dcR\" \/>\n<meta property=\"og:description\" content=\"AMONYUM KLOR\u00dcR Amonyum Klor\u00fcr, NH4Cl form\u00fcl\u00fcne sahip kimyasal bir bile\u015fiktir. Klormin olarak ya da halojen kumu olarak adland\u0131r\u0131lan halk aras\u0131nda\" \/>\n<meta property=\"og:url\" content=\"https:\/\/akerkimya.com\/eticaret\/urun\/amonyum-klorur\/\" \/>\n<meta property=\"og:site_name\" content=\"Akerkimya\" \/>\n<meta property=\"article:modified_time\" content=\"2026-03-29T23:23:51+00:00\" \/>\n<meta property=\"og:image\" content=\"https:\/\/akerkimya.com\/eticaret\/wp-content\/uploads\/2025\/01\/AMONYUM-KLORUR-GUNCEL-.png\" \/>\n\t<meta property=\"og:image:width\" content=\"1000\" \/>\n\t<meta property=\"og:image:height\" content=\"1000\" \/>\n\t<meta property=\"og:image:type\" content=\"image\/png\" \/>\n<meta name=\"twitter:card\" content=\"summary_large_image\" \/>\n<meta name=\"twitter:label1\" content=\"Tahmini okuma s\u00fcresi\" \/>\n\t<meta name=\"twitter:data1\" content=\"3 dakika\" \/>\n<script type=\"application\/ld+json\" class=\"yoast-schema-graph\">{\"@context\":\"https:\/\/schema.org\",\"@graph\":[{\"@type\":\"WebPage\",\"@id\":\"https:\/\/akerkimya.com\/eticaret\/urun\/amonyum-klorur\/\",\"url\":\"https:\/\/akerkimya.com\/eticaret\/urun\/amonyum-klorur\/\",\"name\":\"AMONYUM KLOR\u00dcR - Akerkimya\",\"isPartOf\":{\"@id\":\"https:\/\/akerkimya.com\/eticaret\/#website\"},\"datePublished\":\"2024-12-31T22:01:13+00:00\",\"dateModified\":\"2026-03-29T23:23:51+00:00\",\"breadcrumb\":{\"@id\":\"https:\/\/akerkimya.com\/eticaret\/urun\/amonyum-klorur\/#breadcrumb\"},\"inLanguage\":\"tr\",\"potentialAction\":[{\"@type\":\"ReadAction\",\"target\":[\"https:\/\/akerkimya.com\/eticaret\/urun\/amonyum-klorur\/\"]}]},{\"@type\":\"BreadcrumbList\",\"@id\":\"https:\/\/akerkimya.com\/eticaret\/urun\/amonyum-klorur\/#breadcrumb\",\"itemListElement\":[{\"@type\":\"ListItem\",\"position\":1,\"name\":\"Home\",\"item\":\"https:\/\/akerkimya.com\/eticaret\/\"},{\"@type\":\"ListItem\",\"position\":2,\"name\":\"Market\",\"item\":\"https:\/\/akerkimya.com\/eticaret\/market\/\"},{\"@type\":\"ListItem\",\"position\":3,\"name\":\"AMONYUM KLOR\u00dcR\"}]},{\"@type\":\"WebSite\",\"@id\":\"https:\/\/akerkimya.com\/eticaret\/#website\",\"url\":\"https:\/\/akerkimya.com\/eticaret\/\",\"name\":\"Akerkimya\",\"description\":\"\",\"potentialAction\":[{\"@type\":\"SearchAction\",\"target\":{\"@type\":\"EntryPoint\",\"urlTemplate\":\"https:\/\/akerkimya.com\/eticaret\/?s={search_term_string}\"},\"query-input\":\"required name=search_term_string\"}],\"inLanguage\":\"tr\"}]}<\/script>\n<!-- \/ Yoast SEO Premium plugin. -->","yoast_head_json":{"title":"AMONYUM KLOR\u00dcR - Akerkimya","robots":{"index":"index","follow":"follow","max-snippet":"max-snippet:-1","max-image-preview":"max-image-preview:large","max-video-preview":"max-video-preview:-1"},"canonical":"https:\/\/akerkimya.com\/eticaret\/urun\/amonyum-klorur\/","og_locale":"tr_TR","og_type":"article","og_title":"AMONYUM KLOR\u00dcR","og_description":"AMONYUM KLOR\u00dcR Amonyum Klor\u00fcr, NH4Cl form\u00fcl\u00fcne sahip kimyasal bir bile\u015fiktir. Klormin olarak ya da halojen kumu olarak adland\u0131r\u0131lan halk aras\u0131nda","og_url":"https:\/\/akerkimya.com\/eticaret\/urun\/amonyum-klorur\/","og_site_name":"Akerkimya","article_modified_time":"2026-03-29T23:23:51+00:00","og_image":[{"width":1000,"height":1000,"url":"https:\/\/akerkimya.com\/eticaret\/wp-content\/uploads\/2025\/01\/AMONYUM-KLORUR-GUNCEL-.png","type":"image\/png"}],"twitter_card":"summary_large_image","twitter_misc":{"Tahmini okuma s\u00fcresi":"3 dakika"},"schema":{"@context":"https:\/\/schema.org","@graph":[{"@type":"WebPage","@id":"https:\/\/akerkimya.com\/eticaret\/urun\/amonyum-klorur\/","url":"https:\/\/akerkimya.com\/eticaret\/urun\/amonyum-klorur\/","name":"AMONYUM KLOR\u00dcR - Akerkimya","isPartOf":{"@id":"https:\/\/akerkimya.com\/eticaret\/#website"},"datePublished":"2024-12-31T22:01:13+00:00","dateModified":"2026-03-29T23:23:51+00:00","breadcrumb":{"@id":"https:\/\/akerkimya.com\/eticaret\/urun\/amonyum-klorur\/#breadcrumb"},"inLanguage":"tr","potentialAction":[{"@type":"ReadAction","target":["https:\/\/akerkimya.com\/eticaret\/urun\/amonyum-klorur\/"]}]},{"@type":"BreadcrumbList","@id":"https:\/\/akerkimya.com\/eticaret\/urun\/amonyum-klorur\/#breadcrumb","itemListElement":[{"@type":"ListItem","position":1,"name":"Home","item":"https:\/\/akerkimya.com\/eticaret\/"},{"@type":"ListItem","position":2,"name":"Market","item":"https:\/\/akerkimya.com\/eticaret\/market\/"},{"@type":"ListItem","position":3,"name":"AMONYUM KLOR\u00dcR"}]},{"@type":"WebSite","@id":"https:\/\/akerkimya.com\/eticaret\/#website","url":"https:\/\/akerkimya.com\/eticaret\/","name":"Akerkimya","description":"","potentialAction":[{"@type":"SearchAction","target":{"@type":"EntryPoint","urlTemplate":"https:\/\/akerkimya.com\/eticaret\/?s={search_term_string}"},"query-input":"required name=search_term_string"}],"inLanguage":"tr"}]}},"_links":{"self":[{"href":"https:\/\/akerkimya.com\/eticaret\/wp-json\/wp\/v2\/product\/16489","targetHints":{"allow":["GET"]}}],"collection":[{"href":"https:\/\/akerkimya.com\/eticaret\/wp-json\/wp\/v2\/product"}],"about":[{"href":"https:\/\/akerkimya.com\/eticaret\/wp-json\/wp\/v2\/types\/product"}],"replies":[{"embeddable":true,"href":"https:\/\/akerkimya.com\/eticaret\/wp-json\/wp\/v2\/comments?post=16489"}],"version-history":[{"count":2,"href":"https:\/\/akerkimya.com\/eticaret\/wp-json\/wp\/v2\/product\/16489\/revisions"}],"predecessor-version":[{"id":16665,"href":"https:\/\/akerkimya.com\/eticaret\/wp-json\/wp\/v2\/product\/16489\/revisions\/16665"}],"wp:featuredmedia":[{"embeddable":true,"href":"https:\/\/akerkimya.com\/eticaret\/wp-json\/wp\/v2\/media\/16490"}],"wp:attachment":[{"href":"https:\/\/akerkimya.com\/eticaret\/wp-json\/wp\/v2\/media?parent=16489"}],"wp:term":[{"taxonomy":"product_cat","embeddable":true,"href":"https:\/\/akerkimya.com\/eticaret\/wp-json\/wp\/v2\/product_cat?post=16489"},{"taxonomy":"product_tag","embeddable":true,"href":"https:\/\/akerkimya.com\/eticaret\/wp-json\/wp\/v2\/product_tag?post=16489"}],"curies":[{"name":"wp","href":"https:\/\/api.w.org\/{rel}","templated":true}]}}