{"id":16495,"date":"2025-01-01T01:04:25","date_gmt":"2024-12-31T22:04:25","guid":{"rendered":"https:\/\/akerkimya.com\/eticaret\/?post_type=product&#038;p=16495"},"modified":"2026-03-30T02:23:51","modified_gmt":"2026-03-29T23:23:51","slug":"amonyum-persulfat","status":"publish","type":"product","link":"https:\/\/akerkimya.com\/eticaret\/urun\/amonyum-persulfat\/","title":{"rendered":"AMONYUM PERS\u00dcLFAT"},"content":{"rendered":"<h1>AMONYUM PERS\u00dcLFAT<\/h1>\n<p><strong>Amonyum pers\u00fclfat , (NH4)2S208 form\u00fcl\u00fcne sahip amonyum peroksodis\u00fclfat olarak da bilinen beyaz bir kristaldir. Amonyum s\u00fclfat ve seyreltik s\u00fclf\u00fcrik asidin reaksiyonu ile elde edilir.<\/strong><\/p>\n<p><strong>AMONYUM PERS\u00dcLFAT \u00d6ZELL\u0130KLER\u0130<\/strong><\/p>\n<p><strong>Renksiz kristal veya beyaz toz formundad\u0131r.<\/strong><\/p>\n<p><strong>G\u00fc\u00e7l\u00fc oksitleyici maddedir.<\/strong><\/p>\n<p><strong>Sulu \u00e7\u00f6zeltisi g\u00fc\u00e7l\u00fc bir asittir.<\/strong><\/p>\n<p><strong>\u00c7\u00f6zelti halindeyken, demir, toz al\u00fcminyum ve g\u00fcm\u00fc\u015f tuzlar\u0131 ile patlama evresine girer.<\/strong><\/p>\n<p><strong>Su i\u00e7erisinde iyi bir \u00e7\u00f6z\u00fcn\u00fcrl\u00fc\u011fe sahiptir.<\/strong><\/p>\n<p><strong>\u00a0<\/strong><\/p>\n<p><strong>TEKN\u0130K \u00d6ZELL\u0130KLER\u0130<\/strong><\/p>\n<p><strong>CAS NUMARASI: 7727-54-0<\/strong><\/p>\n<p><strong>EINECS NUMARASI: 231-786-6<\/strong><\/p>\n<p><strong>MOLEK\u00dcLER FORM\u00dcL: (NH4)2S208<\/strong><\/p>\n<p><strong>K\u0130MYASAL \u0130SM\u0130: Ammonium Peroxydisulfate, Diammonium Peroxodisulphate<\/strong><\/p>\n<p><strong>MOLEK\u00dcLER A\u011eIRLI\u011eI: 228,2<\/strong><\/p>\n<p><strong>YO\u011eUNLUK: 1,98 g\/cm\u00b3<\/strong><\/p>\n<p><strong>ER\u0130ME NOKTASI: 120 \u00b0C<\/strong><\/p>\n<p><strong>KIRILMA \u0130NDEKS\u0130: 1.50<\/strong><\/p>\n<p><strong>\u00a0<\/strong><\/p>\n<p><strong>KULLANIM ALANLARI<\/strong><\/p>\n<p><strong>G\u0131da sekt\u00f6r\u00fcnde, bu\u011fday \u00f6\u011f\u00fct\u00fcc\u00fc ve bira mayas\u0131 antifungal madde olarak kullan\u0131lmaktad\u0131r.<\/strong><\/p>\n<p><strong>Petrol end\u00fcstrisinde metal levha kesme ve ya\u011f geri kazan\u0131m\u0131 i\u00e7in a\u015f\u0131nd\u0131r\u0131c\u0131 bir madde olarak kullan\u0131l\u0131r.<\/strong><\/p>\n<p><strong>Metal ve yar\u0131 iletken malzemeler i\u00e7in y\u00fczey i\u015fleme maddesi olarak kullan\u0131l\u0131r.<\/strong><\/p>\n<p><strong>Akrilonitrilin polimerizasyonunda, genellikle alkali s\u00fclfitlerle birlikte poliakrilonitril elyaf \u00fcretiminde kullan\u0131l\u0131r.<\/strong><\/p>\n<p><strong>Bask\u0131l\u0131 devreler i\u00e7in da\u011flay\u0131c\u0131 ajan olarak kullan\u0131l\u0131r.<\/strong><\/p>\n<p><strong>Hidrojen peroksit, potasyum pers\u00fclfat ve di\u011fer pers\u00fclfatlar\u0131n haz\u0131rlanmas\u0131nda oksitleyici bir madde olarak kullan\u0131l\u0131r.<\/strong><\/p>\n<p><strong>Ya\u011f ve sabun sanayinde a\u011fartma maddesi olarak kullan\u0131l\u0131r.<\/strong><\/p>\n<p><strong>Vinil asetat ve akrilat gibi etilenik monomerlerin em\u00fclsiyon polimerizasyonu i\u00e7in ba\u015flat\u0131c\u0131 olarak kullan\u0131l\u0131r.<\/strong><\/p>\n<p><strong>Gres end\u00fcstrisinde ve foto\u011fraf end\u00fcstrisinde hipo dalgalar\u0131 gidermek i\u00e7in kullan\u0131l\u0131r.<\/strong><\/p>\n<p><strong>Ni\u015fasta yap\u0131\u015ft\u0131r\u0131c\u0131lar\u0131 i\u00e7in bir yard\u0131mc\u0131 oksidan olarak kullan\u0131l\u0131r.<\/strong><\/p>\n<p><strong>Anilin boyalar\u0131n\u0131n haz\u0131rlanmas\u0131nda ve boya h\u00fccrelerinde ve galvanik kaplama koruyucu olarak kullan\u0131l\u0131r.<\/strong><\/p>\n<p><strong>Tekstil a\u011fartma i\u015flemlerinde renk ve koku gidermede kullan\u0131l\u0131r.<\/strong><\/p>\n<p><strong>\u00dcre- formaldehit re\u00e7inesi i\u00e7in en h\u0131zl\u0131 k\u00fcrlenme h\u0131z\u0131na sahip k\u00fcrleme maddesi olarak kullan\u0131l\u0131r.<\/strong><\/p>\n<p><strong>\u00a0<\/strong><\/p>\n<p><strong>AMBALAJ<\/strong><\/p>\n<p><strong>1-5-25 kg torbalar halindedir.<\/strong><\/p>\n<p><strong>\u00a0<\/strong><\/p>\n<p><strong>DEPOLAMA<\/strong><\/p>\n<p><strong>Serin ve kuru bir alanda muhafaza ediniz.<\/strong><\/p>\n","protected":false},"excerpt":{"rendered":"<p>AMONYUM PERS\u00dcLFAT Amonyum pers\u00fclfat , (NH4)2S208 form\u00fcl\u00fcne sahip amonyum peroksodis\u00fclfat olarak da bilinen beyaz bir kristaldir. Amonyum s\u00fclfat ve seyreltik<\/p>\n","protected":false},"featured_media":16496,"comment_status":"open","ping_status":"closed","template":"","meta":{"_joinchat":[]},"product_cat":[73,78],"product_tag":[],"class_list":{"0":"post-16495","1":"product","2":"type-product","3":"status-publish","4":"has-post-thumbnail","6":"product_cat-deri-ve-tekstil-kimyasallari","7":"product_cat-metal-dokum-kaplama","9":"first","10":"instock","11":"shipping-taxable","12":"purchasable","13":"product-type-variable"},"yoast_head":"<!-- This site is optimized with the Yoast SEO Premium plugin v20.2.1 (Yoast SEO v20.2.1) - https:\/\/yoast.com\/wordpress\/plugins\/seo\/ -->\n<title>AMONYUM PERS\u00dcLFAT - Akerkimya<\/title>\n<meta name=\"robots\" content=\"index, follow, max-snippet:-1, max-image-preview:large, max-video-preview:-1\" \/>\n<link rel=\"canonical\" href=\"https:\/\/akerkimya.com\/eticaret\/urun\/amonyum-persulfat\/\" \/>\n<meta property=\"og:locale\" content=\"tr_TR\" \/>\n<meta property=\"og:type\" content=\"article\" \/>\n<meta property=\"og:title\" content=\"AMONYUM PERS\u00dcLFAT\" \/>\n<meta property=\"og:description\" content=\"AMONYUM PERS\u00dcLFAT Amonyum pers\u00fclfat , (NH4)2S208 form\u00fcl\u00fcne sahip amonyum peroksodis\u00fclfat olarak da bilinen beyaz bir kristaldir. Amonyum s\u00fclfat ve seyreltik\" \/>\n<meta property=\"og:url\" content=\"https:\/\/akerkimya.com\/eticaret\/urun\/amonyum-persulfat\/\" \/>\n<meta property=\"og:site_name\" content=\"Akerkimya\" \/>\n<meta property=\"article:modified_time\" content=\"2026-03-29T23:23:51+00:00\" \/>\n<meta property=\"og:image\" content=\"https:\/\/akerkimya.com\/eticaret\/wp-content\/uploads\/2025\/01\/AMONYUM-PERSULFAT-GUNCEL-.png\" \/>\n\t<meta property=\"og:image:width\" content=\"1000\" \/>\n\t<meta property=\"og:image:height\" content=\"1000\" \/>\n\t<meta property=\"og:image:type\" content=\"image\/png\" \/>\n<meta name=\"twitter:card\" content=\"summary_large_image\" \/>\n<meta name=\"twitter:label1\" content=\"Tahmini okuma s\u00fcresi\" \/>\n\t<meta name=\"twitter:data1\" content=\"2 dakika\" \/>\n<script type=\"application\/ld+json\" class=\"yoast-schema-graph\">{\"@context\":\"https:\/\/schema.org\",\"@graph\":[{\"@type\":\"WebPage\",\"@id\":\"https:\/\/akerkimya.com\/eticaret\/urun\/amonyum-persulfat\/\",\"url\":\"https:\/\/akerkimya.com\/eticaret\/urun\/amonyum-persulfat\/\",\"name\":\"AMONYUM PERS\u00dcLFAT - Akerkimya\",\"isPartOf\":{\"@id\":\"https:\/\/akerkimya.com\/eticaret\/#website\"},\"datePublished\":\"2024-12-31T22:04:25+00:00\",\"dateModified\":\"2026-03-29T23:23:51+00:00\",\"breadcrumb\":{\"@id\":\"https:\/\/akerkimya.com\/eticaret\/urun\/amonyum-persulfat\/#breadcrumb\"},\"inLanguage\":\"tr\",\"potentialAction\":[{\"@type\":\"ReadAction\",\"target\":[\"https:\/\/akerkimya.com\/eticaret\/urun\/amonyum-persulfat\/\"]}]},{\"@type\":\"BreadcrumbList\",\"@id\":\"https:\/\/akerkimya.com\/eticaret\/urun\/amonyum-persulfat\/#breadcrumb\",\"itemListElement\":[{\"@type\":\"ListItem\",\"position\":1,\"name\":\"Home\",\"item\":\"https:\/\/akerkimya.com\/eticaret\/\"},{\"@type\":\"ListItem\",\"position\":2,\"name\":\"Market\",\"item\":\"https:\/\/akerkimya.com\/eticaret\/market\/\"},{\"@type\":\"ListItem\",\"position\":3,\"name\":\"AMONYUM PERS\u00dcLFAT\"}]},{\"@type\":\"WebSite\",\"@id\":\"https:\/\/akerkimya.com\/eticaret\/#website\",\"url\":\"https:\/\/akerkimya.com\/eticaret\/\",\"name\":\"Akerkimya\",\"description\":\"\",\"potentialAction\":[{\"@type\":\"SearchAction\",\"target\":{\"@type\":\"EntryPoint\",\"urlTemplate\":\"https:\/\/akerkimya.com\/eticaret\/?s={search_term_string}\"},\"query-input\":\"required name=search_term_string\"}],\"inLanguage\":\"tr\"}]}<\/script>\n<!-- \/ Yoast SEO Premium plugin. -->","yoast_head_json":{"title":"AMONYUM PERS\u00dcLFAT - Akerkimya","robots":{"index":"index","follow":"follow","max-snippet":"max-snippet:-1","max-image-preview":"max-image-preview:large","max-video-preview":"max-video-preview:-1"},"canonical":"https:\/\/akerkimya.com\/eticaret\/urun\/amonyum-persulfat\/","og_locale":"tr_TR","og_type":"article","og_title":"AMONYUM PERS\u00dcLFAT","og_description":"AMONYUM PERS\u00dcLFAT Amonyum pers\u00fclfat , (NH4)2S208 form\u00fcl\u00fcne sahip amonyum peroksodis\u00fclfat olarak da bilinen beyaz bir kristaldir. Amonyum s\u00fclfat ve seyreltik","og_url":"https:\/\/akerkimya.com\/eticaret\/urun\/amonyum-persulfat\/","og_site_name":"Akerkimya","article_modified_time":"2026-03-29T23:23:51+00:00","og_image":[{"width":1000,"height":1000,"url":"https:\/\/akerkimya.com\/eticaret\/wp-content\/uploads\/2025\/01\/AMONYUM-PERSULFAT-GUNCEL-.png","type":"image\/png"}],"twitter_card":"summary_large_image","twitter_misc":{"Tahmini okuma s\u00fcresi":"2 dakika"},"schema":{"@context":"https:\/\/schema.org","@graph":[{"@type":"WebPage","@id":"https:\/\/akerkimya.com\/eticaret\/urun\/amonyum-persulfat\/","url":"https:\/\/akerkimya.com\/eticaret\/urun\/amonyum-persulfat\/","name":"AMONYUM PERS\u00dcLFAT - Akerkimya","isPartOf":{"@id":"https:\/\/akerkimya.com\/eticaret\/#website"},"datePublished":"2024-12-31T22:04:25+00:00","dateModified":"2026-03-29T23:23:51+00:00","breadcrumb":{"@id":"https:\/\/akerkimya.com\/eticaret\/urun\/amonyum-persulfat\/#breadcrumb"},"inLanguage":"tr","potentialAction":[{"@type":"ReadAction","target":["https:\/\/akerkimya.com\/eticaret\/urun\/amonyum-persulfat\/"]}]},{"@type":"BreadcrumbList","@id":"https:\/\/akerkimya.com\/eticaret\/urun\/amonyum-persulfat\/#breadcrumb","itemListElement":[{"@type":"ListItem","position":1,"name":"Home","item":"https:\/\/akerkimya.com\/eticaret\/"},{"@type":"ListItem","position":2,"name":"Market","item":"https:\/\/akerkimya.com\/eticaret\/market\/"},{"@type":"ListItem","position":3,"name":"AMONYUM PERS\u00dcLFAT"}]},{"@type":"WebSite","@id":"https:\/\/akerkimya.com\/eticaret\/#website","url":"https:\/\/akerkimya.com\/eticaret\/","name":"Akerkimya","description":"","potentialAction":[{"@type":"SearchAction","target":{"@type":"EntryPoint","urlTemplate":"https:\/\/akerkimya.com\/eticaret\/?s={search_term_string}"},"query-input":"required name=search_term_string"}],"inLanguage":"tr"}]}},"_links":{"self":[{"href":"https:\/\/akerkimya.com\/eticaret\/wp-json\/wp\/v2\/product\/16495","targetHints":{"allow":["GET"]}}],"collection":[{"href":"https:\/\/akerkimya.com\/eticaret\/wp-json\/wp\/v2\/product"}],"about":[{"href":"https:\/\/akerkimya.com\/eticaret\/wp-json\/wp\/v2\/types\/product"}],"replies":[{"embeddable":true,"href":"https:\/\/akerkimya.com\/eticaret\/wp-json\/wp\/v2\/comments?post=16495"}],"version-history":[{"count":2,"href":"https:\/\/akerkimya.com\/eticaret\/wp-json\/wp\/v2\/product\/16495\/revisions"}],"predecessor-version":[{"id":16664,"href":"https:\/\/akerkimya.com\/eticaret\/wp-json\/wp\/v2\/product\/16495\/revisions\/16664"}],"wp:featuredmedia":[{"embeddable":true,"href":"https:\/\/akerkimya.com\/eticaret\/wp-json\/wp\/v2\/media\/16496"}],"wp:attachment":[{"href":"https:\/\/akerkimya.com\/eticaret\/wp-json\/wp\/v2\/media?parent=16495"}],"wp:term":[{"taxonomy":"product_cat","embeddable":true,"href":"https:\/\/akerkimya.com\/eticaret\/wp-json\/wp\/v2\/product_cat?post=16495"},{"taxonomy":"product_tag","embeddable":true,"href":"https:\/\/akerkimya.com\/eticaret\/wp-json\/wp\/v2\/product_tag?post=16495"}],"curies":[{"name":"wp","href":"https:\/\/api.w.org\/{rel}","templated":true}]}}