{"id":16501,"date":"2025-01-01T01:10:33","date_gmt":"2024-12-31T22:10:33","guid":{"rendered":"https:\/\/akerkimya.com\/eticaret\/?post_type=product&#038;p=16501"},"modified":"2026-03-30T02:23:52","modified_gmt":"2026-03-29T23:23:52","slug":"amonyum-sulfat","status":"publish","type":"product","link":"https:\/\/akerkimya.com\/eticaret\/urun\/amonyum-sulfat\/","title":{"rendered":"AMONYUM S\u00dcLFAT"},"content":{"rendered":"<h1>AMONYUM S\u00dcLFAT<\/h1>\n<p><strong>Amonyum s\u00fclfat, (NH4)SO4 form\u00fcl\u00fcne sahip kristalize toz halde beyaz renkli olarak bulunan inorganik bir tuzdur. Toz \u015fekere benzedi\u011finden \u015feker g\u00fcbresi olarak da bilinir. Amonya\u011f\u0131n s\u00fclf\u00fcrik asit ile i\u015flenmesiyle yap\u0131lan amonyum s\u00fclfat\u0131n i\u00e7erisinde %21 azot ve % 24 k\u00fck\u00fcrt i\u00e7erir.<\/strong><\/p>\n<p><strong>TEKN\u0130K \u00d6ZELL\u0130KLER\u0130<\/strong><\/p>\n<p><strong>CAS NUMARASI: 7783-20-2<\/strong><\/p>\n<p><strong>MOLEK\u00dcL FORM\u00dcL\u00dc: (NH4)2SO4<\/strong><\/p>\n<p><strong>K\u0130MYASAL \u0130SM\u0130: Amonyum S\u00fclfat, Diamonyum S\u00fclfat, \u015eeker G\u00fcbresi<\/strong><\/p>\n<p><strong>MOLEK\u00dcL K\u00dcTLES\u0130: 132.14 gr\/mol<\/strong><\/p>\n<p><strong>YO\u011eUNLUK: 1.769 gr\/cm\u00b3 (20 \u00b0C)<\/strong><\/p>\n<p><strong>ER\u0130ME NOKTASI: 235-280 \u00b0C (bozunur)<\/strong><\/p>\n<p><strong>\u00c7\u00d6Z\u00dcN\u00dcRL\u00dcK (Su i\u00e7inde): 70.6 gr\/100 Ml (0 \u00b0C)<\/strong><\/p>\n<p><strong>\u00a0\u00a0\u00a0\u00a0\u00a0\u00a0\u00a0\u00a0\u00a0\u00a0\u00a0\u00a0\u00a0\u00a0\u00a0\u00a0\u00a0\u00a0\u00a0\u00a0\u00a0\u00a0\u00a0\u00a0\u00a0\u00a0\u00a0\u00a0\u00a0\u00a0\u00a0\u00a0\u00a0\u00a0\u00a0\u00a0\u00a0\u00a0\u00a0\u00a0\u00a0\u00a0\u00a0\u00a0\u00a0\u00a0 74.4 gr\/100 Ml (20 \u00b0C)<\/strong><\/p>\n<p><strong>\u00a0\u00a0\u00a0\u00a0\u00a0\u00a0\u00a0\u00a0\u00a0\u00a0\u00a0\u00a0\u00a0\u00a0\u00a0\u00a0\u00a0\u00a0\u00a0\u00a0\u00a0\u00a0\u00a0\u00a0\u00a0\u00a0\u00a0\u00a0\u00a0\u00a0\u00a0\u00a0\u00a0\u00a0\u00a0\u00a0\u00a0\u00a0\u00a0\u00a0\u00a0\u00a0\u00a0\u00a0\u00a0\u00a0 103.8 gr\/100 Ml (100 \u00b0C)<\/strong><\/p>\n<p><strong>\u00c7\u00d6Z\u00dcN\u00dcRL\u00dcK: Aseton, alkol ve eterde \u00e7\u00f6z\u00fcnmez<\/strong><\/p>\n<p><strong>\u00a0<\/strong><\/p>\n<p><strong>KULLANIM ALANLARI<\/strong><\/p>\n<p><strong>Alkali topraklar i\u00e7in g\u00fcbre olarak kullan\u0131l\u0131r. Toprakta amonyum iyonu sal\u0131n\u0131r ve az miktarda asit olu\u015fturur, topra\u011f\u0131n ph dengesini d\u00fc\u015f\u00fcr\u00fcrken bitki b\u00fcy\u00fcmesi i\u00e7in gerekli nitrojene katk\u0131da bulunur.<\/strong><\/p>\n<p><strong>Amonyum tuzu haz\u0131rlanmas\u0131nda kullan\u0131l\u0131r.<\/strong><\/p>\n<p><strong>Amonyum s\u00fclfat, diamonyum fosfata \u00e7ok benzeyen alev geciktirici bile\u015fimlerde kullan\u0131l\u0131r. Malzemenin yanma s\u0131cakl\u0131\u011f\u0131n\u0131 artt\u0131r\u0131r, maksimum a\u011f\u0131rl\u0131k kayb\u0131 oranlar\u0131n\u0131 d\u00fc\u015f\u00fcr\u00fcr, tortu veya k\u00f6m\u00fcr \u00fcretiminde art\u0131\u015fa neden olur. Havadan yang\u0131nla m\u00fccadelede kullan\u0131lm\u0131\u015ft\u0131r.<\/strong><\/p>\n<p><strong>Biyokimya da amonyum s\u00fclfat \u00e7\u00f6keltileri proteinlerin safla\u015ft\u0131r\u0131lmas\u0131nda yayg\u0131n bir metod olarak kullan\u0131l\u0131r.<\/strong><\/p>\n<p><strong>\u0130\u00e7me suyu ar\u0131t\u0131lmas\u0131nda amonyum s\u00fclfat, dezenfeksiyon i\u00e7in monokloramin \u00fcretmek i\u00e7in klor ile kombinasyon halinde kullan\u0131l\u0131r.<\/strong><\/p>\n<p><strong>A\u011f\u0131r suda (D2O) doymu\u015f bir amonyum s\u00fclfat \u00e7\u00f6zeltisi, 0 pmm kayd\u0131rma de\u011feriyle s\u00fclf\u00fcr (33S) NMR spektroskopisinde harici bir standart olarak kullan\u0131l\u0131r.<\/strong><\/p>\n<p><strong>B\u00fcnyesinde k\u00fck\u00fcrt bulunmas\u0131 nedeniyle bitkinin k\u00fck\u00fcrt ihtiyac\u0131n\u0131 da giderir. \u00c7ay, \u00e7eltik ve tah\u0131l tar\u0131m\u0131nda kullan\u0131l\u0131r.<\/strong><\/p>\n<p><strong>B\u00f6cek \u00f6ld\u00fcr\u00fcc\u00fcler, herbisitler ve mantar \u00f6ld\u00fcr\u00fcc\u00fcler i\u00e7in tar\u0131msal bir sprey yard\u0131mc\u0131 maddesi olarak kullan\u0131l\u0131r.<\/strong><\/p>\n<p><strong>G\u0131da katk\u0131 maddesi olarak amonyum s\u00fclfat, ABD G\u0131da ve \u0130la\u00e7 Dairesi taraf\u0131ndan genel olarak g\u00fcvenli (GRAS) olarak kabul edilir. Un ve ekmeklerde asitlik d\u00fczenleyici olarak kullan\u0131l\u0131r.<\/strong><\/p>\n<p><strong>Amonyum s\u00fclfat, di\u011fer amonyum tuzlar\u0131n\u0131n, \u00f6zellikle amonyum pers\u00fclfat\u0131n haz\u0131rlanmas\u0131nda k\u00fc\u00e7\u00fck \u00f6l\u00e7ekte kullan\u0131l\u0131r.<\/strong><\/p>\n<p><strong>\u00a0<\/strong><\/p>\n<p><strong>AMBALAJ<\/strong><\/p>\n<p><strong>1-5-25-50 kg torbalar halinde<\/strong><\/p>\n<p><strong>\u00a0<\/strong><\/p>\n<p><strong>DEPOLAMA<\/strong><\/p>\n<p><strong>\u00dcr\u00fcn kuru ve serin bir yerde saklanmal\u0131d\u0131r.<\/strong><\/p>\n","protected":false},"excerpt":{"rendered":"<p>AMONYUM S\u00dcLFAT Amonyum s\u00fclfat, (NH4)SO4 form\u00fcl\u00fcne sahip kristalize toz halde beyaz renkli olarak bulunan inorganik bir tuzdur. Toz \u015fekere benzedi\u011finden<\/p>\n","protected":false},"featured_media":16506,"comment_status":"open","ping_status":"closed","template":"","meta":{"_joinchat":[]},"product_cat":[73,76,79,81],"product_tag":[],"class_list":{"0":"post-16501","1":"product","2":"type-product","3":"status-publish","4":"has-post-thumbnail","6":"product_cat-deri-ve-tekstil-kimyasallari","7":"product_cat-gida-ve-katki-kimyasallari","8":"product_cat-tarim-kimyasallari","9":"product_cat-yem-katki-kimyasallari","11":"first","12":"instock","13":"shipping-taxable","14":"purchasable","15":"product-type-variable"},"yoast_head":"<!-- This site is optimized with the Yoast SEO Premium plugin v20.2.1 (Yoast SEO v20.2.1) - https:\/\/yoast.com\/wordpress\/plugins\/seo\/ -->\n<title>AMONYUM S\u00dcLFAT - Akerkimya<\/title>\n<meta name=\"robots\" content=\"index, follow, max-snippet:-1, max-image-preview:large, max-video-preview:-1\" \/>\n<link rel=\"canonical\" href=\"https:\/\/akerkimya.com\/eticaret\/urun\/amonyum-sulfat\/\" \/>\n<meta property=\"og:locale\" content=\"tr_TR\" \/>\n<meta property=\"og:type\" content=\"article\" \/>\n<meta property=\"og:title\" content=\"AMONYUM S\u00dcLFAT\" \/>\n<meta property=\"og:description\" content=\"AMONYUM S\u00dcLFAT Amonyum s\u00fclfat, (NH4)SO4 form\u00fcl\u00fcne sahip kristalize toz halde beyaz renkli olarak bulunan inorganik bir tuzdur. Toz \u015fekere benzedi\u011finden\" \/>\n<meta property=\"og:url\" content=\"https:\/\/akerkimya.com\/eticaret\/urun\/amonyum-sulfat\/\" \/>\n<meta property=\"og:site_name\" content=\"Akerkimya\" \/>\n<meta property=\"article:modified_time\" content=\"2026-03-29T23:23:52+00:00\" \/>\n<meta property=\"og:image\" content=\"https:\/\/akerkimya.com\/eticaret\/wp-content\/uploads\/2025\/01\/AMONYUM-SULFAT-GUNCEL-.png\" \/>\n\t<meta property=\"og:image:width\" content=\"1000\" \/>\n\t<meta property=\"og:image:height\" content=\"1000\" \/>\n\t<meta property=\"og:image:type\" content=\"image\/png\" \/>\n<meta name=\"twitter:card\" content=\"summary_large_image\" \/>\n<meta name=\"twitter:label1\" content=\"Tahmini okuma s\u00fcresi\" \/>\n\t<meta name=\"twitter:data1\" content=\"2 dakika\" \/>\n<script type=\"application\/ld+json\" class=\"yoast-schema-graph\">{\"@context\":\"https:\/\/schema.org\",\"@graph\":[{\"@type\":\"WebPage\",\"@id\":\"https:\/\/akerkimya.com\/eticaret\/urun\/amonyum-sulfat\/\",\"url\":\"https:\/\/akerkimya.com\/eticaret\/urun\/amonyum-sulfat\/\",\"name\":\"AMONYUM S\u00dcLFAT - Akerkimya\",\"isPartOf\":{\"@id\":\"https:\/\/akerkimya.com\/eticaret\/#website\"},\"datePublished\":\"2024-12-31T22:10:33+00:00\",\"dateModified\":\"2026-03-29T23:23:52+00:00\",\"breadcrumb\":{\"@id\":\"https:\/\/akerkimya.com\/eticaret\/urun\/amonyum-sulfat\/#breadcrumb\"},\"inLanguage\":\"tr\",\"potentialAction\":[{\"@type\":\"ReadAction\",\"target\":[\"https:\/\/akerkimya.com\/eticaret\/urun\/amonyum-sulfat\/\"]}]},{\"@type\":\"BreadcrumbList\",\"@id\":\"https:\/\/akerkimya.com\/eticaret\/urun\/amonyum-sulfat\/#breadcrumb\",\"itemListElement\":[{\"@type\":\"ListItem\",\"position\":1,\"name\":\"Home\",\"item\":\"https:\/\/akerkimya.com\/eticaret\/\"},{\"@type\":\"ListItem\",\"position\":2,\"name\":\"Market\",\"item\":\"https:\/\/akerkimya.com\/eticaret\/market\/\"},{\"@type\":\"ListItem\",\"position\":3,\"name\":\"AMONYUM S\u00dcLFAT\"}]},{\"@type\":\"WebSite\",\"@id\":\"https:\/\/akerkimya.com\/eticaret\/#website\",\"url\":\"https:\/\/akerkimya.com\/eticaret\/\",\"name\":\"Akerkimya\",\"description\":\"\",\"potentialAction\":[{\"@type\":\"SearchAction\",\"target\":{\"@type\":\"EntryPoint\",\"urlTemplate\":\"https:\/\/akerkimya.com\/eticaret\/?s={search_term_string}\"},\"query-input\":\"required name=search_term_string\"}],\"inLanguage\":\"tr\"}]}<\/script>\n<!-- \/ Yoast SEO Premium plugin. -->","yoast_head_json":{"title":"AMONYUM S\u00dcLFAT - Akerkimya","robots":{"index":"index","follow":"follow","max-snippet":"max-snippet:-1","max-image-preview":"max-image-preview:large","max-video-preview":"max-video-preview:-1"},"canonical":"https:\/\/akerkimya.com\/eticaret\/urun\/amonyum-sulfat\/","og_locale":"tr_TR","og_type":"article","og_title":"AMONYUM S\u00dcLFAT","og_description":"AMONYUM S\u00dcLFAT Amonyum s\u00fclfat, (NH4)SO4 form\u00fcl\u00fcne sahip kristalize toz halde beyaz renkli olarak bulunan inorganik bir tuzdur. Toz \u015fekere benzedi\u011finden","og_url":"https:\/\/akerkimya.com\/eticaret\/urun\/amonyum-sulfat\/","og_site_name":"Akerkimya","article_modified_time":"2026-03-29T23:23:52+00:00","og_image":[{"width":1000,"height":1000,"url":"https:\/\/akerkimya.com\/eticaret\/wp-content\/uploads\/2025\/01\/AMONYUM-SULFAT-GUNCEL-.png","type":"image\/png"}],"twitter_card":"summary_large_image","twitter_misc":{"Tahmini okuma s\u00fcresi":"2 dakika"},"schema":{"@context":"https:\/\/schema.org","@graph":[{"@type":"WebPage","@id":"https:\/\/akerkimya.com\/eticaret\/urun\/amonyum-sulfat\/","url":"https:\/\/akerkimya.com\/eticaret\/urun\/amonyum-sulfat\/","name":"AMONYUM S\u00dcLFAT - Akerkimya","isPartOf":{"@id":"https:\/\/akerkimya.com\/eticaret\/#website"},"datePublished":"2024-12-31T22:10:33+00:00","dateModified":"2026-03-29T23:23:52+00:00","breadcrumb":{"@id":"https:\/\/akerkimya.com\/eticaret\/urun\/amonyum-sulfat\/#breadcrumb"},"inLanguage":"tr","potentialAction":[{"@type":"ReadAction","target":["https:\/\/akerkimya.com\/eticaret\/urun\/amonyum-sulfat\/"]}]},{"@type":"BreadcrumbList","@id":"https:\/\/akerkimya.com\/eticaret\/urun\/amonyum-sulfat\/#breadcrumb","itemListElement":[{"@type":"ListItem","position":1,"name":"Home","item":"https:\/\/akerkimya.com\/eticaret\/"},{"@type":"ListItem","position":2,"name":"Market","item":"https:\/\/akerkimya.com\/eticaret\/market\/"},{"@type":"ListItem","position":3,"name":"AMONYUM S\u00dcLFAT"}]},{"@type":"WebSite","@id":"https:\/\/akerkimya.com\/eticaret\/#website","url":"https:\/\/akerkimya.com\/eticaret\/","name":"Akerkimya","description":"","potentialAction":[{"@type":"SearchAction","target":{"@type":"EntryPoint","urlTemplate":"https:\/\/akerkimya.com\/eticaret\/?s={search_term_string}"},"query-input":"required name=search_term_string"}],"inLanguage":"tr"}]}},"_links":{"self":[{"href":"https:\/\/akerkimya.com\/eticaret\/wp-json\/wp\/v2\/product\/16501","targetHints":{"allow":["GET"]}}],"collection":[{"href":"https:\/\/akerkimya.com\/eticaret\/wp-json\/wp\/v2\/product"}],"about":[{"href":"https:\/\/akerkimya.com\/eticaret\/wp-json\/wp\/v2\/types\/product"}],"replies":[{"embeddable":true,"href":"https:\/\/akerkimya.com\/eticaret\/wp-json\/wp\/v2\/comments?post=16501"}],"version-history":[{"count":2,"href":"https:\/\/akerkimya.com\/eticaret\/wp-json\/wp\/v2\/product\/16501\/revisions"}],"predecessor-version":[{"id":16663,"href":"https:\/\/akerkimya.com\/eticaret\/wp-json\/wp\/v2\/product\/16501\/revisions\/16663"}],"wp:featuredmedia":[{"embeddable":true,"href":"https:\/\/akerkimya.com\/eticaret\/wp-json\/wp\/v2\/media\/16506"}],"wp:attachment":[{"href":"https:\/\/akerkimya.com\/eticaret\/wp-json\/wp\/v2\/media?parent=16501"}],"wp:term":[{"taxonomy":"product_cat","embeddable":true,"href":"https:\/\/akerkimya.com\/eticaret\/wp-json\/wp\/v2\/product_cat?post=16501"},{"taxonomy":"product_tag","embeddable":true,"href":"https:\/\/akerkimya.com\/eticaret\/wp-json\/wp\/v2\/product_tag?post=16501"}],"curies":[{"name":"wp","href":"https:\/\/api.w.org\/{rel}","templated":true}]}}