{"id":16517,"date":"2025-01-01T01:20:05","date_gmt":"2024-12-31T22:20:05","guid":{"rendered":"https:\/\/akerkimya.com\/eticaret\/?post_type=product&#038;p=16517"},"modified":"2026-03-30T02:23:52","modified_gmt":"2026-03-29T23:23:52","slug":"bakir-sulfat-goztasi","status":"publish","type":"product","link":"https:\/\/akerkimya.com\/eticaret\/urun\/bakir-sulfat-goztasi\/","title":{"rendered":"BAKIR S\u00dcLFAT (G\u00d6ZTA\u015eI)"},"content":{"rendered":"<h1>BAKIR S\u00dcLFAT (G\u00d6ZTA\u015eI)<\/h1>\n<p><strong>Bak\u0131r s\u00fclfat, CuSO4 form\u00fcl\u00fcne sahip g\u00f6zta\u015f\u0131 olarak da bilinen mavi ve kokusuz inorganik bir bile\u015fiktir. bak\u0131r s\u00fclfat, bak\u0131r metali s\u0131cak konsantre s\u00fclf\u00fcrik asit veya seyreltik s\u00fclf\u00fcrik asit ile oksitleriyle muamele etmek suretiyle end\u00fcstriyel olarak \u00fcretilir.<\/strong><\/p>\n<p><strong>BAKIR S\u00dcLFAT \u00d6ZELL\u0130KLER\u0130<\/strong><\/p>\n<p><strong>Bak\u0131r s\u00fclfat\u0131n hidrasyon derecesine ba\u011fl\u0131 olarak farkl\u0131 bile\u015fikleri mevcuttur. Susuz formu soluk ye\u015fil ya da grimsi beyaz bir tozdur. Pentahidrat formu, parlak mavi rengindedir.<\/strong><\/p>\n<p><strong>Oktahedral molek\u00fcler geometriye ve paramanyetik \u00f6zelli\u011fe sahiptir.<\/strong><\/p>\n<p><strong>\u00a0<\/strong><\/p>\n<p><strong>TEKN\u0130K \u00d6ZELL\u0130KLER\u0130<\/strong><\/p>\n<p><strong>CAS NUMARASI: 7758-98-7<\/strong><\/p>\n<p><strong>EC NUMARASI: 231-847-6<\/strong><\/p>\n<p><strong>MOLEK\u00dcLER FORM\u00dcL: CuSO4<\/strong><\/p>\n<p><strong>K\u0130MYASAL ADI: Bak\u0131r S\u00fclfat, G\u00f6zta\u015f\u0131, K\u00fcprik S\u00fclfat, Mavi Vitriyol, Bonattit<\/strong><\/p>\n<p><strong>MOLAR K\u00dcTLE: 159.62 g\/mol (susuz), 249.70 g\/mol(pentahidrat)<\/strong><\/p>\n<p><strong>ER\u0130ME NOKTASI: 110 \u00b0C<\/strong><\/p>\n<p><strong>YO\u011eUNLUK: 3.603 g\/cm\u00b3 (susuz), 2.284 g\/cm\u00b3 (pentahidrat)<\/strong><\/p>\n<p><strong>\u00c7\u00d6Z\u00dcN\u00dcRL\u00dcK (SU \u0130\u00c7\u0130NDE): Pentahidrat, 316 g\/l (0 \u00b0C)<\/strong><\/p>\n<p><strong>\u00a0\u00a0\u00a0\u00a0\u00a0\u00a0\u00a0\u00a0\u00a0\u00a0\u00a0\u00a0\u00a0\u00a0\u00a0\u00a0\u00a0\u00a0\u00a0\u00a0\u00a0\u00a0\u00a0\u00a0\u00a0\u00a0\u00a0\u00a0\u00a0\u00a0\u00a0\u00a0\u00a0\u00a0\u00a0\u00a0\u00a0\u00a0 \u00a0\u00a0\u00a0\u00a0\u00a0\u00a0\u00a0\u00a0\u00a0\u00a0\u00a0\u00a0\u00a0\u00a0\u00a0\u00a0\u00a0\u00a0\u00a0\u00a0\u00a0\u00a0\u00a0\u00a0\u00a0\u00a0\u00a0\u00a0\u00a0\u00a02033 g\/L (100 \u00b0)<\/strong><\/p>\n<p><strong>\u00a0\u00a0\u00a0\u00a0\u00a0\u00a0\u00a0\u00a0\u00a0\u00a0\u00a0\u00a0\u00a0\u00a0\u00a0\u00a0\u00a0\u00a0\u00a0\u00a0\u00a0\u00a0\u00a0\u00a0\u00a0\u00a0\u00a0\u00a0\u00a0\u00a0\u00a0\u00a0\u00a0\u00a0\u00a0\u00a0\u00a0\u00a0\u00a0\u00a0\u00a0\u00a0\u00a0\u00a0\u00a0\u00a0\u00a0\u00a0 \u00a0\u00a0\u00a0\u00a0\u00a0\u00a0\u00a0\u00a0Susuz: 243 g\/L (0 \u00b0C)<\/strong><\/p>\n<p><strong>\u00a0\u00a0\u00a0\u00a0\u00a0\u00a0\u00a0\u00a0\u00a0\u00a0\u00a0\u00a0\u00a0\u00a0\u00a0\u00a0\u00a0\u00a0\u00a0\u00a0\u00a0\u00a0\u00a0\u00a0\u00a0\u00a0\u00a0\u00a0\u00a0\u00a0\u00a0\u00a0\u00a0\u00a0\u00a0\u00a0\u00a0\u00a0\u00a0\u00a0\u00a0\u00a0\u00a0\u00a0\u00a0\u00a0\u00a0\u00a0\u00a0\u00a0\u00a0\u00a0\u00a0\u00a0\u00a0\u00a0\u00a0\u00a0\u00a0\u00a0 \u00a0\u00a0\u00a0\u00a0\u00a0\u00a0\u00a0\u00a0320 g\/L (20 \u00b0C)<\/strong><\/p>\n<p><strong>\u00a0\u00a0\u00a0\u00a0\u00a0\u00a0\u00a0\u00a0\u00a0\u00a0\u00a0 \u00a0\u00a0\u00a0\u00a0\u00a0\u00a0\u00a0\u00a0\u00a0\u00a0\u00a0\u00a0\u00a0\u00a0\u00a0\u00a0\u00a0\u00a0\u00a0\u00a0\u00a0\u00a0\u00a0\u00a0\u00a0\u00a0\u00a0\u00a0\u00a0\u00a0\u00a0\u00a0\u00a0\u00a0\u00a0\u00a0\u00a0\u00a0\u00a0\u00a0\u00a0\u00a0\u00a0\u00a0\u00a0\u00a0\u00a0\u00a0\u00a0\u00a0\u00a0\u00a0\u00a0\u00a0\u00a0\u00a0\u00a0618 g\/L (60 \u00b0C)<\/strong><\/p>\n<p><strong>\u00a0\u00a0\u00a0\u00a0\u00a0\u00a0\u00a0\u00a0\u00a0\u00a0\u00a0\u00a0\u00a0\u00a0\u00a0\u00a0\u00a0\u00a0\u00a0\u00a0\u00a0\u00a0\u00a0\u00a0\u00a0\u00a0\u00a0\u00a0 \u00a0\u00a0\u00a0\u00a0\u00a0\u00a0\u00a0\u00a0\u00a0\u00a0\u00a0\u00a0\u00a0\u00a0\u00a0\u00a0\u00a0\u00a0\u00a0\u00a0\u00a0\u00a0\u00a0\u00a0\u00a0\u00a0\u00a0\u00a0\u00a0\u00a0\u00a0\u00a0\u00a0\u00a0\u00a0\u00a0\u00a0\u00a0\u00a01140 g\/L (100 \u00b0C)<\/strong><\/p>\n<p><strong>\u00a0<\/strong><\/p>\n<p><strong>KULLANIM ALANLARI<\/strong><\/p>\n<p><strong>Toprak ve hayvanlardaki bak\u0131r eksikliklerini d\u00fczeltmek i\u00e7in kullan\u0131l\u0131r bu da \u00e7iftlik hayvanlar\u0131n\u0131n b\u00fcy\u00fcmesini sa\u011flar.<\/strong><\/p>\n<p><strong>Kalsiyum hidroksit ile kar\u0131\u015ft\u0131r\u0131ld\u0131\u011f\u0131nda Bordo Bulamac\u0131, sodyum karbonat ile kar\u0131\u015ft\u0131r\u0131ld\u0131\u011f\u0131nda da Burgonya Bulamac\u0131 ismi verilen ve en \u00e7ok da ba\u011flarda bulunan meyve a\u011fa\u00e7lar\u0131ndaki mantar hastal\u0131klar\u0131n\u0131 tedavi etmek amac\u0131yla kullan\u0131lan zirai ila\u00e7larda kullan\u0131l\u0131r.<\/strong><\/p>\n<p><strong>Bak\u0131r s\u00fclfat, \u00e7imentoya, metallere ve serami\u011fe renk katar.<\/strong><\/p>\n<p><strong>Bask\u0131 m\u00fcrekkebi ve sa\u00e7 boyas\u0131nda kullan\u0131l\u0131r.<\/strong><\/p>\n<p><strong>Bak\u0131r s\u00fclfat, havai fi\u015fek \u00fcretiminde mavi renkli bir madde olarak kullan\u0131l\u0131r.<\/strong><\/p>\n<p><strong>Bak\u0131r plaklar\u0131 da\u011flamak i\u00e7in kullan\u0131l\u0131r. Ayr\u0131ca, m\u00fccevherler i\u00e7in tasar\u0131mlar\u0131 bak\u0131ra kaz\u0131mak i\u00e7inde kullan\u0131l\u0131r.<\/strong><\/p>\n<p><strong>Bask\u0131da b\u00f6cek \u0131s\u0131r\u0131klar\u0131ndan k\u00e2\u011f\u0131d\u0131 korumak i\u00e7in kitap ba\u011flay\u0131c\u0131 macunlar ve tutkallar i\u00e7in bir katk\u0131 maddesi olarak kullan\u0131l\u0131r.<\/strong><\/p>\n<p><strong>Binada suya diren\u00e7li ve dezenfekte \u00f6zellikli beton katk\u0131 maddesi olarak kullan\u0131l\u0131r.<\/strong><\/p>\n<p><strong>Yapay ipek \u00fcretimi i\u00e7in kullan\u0131l\u0131r.<\/strong><\/p>\n<p><strong>Sanat eserlerinde, \u00f6zellikle de g\u00f6zl\u00fck ve \u00e7\u00f6mleklerde bir renklendirme bile\u015feni olarak kullan\u0131l\u0131r.<\/strong><\/p>\n<p><strong>T\u0131p alan\u0131nda kandaki anemi varl\u0131\u011f\u0131n\u0131 test etmek i\u00e7in kullan\u0131l\u0131r.<\/strong><\/p>\n<p><strong>\u0130stila edici sucul bitkiler ve su borular\u0131n\u0131n \u00e7evresindeki bitki k\u00f6klerine kar\u015f\u0131 bir herbisit olarak kullan\u0131l\u0131r.<\/strong><\/p>\n<p><strong>Organik sentezde s\u0131n\u0131rl\u0131 d\u00fczeyde kullan\u0131lmaktad\u0131r.<\/strong><\/p>\n<p><strong>Sulu bir bak\u0131r s\u00fclfat \u00e7\u00f6zeltisi, s\u0131v\u0131 diren\u00e7lerde diren\u00e7 eleman\u0131 olarak kullan\u0131l\u0131r.<\/strong><\/p>\n<p><strong>Siyan\u00fcrle bast\u0131r\u0131lm\u0131\u015f sifalerit, pirit, piriotit ve di\u011fer s\u00fclfitlerin tekrar aktive edilmesinde kullan\u0131l\u0131r.<\/strong><\/p>\n<p><strong>Baz\u0131 silikat minerallerin flotasyonunda bast\u0131r\u0131c\u0131 olarak kullan\u0131l\u0131r.<\/strong><\/p>\n<p><strong>Seyreltik bak\u0131r s\u00fclfat \u00e7\u00f6zeltisi akvaryum bal\u0131klar\u0131n\u0131n i\u00e7indeki parazit enfeksiyonlar\u0131n tedavisinde ve ayr\u0131ca akvaryumlardaki salyangozlar\u0131 \u00f6ld\u00fcrmek i\u00e7in kullan\u0131l\u0131r.<\/strong><\/p>\n<p><strong>Y\u00fczme havuzlar\u0131nda yosun \u00f6nleyici olarak kullan\u0131l\u0131r.<\/strong><\/p>\n<p><strong>Bitkisel boyamada renk sabitleyici olarak kullan\u0131l\u0131r.<\/strong><\/p>\n<p><strong>\u00a0<\/strong><\/p>\n<p><strong>AMBALAJ<\/strong><\/p>\n<p><strong>1-5-25 kg Kraft torbalarda.<\/strong><\/p>\n<p><strong>\u00a0<\/strong><\/p>\n<p><strong>DEPOLAMA<\/strong><\/p>\n<p><strong>\u00dcr\u00fcn kullan\u0131ld\u0131ktan sonra a\u011fz\u0131 a\u00e7\u0131k b\u0131rak\u0131lmamal\u0131 ve s\u0131k\u0131ca kapat\u0131lmal\u0131d\u0131r. Serin, kuru ve havaland\u0131r\u0131lm\u0131\u015f bir alanda muhafaza edilmelidir.<\/strong><\/p>\n","protected":false},"excerpt":{"rendered":"<p>BAKIR S\u00dcLFAT (G\u00d6ZTA\u015eI) Bak\u0131r s\u00fclfat, CuSO4 form\u00fcl\u00fcne sahip g\u00f6zta\u015f\u0131 olarak da bilinen mavi ve kokusuz inorganik bir bile\u015fiktir. bak\u0131r s\u00fclfat,<\/p>\n","protected":false},"featured_media":16519,"comment_status":"open","ping_status":"closed","template":"","meta":{"_joinchat":[]},"product_cat":[73,78,79,81],"product_tag":[],"class_list":{"0":"post-16517","1":"product","2":"type-product","3":"status-publish","4":"has-post-thumbnail","6":"product_cat-deri-ve-tekstil-kimyasallari","7":"product_cat-metal-dokum-kaplama","8":"product_cat-tarim-kimyasallari","9":"product_cat-yem-katki-kimyasallari","11":"first","12":"instock","13":"shipping-taxable","14":"purchasable","15":"product-type-variable"},"yoast_head":"<!-- This site is optimized with the Yoast SEO Premium plugin v20.2.1 (Yoast SEO v20.2.1) - https:\/\/yoast.com\/wordpress\/plugins\/seo\/ -->\n<title>BAKIR S\u00dcLFAT (G\u00d6ZTA\u015eI) - Akerkimya<\/title>\n<meta name=\"robots\" content=\"index, follow, max-snippet:-1, max-image-preview:large, max-video-preview:-1\" \/>\n<link rel=\"canonical\" href=\"https:\/\/akerkimya.com\/eticaret\/urun\/bakir-sulfat-goztasi\/\" \/>\n<meta property=\"og:locale\" content=\"tr_TR\" \/>\n<meta property=\"og:type\" content=\"article\" \/>\n<meta property=\"og:title\" content=\"BAKIR S\u00dcLFAT (G\u00d6ZTA\u015eI)\" \/>\n<meta property=\"og:description\" content=\"BAKIR S\u00dcLFAT (G\u00d6ZTA\u015eI) Bak\u0131r s\u00fclfat, CuSO4 form\u00fcl\u00fcne sahip g\u00f6zta\u015f\u0131 olarak da bilinen mavi ve kokusuz inorganik bir bile\u015fiktir. bak\u0131r s\u00fclfat,\" \/>\n<meta property=\"og:url\" content=\"https:\/\/akerkimya.com\/eticaret\/urun\/bakir-sulfat-goztasi\/\" \/>\n<meta property=\"og:site_name\" content=\"Akerkimya\" \/>\n<meta property=\"article:modified_time\" content=\"2026-03-29T23:23:52+00:00\" \/>\n<meta property=\"og:image\" content=\"https:\/\/akerkimya.com\/eticaret\/wp-content\/uploads\/2025\/01\/BAKIR-SULFAT-GUNCEL-.png\" \/>\n\t<meta property=\"og:image:width\" content=\"1000\" \/>\n\t<meta property=\"og:image:height\" content=\"1000\" \/>\n\t<meta property=\"og:image:type\" content=\"image\/png\" \/>\n<meta name=\"twitter:card\" content=\"summary_large_image\" \/>\n<meta name=\"twitter:label1\" content=\"Tahmini okuma s\u00fcresi\" \/>\n\t<meta name=\"twitter:data1\" content=\"3 dakika\" \/>\n<script type=\"application\/ld+json\" class=\"yoast-schema-graph\">{\"@context\":\"https:\/\/schema.org\",\"@graph\":[{\"@type\":\"WebPage\",\"@id\":\"https:\/\/akerkimya.com\/eticaret\/urun\/bakir-sulfat-goztasi\/\",\"url\":\"https:\/\/akerkimya.com\/eticaret\/urun\/bakir-sulfat-goztasi\/\",\"name\":\"BAKIR S\u00dcLFAT (G\u00d6ZTA\u015eI) - Akerkimya\",\"isPartOf\":{\"@id\":\"https:\/\/akerkimya.com\/eticaret\/#website\"},\"datePublished\":\"2024-12-31T22:20:05+00:00\",\"dateModified\":\"2026-03-29T23:23:52+00:00\",\"breadcrumb\":{\"@id\":\"https:\/\/akerkimya.com\/eticaret\/urun\/bakir-sulfat-goztasi\/#breadcrumb\"},\"inLanguage\":\"tr\",\"potentialAction\":[{\"@type\":\"ReadAction\",\"target\":[\"https:\/\/akerkimya.com\/eticaret\/urun\/bakir-sulfat-goztasi\/\"]}]},{\"@type\":\"BreadcrumbList\",\"@id\":\"https:\/\/akerkimya.com\/eticaret\/urun\/bakir-sulfat-goztasi\/#breadcrumb\",\"itemListElement\":[{\"@type\":\"ListItem\",\"position\":1,\"name\":\"Home\",\"item\":\"https:\/\/akerkimya.com\/eticaret\/\"},{\"@type\":\"ListItem\",\"position\":2,\"name\":\"Market\",\"item\":\"https:\/\/akerkimya.com\/eticaret\/market\/\"},{\"@type\":\"ListItem\",\"position\":3,\"name\":\"BAKIR S\u00dcLFAT (G\u00d6ZTA\u015eI)\"}]},{\"@type\":\"WebSite\",\"@id\":\"https:\/\/akerkimya.com\/eticaret\/#website\",\"url\":\"https:\/\/akerkimya.com\/eticaret\/\",\"name\":\"Akerkimya\",\"description\":\"\",\"potentialAction\":[{\"@type\":\"SearchAction\",\"target\":{\"@type\":\"EntryPoint\",\"urlTemplate\":\"https:\/\/akerkimya.com\/eticaret\/?s={search_term_string}\"},\"query-input\":\"required name=search_term_string\"}],\"inLanguage\":\"tr\"}]}<\/script>\n<!-- \/ Yoast SEO Premium plugin. -->","yoast_head_json":{"title":"BAKIR S\u00dcLFAT (G\u00d6ZTA\u015eI) - Akerkimya","robots":{"index":"index","follow":"follow","max-snippet":"max-snippet:-1","max-image-preview":"max-image-preview:large","max-video-preview":"max-video-preview:-1"},"canonical":"https:\/\/akerkimya.com\/eticaret\/urun\/bakir-sulfat-goztasi\/","og_locale":"tr_TR","og_type":"article","og_title":"BAKIR S\u00dcLFAT (G\u00d6ZTA\u015eI)","og_description":"BAKIR S\u00dcLFAT (G\u00d6ZTA\u015eI) Bak\u0131r s\u00fclfat, CuSO4 form\u00fcl\u00fcne sahip g\u00f6zta\u015f\u0131 olarak da bilinen mavi ve kokusuz inorganik bir bile\u015fiktir. bak\u0131r s\u00fclfat,","og_url":"https:\/\/akerkimya.com\/eticaret\/urun\/bakir-sulfat-goztasi\/","og_site_name":"Akerkimya","article_modified_time":"2026-03-29T23:23:52+00:00","og_image":[{"width":1000,"height":1000,"url":"https:\/\/akerkimya.com\/eticaret\/wp-content\/uploads\/2025\/01\/BAKIR-SULFAT-GUNCEL-.png","type":"image\/png"}],"twitter_card":"summary_large_image","twitter_misc":{"Tahmini okuma s\u00fcresi":"3 dakika"},"schema":{"@context":"https:\/\/schema.org","@graph":[{"@type":"WebPage","@id":"https:\/\/akerkimya.com\/eticaret\/urun\/bakir-sulfat-goztasi\/","url":"https:\/\/akerkimya.com\/eticaret\/urun\/bakir-sulfat-goztasi\/","name":"BAKIR S\u00dcLFAT (G\u00d6ZTA\u015eI) - Akerkimya","isPartOf":{"@id":"https:\/\/akerkimya.com\/eticaret\/#website"},"datePublished":"2024-12-31T22:20:05+00:00","dateModified":"2026-03-29T23:23:52+00:00","breadcrumb":{"@id":"https:\/\/akerkimya.com\/eticaret\/urun\/bakir-sulfat-goztasi\/#breadcrumb"},"inLanguage":"tr","potentialAction":[{"@type":"ReadAction","target":["https:\/\/akerkimya.com\/eticaret\/urun\/bakir-sulfat-goztasi\/"]}]},{"@type":"BreadcrumbList","@id":"https:\/\/akerkimya.com\/eticaret\/urun\/bakir-sulfat-goztasi\/#breadcrumb","itemListElement":[{"@type":"ListItem","position":1,"name":"Home","item":"https:\/\/akerkimya.com\/eticaret\/"},{"@type":"ListItem","position":2,"name":"Market","item":"https:\/\/akerkimya.com\/eticaret\/market\/"},{"@type":"ListItem","position":3,"name":"BAKIR S\u00dcLFAT (G\u00d6ZTA\u015eI)"}]},{"@type":"WebSite","@id":"https:\/\/akerkimya.com\/eticaret\/#website","url":"https:\/\/akerkimya.com\/eticaret\/","name":"Akerkimya","description":"","potentialAction":[{"@type":"SearchAction","target":{"@type":"EntryPoint","urlTemplate":"https:\/\/akerkimya.com\/eticaret\/?s={search_term_string}"},"query-input":"required name=search_term_string"}],"inLanguage":"tr"}]}},"_links":{"self":[{"href":"https:\/\/akerkimya.com\/eticaret\/wp-json\/wp\/v2\/product\/16517","targetHints":{"allow":["GET"]}}],"collection":[{"href":"https:\/\/akerkimya.com\/eticaret\/wp-json\/wp\/v2\/product"}],"about":[{"href":"https:\/\/akerkimya.com\/eticaret\/wp-json\/wp\/v2\/types\/product"}],"replies":[{"embeddable":true,"href":"https:\/\/akerkimya.com\/eticaret\/wp-json\/wp\/v2\/comments?post=16517"}],"version-history":[{"count":3,"href":"https:\/\/akerkimya.com\/eticaret\/wp-json\/wp\/v2\/product\/16517\/revisions"}],"predecessor-version":[{"id":16661,"href":"https:\/\/akerkimya.com\/eticaret\/wp-json\/wp\/v2\/product\/16517\/revisions\/16661"}],"wp:featuredmedia":[{"embeddable":true,"href":"https:\/\/akerkimya.com\/eticaret\/wp-json\/wp\/v2\/media\/16519"}],"wp:attachment":[{"href":"https:\/\/akerkimya.com\/eticaret\/wp-json\/wp\/v2\/media?parent=16517"}],"wp:term":[{"taxonomy":"product_cat","embeddable":true,"href":"https:\/\/akerkimya.com\/eticaret\/wp-json\/wp\/v2\/product_cat?post=16517"},{"taxonomy":"product_tag","embeddable":true,"href":"https:\/\/akerkimya.com\/eticaret\/wp-json\/wp\/v2\/product_tag?post=16517"}],"curies":[{"name":"wp","href":"https:\/\/api.w.org\/{rel}","templated":true}]}}