{"id":16525,"date":"2025-01-01T01:25:23","date_gmt":"2024-12-31T22:25:23","guid":{"rendered":"https:\/\/akerkimya.com\/eticaret\/?post_type=product&#038;p=16525"},"modified":"2026-03-30T02:23:52","modified_gmt":"2026-03-29T23:23:52","slug":"benzil-alkol","status":"publish","type":"product","link":"https:\/\/akerkimya.com\/eticaret\/urun\/benzil-alkol\/","title":{"rendered":"BENZ\u0130L ALKOL"},"content":{"rendered":"<h1>BENZ\u0130L ALKOL<\/h1>\n<p><strong>Benzil alkol, C4H5CH2OH form\u00fcl\u00fcne sahip Fenilmetanol, benzenmetanol olarak da bilinen aromatik bir alkold\u00fcr. Baz\u0131 meyvelerde (kay\u0131s\u0131, k\u0131z\u0131lc\u0131k, tar\u00e7\u0131n, badem, elma, frenk \u00fcz\u00fcm\u00fc) ve \u00e7aylarda do\u011fal olarak bulunur. End\u00fcstriyel olarak benzil klor\u00fcr\u00fcn hidrolizi \u00fcretilir. Zehir oran\u0131 \u00e7ok d\u00fc\u015f\u00fck oldu\u011fundan kozmetik sekt\u00f6r\u00fcnde \u00e7ok tercih edilir.<\/strong><\/p>\n<p><strong>F\u0130Z\u0130KSEL \u00d6ZELL\u0130KLER<\/strong><\/p>\n<p><strong>\u015eeffaf, renksiz bir s\u0131v\u0131 forma sahiptir.<\/strong><\/p>\n<p><strong>Benzil alkol yava\u015f yava\u015f oksitlenir ve bir k\u0131sm\u0131 benzaldehit ve benzil eter \u00fcretir.<\/strong><\/p>\n<p><strong>Yap\u0131\u015fkan \u00f6zelli\u011fe sahiptir.<\/strong><\/p>\n<p><strong>Etil alkol ve kloroform ile kar\u0131\u015fabilir.<\/strong><\/p>\n<p><strong>Ticari hali genellikle badem kokusuna sahiptir.<\/strong><\/p>\n<p><strong>Karars\u0131z bir kimyasald\u0131r. Uzun s\u00fcre depolanmaz.<\/strong><\/p>\n<p><strong>Yan\u0131c\u0131 \u00f6zelli\u011fe sahiptir.<\/strong><\/p>\n<p><strong>\u00a0<\/strong><\/p>\n<p><strong>TEKN\u0130K \u00d6ZELL\u0130KLER\u0130<\/strong><\/p>\n<p><strong>CAS NUMRASI: 100-51-6<\/strong><\/p>\n<p><strong>MOLEK\u00dcLER FORM\u00dcL\u00dc: C7H8O<\/strong><\/p>\n<p><strong>K\u0130MYASAL \u0130SM\u0130: Benzil alkol, Fenil metanol, Fenil carbinol<\/strong><\/p>\n<p><strong>MOLEK\u00dcLER A\u011eIRLIK: 108.13<\/strong><\/p>\n<p><strong>YO\u011eUNLUK: 1,04<\/strong><\/p>\n<p><strong>KAYNAMA NOKTASI: 205.7<\/strong><\/p>\n<p><strong>ER\u0130ME NOKTASI: -15.3<\/strong><\/p>\n<p><strong>DOYMU\u015e BUHAR BASINCI(kPa): 0.13<\/strong><\/p>\n<p><strong>PARLAMA NOKTASI: 100<\/strong><\/p>\n<p><strong>KAYNAMA NOKTASI:205 C<\/strong><\/p>\n<p><strong>KIRILMA \u0130NDEKS\u0130:1.5396<\/strong><\/p>\n<p><strong>\u00c7\u00d6Z\u00dcN\u00dcRL\u00dcK(suda) :4 gr\/100 ml<\/strong><\/p>\n<p><strong>\u00a0<\/strong><\/p>\n<p><strong>KULLANIM ALANLARI<\/strong><\/p>\n<p><strong>Benzil alkol, farmasotikte anti-mikrobiyal kimyasal olarak kullan\u0131l\u0131r. Parf\u00fcmde ve elektronik sigarada tatland\u0131r\u0131c\u0131 ve aroma verici ajan olarak kullan\u0131l\u0131r.<\/strong><\/p>\n<p><strong>Benzil alkol, benzil esterleri veya eterleri haz\u0131rlamak i\u00e7in ara \u00fcr\u00fcn olarak kullan\u0131l\u0131r.<\/strong><\/p>\n<p><strong>Ultrason jeli imalat\u0131nda yard\u0131mc\u0131 madde olarak kullan\u0131l\u0131r.<\/strong><\/p>\n<p><strong>Di\u015f macunu \u00fcretiminde kullan\u0131l\u0131r.<\/strong><\/p>\n<p><strong>Tekstil end\u00fcstrisinde y\u00fcn, poliamid ve polyesterlerin boyanmas\u0131nda yard\u0131mc\u0131 ajan ve elyaf kurutucusu olarak kullan\u0131l\u0131r.<\/strong><\/p>\n<p><strong>Foto\u011fraf sekt\u00f6r\u00fcnde kullan\u0131l\u0131r.<\/strong><\/p>\n<p><strong>Cilt mantarlar\u0131 tedavisinde kullan\u0131lan Butenafin Hidroklor\u00fcr ile birlikte yard\u0131mc\u0131 madde olarak kullan\u0131l\u0131r.<\/strong><\/p>\n<p><strong>Eczanede enjekte edilebilir m\u00fchtahzarlar i\u00e7in \u00e7\u00f6z\u00fcc\u00fc kimyasal olarak kullan\u0131l\u0131r.<\/strong><\/p>\n<p><strong>Pi\u015fik kremi \u00fcretiminde \u00e7\u00f6z\u00fcc\u00fc olarak kullan\u0131l\u0131r.<\/strong><\/p>\n<p><strong>Nanoteknoloji de nanotellerin dielektroforetik yeniden yap\u0131land\u0131r\u0131lmas\u0131 i\u00e7in dielektrik \u00e7\u00f6z\u00fcc\u00fc olarak kullan\u0131l\u0131r.<\/strong><\/p>\n<p><strong>Benzil alkol, jelatin, kazein ve sel\u00fcloz asetat i\u00e7in \u00e7\u00f6z\u00fcc\u00fc madde olarak kullan\u0131l\u0131r.<\/strong><\/p>\n<p><strong>Benzil alkol, %5 benzil alkol ile losyon \u015fampuan\u0131nda aktif bile\u015fen olarak sa\u00e7 bitinin tedavisinde etkili bir \u015fekilde kullan\u0131l\u0131r.<\/strong><\/p>\n<p><strong>\u0130la\u00e7 \u00fcretiminde bakteriostatik ve lokal anestezik olarak kullan\u0131l\u0131r.<\/strong><\/p>\n<p><strong>G\u0131da katk\u0131 maddesi olarak kullan\u0131l\u0131r.<\/strong><\/p>\n<p><strong>Temizlik malzeme \u00fcretiminde y\u00fczey aktif maddenin \u00e7\u00f6z\u00fcc\u00fcs\u00fc olarak kullan\u0131l\u0131r.<\/strong><\/p>\n<p><strong>M\u00fcrekkep, boya, cila ve epoksi re\u00e7ine kaplamalar\u0131 i\u00e7in \u00e7\u00f6z\u00fcc\u00fc madde olarak kullan\u0131l\u0131r.<\/strong><\/p>\n<p><strong>Epoksi re\u00e7ine inceltmek i\u00e7in kullan\u0131l\u0131r.<\/strong><\/p>\n<p><strong>Ya\u011f giderme maddesi, boyama poliamidi ve ba\u011flama yard\u0131mc\u0131s\u0131 olarak kullan\u0131l\u0131r.<\/strong><\/p>\n<p><strong>Kozmetik sekt\u00f6r\u00fcnde koruyucu, \u00e7\u00fcz\u00fcc\u00fc(solvent), ak\u0131\u015fkanl\u0131k art\u0131r\u0131c\u0131, koku maskeleyici olarak kullan\u0131l\u0131r.<\/strong><\/p>\n<p><strong>Benzil alkol, b\u00f6cek kovucu ve ya\u011f temizleyici olarak kullan\u0131l\u0131r.<\/strong><\/p>\n<p><strong>Transdermal veya perk\u00fctanoz uygulamalarda yard\u0131mc\u0131 madde olarak kullan\u0131l\u0131r.<\/strong><\/p>\n<p><strong>\u00a0<\/strong><\/p>\n<p><strong>AMBALAJ<\/strong><\/p>\n<p><strong>1-5-10-30 kg bidonlar ve 210 kg variller halinde <\/strong><\/p>\n<p><strong>\u00a0<\/strong><\/p>\n<p><strong>DEPOLAMA<\/strong><\/p>\n<p><strong>Serin ve kuru bir yerde, hava ge\u00e7irmez bir kapta depolay\u0131n\u0131z.<\/strong><\/p>\n","protected":false},"excerpt":{"rendered":"<p>BENZ\u0130L ALKOL Benzil alkol, C4H5CH2OH form\u00fcl\u00fcne sahip Fenilmetanol, benzenmetanol olarak da bilinen aromatik bir alkold\u00fcr. Baz\u0131 meyvelerde (kay\u0131s\u0131, k\u0131z\u0131lc\u0131k, tar\u00e7\u0131n,<\/p>\n","protected":false},"featured_media":16526,"comment_status":"open","ping_status":"closed","template":"","meta":{"_joinchat":[]},"product_cat":[73,74,80],"product_tag":[],"class_list":{"0":"post-16525","1":"product","2":"type-product","3":"status-publish","4":"has-post-thumbnail","6":"product_cat-deri-ve-tekstil-kimyasallari","7":"product_cat-deterjan-ve-kozmetik-kimyasallari","8":"product_cat-veteriner-ve-ilac-kimyasallari","10":"first","11":"instock","12":"shipping-taxable","13":"purchasable","14":"product-type-variable"},"yoast_head":"<!-- This site is optimized with the Yoast SEO Premium plugin v20.2.1 (Yoast SEO v20.2.1) - https:\/\/yoast.com\/wordpress\/plugins\/seo\/ -->\n<title>BENZ\u0130L ALKOL - Akerkimya<\/title>\n<meta name=\"robots\" content=\"index, follow, max-snippet:-1, max-image-preview:large, max-video-preview:-1\" \/>\n<link rel=\"canonical\" href=\"https:\/\/akerkimya.com\/eticaret\/urun\/benzil-alkol\/\" \/>\n<meta property=\"og:locale\" content=\"tr_TR\" \/>\n<meta property=\"og:type\" content=\"article\" \/>\n<meta property=\"og:title\" content=\"BENZ\u0130L ALKOL\" \/>\n<meta property=\"og:description\" content=\"BENZ\u0130L ALKOL Benzil alkol, C4H5CH2OH form\u00fcl\u00fcne sahip Fenilmetanol, benzenmetanol olarak da bilinen aromatik bir alkold\u00fcr. Baz\u0131 meyvelerde (kay\u0131s\u0131, k\u0131z\u0131lc\u0131k, tar\u00e7\u0131n,\" \/>\n<meta property=\"og:url\" content=\"https:\/\/akerkimya.com\/eticaret\/urun\/benzil-alkol\/\" \/>\n<meta property=\"og:site_name\" content=\"Akerkimya\" \/>\n<meta property=\"article:modified_time\" content=\"2026-03-29T23:23:52+00:00\" \/>\n<meta property=\"og:image\" content=\"https:\/\/akerkimya.com\/eticaret\/wp-content\/uploads\/2025\/01\/BENZIL-ALKOL-GUNCEL-.png\" \/>\n\t<meta property=\"og:image:width\" content=\"1000\" \/>\n\t<meta property=\"og:image:height\" content=\"1000\" \/>\n\t<meta property=\"og:image:type\" content=\"image\/png\" \/>\n<meta name=\"twitter:card\" content=\"summary_large_image\" \/>\n<meta name=\"twitter:label1\" content=\"Tahmini okuma s\u00fcresi\" \/>\n\t<meta name=\"twitter:data1\" content=\"3 dakika\" \/>\n<script type=\"application\/ld+json\" class=\"yoast-schema-graph\">{\"@context\":\"https:\/\/schema.org\",\"@graph\":[{\"@type\":\"WebPage\",\"@id\":\"https:\/\/akerkimya.com\/eticaret\/urun\/benzil-alkol\/\",\"url\":\"https:\/\/akerkimya.com\/eticaret\/urun\/benzil-alkol\/\",\"name\":\"BENZ\u0130L ALKOL - Akerkimya\",\"isPartOf\":{\"@id\":\"https:\/\/akerkimya.com\/eticaret\/#website\"},\"datePublished\":\"2024-12-31T22:25:23+00:00\",\"dateModified\":\"2026-03-29T23:23:52+00:00\",\"breadcrumb\":{\"@id\":\"https:\/\/akerkimya.com\/eticaret\/urun\/benzil-alkol\/#breadcrumb\"},\"inLanguage\":\"tr\",\"potentialAction\":[{\"@type\":\"ReadAction\",\"target\":[\"https:\/\/akerkimya.com\/eticaret\/urun\/benzil-alkol\/\"]}]},{\"@type\":\"BreadcrumbList\",\"@id\":\"https:\/\/akerkimya.com\/eticaret\/urun\/benzil-alkol\/#breadcrumb\",\"itemListElement\":[{\"@type\":\"ListItem\",\"position\":1,\"name\":\"Home\",\"item\":\"https:\/\/akerkimya.com\/eticaret\/\"},{\"@type\":\"ListItem\",\"position\":2,\"name\":\"Market\",\"item\":\"https:\/\/akerkimya.com\/eticaret\/market\/\"},{\"@type\":\"ListItem\",\"position\":3,\"name\":\"BENZ\u0130L ALKOL\"}]},{\"@type\":\"WebSite\",\"@id\":\"https:\/\/akerkimya.com\/eticaret\/#website\",\"url\":\"https:\/\/akerkimya.com\/eticaret\/\",\"name\":\"Akerkimya\",\"description\":\"\",\"potentialAction\":[{\"@type\":\"SearchAction\",\"target\":{\"@type\":\"EntryPoint\",\"urlTemplate\":\"https:\/\/akerkimya.com\/eticaret\/?s={search_term_string}\"},\"query-input\":\"required name=search_term_string\"}],\"inLanguage\":\"tr\"}]}<\/script>\n<!-- \/ Yoast SEO Premium plugin. -->","yoast_head_json":{"title":"BENZ\u0130L ALKOL - Akerkimya","robots":{"index":"index","follow":"follow","max-snippet":"max-snippet:-1","max-image-preview":"max-image-preview:large","max-video-preview":"max-video-preview:-1"},"canonical":"https:\/\/akerkimya.com\/eticaret\/urun\/benzil-alkol\/","og_locale":"tr_TR","og_type":"article","og_title":"BENZ\u0130L ALKOL","og_description":"BENZ\u0130L ALKOL Benzil alkol, C4H5CH2OH form\u00fcl\u00fcne sahip Fenilmetanol, benzenmetanol olarak da bilinen aromatik bir alkold\u00fcr. Baz\u0131 meyvelerde (kay\u0131s\u0131, k\u0131z\u0131lc\u0131k, tar\u00e7\u0131n,","og_url":"https:\/\/akerkimya.com\/eticaret\/urun\/benzil-alkol\/","og_site_name":"Akerkimya","article_modified_time":"2026-03-29T23:23:52+00:00","og_image":[{"width":1000,"height":1000,"url":"https:\/\/akerkimya.com\/eticaret\/wp-content\/uploads\/2025\/01\/BENZIL-ALKOL-GUNCEL-.png","type":"image\/png"}],"twitter_card":"summary_large_image","twitter_misc":{"Tahmini okuma s\u00fcresi":"3 dakika"},"schema":{"@context":"https:\/\/schema.org","@graph":[{"@type":"WebPage","@id":"https:\/\/akerkimya.com\/eticaret\/urun\/benzil-alkol\/","url":"https:\/\/akerkimya.com\/eticaret\/urun\/benzil-alkol\/","name":"BENZ\u0130L ALKOL - Akerkimya","isPartOf":{"@id":"https:\/\/akerkimya.com\/eticaret\/#website"},"datePublished":"2024-12-31T22:25:23+00:00","dateModified":"2026-03-29T23:23:52+00:00","breadcrumb":{"@id":"https:\/\/akerkimya.com\/eticaret\/urun\/benzil-alkol\/#breadcrumb"},"inLanguage":"tr","potentialAction":[{"@type":"ReadAction","target":["https:\/\/akerkimya.com\/eticaret\/urun\/benzil-alkol\/"]}]},{"@type":"BreadcrumbList","@id":"https:\/\/akerkimya.com\/eticaret\/urun\/benzil-alkol\/#breadcrumb","itemListElement":[{"@type":"ListItem","position":1,"name":"Home","item":"https:\/\/akerkimya.com\/eticaret\/"},{"@type":"ListItem","position":2,"name":"Market","item":"https:\/\/akerkimya.com\/eticaret\/market\/"},{"@type":"ListItem","position":3,"name":"BENZ\u0130L ALKOL"}]},{"@type":"WebSite","@id":"https:\/\/akerkimya.com\/eticaret\/#website","url":"https:\/\/akerkimya.com\/eticaret\/","name":"Akerkimya","description":"","potentialAction":[{"@type":"SearchAction","target":{"@type":"EntryPoint","urlTemplate":"https:\/\/akerkimya.com\/eticaret\/?s={search_term_string}"},"query-input":"required name=search_term_string"}],"inLanguage":"tr"}]}},"_links":{"self":[{"href":"https:\/\/akerkimya.com\/eticaret\/wp-json\/wp\/v2\/product\/16525","targetHints":{"allow":["GET"]}}],"collection":[{"href":"https:\/\/akerkimya.com\/eticaret\/wp-json\/wp\/v2\/product"}],"about":[{"href":"https:\/\/akerkimya.com\/eticaret\/wp-json\/wp\/v2\/types\/product"}],"replies":[{"embeddable":true,"href":"https:\/\/akerkimya.com\/eticaret\/wp-json\/wp\/v2\/comments?post=16525"}],"version-history":[{"count":2,"href":"https:\/\/akerkimya.com\/eticaret\/wp-json\/wp\/v2\/product\/16525\/revisions"}],"predecessor-version":[{"id":16660,"href":"https:\/\/akerkimya.com\/eticaret\/wp-json\/wp\/v2\/product\/16525\/revisions\/16660"}],"wp:featuredmedia":[{"embeddable":true,"href":"https:\/\/akerkimya.com\/eticaret\/wp-json\/wp\/v2\/media\/16526"}],"wp:attachment":[{"href":"https:\/\/akerkimya.com\/eticaret\/wp-json\/wp\/v2\/media?parent=16525"}],"wp:term":[{"taxonomy":"product_cat","embeddable":true,"href":"https:\/\/akerkimya.com\/eticaret\/wp-json\/wp\/v2\/product_cat?post=16525"},{"taxonomy":"product_tag","embeddable":true,"href":"https:\/\/akerkimya.com\/eticaret\/wp-json\/wp\/v2\/product_tag?post=16525"}],"curies":[{"name":"wp","href":"https:\/\/api.w.org\/{rel}","templated":true}]}}