{"id":16533,"date":"2025-01-01T01:29:59","date_gmt":"2024-12-31T22:29:59","guid":{"rendered":"https:\/\/akerkimya.com\/eticaret\/?post_type=product&#038;p=16533"},"modified":"2026-03-30T02:23:52","modified_gmt":"2026-03-29T23:23:52","slug":"boncuk-kostik-sodyum-hidroksit","status":"publish","type":"product","link":"https:\/\/akerkimya.com\/eticaret\/urun\/boncuk-kostik-sodyum-hidroksit\/","title":{"rendered":"BONCUK KOST\u0130K (SODYUM H\u0130DROKS\u0130T)"},"content":{"rendered":"<h1>BONCUK KOST\u0130K (SODYUM H\u0130DROKS\u0130T)<\/h1>\n<p><strong>Boncuk kostik; Sodyum, hidrojen ve oksijen atomlar\u0131ndan olu\u015fan bir bile\u015fiktir. Form\u00fcl\u00fc NAOH tur. Kat\u0131 halde beyaz renkte, suda \u00e7\u00f6z\u00fcnerek renksiz hale gelen Sodyum Hidroksit kimyasal\u0131, su ile ekzotermik (\u0131s\u0131 veren) reaksiyon vererek rahat\u00e7a \u00e7\u00f6z\u00fcnebilen bir yap\u0131dad\u0131r.<\/strong><\/p>\n<p><strong>BONCUK KOST\u0130K (SODYUM H\u0130DROKS\u0130T) TEKN\u0130K \u00d6ZELL\u0130KLER<\/strong><\/p>\n<p><strong>K\u0130MYASAL ADI: Sodyum Hidroksit<\/strong><\/p>\n<p><strong>K\u0130MYASAL FORM\u00dcL: NaOH<\/strong><\/p>\n<p><strong>G\u00d6R\u00dcN\u00dcM: Beyaz, Berrak,kat\u0131-s\u0131v\u0131<\/strong><\/p>\n<p><strong>MOLEK\u00dcL A\u011eIRLIK: 39.9971 g\/mol<\/strong><\/p>\n<p><strong>YO\u011eUNLUK: 2.2 g\/cm3<\/strong><\/p>\n<p><strong>DONMA NOKTASI: 318 C<\/strong><\/p>\n<p><strong>KAYNAMA NOKTASI: 1.385 C<\/strong><\/p>\n<p><strong>\u00a0<\/strong><\/p>\n<p><strong>SODYUM\u00a0 H\u0130DROKS\u0130T \u00d6ZELL\u0130KLER<\/strong><\/p>\n<p><strong>Sodyum Hidroksit, Boncuk Kostik olarak da bilinmektedir.<\/strong><\/p>\n<p><strong>Yan\u0131c\u0131 dolmay\u0131p nem \u00e7ekici \u00f6zelli\u011fi vard\u0131r.<\/strong><\/p>\n<p><strong>Yap\u0131sal olarak yumu\u015fakl\u0131k ve kayganl\u0131k\u00a0 hissi verir.<\/strong><\/p>\n<p><strong>Kat\u0131 \u015fekilde boncuk g\u00f6r\u00fcn\u00fcm\u00fcndedir.<\/strong><\/p>\n<p><strong>Suda \u00e7\u00f6z\u00fcn\u00fcr.<\/strong><\/p>\n<p><strong>Y\u00fcksek alkali \u00f6zelli\u011fi oldu\u011fundan a\u015f\u0131nd\u0131r\u0131c\u0131 bir kimyasald\u0131r. El ve g\u00f6zlerden uzak tutulmal\u0131d\u0131r. Solunmamal\u0131d\u0131r.<\/strong><\/p>\n<p><strong>Su ile tepkimeye girdi\u011finde yakla\u015f\u0131k 5 dakika i\u00e7inde s\u0131cakl\u0131\u011f\u0131 50 Santigrat dereceye \u00e7\u0131kar ve yakla\u015f\u0131k 15 dakika s\u0131cak kal\u0131r.<\/strong><\/p>\n<p><strong>\u00a0<\/strong><\/p>\n<p><strong>KULLANIM ALANLARI<\/strong><\/p>\n<p><strong>G\u0131da sekt\u00f6r\u00fcnde me\u015frubat, kakao, karamel ve \u00e7ikolata imalat\u0131nda kullan\u0131l\u0131r.<\/strong><\/p>\n<p><strong>Zeytin yumu\u015fatmada kullan\u0131l\u0131r.<\/strong><\/p>\n<p><strong>Temizlik sekt\u00f6r\u00fcnde deterjan ve sabun imalat\u0131nda ph dengeleyici, \u00e7\u00f6z\u00fcc\u00fcl\u00fc\u011f\u00fcnden faydalan\u0131l\u0131r. Sabunlarda kayganl\u0131\u011f\u0131 veren hammaddedir.<\/strong><\/p>\n<p><strong>Petro kimya sekt\u00f6r\u00fcnde biyodizel yak\u0131t yap\u0131m\u0131nda kullan\u0131l\u0131r.<\/strong><\/p>\n<p><strong>K\u00e2\u011f\u0131t sekt\u00f6r\u00fcnde Sodyum S\u00fclfitle beraber en \u00f6nemli hammaddelerden birisidir.<\/strong><\/p>\n<p><strong>Suyla birle\u015fti\u011finde \u00e7\u00f6z\u00fcc\u00fc \u00f6zelli\u011finden dolay\u0131 bir\u00e7ok sekt\u00f6rde temizleyici ajan olarak kullan\u0131l\u0131r.<\/strong><\/p>\n<p><strong>Lavabo a\u00e7\u0131c\u0131\u00a0 olarak da kullan\u0131l\u0131r.<\/strong><\/p>\n<p><strong>\u00a0<\/strong><\/p>\n<p><strong>AMBALAJ <\/strong><\/p>\n<p><strong>1-5-25 kg torbalar halinde <\/strong><\/p>\n<p><strong>\u00a0<\/strong><\/p>\n<p><strong>DEPOLAMA<\/strong><\/p>\n<p><strong>G\u00fcne\u015f \u0131\u015f\u0131\u011f\u0131na temas etmeyen kuru ve serin yerlerde muhafaza ediniz.<\/strong><\/p>\n","protected":false},"excerpt":{"rendered":"<p>BONCUK KOST\u0130K (SODYUM H\u0130DROKS\u0130T) Boncuk kostik; Sodyum, hidrojen ve oksijen atomlar\u0131ndan olu\u015fan bir bile\u015fiktir. Form\u00fcl\u00fc NAOH tur. Kat\u0131 halde beyaz<\/p>\n","protected":false},"featured_media":16534,"comment_status":"open","ping_status":"closed","template":"","meta":{"_joinchat":[]},"product_cat":[73,74,78],"product_tag":[],"class_list":{"0":"post-16533","1":"product","2":"type-product","3":"status-publish","4":"has-post-thumbnail","6":"product_cat-deri-ve-tekstil-kimyasallari","7":"product_cat-deterjan-ve-kozmetik-kimyasallari","8":"product_cat-metal-dokum-kaplama","10":"first","11":"instock","12":"shipping-taxable","13":"purchasable","14":"product-type-variable"},"yoast_head":"<!-- This site is optimized with the Yoast SEO Premium plugin v20.2.1 (Yoast SEO v20.2.1) - https:\/\/yoast.com\/wordpress\/plugins\/seo\/ -->\n<title>BONCUK KOST\u0130K (SODYUM H\u0130DROKS\u0130T) - Akerkimya<\/title>\n<meta name=\"robots\" content=\"index, follow, max-snippet:-1, max-image-preview:large, max-video-preview:-1\" \/>\n<link rel=\"canonical\" href=\"https:\/\/akerkimya.com\/eticaret\/urun\/boncuk-kostik-sodyum-hidroksit\/\" \/>\n<meta property=\"og:locale\" content=\"tr_TR\" \/>\n<meta property=\"og:type\" content=\"article\" \/>\n<meta property=\"og:title\" content=\"BONCUK KOST\u0130K (SODYUM H\u0130DROKS\u0130T)\" \/>\n<meta property=\"og:description\" content=\"BONCUK KOST\u0130K (SODYUM H\u0130DROKS\u0130T) Boncuk kostik; Sodyum, hidrojen ve oksijen atomlar\u0131ndan olu\u015fan bir bile\u015fiktir. Form\u00fcl\u00fc NAOH tur. Kat\u0131 halde beyaz\" \/>\n<meta property=\"og:url\" content=\"https:\/\/akerkimya.com\/eticaret\/urun\/boncuk-kostik-sodyum-hidroksit\/\" \/>\n<meta property=\"og:site_name\" content=\"Akerkimya\" \/>\n<meta property=\"article:modified_time\" content=\"2026-03-29T23:23:52+00:00\" \/>\n<meta property=\"og:image\" content=\"https:\/\/akerkimya.com\/eticaret\/wp-content\/uploads\/2025\/01\/BONCUK-KOSTIK-SODYUM-HIDROKSIT-GUNCEL-.png\" \/>\n\t<meta property=\"og:image:width\" content=\"1000\" \/>\n\t<meta property=\"og:image:height\" content=\"1000\" \/>\n\t<meta property=\"og:image:type\" content=\"image\/png\" \/>\n<meta name=\"twitter:card\" content=\"summary_large_image\" \/>\n<meta name=\"twitter:label1\" content=\"Tahmini okuma s\u00fcresi\" \/>\n\t<meta name=\"twitter:data1\" content=\"2 dakika\" \/>\n<script type=\"application\/ld+json\" class=\"yoast-schema-graph\">{\"@context\":\"https:\/\/schema.org\",\"@graph\":[{\"@type\":\"WebPage\",\"@id\":\"https:\/\/akerkimya.com\/eticaret\/urun\/boncuk-kostik-sodyum-hidroksit\/\",\"url\":\"https:\/\/akerkimya.com\/eticaret\/urun\/boncuk-kostik-sodyum-hidroksit\/\",\"name\":\"BONCUK KOST\u0130K (SODYUM H\u0130DROKS\u0130T) - Akerkimya\",\"isPartOf\":{\"@id\":\"https:\/\/akerkimya.com\/eticaret\/#website\"},\"datePublished\":\"2024-12-31T22:29:59+00:00\",\"dateModified\":\"2026-03-29T23:23:52+00:00\",\"breadcrumb\":{\"@id\":\"https:\/\/akerkimya.com\/eticaret\/urun\/boncuk-kostik-sodyum-hidroksit\/#breadcrumb\"},\"inLanguage\":\"tr\",\"potentialAction\":[{\"@type\":\"ReadAction\",\"target\":[\"https:\/\/akerkimya.com\/eticaret\/urun\/boncuk-kostik-sodyum-hidroksit\/\"]}]},{\"@type\":\"BreadcrumbList\",\"@id\":\"https:\/\/akerkimya.com\/eticaret\/urun\/boncuk-kostik-sodyum-hidroksit\/#breadcrumb\",\"itemListElement\":[{\"@type\":\"ListItem\",\"position\":1,\"name\":\"Home\",\"item\":\"https:\/\/akerkimya.com\/eticaret\/\"},{\"@type\":\"ListItem\",\"position\":2,\"name\":\"Market\",\"item\":\"https:\/\/akerkimya.com\/eticaret\/market\/\"},{\"@type\":\"ListItem\",\"position\":3,\"name\":\"BONCUK KOST\u0130K (SODYUM H\u0130DROKS\u0130T)\"}]},{\"@type\":\"WebSite\",\"@id\":\"https:\/\/akerkimya.com\/eticaret\/#website\",\"url\":\"https:\/\/akerkimya.com\/eticaret\/\",\"name\":\"Akerkimya\",\"description\":\"\",\"potentialAction\":[{\"@type\":\"SearchAction\",\"target\":{\"@type\":\"EntryPoint\",\"urlTemplate\":\"https:\/\/akerkimya.com\/eticaret\/?s={search_term_string}\"},\"query-input\":\"required name=search_term_string\"}],\"inLanguage\":\"tr\"}]}<\/script>\n<!-- \/ Yoast SEO Premium plugin. -->","yoast_head_json":{"title":"BONCUK KOST\u0130K (SODYUM H\u0130DROKS\u0130T) - Akerkimya","robots":{"index":"index","follow":"follow","max-snippet":"max-snippet:-1","max-image-preview":"max-image-preview:large","max-video-preview":"max-video-preview:-1"},"canonical":"https:\/\/akerkimya.com\/eticaret\/urun\/boncuk-kostik-sodyum-hidroksit\/","og_locale":"tr_TR","og_type":"article","og_title":"BONCUK KOST\u0130K (SODYUM H\u0130DROKS\u0130T)","og_description":"BONCUK KOST\u0130K (SODYUM H\u0130DROKS\u0130T) Boncuk kostik; Sodyum, hidrojen ve oksijen atomlar\u0131ndan olu\u015fan bir bile\u015fiktir. Form\u00fcl\u00fc NAOH tur. Kat\u0131 halde beyaz","og_url":"https:\/\/akerkimya.com\/eticaret\/urun\/boncuk-kostik-sodyum-hidroksit\/","og_site_name":"Akerkimya","article_modified_time":"2026-03-29T23:23:52+00:00","og_image":[{"width":1000,"height":1000,"url":"https:\/\/akerkimya.com\/eticaret\/wp-content\/uploads\/2025\/01\/BONCUK-KOSTIK-SODYUM-HIDROKSIT-GUNCEL-.png","type":"image\/png"}],"twitter_card":"summary_large_image","twitter_misc":{"Tahmini okuma s\u00fcresi":"2 dakika"},"schema":{"@context":"https:\/\/schema.org","@graph":[{"@type":"WebPage","@id":"https:\/\/akerkimya.com\/eticaret\/urun\/boncuk-kostik-sodyum-hidroksit\/","url":"https:\/\/akerkimya.com\/eticaret\/urun\/boncuk-kostik-sodyum-hidroksit\/","name":"BONCUK KOST\u0130K (SODYUM H\u0130DROKS\u0130T) - Akerkimya","isPartOf":{"@id":"https:\/\/akerkimya.com\/eticaret\/#website"},"datePublished":"2024-12-31T22:29:59+00:00","dateModified":"2026-03-29T23:23:52+00:00","breadcrumb":{"@id":"https:\/\/akerkimya.com\/eticaret\/urun\/boncuk-kostik-sodyum-hidroksit\/#breadcrumb"},"inLanguage":"tr","potentialAction":[{"@type":"ReadAction","target":["https:\/\/akerkimya.com\/eticaret\/urun\/boncuk-kostik-sodyum-hidroksit\/"]}]},{"@type":"BreadcrumbList","@id":"https:\/\/akerkimya.com\/eticaret\/urun\/boncuk-kostik-sodyum-hidroksit\/#breadcrumb","itemListElement":[{"@type":"ListItem","position":1,"name":"Home","item":"https:\/\/akerkimya.com\/eticaret\/"},{"@type":"ListItem","position":2,"name":"Market","item":"https:\/\/akerkimya.com\/eticaret\/market\/"},{"@type":"ListItem","position":3,"name":"BONCUK KOST\u0130K (SODYUM H\u0130DROKS\u0130T)"}]},{"@type":"WebSite","@id":"https:\/\/akerkimya.com\/eticaret\/#website","url":"https:\/\/akerkimya.com\/eticaret\/","name":"Akerkimya","description":"","potentialAction":[{"@type":"SearchAction","target":{"@type":"EntryPoint","urlTemplate":"https:\/\/akerkimya.com\/eticaret\/?s={search_term_string}"},"query-input":"required name=search_term_string"}],"inLanguage":"tr"}]}},"_links":{"self":[{"href":"https:\/\/akerkimya.com\/eticaret\/wp-json\/wp\/v2\/product\/16533","targetHints":{"allow":["GET"]}}],"collection":[{"href":"https:\/\/akerkimya.com\/eticaret\/wp-json\/wp\/v2\/product"}],"about":[{"href":"https:\/\/akerkimya.com\/eticaret\/wp-json\/wp\/v2\/types\/product"}],"replies":[{"embeddable":true,"href":"https:\/\/akerkimya.com\/eticaret\/wp-json\/wp\/v2\/comments?post=16533"}],"version-history":[{"count":4,"href":"https:\/\/akerkimya.com\/eticaret\/wp-json\/wp\/v2\/product\/16533\/revisions"}],"predecessor-version":[{"id":16659,"href":"https:\/\/akerkimya.com\/eticaret\/wp-json\/wp\/v2\/product\/16533\/revisions\/16659"}],"wp:featuredmedia":[{"embeddable":true,"href":"https:\/\/akerkimya.com\/eticaret\/wp-json\/wp\/v2\/media\/16534"}],"wp:attachment":[{"href":"https:\/\/akerkimya.com\/eticaret\/wp-json\/wp\/v2\/media?parent=16533"}],"wp:term":[{"taxonomy":"product_cat","embeddable":true,"href":"https:\/\/akerkimya.com\/eticaret\/wp-json\/wp\/v2\/product_cat?post=16533"},{"taxonomy":"product_tag","embeddable":true,"href":"https:\/\/akerkimya.com\/eticaret\/wp-json\/wp\/v2\/product_tag?post=16533"}],"curies":[{"name":"wp","href":"https:\/\/api.w.org\/{rel}","templated":true}]}}