{"id":16547,"date":"2025-01-01T01:40:46","date_gmt":"2024-12-31T22:40:46","guid":{"rendered":"https:\/\/akerkimya.com\/eticaret\/?post_type=product&#038;p=16547"},"modified":"2026-03-30T02:23:52","modified_gmt":"2026-03-29T23:23:52","slug":"boraks-sodyum-tetraborat-dekahidrat","status":"publish","type":"product","link":"https:\/\/akerkimya.com\/eticaret\/urun\/boraks-sodyum-tetraborat-dekahidrat\/","title":{"rendered":"BORAKS (SODYUM TETRABORAT DEKAH\u0130DRAT)"},"content":{"rendered":"<h1>BORAKS (SODYUM TETRABORAT DEKAH\u0130DRAT)<\/h1>\n<p><strong>Boraks, Sodyum borat, sodyum tetraborat veya disodyum borat olarak da adland\u0131r\u0131lan \u00f6nemli bir bor bile\u015fi\u011fi, mineral, borik asite ait bir tuzdur.Toz boraks suda \u00e7\u00f6z\u00fcn\u00fcr,beyaz kristal yap\u0131dad\u0131r.<\/strong><\/p>\n<p><strong>BORAKS TEKN\u0130K \u00d6ZELL\u0130KLER\u00a0<\/strong><\/p>\n<p><strong>CAS No: 1303-96-4<\/strong><\/p>\n<p><strong>EC No: 215-540-4<\/strong><\/p>\n<p><strong>Renk: Beyaz kat\u0131<\/strong><\/p>\n<p><strong>Form\u00fcl: Na2B4O7.10H2O<\/strong><\/p>\n<p><strong>Molar K\u00fctle: 201.22 g (susuz)<\/strong><\/p>\n<p><strong>Erime noktas\u0131: 743 C<\/strong><\/p>\n<p><strong>Kaynama Noktas\u0131: 1570 C<\/strong><\/p>\n<p><strong>\u00a0<\/strong><\/p>\n<p><strong>\u00a0KULLANIM ALANLARI<\/strong><\/p>\n<p><strong>Boraks ev \u00e7ama\u015f\u0131r ve temizlik \u00fcr\u00fcnlerinde, toz haline getirilmi\u015f el sabunlar\u0131nda, di\u015f macunlar\u0131nda kullan\u0131l\u0131r.<\/strong><\/p>\n<p><strong>Biyokimyasal ve kimyasal laboratuarlarda pH tamponu TBE tamponu olarak ya da kaplama proseslerde SB veya BBS tamponu olarak kullan\u0131l\u0131r.<\/strong><\/p>\n<p><strong>DMP bazl\u0131 \u00e7apraz ba\u011flama reaksiyonlar\u0131nda tercihli dengeleme \u00e7\u00f6zeltisi olarak kullan\u0131l\u0131r.<\/strong><\/p>\n<p><strong>Su yumu\u015fatma malzemesi ve ortak kompleks olu\u015fturucu olarak kullan\u0131l\u0131r.<\/strong><\/p>\n<p><strong>\u0130stenmeyen demir oksidin erime noktas\u0131n\u0131 d\u00fc\u015f\u00fcrmede ak\u0131 olarak. D\u00f6vme kaynaklar\u0131nda ak\u0131 olarak. \u00c7inko ve \u00f6n kalaylama i\u00e7in bir ak\u0131 olarak yumu\u015fak lehimlenebilir hale getirmede kullan\u0131l\u0131r.<\/strong><\/p>\n<p><strong>K\u00fc\u00e7\u00fck \u00f6l\u00e7ekli alt\u0131n madenlerinde c\u0131va yerine ak\u0131 kullan\u0131l\u0131r.<\/strong><\/p>\n<p><strong>Emaye s\u0131rlar\u0131nda bile\u015fen cam, seramikte bile\u015fen olarak kullan\u0131l\u0131r.<\/strong><\/p>\n<p><strong>Yang\u0131n geciktirici, mantar enfeksiyonu \u00f6nleyici olarak, fiberglas \u00fcretiminde, metalurjide kullan\u0131l\u0131r.<\/strong><\/p>\n<p><strong>Radyoaktif kaynaklar i\u00e7in n\u00f6tron yakalama kalkanlar\u0131 olarak kullan\u0131l\u0131r.<\/strong><\/p>\n<p><strong>Fotografik geli\u015ftiricilerde alkali madde olarak, de\u011fer bor t\u00fcrevleri i\u00e7in \u00f6nc\u00fc olarak kullan\u0131l\u0131r.<\/strong><\/p>\n<p><strong>B\u00f6cek ila\u00e7lar\u0131nda (intektisit) olarak yararl\u0131d\u0131r. A\u011fa\u00e7 kurdu tedavisinde kullan\u0131l\u0131r.<\/strong><\/p>\n<p><strong>Eritilerek dald\u0131rma kalemler i\u00e7in silinmez m\u00fcrekkep yap\u0131m\u0131nda kullan\u0131l\u0131r.<\/strong><\/p>\n<p><strong>Y\u00fczme havuzlar\u0131nda ph tamponlay\u0131c\u0131s\u0131 olarak kullan\u0131l\u0131r.<\/strong><\/p>\n<p><strong>Bor eksikli\u011fi olan topraklar\u0131 d\u00fczenlemede mikro besin g\u00fcbresi olarak kullan\u0131l\u0131r.<\/strong><\/p>\n<p><strong>Bir aleve boraks eklendi\u011finde sar\u0131-ye\u015fil renk \u00fcretir. Boraks etilen glikolda \u00e7ok iyi \u00e7\u00f6z\u00fcn\u00fcr, dietilen glikol ve metil alkolde orta derece \u00e7\u00f6z\u00fcn\u00fcr. Aseton ve so\u011fuk suda az \u00e7\u00f6z\u00fcn\u00fcr s\u0131cakl\u0131k art\u0131k\u00e7a \u00e7\u00f6z\u00fcn\u00fcrl\u00fc\u011f\u00fc artar.<\/strong><\/p>\n<p><strong>\u00a0<\/strong><\/p>\n<p><strong>AMBALAJ<\/strong><\/p>\n<p><strong>1-5-25 kg torbalar halinde\u00a0<\/strong><\/p>\n<p><strong>\u00a0<\/strong><\/p>\n<p><strong>DEPOLAMA<\/strong><\/p>\n<p><strong>G\u00fcne\u015f \u0131\u015f\u0131\u011f\u0131na temas etmeyen kuru ve serin yerlerde muhafaza ediniz.<\/strong><\/p>\n","protected":false},"excerpt":{"rendered":"<p>BORAKS (SODYUM TETRABORAT DEKAH\u0130DRAT) Boraks, Sodyum borat, sodyum tetraborat veya disodyum borat olarak da adland\u0131r\u0131lan \u00f6nemli bir bor bile\u015fi\u011fi, mineral,<\/p>\n","protected":false},"featured_media":16548,"comment_status":"open","ping_status":"closed","template":"","meta":{"_joinchat":[]},"product_cat":[73,78,81],"product_tag":[],"class_list":{"0":"post-16547","1":"product","2":"type-product","3":"status-publish","4":"has-post-thumbnail","6":"product_cat-deri-ve-tekstil-kimyasallari","7":"product_cat-metal-dokum-kaplama","8":"product_cat-yem-katki-kimyasallari","10":"first","11":"instock","12":"shipping-taxable","13":"purchasable","14":"product-type-variable"},"yoast_head":"<!-- This site is optimized with the Yoast SEO Premium plugin v20.2.1 (Yoast SEO v20.2.1) - https:\/\/yoast.com\/wordpress\/plugins\/seo\/ -->\n<title>BORAKS (SODYUM TETRABORAT DEKAH\u0130DRAT) - Akerkimya<\/title>\n<meta name=\"robots\" content=\"index, follow, max-snippet:-1, max-image-preview:large, max-video-preview:-1\" \/>\n<link rel=\"canonical\" href=\"https:\/\/akerkimya.com\/eticaret\/urun\/boraks-sodyum-tetraborat-dekahidrat\/\" \/>\n<meta property=\"og:locale\" content=\"tr_TR\" \/>\n<meta property=\"og:type\" content=\"article\" \/>\n<meta property=\"og:title\" content=\"BORAKS (SODYUM TETRABORAT DEKAH\u0130DRAT)\" \/>\n<meta property=\"og:description\" content=\"BORAKS (SODYUM TETRABORAT DEKAH\u0130DRAT) Boraks, Sodyum borat, sodyum tetraborat veya disodyum borat olarak da adland\u0131r\u0131lan \u00f6nemli bir bor bile\u015fi\u011fi, mineral,\" \/>\n<meta property=\"og:url\" content=\"https:\/\/akerkimya.com\/eticaret\/urun\/boraks-sodyum-tetraborat-dekahidrat\/\" \/>\n<meta property=\"og:site_name\" content=\"Akerkimya\" \/>\n<meta property=\"article:modified_time\" content=\"2026-03-29T23:23:52+00:00\" \/>\n<meta property=\"og:image\" content=\"https:\/\/akerkimya.com\/eticaret\/wp-content\/uploads\/2025\/01\/BORAKS-DEKAHIDRAT-GUNCEL.png\" \/>\n\t<meta property=\"og:image:width\" content=\"1000\" \/>\n\t<meta property=\"og:image:height\" content=\"1000\" \/>\n\t<meta property=\"og:image:type\" content=\"image\/png\" \/>\n<meta name=\"twitter:card\" content=\"summary_large_image\" \/>\n<meta name=\"twitter:label1\" content=\"Tahmini okuma s\u00fcresi\" \/>\n\t<meta name=\"twitter:data1\" content=\"2 dakika\" \/>\n<script type=\"application\/ld+json\" class=\"yoast-schema-graph\">{\"@context\":\"https:\/\/schema.org\",\"@graph\":[{\"@type\":\"WebPage\",\"@id\":\"https:\/\/akerkimya.com\/eticaret\/urun\/boraks-sodyum-tetraborat-dekahidrat\/\",\"url\":\"https:\/\/akerkimya.com\/eticaret\/urun\/boraks-sodyum-tetraborat-dekahidrat\/\",\"name\":\"BORAKS (SODYUM TETRABORAT DEKAH\u0130DRAT) - Akerkimya\",\"isPartOf\":{\"@id\":\"https:\/\/akerkimya.com\/eticaret\/#website\"},\"datePublished\":\"2024-12-31T22:40:46+00:00\",\"dateModified\":\"2026-03-29T23:23:52+00:00\",\"breadcrumb\":{\"@id\":\"https:\/\/akerkimya.com\/eticaret\/urun\/boraks-sodyum-tetraborat-dekahidrat\/#breadcrumb\"},\"inLanguage\":\"tr\",\"potentialAction\":[{\"@type\":\"ReadAction\",\"target\":[\"https:\/\/akerkimya.com\/eticaret\/urun\/boraks-sodyum-tetraborat-dekahidrat\/\"]}]},{\"@type\":\"BreadcrumbList\",\"@id\":\"https:\/\/akerkimya.com\/eticaret\/urun\/boraks-sodyum-tetraborat-dekahidrat\/#breadcrumb\",\"itemListElement\":[{\"@type\":\"ListItem\",\"position\":1,\"name\":\"Home\",\"item\":\"https:\/\/akerkimya.com\/eticaret\/\"},{\"@type\":\"ListItem\",\"position\":2,\"name\":\"Market\",\"item\":\"https:\/\/akerkimya.com\/eticaret\/market\/\"},{\"@type\":\"ListItem\",\"position\":3,\"name\":\"BORAKS (SODYUM TETRABORAT DEKAH\u0130DRAT)\"}]},{\"@type\":\"WebSite\",\"@id\":\"https:\/\/akerkimya.com\/eticaret\/#website\",\"url\":\"https:\/\/akerkimya.com\/eticaret\/\",\"name\":\"Akerkimya\",\"description\":\"\",\"potentialAction\":[{\"@type\":\"SearchAction\",\"target\":{\"@type\":\"EntryPoint\",\"urlTemplate\":\"https:\/\/akerkimya.com\/eticaret\/?s={search_term_string}\"},\"query-input\":\"required name=search_term_string\"}],\"inLanguage\":\"tr\"}]}<\/script>\n<!-- \/ Yoast SEO Premium plugin. -->","yoast_head_json":{"title":"BORAKS (SODYUM TETRABORAT DEKAH\u0130DRAT) - Akerkimya","robots":{"index":"index","follow":"follow","max-snippet":"max-snippet:-1","max-image-preview":"max-image-preview:large","max-video-preview":"max-video-preview:-1"},"canonical":"https:\/\/akerkimya.com\/eticaret\/urun\/boraks-sodyum-tetraborat-dekahidrat\/","og_locale":"tr_TR","og_type":"article","og_title":"BORAKS (SODYUM TETRABORAT DEKAH\u0130DRAT)","og_description":"BORAKS (SODYUM TETRABORAT DEKAH\u0130DRAT) Boraks, Sodyum borat, sodyum tetraborat veya disodyum borat olarak da adland\u0131r\u0131lan \u00f6nemli bir bor bile\u015fi\u011fi, mineral,","og_url":"https:\/\/akerkimya.com\/eticaret\/urun\/boraks-sodyum-tetraborat-dekahidrat\/","og_site_name":"Akerkimya","article_modified_time":"2026-03-29T23:23:52+00:00","og_image":[{"width":1000,"height":1000,"url":"https:\/\/akerkimya.com\/eticaret\/wp-content\/uploads\/2025\/01\/BORAKS-DEKAHIDRAT-GUNCEL.png","type":"image\/png"}],"twitter_card":"summary_large_image","twitter_misc":{"Tahmini okuma s\u00fcresi":"2 dakika"},"schema":{"@context":"https:\/\/schema.org","@graph":[{"@type":"WebPage","@id":"https:\/\/akerkimya.com\/eticaret\/urun\/boraks-sodyum-tetraborat-dekahidrat\/","url":"https:\/\/akerkimya.com\/eticaret\/urun\/boraks-sodyum-tetraborat-dekahidrat\/","name":"BORAKS (SODYUM TETRABORAT DEKAH\u0130DRAT) - Akerkimya","isPartOf":{"@id":"https:\/\/akerkimya.com\/eticaret\/#website"},"datePublished":"2024-12-31T22:40:46+00:00","dateModified":"2026-03-29T23:23:52+00:00","breadcrumb":{"@id":"https:\/\/akerkimya.com\/eticaret\/urun\/boraks-sodyum-tetraborat-dekahidrat\/#breadcrumb"},"inLanguage":"tr","potentialAction":[{"@type":"ReadAction","target":["https:\/\/akerkimya.com\/eticaret\/urun\/boraks-sodyum-tetraborat-dekahidrat\/"]}]},{"@type":"BreadcrumbList","@id":"https:\/\/akerkimya.com\/eticaret\/urun\/boraks-sodyum-tetraborat-dekahidrat\/#breadcrumb","itemListElement":[{"@type":"ListItem","position":1,"name":"Home","item":"https:\/\/akerkimya.com\/eticaret\/"},{"@type":"ListItem","position":2,"name":"Market","item":"https:\/\/akerkimya.com\/eticaret\/market\/"},{"@type":"ListItem","position":3,"name":"BORAKS (SODYUM TETRABORAT DEKAH\u0130DRAT)"}]},{"@type":"WebSite","@id":"https:\/\/akerkimya.com\/eticaret\/#website","url":"https:\/\/akerkimya.com\/eticaret\/","name":"Akerkimya","description":"","potentialAction":[{"@type":"SearchAction","target":{"@type":"EntryPoint","urlTemplate":"https:\/\/akerkimya.com\/eticaret\/?s={search_term_string}"},"query-input":"required name=search_term_string"}],"inLanguage":"tr"}]}},"_links":{"self":[{"href":"https:\/\/akerkimya.com\/eticaret\/wp-json\/wp\/v2\/product\/16547","targetHints":{"allow":["GET"]}}],"collection":[{"href":"https:\/\/akerkimya.com\/eticaret\/wp-json\/wp\/v2\/product"}],"about":[{"href":"https:\/\/akerkimya.com\/eticaret\/wp-json\/wp\/v2\/types\/product"}],"replies":[{"embeddable":true,"href":"https:\/\/akerkimya.com\/eticaret\/wp-json\/wp\/v2\/comments?post=16547"}],"version-history":[{"count":3,"href":"https:\/\/akerkimya.com\/eticaret\/wp-json\/wp\/v2\/product\/16547\/revisions"}],"predecessor-version":[{"id":16657,"href":"https:\/\/akerkimya.com\/eticaret\/wp-json\/wp\/v2\/product\/16547\/revisions\/16657"}],"wp:featuredmedia":[{"embeddable":true,"href":"https:\/\/akerkimya.com\/eticaret\/wp-json\/wp\/v2\/media\/16548"}],"wp:attachment":[{"href":"https:\/\/akerkimya.com\/eticaret\/wp-json\/wp\/v2\/media?parent=16547"}],"wp:term":[{"taxonomy":"product_cat","embeddable":true,"href":"https:\/\/akerkimya.com\/eticaret\/wp-json\/wp\/v2\/product_cat?post=16547"},{"taxonomy":"product_tag","embeddable":true,"href":"https:\/\/akerkimya.com\/eticaret\/wp-json\/wp\/v2\/product_tag?post=16547"}],"curies":[{"name":"wp","href":"https:\/\/api.w.org\/{rel}","templated":true}]}}