{"id":16554,"date":"2025-01-01T01:46:03","date_gmt":"2024-12-31T22:46:03","guid":{"rendered":"https:\/\/akerkimya.com\/eticaret\/?post_type=product&#038;p=16554"},"modified":"2026-03-30T02:23:53","modified_gmt":"2026-03-29T23:23:53","slug":"cinko-asetat","status":"publish","type":"product","link":"https:\/\/akerkimya.com\/eticaret\/urun\/cinko-asetat\/","title":{"rendered":"\u00c7\u0130NKO ASETAT"},"content":{"rendered":"<h1>\u00c7\u0130NKO ASETAT<\/h1>\n<p><strong>\u00c7inko asetat, C4H10O6Zn form\u00fcl\u00fcne sahip ve \u00e7inko oksidin asetik asit ile reaksiyonu sonucu \u00fcretilen \u00e7inko tuzudur. En \u00e7ok dihidrat olarak bilinir. Hidrat ve susuz formlar\u0131 diyet takviyeleri olarak kullan\u0131l\u0131r.<\/strong><\/p>\n<p><strong>\u00c7\u0130NKO ASETAT \u00d6ZELL\u0130KLER\u0130<\/strong><\/p>\n<p><strong>Hafif asetik bir koku ve b\u00fcz\u00fcc\u00fc bir tada sahip beyaz kristalli, parlak plakalar olarak olu\u015fur.<\/strong><\/p>\n<p><strong>\u00c7inko asetat, 1 gram\u0131 yakla\u015f\u0131k olarak 2-3 ml suda \u00e7\u00f6z\u00fcnebilir.<\/strong><\/p>\n<p><strong>\u00a0<\/strong><\/p>\n<p><strong>TEKN\u0130K \u00d6ZELL\u0130KLER<\/strong><\/p>\n<p><strong>CAS NUMARASI: 557-34-6, 5970-45-6<\/strong><\/p>\n<p><strong>MOLEK\u00dcLER FORM\u00dcL: C4H10O6Zn<\/strong><\/p>\n<p><strong>K\u0130MYASAL \u0130SM\u0130: \u00c7inko Asetat, \u00c7inko Tuzu, Dicarbometoksi \u00c7inko<\/strong><\/p>\n<p><strong>MOLAR K\u00dcTLE: 219.50 g\/mol (dihidrat), 183.48 g\/mol (susuz)<\/strong><\/p>\n<p><strong>G\u00d6R\u00dcN\u00dcM: Beyaz kat\u0131<\/strong><\/p>\n<p><strong>YO\u011eUNLUK: 1.735 g\/cm\u00b3<\/strong><\/p>\n<p><strong>ER\u0130ME NOKTASI: 237 \u00b0C\u2019 de ayr\u0131\u015f\u0131r.<\/strong><\/p>\n<p><strong>SUDA \u00c7\u00d6Z\u00dcN\u00dcRL\u00dcK: 43 g\/100 ml (20 \u00b0C, dihidrat)<\/strong><\/p>\n<p><strong>\u00c7\u00d6Z\u00dcN\u00dcRL\u00dcK: Alkolde \u00e7\u00f6z\u00fcn\u00fcr.<\/strong><\/p>\n<p><strong>\u00a0<\/strong><\/p>\n<p><strong>KULLANIM ALANLARI<\/strong><\/p>\n<p><strong>\u00c7inko asetat, tekstillerin boyanmas\u0131nda mordan olarak kullan\u0131l\u0131r.<\/strong><\/p>\n<p><strong>V\u00fccuttaki \u00e7inko eksikli\u011fini gidermek i\u00e7in \u00e7inkolu g\u0131da takviyelerinin i\u00e7inde \u00e7inko asetat olarak kullan\u0131l\u0131r.<\/strong><\/p>\n<p><strong>Ka\u015f\u0131nt\u0131 giderici merhemlerde, akne tedavisinde kullan\u0131lan eritromisin i\u00e7erikli antibiyotikler ve topikal merhemlerde kullan\u0131lmaktad\u0131r.<\/strong><\/p>\n<p><strong>So\u011fuk alg\u0131nl\u0131\u011f\u0131 rahats\u0131zl\u0131klar\u0131nda tedavi edici pastillerin i\u00e7inde kullan\u0131l\u0131r.<\/strong><\/p>\n<p><strong>Wilson hastal\u0131\u011f\u0131n\u0131n tedavisindeki, v\u00fccutta bulunan bak\u0131r emilimini engellemek i\u00e7in a\u011f\u0131z yoluyla al\u0131nmas\u0131 gereken g\u00fcnl\u00fck g\u0131da takviyelerinin i\u00e7inde bulunurlar.<\/strong><\/p>\n<p><strong>Porselen \u00fczerine boyamak i\u00e7in s\u0131r imalat\u0131nda kullan\u0131l\u0131r.<\/strong><\/p>\n<p><strong>Alb\u00fcmin, tanen, \u00fcrobilin, fosfat, kan testlerinde reaktif olarak kullan\u0131l\u0131r.<\/strong><\/p>\n<p><strong>Laboratuvar ajan\u0131 olarak kullan\u0131m\u0131 mevcuttur.<\/strong><\/p>\n<p><strong>N\u00fckleer enerji santrallerinde su borular\u0131nda kaplama inhibit\u00f6r\u00fc olarak kullan\u0131l\u0131r.<\/strong><\/p>\n<p><strong>Ba\u015fka \u00e7inko tuzlar\u0131n\u0131n \u00fcretilmesinde kullan\u0131l\u0131r.<\/strong><\/p>\n<p><strong>\u00a0<\/strong><\/p>\n<p><strong>AMBALAJ<\/strong><\/p>\n<p><strong>1-5-25 kg Kraft torbalarda<\/strong><\/p>\n<p><strong>\u00a0<\/strong><\/p>\n<p><strong>DEPOLAMA<\/strong><\/p>\n<p><strong>Hava ge\u00e7irmez bir kapta, serin, kuru bir yerde saklanmal\u0131d\u0131r.<\/strong><\/p>\n","protected":false},"excerpt":{"rendered":"<p>\u00c7\u0130NKO ASETAT \u00c7inko asetat, C4H10O6Zn form\u00fcl\u00fcne sahip ve \u00e7inko oksidin asetik asit ile reaksiyonu sonucu \u00fcretilen \u00e7inko tuzudur. En \u00e7ok<\/p>\n","protected":false},"featured_media":16555,"comment_status":"open","ping_status":"closed","template":"","meta":{"_joinchat":[]},"product_cat":[73,76,80],"product_tag":[],"class_list":{"0":"post-16554","1":"product","2":"type-product","3":"status-publish","4":"has-post-thumbnail","6":"product_cat-deri-ve-tekstil-kimyasallari","7":"product_cat-gida-ve-katki-kimyasallari","8":"product_cat-veteriner-ve-ilac-kimyasallari","10":"first","11":"instock","12":"shipping-taxable","13":"purchasable","14":"product-type-variable"},"yoast_head":"<!-- This site is optimized with the Yoast SEO Premium plugin v20.2.1 (Yoast SEO v20.2.1) - https:\/\/yoast.com\/wordpress\/plugins\/seo\/ -->\n<title>\u00c7\u0130NKO ASETAT - Akerkimya<\/title>\n<meta name=\"robots\" content=\"index, follow, max-snippet:-1, max-image-preview:large, max-video-preview:-1\" \/>\n<link rel=\"canonical\" href=\"https:\/\/akerkimya.com\/eticaret\/urun\/cinko-asetat\/\" \/>\n<meta property=\"og:locale\" content=\"tr_TR\" \/>\n<meta property=\"og:type\" content=\"article\" \/>\n<meta property=\"og:title\" content=\"\u00c7\u0130NKO ASETAT\" \/>\n<meta property=\"og:description\" content=\"\u00c7\u0130NKO ASETAT \u00c7inko asetat, C4H10O6Zn form\u00fcl\u00fcne sahip ve \u00e7inko oksidin asetik asit ile reaksiyonu sonucu \u00fcretilen \u00e7inko tuzudur. En \u00e7ok\" \/>\n<meta property=\"og:url\" content=\"https:\/\/akerkimya.com\/eticaret\/urun\/cinko-asetat\/\" \/>\n<meta property=\"og:site_name\" content=\"Akerkimya\" \/>\n<meta property=\"article:modified_time\" content=\"2026-03-29T23:23:53+00:00\" \/>\n<meta property=\"og:image\" content=\"https:\/\/akerkimya.com\/eticaret\/wp-content\/uploads\/2025\/01\/CINKO-ASETAT-GUNCEL-.png\" \/>\n\t<meta property=\"og:image:width\" content=\"1000\" \/>\n\t<meta property=\"og:image:height\" content=\"1000\" \/>\n\t<meta property=\"og:image:type\" content=\"image\/png\" \/>\n<meta name=\"twitter:card\" content=\"summary_large_image\" \/>\n<meta name=\"twitter:label1\" content=\"Tahmini okuma s\u00fcresi\" \/>\n\t<meta name=\"twitter:data1\" content=\"2 dakika\" \/>\n<script type=\"application\/ld+json\" class=\"yoast-schema-graph\">{\"@context\":\"https:\/\/schema.org\",\"@graph\":[{\"@type\":\"WebPage\",\"@id\":\"https:\/\/akerkimya.com\/eticaret\/urun\/cinko-asetat\/\",\"url\":\"https:\/\/akerkimya.com\/eticaret\/urun\/cinko-asetat\/\",\"name\":\"\u00c7\u0130NKO ASETAT - Akerkimya\",\"isPartOf\":{\"@id\":\"https:\/\/akerkimya.com\/eticaret\/#website\"},\"datePublished\":\"2024-12-31T22:46:03+00:00\",\"dateModified\":\"2026-03-29T23:23:53+00:00\",\"breadcrumb\":{\"@id\":\"https:\/\/akerkimya.com\/eticaret\/urun\/cinko-asetat\/#breadcrumb\"},\"inLanguage\":\"tr\",\"potentialAction\":[{\"@type\":\"ReadAction\",\"target\":[\"https:\/\/akerkimya.com\/eticaret\/urun\/cinko-asetat\/\"]}]},{\"@type\":\"BreadcrumbList\",\"@id\":\"https:\/\/akerkimya.com\/eticaret\/urun\/cinko-asetat\/#breadcrumb\",\"itemListElement\":[{\"@type\":\"ListItem\",\"position\":1,\"name\":\"Home\",\"item\":\"https:\/\/akerkimya.com\/eticaret\/\"},{\"@type\":\"ListItem\",\"position\":2,\"name\":\"Market\",\"item\":\"https:\/\/akerkimya.com\/eticaret\/market\/\"},{\"@type\":\"ListItem\",\"position\":3,\"name\":\"\u00c7\u0130NKO ASETAT\"}]},{\"@type\":\"WebSite\",\"@id\":\"https:\/\/akerkimya.com\/eticaret\/#website\",\"url\":\"https:\/\/akerkimya.com\/eticaret\/\",\"name\":\"Akerkimya\",\"description\":\"\",\"potentialAction\":[{\"@type\":\"SearchAction\",\"target\":{\"@type\":\"EntryPoint\",\"urlTemplate\":\"https:\/\/akerkimya.com\/eticaret\/?s={search_term_string}\"},\"query-input\":\"required name=search_term_string\"}],\"inLanguage\":\"tr\"}]}<\/script>\n<!-- \/ Yoast SEO Premium plugin. -->","yoast_head_json":{"title":"\u00c7\u0130NKO ASETAT - Akerkimya","robots":{"index":"index","follow":"follow","max-snippet":"max-snippet:-1","max-image-preview":"max-image-preview:large","max-video-preview":"max-video-preview:-1"},"canonical":"https:\/\/akerkimya.com\/eticaret\/urun\/cinko-asetat\/","og_locale":"tr_TR","og_type":"article","og_title":"\u00c7\u0130NKO ASETAT","og_description":"\u00c7\u0130NKO ASETAT \u00c7inko asetat, C4H10O6Zn form\u00fcl\u00fcne sahip ve \u00e7inko oksidin asetik asit ile reaksiyonu sonucu \u00fcretilen \u00e7inko tuzudur. En \u00e7ok","og_url":"https:\/\/akerkimya.com\/eticaret\/urun\/cinko-asetat\/","og_site_name":"Akerkimya","article_modified_time":"2026-03-29T23:23:53+00:00","og_image":[{"width":1000,"height":1000,"url":"https:\/\/akerkimya.com\/eticaret\/wp-content\/uploads\/2025\/01\/CINKO-ASETAT-GUNCEL-.png","type":"image\/png"}],"twitter_card":"summary_large_image","twitter_misc":{"Tahmini okuma s\u00fcresi":"2 dakika"},"schema":{"@context":"https:\/\/schema.org","@graph":[{"@type":"WebPage","@id":"https:\/\/akerkimya.com\/eticaret\/urun\/cinko-asetat\/","url":"https:\/\/akerkimya.com\/eticaret\/urun\/cinko-asetat\/","name":"\u00c7\u0130NKO ASETAT - Akerkimya","isPartOf":{"@id":"https:\/\/akerkimya.com\/eticaret\/#website"},"datePublished":"2024-12-31T22:46:03+00:00","dateModified":"2026-03-29T23:23:53+00:00","breadcrumb":{"@id":"https:\/\/akerkimya.com\/eticaret\/urun\/cinko-asetat\/#breadcrumb"},"inLanguage":"tr","potentialAction":[{"@type":"ReadAction","target":["https:\/\/akerkimya.com\/eticaret\/urun\/cinko-asetat\/"]}]},{"@type":"BreadcrumbList","@id":"https:\/\/akerkimya.com\/eticaret\/urun\/cinko-asetat\/#breadcrumb","itemListElement":[{"@type":"ListItem","position":1,"name":"Home","item":"https:\/\/akerkimya.com\/eticaret\/"},{"@type":"ListItem","position":2,"name":"Market","item":"https:\/\/akerkimya.com\/eticaret\/market\/"},{"@type":"ListItem","position":3,"name":"\u00c7\u0130NKO ASETAT"}]},{"@type":"WebSite","@id":"https:\/\/akerkimya.com\/eticaret\/#website","url":"https:\/\/akerkimya.com\/eticaret\/","name":"Akerkimya","description":"","potentialAction":[{"@type":"SearchAction","target":{"@type":"EntryPoint","urlTemplate":"https:\/\/akerkimya.com\/eticaret\/?s={search_term_string}"},"query-input":"required name=search_term_string"}],"inLanguage":"tr"}]}},"_links":{"self":[{"href":"https:\/\/akerkimya.com\/eticaret\/wp-json\/wp\/v2\/product\/16554","targetHints":{"allow":["GET"]}}],"collection":[{"href":"https:\/\/akerkimya.com\/eticaret\/wp-json\/wp\/v2\/product"}],"about":[{"href":"https:\/\/akerkimya.com\/eticaret\/wp-json\/wp\/v2\/types\/product"}],"replies":[{"embeddable":true,"href":"https:\/\/akerkimya.com\/eticaret\/wp-json\/wp\/v2\/comments?post=16554"}],"version-history":[{"count":2,"href":"https:\/\/akerkimya.com\/eticaret\/wp-json\/wp\/v2\/product\/16554\/revisions"}],"predecessor-version":[{"id":16656,"href":"https:\/\/akerkimya.com\/eticaret\/wp-json\/wp\/v2\/product\/16554\/revisions\/16656"}],"wp:featuredmedia":[{"embeddable":true,"href":"https:\/\/akerkimya.com\/eticaret\/wp-json\/wp\/v2\/media\/16555"}],"wp:attachment":[{"href":"https:\/\/akerkimya.com\/eticaret\/wp-json\/wp\/v2\/media?parent=16554"}],"wp:term":[{"taxonomy":"product_cat","embeddable":true,"href":"https:\/\/akerkimya.com\/eticaret\/wp-json\/wp\/v2\/product_cat?post=16554"},{"taxonomy":"product_tag","embeddable":true,"href":"https:\/\/akerkimya.com\/eticaret\/wp-json\/wp\/v2\/product_tag?post=16554"}],"curies":[{"name":"wp","href":"https:\/\/api.w.org\/{rel}","templated":true}]}}