{"id":16560,"date":"2025-01-01T01:49:41","date_gmt":"2024-12-31T22:49:41","guid":{"rendered":"https:\/\/akerkimya.com\/eticaret\/?post_type=product&#038;p=16560"},"modified":"2026-03-30T02:23:53","modified_gmt":"2026-03-29T23:23:53","slug":"cinko-klorur","status":"publish","type":"product","link":"https:\/\/akerkimya.com\/eticaret\/urun\/cinko-klorur\/","title":{"rendered":"\u00c7\u0130NKO KLOR\u00dcR"},"content":{"rendered":"<h1>\u00c7\u0130NKO KLOR\u00dcR<\/h1>\n<p><strong>\u00c7inko klor\u00fcr; ZnC12 form\u00fcl\u00fcne sahip, renksiz ya da beyaz renkli olan suda y\u00fcksek oranda \u00e7\u00f6z\u00fcnebilen, higroskopik \u00f6zellikte inorganik bir bile\u015fiktir. \u00c7inko tereya\u011f\u0131 olarak da bilinen \u00e7inko klor\u00fcr, iyonik bir bile\u015fik olarak d\u00fc\u015f\u00fclmesine ra\u011fmen kovalent davran\u0131\u015f g\u00f6stermektedir.<\/strong><\/p>\n<p><strong>\u00a0<\/strong><\/p>\n<p><strong>\u00c7\u0130NKO KLOR\u00dcR \u00d6ZELL\u0130KLER\u0130<\/strong><\/p>\n<p><strong>Beyaz kristalli bir kat\u0131d\u0131r. Kokusuzdur.<\/strong><\/p>\n<p><strong>G\u00fc\u00e7l\u00fc oksitlerle ve g\u00fc\u00e7l\u00fc bazlarla \u015fiddetli reaksiyona girer.<\/strong><\/p>\n<p><strong>Metaller i\u00e7in hafif a\u015f\u0131nd\u0131r\u0131c\u0131d\u0131r.<\/strong><\/p>\n<p><strong>Yan\u0131c\u0131 bir madde de\u011fildir. Ayr\u0131\u015fmaya kadar \u0131s\u0131t\u0131ld\u0131\u011f\u0131nda tahri\u015f edici veya zehirli dumanlar \u00e7\u0131kar\u0131r.<\/strong><\/p>\n<p><strong>Aseton ve etanol gibi polar organik \u00e7\u00f6z\u00fcc\u00fcler i\u00e7inde asidik \u00e7\u00f6zeltiler olu\u015fturur.<\/strong><\/p>\n<p><strong>\u00a0<\/strong><\/p>\n<p><strong>TEKN\u0130K \u00d6ZELL\u0130KLER\u0130<\/strong><\/p>\n<p><strong>CAS NUMARASI: 7646-85-7<\/strong><\/p>\n<p><strong>EC NUMARASI: 231-592-0<\/strong><\/p>\n<p><strong>MOLEK\u00dcLER FORM\u00dcL: ZnC12<\/strong><\/p>\n<p><strong>K\u0130MYASAL ADI: \u00c7inko Klor\u00fcr, \u00c7inko Diklor\u00fcr, \u00c7inko Ya\u011f\u0131, Zinc Chlor\u0131de, Hidroklorik Asit \u00c7inko Tuzu<\/strong><\/p>\n<p><strong>MOLAR K\u00dcTLE: 136,315 g\/mol<\/strong><\/p>\n<p><strong>YO\u011eUNLUK: 2.907 g\/cm\u00b3<\/strong><\/p>\n<p><strong>ER\u0130ME NOKTASI: 292 \u00b0C, 565 K, 558 \u00b0F<\/strong><\/p>\n<p><strong>KAYNAMA NOKTASI: 756 \u00b0C, 1029 K, 1393 \u00b0F<\/strong><\/p>\n<p><strong>SUDA \u00c7\u00d6Z\u00dcN\u00dcRL\u00dcK: 4320 g\/L(25 \u00b0C)<\/strong><\/p>\n<p><strong>\u00c7\u00d6Z\u00dcN\u00dcRL\u00dcK: Etanol, gliserol ve aseton i\u00e7erisinde \u00e7\u00f6z\u00fcn\u00fcr.<\/strong><\/p>\n<p><strong>ALKOL \u00c7\u00d6Z\u00dcN\u00dcRL\u00dc\u011e\u00dc: 4300 g\/L<\/strong><\/p>\n<p><strong>\u00a0<\/strong><\/p>\n<p><strong>KULLANIM ALANLARI<\/strong><\/p>\n<p><strong>Ya\u015fa ba\u011fl\u0131 g\u00f6z hastal\u0131klar\u0131nda kullan\u0131l\u0131r.<\/strong><\/p>\n<p><strong>Re\u00e7etesiz sat\u0131labilen baz\u0131 merhemlerin bile\u015fiminde bulunur ve ince bir tabaka halinde uyguland\u0131\u011f\u0131nda cildin su kaybetmesini \u00f6nler. Yaz\u0131n g\u00fcne\u015f, k\u0131\u015f\u0131n da so\u011fuk yan\u0131klar\u0131na kar\u015f\u0131 koruyucudur.<\/strong><\/p>\n<p><strong>Pillerin g\u00f6vdelerinin yap\u0131m\u0131nda kullan\u0131l\u0131r.<\/strong><\/p>\n<p><strong>Deodorantlarda ve ah\u015fap koruyucu olarak kullan\u0131l\u0131r.<\/strong><\/p>\n<p><strong>\u00c7inko klor\u00fcr, organik kimyada yararl\u0131 bir Lewis asididir. Erimi\u015f \u00e7inko klor\u00fcr, metanol\u00fcn heksametilbenzene d\u00f6n\u00fc\u015f\u00fcm\u00fcn\u00fc katalize eder.<\/strong><\/p>\n<p><strong>Saatlerin akrep ve yelkovanlar\u0131n\u0131n parlakl\u0131\u011f\u0131nda kullan\u0131labilir.<\/strong><\/p>\n<p><strong>Di\u015f dolgular\u0131 i\u00e7in magnezya simanlar\u0131n\u0131n ve aktif bile\u015fen olarak baz\u0131 a\u011f\u0131z gargarlar\u0131n\u0131n imalat\u0131nda kullan\u0131l\u0131r.<\/strong><\/p>\n<p><strong>Yan\u0131k sonras\u0131 tedavi olarak re\u00e7etesiz sat\u0131lan baz\u0131 merhemlerin i\u00e7eri\u011finde kullan\u0131labilir.<\/strong><\/p>\n<p><strong>Duman bombalar\u0131nda kullan\u0131lan \u00e7inko klor\u00fcr duman kar\u0131\u015f\u0131m\u0131 \u00e7inko oksit, hekzakloroetan ve ate\u015flendi\u011finde \u00e7inko klor\u00fcr, karbon ve al\u00fcminyum oksit duman\u0131 olu\u015fturmak \u00fczere reaksiyona girerek etkili bir duman perdesi olu\u015fturan gran\u00fcl al\u00fcminyum tozu i\u00e7erir.<\/strong><\/p>\n<p><strong>\u00c7inko klor\u00fcr, galvanizleme, kalaylama ve lehimleme i\u00e7in ak\u0131\u015flarda yayg\u0131n olarak kullan\u0131lmaktad\u0131r.<\/strong><\/p>\n<p><strong>Karton imalat\u0131nda, tekstil \u00fcr\u00fcnlerinde alev geciktirici olarak kullan\u0131l\u0131r.<\/strong><\/p>\n<p><strong>Alternatif t\u0131pta, cilt kanserlerini iyile\u015ftirmek i\u00e7in eskarlarda, \u00f6l\u00fc doku kabuklar\u0131na neden olmak i\u00e7in kullan\u0131l\u0131r.<\/strong><\/p>\n<p><strong>\u00c7inko klor\u00fcr, besin takviyesi olarak insan v\u00fccudundaki proteinlerin, kolestrol\u00fcn ve ya\u011flar\u0131n sentezlenmesi i\u00e7in gereklidir.<\/strong><\/p>\n<p><strong>\u00a0Pirin\u00e7, nikelli g\u00fcm\u00fc\u015f, de\u011fi\u015fik lehimler, alman g\u00fcm\u00fc\u015f\u00fc gibi ala\u015f\u0131mlar\u0131n yap\u0131m\u0131nda kullan\u0131r.<\/strong><\/p>\n<p><strong>Otomotiv end\u00fcstrisinde d\u00f6k\u00fcm kal\u0131plar\u0131nda kullan\u0131l\u0131r.<\/strong><\/p>\n<p><strong>\u00c7inko klor\u00fcr \u00e7\u00f6zeltileri, su ar\u0131tma da kullan\u0131l\u0131r.<\/strong><\/p>\n<p><strong>S\u0131v\u0131 g\u00fcbrelerde mikro besin olu\u015fturmak i\u00e7in \u015felatlama maddeleriyle reaksiyona girer ve evin \u00e7at\u0131lar\u0131nda, \u00e7itlerde, garaj yollar\u0131nda ve di\u011fer ev alanlar\u0131nda yosun b\u00fcy\u00fcmesini kontrol etmek i\u00e7in bir herbisit olarak da kullan\u0131lmaktad\u0131r.<\/strong><\/p>\n<p><strong>Petrol sanayinde, ya\u011f\u0131 sudan ay\u0131ran g\u00fc\u00e7l\u00fc bir em\u00fclsiyon k\u0131r\u0131c\u0131 olarak kullan\u0131l\u0131r.<\/strong><\/p>\n<p><strong>Metalleri a\u015f\u0131nd\u0131rmak i\u00e7in ate\u015fe kar\u015f\u0131 koruma maddesi olarak da kullan\u0131l\u0131r. \u00c7e\u015fitli metal y\u00fczeylerinden oksitleri ve tuzlar\u0131 gidermek i\u00e7inde kullan\u0131l\u0131r.<\/strong><\/p>\n<p><strong>Farmakoloji sekt\u00f6r\u00fcnde antienflamatuar a\u011fr\u0131 kesicilerin \u00fcretiminde kullan\u0131l\u0131r.<\/strong><\/p>\n<p><strong>Tekstil sekt\u00f6r\u00fcnde, boyama maddelerinde mordant ve merserize edici, ha\u015f\u0131l maddesi olarak kullan\u0131l\u0131r. Ayr\u0131ca tekstil sekt\u00f6r\u00fcnde kullan\u0131lan re\u00e7inelerin \u00fcretiminde \u00e7apraz ba\u011flama maddesi olarak kullan\u0131l\u0131r.<\/strong><\/p>\n<p><strong>Suni ipek \u00fcretiminde \u00e7\u00f6kt\u00fcrme banyosunda kullan\u0131l\u0131r.<\/strong><\/p>\n<p><strong>Kolofon re\u00e7ine imalat\u0131nda metal halojen\u00fcrlerin \u00e7ok kolay bir \u015fekilde ayr\u0131lma kabiliyetinden dolay\u0131 bu uygulamalarda polimerizasyon maddesi olarak kullan\u0131l\u0131r.<\/strong><\/p>\n<p><strong>Katyon de\u011fi\u015fim re\u00e7inelerinin \u00fcretiminde, organik sentez end\u00fcstrisinde kataliz\u00f6rde dehisrasyon ve yo\u011fu\u015fma sa\u011flayan madde olarak kullan\u0131l\u0131r.<\/strong><\/p>\n<p><strong>\u00a0<\/strong><\/p>\n<p><strong>AMBALAJ<\/strong><\/p>\n<p><strong>1-5-25 kg Kraft torbalarda<\/strong><\/p>\n<p><strong>\u00a0<\/strong><\/p>\n<p><strong>DEPOLAMA<\/strong><\/p>\n<p><strong>Kuru ve serin bir ortamda tamamen kapal\u0131 torbalarda muhafaza edilmelidir.<\/strong><\/p>\n","protected":false},"excerpt":{"rendered":"<p>\u00c7\u0130NKO KLOR\u00dcR \u00c7inko klor\u00fcr; ZnC12 form\u00fcl\u00fcne sahip, renksiz ya da beyaz renkli olan suda y\u00fcksek oranda \u00e7\u00f6z\u00fcnebilen, higroskopik \u00f6zellikte inorganik<\/p>\n","protected":false},"featured_media":16561,"comment_status":"open","ping_status":"closed","template":"","meta":{"_joinchat":[]},"product_cat":[73,74,78,80],"product_tag":[],"class_list":{"0":"post-16560","1":"product","2":"type-product","3":"status-publish","4":"has-post-thumbnail","6":"product_cat-deri-ve-tekstil-kimyasallari","7":"product_cat-deterjan-ve-kozmetik-kimyasallari","8":"product_cat-metal-dokum-kaplama","9":"product_cat-veteriner-ve-ilac-kimyasallari","11":"first","12":"instock","13":"shipping-taxable","14":"purchasable","15":"product-type-variable"},"yoast_head":"<!-- This site is optimized with the Yoast SEO Premium plugin v20.2.1 (Yoast SEO v20.2.1) - https:\/\/yoast.com\/wordpress\/plugins\/seo\/ -->\n<title>\u00c7\u0130NKO KLOR\u00dcR - Akerkimya<\/title>\n<meta name=\"robots\" content=\"index, follow, max-snippet:-1, max-image-preview:large, max-video-preview:-1\" \/>\n<link rel=\"canonical\" href=\"https:\/\/akerkimya.com\/eticaret\/urun\/cinko-klorur\/\" \/>\n<meta property=\"og:locale\" content=\"tr_TR\" \/>\n<meta property=\"og:type\" content=\"article\" \/>\n<meta property=\"og:title\" content=\"\u00c7\u0130NKO KLOR\u00dcR\" \/>\n<meta property=\"og:description\" content=\"\u00c7\u0130NKO KLOR\u00dcR \u00c7inko klor\u00fcr; ZnC12 form\u00fcl\u00fcne sahip, renksiz ya da beyaz renkli olan suda y\u00fcksek oranda \u00e7\u00f6z\u00fcnebilen, higroskopik \u00f6zellikte inorganik\" \/>\n<meta property=\"og:url\" content=\"https:\/\/akerkimya.com\/eticaret\/urun\/cinko-klorur\/\" \/>\n<meta property=\"og:site_name\" content=\"Akerkimya\" \/>\n<meta property=\"article:modified_time\" content=\"2026-03-29T23:23:53+00:00\" \/>\n<meta property=\"og:image\" content=\"https:\/\/akerkimya.com\/eticaret\/wp-content\/uploads\/2025\/01\/CINKO-KLORUR-GUNCEL-.png\" \/>\n\t<meta property=\"og:image:width\" content=\"1000\" \/>\n\t<meta property=\"og:image:height\" content=\"1000\" \/>\n\t<meta property=\"og:image:type\" content=\"image\/png\" \/>\n<meta name=\"twitter:card\" content=\"summary_large_image\" \/>\n<meta name=\"twitter:label1\" content=\"Tahmini okuma s\u00fcresi\" \/>\n\t<meta name=\"twitter:data1\" content=\"4 dakika\" \/>\n<script type=\"application\/ld+json\" class=\"yoast-schema-graph\">{\"@context\":\"https:\/\/schema.org\",\"@graph\":[{\"@type\":\"WebPage\",\"@id\":\"https:\/\/akerkimya.com\/eticaret\/urun\/cinko-klorur\/\",\"url\":\"https:\/\/akerkimya.com\/eticaret\/urun\/cinko-klorur\/\",\"name\":\"\u00c7\u0130NKO KLOR\u00dcR - Akerkimya\",\"isPartOf\":{\"@id\":\"https:\/\/akerkimya.com\/eticaret\/#website\"},\"datePublished\":\"2024-12-31T22:49:41+00:00\",\"dateModified\":\"2026-03-29T23:23:53+00:00\",\"breadcrumb\":{\"@id\":\"https:\/\/akerkimya.com\/eticaret\/urun\/cinko-klorur\/#breadcrumb\"},\"inLanguage\":\"tr\",\"potentialAction\":[{\"@type\":\"ReadAction\",\"target\":[\"https:\/\/akerkimya.com\/eticaret\/urun\/cinko-klorur\/\"]}]},{\"@type\":\"BreadcrumbList\",\"@id\":\"https:\/\/akerkimya.com\/eticaret\/urun\/cinko-klorur\/#breadcrumb\",\"itemListElement\":[{\"@type\":\"ListItem\",\"position\":1,\"name\":\"Home\",\"item\":\"https:\/\/akerkimya.com\/eticaret\/\"},{\"@type\":\"ListItem\",\"position\":2,\"name\":\"Market\",\"item\":\"https:\/\/akerkimya.com\/eticaret\/market\/\"},{\"@type\":\"ListItem\",\"position\":3,\"name\":\"\u00c7\u0130NKO KLOR\u00dcR\"}]},{\"@type\":\"WebSite\",\"@id\":\"https:\/\/akerkimya.com\/eticaret\/#website\",\"url\":\"https:\/\/akerkimya.com\/eticaret\/\",\"name\":\"Akerkimya\",\"description\":\"\",\"potentialAction\":[{\"@type\":\"SearchAction\",\"target\":{\"@type\":\"EntryPoint\",\"urlTemplate\":\"https:\/\/akerkimya.com\/eticaret\/?s={search_term_string}\"},\"query-input\":\"required name=search_term_string\"}],\"inLanguage\":\"tr\"}]}<\/script>\n<!-- \/ Yoast SEO Premium plugin. -->","yoast_head_json":{"title":"\u00c7\u0130NKO KLOR\u00dcR - Akerkimya","robots":{"index":"index","follow":"follow","max-snippet":"max-snippet:-1","max-image-preview":"max-image-preview:large","max-video-preview":"max-video-preview:-1"},"canonical":"https:\/\/akerkimya.com\/eticaret\/urun\/cinko-klorur\/","og_locale":"tr_TR","og_type":"article","og_title":"\u00c7\u0130NKO KLOR\u00dcR","og_description":"\u00c7\u0130NKO KLOR\u00dcR \u00c7inko klor\u00fcr; ZnC12 form\u00fcl\u00fcne sahip, renksiz ya da beyaz renkli olan suda y\u00fcksek oranda \u00e7\u00f6z\u00fcnebilen, higroskopik \u00f6zellikte inorganik","og_url":"https:\/\/akerkimya.com\/eticaret\/urun\/cinko-klorur\/","og_site_name":"Akerkimya","article_modified_time":"2026-03-29T23:23:53+00:00","og_image":[{"width":1000,"height":1000,"url":"https:\/\/akerkimya.com\/eticaret\/wp-content\/uploads\/2025\/01\/CINKO-KLORUR-GUNCEL-.png","type":"image\/png"}],"twitter_card":"summary_large_image","twitter_misc":{"Tahmini okuma s\u00fcresi":"4 dakika"},"schema":{"@context":"https:\/\/schema.org","@graph":[{"@type":"WebPage","@id":"https:\/\/akerkimya.com\/eticaret\/urun\/cinko-klorur\/","url":"https:\/\/akerkimya.com\/eticaret\/urun\/cinko-klorur\/","name":"\u00c7\u0130NKO KLOR\u00dcR - Akerkimya","isPartOf":{"@id":"https:\/\/akerkimya.com\/eticaret\/#website"},"datePublished":"2024-12-31T22:49:41+00:00","dateModified":"2026-03-29T23:23:53+00:00","breadcrumb":{"@id":"https:\/\/akerkimya.com\/eticaret\/urun\/cinko-klorur\/#breadcrumb"},"inLanguage":"tr","potentialAction":[{"@type":"ReadAction","target":["https:\/\/akerkimya.com\/eticaret\/urun\/cinko-klorur\/"]}]},{"@type":"BreadcrumbList","@id":"https:\/\/akerkimya.com\/eticaret\/urun\/cinko-klorur\/#breadcrumb","itemListElement":[{"@type":"ListItem","position":1,"name":"Home","item":"https:\/\/akerkimya.com\/eticaret\/"},{"@type":"ListItem","position":2,"name":"Market","item":"https:\/\/akerkimya.com\/eticaret\/market\/"},{"@type":"ListItem","position":3,"name":"\u00c7\u0130NKO KLOR\u00dcR"}]},{"@type":"WebSite","@id":"https:\/\/akerkimya.com\/eticaret\/#website","url":"https:\/\/akerkimya.com\/eticaret\/","name":"Akerkimya","description":"","potentialAction":[{"@type":"SearchAction","target":{"@type":"EntryPoint","urlTemplate":"https:\/\/akerkimya.com\/eticaret\/?s={search_term_string}"},"query-input":"required name=search_term_string"}],"inLanguage":"tr"}]}},"_links":{"self":[{"href":"https:\/\/akerkimya.com\/eticaret\/wp-json\/wp\/v2\/product\/16560","targetHints":{"allow":["GET"]}}],"collection":[{"href":"https:\/\/akerkimya.com\/eticaret\/wp-json\/wp\/v2\/product"}],"about":[{"href":"https:\/\/akerkimya.com\/eticaret\/wp-json\/wp\/v2\/types\/product"}],"replies":[{"embeddable":true,"href":"https:\/\/akerkimya.com\/eticaret\/wp-json\/wp\/v2\/comments?post=16560"}],"version-history":[{"count":2,"href":"https:\/\/akerkimya.com\/eticaret\/wp-json\/wp\/v2\/product\/16560\/revisions"}],"predecessor-version":[{"id":16655,"href":"https:\/\/akerkimya.com\/eticaret\/wp-json\/wp\/v2\/product\/16560\/revisions\/16655"}],"wp:featuredmedia":[{"embeddable":true,"href":"https:\/\/akerkimya.com\/eticaret\/wp-json\/wp\/v2\/media\/16561"}],"wp:attachment":[{"href":"https:\/\/akerkimya.com\/eticaret\/wp-json\/wp\/v2\/media?parent=16560"}],"wp:term":[{"taxonomy":"product_cat","embeddable":true,"href":"https:\/\/akerkimya.com\/eticaret\/wp-json\/wp\/v2\/product_cat?post=16560"},{"taxonomy":"product_tag","embeddable":true,"href":"https:\/\/akerkimya.com\/eticaret\/wp-json\/wp\/v2\/product_tag?post=16560"}],"curies":[{"name":"wp","href":"https:\/\/api.w.org\/{rel}","templated":true}]}}