{"id":16583,"date":"2025-01-01T03:19:59","date_gmt":"2025-01-01T00:19:59","guid":{"rendered":"https:\/\/akerkimya.com\/eticaret\/?post_type=product&#038;p=16583"},"modified":"2026-03-30T02:23:54","modified_gmt":"2026-03-29T23:23:54","slug":"potasyum-aluminyum-sulfat","status":"publish","type":"product","link":"https:\/\/akerkimya.com\/eticaret\/urun\/potasyum-aluminyum-sulfat\/","title":{"rendered":"POTASYUM AL\u00dcM\u0130NYUM S\u00dcLFAT"},"content":{"rendered":"<h1>POTASYUM AL\u00dcM\u0130NYUM S\u00dcLFAT<\/h1>\n<p><strong>Potasyum Al\u00fcminyum s\u00fclfat, KAI(SO4)2 form\u00fcl\u00fcne sahip \u015fap olarak da bilinen inorganik bir maddedir. Potasyum s\u00fclfat ve al\u00fcminyum s\u00fclfat\u0131n kristal su i\u00e7eren \u00e7ift tuzudur. <\/strong><strong>Potasyum al\u00fcminyum\u00a0\u00a0dodekahidrat, do\u011fada alum- (K) ad\u0131 verilen bir s\u00fclfat minerali olarak, tipik olarak s\u00fclf\u00fcr minerallerinin ve potasyum ta\u015f\u0131yan minerallerin ayr\u0131\u015fmas\u0131 ve y\u00fckseltgendi\u011fi yerlerdeki kayalarda kabukla\u015fma olarak meydana gelir.<\/strong><\/p>\n<p><strong>\u00a0<\/strong><\/p>\n<p><strong>POTASYUM AL\u00dcM\u0130NYUM S\u00dcLFAT \u00d6ZELL\u0130KLER\u0130<\/strong><\/p>\n<p><strong>Beyaz ince kristal formundad\u0131r ve Islak metalik kokusu vard\u0131r.<\/strong><\/p>\n<p><strong>So\u011fuk ve ek\u015fi bir tada sahiptir.<\/strong><\/p>\n<p><strong>Aseton i\u00e7inde \u00e7\u00f6z\u00fcnmez.<\/strong><\/p>\n<p><strong>Kat\u0131ld\u0131\u011f\u0131 suya rengini vermez.<\/strong><\/p>\n<p><strong>Sulu \u00e7\u00f6zeltisi asidiktir ve kolloidal bir al\u00fcminyum hidroksit \u00e7\u00f6zeltisi olu\u015fturmak i\u00e7in suda hidrolize edilir.<\/strong><\/p>\n<p><strong>Glisorelde yava\u015f \u00e7\u00f6z\u00fcn\u00fcr, etanol ve asetonda \u00e7\u00f6z\u00fcnmez.<\/strong><\/p>\n<p><strong>\u00a0<\/strong><\/p>\n<p><strong>TEKN\u0130K \u00d6ZELL\u0130KLER\u0130<\/strong><\/p>\n<p><strong>CAS NUMARASI: 7784-24-9<\/strong><\/p>\n<p><strong>MOLEK\u00dcLER FORM\u00dcL: KAL(SO4)2 12H2O<\/strong><\/p>\n<p><strong>K\u0130MYASAL \u0130SM\u0130: Potasyum Al\u00fcminyum S\u00fclfat, \u015eap, Potasyum Alum<\/strong><\/p>\n<p><strong>MOLAR K\u00dcTLE: 474.388399 g\/mol <\/strong><\/p>\n<p><strong>YO\u011eUNLUK: 1.757 g\/cm\u00b3<\/strong><\/p>\n<p><strong>ER\u0130ME NOKTASI: 92 \u00b0C<\/strong><\/p>\n<p><strong>KAYNAMA NOKTASI: 330 \u00b0C<\/strong><\/p>\n<p><strong>\u00c7\u00d6Z\u00dcN\u00dcRL\u00dcK: 14,00 g\/100 Ml (20 \u00b0C)<\/strong><\/p>\n<p><strong>\u00a0\u00a0\u00a0\u00a0\u00a0\u00a0\u00a0\u00a0\u00a0\u00a0\u00a0\u00a0\u00a0\u00a0\u00a0\u00a0\u00a0\u00a0\u00a0\u00a0\u00a0\u00a0\u00a0\u00a0\u00a0\u00a0\u00a0 36,80 g\/Ml (50 \u00b0C)<\/strong><\/p>\n<p><strong>KIRILMA \u0130NDEKS\u0130: 1.4564<\/strong><\/p>\n<p><strong>\u00a0<\/strong><\/p>\n<p><strong>KULLANIM ALANLARI<\/strong><\/p>\n<p><strong>T\u0131p sekt\u00f6r\u00fcnde, temel olarak b\u00fcz\u00fcc\u00fc ya da kanamal\u0131 antiseptik olarak kullan\u0131l\u0131r.<\/strong><\/p>\n<p><strong>Deri ve z\u00fchrevi hastal\u0131klarda sivilceleri, a\u011f\u0131z ve pamuk\u00e7uk yaralar\u0131n\u0131 iyile\u015ftirmek ve o b\u00f6lgede tahri\u015fi azaltmak i\u00e7in kullan\u0131l\u0131r.<\/strong><\/p>\n<p><strong>Bask\u0131 ve boyama end\u00fcstrisinde mordan, geciktirici ve rezistans olarak kullan\u0131l\u0131r.<\/strong><\/p>\n<p><strong>Potasyum s\u00fclfat, %50 potasyum i\u00e7eri\u011fi ile tar\u0131mda yayg\u0131n olarak kullan\u0131lan <\/strong><\/p>\n<p><strong>V\u00fccut kokusundan sorumlu bakterileri engelleyerek k\u00f6t\u00fc kokuya etki eder. Terlemeyi \u00f6nleyici ve anti bakteriyel \u00f6zellikleri nedeniyle deodorantlarda kullan\u0131l\u0131r.<\/strong><\/p>\n<p><strong>Cam end\u00fcstrisinde \u00e7\u00f6keltme maddesi olarak kullan\u0131lmaktad\u0131r.<\/strong><\/p>\n<p><strong>Al\u00fcminyum tuzlar\u0131n\u0131n \u00fcretiminde hammadde olarak kullan\u0131l\u0131r.<\/strong><\/p>\n<p><strong>K\u00e2\u011f\u0131d\u0131n su direncini artt\u0131rmak i\u00e7in ha\u015f\u0131l maddesi olarak kullan\u0131l\u0131r. <\/strong><\/p>\n<p><strong>Analitik kimyada demir, manganez, antimon ve al\u00fcminyum tayini i\u00e7in kimyasal reaktif olarak kullan\u0131l\u0131r.<\/strong><\/p>\n<p><strong>Bakteriyel boyama i\u00e7in sertle\u015ftirici olarak kullan\u0131l\u0131r.<\/strong><\/p>\n<p><strong>Parf\u00fcm end\u00fcstrisinde yard\u0131mc\u0131 ajan olarak kullan\u0131l\u0131r.<\/strong><\/p>\n<p><strong>Banyonun ph\u2019\u0131n\u0131 stabilize etmek i\u00e7in s\u00fclfat \u00e7inko kaplamada tampon olarak kullan\u0131labilir.<\/strong><\/p>\n<p><strong>Suyu ar\u0131tmak i\u00e7in \u0131l\u0131k ve kullan\u0131ma uygun olarak kullan\u0131l\u0131r.<\/strong><\/p>\n<p><strong>Potasyum al\u00fcminyum s\u00fclfat, s\u00fclfat galvanizleme, f\u0131r\u00e7a galvanizleme ve magnezyum ala\u015f\u0131mlar\u0131n\u0131n kimyasal oksidasyonu i\u00e7in kullan\u0131l\u0131r.<\/strong><\/p>\n<p><strong>G\u0131da geli\u015ftirici ve mayalama maddesi olarak k\u0131zarm\u0131\u015f hamur \u00e7ubuklar\u0131, eri\u015fte, pirin\u00e7 eri\u015ftesi gibi katk\u0131 maddesi olarak kullan\u0131l\u0131r.<\/strong><\/p>\n<p><strong>\u00a0<\/strong><\/p>\n<p><strong>AMBALAJ<\/strong><\/p>\n<p><strong>1-5-25 kg torbalar halinde<\/strong><\/p>\n<p><strong>\u00a0<\/strong><\/p>\n<p><strong>DEPOLAMA<\/strong><\/p>\n<p><strong>Serin ve kuru bir alanda torba a\u00e7\u0131k olmayacak \u015fekilde muhafaza ediniz.<\/strong><\/p>\n<p><strong>\u00a0<\/strong><\/p>\n<p><strong>\u00a0<\/strong><\/p>\n<p><strong>\u00a0<\/strong><\/p>\n","protected":false},"excerpt":{"rendered":"<p>POTASYUM AL\u00dcM\u0130NYUM S\u00dcLFAT Potasyum Al\u00fcminyum s\u00fclfat, KAI(SO4)2 form\u00fcl\u00fcne sahip \u015fap olarak da bilinen inorganik bir maddedir. Potasyum s\u00fclfat ve al\u00fcminyum<\/p>\n","protected":false},"featured_media":16584,"comment_status":"open","ping_status":"closed","template":"","meta":{"_joinchat":[]},"product_cat":[70,72,74,76,79,80],"product_tag":[],"class_list":{"0":"post-16583","1":"product","2":"type-product","3":"status-publish","4":"has-post-thumbnail","6":"product_cat-boya-ve-yapi-kimyasallar","7":"product_cat-cam-ve-seramik-kimyasallari","8":"product_cat-deterjan-ve-kozmetik-kimyasallari","9":"product_cat-gida-ve-katki-kimyasallari","10":"product_cat-tarim-kimyasallari","11":"product_cat-veteriner-ve-ilac-kimyasallari","13":"first","14":"instock","15":"shipping-taxable","16":"purchasable","17":"product-type-variable"},"yoast_head":"<!-- This site is optimized with the Yoast SEO Premium plugin v20.2.1 (Yoast SEO v20.2.1) - https:\/\/yoast.com\/wordpress\/plugins\/seo\/ -->\n<title>POTASYUM AL\u00dcM\u0130NYUM S\u00dcLFAT - Akerkimya<\/title>\n<meta name=\"robots\" content=\"index, follow, max-snippet:-1, max-image-preview:large, max-video-preview:-1\" \/>\n<link rel=\"canonical\" href=\"https:\/\/akerkimya.com\/eticaret\/urun\/potasyum-aluminyum-sulfat\/\" \/>\n<meta property=\"og:locale\" content=\"tr_TR\" \/>\n<meta property=\"og:type\" content=\"article\" \/>\n<meta property=\"og:title\" content=\"POTASYUM AL\u00dcM\u0130NYUM S\u00dcLFAT\" \/>\n<meta property=\"og:description\" content=\"POTASYUM AL\u00dcM\u0130NYUM S\u00dcLFAT Potasyum Al\u00fcminyum s\u00fclfat, KAI(SO4)2 form\u00fcl\u00fcne sahip \u015fap olarak da bilinen inorganik bir maddedir. Potasyum s\u00fclfat ve al\u00fcminyum\" \/>\n<meta property=\"og:url\" content=\"https:\/\/akerkimya.com\/eticaret\/urun\/potasyum-aluminyum-sulfat\/\" \/>\n<meta property=\"og:site_name\" content=\"Akerkimya\" \/>\n<meta property=\"article:modified_time\" content=\"2026-03-29T23:23:54+00:00\" \/>\n<meta property=\"og:image\" content=\"https:\/\/akerkimya.com\/eticaret\/wp-content\/uploads\/2025\/01\/Potasyum-Aluminyum-Sulfat-GUNCEL.png\" \/>\n\t<meta property=\"og:image:width\" content=\"1000\" \/>\n\t<meta property=\"og:image:height\" content=\"1000\" \/>\n\t<meta property=\"og:image:type\" content=\"image\/png\" \/>\n<meta name=\"twitter:card\" content=\"summary_large_image\" \/>\n<meta name=\"twitter:label1\" content=\"Tahmini okuma s\u00fcresi\" \/>\n\t<meta name=\"twitter:data1\" content=\"2 dakika\" \/>\n<script type=\"application\/ld+json\" class=\"yoast-schema-graph\">{\"@context\":\"https:\/\/schema.org\",\"@graph\":[{\"@type\":\"WebPage\",\"@id\":\"https:\/\/akerkimya.com\/eticaret\/urun\/potasyum-aluminyum-sulfat\/\",\"url\":\"https:\/\/akerkimya.com\/eticaret\/urun\/potasyum-aluminyum-sulfat\/\",\"name\":\"POTASYUM AL\u00dcM\u0130NYUM S\u00dcLFAT - Akerkimya\",\"isPartOf\":{\"@id\":\"https:\/\/akerkimya.com\/eticaret\/#website\"},\"datePublished\":\"2025-01-01T00:19:59+00:00\",\"dateModified\":\"2026-03-29T23:23:54+00:00\",\"breadcrumb\":{\"@id\":\"https:\/\/akerkimya.com\/eticaret\/urun\/potasyum-aluminyum-sulfat\/#breadcrumb\"},\"inLanguage\":\"tr\",\"potentialAction\":[{\"@type\":\"ReadAction\",\"target\":[\"https:\/\/akerkimya.com\/eticaret\/urun\/potasyum-aluminyum-sulfat\/\"]}]},{\"@type\":\"BreadcrumbList\",\"@id\":\"https:\/\/akerkimya.com\/eticaret\/urun\/potasyum-aluminyum-sulfat\/#breadcrumb\",\"itemListElement\":[{\"@type\":\"ListItem\",\"position\":1,\"name\":\"Home\",\"item\":\"https:\/\/akerkimya.com\/eticaret\/\"},{\"@type\":\"ListItem\",\"position\":2,\"name\":\"Market\",\"item\":\"https:\/\/akerkimya.com\/eticaret\/market\/\"},{\"@type\":\"ListItem\",\"position\":3,\"name\":\"POTASYUM AL\u00dcM\u0130NYUM S\u00dcLFAT\"}]},{\"@type\":\"WebSite\",\"@id\":\"https:\/\/akerkimya.com\/eticaret\/#website\",\"url\":\"https:\/\/akerkimya.com\/eticaret\/\",\"name\":\"Akerkimya\",\"description\":\"\",\"potentialAction\":[{\"@type\":\"SearchAction\",\"target\":{\"@type\":\"EntryPoint\",\"urlTemplate\":\"https:\/\/akerkimya.com\/eticaret\/?s={search_term_string}\"},\"query-input\":\"required name=search_term_string\"}],\"inLanguage\":\"tr\"}]}<\/script>\n<!-- \/ Yoast SEO Premium plugin. -->","yoast_head_json":{"title":"POTASYUM AL\u00dcM\u0130NYUM S\u00dcLFAT - Akerkimya","robots":{"index":"index","follow":"follow","max-snippet":"max-snippet:-1","max-image-preview":"max-image-preview:large","max-video-preview":"max-video-preview:-1"},"canonical":"https:\/\/akerkimya.com\/eticaret\/urun\/potasyum-aluminyum-sulfat\/","og_locale":"tr_TR","og_type":"article","og_title":"POTASYUM AL\u00dcM\u0130NYUM S\u00dcLFAT","og_description":"POTASYUM AL\u00dcM\u0130NYUM S\u00dcLFAT Potasyum Al\u00fcminyum s\u00fclfat, KAI(SO4)2 form\u00fcl\u00fcne sahip \u015fap olarak da bilinen inorganik bir maddedir. Potasyum s\u00fclfat ve al\u00fcminyum","og_url":"https:\/\/akerkimya.com\/eticaret\/urun\/potasyum-aluminyum-sulfat\/","og_site_name":"Akerkimya","article_modified_time":"2026-03-29T23:23:54+00:00","og_image":[{"width":1000,"height":1000,"url":"https:\/\/akerkimya.com\/eticaret\/wp-content\/uploads\/2025\/01\/Potasyum-Aluminyum-Sulfat-GUNCEL.png","type":"image\/png"}],"twitter_card":"summary_large_image","twitter_misc":{"Tahmini okuma s\u00fcresi":"2 dakika"},"schema":{"@context":"https:\/\/schema.org","@graph":[{"@type":"WebPage","@id":"https:\/\/akerkimya.com\/eticaret\/urun\/potasyum-aluminyum-sulfat\/","url":"https:\/\/akerkimya.com\/eticaret\/urun\/potasyum-aluminyum-sulfat\/","name":"POTASYUM AL\u00dcM\u0130NYUM S\u00dcLFAT - Akerkimya","isPartOf":{"@id":"https:\/\/akerkimya.com\/eticaret\/#website"},"datePublished":"2025-01-01T00:19:59+00:00","dateModified":"2026-03-29T23:23:54+00:00","breadcrumb":{"@id":"https:\/\/akerkimya.com\/eticaret\/urun\/potasyum-aluminyum-sulfat\/#breadcrumb"},"inLanguage":"tr","potentialAction":[{"@type":"ReadAction","target":["https:\/\/akerkimya.com\/eticaret\/urun\/potasyum-aluminyum-sulfat\/"]}]},{"@type":"BreadcrumbList","@id":"https:\/\/akerkimya.com\/eticaret\/urun\/potasyum-aluminyum-sulfat\/#breadcrumb","itemListElement":[{"@type":"ListItem","position":1,"name":"Home","item":"https:\/\/akerkimya.com\/eticaret\/"},{"@type":"ListItem","position":2,"name":"Market","item":"https:\/\/akerkimya.com\/eticaret\/market\/"},{"@type":"ListItem","position":3,"name":"POTASYUM AL\u00dcM\u0130NYUM S\u00dcLFAT"}]},{"@type":"WebSite","@id":"https:\/\/akerkimya.com\/eticaret\/#website","url":"https:\/\/akerkimya.com\/eticaret\/","name":"Akerkimya","description":"","potentialAction":[{"@type":"SearchAction","target":{"@type":"EntryPoint","urlTemplate":"https:\/\/akerkimya.com\/eticaret\/?s={search_term_string}"},"query-input":"required name=search_term_string"}],"inLanguage":"tr"}]}},"_links":{"self":[{"href":"https:\/\/akerkimya.com\/eticaret\/wp-json\/wp\/v2\/product\/16583","targetHints":{"allow":["GET"]}}],"collection":[{"href":"https:\/\/akerkimya.com\/eticaret\/wp-json\/wp\/v2\/product"}],"about":[{"href":"https:\/\/akerkimya.com\/eticaret\/wp-json\/wp\/v2\/types\/product"}],"replies":[{"embeddable":true,"href":"https:\/\/akerkimya.com\/eticaret\/wp-json\/wp\/v2\/comments?post=16583"}],"version-history":[{"count":2,"href":"https:\/\/akerkimya.com\/eticaret\/wp-json\/wp\/v2\/product\/16583\/revisions"}],"predecessor-version":[{"id":16652,"href":"https:\/\/akerkimya.com\/eticaret\/wp-json\/wp\/v2\/product\/16583\/revisions\/16652"}],"wp:featuredmedia":[{"embeddable":true,"href":"https:\/\/akerkimya.com\/eticaret\/wp-json\/wp\/v2\/media\/16584"}],"wp:attachment":[{"href":"https:\/\/akerkimya.com\/eticaret\/wp-json\/wp\/v2\/media?parent=16583"}],"wp:term":[{"taxonomy":"product_cat","embeddable":true,"href":"https:\/\/akerkimya.com\/eticaret\/wp-json\/wp\/v2\/product_cat?post=16583"},{"taxonomy":"product_tag","embeddable":true,"href":"https:\/\/akerkimya.com\/eticaret\/wp-json\/wp\/v2\/product_tag?post=16583"}],"curies":[{"name":"wp","href":"https:\/\/api.w.org\/{rel}","templated":true}]}}