{"id":16589,"date":"2025-01-01T03:23:39","date_gmt":"2025-01-01T00:23:39","guid":{"rendered":"https:\/\/akerkimya.com\/eticaret\/?post_type=product&#038;p=16589"},"modified":"2026-03-30T02:23:54","modified_gmt":"2026-03-29T23:23:54","slug":"potasyum-hidroksit","status":"publish","type":"product","link":"https:\/\/akerkimya.com\/eticaret\/urun\/potasyum-hidroksit\/","title":{"rendered":"POTASYUM H\u0130DROKS\u0130T"},"content":{"rendered":"<h1>POTASYUM H\u0130DROKS\u0130T<\/h1>\n<p><strong>Potasyum Hidroksit bir kimyasal bile\u015fik olup Akkor derecede u\u00e7ucu olan\u00a0360 \u00b0C\u2019de eriyen suda \u0131s\u0131 a\u00e7\u0131\u011fa \u00e7\u0131karan \u00e7\u00f6z\u00fcnen beyaz kat\u0131 bir maddedir. Alkalik bir baz olan Potasyum Hidroksit geni\u015f bir kullan\u0131m alan\u0131na sahiptir. Di\u011fer ad\u0131 Potas Kostik olarak bilinir. Su, alkol ve gliserinde \u00e7\u00f6z\u00fcn\u00fcr. Eter ve s\u0131v\u0131 amonyakta \u00e7\u00f6z\u00fcnmez. Suda erime esnas\u0131nda \u0131s\u0131 a\u00e7\u0131\u011fa \u00e7\u0131kar\u0131r. Yan\u0131c\u0131 de\u011fildir.<\/strong><\/p>\n<p><strong>\u00a0<\/strong><\/p>\n<p><strong>Formun \u00dcst\u00fc<\/strong><\/p>\n<p><strong>Formun Alt\u0131<\/strong><\/p>\n<p><strong>POTASYUM H\u0130DROKS\u0130T TEKN\u0130K \u00d6ZELL\u0130KLER<\/strong><\/p>\n<p><strong>CAS NO: 1310-58-3<\/strong><\/p>\n<p><strong>PUBCHEM: 14797<\/strong><\/p>\n<p><strong>EC NO: 215-181-3<\/strong><\/p>\n<p><strong>FORM\u00dcL\u00dc: KOH<\/strong><\/p>\n<p><strong>MOLEK\u00dcLER K\u00dcTLE: 56,11 gr\/mol<\/strong><\/p>\n<p><strong>G\u00d6R\u00dcN\u00dcM: Beyaz kat\u0131<\/strong><\/p>\n<p><strong>YO\u011eUNLUK: 20,44 gr\/cm3<\/strong><\/p>\n<p><strong>ER\u0130ME NOKTASI: 406 \u00b0C<\/strong><\/p>\n<p><strong>KAYNAMA NOKTASI: 1327 \u00b0C<\/strong><\/p>\n<p><strong>\u00a0<\/strong><\/p>\n<p><strong>POTASYUM H\u0130DROKS\u0130T KULLANIM ALANLARI<\/strong><\/p>\n<p><strong>Temizlik alan\u0131nda Arap sabunu, s\u0131v\u0131 sabun, tras sabunu ve bir\u00e7ok temizlik malzemesinin imalat\u0131nda kullan\u0131l\u0131r.<\/strong><\/p>\n<p><strong>S\u0131v\u0131 tahliye temizleyicileri %25-35 aras\u0131nda KOH i\u00e7erir.<\/strong><\/p>\n<p><strong>Tar\u0131mda s\u0131v\u0131 g\u00fcbre imalat\u0131nda,herbisitlerde,pestisitlerde ,asidik topraklar\u0131n ph derecesini dengelemede ve tar\u0131m ila\u00e7lar\u0131n\u0131n b\u00f6cek ve yabani ot \u00f6ld\u00fcr\u00fcc\u00fc i\u00e7eriklerinde kullan\u0131l\u0131r.<\/strong><\/p>\n<p><strong>T\u0131p alan\u0131nda si\u011fil tedavisinde, end\u00fcstriyel kimyada kullan\u0131l\u0131r.<\/strong><\/p>\n<p><strong>Veterinerlikte hayvan ila\u00e7lar\u0131n\u0131n \u00fcretiminde kullan\u0131l\u0131r.<\/strong><\/p>\n<p><strong>Karbondioksit tutucu \u00f6zelli\u011finden bitkisel deneylerde yararlan\u0131l\u0131r.<\/strong><\/p>\n<p><strong>S\u00fct \u00fcr\u00fcnlerinde n\u00f6tralizasyon ama\u00e7l\u0131 kullan\u0131l\u0131r.<\/strong><\/p>\n<p><strong>Sodyum seviyesinin s\u0131n\u0131rl\u0131 olmas\u0131 gereken yerlerde kullan\u0131l\u0131r.<\/strong><\/p>\n<p><strong>G\u0131dalarda ph ayarlamada stabilizat\u00f6r ve k\u0131vam artt\u0131r\u0131c\u0131 olarak kullan\u0131l\u0131r.<\/strong><\/p>\n<p><strong>Boyar madde ve kau\u00e7uk madde \u00fcretiminde, organik sentezlerde kullan\u0131l\u0131r.<\/strong><\/p>\n<p><strong>Pigment \u00fcretiminde boya, bask\u0131 m\u00fcrekkebi ve verniklerde, boya s\u00f6k\u00fcc\u00fclerde, foto\u011fraf\u00e7\u0131l\u0131k alan\u0131nda ve litografide, alkali ak\u00fc pillerinde, Elektro kaplamalarda potasyum hidroksit kullan\u0131l\u0131r.<\/strong><\/p>\n<p><strong>Potasyum hidroksit di\u011fer potasyum bile\u015fiklerinin olu\u015fumunda ana maddedir.<\/strong><\/p>\n<p><strong>AMBALAJ<\/strong><\/p>\n<p><strong>1-5-25 kg torbalar halinde<\/strong><\/p>\n<p><strong>\u00a0<\/strong><\/p>\n<p><strong>\u00a0DEPOLAMA<\/strong><\/p>\n<p><strong>G\u00fcne\u015f \u0131\u015f\u0131\u011f\u0131na temas etmeyen kuru ve serin yerlerde muhafaza ediniz.<\/strong><\/p>\n<p><strong>\u00a0<\/strong><\/p>\n","protected":false},"excerpt":{"rendered":"<p>POTASYUM H\u0130DROKS\u0130T Potasyum Hidroksit bir kimyasal bile\u015fik olup Akkor derecede u\u00e7ucu olan\u00a0360 \u00b0C\u2019de eriyen suda \u0131s\u0131 a\u00e7\u0131\u011fa \u00e7\u0131karan \u00e7\u00f6z\u00fcnen beyaz<\/p>\n","protected":false},"featured_media":16590,"comment_status":"open","ping_status":"closed","template":"","meta":{"_joinchat":[]},"product_cat":[70,74,76,79,80],"product_tag":[],"class_list":{"0":"post-16589","1":"product","2":"type-product","3":"status-publish","4":"has-post-thumbnail","6":"product_cat-boya-ve-yapi-kimyasallar","7":"product_cat-deterjan-ve-kozmetik-kimyasallari","8":"product_cat-gida-ve-katki-kimyasallari","9":"product_cat-tarim-kimyasallari","10":"product_cat-veteriner-ve-ilac-kimyasallari","12":"first","13":"instock","14":"shipping-taxable","15":"purchasable","16":"product-type-variable"},"yoast_head":"<!-- This site is optimized with the Yoast SEO Premium plugin v20.2.1 (Yoast SEO v20.2.1) - https:\/\/yoast.com\/wordpress\/plugins\/seo\/ -->\n<title>POTASYUM H\u0130DROKS\u0130T - Akerkimya<\/title>\n<meta name=\"robots\" content=\"index, follow, max-snippet:-1, max-image-preview:large, max-video-preview:-1\" \/>\n<link rel=\"canonical\" href=\"https:\/\/akerkimya.com\/eticaret\/urun\/potasyum-hidroksit\/\" \/>\n<meta property=\"og:locale\" content=\"tr_TR\" \/>\n<meta property=\"og:type\" content=\"article\" \/>\n<meta property=\"og:title\" content=\"POTASYUM H\u0130DROKS\u0130T\" \/>\n<meta property=\"og:description\" content=\"POTASYUM H\u0130DROKS\u0130T Potasyum Hidroksit bir kimyasal bile\u015fik olup Akkor derecede u\u00e7ucu olan\u00a0360 \u00b0C\u2019de eriyen suda \u0131s\u0131 a\u00e7\u0131\u011fa \u00e7\u0131karan \u00e7\u00f6z\u00fcnen beyaz\" \/>\n<meta property=\"og:url\" content=\"https:\/\/akerkimya.com\/eticaret\/urun\/potasyum-hidroksit\/\" \/>\n<meta property=\"og:site_name\" content=\"Akerkimya\" \/>\n<meta property=\"article:modified_time\" content=\"2026-03-29T23:23:54+00:00\" \/>\n<meta property=\"og:image\" content=\"https:\/\/akerkimya.com\/eticaret\/wp-content\/uploads\/2025\/01\/Potasyum-Hidroksit-GUNCEL.png\" \/>\n\t<meta property=\"og:image:width\" content=\"1000\" \/>\n\t<meta property=\"og:image:height\" content=\"1000\" \/>\n\t<meta property=\"og:image:type\" content=\"image\/png\" \/>\n<meta name=\"twitter:card\" content=\"summary_large_image\" \/>\n<meta name=\"twitter:label1\" content=\"Tahmini okuma s\u00fcresi\" \/>\n\t<meta name=\"twitter:data1\" content=\"2 dakika\" \/>\n<script type=\"application\/ld+json\" class=\"yoast-schema-graph\">{\"@context\":\"https:\/\/schema.org\",\"@graph\":[{\"@type\":\"WebPage\",\"@id\":\"https:\/\/akerkimya.com\/eticaret\/urun\/potasyum-hidroksit\/\",\"url\":\"https:\/\/akerkimya.com\/eticaret\/urun\/potasyum-hidroksit\/\",\"name\":\"POTASYUM H\u0130DROKS\u0130T - Akerkimya\",\"isPartOf\":{\"@id\":\"https:\/\/akerkimya.com\/eticaret\/#website\"},\"datePublished\":\"2025-01-01T00:23:39+00:00\",\"dateModified\":\"2026-03-29T23:23:54+00:00\",\"breadcrumb\":{\"@id\":\"https:\/\/akerkimya.com\/eticaret\/urun\/potasyum-hidroksit\/#breadcrumb\"},\"inLanguage\":\"tr\",\"potentialAction\":[{\"@type\":\"ReadAction\",\"target\":[\"https:\/\/akerkimya.com\/eticaret\/urun\/potasyum-hidroksit\/\"]}]},{\"@type\":\"BreadcrumbList\",\"@id\":\"https:\/\/akerkimya.com\/eticaret\/urun\/potasyum-hidroksit\/#breadcrumb\",\"itemListElement\":[{\"@type\":\"ListItem\",\"position\":1,\"name\":\"Home\",\"item\":\"https:\/\/akerkimya.com\/eticaret\/\"},{\"@type\":\"ListItem\",\"position\":2,\"name\":\"Market\",\"item\":\"https:\/\/akerkimya.com\/eticaret\/market\/\"},{\"@type\":\"ListItem\",\"position\":3,\"name\":\"POTASYUM H\u0130DROKS\u0130T\"}]},{\"@type\":\"WebSite\",\"@id\":\"https:\/\/akerkimya.com\/eticaret\/#website\",\"url\":\"https:\/\/akerkimya.com\/eticaret\/\",\"name\":\"Akerkimya\",\"description\":\"\",\"potentialAction\":[{\"@type\":\"SearchAction\",\"target\":{\"@type\":\"EntryPoint\",\"urlTemplate\":\"https:\/\/akerkimya.com\/eticaret\/?s={search_term_string}\"},\"query-input\":\"required name=search_term_string\"}],\"inLanguage\":\"tr\"}]}<\/script>\n<!-- \/ Yoast SEO Premium plugin. -->","yoast_head_json":{"title":"POTASYUM H\u0130DROKS\u0130T - Akerkimya","robots":{"index":"index","follow":"follow","max-snippet":"max-snippet:-1","max-image-preview":"max-image-preview:large","max-video-preview":"max-video-preview:-1"},"canonical":"https:\/\/akerkimya.com\/eticaret\/urun\/potasyum-hidroksit\/","og_locale":"tr_TR","og_type":"article","og_title":"POTASYUM H\u0130DROKS\u0130T","og_description":"POTASYUM H\u0130DROKS\u0130T Potasyum Hidroksit bir kimyasal bile\u015fik olup Akkor derecede u\u00e7ucu olan\u00a0360 \u00b0C\u2019de eriyen suda \u0131s\u0131 a\u00e7\u0131\u011fa \u00e7\u0131karan \u00e7\u00f6z\u00fcnen beyaz","og_url":"https:\/\/akerkimya.com\/eticaret\/urun\/potasyum-hidroksit\/","og_site_name":"Akerkimya","article_modified_time":"2026-03-29T23:23:54+00:00","og_image":[{"width":1000,"height":1000,"url":"https:\/\/akerkimya.com\/eticaret\/wp-content\/uploads\/2025\/01\/Potasyum-Hidroksit-GUNCEL.png","type":"image\/png"}],"twitter_card":"summary_large_image","twitter_misc":{"Tahmini okuma s\u00fcresi":"2 dakika"},"schema":{"@context":"https:\/\/schema.org","@graph":[{"@type":"WebPage","@id":"https:\/\/akerkimya.com\/eticaret\/urun\/potasyum-hidroksit\/","url":"https:\/\/akerkimya.com\/eticaret\/urun\/potasyum-hidroksit\/","name":"POTASYUM H\u0130DROKS\u0130T - Akerkimya","isPartOf":{"@id":"https:\/\/akerkimya.com\/eticaret\/#website"},"datePublished":"2025-01-01T00:23:39+00:00","dateModified":"2026-03-29T23:23:54+00:00","breadcrumb":{"@id":"https:\/\/akerkimya.com\/eticaret\/urun\/potasyum-hidroksit\/#breadcrumb"},"inLanguage":"tr","potentialAction":[{"@type":"ReadAction","target":["https:\/\/akerkimya.com\/eticaret\/urun\/potasyum-hidroksit\/"]}]},{"@type":"BreadcrumbList","@id":"https:\/\/akerkimya.com\/eticaret\/urun\/potasyum-hidroksit\/#breadcrumb","itemListElement":[{"@type":"ListItem","position":1,"name":"Home","item":"https:\/\/akerkimya.com\/eticaret\/"},{"@type":"ListItem","position":2,"name":"Market","item":"https:\/\/akerkimya.com\/eticaret\/market\/"},{"@type":"ListItem","position":3,"name":"POTASYUM H\u0130DROKS\u0130T"}]},{"@type":"WebSite","@id":"https:\/\/akerkimya.com\/eticaret\/#website","url":"https:\/\/akerkimya.com\/eticaret\/","name":"Akerkimya","description":"","potentialAction":[{"@type":"SearchAction","target":{"@type":"EntryPoint","urlTemplate":"https:\/\/akerkimya.com\/eticaret\/?s={search_term_string}"},"query-input":"required name=search_term_string"}],"inLanguage":"tr"}]}},"_links":{"self":[{"href":"https:\/\/akerkimya.com\/eticaret\/wp-json\/wp\/v2\/product\/16589","targetHints":{"allow":["GET"]}}],"collection":[{"href":"https:\/\/akerkimya.com\/eticaret\/wp-json\/wp\/v2\/product"}],"about":[{"href":"https:\/\/akerkimya.com\/eticaret\/wp-json\/wp\/v2\/types\/product"}],"replies":[{"embeddable":true,"href":"https:\/\/akerkimya.com\/eticaret\/wp-json\/wp\/v2\/comments?post=16589"}],"version-history":[{"count":3,"href":"https:\/\/akerkimya.com\/eticaret\/wp-json\/wp\/v2\/product\/16589\/revisions"}],"predecessor-version":[{"id":18974,"href":"https:\/\/akerkimya.com\/eticaret\/wp-json\/wp\/v2\/product\/16589\/revisions\/18974"}],"wp:featuredmedia":[{"embeddable":true,"href":"https:\/\/akerkimya.com\/eticaret\/wp-json\/wp\/v2\/media\/16590"}],"wp:attachment":[{"href":"https:\/\/akerkimya.com\/eticaret\/wp-json\/wp\/v2\/media?parent=16589"}],"wp:term":[{"taxonomy":"product_cat","embeddable":true,"href":"https:\/\/akerkimya.com\/eticaret\/wp-json\/wp\/v2\/product_cat?post=16589"},{"taxonomy":"product_tag","embeddable":true,"href":"https:\/\/akerkimya.com\/eticaret\/wp-json\/wp\/v2\/product_tag?post=16589"}],"curies":[{"name":"wp","href":"https:\/\/api.w.org\/{rel}","templated":true}]}}