{"id":16595,"date":"2025-01-01T03:29:04","date_gmt":"2025-01-01T00:29:04","guid":{"rendered":"https:\/\/akerkimya.com\/eticaret\/?post_type=product&#038;p=16595"},"modified":"2026-03-30T02:23:54","modified_gmt":"2026-03-29T23:23:54","slug":"potasyum-karbonat","status":"publish","type":"product","link":"https:\/\/akerkimya.com\/eticaret\/urun\/potasyum-karbonat\/","title":{"rendered":"POTASYUM KARBONAT"},"content":{"rendered":"<h1>POTASYUM KARBONAT<\/h1>\n<p><strong>\u00a0Tatar tuzu, inci k\u00fcl\u00fc olarak ta adland\u0131r\u0131l\u0131r. K2CO3 form\u00fcl\u00fcne sahip inorganik bile\u015fiktir. Karbonik asidin dipotasyum tuzudur<\/strong><strong>.<\/strong><strong> Kimyasal reaksiyonlarda bir kataliz\u00f6r g\u00f6revi vard\u0131r. <\/strong><\/p>\n<p><strong>\u00a0<\/strong><\/p>\n<p><strong>POTASYUM KARBONAT \u00d6ZELL\u0130KLER\u0130<\/strong><\/p>\n<p><strong>Alkali bir \u00f6zelli\u011fe sahiptir. Kokusuzdur<\/strong><\/p>\n<p><strong>Kristal, gran\u00fcl veya beyaz toz \u015feklinde g\u00f6r\u00fclebilir.<\/strong><\/p>\n<p><strong>Nemi absorbe etmek i\u00e7in b\u00fcy\u00fck kapasiteye sahiptir.<\/strong><\/p>\n<p><strong>\u00a0<\/strong><\/p>\n<p><strong>TEKN\u0130K \u00d6ZELL\u0130KLER\u0130<\/strong><\/p>\n<p><strong>MOLEK\u00dcL FORM\u00dcL\u00dc: K2CO3<\/strong><\/p>\n<p><strong>MOLEK\u00dcK K\u00dcTLES\u0130: 138.205 g\/mol<\/strong><\/p>\n<p><strong>G\u00d6R\u00dcN\u00dcM: Beyaz toz ve kristal<\/strong><\/p>\n<p><strong>YO\u011eUNLUK: 2.43<\/strong><strong> g\/cm3<\/strong><\/p>\n<p><strong>ER\u0130ME NOKTASI<\/strong><strong>: 891\u00b0 C<\/strong><\/p>\n<p><strong>\u00c7\u00d6Z\u00dcN\u00dcRL\u00dcK: Su i\u00e7inde \u00e7\u00f6z\u00fcn\u00fcr. Metanol, alkol, aseton da \u00e7\u00f6z\u00fcnmez.<\/strong><\/p>\n<p><strong>\u00a0<\/strong><\/p>\n<p><strong>KULLANIM ALANLARI<\/strong><\/p>\n<p><strong>Sabun, cam ve seramik \u00fcretiminde,<\/strong><\/p>\n<p><strong>Kakao tozunun alkalizasyonunda aromay\u0131 artt\u0131rmak i\u00e7in kullan\u0131l\u0131r.<\/strong><\/p>\n<p><strong>Hayvansal yem \u00fcretiminde,<\/strong><\/p>\n<p><strong>Patlay\u0131c\u0131 maddelerin i\u00e7erisinde,<\/strong><\/p>\n<p><strong>Kozmetik \u00fcr\u00fcnlerin i\u00e7erisinde,<\/strong><\/p>\n<p><strong>Alkoll\u00fc i\u00e7ecek yap\u0131m\u0131nda,<\/strong><\/p>\n<p><strong>Kimyasal boyalar\u0131n yap\u0131m a\u015famas\u0131nda,<\/strong><\/p>\n<p><strong>\u0130norganik tuzlar\u0131n \u00fcretim a\u015famas\u0131nda,<\/strong><\/p>\n<p><strong>Kaynak eritkenliklerinde ve ark kaynak \u00e7ubuklar\u0131ndan eritken kaplamas\u0131nda bile\u015fen olarak kullan\u0131l\u0131r.<\/strong><\/p>\n<p><strong>\u00c7ini yap\u0131m\u0131nda<\/strong><\/p>\n<p><strong>Yo\u011funla\u015ft\u0131r\u0131lm\u0131\u015f aerosol yang\u0131n s\u00f6nd\u00fcrmede,<\/strong><\/p>\n<p><strong>Bask\u0131 ticareti ve tekstil end\u00fcstrisinde,<\/strong><\/p>\n<p><strong>\u0130la\u00e7 end\u00fcstrisinde hammadde ve yard\u0131mc\u0131 katk\u0131 maddesi olarak, <\/strong><\/p>\n<p><strong>Baca gaz\u0131 ar\u0131t\u0131m sistemlerinde,<\/strong><\/p>\n<p><strong>Kimya sekt\u00f6r\u00fcnde,<\/strong><\/p>\n<p><strong>Asidik olan topraklarda g\u00fcbre olarak, <\/strong><\/p>\n<p><strong>D\u00fcnya mutfaklar\u0131 gibi bir\u00e7ok alanda kullan\u0131lmaktad\u0131r.<\/strong><\/p>\n<p><strong>\u00a0<\/strong><\/p>\n<p><strong>AMBALAJ<\/strong><\/p>\n<p><strong>1-5-25 kg kraft torba<\/strong><\/p>\n<p><strong>\u00a0<\/strong><\/p>\n<p><strong>DEPOLAMA<\/strong><\/p>\n<p><strong>\u00dcr\u00fcn kuru ve serin bir yerde saklanmal\u0131d\u0131r. Raf \u00f6mr\u00fc uygun \u015fartlarda 1 y\u0131ld\u0131r. \u0130stifleme \u00fcst \u00fcste 8 s\u0131ray\u0131 ge\u00e7memelidir.<\/strong><\/p>\n<p><strong>\u00a0<\/strong><\/p>\n<p><strong>D\u0130KKAT<\/strong><\/p>\n<p><strong>\u00dcr\u00fcn kullan\u0131m\u0131 bittikten sonra hava ile temas\u0131 kesilmelidir.<\/strong><\/p>\n<p><strong>\u00dcr\u00fcn kullan\u0131m\u0131 bittikten sonra hava ile temas\u0131 kesilmelidir.<\/strong><\/p>\n","protected":false},"excerpt":{"rendered":"<p>POTASYUM KARBONAT \u00a0Tatar tuzu, inci k\u00fcl\u00fc olarak ta adland\u0131r\u0131l\u0131r. K2CO3 form\u00fcl\u00fcne sahip inorganik bile\u015fiktir. Karbonik asidin dipotasyum tuzudur. Kimyasal reaksiyonlarda<\/p>\n","protected":false},"featured_media":16596,"comment_status":"open","ping_status":"closed","template":"","meta":{"_joinchat":[]},"product_cat":[70,74,76,80,81],"product_tag":[],"class_list":{"0":"post-16595","1":"product","2":"type-product","3":"status-publish","4":"has-post-thumbnail","6":"product_cat-boya-ve-yapi-kimyasallar","7":"product_cat-deterjan-ve-kozmetik-kimyasallari","8":"product_cat-gida-ve-katki-kimyasallari","9":"product_cat-veteriner-ve-ilac-kimyasallari","10":"product_cat-yem-katki-kimyasallari","12":"first","13":"instock","14":"shipping-taxable","15":"purchasable","16":"product-type-variable"},"yoast_head":"<!-- This site is optimized with the Yoast SEO Premium plugin v20.2.1 (Yoast SEO v20.2.1) - https:\/\/yoast.com\/wordpress\/plugins\/seo\/ -->\n<title>POTASYUM KARBONAT - Akerkimya<\/title>\n<meta name=\"robots\" content=\"index, follow, max-snippet:-1, max-image-preview:large, max-video-preview:-1\" \/>\n<link rel=\"canonical\" href=\"https:\/\/akerkimya.com\/eticaret\/urun\/potasyum-karbonat\/\" \/>\n<meta property=\"og:locale\" content=\"tr_TR\" \/>\n<meta property=\"og:type\" content=\"article\" \/>\n<meta property=\"og:title\" content=\"POTASYUM KARBONAT\" \/>\n<meta property=\"og:description\" content=\"POTASYUM KARBONAT \u00a0Tatar tuzu, inci k\u00fcl\u00fc olarak ta adland\u0131r\u0131l\u0131r. K2CO3 form\u00fcl\u00fcne sahip inorganik bile\u015fiktir. Karbonik asidin dipotasyum tuzudur. Kimyasal reaksiyonlarda\" \/>\n<meta property=\"og:url\" content=\"https:\/\/akerkimya.com\/eticaret\/urun\/potasyum-karbonat\/\" \/>\n<meta property=\"og:site_name\" content=\"Akerkimya\" \/>\n<meta property=\"article:modified_time\" content=\"2026-03-29T23:23:54+00:00\" \/>\n<meta property=\"og:image\" content=\"https:\/\/akerkimya.com\/eticaret\/wp-content\/uploads\/2025\/01\/POTASYUM-KARBONAT-GUNCEL.png\" \/>\n\t<meta property=\"og:image:width\" content=\"1000\" \/>\n\t<meta property=\"og:image:height\" content=\"1000\" \/>\n\t<meta property=\"og:image:type\" content=\"image\/png\" \/>\n<meta name=\"twitter:card\" content=\"summary_large_image\" \/>\n<meta name=\"twitter:label1\" content=\"Tahmini okuma s\u00fcresi\" \/>\n\t<meta name=\"twitter:data1\" content=\"1 dakika\" \/>\n<script type=\"application\/ld+json\" class=\"yoast-schema-graph\">{\"@context\":\"https:\/\/schema.org\",\"@graph\":[{\"@type\":\"WebPage\",\"@id\":\"https:\/\/akerkimya.com\/eticaret\/urun\/potasyum-karbonat\/\",\"url\":\"https:\/\/akerkimya.com\/eticaret\/urun\/potasyum-karbonat\/\",\"name\":\"POTASYUM KARBONAT - Akerkimya\",\"isPartOf\":{\"@id\":\"https:\/\/akerkimya.com\/eticaret\/#website\"},\"datePublished\":\"2025-01-01T00:29:04+00:00\",\"dateModified\":\"2026-03-29T23:23:54+00:00\",\"breadcrumb\":{\"@id\":\"https:\/\/akerkimya.com\/eticaret\/urun\/potasyum-karbonat\/#breadcrumb\"},\"inLanguage\":\"tr\",\"potentialAction\":[{\"@type\":\"ReadAction\",\"target\":[\"https:\/\/akerkimya.com\/eticaret\/urun\/potasyum-karbonat\/\"]}]},{\"@type\":\"BreadcrumbList\",\"@id\":\"https:\/\/akerkimya.com\/eticaret\/urun\/potasyum-karbonat\/#breadcrumb\",\"itemListElement\":[{\"@type\":\"ListItem\",\"position\":1,\"name\":\"Home\",\"item\":\"https:\/\/akerkimya.com\/eticaret\/\"},{\"@type\":\"ListItem\",\"position\":2,\"name\":\"Market\",\"item\":\"https:\/\/akerkimya.com\/eticaret\/market\/\"},{\"@type\":\"ListItem\",\"position\":3,\"name\":\"POTASYUM KARBONAT\"}]},{\"@type\":\"WebSite\",\"@id\":\"https:\/\/akerkimya.com\/eticaret\/#website\",\"url\":\"https:\/\/akerkimya.com\/eticaret\/\",\"name\":\"Akerkimya\",\"description\":\"\",\"potentialAction\":[{\"@type\":\"SearchAction\",\"target\":{\"@type\":\"EntryPoint\",\"urlTemplate\":\"https:\/\/akerkimya.com\/eticaret\/?s={search_term_string}\"},\"query-input\":\"required name=search_term_string\"}],\"inLanguage\":\"tr\"}]}<\/script>\n<!-- \/ Yoast SEO Premium plugin. -->","yoast_head_json":{"title":"POTASYUM KARBONAT - Akerkimya","robots":{"index":"index","follow":"follow","max-snippet":"max-snippet:-1","max-image-preview":"max-image-preview:large","max-video-preview":"max-video-preview:-1"},"canonical":"https:\/\/akerkimya.com\/eticaret\/urun\/potasyum-karbonat\/","og_locale":"tr_TR","og_type":"article","og_title":"POTASYUM KARBONAT","og_description":"POTASYUM KARBONAT \u00a0Tatar tuzu, inci k\u00fcl\u00fc olarak ta adland\u0131r\u0131l\u0131r. K2CO3 form\u00fcl\u00fcne sahip inorganik bile\u015fiktir. Karbonik asidin dipotasyum tuzudur. Kimyasal reaksiyonlarda","og_url":"https:\/\/akerkimya.com\/eticaret\/urun\/potasyum-karbonat\/","og_site_name":"Akerkimya","article_modified_time":"2026-03-29T23:23:54+00:00","og_image":[{"width":1000,"height":1000,"url":"https:\/\/akerkimya.com\/eticaret\/wp-content\/uploads\/2025\/01\/POTASYUM-KARBONAT-GUNCEL.png","type":"image\/png"}],"twitter_card":"summary_large_image","twitter_misc":{"Tahmini okuma s\u00fcresi":"1 dakika"},"schema":{"@context":"https:\/\/schema.org","@graph":[{"@type":"WebPage","@id":"https:\/\/akerkimya.com\/eticaret\/urun\/potasyum-karbonat\/","url":"https:\/\/akerkimya.com\/eticaret\/urun\/potasyum-karbonat\/","name":"POTASYUM KARBONAT - Akerkimya","isPartOf":{"@id":"https:\/\/akerkimya.com\/eticaret\/#website"},"datePublished":"2025-01-01T00:29:04+00:00","dateModified":"2026-03-29T23:23:54+00:00","breadcrumb":{"@id":"https:\/\/akerkimya.com\/eticaret\/urun\/potasyum-karbonat\/#breadcrumb"},"inLanguage":"tr","potentialAction":[{"@type":"ReadAction","target":["https:\/\/akerkimya.com\/eticaret\/urun\/potasyum-karbonat\/"]}]},{"@type":"BreadcrumbList","@id":"https:\/\/akerkimya.com\/eticaret\/urun\/potasyum-karbonat\/#breadcrumb","itemListElement":[{"@type":"ListItem","position":1,"name":"Home","item":"https:\/\/akerkimya.com\/eticaret\/"},{"@type":"ListItem","position":2,"name":"Market","item":"https:\/\/akerkimya.com\/eticaret\/market\/"},{"@type":"ListItem","position":3,"name":"POTASYUM KARBONAT"}]},{"@type":"WebSite","@id":"https:\/\/akerkimya.com\/eticaret\/#website","url":"https:\/\/akerkimya.com\/eticaret\/","name":"Akerkimya","description":"","potentialAction":[{"@type":"SearchAction","target":{"@type":"EntryPoint","urlTemplate":"https:\/\/akerkimya.com\/eticaret\/?s={search_term_string}"},"query-input":"required name=search_term_string"}],"inLanguage":"tr"}]}},"_links":{"self":[{"href":"https:\/\/akerkimya.com\/eticaret\/wp-json\/wp\/v2\/product\/16595","targetHints":{"allow":["GET"]}}],"collection":[{"href":"https:\/\/akerkimya.com\/eticaret\/wp-json\/wp\/v2\/product"}],"about":[{"href":"https:\/\/akerkimya.com\/eticaret\/wp-json\/wp\/v2\/types\/product"}],"replies":[{"embeddable":true,"href":"https:\/\/akerkimya.com\/eticaret\/wp-json\/wp\/v2\/comments?post=16595"}],"version-history":[{"count":2,"href":"https:\/\/akerkimya.com\/eticaret\/wp-json\/wp\/v2\/product\/16595\/revisions"}],"predecessor-version":[{"id":16650,"href":"https:\/\/akerkimya.com\/eticaret\/wp-json\/wp\/v2\/product\/16595\/revisions\/16650"}],"wp:featuredmedia":[{"embeddable":true,"href":"https:\/\/akerkimya.com\/eticaret\/wp-json\/wp\/v2\/media\/16596"}],"wp:attachment":[{"href":"https:\/\/akerkimya.com\/eticaret\/wp-json\/wp\/v2\/media?parent=16595"}],"wp:term":[{"taxonomy":"product_cat","embeddable":true,"href":"https:\/\/akerkimya.com\/eticaret\/wp-json\/wp\/v2\/product_cat?post=16595"},{"taxonomy":"product_tag","embeddable":true,"href":"https:\/\/akerkimya.com\/eticaret\/wp-json\/wp\/v2\/product_tag?post=16595"}],"curies":[{"name":"wp","href":"https:\/\/api.w.org\/{rel}","templated":true}]}}