{"id":16613,"date":"2025-01-01T03:42:02","date_gmt":"2025-01-01T00:42:02","guid":{"rendered":"https:\/\/akerkimya.com\/eticaret\/?post_type=product&#038;p=16613"},"modified":"2026-05-04T15:06:30","modified_gmt":"2026-05-04T12:06:30","slug":"propilen-elyaf","status":"publish","type":"product","link":"https:\/\/akerkimya.com\/eticaret\/urun\/propilen-elyaf\/","title":{"rendered":"PROP\u0130LEN ELYAF"},"content":{"rendered":"<h1>POL\u0130PREP\u0130LEN ELYAF<\/h1>\n<p><strong>Propilen elyaflar s\u0131va, \u015fap, beton, al\u00e7\u0131 gibi uygulamalarda belirlenen dozajlarda homojen olarak da\u011f\u0131t\u0131lan mikro donat\u0131 malzemesidir. Betonun ge\u00e7irgenli\u011fini azalt\u0131r, donat\u0131n\u0131n korozyonunu ve paslanmas\u0131n\u0131 geciktirir. Depremde olu\u015fabilecek hasarlar\u0131 ve \u00e7\u00f6kme riskini azaltarak in\u015fa edilen projelerde y\u00fcksek performans g\u00f6sterir.<\/strong><\/p>\n<p><strong>\u00a0<\/strong><\/p>\n<p><strong>PROP\u0130LEN ELYAF \u00d6ZELL\u0130KLER\u0130<\/strong><\/p>\n<p><strong>Suya, asit ve bazlara dayan\u0131kl\u0131d\u0131r.<\/strong><\/p>\n<p><strong>Atmosfer gazlar\u0131ndan etkilenmez.<\/strong><\/p>\n<p><strong>Beton kar\u0131\u015f\u0131mlar\u0131nda homojen da\u011f\u0131l\u0131r.<\/strong><\/p>\n<p><strong>Plastik ve b\u00fcz\u00fclme r\u00f6tre \u00e7atlaklar\u0131n\u0131 azalt\u0131r.<\/strong><\/p>\n<p><strong>Burkulma mukavemetini ve yorulma direncini artt\u0131r\u0131r.<\/strong><\/p>\n<p><strong>UV kaynakl\u0131 beton hasarlar\u0131n\u0131 en aza indirir.<\/strong><\/p>\n<p><strong>Donat\u0131n\u0131n korozyonunu geciktirir.<\/strong><\/p>\n<p><strong>S\u0131valarda aderans\u0131 artt\u0131r\u0131r, donat\u0131 filesi ihtiyac\u0131n\u0131 ortadan kald\u0131r\u0131r.<\/strong><\/p>\n<p><strong>\u00a0<\/strong><\/p>\n<p><strong>TEKN\u0130K \u00d6ZELL\u0130KLER\u0130<\/strong><\/p>\n<p><strong>G\u00d6R\u00dcN\u00dcM: Do\u011fal beyaz lif<\/strong><\/p>\n<p><strong>T\u0130P: Polipropilen <\/strong><\/p>\n<p><strong>YO\u011eUNLUK: 0,91 g\/cm\u00b3<\/strong><\/p>\n<p><strong>UZUNLUK: 6mm- 12mm- 20mm<\/strong><\/p>\n<p><strong>SAFLIK: %100 <\/strong><\/p>\n<p><strong>ER\u0130ME NOKTASI: 162 \u00b0C<\/strong><\/p>\n<p><strong>YANMA NOKTASI: 593 \u00b0C<\/strong><\/p>\n<p><strong>\u00c7EKME MUKAVET\u0130: 450-700 N\/mm2(Mpa)<\/strong><\/p>\n<p><strong>\u00a0<\/strong><\/p>\n<p><strong>KULLANIM ALANLARI<\/strong><\/p>\n<p><strong>Asma kat, bo\u015fluklu d\u00f6\u015feme ve kal\u0131p sistemlerde<\/strong><\/p>\n<p><strong>Saha betonlar\u0131nda ve \u015fap betonlar\u0131nda<\/strong><\/p>\n<p><strong>Tamir, s\u0131va ve izolasyonlu \u00e7imento esasl\u0131 har\u00e7larda<\/strong><\/p>\n<p><strong>Su depolar\u0131, y\u00fczme havuzlar\u0131 ve sahil yap\u0131lar\u0131nda kullan\u0131l\u0131r.<\/strong><\/p>\n<p><strong>Termal gerilmelere maruz kalacak betonlarda<\/strong><\/p>\n<p><strong>P\u00fcsk\u00fcrtme betonlarda, ince d\u00f6\u015femelerde<\/strong><\/p>\n<p><strong>Otoparklarda, beton yollarda <\/strong><\/p>\n<p><strong>prekast ve prefabrik elemanlarda<\/strong><\/p>\n<p><strong>Ta\u015f\u0131y\u0131c\u0131 \u00f6zelli\u011fi olmayan elemanlarda<\/strong><\/p>\n<p><strong>Metopres bask\u0131 beton har\u00e7lar\u0131nda<\/strong><\/p>\n<p><strong>Metowall dekoratif duvar bask\u0131 sislemlerinde <\/strong><\/p>\n<p><strong>\u00a0<\/strong><\/p>\n<p><strong>AMBALAJ<\/strong><\/p>\n<p><strong>1-5-25 kg ambalajlar halinde<\/strong><\/p>\n<p><strong>\u00a0<\/strong><\/p>\n<p><strong>DEPOLAMA<\/strong><\/p>\n<p><strong>Kuru bir alanda muhafaza edilmelidir.<\/strong><\/p>\n<p><strong>\u00a0<\/strong><\/p>\n<p><strong>\u00a0<\/strong><\/p>\n","protected":false},"excerpt":{"rendered":"<p>POL\u0130PREP\u0130LEN ELYAF Propilen elyaflar s\u0131va, \u015fap, beton, al\u00e7\u0131 gibi uygulamalarda belirlenen dozajlarda homojen olarak da\u011f\u0131t\u0131lan mikro donat\u0131 malzemesidir. Betonun ge\u00e7irgenli\u011fini<\/p>\n","protected":false},"featured_media":16614,"comment_status":"open","ping_status":"closed","template":"","meta":{"_joinchat":[]},"product_cat":[70],"product_tag":[],"class_list":{"0":"post-16613","1":"product","2":"type-product","3":"status-publish","4":"has-post-thumbnail","6":"product_cat-boya-ve-yapi-kimyasallar","8":"first","9":"instock","10":"shipping-taxable","11":"purchasable","12":"product-type-variable"},"yoast_head":"<!-- This site is optimized with the Yoast SEO Premium plugin v20.2.1 (Yoast SEO v20.2.1) - https:\/\/yoast.com\/wordpress\/plugins\/seo\/ -->\n<title>PROP\u0130LEN ELYAF - Akerkimya<\/title>\n<meta name=\"robots\" content=\"index, follow, max-snippet:-1, max-image-preview:large, max-video-preview:-1\" \/>\n<link rel=\"canonical\" href=\"https:\/\/akerkimya.com\/eticaret\/urun\/propilen-elyaf\/\" \/>\n<meta property=\"og:locale\" content=\"tr_TR\" \/>\n<meta property=\"og:type\" content=\"article\" \/>\n<meta property=\"og:title\" content=\"PROP\u0130LEN ELYAF\" \/>\n<meta property=\"og:description\" content=\"POL\u0130PREP\u0130LEN ELYAF Propilen elyaflar s\u0131va, \u015fap, beton, al\u00e7\u0131 gibi uygulamalarda belirlenen dozajlarda homojen olarak da\u011f\u0131t\u0131lan mikro donat\u0131 malzemesidir. Betonun ge\u00e7irgenli\u011fini\" \/>\n<meta property=\"og:url\" content=\"https:\/\/akerkimya.com\/eticaret\/urun\/propilen-elyaf\/\" \/>\n<meta property=\"og:site_name\" content=\"Akerkimya\" \/>\n<meta property=\"article:modified_time\" content=\"2026-05-04T12:06:30+00:00\" \/>\n<meta property=\"og:image\" content=\"https:\/\/akerkimya.com\/eticaret\/wp-content\/uploads\/2025\/01\/PROPILEN-ELYAF-GUNCEL-.png\" \/>\n\t<meta property=\"og:image:width\" content=\"1000\" \/>\n\t<meta property=\"og:image:height\" content=\"1000\" \/>\n\t<meta property=\"og:image:type\" content=\"image\/png\" \/>\n<meta name=\"twitter:card\" content=\"summary_large_image\" \/>\n<meta name=\"twitter:label1\" content=\"Tahmini okuma s\u00fcresi\" \/>\n\t<meta name=\"twitter:data1\" content=\"1 dakika\" \/>\n<script type=\"application\/ld+json\" class=\"yoast-schema-graph\">{\"@context\":\"https:\/\/schema.org\",\"@graph\":[{\"@type\":\"WebPage\",\"@id\":\"https:\/\/akerkimya.com\/eticaret\/urun\/propilen-elyaf\/\",\"url\":\"https:\/\/akerkimya.com\/eticaret\/urun\/propilen-elyaf\/\",\"name\":\"PROP\u0130LEN ELYAF - Akerkimya\",\"isPartOf\":{\"@id\":\"https:\/\/akerkimya.com\/eticaret\/#website\"},\"datePublished\":\"2025-01-01T00:42:02+00:00\",\"dateModified\":\"2026-05-04T12:06:30+00:00\",\"breadcrumb\":{\"@id\":\"https:\/\/akerkimya.com\/eticaret\/urun\/propilen-elyaf\/#breadcrumb\"},\"inLanguage\":\"tr\",\"potentialAction\":[{\"@type\":\"ReadAction\",\"target\":[\"https:\/\/akerkimya.com\/eticaret\/urun\/propilen-elyaf\/\"]}]},{\"@type\":\"BreadcrumbList\",\"@id\":\"https:\/\/akerkimya.com\/eticaret\/urun\/propilen-elyaf\/#breadcrumb\",\"itemListElement\":[{\"@type\":\"ListItem\",\"position\":1,\"name\":\"Home\",\"item\":\"https:\/\/akerkimya.com\/eticaret\/\"},{\"@type\":\"ListItem\",\"position\":2,\"name\":\"Market\",\"item\":\"https:\/\/akerkimya.com\/eticaret\/market\/\"},{\"@type\":\"ListItem\",\"position\":3,\"name\":\"PROP\u0130LEN ELYAF\"}]},{\"@type\":\"WebSite\",\"@id\":\"https:\/\/akerkimya.com\/eticaret\/#website\",\"url\":\"https:\/\/akerkimya.com\/eticaret\/\",\"name\":\"Akerkimya\",\"description\":\"\",\"potentialAction\":[{\"@type\":\"SearchAction\",\"target\":{\"@type\":\"EntryPoint\",\"urlTemplate\":\"https:\/\/akerkimya.com\/eticaret\/?s={search_term_string}\"},\"query-input\":\"required name=search_term_string\"}],\"inLanguage\":\"tr\"}]}<\/script>\n<!-- \/ Yoast SEO Premium plugin. -->","yoast_head_json":{"title":"PROP\u0130LEN ELYAF - Akerkimya","robots":{"index":"index","follow":"follow","max-snippet":"max-snippet:-1","max-image-preview":"max-image-preview:large","max-video-preview":"max-video-preview:-1"},"canonical":"https:\/\/akerkimya.com\/eticaret\/urun\/propilen-elyaf\/","og_locale":"tr_TR","og_type":"article","og_title":"PROP\u0130LEN ELYAF","og_description":"POL\u0130PREP\u0130LEN ELYAF Propilen elyaflar s\u0131va, \u015fap, beton, al\u00e7\u0131 gibi uygulamalarda belirlenen dozajlarda homojen olarak da\u011f\u0131t\u0131lan mikro donat\u0131 malzemesidir. Betonun ge\u00e7irgenli\u011fini","og_url":"https:\/\/akerkimya.com\/eticaret\/urun\/propilen-elyaf\/","og_site_name":"Akerkimya","article_modified_time":"2026-05-04T12:06:30+00:00","og_image":[{"width":1000,"height":1000,"url":"https:\/\/akerkimya.com\/eticaret\/wp-content\/uploads\/2025\/01\/PROPILEN-ELYAF-GUNCEL-.png","type":"image\/png"}],"twitter_card":"summary_large_image","twitter_misc":{"Tahmini okuma s\u00fcresi":"1 dakika"},"schema":{"@context":"https:\/\/schema.org","@graph":[{"@type":"WebPage","@id":"https:\/\/akerkimya.com\/eticaret\/urun\/propilen-elyaf\/","url":"https:\/\/akerkimya.com\/eticaret\/urun\/propilen-elyaf\/","name":"PROP\u0130LEN ELYAF - Akerkimya","isPartOf":{"@id":"https:\/\/akerkimya.com\/eticaret\/#website"},"datePublished":"2025-01-01T00:42:02+00:00","dateModified":"2026-05-04T12:06:30+00:00","breadcrumb":{"@id":"https:\/\/akerkimya.com\/eticaret\/urun\/propilen-elyaf\/#breadcrumb"},"inLanguage":"tr","potentialAction":[{"@type":"ReadAction","target":["https:\/\/akerkimya.com\/eticaret\/urun\/propilen-elyaf\/"]}]},{"@type":"BreadcrumbList","@id":"https:\/\/akerkimya.com\/eticaret\/urun\/propilen-elyaf\/#breadcrumb","itemListElement":[{"@type":"ListItem","position":1,"name":"Home","item":"https:\/\/akerkimya.com\/eticaret\/"},{"@type":"ListItem","position":2,"name":"Market","item":"https:\/\/akerkimya.com\/eticaret\/market\/"},{"@type":"ListItem","position":3,"name":"PROP\u0130LEN ELYAF"}]},{"@type":"WebSite","@id":"https:\/\/akerkimya.com\/eticaret\/#website","url":"https:\/\/akerkimya.com\/eticaret\/","name":"Akerkimya","description":"","potentialAction":[{"@type":"SearchAction","target":{"@type":"EntryPoint","urlTemplate":"https:\/\/akerkimya.com\/eticaret\/?s={search_term_string}"},"query-input":"required name=search_term_string"}],"inLanguage":"tr"}]}},"_links":{"self":[{"href":"https:\/\/akerkimya.com\/eticaret\/wp-json\/wp\/v2\/product\/16613","targetHints":{"allow":["GET"]}}],"collection":[{"href":"https:\/\/akerkimya.com\/eticaret\/wp-json\/wp\/v2\/product"}],"about":[{"href":"https:\/\/akerkimya.com\/eticaret\/wp-json\/wp\/v2\/types\/product"}],"replies":[{"embeddable":true,"href":"https:\/\/akerkimya.com\/eticaret\/wp-json\/wp\/v2\/comments?post=16613"}],"version-history":[{"count":4,"href":"https:\/\/akerkimya.com\/eticaret\/wp-json\/wp\/v2\/product\/16613\/revisions"}],"predecessor-version":[{"id":18792,"href":"https:\/\/akerkimya.com\/eticaret\/wp-json\/wp\/v2\/product\/16613\/revisions\/18792"}],"wp:featuredmedia":[{"embeddable":true,"href":"https:\/\/akerkimya.com\/eticaret\/wp-json\/wp\/v2\/media\/16614"}],"wp:attachment":[{"href":"https:\/\/akerkimya.com\/eticaret\/wp-json\/wp\/v2\/media?parent=16613"}],"wp:term":[{"taxonomy":"product_cat","embeddable":true,"href":"https:\/\/akerkimya.com\/eticaret\/wp-json\/wp\/v2\/product_cat?post=16613"},{"taxonomy":"product_tag","embeddable":true,"href":"https:\/\/akerkimya.com\/eticaret\/wp-json\/wp\/v2\/product_tag?post=16613"}],"curies":[{"name":"wp","href":"https:\/\/api.w.org\/{rel}","templated":true}]}}