{"id":16619,"date":"2025-01-01T16:30:43","date_gmt":"2025-01-01T13:30:43","guid":{"rendered":"https:\/\/akerkimya.com\/eticaret\/?post_type=product&#038;p=16619"},"modified":"2026-03-30T02:23:54","modified_gmt":"2026-03-29T23:23:54","slug":"propiyonik-asit","status":"publish","type":"product","link":"https:\/\/akerkimya.com\/eticaret\/urun\/propiyonik-asit\/","title":{"rendered":"PROP\u0130YON\u0130K AS\u0130T"},"content":{"rendered":"<h1>PROP\u0130YON\u0130K AS\u0130T<\/h1>\n<p><strong>Propiyonik asit, CH3CH2COOH kimyasal form\u00fcl\u00fcne sahip bir organik bile\u015fiktir ve propanoik asit olarak da bilinir. <\/strong><\/p>\n<p><strong>Bu bile\u015fik, v\u00fccutta amino asitlerin par\u00e7alanmas\u0131 ve ya\u011f asitlerinin oksidasyonu gibi metabolik s\u00fcre\u00e7lerle \u00fcretilir. <\/strong><\/p>\n<p><strong>Do\u011fal olarak bir\u00e7ok g\u0131da maddesinde bulunmas\u0131n\u0131n yan\u0131 s\u0131ra fermantasyon yoluyla da elde edilebilir. <\/strong><\/p>\n<p><strong>End\u00fcstriyel olarak, odun hamurlar\u0131n\u0131n bakterilerin yard\u0131m\u0131yla fermantasyonu gibi y\u00f6ntemlerle \u00fcretilir.<\/strong><\/p>\n<p><strong>\u00a0<\/strong><\/p>\n<p><strong>PROP\u0130YON\u0130K AS\u0130T \u00d6ZELL\u0130KLER\u0130<\/strong><\/p>\n<p><strong>Propiyonik asit, g\u00fc\u00e7l\u00fc, keskin bir kokuya sahiptir.<\/strong><\/p>\n<p><strong>Sar\u0131ms\u0131, ya\u011fl\u0131 bir s\u0131v\u0131d\u0131r. <\/strong><\/p>\n<p><strong>Uyar\u0131c\u0131 ve tahri\u015f edici \u00f6zelliklere sahip olabilir, bu nedenle dikkatli kullan\u0131lmal\u0131d\u0131r.<\/strong><\/p>\n<p><strong>Su, alkol ve eterde \u00e7\u00f6z\u00fcn\u00fcr.<\/strong><\/p>\n<p><strong>\u00a0<\/strong><\/p>\n<p><strong>TEKN\u0130K \u00d6ZELL\u0130KLER\u0130<\/strong><\/p>\n<p><strong>CAS NUMARASI: 79-09-4<\/strong><\/p>\n<p><strong>EC NUMARASI: 201-176-3<\/strong><\/p>\n<p><strong>MOLEK\u00dcLER FORM\u00dcL:<\/strong> <strong>CH3CH2COOH<\/strong><\/p>\n<p><strong>K\u0130MYASAL \u0130SM\u0130: Propenoic Acid, Homopolymer, Propionic Acid, Propanyl Acid, Acid C3, Karboksietan, Etankarboksilik asit, Etilformik asit, Metasetonik asit, Propanoik asit<\/strong><\/p>\n<p><strong>MOLAR K\u00dcTLE: 74,08 g\/mol<\/strong><\/p>\n<p><strong>pH DE\u011eER\u0130: 2.7 &#8211; 3.3<\/strong><\/p>\n<p><strong>YO\u011eUNLUK: 1.4 g\/ml<\/strong><\/p>\n<p><strong>ER\u0130ME NOKTASI: &#8211; 20,5 \u00b0C<\/strong><\/p>\n<p><strong>KAYNAMA NOKTASI: 116\u00b0C<\/strong><\/p>\n<p><strong>\u00a0<\/strong><\/p>\n<p><strong>KULLANIM ALANLARI<\/strong><\/p>\n<p><strong>G\u0131da sekt\u00f6r\u00fcnde pek \u00e7ok alanda kullan\u0131l\u0131r. <\/strong><\/p>\n<p><strong>Bunlar; f\u0131r\u0131nlanm\u0131\u015f \u00fcr\u00fcnler, \u00f6zellikle ekmek, \u00e7\u00f6rek gibi hamur i\u015flerinde, s\u00fct \u00fcr\u00fcnlerinde, \u00f6zellikle krema dolgulu hamur i\u015fleri ve s\u00fct bazl\u0131 soslar gibi \u00fcr\u00fcnlerde,\u00a0 cips, kraker gibi baz\u0131 at\u0131\u015ft\u0131rmal\u0131klarda, meyve sular\u0131 , salata soslar\u0131, \u00e7e\u015fniler ve \u015farap yap\u0131m\u0131nda istenmeyen mikroorganizmalar\u0131n \u00fcremesini kontrol alt\u0131nda tutarak \u00fcr\u00fcnlerin tazeli\u011fini ve kalitesini korumaya yard\u0131mc\u0131 olmas\u0131 amac\u0131yla tercih edilir.<\/strong><\/p>\n<p><strong>Hayvan yemi end\u00fcstrisinde, hayvanlar\u0131n beslenmesine katk\u0131da bulunmak i\u00e7in propiyonik asit s\u0131kl\u0131kla kullan\u0131l\u0131r. Bu asit, besinlerin raf \u00f6mr\u00fcn\u00fc uzatmaya yard\u0131mc\u0131 olurken, ayn\u0131 zamanda hayvanlar\u0131n sindirim sisteminin sa\u011fl\u0131\u011f\u0131n\u0131 destekler. <\/strong><\/p>\n<p><strong>Cilt bak\u0131m \u00fcr\u00fcnlerinde pH d\u00fczenleyici ve koruyucu olaraks\u0131k\u00e7a tercih edilir. Bu \u00e7ift y\u00f6nl\u00fc kullan\u0131m\u0131, propiyonik asidin \u00e7e\u015fitli end\u00fcstrilerdeki \u00e7ok y\u00f6nl\u00fc etkinli\u011fini g\u00f6sterir.<\/strong><\/p>\n<p><strong>Polimerlerin \u00fcretiminde ve plastiklerin yap\u0131m\u0131nda kullan\u0131labilir. Propiyonik asit t\u00fcrevleri, polimerlerin yap\u0131s\u0131n\u0131 ve \u00f6zelliklerini de\u011fi\u015ftirmek i\u00e7in kullan\u0131lan \u00f6nemli bile\u015fenlerdir.<\/strong><\/p>\n<p><strong>Organik sentezlerde s\u0131k\u00e7a kullan\u0131lan bir ara \u00fcr\u00fcn olarak hizmet verir. \u00d6zellikle ila\u00e7, boya, vernik ve \u00e7\u00f6z\u00fcc\u00fc gibi end\u00fcstrilerde \u00e7e\u015fitli kimyasal \u00fcr\u00fcnlerin \u00fcretiminde \u00f6nemli bir rol oynar. <\/strong><\/p>\n<p><strong>Propiyonik asit veya onun t\u00fcrevlerinden baz\u0131lar\u0131, bitkileri mantar hastal\u0131klar\u0131ndan korumak i\u00e7in mantar ilac\u0131 olarak kullan\u0131labilir. <\/strong><\/p>\n<p><strong>\u00a0<\/strong><\/p>\n<p><strong>AMBALAJ<\/strong><\/p>\n<p><strong>1-5-30 kg bidonlar ve 190 kg variller halinde <\/strong><\/p>\n<p><strong>\u00a0<\/strong><\/p>\n<p><strong>DEPOLAMA <\/strong><\/p>\n<p><strong>Kuru, serin ve iyi havaland\u0131r\u0131lan kapal\u0131 ortamlarda saklanmal\u0131d\u0131r. Is\u0131, k\u0131v\u0131lc\u0131m ve alev kaynaklar\u0131ndan uzak tutulmal\u0131d\u0131r<\/strong><strong>.<\/strong><\/p>\n","protected":false},"excerpt":{"rendered":"<p>PROP\u0130YON\u0130K AS\u0130T Propiyonik asit, CH3CH2COOH kimyasal form\u00fcl\u00fcne sahip bir organik bile\u015fiktir ve propanoik asit olarak da bilinir. Bu bile\u015fik, v\u00fccutta<\/p>\n","protected":false},"featured_media":16621,"comment_status":"open","ping_status":"closed","template":"","meta":{"_joinchat":[]},"product_cat":[70,74,76,79,81],"product_tag":[],"class_list":{"0":"post-16619","1":"product","2":"type-product","3":"status-publish","4":"has-post-thumbnail","6":"product_cat-boya-ve-yapi-kimyasallar","7":"product_cat-deterjan-ve-kozmetik-kimyasallari","8":"product_cat-gida-ve-katki-kimyasallari","9":"product_cat-tarim-kimyasallari","10":"product_cat-yem-katki-kimyasallari","12":"first","13":"instock","14":"shipping-taxable","15":"purchasable","16":"product-type-variable"},"yoast_head":"<!-- This site is optimized with the Yoast SEO Premium plugin v20.2.1 (Yoast SEO v20.2.1) - https:\/\/yoast.com\/wordpress\/plugins\/seo\/ -->\n<title>PROP\u0130YON\u0130K AS\u0130T - Akerkimya<\/title>\n<meta name=\"robots\" content=\"index, follow, max-snippet:-1, max-image-preview:large, max-video-preview:-1\" \/>\n<link rel=\"canonical\" href=\"https:\/\/akerkimya.com\/eticaret\/urun\/propiyonik-asit\/\" \/>\n<meta property=\"og:locale\" content=\"tr_TR\" \/>\n<meta property=\"og:type\" content=\"article\" \/>\n<meta property=\"og:title\" content=\"PROP\u0130YON\u0130K AS\u0130T\" \/>\n<meta property=\"og:description\" content=\"PROP\u0130YON\u0130K AS\u0130T Propiyonik asit, CH3CH2COOH kimyasal form\u00fcl\u00fcne sahip bir organik bile\u015fiktir ve propanoik asit olarak da bilinir. Bu bile\u015fik, v\u00fccutta\" \/>\n<meta property=\"og:url\" content=\"https:\/\/akerkimya.com\/eticaret\/urun\/propiyonik-asit\/\" \/>\n<meta property=\"og:site_name\" content=\"Akerkimya\" \/>\n<meta property=\"article:modified_time\" content=\"2026-03-29T23:23:54+00:00\" \/>\n<meta property=\"og:image\" content=\"https:\/\/akerkimya.com\/eticaret\/wp-content\/uploads\/2025\/01\/PROPIYONIK-ASIT-GUNCEL.png\" \/>\n\t<meta property=\"og:image:width\" content=\"1000\" \/>\n\t<meta property=\"og:image:height\" content=\"1000\" \/>\n\t<meta property=\"og:image:type\" content=\"image\/png\" \/>\n<meta name=\"twitter:card\" content=\"summary_large_image\" \/>\n<meta name=\"twitter:label1\" content=\"Tahmini okuma s\u00fcresi\" \/>\n\t<meta name=\"twitter:data1\" content=\"2 dakika\" \/>\n<script type=\"application\/ld+json\" class=\"yoast-schema-graph\">{\"@context\":\"https:\/\/schema.org\",\"@graph\":[{\"@type\":\"WebPage\",\"@id\":\"https:\/\/akerkimya.com\/eticaret\/urun\/propiyonik-asit\/\",\"url\":\"https:\/\/akerkimya.com\/eticaret\/urun\/propiyonik-asit\/\",\"name\":\"PROP\u0130YON\u0130K AS\u0130T - Akerkimya\",\"isPartOf\":{\"@id\":\"https:\/\/akerkimya.com\/eticaret\/#website\"},\"datePublished\":\"2025-01-01T13:30:43+00:00\",\"dateModified\":\"2026-03-29T23:23:54+00:00\",\"breadcrumb\":{\"@id\":\"https:\/\/akerkimya.com\/eticaret\/urun\/propiyonik-asit\/#breadcrumb\"},\"inLanguage\":\"tr\",\"potentialAction\":[{\"@type\":\"ReadAction\",\"target\":[\"https:\/\/akerkimya.com\/eticaret\/urun\/propiyonik-asit\/\"]}]},{\"@type\":\"BreadcrumbList\",\"@id\":\"https:\/\/akerkimya.com\/eticaret\/urun\/propiyonik-asit\/#breadcrumb\",\"itemListElement\":[{\"@type\":\"ListItem\",\"position\":1,\"name\":\"Home\",\"item\":\"https:\/\/akerkimya.com\/eticaret\/\"},{\"@type\":\"ListItem\",\"position\":2,\"name\":\"Market\",\"item\":\"https:\/\/akerkimya.com\/eticaret\/market\/\"},{\"@type\":\"ListItem\",\"position\":3,\"name\":\"PROP\u0130YON\u0130K AS\u0130T\"}]},{\"@type\":\"WebSite\",\"@id\":\"https:\/\/akerkimya.com\/eticaret\/#website\",\"url\":\"https:\/\/akerkimya.com\/eticaret\/\",\"name\":\"Akerkimya\",\"description\":\"\",\"potentialAction\":[{\"@type\":\"SearchAction\",\"target\":{\"@type\":\"EntryPoint\",\"urlTemplate\":\"https:\/\/akerkimya.com\/eticaret\/?s={search_term_string}\"},\"query-input\":\"required name=search_term_string\"}],\"inLanguage\":\"tr\"}]}<\/script>\n<!-- \/ Yoast SEO Premium plugin. -->","yoast_head_json":{"title":"PROP\u0130YON\u0130K AS\u0130T - Akerkimya","robots":{"index":"index","follow":"follow","max-snippet":"max-snippet:-1","max-image-preview":"max-image-preview:large","max-video-preview":"max-video-preview:-1"},"canonical":"https:\/\/akerkimya.com\/eticaret\/urun\/propiyonik-asit\/","og_locale":"tr_TR","og_type":"article","og_title":"PROP\u0130YON\u0130K AS\u0130T","og_description":"PROP\u0130YON\u0130K AS\u0130T Propiyonik asit, CH3CH2COOH kimyasal form\u00fcl\u00fcne sahip bir organik bile\u015fiktir ve propanoik asit olarak da bilinir. Bu bile\u015fik, v\u00fccutta","og_url":"https:\/\/akerkimya.com\/eticaret\/urun\/propiyonik-asit\/","og_site_name":"Akerkimya","article_modified_time":"2026-03-29T23:23:54+00:00","og_image":[{"width":1000,"height":1000,"url":"https:\/\/akerkimya.com\/eticaret\/wp-content\/uploads\/2025\/01\/PROPIYONIK-ASIT-GUNCEL.png","type":"image\/png"}],"twitter_card":"summary_large_image","twitter_misc":{"Tahmini okuma s\u00fcresi":"2 dakika"},"schema":{"@context":"https:\/\/schema.org","@graph":[{"@type":"WebPage","@id":"https:\/\/akerkimya.com\/eticaret\/urun\/propiyonik-asit\/","url":"https:\/\/akerkimya.com\/eticaret\/urun\/propiyonik-asit\/","name":"PROP\u0130YON\u0130K AS\u0130T - Akerkimya","isPartOf":{"@id":"https:\/\/akerkimya.com\/eticaret\/#website"},"datePublished":"2025-01-01T13:30:43+00:00","dateModified":"2026-03-29T23:23:54+00:00","breadcrumb":{"@id":"https:\/\/akerkimya.com\/eticaret\/urun\/propiyonik-asit\/#breadcrumb"},"inLanguage":"tr","potentialAction":[{"@type":"ReadAction","target":["https:\/\/akerkimya.com\/eticaret\/urun\/propiyonik-asit\/"]}]},{"@type":"BreadcrumbList","@id":"https:\/\/akerkimya.com\/eticaret\/urun\/propiyonik-asit\/#breadcrumb","itemListElement":[{"@type":"ListItem","position":1,"name":"Home","item":"https:\/\/akerkimya.com\/eticaret\/"},{"@type":"ListItem","position":2,"name":"Market","item":"https:\/\/akerkimya.com\/eticaret\/market\/"},{"@type":"ListItem","position":3,"name":"PROP\u0130YON\u0130K AS\u0130T"}]},{"@type":"WebSite","@id":"https:\/\/akerkimya.com\/eticaret\/#website","url":"https:\/\/akerkimya.com\/eticaret\/","name":"Akerkimya","description":"","potentialAction":[{"@type":"SearchAction","target":{"@type":"EntryPoint","urlTemplate":"https:\/\/akerkimya.com\/eticaret\/?s={search_term_string}"},"query-input":"required name=search_term_string"}],"inLanguage":"tr"}]}},"_links":{"self":[{"href":"https:\/\/akerkimya.com\/eticaret\/wp-json\/wp\/v2\/product\/16619","targetHints":{"allow":["GET"]}}],"collection":[{"href":"https:\/\/akerkimya.com\/eticaret\/wp-json\/wp\/v2\/product"}],"about":[{"href":"https:\/\/akerkimya.com\/eticaret\/wp-json\/wp\/v2\/types\/product"}],"replies":[{"embeddable":true,"href":"https:\/\/akerkimya.com\/eticaret\/wp-json\/wp\/v2\/comments?post=16619"}],"version-history":[{"count":2,"href":"https:\/\/akerkimya.com\/eticaret\/wp-json\/wp\/v2\/product\/16619\/revisions"}],"predecessor-version":[{"id":16646,"href":"https:\/\/akerkimya.com\/eticaret\/wp-json\/wp\/v2\/product\/16619\/revisions\/16646"}],"wp:featuredmedia":[{"embeddable":true,"href":"https:\/\/akerkimya.com\/eticaret\/wp-json\/wp\/v2\/media\/16621"}],"wp:attachment":[{"href":"https:\/\/akerkimya.com\/eticaret\/wp-json\/wp\/v2\/media?parent=16619"}],"wp:term":[{"taxonomy":"product_cat","embeddable":true,"href":"https:\/\/akerkimya.com\/eticaret\/wp-json\/wp\/v2\/product_cat?post=16619"},{"taxonomy":"product_tag","embeddable":true,"href":"https:\/\/akerkimya.com\/eticaret\/wp-json\/wp\/v2\/product_tag?post=16619"}],"curies":[{"name":"wp","href":"https:\/\/api.w.org\/{rel}","templated":true}]}}