{"id":16639,"date":"2025-01-01T17:19:07","date_gmt":"2025-01-01T14:19:07","guid":{"rendered":"https:\/\/akerkimya.com\/eticaret\/?post_type=product&#038;p=16639"},"modified":"2026-05-07T16:14:02","modified_gmt":"2026-05-07T13:14:02","slug":"salisilik-asit","status":"publish","type":"product","link":"https:\/\/akerkimya.com\/eticaret\/urun\/salisilik-asit\/","title":{"rendered":"SAL\u0130S\u0130L\u0130K AS\u0130T"},"content":{"rendered":"<h1>SAL\u0130S\u0130L\u0130K AS\u0130T<\/h1>\n<p><strong>Salisilik asit, C7H6O3 form\u00fcl\u00fcne sahip do\u011fal bir bile\u015fiktir. Salisilik asit, beyaz s\u00f6\u011f\u00fct ve keklik \u00fcz\u00fcm\u00fc yapraklar\u0131n\u0131n kabu\u011fundan elde edilir. Ayr\u0131ca salisin metabolizmas\u0131ndan da elde edilmektedir. Bir lipofilik monohidroksibenzoik asit, bir t\u00fcr fenolik asit ve bir beta hidroksi asittir.<\/strong><\/p>\n<p><strong>\u00a0<\/strong><\/p>\n<p><strong>F\u0130Z\u0130KSEL \u00d6ZELL\u0130KLER<\/strong><\/p>\n<p><strong>Kokusuz ve beyaz veya a\u00e7\u0131k ten rengi bir formdad\u0131r.<\/strong><\/p>\n<p><strong>Kristal yap\u0131dad\u0131r.<\/strong><\/p>\n<p><strong>Sinyal molek\u00fcl\u00fcd\u00fcr.<\/strong><\/p>\n<p><strong>Kararl\u0131 bir kimyasald\u0131r.<\/strong><\/p>\n<p><strong>I\u015f\u0131\u011fa kar\u015f\u0131 duyarl\u0131 bir kimyasald\u0131r.<\/strong><\/p>\n<p><strong>\u00a0<\/strong><\/p>\n<p><strong>TEKN\u0130K \u00d6ZELL\u0130KLER\u0130<\/strong><\/p>\n<p><strong>CAS NUMARASI: 69-72-7<\/strong><\/p>\n<p><strong>MOLEK\u00dcLER FORM\u00dcL\u00dc: C7H6O3<\/strong><\/p>\n<p><strong>K\u0130MYASAL \u0130S\u0130MLER\u0130: Salisik asit, Salicylic acid, Salisilat, Orta-hidroksibenzoik asit<\/strong><\/p>\n<p><strong>YO\u011eUNLUK: 1.443 g\/cm\u00b3<\/strong><\/p>\n<p><strong>ER\u0130ME NOKTASI: 159.0\u00b0C, 432K, 318\u00b0F<\/strong><\/p>\n<p><strong>KAYNAMA NOKTASI: 211\u00b0C, 484K, 412\u00b0F<\/strong><\/p>\n<p><strong>PARLAMA NOKTASI: 1.443 gr\/cm\u00b3 (20\u00b0C)<\/strong><\/p>\n<p><strong>SUDA \u00c7\u00d6Z\u00dcN\u00dcRL\u00dcK: 2 g\/L (20\u00b0C)<\/strong><\/p>\n<p><strong>AS\u0130T (pKa): 2.97<\/strong><\/p>\n<p><strong>SAFLIK (%): 99,86<\/strong><\/p>\n<p><strong>\u00a0<\/strong><\/p>\n<p><strong>\u00a0KULLANIM ALANLARI<\/strong><\/p>\n<p><strong>Salisilik asit, seboreik dermatit, akne, sedef hastal\u0131\u011f\u0131 gibi hastal\u0131klar\u0131n\u00a0 tedavisinde i\u00e7in kullan\u0131l\u0131r.<\/strong><\/p>\n<p><strong>Kau\u00e7uk end\u00fcstrisinde kullan\u0131lmaktad\u0131r.<\/strong><\/p>\n<p><strong>Bir\u00e7ok cilt\u00a0 bak\u0131m \u00fcr\u00fcnlerinde kullan\u0131l\u0131r.<\/strong><\/p>\n<p><strong>Kozmetik \u00fcr\u00fcnlerinde kullan\u0131l\u0131r.<\/strong><\/p>\n<p><strong>Salisilat asit, asfalt kaplama, \u00e7at\u0131 kaplama ve kaplama malzemeleri imalat\u0131nda kullan\u0131lmaktad\u0131r.<\/strong><\/p>\n<p><strong>UV emici madde ve k\u00f6p\u00fcrme maddesi olarak kullan\u0131l\u0131r.<\/strong><\/p>\n<p><strong>Farmas\u00f6tiklerin \u00fcretiminde kullan\u0131l\u0131r.<\/strong><\/p>\n<p><strong>Etil esterin haz\u0131rlanmas\u0131nda kullan\u0131lmaktad\u0131r.<\/strong><\/p>\n<p><strong>Petrol ve gaz sondaj\u0131, \u00e7\u0131karma ve destek faaliyetlerinde kullan\u0131l\u0131r.<\/strong><\/p>\n<p><strong>Salisilik asit, sanayi sekt\u00f6r\u00fcnde boya \u00fcretimi ve koruyucu olarak kullan\u0131l\u0131r.<\/strong><\/p>\n<p><strong>Antiinflamatuar etkili ila\u00e7larda, hafif antibiyotiklerde, kas a\u011fr\u0131lar\u0131n\u0131 iyile\u015ftirmeye y\u00f6nelik ila\u00e7larda kullan\u0131lmaktad\u0131r.<\/strong><\/p>\n<p><strong>Pestisit, g\u00fcbre ve di\u011fer tar\u0131msal kimyasal imalatlar\u0131nda kullan\u0131l\u0131r.<\/strong><\/p>\n<p><strong>Mantar ilac\u0131 olan fenil salisilat ve bir k\u00fcf \u00f6nleyici salisilanilid\u2019in \u00fcretiminde kullan\u0131l\u0131r.<\/strong><\/p>\n<p><strong>Foto\u011fraf filmi, ka\u011f\u0131t levha ve kimyasal \u00fcretimde kullan\u0131lmaktad\u0131r.<\/strong><\/p>\n<p><strong>A\u011fr\u0131 kesici ila\u00e7larda aktif madde olarak kullan\u0131l\u0131r. <\/strong><\/p>\n<p><strong>Plastik \u00fcr\u00fcn ve re\u00e7ine imalat\u0131nda kullan\u0131l\u0131r.<\/strong><\/p>\n<p><strong>Salisilik asit, tekstil, giyim ve deri imalat\u0131nda kullan\u0131l\u0131r.<\/strong><\/p>\n<p><strong>Bask\u0131 ve ilgili destek faaliyetlerinde kullan\u0131l\u0131r.<\/strong><\/p>\n<p><strong>Aspirin, metil salisilat ve di\u011fer salisilatlar\u0131n imalat\u0131nda kullan\u0131lmaktad\u0131r.<\/strong><\/p>\n<p><strong>Salisilik asit, g\u0131da koruyucu, bakterisit ve antiseptik olarak kullan\u0131l\u0131r.<\/strong><\/p>\n<p><strong>Pestitit \u00fcretiminde kullan\u0131l\u0131r.<\/strong><\/p>\n<p><strong>\u00a0<\/strong><\/p>\n<p><strong>AMBALAJ <\/strong><\/p>\n<p><strong>1-5-25 Kg torbalar halinde<\/strong><\/p>\n<p><strong>\u00a0<\/strong><\/p>\n<p><strong>DEPOLAMA<\/strong><\/p>\n<p><strong>Serin ve kuru bir alanda, torba hava almayacak \u015fekilde muhafaza ediniz.<\/strong><\/p>\n","protected":false},"excerpt":{"rendered":"<p>SAL\u0130S\u0130L\u0130K AS\u0130T Salisilik asit, C7H6O3 form\u00fcl\u00fcne sahip do\u011fal bir bile\u015fiktir. Salisilik asit, beyaz s\u00f6\u011f\u00fct ve keklik \u00fcz\u00fcm\u00fc yapraklar\u0131n\u0131n kabu\u011fundan elde<\/p>\n","protected":false},"featured_media":16796,"comment_status":"open","ping_status":"closed","template":"","meta":{"_joinchat":[]},"product_cat":[70,73,74,79,80],"product_tag":[],"class_list":{"0":"post-16639","1":"product","2":"type-product","3":"status-publish","4":"has-post-thumbnail","6":"product_cat-boya-ve-yapi-kimyasallar","7":"product_cat-deri-ve-tekstil-kimyasallari","8":"product_cat-deterjan-ve-kozmetik-kimyasallari","9":"product_cat-tarim-kimyasallari","10":"product_cat-veteriner-ve-ilac-kimyasallari","12":"first","13":"instock","14":"shipping-taxable","15":"purchasable","16":"product-type-variable"},"yoast_head":"<!-- This site is optimized with the Yoast SEO Premium plugin v20.2.1 (Yoast SEO v20.2.1) - https:\/\/yoast.com\/wordpress\/plugins\/seo\/ -->\n<title>SAL\u0130S\u0130L\u0130K AS\u0130T - Akerkimya<\/title>\n<meta name=\"robots\" content=\"index, follow, max-snippet:-1, max-image-preview:large, max-video-preview:-1\" \/>\n<link rel=\"canonical\" href=\"https:\/\/akerkimya.com\/eticaret\/urun\/salisilik-asit\/\" \/>\n<meta property=\"og:locale\" content=\"tr_TR\" \/>\n<meta property=\"og:type\" content=\"article\" \/>\n<meta property=\"og:title\" content=\"SAL\u0130S\u0130L\u0130K AS\u0130T\" \/>\n<meta property=\"og:description\" content=\"SAL\u0130S\u0130L\u0130K AS\u0130T Salisilik asit, C7H6O3 form\u00fcl\u00fcne sahip do\u011fal bir bile\u015fiktir. Salisilik asit, beyaz s\u00f6\u011f\u00fct ve keklik \u00fcz\u00fcm\u00fc yapraklar\u0131n\u0131n kabu\u011fundan elde\" \/>\n<meta property=\"og:url\" content=\"https:\/\/akerkimya.com\/eticaret\/urun\/salisilik-asit\/\" \/>\n<meta property=\"og:site_name\" content=\"Akerkimya\" \/>\n<meta property=\"article:modified_time\" content=\"2026-05-07T13:14:02+00:00\" \/>\n<meta property=\"og:image\" content=\"https:\/\/akerkimya.com\/eticaret\/wp-content\/uploads\/2025\/01\/SALISILIK-ASIT-GUNCEL-1.png\" \/>\n\t<meta property=\"og:image:width\" content=\"1000\" \/>\n\t<meta property=\"og:image:height\" content=\"1000\" \/>\n\t<meta property=\"og:image:type\" content=\"image\/png\" \/>\n<meta name=\"twitter:card\" content=\"summary_large_image\" \/>\n<meta name=\"twitter:label1\" content=\"Tahmini okuma s\u00fcresi\" \/>\n\t<meta name=\"twitter:data1\" content=\"2 dakika\" \/>\n<script type=\"application\/ld+json\" class=\"yoast-schema-graph\">{\"@context\":\"https:\/\/schema.org\",\"@graph\":[{\"@type\":\"WebPage\",\"@id\":\"https:\/\/akerkimya.com\/eticaret\/urun\/salisilik-asit\/\",\"url\":\"https:\/\/akerkimya.com\/eticaret\/urun\/salisilik-asit\/\",\"name\":\"SAL\u0130S\u0130L\u0130K AS\u0130T - Akerkimya\",\"isPartOf\":{\"@id\":\"https:\/\/akerkimya.com\/eticaret\/#website\"},\"datePublished\":\"2025-01-01T14:19:07+00:00\",\"dateModified\":\"2026-05-07T13:14:02+00:00\",\"breadcrumb\":{\"@id\":\"https:\/\/akerkimya.com\/eticaret\/urun\/salisilik-asit\/#breadcrumb\"},\"inLanguage\":\"tr\",\"potentialAction\":[{\"@type\":\"ReadAction\",\"target\":[\"https:\/\/akerkimya.com\/eticaret\/urun\/salisilik-asit\/\"]}]},{\"@type\":\"BreadcrumbList\",\"@id\":\"https:\/\/akerkimya.com\/eticaret\/urun\/salisilik-asit\/#breadcrumb\",\"itemListElement\":[{\"@type\":\"ListItem\",\"position\":1,\"name\":\"Home\",\"item\":\"https:\/\/akerkimya.com\/eticaret\/\"},{\"@type\":\"ListItem\",\"position\":2,\"name\":\"Market\",\"item\":\"https:\/\/akerkimya.com\/eticaret\/market\/\"},{\"@type\":\"ListItem\",\"position\":3,\"name\":\"SAL\u0130S\u0130L\u0130K AS\u0130T\"}]},{\"@type\":\"WebSite\",\"@id\":\"https:\/\/akerkimya.com\/eticaret\/#website\",\"url\":\"https:\/\/akerkimya.com\/eticaret\/\",\"name\":\"Akerkimya\",\"description\":\"\",\"potentialAction\":[{\"@type\":\"SearchAction\",\"target\":{\"@type\":\"EntryPoint\",\"urlTemplate\":\"https:\/\/akerkimya.com\/eticaret\/?s={search_term_string}\"},\"query-input\":\"required name=search_term_string\"}],\"inLanguage\":\"tr\"}]}<\/script>\n<!-- \/ Yoast SEO Premium plugin. -->","yoast_head_json":{"title":"SAL\u0130S\u0130L\u0130K AS\u0130T - Akerkimya","robots":{"index":"index","follow":"follow","max-snippet":"max-snippet:-1","max-image-preview":"max-image-preview:large","max-video-preview":"max-video-preview:-1"},"canonical":"https:\/\/akerkimya.com\/eticaret\/urun\/salisilik-asit\/","og_locale":"tr_TR","og_type":"article","og_title":"SAL\u0130S\u0130L\u0130K AS\u0130T","og_description":"SAL\u0130S\u0130L\u0130K AS\u0130T Salisilik asit, C7H6O3 form\u00fcl\u00fcne sahip do\u011fal bir bile\u015fiktir. Salisilik asit, beyaz s\u00f6\u011f\u00fct ve keklik \u00fcz\u00fcm\u00fc yapraklar\u0131n\u0131n kabu\u011fundan elde","og_url":"https:\/\/akerkimya.com\/eticaret\/urun\/salisilik-asit\/","og_site_name":"Akerkimya","article_modified_time":"2026-05-07T13:14:02+00:00","og_image":[{"width":1000,"height":1000,"url":"https:\/\/akerkimya.com\/eticaret\/wp-content\/uploads\/2025\/01\/SALISILIK-ASIT-GUNCEL-1.png","type":"image\/png"}],"twitter_card":"summary_large_image","twitter_misc":{"Tahmini okuma s\u00fcresi":"2 dakika"},"schema":{"@context":"https:\/\/schema.org","@graph":[{"@type":"WebPage","@id":"https:\/\/akerkimya.com\/eticaret\/urun\/salisilik-asit\/","url":"https:\/\/akerkimya.com\/eticaret\/urun\/salisilik-asit\/","name":"SAL\u0130S\u0130L\u0130K AS\u0130T - Akerkimya","isPartOf":{"@id":"https:\/\/akerkimya.com\/eticaret\/#website"},"datePublished":"2025-01-01T14:19:07+00:00","dateModified":"2026-05-07T13:14:02+00:00","breadcrumb":{"@id":"https:\/\/akerkimya.com\/eticaret\/urun\/salisilik-asit\/#breadcrumb"},"inLanguage":"tr","potentialAction":[{"@type":"ReadAction","target":["https:\/\/akerkimya.com\/eticaret\/urun\/salisilik-asit\/"]}]},{"@type":"BreadcrumbList","@id":"https:\/\/akerkimya.com\/eticaret\/urun\/salisilik-asit\/#breadcrumb","itemListElement":[{"@type":"ListItem","position":1,"name":"Home","item":"https:\/\/akerkimya.com\/eticaret\/"},{"@type":"ListItem","position":2,"name":"Market","item":"https:\/\/akerkimya.com\/eticaret\/market\/"},{"@type":"ListItem","position":3,"name":"SAL\u0130S\u0130L\u0130K AS\u0130T"}]},{"@type":"WebSite","@id":"https:\/\/akerkimya.com\/eticaret\/#website","url":"https:\/\/akerkimya.com\/eticaret\/","name":"Akerkimya","description":"","potentialAction":[{"@type":"SearchAction","target":{"@type":"EntryPoint","urlTemplate":"https:\/\/akerkimya.com\/eticaret\/?s={search_term_string}"},"query-input":"required name=search_term_string"}],"inLanguage":"tr"}]}},"_links":{"self":[{"href":"https:\/\/akerkimya.com\/eticaret\/wp-json\/wp\/v2\/product\/16639","targetHints":{"allow":["GET"]}}],"collection":[{"href":"https:\/\/akerkimya.com\/eticaret\/wp-json\/wp\/v2\/product"}],"about":[{"href":"https:\/\/akerkimya.com\/eticaret\/wp-json\/wp\/v2\/types\/product"}],"replies":[{"embeddable":true,"href":"https:\/\/akerkimya.com\/eticaret\/wp-json\/wp\/v2\/comments?post=16639"}],"version-history":[{"count":2,"href":"https:\/\/akerkimya.com\/eticaret\/wp-json\/wp\/v2\/product\/16639\/revisions"}],"predecessor-version":[{"id":21144,"href":"https:\/\/akerkimya.com\/eticaret\/wp-json\/wp\/v2\/product\/16639\/revisions\/21144"}],"wp:featuredmedia":[{"embeddable":true,"href":"https:\/\/akerkimya.com\/eticaret\/wp-json\/wp\/v2\/media\/16796"}],"wp:attachment":[{"href":"https:\/\/akerkimya.com\/eticaret\/wp-json\/wp\/v2\/media?parent=16639"}],"wp:term":[{"taxonomy":"product_cat","embeddable":true,"href":"https:\/\/akerkimya.com\/eticaret\/wp-json\/wp\/v2\/product_cat?post=16639"},{"taxonomy":"product_tag","embeddable":true,"href":"https:\/\/akerkimya.com\/eticaret\/wp-json\/wp\/v2\/product_tag?post=16639"}],"curies":[{"name":"wp","href":"https:\/\/api.w.org\/{rel}","templated":true}]}}