{"id":16798,"date":"2025-01-01T21:01:02","date_gmt":"2025-01-01T18:01:02","guid":{"rendered":"https:\/\/akerkimya.com\/eticaret\/?post_type=product&#038;p=16798"},"modified":"2026-03-30T02:23:55","modified_gmt":"2026-03-29T23:23:55","slug":"silika-fume","status":"publish","type":"product","link":"https:\/\/akerkimya.com\/eticaret\/urun\/silika-fume\/","title":{"rendered":"S\u0130L\u0130KA F\u00dcME"},"content":{"rendered":"<p><strong>S\u0130L\u0130KA F\u00dcME <\/strong><\/p>\n<p><strong>Silika duman\u0131, amorf silikon dioksitin mikron alt\u0131 par\u00e7ac\u0131klar\u0131ndan (\u00e7imento tanesinden 100 ila 150 kat daha k\u00fc\u00e7\u00fck) olu\u015fan mineral bir kar\u0131\u015f\u0131md\u0131r. Klor\u00fcr-iyon giri\u015fine a\u015f\u0131r\u0131 d\u00fc\u015f\u00fck ge\u00e7irgenli\u011fi ve y\u00fcksek elektrik direnci nedeniyle betonda \u00e7elik korozyonunu g\u00fc\u00e7lendirir<\/strong><strong>.<\/strong><\/p>\n<p><strong>\u00a0<\/strong><\/p>\n<p><strong>Teknik <\/strong><\/p>\n<p><strong>\u00d6ZELL\u0130KLER\u00a0\u00a0\u00a0\u00a0\u00a0\u00a0\u00a0\u00a0\u00a0\u00a0 DE\u011eERLER <\/strong><\/p>\n<p><strong>G\u00f6r\u00fcn\u00fcm\u00a0\u00a0\u00a0\u00a0\u00a0\u00a0 :\u00a0\u00a0\u00a0\u00a0\u00a0 Gri toz\u00a0 <\/strong><\/p>\n<p><strong>\u015eekilsiz S\u0130O2:\u00a0\u00a0\u00a0\u00a0\u00a0\u00a0\u00a0min%93 <\/strong><\/p>\n<p><strong>Nem(H20)\u00a0\u00a0\u00a0\u00a0 :\u00a0\u00a0\u00a0\u00a0\u00a0\u00a0 max%0,3 <\/strong><\/p>\n<p><strong>K\u0131zd\u0131rma pay\u0131:\u00a0\u00a0\u00a0\u00a0\u00a0\u00a0 max %3,5\u00a0 <\/strong><\/p>\n<p><strong>+45micron \u00fczeri:\u00a0\u00a0\u00a0\u00a0\u00a0max %2,5\u00a0\u00a0\u00a0\u00a0\u00a0\u00a0\u00a0\u00a0\u00a0\u00a0\u00a0\u00a0\u00a0\u00a0\u00a0<\/p>\n<p><strong>Yo\u011funluk\u00a0\u00a0\u00a0\u00a0\u00a0\u00a0 :\u00a0\u00a0\u00a0\u00a0\u00a00,55-0,65 kg\/dm3 <\/strong><\/p>\n<p><strong>BET\u00a0\u00a0\u00a0\u00a0\u00a0\u00a0\u00a0\u00a0\u00a0\u00a0\u00a0 :\u00a0\u00a0   min.15-28 m2\/gr <\/strong><\/p>\n<p><strong>\u00a0<\/strong><\/p>\n<p><strong>KULLANIM ALANLARI: <\/strong><\/p>\n<p><strong>Haz\u0131r betonlarda ve har\u00e7larda <\/strong><\/p>\n<p><strong>Refrakter end\u00fcstrisinde <\/strong><\/p>\n<p><strong>Deniz yap\u0131lar\u0131nda <\/strong><\/p>\n<p><strong>Baraj, t\u00fcnel, k\u00f6pr\u00fc ve yollarda <\/strong><\/p>\n<p><strong>End\u00fcstriyel zeminlerde <\/strong><\/p>\n<p><strong>P\u00fcsk\u00fcrtme beton uygulamalar\u0131nda <\/strong><\/p>\n<p><strong>Beton borularda <\/strong><\/p>\n<p><strong>Prekast ve prefabrik end\u00fcstrisinde Avantajlar\u0131: <\/strong><\/p>\n<p><strong>Y\u00fcksek performansl\u0131 betonlar\u0131n bas\u0131n\u00e7 dayan\u0131mlar\u0131n\u0131 \u00f6nemli \u00f6l\u00e7\u00fcde art\u0131r\u0131r. <\/strong><\/p>\n<p><strong>M\u00fckemmel a\u015f\u0131nma ve s\u00fcrt\u00fcnme mukavemeti kazand\u0131rarak \u00e7ok yo\u011fun trafik b\u00f6lgelerindeki y\u00fczeylerin kal\u0131c\u0131l\u0131\u011f\u0131n\u0131 ciddi olarak art\u0131r\u0131r. <\/strong><\/p>\n<p><strong>Ge\u00e7irimsizli\u011fi 100 kata kadar art\u0131rarak, mikro silika kullan\u0131m\u0131n\u0131, \u00f6zellikle kimyasal maddelere maruz kalan alanlar i\u00e7in ideal hale getirir. <\/strong><\/p>\n<p><strong>S\u00fclfat ve klordan kaynaklanan korozyon etkisini \u00f6nemli d\u00fczeyde azalt\u0131r. <\/strong><\/p>\n<p><strong>P\u00fcsk\u00fcrtme uygulamalar\u0131nda yap\u0131\u015fmay\u0131 art\u0131rarak rebound oran\u0131n\u0131 %50 oran\u0131nda azalt\u0131r. <\/strong><\/p>\n<p><strong>\u00a0<\/strong><\/p>\n<p><strong>S\u0130L\u0130CA F\u00dcME \u00d6ZELL\u0130KLER\u0130 <\/strong><\/p>\n<p><strong>Silika f\u00fcme, amorf silikon dioksitin mikron alt\u0131 par\u00e7ac\u0131klar\u0131ndan (\u00e7imento tanesinden 100 ila 150 kat daha k\u00fc\u00e7\u00fck) olu\u015fan mineral bir kar\u0131\u015f\u0131md\u0131r Klor\u00fcr-iyon giri\u015fine a\u015f\u0131r\u0131 d\u00fc\u015f\u00fck ge\u00e7irgenli\u011fi ve y\u00fcksek elektrik direnci nedeniyle betonda \u00e7elik korozyonunu g\u00fc\u00e7lendirir.Haz\u0131r beton ve haz\u0131r betona eklendi\u011finde, silis f\u00fcme, kullan\u0131m \u00f6mr\u00fc uzayan ve yap\u0131sal ekonomiyi artt\u0131ran y\u00fcksek performansl\u0131, y\u00fcksek dayan\u0131ml\u0131 betonlar \u00fcretir.\u00a0 <\/strong><\/p>\n<p><strong>Nem, kimyasal madde ve di\u011fer kirleticilerin giri\u015fini engeller daha fazla s\u0131zd\u0131rmazl\u0131k sa\u011flar. <\/strong><\/p>\n<p><strong>Korozyon, a\u015f\u0131nma ve erozyon, kimyasal sald\u0131r\u0131 ve donma \/ \u00e7\u00f6z\u00fclme hasarlar\u0131na kar\u015f\u0131 \u00f6nemli \u00f6l\u00e7\u00fcde daha fazla diren\u00e7 sa\u011flar. <\/strong><\/p>\n<p><strong>Prekast betonlarda (\u00fcretim ortam\u0131nda yap\u0131lan) daha verimlidir ve maliyet ve zaman tasarrufu sa\u011flar. <\/strong><\/p>\n<p><strong>Y\u00fcksek erken ve daha y\u00fcksek nihai bas\u0131n\u00e7 dayan\u0131m\u0131 sa\u011flar.\u00a0\u00a0 <\/strong><\/p>\n<p><strong>Buhar k\u00fcr\u00fcn\u00fc ortadan kald\u0131r\u0131r. <\/strong><\/p>\n<p><strong>Is\u0131tma maliyetlerinde tasarruf sa\u011flar. <\/strong><\/p>\n<p><strong>P\u00fcsk\u00fcrtme beton uygulamalar\u0131nda, daha az malzeme at\u0131\u011f\u0131 ve daha fazla \u00fcr\u00fcn kullan\u0131m etkinli\u011fi vard\u0131r. <\/strong><\/p>\n<p><strong>Y\u00fcksek elektrik direnci ve ge\u00e7irimsizlik sa\u011flar. <\/strong><\/p>\n<p><strong>\u00c7elik korozyonunu g\u00fc\u00e7lendiren hafifletici fakt\u00f6rler. Geli\u015fmi\u015f yap\u0131\u015ft\u0131rma g\u00fcc\u00fc. Her nozul ge\u00e7i\u015fi ile daha kal\u0131n uygulamalar sa\u011flar. <\/strong><\/p>\n<p><strong>\u00a0<\/strong><\/p>\n<p><strong>DEPOLANMASI<\/strong><\/p>\n<p><strong>\u00a0 <\/strong><\/p>\n<p><strong>Ambalaj\u0131nda ve kuru ortamda 2C \u00fczerinde raf \u00f6mr\u00fc s\u0131n\u0131rs\u0131zd\u0131r. Serin ve kuru ortamda depolay\u0131n\u0131z. <\/strong><\/p>\n<p><strong>\u00a0<\/strong><\/p>\n<p><strong>AMBALAJ<\/strong><\/p>\n<p><strong>1-5-10 kg torbalarda ve 600 kg big bag torbalarda<\/strong><strong>. <\/strong><\/p>\n<p><strong>\u00a0<\/strong><\/p>\n","protected":false},"excerpt":{"rendered":"<p>S\u0130L\u0130KA F\u00dcME Silika duman\u0131, amorf silikon dioksitin mikron alt\u0131 par\u00e7ac\u0131klar\u0131ndan (\u00e7imento tanesinden 100 ila 150 kat daha k\u00fc\u00e7\u00fck) olu\u015fan mineral<\/p>\n","protected":false},"featured_media":16799,"comment_status":"open","ping_status":"closed","template":"","meta":{"_joinchat":[]},"product_cat":[70],"product_tag":[],"class_list":{"0":"post-16798","1":"product","2":"type-product","3":"status-publish","4":"has-post-thumbnail","6":"product_cat-boya-ve-yapi-kimyasallar","8":"first","9":"instock","10":"shipping-taxable","11":"purchasable","12":"product-type-variable"},"yoast_head":"<!-- This site is optimized with the Yoast SEO Premium plugin v20.2.1 (Yoast SEO v20.2.1) - https:\/\/yoast.com\/wordpress\/plugins\/seo\/ -->\n<title>S\u0130L\u0130KA F\u00dcME - Akerkimya<\/title>\n<meta name=\"robots\" content=\"index, follow, max-snippet:-1, max-image-preview:large, max-video-preview:-1\" \/>\n<link rel=\"canonical\" href=\"https:\/\/akerkimya.com\/eticaret\/urun\/silika-fume\/\" \/>\n<meta property=\"og:locale\" content=\"tr_TR\" \/>\n<meta property=\"og:type\" content=\"article\" \/>\n<meta property=\"og:title\" content=\"S\u0130L\u0130KA F\u00dcME\" \/>\n<meta property=\"og:description\" content=\"S\u0130L\u0130KA F\u00dcME Silika duman\u0131, amorf silikon dioksitin mikron alt\u0131 par\u00e7ac\u0131klar\u0131ndan (\u00e7imento tanesinden 100 ila 150 kat daha k\u00fc\u00e7\u00fck) olu\u015fan mineral\" \/>\n<meta property=\"og:url\" content=\"https:\/\/akerkimya.com\/eticaret\/urun\/silika-fume\/\" \/>\n<meta property=\"og:site_name\" content=\"Akerkimya\" \/>\n<meta property=\"article:modified_time\" content=\"2026-03-29T23:23:55+00:00\" \/>\n<meta property=\"og:image\" content=\"https:\/\/akerkimya.com\/eticaret\/wp-content\/uploads\/2025\/01\/SILICA-FUME-GUNCEL-.png\" \/>\n\t<meta property=\"og:image:width\" content=\"1000\" \/>\n\t<meta property=\"og:image:height\" content=\"1000\" \/>\n\t<meta property=\"og:image:type\" content=\"image\/png\" \/>\n<meta name=\"twitter:card\" content=\"summary_large_image\" \/>\n<meta name=\"twitter:label1\" content=\"Tahmini okuma s\u00fcresi\" \/>\n\t<meta name=\"twitter:data1\" content=\"2 dakika\" \/>\n<script type=\"application\/ld+json\" class=\"yoast-schema-graph\">{\"@context\":\"https:\/\/schema.org\",\"@graph\":[{\"@type\":\"WebPage\",\"@id\":\"https:\/\/akerkimya.com\/eticaret\/urun\/silika-fume\/\",\"url\":\"https:\/\/akerkimya.com\/eticaret\/urun\/silika-fume\/\",\"name\":\"S\u0130L\u0130KA F\u00dcME - Akerkimya\",\"isPartOf\":{\"@id\":\"https:\/\/akerkimya.com\/eticaret\/#website\"},\"datePublished\":\"2025-01-01T18:01:02+00:00\",\"dateModified\":\"2026-03-29T23:23:55+00:00\",\"breadcrumb\":{\"@id\":\"https:\/\/akerkimya.com\/eticaret\/urun\/silika-fume\/#breadcrumb\"},\"inLanguage\":\"tr\",\"potentialAction\":[{\"@type\":\"ReadAction\",\"target\":[\"https:\/\/akerkimya.com\/eticaret\/urun\/silika-fume\/\"]}]},{\"@type\":\"BreadcrumbList\",\"@id\":\"https:\/\/akerkimya.com\/eticaret\/urun\/silika-fume\/#breadcrumb\",\"itemListElement\":[{\"@type\":\"ListItem\",\"position\":1,\"name\":\"Home\",\"item\":\"https:\/\/akerkimya.com\/eticaret\/\"},{\"@type\":\"ListItem\",\"position\":2,\"name\":\"Market\",\"item\":\"https:\/\/akerkimya.com\/eticaret\/market\/\"},{\"@type\":\"ListItem\",\"position\":3,\"name\":\"S\u0130L\u0130KA F\u00dcME\"}]},{\"@type\":\"WebSite\",\"@id\":\"https:\/\/akerkimya.com\/eticaret\/#website\",\"url\":\"https:\/\/akerkimya.com\/eticaret\/\",\"name\":\"Akerkimya\",\"description\":\"\",\"potentialAction\":[{\"@type\":\"SearchAction\",\"target\":{\"@type\":\"EntryPoint\",\"urlTemplate\":\"https:\/\/akerkimya.com\/eticaret\/?s={search_term_string}\"},\"query-input\":\"required name=search_term_string\"}],\"inLanguage\":\"tr\"}]}<\/script>\n<!-- \/ Yoast SEO Premium plugin. -->","yoast_head_json":{"title":"S\u0130L\u0130KA F\u00dcME - Akerkimya","robots":{"index":"index","follow":"follow","max-snippet":"max-snippet:-1","max-image-preview":"max-image-preview:large","max-video-preview":"max-video-preview:-1"},"canonical":"https:\/\/akerkimya.com\/eticaret\/urun\/silika-fume\/","og_locale":"tr_TR","og_type":"article","og_title":"S\u0130L\u0130KA F\u00dcME","og_description":"S\u0130L\u0130KA F\u00dcME Silika duman\u0131, amorf silikon dioksitin mikron alt\u0131 par\u00e7ac\u0131klar\u0131ndan (\u00e7imento tanesinden 100 ila 150 kat daha k\u00fc\u00e7\u00fck) olu\u015fan mineral","og_url":"https:\/\/akerkimya.com\/eticaret\/urun\/silika-fume\/","og_site_name":"Akerkimya","article_modified_time":"2026-03-29T23:23:55+00:00","og_image":[{"width":1000,"height":1000,"url":"https:\/\/akerkimya.com\/eticaret\/wp-content\/uploads\/2025\/01\/SILICA-FUME-GUNCEL-.png","type":"image\/png"}],"twitter_card":"summary_large_image","twitter_misc":{"Tahmini okuma s\u00fcresi":"2 dakika"},"schema":{"@context":"https:\/\/schema.org","@graph":[{"@type":"WebPage","@id":"https:\/\/akerkimya.com\/eticaret\/urun\/silika-fume\/","url":"https:\/\/akerkimya.com\/eticaret\/urun\/silika-fume\/","name":"S\u0130L\u0130KA F\u00dcME - Akerkimya","isPartOf":{"@id":"https:\/\/akerkimya.com\/eticaret\/#website"},"datePublished":"2025-01-01T18:01:02+00:00","dateModified":"2026-03-29T23:23:55+00:00","breadcrumb":{"@id":"https:\/\/akerkimya.com\/eticaret\/urun\/silika-fume\/#breadcrumb"},"inLanguage":"tr","potentialAction":[{"@type":"ReadAction","target":["https:\/\/akerkimya.com\/eticaret\/urun\/silika-fume\/"]}]},{"@type":"BreadcrumbList","@id":"https:\/\/akerkimya.com\/eticaret\/urun\/silika-fume\/#breadcrumb","itemListElement":[{"@type":"ListItem","position":1,"name":"Home","item":"https:\/\/akerkimya.com\/eticaret\/"},{"@type":"ListItem","position":2,"name":"Market","item":"https:\/\/akerkimya.com\/eticaret\/market\/"},{"@type":"ListItem","position":3,"name":"S\u0130L\u0130KA F\u00dcME"}]},{"@type":"WebSite","@id":"https:\/\/akerkimya.com\/eticaret\/#website","url":"https:\/\/akerkimya.com\/eticaret\/","name":"Akerkimya","description":"","potentialAction":[{"@type":"SearchAction","target":{"@type":"EntryPoint","urlTemplate":"https:\/\/akerkimya.com\/eticaret\/?s={search_term_string}"},"query-input":"required name=search_term_string"}],"inLanguage":"tr"}]}},"_links":{"self":[{"href":"https:\/\/akerkimya.com\/eticaret\/wp-json\/wp\/v2\/product\/16798","targetHints":{"allow":["GET"]}}],"collection":[{"href":"https:\/\/akerkimya.com\/eticaret\/wp-json\/wp\/v2\/product"}],"about":[{"href":"https:\/\/akerkimya.com\/eticaret\/wp-json\/wp\/v2\/types\/product"}],"replies":[{"embeddable":true,"href":"https:\/\/akerkimya.com\/eticaret\/wp-json\/wp\/v2\/comments?post=16798"}],"version-history":[{"count":1,"href":"https:\/\/akerkimya.com\/eticaret\/wp-json\/wp\/v2\/product\/16798\/revisions"}],"predecessor-version":[{"id":16803,"href":"https:\/\/akerkimya.com\/eticaret\/wp-json\/wp\/v2\/product\/16798\/revisions\/16803"}],"wp:featuredmedia":[{"embeddable":true,"href":"https:\/\/akerkimya.com\/eticaret\/wp-json\/wp\/v2\/media\/16799"}],"wp:attachment":[{"href":"https:\/\/akerkimya.com\/eticaret\/wp-json\/wp\/v2\/media?parent=16798"}],"wp:term":[{"taxonomy":"product_cat","embeddable":true,"href":"https:\/\/akerkimya.com\/eticaret\/wp-json\/wp\/v2\/product_cat?post=16798"},{"taxonomy":"product_tag","embeddable":true,"href":"https:\/\/akerkimya.com\/eticaret\/wp-json\/wp\/v2\/product_tag?post=16798"}],"curies":[{"name":"wp","href":"https:\/\/api.w.org\/{rel}","templated":true}]}}