{"id":16805,"date":"2025-01-01T21:04:02","date_gmt":"2025-01-01T18:04:02","guid":{"rendered":"https:\/\/akerkimya.com\/eticaret\/?post_type=product&#038;p=16805"},"modified":"2026-03-30T02:24:33","modified_gmt":"2026-03-29T23:24:33","slug":"silis-kum","status":"publish","type":"product","link":"https:\/\/akerkimya.com\/eticaret\/urun\/silis-kum\/","title":{"rendered":"S\u0130L\u0130S KUM"},"content":{"rendered":"<h1>S\u0130L\u0130S KUM<\/h1>\n<p><strong>Silis kumu, kuvars\u00e7a zengin magmatik ve metamorfik kaya\u00e7lar\u0131n ayr\u0131\u015fmas\u0131 sonucu olu\u015fan 2 mm \u2018den k\u00fc\u00e7\u00fck kuvars tanecikleridir. Silis kumu yery\u00fcz\u00fcnde en \u00e7ok bulunan madenlerdendir.<\/strong><\/p>\n<p><strong>\u00a0<\/strong><\/p>\n<p><strong>S\u0130L\u0130S KUMU \u00d6ZELL\u0130KLER\u0130<\/strong><\/p>\n<p><strong>Do\u011fada siliksat asidi ve tuzlar\u0131 halinde kum formunda ya da kuvarsit-kuvars \u015feklinde bulunabilmektedir.<\/strong><\/p>\n<p><strong>Manyetik olmayan \u00f6zelli\u011fe sahiptir.<\/strong><\/p>\n<p><strong>S\u0130L\u0130S KUMU, y\u00fcksek sertliktedir.<\/strong><\/p>\n<p><strong>Olduk\u00e7a sert ve saydam bir yap\u0131dad\u0131r.<\/strong><\/p>\n<p><strong>D\u00f6k\u00fcm sanayinin temelini olu\u015fturmaktad\u0131r.<\/strong><\/p>\n<p><strong>Y\u00fcksek a\u015f\u0131nmaya ve hava \u015fartlar\u0131na dayan\u0131kl\u0131d\u0131r.<\/strong><\/p>\n<p><strong>Y\u00fcksek kimyasal kararl\u0131l\u0131\u011fa sahiptir.<\/strong><\/p>\n<p><strong>\u00a0<\/strong><\/p>\n<p><strong>S\u0130L\u0130S KUMU TEKN\u0130K \u00d6ZELL\u0130KLER\u0130<\/strong><\/p>\n<p><strong>ATOM NUMARASI: 14<\/strong><\/p>\n<p><strong>YO\u011eUNLU\u011eU: 2,33 g\/cm<\/strong><\/p>\n<p><strong>G\u00d6R\u00dcN\u00dcM: Sar\u0131, gri, bej, beyaz<\/strong><\/p>\n<p><strong>ER\u0130ME DERECES\u0130: 1600<\/strong><\/p>\n<p><strong>\u00a0<\/strong><\/p>\n<p><strong>S\u0130L\u0130S KUMU KULLANIM ALANLARI<\/strong><\/p>\n<p><strong>Sanayide, kumlamada ve in\u015faat sekt\u00f6r\u00fcn\u00fcn bir\u00e7ok alan\u0131nda hammadde olarak kullan\u0131lmaktad\u0131r.<\/strong><\/p>\n<p><strong>Cam \u00fcretiminde, \u00e7imento, deterjan, plastik, seramik, elektronik, boya, d\u00f6k\u00fcm gibi bir\u00e7ok farkl\u0131 alanda kullan\u0131lmaktad\u0131r.<\/strong><\/p>\n<p><strong>Fayans-seramik yap\u0131\u015ft\u0131r\u0131c\u0131lar\u0131, derz har\u00e7lar\u0131, y\u00fczey sertle\u015ftiricileri, sanayi boyalar\u0131 gibi sekt\u00f6rlerde de kullan\u0131lmaktad\u0131r.<\/strong><\/p>\n<p><strong>AMBALAJ <\/strong><\/p>\n<p><strong>1-5 kg torbalar halinde <\/strong><\/p>\n<p><strong>\u00a0<\/strong><\/p>\n<p><strong>DEPOLAMA <\/strong><\/p>\n<p><strong>Serin ve kuru bir alanda muhafaza ediniz.<\/strong><\/p>\n<p><strong>\u00a0<\/strong><\/p>\n","protected":false},"excerpt":{"rendered":"<p>S\u0130L\u0130S KUM Silis kumu, kuvars\u00e7a zengin magmatik ve metamorfik kaya\u00e7lar\u0131n ayr\u0131\u015fmas\u0131 sonucu olu\u015fan 2 mm \u2018den k\u00fc\u00e7\u00fck kuvars tanecikleridir. Silis<\/p>\n","protected":false},"featured_media":16806,"comment_status":"open","ping_status":"closed","template":"","meta":{"_joinchat":[]},"product_cat":[70,72],"product_tag":[],"class_list":{"0":"post-16805","1":"product","2":"type-product","3":"status-publish","4":"has-post-thumbnail","6":"product_cat-boya-ve-yapi-kimyasallar","7":"product_cat-cam-ve-seramik-kimyasallari","9":"first","10":"instock","11":"shipping-taxable","12":"purchasable","13":"product-type-variable"},"yoast_head":"<!-- This site is optimized with the Yoast SEO Premium plugin v20.2.1 (Yoast SEO v20.2.1) - https:\/\/yoast.com\/wordpress\/plugins\/seo\/ -->\n<title>S\u0130L\u0130S KUM - Akerkimya<\/title>\n<meta name=\"robots\" content=\"index, follow, max-snippet:-1, max-image-preview:large, max-video-preview:-1\" \/>\n<link rel=\"canonical\" href=\"https:\/\/akerkimya.com\/eticaret\/urun\/silis-kum\/\" \/>\n<meta property=\"og:locale\" content=\"tr_TR\" \/>\n<meta property=\"og:type\" content=\"article\" \/>\n<meta property=\"og:title\" content=\"S\u0130L\u0130S KUM\" \/>\n<meta property=\"og:description\" content=\"S\u0130L\u0130S KUM Silis kumu, kuvars\u00e7a zengin magmatik ve metamorfik kaya\u00e7lar\u0131n ayr\u0131\u015fmas\u0131 sonucu olu\u015fan 2 mm \u2018den k\u00fc\u00e7\u00fck kuvars tanecikleridir. Silis\" \/>\n<meta property=\"og:url\" content=\"https:\/\/akerkimya.com\/eticaret\/urun\/silis-kum\/\" \/>\n<meta property=\"og:site_name\" content=\"Akerkimya\" \/>\n<meta property=\"article:modified_time\" content=\"2026-03-29T23:24:33+00:00\" \/>\n<meta property=\"og:image\" content=\"https:\/\/akerkimya.com\/eticaret\/wp-content\/uploads\/2025\/01\/SILIS-KUMU-GUNCEL-1-1.png\" \/>\n\t<meta property=\"og:image:width\" content=\"1000\" \/>\n\t<meta property=\"og:image:height\" content=\"1000\" \/>\n\t<meta property=\"og:image:type\" content=\"image\/png\" \/>\n<meta name=\"twitter:card\" content=\"summary_large_image\" \/>\n<meta name=\"twitter:label1\" content=\"Tahmini okuma s\u00fcresi\" \/>\n\t<meta name=\"twitter:data1\" content=\"1 dakika\" \/>\n<script type=\"application\/ld+json\" class=\"yoast-schema-graph\">{\"@context\":\"https:\/\/schema.org\",\"@graph\":[{\"@type\":\"WebPage\",\"@id\":\"https:\/\/akerkimya.com\/eticaret\/urun\/silis-kum\/\",\"url\":\"https:\/\/akerkimya.com\/eticaret\/urun\/silis-kum\/\",\"name\":\"S\u0130L\u0130S KUM - Akerkimya\",\"isPartOf\":{\"@id\":\"https:\/\/akerkimya.com\/eticaret\/#website\"},\"datePublished\":\"2025-01-01T18:04:02+00:00\",\"dateModified\":\"2026-03-29T23:24:33+00:00\",\"breadcrumb\":{\"@id\":\"https:\/\/akerkimya.com\/eticaret\/urun\/silis-kum\/#breadcrumb\"},\"inLanguage\":\"tr\",\"potentialAction\":[{\"@type\":\"ReadAction\",\"target\":[\"https:\/\/akerkimya.com\/eticaret\/urun\/silis-kum\/\"]}]},{\"@type\":\"BreadcrumbList\",\"@id\":\"https:\/\/akerkimya.com\/eticaret\/urun\/silis-kum\/#breadcrumb\",\"itemListElement\":[{\"@type\":\"ListItem\",\"position\":1,\"name\":\"Home\",\"item\":\"https:\/\/akerkimya.com\/eticaret\/\"},{\"@type\":\"ListItem\",\"position\":2,\"name\":\"Market\",\"item\":\"https:\/\/akerkimya.com\/eticaret\/market\/\"},{\"@type\":\"ListItem\",\"position\":3,\"name\":\"S\u0130L\u0130S KUM\"}]},{\"@type\":\"WebSite\",\"@id\":\"https:\/\/akerkimya.com\/eticaret\/#website\",\"url\":\"https:\/\/akerkimya.com\/eticaret\/\",\"name\":\"Akerkimya\",\"description\":\"\",\"potentialAction\":[{\"@type\":\"SearchAction\",\"target\":{\"@type\":\"EntryPoint\",\"urlTemplate\":\"https:\/\/akerkimya.com\/eticaret\/?s={search_term_string}\"},\"query-input\":\"required name=search_term_string\"}],\"inLanguage\":\"tr\"}]}<\/script>\n<!-- \/ Yoast SEO Premium plugin. -->","yoast_head_json":{"title":"S\u0130L\u0130S KUM - Akerkimya","robots":{"index":"index","follow":"follow","max-snippet":"max-snippet:-1","max-image-preview":"max-image-preview:large","max-video-preview":"max-video-preview:-1"},"canonical":"https:\/\/akerkimya.com\/eticaret\/urun\/silis-kum\/","og_locale":"tr_TR","og_type":"article","og_title":"S\u0130L\u0130S KUM","og_description":"S\u0130L\u0130S KUM Silis kumu, kuvars\u00e7a zengin magmatik ve metamorfik kaya\u00e7lar\u0131n ayr\u0131\u015fmas\u0131 sonucu olu\u015fan 2 mm \u2018den k\u00fc\u00e7\u00fck kuvars tanecikleridir. Silis","og_url":"https:\/\/akerkimya.com\/eticaret\/urun\/silis-kum\/","og_site_name":"Akerkimya","article_modified_time":"2026-03-29T23:24:33+00:00","og_image":[{"width":1000,"height":1000,"url":"https:\/\/akerkimya.com\/eticaret\/wp-content\/uploads\/2025\/01\/SILIS-KUMU-GUNCEL-1-1.png","type":"image\/png"}],"twitter_card":"summary_large_image","twitter_misc":{"Tahmini okuma s\u00fcresi":"1 dakika"},"schema":{"@context":"https:\/\/schema.org","@graph":[{"@type":"WebPage","@id":"https:\/\/akerkimya.com\/eticaret\/urun\/silis-kum\/","url":"https:\/\/akerkimya.com\/eticaret\/urun\/silis-kum\/","name":"S\u0130L\u0130S KUM - Akerkimya","isPartOf":{"@id":"https:\/\/akerkimya.com\/eticaret\/#website"},"datePublished":"2025-01-01T18:04:02+00:00","dateModified":"2026-03-29T23:24:33+00:00","breadcrumb":{"@id":"https:\/\/akerkimya.com\/eticaret\/urun\/silis-kum\/#breadcrumb"},"inLanguage":"tr","potentialAction":[{"@type":"ReadAction","target":["https:\/\/akerkimya.com\/eticaret\/urun\/silis-kum\/"]}]},{"@type":"BreadcrumbList","@id":"https:\/\/akerkimya.com\/eticaret\/urun\/silis-kum\/#breadcrumb","itemListElement":[{"@type":"ListItem","position":1,"name":"Home","item":"https:\/\/akerkimya.com\/eticaret\/"},{"@type":"ListItem","position":2,"name":"Market","item":"https:\/\/akerkimya.com\/eticaret\/market\/"},{"@type":"ListItem","position":3,"name":"S\u0130L\u0130S KUM"}]},{"@type":"WebSite","@id":"https:\/\/akerkimya.com\/eticaret\/#website","url":"https:\/\/akerkimya.com\/eticaret\/","name":"Akerkimya","description":"","potentialAction":[{"@type":"SearchAction","target":{"@type":"EntryPoint","urlTemplate":"https:\/\/akerkimya.com\/eticaret\/?s={search_term_string}"},"query-input":"required name=search_term_string"}],"inLanguage":"tr"}]}},"_links":{"self":[{"href":"https:\/\/akerkimya.com\/eticaret\/wp-json\/wp\/v2\/product\/16805","targetHints":{"allow":["GET"]}}],"collection":[{"href":"https:\/\/akerkimya.com\/eticaret\/wp-json\/wp\/v2\/product"}],"about":[{"href":"https:\/\/akerkimya.com\/eticaret\/wp-json\/wp\/v2\/types\/product"}],"replies":[{"embeddable":true,"href":"https:\/\/akerkimya.com\/eticaret\/wp-json\/wp\/v2\/comments?post=16805"}],"version-history":[{"count":1,"href":"https:\/\/akerkimya.com\/eticaret\/wp-json\/wp\/v2\/product\/16805\/revisions"}],"predecessor-version":[{"id":16809,"href":"https:\/\/akerkimya.com\/eticaret\/wp-json\/wp\/v2\/product\/16805\/revisions\/16809"}],"wp:featuredmedia":[{"embeddable":true,"href":"https:\/\/akerkimya.com\/eticaret\/wp-json\/wp\/v2\/media\/16806"}],"wp:attachment":[{"href":"https:\/\/akerkimya.com\/eticaret\/wp-json\/wp\/v2\/media?parent=16805"}],"wp:term":[{"taxonomy":"product_cat","embeddable":true,"href":"https:\/\/akerkimya.com\/eticaret\/wp-json\/wp\/v2\/product_cat?post=16805"},{"taxonomy":"product_tag","embeddable":true,"href":"https:\/\/akerkimya.com\/eticaret\/wp-json\/wp\/v2\/product_tag?post=16805"}],"curies":[{"name":"wp","href":"https:\/\/api.w.org\/{rel}","templated":true}]}}