{"id":16813,"date":"2025-01-01T21:10:45","date_gmt":"2025-01-01T18:10:45","guid":{"rendered":"https:\/\/akerkimya.com\/eticaret\/?post_type=product&#038;p=16813"},"modified":"2026-05-08T10:31:43","modified_gmt":"2026-05-08T07:31:43","slug":"sles-70","status":"publish","type":"product","link":"https:\/\/akerkimya.com\/eticaret\/urun\/sles-70\/","title":{"rendered":"SLES 70"},"content":{"rendered":"<h1>SLES 70<\/h1>\n<p><strong>Sodyum Laurel S\u00fclfat veya k\u0131saca SLES hurma \u00e7ekirde\u011fi ya\u011f\u0131 veya Hindistan cevizi ya\u011f\u0131ndan elde edilen dodesil alkol\u00fcn etoksilasyonuyla sentezlenir. Olu\u015fan etoksilat sodyum tuzuna \u00e7evrilerek n\u00f6tralize edilen yar\u0131m bir s\u00fclf\u00fcrik asit esterine d\u00f6n\u00fc\u015ft\u00fcr\u00fcl\u00fcr. SLES benzer \u015fekilde \u00fcretilir fakat etoksiyon a\u015famas\u0131 olmadan sentezlenir.Anyonik deterjan ve y\u00fczey aktif malzemedir.<\/strong><\/p>\n<p><strong>SLES TEKN\u0130K \u00d6ZELL\u0130KLER<\/strong><\/p>\n<p><strong>CAS NO: 3088-31-1<\/strong><\/p>\n<p><strong>E\u0130NECS NO: 221-416-0<\/strong><\/p>\n<p><strong>RENK: Beyaz veya a\u00e7\u0131k sar\u0131 jelin<\/strong><\/p>\n<p><strong>FORM\u00dcL: CH3(CH2)10CH2(OCH2CH2)Noso3Na<\/strong><\/p>\n<p><strong>YO\u011eUNLUK: 1,05 g\/cm3<\/strong><\/p>\n<p><strong>AKT\u0130F MADDE:\u00a0 % 70<\/strong><\/p>\n<p><strong>PH: 7,0-9,5<\/strong><\/p>\n<p><strong>KAYNAMA NOKTASI: 760 mm AT 100 C<\/strong><\/p>\n<p><strong>\u00c7\u00d6Z\u00dcNME: Suda \u00e7\u00f6z\u00fcn\u00fcr<\/strong><\/p>\n<p><strong>\u00a0<\/strong><\/p>\n<p><strong>SLES KULLANIM ALANLARI<\/strong><\/p>\n<p><strong>\u015eampuan, sabun, du\u015f jeli, banyo k\u00f6p\u00fc\u011f\u00fc, di\u015f macunlar\u0131 gibi ki\u015fisel bak\u0131m \u00fcr\u00fcnlerinde y\u00fczey gerilimini azaltma ve k\u00f6p\u00fck olu\u015fturma \u00f6zelli\u011finden dolay\u0131 yo\u011fun \u015fekilde kullan\u0131lmaktad\u0131r.<\/strong><\/p>\n<p><strong>Kozmetik \u00fcr\u00fcnlerde, temizlik \u00fcr\u00fcnlerinde em\u00fclsiyonla\u015ft\u0131rma \u00f6zelliklerinden dolay\u0131 kullan\u0131lan y\u00fczey aktif malzemelerdir.<\/strong><\/p>\n<p><strong>Yayg\u0131n olarak kullan\u0131lan anyonik s\u00fckfaktan malzemesidir.<\/strong><\/p>\n<p><strong>Protein ve lipitlerin ayr\u0131lmas\u0131nda kullan\u0131l\u0131r.<\/strong><\/p>\n<p><strong>Tekstil sanayinde \u0131slat\u0131c\u0131 olarak kullan\u0131l\u0131r.<\/strong><\/p>\n<p><strong>G\u0131da sanayinde em\u00fclgat\u00f6r ve k\u0131vam art\u0131r\u0131c\u0131 olarak kullan\u0131l\u0131r. Kurutulmu\u015f yumurta \u00fcr\u00fcnlerinde \u00e7\u0131rpma yard\u0131mc\u0131s\u0131 olarak kullan\u0131l\u0131r.<\/strong><\/p>\n<p><strong>Elektro kaplamalarda em\u00fclgat\u00f6r, adjuvan ve \u0131slat\u0131c\u0131 olarak.<\/strong><\/p>\n<p><strong>Patlay\u0131c\u0131 malzemelerin imalat\u0131nda ve kat\u0131 roket yak\u0131tlar\u0131nda k\u00f6p\u00fck \u00f6nleyici olarak kullan\u0131l\u0131r.<\/strong><\/p>\n<p><strong>Vernik ve boya s\u00f6k\u00fcc\u00fc \u00fcr\u00fcnlerde em\u00fclgat\u00f6r ve delici madde olarak kullan\u0131l\u0131r.<\/strong><\/p>\n<p><strong>S\u0131v\u0131 bula\u015f\u0131k ve makine deterjan\u0131 \u00fcretiminde, teknik temizlik \u00fcr\u00fcnlerinde kullan\u0131lmaktad\u0131r.<\/strong><\/p>\n<p><strong>AMBALAJ <\/strong><\/p>\n<p><strong>1-5-30 kg bidonlar ve 165-240 kg variller halindedir.<\/strong><\/p>\n<p><strong>\u00a0<\/strong><\/p>\n<p><strong>DEPOLAMA<\/strong><\/p>\n<p><strong>G\u00fcne\u015f \u0131\u015f\u0131\u011f\u0131na temas etmeyen kuru ve serin yerlerde muhafaza ediniz.<\/strong><\/p>\n<p><strong>\u00a0<\/strong><\/p>\n","protected":false},"excerpt":{"rendered":"<p>SLES 70 Sodyum Laurel S\u00fclfat veya k\u0131saca SLES hurma \u00e7ekirde\u011fi ya\u011f\u0131 veya Hindistan cevizi ya\u011f\u0131ndan elde edilen dodesil alkol\u00fcn etoksilasyonuyla<\/p>\n","protected":false},"featured_media":16815,"comment_status":"open","ping_status":"closed","template":"","meta":{"_joinchat":[]},"product_cat":[70,73,74,76],"product_tag":[],"class_list":{"0":"post-16813","1":"product","2":"type-product","3":"status-publish","4":"has-post-thumbnail","6":"product_cat-boya-ve-yapi-kimyasallar","7":"product_cat-deri-ve-tekstil-kimyasallari","8":"product_cat-deterjan-ve-kozmetik-kimyasallari","9":"product_cat-gida-ve-katki-kimyasallari","11":"first","12":"instock","13":"shipping-taxable","14":"purchasable","15":"product-type-variable"},"yoast_head":"<!-- This site is optimized with the Yoast SEO Premium plugin v20.2.1 (Yoast SEO v20.2.1) - https:\/\/yoast.com\/wordpress\/plugins\/seo\/ -->\n<title>SLES 70 - Akerkimya<\/title>\n<meta name=\"robots\" content=\"index, follow, max-snippet:-1, max-image-preview:large, max-video-preview:-1\" \/>\n<link rel=\"canonical\" href=\"https:\/\/akerkimya.com\/eticaret\/urun\/sles-70\/\" \/>\n<meta property=\"og:locale\" content=\"tr_TR\" \/>\n<meta property=\"og:type\" content=\"article\" \/>\n<meta property=\"og:title\" content=\"SLES 70\" \/>\n<meta property=\"og:description\" content=\"SLES 70 Sodyum Laurel S\u00fclfat veya k\u0131saca SLES hurma \u00e7ekirde\u011fi ya\u011f\u0131 veya Hindistan cevizi ya\u011f\u0131ndan elde edilen dodesil alkol\u00fcn etoksilasyonuyla\" \/>\n<meta property=\"og:url\" content=\"https:\/\/akerkimya.com\/eticaret\/urun\/sles-70\/\" \/>\n<meta property=\"og:site_name\" content=\"Akerkimya\" \/>\n<meta property=\"article:modified_time\" content=\"2026-05-08T07:31:43+00:00\" \/>\n<meta property=\"og:image\" content=\"https:\/\/akerkimya.com\/eticaret\/wp-content\/uploads\/2025\/01\/SLES-70-GUNCEL-.png\" \/>\n\t<meta property=\"og:image:width\" content=\"1000\" \/>\n\t<meta property=\"og:image:height\" content=\"1000\" \/>\n\t<meta property=\"og:image:type\" content=\"image\/png\" \/>\n<meta name=\"twitter:card\" content=\"summary_large_image\" \/>\n<meta name=\"twitter:label1\" content=\"Tahmini okuma s\u00fcresi\" \/>\n\t<meta name=\"twitter:data1\" content=\"2 dakika\" \/>\n<script type=\"application\/ld+json\" class=\"yoast-schema-graph\">{\"@context\":\"https:\/\/schema.org\",\"@graph\":[{\"@type\":\"WebPage\",\"@id\":\"https:\/\/akerkimya.com\/eticaret\/urun\/sles-70\/\",\"url\":\"https:\/\/akerkimya.com\/eticaret\/urun\/sles-70\/\",\"name\":\"SLES 70 - Akerkimya\",\"isPartOf\":{\"@id\":\"https:\/\/akerkimya.com\/eticaret\/#website\"},\"datePublished\":\"2025-01-01T18:10:45+00:00\",\"dateModified\":\"2026-05-08T07:31:43+00:00\",\"breadcrumb\":{\"@id\":\"https:\/\/akerkimya.com\/eticaret\/urun\/sles-70\/#breadcrumb\"},\"inLanguage\":\"tr\",\"potentialAction\":[{\"@type\":\"ReadAction\",\"target\":[\"https:\/\/akerkimya.com\/eticaret\/urun\/sles-70\/\"]}]},{\"@type\":\"BreadcrumbList\",\"@id\":\"https:\/\/akerkimya.com\/eticaret\/urun\/sles-70\/#breadcrumb\",\"itemListElement\":[{\"@type\":\"ListItem\",\"position\":1,\"name\":\"Home\",\"item\":\"https:\/\/akerkimya.com\/eticaret\/\"},{\"@type\":\"ListItem\",\"position\":2,\"name\":\"Market\",\"item\":\"https:\/\/akerkimya.com\/eticaret\/market\/\"},{\"@type\":\"ListItem\",\"position\":3,\"name\":\"SLES 70\"}]},{\"@type\":\"WebSite\",\"@id\":\"https:\/\/akerkimya.com\/eticaret\/#website\",\"url\":\"https:\/\/akerkimya.com\/eticaret\/\",\"name\":\"Akerkimya\",\"description\":\"\",\"potentialAction\":[{\"@type\":\"SearchAction\",\"target\":{\"@type\":\"EntryPoint\",\"urlTemplate\":\"https:\/\/akerkimya.com\/eticaret\/?s={search_term_string}\"},\"query-input\":\"required name=search_term_string\"}],\"inLanguage\":\"tr\"}]}<\/script>\n<!-- \/ Yoast SEO Premium plugin. -->","yoast_head_json":{"title":"SLES 70 - Akerkimya","robots":{"index":"index","follow":"follow","max-snippet":"max-snippet:-1","max-image-preview":"max-image-preview:large","max-video-preview":"max-video-preview:-1"},"canonical":"https:\/\/akerkimya.com\/eticaret\/urun\/sles-70\/","og_locale":"tr_TR","og_type":"article","og_title":"SLES 70","og_description":"SLES 70 Sodyum Laurel S\u00fclfat veya k\u0131saca SLES hurma \u00e7ekirde\u011fi ya\u011f\u0131 veya Hindistan cevizi ya\u011f\u0131ndan elde edilen dodesil alkol\u00fcn etoksilasyonuyla","og_url":"https:\/\/akerkimya.com\/eticaret\/urun\/sles-70\/","og_site_name":"Akerkimya","article_modified_time":"2026-05-08T07:31:43+00:00","og_image":[{"width":1000,"height":1000,"url":"https:\/\/akerkimya.com\/eticaret\/wp-content\/uploads\/2025\/01\/SLES-70-GUNCEL-.png","type":"image\/png"}],"twitter_card":"summary_large_image","twitter_misc":{"Tahmini okuma s\u00fcresi":"2 dakika"},"schema":{"@context":"https:\/\/schema.org","@graph":[{"@type":"WebPage","@id":"https:\/\/akerkimya.com\/eticaret\/urun\/sles-70\/","url":"https:\/\/akerkimya.com\/eticaret\/urun\/sles-70\/","name":"SLES 70 - Akerkimya","isPartOf":{"@id":"https:\/\/akerkimya.com\/eticaret\/#website"},"datePublished":"2025-01-01T18:10:45+00:00","dateModified":"2026-05-08T07:31:43+00:00","breadcrumb":{"@id":"https:\/\/akerkimya.com\/eticaret\/urun\/sles-70\/#breadcrumb"},"inLanguage":"tr","potentialAction":[{"@type":"ReadAction","target":["https:\/\/akerkimya.com\/eticaret\/urun\/sles-70\/"]}]},{"@type":"BreadcrumbList","@id":"https:\/\/akerkimya.com\/eticaret\/urun\/sles-70\/#breadcrumb","itemListElement":[{"@type":"ListItem","position":1,"name":"Home","item":"https:\/\/akerkimya.com\/eticaret\/"},{"@type":"ListItem","position":2,"name":"Market","item":"https:\/\/akerkimya.com\/eticaret\/market\/"},{"@type":"ListItem","position":3,"name":"SLES 70"}]},{"@type":"WebSite","@id":"https:\/\/akerkimya.com\/eticaret\/#website","url":"https:\/\/akerkimya.com\/eticaret\/","name":"Akerkimya","description":"","potentialAction":[{"@type":"SearchAction","target":{"@type":"EntryPoint","urlTemplate":"https:\/\/akerkimya.com\/eticaret\/?s={search_term_string}"},"query-input":"required name=search_term_string"}],"inLanguage":"tr"}]}},"_links":{"self":[{"href":"https:\/\/akerkimya.com\/eticaret\/wp-json\/wp\/v2\/product\/16813","targetHints":{"allow":["GET"]}}],"collection":[{"href":"https:\/\/akerkimya.com\/eticaret\/wp-json\/wp\/v2\/product"}],"about":[{"href":"https:\/\/akerkimya.com\/eticaret\/wp-json\/wp\/v2\/types\/product"}],"replies":[{"embeddable":true,"href":"https:\/\/akerkimya.com\/eticaret\/wp-json\/wp\/v2\/comments?post=16813"}],"version-history":[{"count":1,"href":"https:\/\/akerkimya.com\/eticaret\/wp-json\/wp\/v2\/product\/16813\/revisions"}],"predecessor-version":[{"id":16823,"href":"https:\/\/akerkimya.com\/eticaret\/wp-json\/wp\/v2\/product\/16813\/revisions\/16823"}],"wp:featuredmedia":[{"embeddable":true,"href":"https:\/\/akerkimya.com\/eticaret\/wp-json\/wp\/v2\/media\/16815"}],"wp:attachment":[{"href":"https:\/\/akerkimya.com\/eticaret\/wp-json\/wp\/v2\/media?parent=16813"}],"wp:term":[{"taxonomy":"product_cat","embeddable":true,"href":"https:\/\/akerkimya.com\/eticaret\/wp-json\/wp\/v2\/product_cat?post=16813"},{"taxonomy":"product_tag","embeddable":true,"href":"https:\/\/akerkimya.com\/eticaret\/wp-json\/wp\/v2\/product_tag?post=16813"}],"curies":[{"name":"wp","href":"https:\/\/api.w.org\/{rel}","templated":true}]}}