{"id":16816,"date":"2025-01-01T21:15:15","date_gmt":"2025-01-01T18:15:15","guid":{"rendered":"https:\/\/akerkimya.com\/eticaret\/?post_type=product&#038;p=16816"},"modified":"2026-03-30T02:22:36","modified_gmt":"2026-03-29T23:22:36","slug":"dietanolamin","status":"publish","type":"product","link":"https:\/\/akerkimya.com\/eticaret\/urun\/dietanolamin\/","title":{"rendered":"D\u0130ETANOLAM\u0130N"},"content":{"rendered":"<h1>D\u0130ETANOLAM\u0130N<\/h1>\n<p><strong>Dietanolamin, C4H11NO2 form\u00fcl\u00fcne sahip hem organik hem de dialkolik bir bile\u015fiktir. End\u00fcstriyel olarak etilen oksit ve amonya\u011f\u0131n gaz faz\u0131nda reaksiyonuyla \u00fcretilir. DEA, aminler ve alkoller grubuna ait kimyasal bile\u015fiktir.<\/strong><\/p>\n<p><strong>F\u0130Z\u0130KSEL \u00d6ZELL\u0130KLER<\/strong><\/p>\n<p><strong>Renksiz ve hafif amonyak kokusuna sahip bir formdad\u0131r.<\/strong><\/p>\n<p><strong>Suda tamamen \u00e7\u00f6z\u00fclen alkali amindir.<\/strong><\/p>\n<p><strong>Bazik ve higroskobik \u00f6zelli\u011fe sahiptir.<\/strong><\/p>\n<p><strong>Kararl\u0131 bir yap\u0131ya sahiptir.<\/strong><\/p>\n<p><strong>\u00a0<\/strong><\/p>\n<p><strong>TEKN\u0130K \u00d6ZELL\u0130KLER<\/strong><\/p>\n<p><strong>CAS NUMARASI: 111-41-2<\/strong><\/p>\n<p><strong>K\u0130MYASAL FORM\u00dcL\u00dc: C4H11NO2<\/strong><\/p>\n<p><strong>K\u0130MYASAL \u0130S\u0130MLER\u0130: DEA, Dietanolamin, Diethanolamine, Diolomin, \u0130minodietanol<\/strong><\/p>\n<p><strong>MOLAR K\u00dcTLE: 105.14 g\/mol-1<\/strong><\/p>\n<p><strong>YO\u011eUNLUK: 1.097 g\/mol-1<\/strong><\/p>\n<p><strong>ER\u0130ME NOKTASI: 28 \u02daC, 301,15 K, 82 \u02daC<\/strong><\/p>\n<p><strong>KAYNAMA NOKTASI: 271 \u02daC, 544.2 K, 520 \u02daC<\/strong><\/p>\n<p><strong>KIRILMA \u0130NDEKS\u0130: 1.477<\/strong><\/p>\n<p><strong>SAFLIK (%): 99.5<\/strong><\/p>\n<p><strong>\u00a0<\/strong><\/p>\n<p><strong>KULLANIM ALANLARI<\/strong><\/p>\n<p><strong>DEA, y\u00fczey aktif madde ve korozyon inhibit\u00f6r\u00fc olarak kullan\u0131l\u0131r.<\/strong><\/p>\n<p><strong>Do\u011fal gazdan hidrojen s\u00fclf\u00fcr ve karbondioksiti \u00e7\u0131karmak i\u00e7in kullan\u0131l\u0131r.<\/strong><\/p>\n<p><strong>Kat\u0131 maddelerin ayr\u0131lmas\u0131nda kullan\u0131lmaktad\u0131r.<\/strong><\/p>\n<p><strong>Morfalin \u00fcretiminde hammadde olarak kullan\u0131l\u0131r.<\/strong><\/p>\n<p><strong>N\u00f6tralizasyon i\u015flemlerinde aktivat\u00f6r olarak kullan\u0131l\u0131r.<\/strong><\/p>\n<p><strong>DEA, fotografik kimyasallar\u0131n \u00fcretiminde kullan\u0131lmaktad\u0131r.<\/strong><\/p>\n<p><strong>Tekstil i\u015flemesinde ve end\u00fcstriyel gaz ar\u0131t\u0131m\u0131 yap\u0131lan faaliyet alanlar\u0131nda asit gazlar\u0131 \u00e7\u0131karmak i\u00e7in metal i\u015fleme s\u0131v\u0131lar\u0131nda anti-korozyon maddesi olarak kullan\u0131l\u0131r.<\/strong><\/p>\n<p><strong>Petrol rafinelerinde, suda \u00e7\u00f6z\u00fclm\u00fc\u015f DEA, yayg\u0131n olarak, ek\u015fi gaz\u0131 hidrojen s\u00fclfidi uzakla\u015ft\u0131rmak i\u00e7in kullan\u0131l\u0131r.<\/strong><\/p>\n<p><strong>CDEA, metal pas \u00f6nleyici deterjan ve boya striptizci olarak kullan\u0131lmaktad\u0131r.<\/strong><\/p>\n<p><strong>Gaz temizleyici absorbsiyon yard\u0131mc\u0131s\u0131 olarak kullan\u0131l\u0131r.<\/strong><\/p>\n<p><strong>DEA, deterjanlarda, araba y\u0131kama \u015fampuanlar\u0131nda, genel a\u011f gidericilerde ve wax uzakla\u015ft\u0131r\u0131c\u0131larda n\u00f6tralize ajan ve korozyon \u00f6nleyici olarak kullan\u0131l\u0131r.<\/strong><\/p>\n<p><strong>Kokodietanolamin (KD) \u00fcretiminde ba\u015flang\u0131\u00e7 maddesi olarak kullan\u0131l\u0131r.<\/strong><\/p>\n<p><strong>S\u0131v\u0131 \u00e7ama\u015f\u0131r ve bula\u015f\u0131k makinelerinde kullan\u0131lan deterjanlar\u0131n imalat\u0131nda Ph d\u00fczenleyicisi olarak kullan\u0131lmaktad\u0131r.<\/strong><\/p>\n<p><strong>DEA, deterjan, genel ya\u011f gidericilerde, araba y\u0131kama \u015fampuanlar\u0131nda n\u00f6tralize ajan olarak kullan\u0131l\u0131r.<\/strong><\/p>\n<p><strong>Reaksiyonlar aktivat\u00f6r olarak kullan\u0131l\u0131r.<\/strong><\/p>\n<p><strong>Tar\u0131msal alanda kullan\u0131lan kimyasal maddelerin imalat\u0131nda kullan\u0131l\u0131r.<\/strong><\/p>\n<p><strong>Anyonik ve non-iyonik y\u00fczey aktif maddelerinin imalat\u0131nda kullan\u0131lmaktad\u0131r.<\/strong><\/p>\n<p><strong>Kau\u00e7uk kimyasallar\u0131n\u0131n \u00fcretiminde ara kimyasal olarak kullan\u0131lmaktad\u0131r.<\/strong><\/p>\n<p><strong>DEA, bor kaynakl\u0131 s\u0131v\u0131 g\u00fcbre \u00fcretiminde kullan\u0131l\u0131r.<\/strong><\/p>\n<p><strong>Gaz i\u00e7erisinde koku vermesi i\u00e7in kullan\u0131l\u0131r.<\/strong><\/p>\n<p><strong>Yap\u0131 kimyasallar\u0131 alan\u0131nda kullan\u0131l\u0131r.<\/strong><\/p>\n<p><strong>Kozmetik gibi \u00e7e\u015fitli sekt\u00f6rlerde kullan\u0131l\u0131r.<\/strong><\/p>\n<p><strong>\u00a0<\/strong><\/p>\n<p><strong>AMBALAJ<\/strong><\/p>\n<p><strong>215 Kg variller halinde<\/strong><\/p>\n<p><strong>\u00a0<\/strong><\/p>\n<p><strong>DEPOLAMA<\/strong><\/p>\n<p><strong>Serin ve kuru alanda, hava almayacak \u015fekilde muhafaza ediniz.<\/strong><\/p>\n","protected":false},"excerpt":{"rendered":"<p>D\u0130ETANOLAM\u0130N Dietanolamin, C4H11NO2 form\u00fcl\u00fcne sahip hem organik hem de dialkolik bir bile\u015fiktir. End\u00fcstriyel olarak etilen oksit ve amonya\u011f\u0131n gaz faz\u0131nda<\/p>\n","protected":false},"featured_media":16817,"comment_status":"open","ping_status":"closed","template":"","meta":{"_joinchat":[]},"product_cat":[73,74],"product_tag":[],"class_list":{"0":"post-16816","1":"product","2":"type-product","3":"status-publish","4":"has-post-thumbnail","6":"product_cat-deri-ve-tekstil-kimyasallari","7":"product_cat-deterjan-ve-kozmetik-kimyasallari","9":"first","10":"outofstock","11":"shipping-taxable","12":"product-type-variable"},"yoast_head":"<!-- This site is optimized with the Yoast SEO Premium plugin v20.2.1 (Yoast SEO v20.2.1) - https:\/\/yoast.com\/wordpress\/plugins\/seo\/ -->\n<title>D\u0130ETANOLAM\u0130N - Akerkimya<\/title>\n<meta name=\"robots\" content=\"index, follow, max-snippet:-1, max-image-preview:large, max-video-preview:-1\" \/>\n<link rel=\"canonical\" href=\"https:\/\/akerkimya.com\/eticaret\/urun\/dietanolamin\/\" \/>\n<meta property=\"og:locale\" content=\"tr_TR\" \/>\n<meta property=\"og:type\" content=\"article\" \/>\n<meta property=\"og:title\" content=\"D\u0130ETANOLAM\u0130N\" \/>\n<meta property=\"og:description\" content=\"D\u0130ETANOLAM\u0130N Dietanolamin, C4H11NO2 form\u00fcl\u00fcne sahip hem organik hem de dialkolik bir bile\u015fiktir. End\u00fcstriyel olarak etilen oksit ve amonya\u011f\u0131n gaz faz\u0131nda\" \/>\n<meta property=\"og:url\" content=\"https:\/\/akerkimya.com\/eticaret\/urun\/dietanolamin\/\" \/>\n<meta property=\"og:site_name\" content=\"Akerkimya\" \/>\n<meta property=\"article:modified_time\" content=\"2026-03-29T23:22:36+00:00\" \/>\n<meta property=\"og:image\" content=\"https:\/\/akerkimya.com\/eticaret\/wp-content\/uploads\/2025\/01\/DIETANOLAMIN-GUNCEL.jpeg\" \/>\n\t<meta property=\"og:image:width\" content=\"1000\" \/>\n\t<meta property=\"og:image:height\" content=\"1000\" \/>\n\t<meta property=\"og:image:type\" content=\"image\/jpeg\" \/>\n<meta name=\"twitter:card\" content=\"summary_large_image\" \/>\n<meta name=\"twitter:label1\" content=\"Tahmini okuma s\u00fcresi\" \/>\n\t<meta name=\"twitter:data1\" content=\"2 dakika\" \/>\n<script type=\"application\/ld+json\" class=\"yoast-schema-graph\">{\"@context\":\"https:\/\/schema.org\",\"@graph\":[{\"@type\":\"WebPage\",\"@id\":\"https:\/\/akerkimya.com\/eticaret\/urun\/dietanolamin\/\",\"url\":\"https:\/\/akerkimya.com\/eticaret\/urun\/dietanolamin\/\",\"name\":\"D\u0130ETANOLAM\u0130N - Akerkimya\",\"isPartOf\":{\"@id\":\"https:\/\/akerkimya.com\/eticaret\/#website\"},\"datePublished\":\"2025-01-01T18:15:15+00:00\",\"dateModified\":\"2026-03-29T23:22:36+00:00\",\"breadcrumb\":{\"@id\":\"https:\/\/akerkimya.com\/eticaret\/urun\/dietanolamin\/#breadcrumb\"},\"inLanguage\":\"tr\",\"potentialAction\":[{\"@type\":\"ReadAction\",\"target\":[\"https:\/\/akerkimya.com\/eticaret\/urun\/dietanolamin\/\"]}]},{\"@type\":\"BreadcrumbList\",\"@id\":\"https:\/\/akerkimya.com\/eticaret\/urun\/dietanolamin\/#breadcrumb\",\"itemListElement\":[{\"@type\":\"ListItem\",\"position\":1,\"name\":\"Home\",\"item\":\"https:\/\/akerkimya.com\/eticaret\/\"},{\"@type\":\"ListItem\",\"position\":2,\"name\":\"Market\",\"item\":\"https:\/\/akerkimya.com\/eticaret\/market\/\"},{\"@type\":\"ListItem\",\"position\":3,\"name\":\"D\u0130ETANOLAM\u0130N\"}]},{\"@type\":\"WebSite\",\"@id\":\"https:\/\/akerkimya.com\/eticaret\/#website\",\"url\":\"https:\/\/akerkimya.com\/eticaret\/\",\"name\":\"Akerkimya\",\"description\":\"\",\"potentialAction\":[{\"@type\":\"SearchAction\",\"target\":{\"@type\":\"EntryPoint\",\"urlTemplate\":\"https:\/\/akerkimya.com\/eticaret\/?s={search_term_string}\"},\"query-input\":\"required name=search_term_string\"}],\"inLanguage\":\"tr\"}]}<\/script>\n<!-- \/ Yoast SEO Premium plugin. -->","yoast_head_json":{"title":"D\u0130ETANOLAM\u0130N - Akerkimya","robots":{"index":"index","follow":"follow","max-snippet":"max-snippet:-1","max-image-preview":"max-image-preview:large","max-video-preview":"max-video-preview:-1"},"canonical":"https:\/\/akerkimya.com\/eticaret\/urun\/dietanolamin\/","og_locale":"tr_TR","og_type":"article","og_title":"D\u0130ETANOLAM\u0130N","og_description":"D\u0130ETANOLAM\u0130N Dietanolamin, C4H11NO2 form\u00fcl\u00fcne sahip hem organik hem de dialkolik bir bile\u015fiktir. End\u00fcstriyel olarak etilen oksit ve amonya\u011f\u0131n gaz faz\u0131nda","og_url":"https:\/\/akerkimya.com\/eticaret\/urun\/dietanolamin\/","og_site_name":"Akerkimya","article_modified_time":"2026-03-29T23:22:36+00:00","og_image":[{"width":1000,"height":1000,"url":"https:\/\/akerkimya.com\/eticaret\/wp-content\/uploads\/2025\/01\/DIETANOLAMIN-GUNCEL.jpeg","type":"image\/jpeg"}],"twitter_card":"summary_large_image","twitter_misc":{"Tahmini okuma s\u00fcresi":"2 dakika"},"schema":{"@context":"https:\/\/schema.org","@graph":[{"@type":"WebPage","@id":"https:\/\/akerkimya.com\/eticaret\/urun\/dietanolamin\/","url":"https:\/\/akerkimya.com\/eticaret\/urun\/dietanolamin\/","name":"D\u0130ETANOLAM\u0130N - Akerkimya","isPartOf":{"@id":"https:\/\/akerkimya.com\/eticaret\/#website"},"datePublished":"2025-01-01T18:15:15+00:00","dateModified":"2026-03-29T23:22:36+00:00","breadcrumb":{"@id":"https:\/\/akerkimya.com\/eticaret\/urun\/dietanolamin\/#breadcrumb"},"inLanguage":"tr","potentialAction":[{"@type":"ReadAction","target":["https:\/\/akerkimya.com\/eticaret\/urun\/dietanolamin\/"]}]},{"@type":"BreadcrumbList","@id":"https:\/\/akerkimya.com\/eticaret\/urun\/dietanolamin\/#breadcrumb","itemListElement":[{"@type":"ListItem","position":1,"name":"Home","item":"https:\/\/akerkimya.com\/eticaret\/"},{"@type":"ListItem","position":2,"name":"Market","item":"https:\/\/akerkimya.com\/eticaret\/market\/"},{"@type":"ListItem","position":3,"name":"D\u0130ETANOLAM\u0130N"}]},{"@type":"WebSite","@id":"https:\/\/akerkimya.com\/eticaret\/#website","url":"https:\/\/akerkimya.com\/eticaret\/","name":"Akerkimya","description":"","potentialAction":[{"@type":"SearchAction","target":{"@type":"EntryPoint","urlTemplate":"https:\/\/akerkimya.com\/eticaret\/?s={search_term_string}"},"query-input":"required name=search_term_string"}],"inLanguage":"tr"}]}},"_links":{"self":[{"href":"https:\/\/akerkimya.com\/eticaret\/wp-json\/wp\/v2\/product\/16816","targetHints":{"allow":["GET"]}}],"collection":[{"href":"https:\/\/akerkimya.com\/eticaret\/wp-json\/wp\/v2\/product"}],"about":[{"href":"https:\/\/akerkimya.com\/eticaret\/wp-json\/wp\/v2\/types\/product"}],"replies":[{"embeddable":true,"href":"https:\/\/akerkimya.com\/eticaret\/wp-json\/wp\/v2\/comments?post=16816"}],"version-history":[{"count":1,"href":"https:\/\/akerkimya.com\/eticaret\/wp-json\/wp\/v2\/product\/16816\/revisions"}],"predecessor-version":[{"id":16825,"href":"https:\/\/akerkimya.com\/eticaret\/wp-json\/wp\/v2\/product\/16816\/revisions\/16825"}],"wp:featuredmedia":[{"embeddable":true,"href":"https:\/\/akerkimya.com\/eticaret\/wp-json\/wp\/v2\/media\/16817"}],"wp:attachment":[{"href":"https:\/\/akerkimya.com\/eticaret\/wp-json\/wp\/v2\/media?parent=16816"}],"wp:term":[{"taxonomy":"product_cat","embeddable":true,"href":"https:\/\/akerkimya.com\/eticaret\/wp-json\/wp\/v2\/product_cat?post=16816"},{"taxonomy":"product_tag","embeddable":true,"href":"https:\/\/akerkimya.com\/eticaret\/wp-json\/wp\/v2\/product_tag?post=16816"}],"curies":[{"name":"wp","href":"https:\/\/api.w.org\/{rel}","templated":true}]}}