{"id":16824,"date":"2025-01-01T21:21:57","date_gmt":"2025-01-01T18:21:57","guid":{"rendered":"https:\/\/akerkimya.com\/eticaret\/?post_type=product&#038;p=16824"},"modified":"2026-03-30T02:23:55","modified_gmt":"2026-03-29T23:23:55","slug":"sodyum-aluminat","status":"publish","type":"product","link":"https:\/\/akerkimya.com\/eticaret\/urun\/sodyum-aluminat\/","title":{"rendered":"SODYUM AL\u00dcM\u0130NAT"},"content":{"rendered":"<h1>SODYUM AL\u00dcM\u0130NAT<\/h1>\n<p><strong>Sodyum Al\u00fcminat \u00f6nemli bir ticari inorganik kimyasald\u0131r. Al\u00fcminyum oksit ile kostik sodan\u0131n \u00e7\u00f6zelti olu\u015fturmas\u0131 ve bu \u00e7\u00f6zeltinin kaynama noktas\u0131na gelene kadar \u0131s\u0131t\u0131larak konsantre\u00a0 edilmesiyle ger\u00e7ekle\u015fir. Sodyum Al\u00fcminat kristal halde bulunmaktad\u0131r. Ticari Sodyum Al\u00fcminat toz ya da suland\u0131r\u0131lm\u0131\u015f halde bulunabilir.<\/strong><\/p>\n<p><strong>\u00a0<\/strong><\/p>\n<p><strong>SODYUM AL\u00dcM\u0130NAT \u00d6ZELL\u0130KLER\u0130<\/strong><\/p>\n<p><strong>Sodyum Al\u00fcminat uzun s\u00fcre kullan\u0131labilen bir maddedir.<\/strong><\/p>\n<p><strong>Dayan\u0131kl\u0131 bir madde olmas\u0131 nedeniyle t\u00fcm kumlama i\u015flemlerinde tercih edilir.<\/strong><\/p>\n<p><strong>\u0130nsan sa\u011fl\u0131\u011f\u0131na herhangi bir zarar\u0131 bulunmamaktad\u0131r.<\/strong><\/p>\n<p><strong>Ba\u015fka maddelerle birlikte kullan\u0131ld\u0131\u011f\u0131nda ba\u015f d\u00f6nmesi, g\u00f6zlerde tahri\u015f gibi sorunlara neden olabilir.<\/strong><\/p>\n<p><strong>Hem laboratuvar uygulamalar\u0131nda hem de end\u00fcstride olduk\u00e7a faydal\u0131 bir maddedir.<\/strong><\/p>\n<p><strong>Sodyum Al\u00fcminat olduk\u00e7a higroskopiktir.<\/strong><\/p>\n<p><strong>\u00a0<\/strong><\/p>\n<p><strong>TEKN\u0130K \u00d6ZELL\u0130KLER\u0130<\/strong><\/p>\n<p><strong>D\u0130\u011eER \u0130S\u0130MLER\u0130: Sodyum Al\u00fcminyum Oksit, Sodyum Meta Al\u00fcminat<\/strong><\/p>\n<p><strong>K\u0130MYASAL FORM\u00dcL\u00dc: NaAIO2<\/strong><\/p>\n<p><strong>G\u00d6R\u00dcN\u00dcM: Beyaz toz bazen sar\u0131mt\u0131rak<\/strong><\/p>\n<p><strong>KOKU: Kokusuz<\/strong><\/p>\n<p><strong>\u00c7\u00d6Z\u00dcN\u00dcRL\u00dcK: Su ve alkolde \u00e7\u00f6z\u00fcn\u00fcr.<\/strong><\/p>\n<p><strong>YO\u011eUNLUK: 1,5 gr\/cm3<\/strong><\/p>\n<p><strong>ER\u0130ME NOKTASI: 160 C<\/strong><\/p>\n<p><strong>\u00a0<\/strong><\/p>\n<p><strong>KULLANIM ALANLARI<\/strong><\/p>\n<p><strong>Su kirlili\u011finde suyu yumu\u015fatmada yard\u0131mc\u0131 sistemlerde kullan\u0131l\u0131r.<\/strong><\/p>\n<p><strong>\u0130n\u015faat sekt\u00f6r\u00fcnde betonun daha h\u0131zl\u0131 sertle\u015fmesini sa\u011flamada kullan\u0131l\u0131r.<\/strong><\/p>\n<p><strong>Sodyum Al\u00fcminat k\u00e2\u011f\u0131t end\u00fcstrisinde kullan\u0131l\u0131r.<\/strong><\/p>\n<p><strong>Al\u00fcmina ve benzeri maddeler \u00fcretilirken kullan\u0131l\u0131r.<\/strong><\/p>\n<p><strong>Sodyum Al\u00fcmina yang\u0131na dayan\u0131kl\u0131 tu\u011fla \u00fcretiminde kullan\u0131l\u0131r.<\/strong><\/p>\n<p><strong>Sodyum Al\u00fcminat \u00e7\u00f6zeltisi ayr\u0131ca zeolit \u00fcretiminde de kullan\u0131l\u0131r.<\/strong><\/p>\n<p><strong>Otomotiv sekt\u00f6r\u00fcnde temizleyici madde olarak kullan\u0131l\u0131r.<\/strong><\/p>\n<p><strong>Piston, silindir kapa\u011f\u0131, t\u00fcrbin kanatlar\u0131 ve metal i\u015flerinde kaplama ya da kaynak yap\u0131lacak alan\u0131n temizlenmesinde kullan\u0131l\u0131r.<\/strong><\/p>\n<p><strong>Eski boyalar ve paslar\u0131n temizlenmesinde kullan\u0131l\u0131r.<\/strong><\/p>\n<p><strong>Metallerin matla\u015fm\u0131\u015f k\u0131s\u0131mlar\u0131n\u0131n parlat\u0131lmas\u0131nda kullan\u0131l\u0131r.<\/strong><\/p>\n<p><strong>P\u00fcr\u00fczlendirme amac\u0131yla boru hatlar\u0131nda montajda kullan\u0131l\u0131r.<\/strong><\/p>\n<p><strong>Cam, dekorasyon ve seramik sanayisinde kullan\u0131l\u0131r.<\/strong><\/p>\n<p><strong>Granit ve mermer gibi malzemeleri kesen ara\u00e7lar\u0131n temizlenmesinde kullan\u0131l\u0131r.<\/strong><\/p>\n<p><strong>AMBALAJ <\/strong><\/p>\n<p><strong>1-5-25 kg torbalar halindedir.<\/strong><\/p>\n<p><strong>\u00a0<\/strong><\/p>\n<p><strong>DEPOLAMA<\/strong><\/p>\n<p><strong>G\u00fcne\u015f \u0131\u015f\u0131\u011f\u0131na temas etmeyen kuru ve serin yerlerde muhafaza ediniz.<\/strong><\/p>\n<p><strong>\u00a0<\/strong><\/p>\n","protected":false},"excerpt":{"rendered":"<p>SODYUM AL\u00dcM\u0130NAT Sodyum Al\u00fcminat \u00f6nemli bir ticari inorganik kimyasald\u0131r. Al\u00fcminyum oksit ile kostik sodan\u0131n \u00e7\u00f6zelti olu\u015fturmas\u0131 ve bu \u00e7\u00f6zeltinin kaynama<\/p>\n","protected":false},"featured_media":16834,"comment_status":"open","ping_status":"closed","template":"","meta":{"_joinchat":[]},"product_cat":[70,72,78],"product_tag":[],"class_list":{"0":"post-16824","1":"product","2":"type-product","3":"status-publish","4":"has-post-thumbnail","6":"product_cat-boya-ve-yapi-kimyasallar","7":"product_cat-cam-ve-seramik-kimyasallari","8":"product_cat-metal-dokum-kaplama","10":"first","11":"instock","12":"shipping-taxable","13":"purchasable","14":"product-type-variable"},"yoast_head":"<!-- This site is optimized with the Yoast SEO Premium plugin v20.2.1 (Yoast SEO v20.2.1) - https:\/\/yoast.com\/wordpress\/plugins\/seo\/ -->\n<title>SODYUM AL\u00dcM\u0130NAT - Akerkimya<\/title>\n<meta name=\"robots\" content=\"index, follow, max-snippet:-1, max-image-preview:large, max-video-preview:-1\" \/>\n<link rel=\"canonical\" href=\"https:\/\/akerkimya.com\/eticaret\/urun\/sodyum-aluminat\/\" \/>\n<meta property=\"og:locale\" content=\"tr_TR\" \/>\n<meta property=\"og:type\" content=\"article\" \/>\n<meta property=\"og:title\" content=\"SODYUM AL\u00dcM\u0130NAT\" \/>\n<meta property=\"og:description\" content=\"SODYUM AL\u00dcM\u0130NAT Sodyum Al\u00fcminat \u00f6nemli bir ticari inorganik kimyasald\u0131r. Al\u00fcminyum oksit ile kostik sodan\u0131n \u00e7\u00f6zelti olu\u015fturmas\u0131 ve bu \u00e7\u00f6zeltinin kaynama\" \/>\n<meta property=\"og:url\" content=\"https:\/\/akerkimya.com\/eticaret\/urun\/sodyum-aluminat\/\" \/>\n<meta property=\"og:site_name\" content=\"Akerkimya\" \/>\n<meta property=\"article:modified_time\" content=\"2026-03-29T23:23:55+00:00\" \/>\n<meta property=\"og:image\" content=\"https:\/\/akerkimya.com\/eticaret\/wp-content\/uploads\/2025\/01\/SODYUM-ALUMINAT-GUNCEL-.png\" \/>\n\t<meta property=\"og:image:width\" content=\"1000\" \/>\n\t<meta property=\"og:image:height\" content=\"1000\" \/>\n\t<meta property=\"og:image:type\" content=\"image\/png\" \/>\n<meta name=\"twitter:card\" content=\"summary_large_image\" \/>\n<meta name=\"twitter:label1\" content=\"Tahmini okuma s\u00fcresi\" \/>\n\t<meta name=\"twitter:data1\" content=\"2 dakika\" \/>\n<script type=\"application\/ld+json\" class=\"yoast-schema-graph\">{\"@context\":\"https:\/\/schema.org\",\"@graph\":[{\"@type\":\"WebPage\",\"@id\":\"https:\/\/akerkimya.com\/eticaret\/urun\/sodyum-aluminat\/\",\"url\":\"https:\/\/akerkimya.com\/eticaret\/urun\/sodyum-aluminat\/\",\"name\":\"SODYUM AL\u00dcM\u0130NAT - Akerkimya\",\"isPartOf\":{\"@id\":\"https:\/\/akerkimya.com\/eticaret\/#website\"},\"datePublished\":\"2025-01-01T18:21:57+00:00\",\"dateModified\":\"2026-03-29T23:23:55+00:00\",\"breadcrumb\":{\"@id\":\"https:\/\/akerkimya.com\/eticaret\/urun\/sodyum-aluminat\/#breadcrumb\"},\"inLanguage\":\"tr\",\"potentialAction\":[{\"@type\":\"ReadAction\",\"target\":[\"https:\/\/akerkimya.com\/eticaret\/urun\/sodyum-aluminat\/\"]}]},{\"@type\":\"BreadcrumbList\",\"@id\":\"https:\/\/akerkimya.com\/eticaret\/urun\/sodyum-aluminat\/#breadcrumb\",\"itemListElement\":[{\"@type\":\"ListItem\",\"position\":1,\"name\":\"Home\",\"item\":\"https:\/\/akerkimya.com\/eticaret\/\"},{\"@type\":\"ListItem\",\"position\":2,\"name\":\"Market\",\"item\":\"https:\/\/akerkimya.com\/eticaret\/market\/\"},{\"@type\":\"ListItem\",\"position\":3,\"name\":\"SODYUM AL\u00dcM\u0130NAT\"}]},{\"@type\":\"WebSite\",\"@id\":\"https:\/\/akerkimya.com\/eticaret\/#website\",\"url\":\"https:\/\/akerkimya.com\/eticaret\/\",\"name\":\"Akerkimya\",\"description\":\"\",\"potentialAction\":[{\"@type\":\"SearchAction\",\"target\":{\"@type\":\"EntryPoint\",\"urlTemplate\":\"https:\/\/akerkimya.com\/eticaret\/?s={search_term_string}\"},\"query-input\":\"required name=search_term_string\"}],\"inLanguage\":\"tr\"}]}<\/script>\n<!-- \/ Yoast SEO Premium plugin. -->","yoast_head_json":{"title":"SODYUM AL\u00dcM\u0130NAT - Akerkimya","robots":{"index":"index","follow":"follow","max-snippet":"max-snippet:-1","max-image-preview":"max-image-preview:large","max-video-preview":"max-video-preview:-1"},"canonical":"https:\/\/akerkimya.com\/eticaret\/urun\/sodyum-aluminat\/","og_locale":"tr_TR","og_type":"article","og_title":"SODYUM AL\u00dcM\u0130NAT","og_description":"SODYUM AL\u00dcM\u0130NAT Sodyum Al\u00fcminat \u00f6nemli bir ticari inorganik kimyasald\u0131r. Al\u00fcminyum oksit ile kostik sodan\u0131n \u00e7\u00f6zelti olu\u015fturmas\u0131 ve bu \u00e7\u00f6zeltinin kaynama","og_url":"https:\/\/akerkimya.com\/eticaret\/urun\/sodyum-aluminat\/","og_site_name":"Akerkimya","article_modified_time":"2026-03-29T23:23:55+00:00","og_image":[{"width":1000,"height":1000,"url":"https:\/\/akerkimya.com\/eticaret\/wp-content\/uploads\/2025\/01\/SODYUM-ALUMINAT-GUNCEL-.png","type":"image\/png"}],"twitter_card":"summary_large_image","twitter_misc":{"Tahmini okuma s\u00fcresi":"2 dakika"},"schema":{"@context":"https:\/\/schema.org","@graph":[{"@type":"WebPage","@id":"https:\/\/akerkimya.com\/eticaret\/urun\/sodyum-aluminat\/","url":"https:\/\/akerkimya.com\/eticaret\/urun\/sodyum-aluminat\/","name":"SODYUM AL\u00dcM\u0130NAT - Akerkimya","isPartOf":{"@id":"https:\/\/akerkimya.com\/eticaret\/#website"},"datePublished":"2025-01-01T18:21:57+00:00","dateModified":"2026-03-29T23:23:55+00:00","breadcrumb":{"@id":"https:\/\/akerkimya.com\/eticaret\/urun\/sodyum-aluminat\/#breadcrumb"},"inLanguage":"tr","potentialAction":[{"@type":"ReadAction","target":["https:\/\/akerkimya.com\/eticaret\/urun\/sodyum-aluminat\/"]}]},{"@type":"BreadcrumbList","@id":"https:\/\/akerkimya.com\/eticaret\/urun\/sodyum-aluminat\/#breadcrumb","itemListElement":[{"@type":"ListItem","position":1,"name":"Home","item":"https:\/\/akerkimya.com\/eticaret\/"},{"@type":"ListItem","position":2,"name":"Market","item":"https:\/\/akerkimya.com\/eticaret\/market\/"},{"@type":"ListItem","position":3,"name":"SODYUM AL\u00dcM\u0130NAT"}]},{"@type":"WebSite","@id":"https:\/\/akerkimya.com\/eticaret\/#website","url":"https:\/\/akerkimya.com\/eticaret\/","name":"Akerkimya","description":"","potentialAction":[{"@type":"SearchAction","target":{"@type":"EntryPoint","urlTemplate":"https:\/\/akerkimya.com\/eticaret\/?s={search_term_string}"},"query-input":"required name=search_term_string"}],"inLanguage":"tr"}]}},"_links":{"self":[{"href":"https:\/\/akerkimya.com\/eticaret\/wp-json\/wp\/v2\/product\/16824","targetHints":{"allow":["GET"]}}],"collection":[{"href":"https:\/\/akerkimya.com\/eticaret\/wp-json\/wp\/v2\/product"}],"about":[{"href":"https:\/\/akerkimya.com\/eticaret\/wp-json\/wp\/v2\/types\/product"}],"replies":[{"embeddable":true,"href":"https:\/\/akerkimya.com\/eticaret\/wp-json\/wp\/v2\/comments?post=16824"}],"version-history":[{"count":2,"href":"https:\/\/akerkimya.com\/eticaret\/wp-json\/wp\/v2\/product\/16824\/revisions"}],"predecessor-version":[{"id":18183,"href":"https:\/\/akerkimya.com\/eticaret\/wp-json\/wp\/v2\/product\/16824\/revisions\/18183"}],"wp:featuredmedia":[{"embeddable":true,"href":"https:\/\/akerkimya.com\/eticaret\/wp-json\/wp\/v2\/media\/16834"}],"wp:attachment":[{"href":"https:\/\/akerkimya.com\/eticaret\/wp-json\/wp\/v2\/media?parent=16824"}],"wp:term":[{"taxonomy":"product_cat","embeddable":true,"href":"https:\/\/akerkimya.com\/eticaret\/wp-json\/wp\/v2\/product_cat?post=16824"},{"taxonomy":"product_tag","embeddable":true,"href":"https:\/\/akerkimya.com\/eticaret\/wp-json\/wp\/v2\/product_tag?post=16824"}],"curies":[{"name":"wp","href":"https:\/\/api.w.org\/{rel}","templated":true}]}}