{"id":16828,"date":"2025-01-01T21:20:15","date_gmt":"2025-01-01T18:20:15","guid":{"rendered":"https:\/\/akerkimya.com\/eticaret\/?post_type=product&#038;p=16828"},"modified":"2026-03-30T02:23:55","modified_gmt":"2026-03-29T23:23:55","slug":"disiyandiamid","status":"publish","type":"product","link":"https:\/\/akerkimya.com\/eticaret\/urun\/disiyandiamid\/","title":{"rendered":"D\u0130S\u0130YAND\u0130AM\u0130D"},"content":{"rendered":"<p><strong>D\u0130S\u0130YAND\u0130AM\u0130D<\/strong><\/p>\n<p><strong>Disiyandiamid, C2H4N4 form\u00fcl\u00fcne sahip guanidinden t\u00fcretilmi\u015f, beyaz kristal toz yap\u0131s\u0131nda bulunan bir nitrildir. S\u0131v\u0131 amonyak i\u00e7inde \u00e7\u00f6z\u00fcnebilirken eter, benzen ve kloroform i\u00e7inde \u00e7\u00f6z\u00fcnmez. Bir siyanamid dimerinde haz\u0131rlanmaktad\u0131r. <\/strong><\/p>\n<p><strong>\u00a0<\/strong><\/p>\n<p><strong>D\u0130S\u0130YAND\u0130AM\u0130D \u00d6ZELL\u0130KLER\u0130<\/strong><\/p>\n<p><strong>Beyaz renkli kristal yap\u0131dad\u0131r.<\/strong><\/p>\n<p><strong>Su, alkol ve dietil eterde hemen \u00e7\u00f6z\u00fcn\u00fcr.<\/strong><\/p>\n<p><strong>siyanamidin s\u0131cakl\u0131\u011f\u0131, 150 \u00b0C\u2019nin \u00fczerine \u00e7\u0131kt\u0131\u011f\u0131nda trikiyantriamide ve melamine polimerize olur. <\/strong><\/p>\n<p><strong>\u00a0<\/strong><\/p>\n<p><strong>TEKN\u0130K \u00d6ZELL\u0130KLER\u0130<\/strong><\/p>\n<p><strong>CAS NUMARASI: 461-58-5<\/strong><\/p>\n<p><strong>EC NUMARASI: 207-312-8<\/strong><\/p>\n<p><strong>K\u0130MYASAL ADI: Disiyandiamid, Siyanoguanidin, Guanidin-1-karbonitril, Didin, DCD, Disi<\/strong><\/p>\n<p><strong>MOLEK\u00dcL FORM\u00dcL\u00dc: C2H4N4<\/strong><\/p>\n<p><strong>MOLEK\u00dcL K\u00dcTLES\u0130: 84.08 g\/mol<\/strong><\/p>\n<p><strong>YO\u011eUNLUK: 1.400 g\/cm\u00b3<\/strong><\/p>\n<p><strong>ER\u0130ME NOKTASI: 209.5 \u00b0C<\/strong><\/p>\n<p><strong>KAYNAMA NOKTASI: 252 \u00b0C<\/strong><\/p>\n<p><strong>\u00c7\u00d6Z\u00dcN\u00dcRL\u00dcK(SU \u0130\u00c7\u0130NDE): 41.3 g\/l<\/strong><\/p>\n<p><strong>\u00a0<\/strong><\/p>\n<p><strong>KULLANIM ALANLARI<\/strong><\/p>\n<p><strong>Epoksi re\u00e7ineleri ve devre kartlar\u0131, toz boya ve yap\u0131\u015ft\u0131r\u0131c\u0131lar\u0131 i\u00e7in laminatlar i\u00e7in k\u00fcrleme ajan\u0131 olarak kullan\u0131l\u0131r.<\/strong><\/p>\n<p><strong>Disiyandiamid, melamin \u00fcretimi i\u00e7in bir ara maddedir ve amino plastiklerin ve re\u00e7inelerin temel i\u00e7eri\u011fidir. <\/strong><\/p>\n<p><strong>Organik kimyasallar\u0131n \u00fcretiminde kullan\u0131l\u0131r.<\/strong><\/p>\n<p><strong>Disiyandiamid, yap\u0131\u015fkan end\u00fcstrisinde epoksiler i\u00e7in bir k\u00fcr malzemesi olarak kullan\u0131l\u0131r.<\/strong><\/p>\n<p><strong>T\u0131pta guandin nitrat, s\u00fclfonamid, vb yap\u0131m\u0131nda kullan\u0131l\u0131r.<\/strong><\/p>\n<p><strong>Deri sekt\u00f6r\u00fcnde, selektif doldurucu olarak kullan\u0131l\u0131r.<\/strong><\/p>\n<p><strong>G\u00fcbre yap\u0131m\u0131nda, yanmazl\u0131k aprelerinde kullan\u0131l\u0131r.<\/strong><\/p>\n<p><strong>\u00c7elik y\u00fczey sertle\u015ftirici olarak kullan\u0131l\u0131r.<\/strong><\/p>\n<p><strong>Kau\u00e7uk kimyasallar\u0131nda kullan\u0131l\u0131r.<\/strong><\/p>\n<p><strong>Su ar\u0131tma kimyasallar\u0131nda, boya sabitleme i\u015fleminde ve patlay\u0131c\u0131lar d\u00e2hil olmak \u00fczere bir\u00e7ok farkl\u0131 alanlarda kullan\u0131m\u0131 mevcuttur.<\/strong><\/p>\n<p><strong>\u00a0<\/strong><\/p>\n<p><strong>AMBALAJ<\/strong><\/p>\n<p><strong>1-5-25 kg Kraft torbalarda <\/strong><\/p>\n<p><strong>\u00a0<\/strong><\/p>\n<p><strong>DEPOLAMA <\/strong><\/p>\n<p><strong>Serin ve kuru bir alanda, torba hava almayacak \u015fekilde tamamen kapal\u0131 bir \u015fekilde muhafaza edilmelidir.<\/strong><\/p>\n","protected":false},"excerpt":{"rendered":"<p>D\u0130S\u0130YAND\u0130AM\u0130D Disiyandiamid, C2H4N4 form\u00fcl\u00fcne sahip guanidinden t\u00fcretilmi\u015f, beyaz kristal toz yap\u0131s\u0131nda bulunan bir nitrildir. S\u0131v\u0131 amonyak i\u00e7inde \u00e7\u00f6z\u00fcnebilirken eter, benzen<\/p>\n","protected":false},"featured_media":16829,"comment_status":"open","ping_status":"closed","template":"","meta":{"_joinchat":[]},"product_cat":[73,80],"product_tag":[],"class_list":{"0":"post-16828","1":"product","2":"type-product","3":"status-publish","4":"has-post-thumbnail","6":"product_cat-deri-ve-tekstil-kimyasallari","7":"product_cat-veteriner-ve-ilac-kimyasallari","9":"first","10":"instock","11":"shipping-taxable","12":"purchasable","13":"product-type-variable"},"yoast_head":"<!-- This site is optimized with the Yoast SEO Premium plugin v20.2.1 (Yoast SEO v20.2.1) - https:\/\/yoast.com\/wordpress\/plugins\/seo\/ -->\n<title>D\u0130S\u0130YAND\u0130AM\u0130D - Akerkimya<\/title>\n<meta name=\"robots\" content=\"index, follow, max-snippet:-1, max-image-preview:large, max-video-preview:-1\" \/>\n<link rel=\"canonical\" href=\"https:\/\/akerkimya.com\/eticaret\/urun\/disiyandiamid\/\" \/>\n<meta property=\"og:locale\" content=\"tr_TR\" \/>\n<meta property=\"og:type\" content=\"article\" \/>\n<meta property=\"og:title\" content=\"D\u0130S\u0130YAND\u0130AM\u0130D\" \/>\n<meta property=\"og:description\" content=\"D\u0130S\u0130YAND\u0130AM\u0130D Disiyandiamid, C2H4N4 form\u00fcl\u00fcne sahip guanidinden t\u00fcretilmi\u015f, beyaz kristal toz yap\u0131s\u0131nda bulunan bir nitrildir. S\u0131v\u0131 amonyak i\u00e7inde \u00e7\u00f6z\u00fcnebilirken eter, benzen\" \/>\n<meta property=\"og:url\" content=\"https:\/\/akerkimya.com\/eticaret\/urun\/disiyandiamid\/\" \/>\n<meta property=\"og:site_name\" content=\"Akerkimya\" \/>\n<meta property=\"article:modified_time\" content=\"2026-03-29T23:23:55+00:00\" \/>\n<meta property=\"og:image\" content=\"https:\/\/akerkimya.com\/eticaret\/wp-content\/uploads\/2025\/01\/DISIYANDIAMID-GUNCEL-.png\" \/>\n\t<meta property=\"og:image:width\" content=\"1000\" \/>\n\t<meta property=\"og:image:height\" content=\"1000\" \/>\n\t<meta property=\"og:image:type\" content=\"image\/png\" \/>\n<meta name=\"twitter:card\" content=\"summary_large_image\" \/>\n<meta name=\"twitter:label1\" content=\"Tahmini okuma s\u00fcresi\" \/>\n\t<meta name=\"twitter:data1\" content=\"2 dakika\" \/>\n<script type=\"application\/ld+json\" class=\"yoast-schema-graph\">{\"@context\":\"https:\/\/schema.org\",\"@graph\":[{\"@type\":\"WebPage\",\"@id\":\"https:\/\/akerkimya.com\/eticaret\/urun\/disiyandiamid\/\",\"url\":\"https:\/\/akerkimya.com\/eticaret\/urun\/disiyandiamid\/\",\"name\":\"D\u0130S\u0130YAND\u0130AM\u0130D - Akerkimya\",\"isPartOf\":{\"@id\":\"https:\/\/akerkimya.com\/eticaret\/#website\"},\"datePublished\":\"2025-01-01T18:20:15+00:00\",\"dateModified\":\"2026-03-29T23:23:55+00:00\",\"breadcrumb\":{\"@id\":\"https:\/\/akerkimya.com\/eticaret\/urun\/disiyandiamid\/#breadcrumb\"},\"inLanguage\":\"tr\",\"potentialAction\":[{\"@type\":\"ReadAction\",\"target\":[\"https:\/\/akerkimya.com\/eticaret\/urun\/disiyandiamid\/\"]}]},{\"@type\":\"BreadcrumbList\",\"@id\":\"https:\/\/akerkimya.com\/eticaret\/urun\/disiyandiamid\/#breadcrumb\",\"itemListElement\":[{\"@type\":\"ListItem\",\"position\":1,\"name\":\"Home\",\"item\":\"https:\/\/akerkimya.com\/eticaret\/\"},{\"@type\":\"ListItem\",\"position\":2,\"name\":\"Market\",\"item\":\"https:\/\/akerkimya.com\/eticaret\/market\/\"},{\"@type\":\"ListItem\",\"position\":3,\"name\":\"D\u0130S\u0130YAND\u0130AM\u0130D\"}]},{\"@type\":\"WebSite\",\"@id\":\"https:\/\/akerkimya.com\/eticaret\/#website\",\"url\":\"https:\/\/akerkimya.com\/eticaret\/\",\"name\":\"Akerkimya\",\"description\":\"\",\"potentialAction\":[{\"@type\":\"SearchAction\",\"target\":{\"@type\":\"EntryPoint\",\"urlTemplate\":\"https:\/\/akerkimya.com\/eticaret\/?s={search_term_string}\"},\"query-input\":\"required name=search_term_string\"}],\"inLanguage\":\"tr\"}]}<\/script>\n<!-- \/ Yoast SEO Premium plugin. -->","yoast_head_json":{"title":"D\u0130S\u0130YAND\u0130AM\u0130D - Akerkimya","robots":{"index":"index","follow":"follow","max-snippet":"max-snippet:-1","max-image-preview":"max-image-preview:large","max-video-preview":"max-video-preview:-1"},"canonical":"https:\/\/akerkimya.com\/eticaret\/urun\/disiyandiamid\/","og_locale":"tr_TR","og_type":"article","og_title":"D\u0130S\u0130YAND\u0130AM\u0130D","og_description":"D\u0130S\u0130YAND\u0130AM\u0130D Disiyandiamid, C2H4N4 form\u00fcl\u00fcne sahip guanidinden t\u00fcretilmi\u015f, beyaz kristal toz yap\u0131s\u0131nda bulunan bir nitrildir. S\u0131v\u0131 amonyak i\u00e7inde \u00e7\u00f6z\u00fcnebilirken eter, benzen","og_url":"https:\/\/akerkimya.com\/eticaret\/urun\/disiyandiamid\/","og_site_name":"Akerkimya","article_modified_time":"2026-03-29T23:23:55+00:00","og_image":[{"width":1000,"height":1000,"url":"https:\/\/akerkimya.com\/eticaret\/wp-content\/uploads\/2025\/01\/DISIYANDIAMID-GUNCEL-.png","type":"image\/png"}],"twitter_card":"summary_large_image","twitter_misc":{"Tahmini okuma s\u00fcresi":"2 dakika"},"schema":{"@context":"https:\/\/schema.org","@graph":[{"@type":"WebPage","@id":"https:\/\/akerkimya.com\/eticaret\/urun\/disiyandiamid\/","url":"https:\/\/akerkimya.com\/eticaret\/urun\/disiyandiamid\/","name":"D\u0130S\u0130YAND\u0130AM\u0130D - Akerkimya","isPartOf":{"@id":"https:\/\/akerkimya.com\/eticaret\/#website"},"datePublished":"2025-01-01T18:20:15+00:00","dateModified":"2026-03-29T23:23:55+00:00","breadcrumb":{"@id":"https:\/\/akerkimya.com\/eticaret\/urun\/disiyandiamid\/#breadcrumb"},"inLanguage":"tr","potentialAction":[{"@type":"ReadAction","target":["https:\/\/akerkimya.com\/eticaret\/urun\/disiyandiamid\/"]}]},{"@type":"BreadcrumbList","@id":"https:\/\/akerkimya.com\/eticaret\/urun\/disiyandiamid\/#breadcrumb","itemListElement":[{"@type":"ListItem","position":1,"name":"Home","item":"https:\/\/akerkimya.com\/eticaret\/"},{"@type":"ListItem","position":2,"name":"Market","item":"https:\/\/akerkimya.com\/eticaret\/market\/"},{"@type":"ListItem","position":3,"name":"D\u0130S\u0130YAND\u0130AM\u0130D"}]},{"@type":"WebSite","@id":"https:\/\/akerkimya.com\/eticaret\/#website","url":"https:\/\/akerkimya.com\/eticaret\/","name":"Akerkimya","description":"","potentialAction":[{"@type":"SearchAction","target":{"@type":"EntryPoint","urlTemplate":"https:\/\/akerkimya.com\/eticaret\/?s={search_term_string}"},"query-input":"required name=search_term_string"}],"inLanguage":"tr"}]}},"_links":{"self":[{"href":"https:\/\/akerkimya.com\/eticaret\/wp-json\/wp\/v2\/product\/16828","targetHints":{"allow":["GET"]}}],"collection":[{"href":"https:\/\/akerkimya.com\/eticaret\/wp-json\/wp\/v2\/product"}],"about":[{"href":"https:\/\/akerkimya.com\/eticaret\/wp-json\/wp\/v2\/types\/product"}],"replies":[{"embeddable":true,"href":"https:\/\/akerkimya.com\/eticaret\/wp-json\/wp\/v2\/comments?post=16828"}],"version-history":[{"count":1,"href":"https:\/\/akerkimya.com\/eticaret\/wp-json\/wp\/v2\/product\/16828\/revisions"}],"predecessor-version":[{"id":16833,"href":"https:\/\/akerkimya.com\/eticaret\/wp-json\/wp\/v2\/product\/16828\/revisions\/16833"}],"wp:featuredmedia":[{"embeddable":true,"href":"https:\/\/akerkimya.com\/eticaret\/wp-json\/wp\/v2\/media\/16829"}],"wp:attachment":[{"href":"https:\/\/akerkimya.com\/eticaret\/wp-json\/wp\/v2\/media?parent=16828"}],"wp:term":[{"taxonomy":"product_cat","embeddable":true,"href":"https:\/\/akerkimya.com\/eticaret\/wp-json\/wp\/v2\/product_cat?post=16828"},{"taxonomy":"product_tag","embeddable":true,"href":"https:\/\/akerkimya.com\/eticaret\/wp-json\/wp\/v2\/product_tag?post=16828"}],"curies":[{"name":"wp","href":"https:\/\/api.w.org\/{rel}","templated":true}]}}